{"id":51337,"date":"2023-04-13T14:23:10","date_gmt":"2023-04-13T11:23:10","guid":{"rendered":"https:\/\/toidupakk.ee\/toode\/kompas-swiecacy-w-ciemnosci-v2\/"},"modified":"2026-04-16T11:31:27","modified_gmt":"2026-04-16T08:31:27","slug":"kompas-swiecacy-w-ciemnosci-v2","status":"publish","type":"product","link":"https:\/\/toidupakk.ee\/pl\/toode\/kompas-swiecacy-w-ciemnosci-v2\/","title":{"rendered":"Kompas \u015bwiec\u0105cy w ciemno\u015bci V2"},"content":{"rendered":"<p><img fetchpriority=\"high\" decoding=\"async\" class=\"size-medium wp-image-7472 alignright\" src=\"https:\/\/toidupakk.ee\/wp-content\/uploads\/2023\/04\/kompass-pimedas-helendav-3-300x300.png\" alt=\"\" width=\"300\" height=\"300\" srcset=\"https:\/\/toidupakk.ee\/wp-content\/uploads\/2023\/04\/kompass-pimedas-helendav-3-300x300.png 300w, https:\/\/toidupakk.ee\/wp-content\/uploads\/2023\/04\/kompass-pimedas-helendav-3-400x400.png 400w, https:\/\/toidupakk.ee\/wp-content\/uploads\/2023\/04\/kompass-pimedas-helendav-3-100x100.png 100w, https:\/\/toidupakk.ee\/wp-content\/uploads\/2023\/04\/kompass-pimedas-helendav-3-800x800.png 800w, https:\/\/toidupakk.ee\/wp-content\/uploads\/2023\/04\/kompass-pimedas-helendav-3-1024x1024.png 1024w, https:\/\/toidupakk.ee\/wp-content\/uploads\/2023\/04\/kompass-pimedas-helendav-3-500x500.png 500w, https:\/\/toidupakk.ee\/wp-content\/uploads\/2023\/04\/kompass-pimedas-helendav-3-768x768.png 768w, https:\/\/toidupakk.ee\/wp-content\/uploads\/2023\/04\/kompass-pimedas-helendav-3.png 1080w\" sizes=\"(max-width: 300px) 100vw, 300px\" \/><\/p>\n<p>Kompas \u015bwiec\u0105cy w ciemno\u015bci to \u015bwietne urz\u0105dzenie, kt\u00f3re pomo\u017ce ci odnale\u017a\u0107 drog\u0119 o zmierzchu lub w nocy. Jest idealny na w\u0119dr\u00f3wki, kemping, ryby czy inne aktywno\u015bci na zewn\u0105trz, gdzie musisz trzyma\u0107 w\u0142a\u015bciwy kierunek. <\/p>\n<p>Kompas wykonano z wytrzyma\u0142ego tworzywa, a jego wyra\u017ane i precyzyjne oznaczenia pozwalaj\u0105 \u0142atwo \u015bledzi\u0107 kurs. Funkcja \u015bwiecenia zapewnia dobr\u0105 widoczno\u015b\u0107 w nocy, u\u0142atwiaj\u0105c wyznaczanie kierunku. <\/p>\n<p>Kompas jest lekki i kompaktowy, wi\u0119c bez problemu zmie\u015bcisz go w plecaku, kieszeni lub przypniesz do paska. Jest trwa\u0142y i wodoodporny, dzi\u0119ki czemu idealnie sprawdza si\u0119 w terenie. <\/p>\n<p>Podsumowuj\u0105c, \u015bwiec\u0105cy w ciemno\u015bci kompas to praktyczne i niezawodne urz\u0105dzenie, kt\u00f3re pozwoli ci okre\u015bli\u0107 kierunek nawet w s\u0142abym \u015bwietle lub ca\u0142kowitej ciemno\u015bci.<\/p>\n<p>Zobacz wi\u0119cej akcesori\u00f3w turystycznych <a href=\"https:\/\/toidupakk.ee\/pl\/tootekategooria\/sprzet-turystyczny\/#section-3-79\">TUTAJ<\/a><\/p>\n<p>Znajd\u017a inspiracj\u0119 na kolejne przygody na <a href=\"https:\/\/www.instagram.com\/toidupakk\/\">Instagramie<\/a> i <a href=\"https:\/\/www.facebook.com\/Toidupakk\/\">Facebooku<\/a> Toidupakk.<\/p>\n","protected":false},"excerpt":{"rendered":"<ul>\n<li>Przezroczysty kompas do orientacji w terenie<\/li>\n<li>Skala 1:15 000 i 1:25 000<\/li>\n<li>\u015awieci w ciemno\u015bci\/o zmierzchu<\/li>\n<li>Idealne narz\u0119dzie do wyznaczania kierunk\u00f3w, azymut\u00f3w i odleg\u0142o\u015bci na mapie<\/li>\n<li>W zestawie sznurek do zawieszenia na szyi<\/li>\n<li>Obrotowa cz\u0119\u015b\u0107 kompasu 360 stopni<\/li>\n<li>Z mocnego, przezroczystego tworzywa<\/li>\n<\/ul>\n<p>\u2705 Dost\u0119pne w magazynie, szybka dostawa w 1\u20133 dni robocze<\/p>\n","protected":false},"featured_media":7471,"comment_status":"open","ping_status":"closed","template":"","meta":{"_acf_changed":false},"product_brand":[],"product_cat":[303,365,301],"product_tag":[],"class_list":{"0":"post-51337","1":"product","2":"type-product","3":"status-publish","4":"has-post-thumbnail","6":"product_cat-akcesoria-turystyczne","7":"product_cat-kompasy","8":"product_cat-sprzet-turystyczny","10":"first","11":"instock","12":"taxable","13":"shipping-taxable","14":"purchasable","15":"product-type-simple"},"bundled_by":[],"bundle_stock_status":"instock","bundle_stock_quantity":4,"bundle_virtual":false,"bundle_layout":"","bundle_add_to_cart_form_location":"","bundle_editable_in_cart":false,"bundle_sold_individually_context":"","bundle_item_grouping":"","bundle_min_size":"","bundle_max_size":"","bundle_price":[],"bundled_items":[],"bundle_sell_ids":[],"acf":[],"yoast_head":"<!-- This site is optimized with the Yoast SEO plugin v27.3 - https:\/\/yoast.com\/product\/yoast-seo-wordpress\/ -->\n<title>Kompas \u015bwiec\u0105cy w ciemno\u015bci V2 - Toidupakk.ee - Tactical Foodpack toidupakid<\/title>\n<meta name=\"description\" content=\"Kompas \u015bwiec\u0105cy w ciemno\u015bci to doskona\u0142e narz\u0119dzie do orientacji w terenie. Idealne narz\u0119dzie do wyznaczania kierunk\u00f3w, azymut\u00f3w i odleg\u0142o\u015bci na mapie\" \/>\n<meta name=\"robots\" content=\"index, follow, max-snippet:-1, max-image-preview:large, max-video-preview:-1\" \/>\n<link rel=\"canonical\" href=\"https:\/\/toidupakk.ee\/pl\/toode\/kompas-swiecacy-w-ciemnosci-v2\/\" \/>\n<meta property=\"og:locale\" content=\"pl_PL\" \/>\n<meta property=\"og:type\" content=\"article\" \/>\n<meta property=\"og:title\" content=\"Kompas \u015bwiec\u0105cy w ciemno\u015bci V2 - Toidupakk.ee - Tactical Foodpack toidupakid\" \/>\n<meta property=\"og:description\" content=\"Kompas \u015bwiec\u0105cy w ciemno\u015bci to doskona\u0142e narz\u0119dzie do orientacji w terenie. Idealne narz\u0119dzie do wyznaczania kierunk\u00f3w, azymut\u00f3w i odleg\u0142o\u015bci na mapie\" \/>\n<meta property=\"og:url\" content=\"https:\/\/toidupakk.ee\/pl\/toode\/kompas-swiecacy-w-ciemnosci-v2\/\" \/>\n<meta property=\"og:site_name\" content=\"Toidupakk.ee - Tactical Foodpack toidupakid\" \/>\n<meta property=\"article:publisher\" content=\"https:\/\/www.facebook.com\/Toidupakk\" \/>\n<meta property=\"article:modified_time\" content=\"2026-04-16T08:31:27+00:00\" \/>\n<meta property=\"og:image\" content=\"https:\/\/toidupakk.ee\/wp-content\/uploads\/2023\/04\/kompass-pimedas-helendav-2.png\" \/>\n\t<meta property=\"og:image:width\" content=\"1080\" \/>\n\t<meta property=\"og:image:height\" content=\"1080\" \/>\n\t<meta property=\"og:image:type\" content=\"image\/png\" \/>\n<meta name=\"twitter:card\" content=\"summary_large_image\" \/>\n<meta name=\"twitter:label1\" content=\"Szacowany czas czytania\" \/>\n\t<meta name=\"twitter:data1\" content=\"1 minuta\" \/>\n<script type=\"application\/ld+json\" class=\"yoast-schema-graph\">{\"@context\":\"https:\\\/\\\/schema.org\",\"@graph\":[{\"@type\":\"WebPage\",\"@id\":\"https:\\\/\\\/toidupakk.ee\\\/pl\\\/toode\\\/kompas-swiecacy-w-ciemnosci-v2\\\/\",\"url\":\"https:\\\/\\\/toidupakk.ee\\\/pl\\\/toode\\\/kompas-swiecacy-w-ciemnosci-v2\\\/\",\"name\":\"Kompas \u015bwiec\u0105cy w ciemno\u015bci V2 - Toidupakk.ee - Tactical Foodpack toidupakid\",\"isPartOf\":{\"@id\":\"https:\\\/\\\/toidupakk.ee\\\/pl\\\/#website\"},\"primaryImageOfPage\":{\"@id\":\"https:\\\/\\\/toidupakk.ee\\\/pl\\\/toode\\\/kompas-swiecacy-w-ciemnosci-v2\\\/#primaryimage\"},\"image\":{\"@id\":\"https:\\\/\\\/toidupakk.ee\\\/pl\\\/toode\\\/kompas-swiecacy-w-ciemnosci-v2\\\/#primaryimage\"},\"thumbnailUrl\":\"https:\\\/\\\/toidupakk.ee\\\/wp-content\\\/uploads\\\/2023\\\/04\\\/kompass-pimedas-helendav-2.png\",\"datePublished\":\"2023-04-13T11:23:10+00:00\",\"dateModified\":\"2026-04-16T08:31:27+00:00\",\"description\":\"Kompas \u015bwiec\u0105cy w ciemno\u015bci to doskona\u0142e narz\u0119dzie do orientacji w terenie. Idealne narz\u0119dzie do wyznaczania kierunk\u00f3w, azymut\u00f3w i odleg\u0142o\u015bci na mapie\",\"breadcrumb\":{\"@id\":\"https:\\\/\\\/toidupakk.ee\\\/pl\\\/toode\\\/kompas-swiecacy-w-ciemnosci-v2\\\/#breadcrumb\"},\"inLanguage\":\"pl-PL\",\"potentialAction\":[{\"@type\":\"ReadAction\",\"target\":[\"https:\\\/\\\/toidupakk.ee\\\/pl\\\/toode\\\/kompas-swiecacy-w-ciemnosci-v2\\\/\"]}]},{\"@type\":\"ImageObject\",\"inLanguage\":\"pl-PL\",\"@id\":\"https:\\\/\\\/toidupakk.ee\\\/pl\\\/toode\\\/kompas-swiecacy-w-ciemnosci-v2\\\/#primaryimage\",\"url\":\"https:\\\/\\\/toidupakk.ee\\\/wp-content\\\/uploads\\\/2023\\\/04\\\/kompass-pimedas-helendav-2.png\",\"contentUrl\":\"https:\\\/\\\/toidupakk.ee\\\/wp-content\\\/uploads\\\/2023\\\/04\\\/kompass-pimedas-helendav-2.png\",\"width\":1080,\"height\":1080},{\"@type\":\"BreadcrumbList\",\"@id\":\"https:\\\/\\\/toidupakk.ee\\\/pl\\\/toode\\\/kompas-swiecacy-w-ciemnosci-v2\\\/#breadcrumb\",\"itemListElement\":[{\"@type\":\"ListItem\",\"position\":1,\"name\":\"Avaleht\",\"item\":\"https:\\\/\\\/toidupakk.ee\\\/pl\\\/\"},{\"@type\":\"ListItem\",\"position\":2,\"name\":\"Sklep internetowy\",\"item\":\"https:\\\/\\\/toidupakk.ee\\\/pl\\\/sklep-internetowy\\\/\"},{\"@type\":\"ListItem\",\"position\":3,\"name\":\"Kompas \u015bwiec\u0105cy w ciemno\u015bci V2\"}]},{\"@type\":\"WebSite\",\"@id\":\"https:\\\/\\\/toidupakk.ee\\\/pl\\\/#website\",\"url\":\"https:\\\/\\\/toidupakk.ee\\\/pl\\\/\",\"name\":\"Toidupakk.ee - Tactical Foodpack toidupakid\",\"description\":\"Tactical Foodpack k\u00fclmkuivatatud toidupakid ja matkaeined\",\"publisher\":{\"@id\":\"https:\\\/\\\/toidupakk.ee\\\/pl\\\/#organization\"},\"potentialAction\":[{\"@type\":\"SearchAction\",\"target\":{\"@type\":\"EntryPoint\",\"urlTemplate\":\"https:\\\/\\\/toidupakk.ee\\\/pl\\\/?s={search_term_string}\"},\"query-input\":{\"@type\":\"PropertyValueSpecification\",\"valueRequired\":true,\"valueName\":\"search_term_string\"}}],\"inLanguage\":\"pl-PL\"},{\"@type\":\"Organization\",\"@id\":\"https:\\\/\\\/toidupakk.ee\\\/pl\\\/#organization\",\"name\":\"Tactical Foodpack matkaeined\",\"url\":\"https:\\\/\\\/toidupakk.ee\\\/pl\\\/\",\"logo\":{\"@type\":\"ImageObject\",\"inLanguage\":\"pl-PL\",\"@id\":\"https:\\\/\\\/toidupakk.ee\\\/pl\\\/#\\\/schema\\\/logo\\\/image\\\/\",\"url\":\"https:\\\/\\\/toidupakk.ee\\\/wp-content\\\/uploads\\\/2022\\\/01\\\/Toidupakk-matkapood-logo-transparent.png\",\"contentUrl\":\"https:\\\/\\\/toidupakk.ee\\\/wp-content\\\/uploads\\\/2022\\\/01\\\/Toidupakk-matkapood-logo-transparent.png\",\"width\":500,\"height\":500,\"caption\":\"Tactical Foodpack matkaeined\"},\"image\":{\"@id\":\"https:\\\/\\\/toidupakk.ee\\\/pl\\\/#\\\/schema\\\/logo\\\/image\\\/\"},\"sameAs\":[\"https:\\\/\\\/www.facebook.com\\\/Toidupakk\",\"https:\\\/\\\/www.instagram.com\\\/toidupakk\\\/\"]}]}<\/script>\n<!-- \/ Yoast SEO plugin. -->","yoast_head_json":{"title":"Kompas \u015bwiec\u0105cy w ciemno\u015bci V2 - Toidupakk.ee - Tactical Foodpack toidupakid","description":"Kompas \u015bwiec\u0105cy w ciemno\u015bci to doskona\u0142e narz\u0119dzie do orientacji w terenie. Idealne narz\u0119dzie do wyznaczania kierunk\u00f3w, azymut\u00f3w i odleg\u0142o\u015bci na mapie","robots":{"index":"index","follow":"follow","max-snippet":"max-snippet:-1","max-image-preview":"max-image-preview:large","max-video-preview":"max-video-preview:-1"},"canonical":"https:\/\/toidupakk.ee\/pl\/toode\/kompas-swiecacy-w-ciemnosci-v2\/","og_locale":"pl_PL","og_type":"article","og_title":"Kompas \u015bwiec\u0105cy w ciemno\u015bci V2 - Toidupakk.ee - Tactical Foodpack toidupakid","og_description":"Kompas \u015bwiec\u0105cy w ciemno\u015bci to doskona\u0142e narz\u0119dzie do orientacji w terenie. Idealne narz\u0119dzie do wyznaczania kierunk\u00f3w, azymut\u00f3w i odleg\u0142o\u015bci na mapie","og_url":"https:\/\/toidupakk.ee\/pl\/toode\/kompas-swiecacy-w-ciemnosci-v2\/","og_site_name":"Toidupakk.ee - Tactical Foodpack toidupakid","article_publisher":"https:\/\/www.facebook.com\/Toidupakk","article_modified_time":"2026-04-16T08:31:27+00:00","og_image":[{"width":1080,"height":1080,"url":"https:\/\/toidupakk.ee\/wp-content\/uploads\/2023\/04\/kompass-pimedas-helendav-2.png","type":"image\/png"}],"twitter_card":"summary_large_image","twitter_misc":{"Szacowany czas czytania":"1 minuta"},"schema":{"@context":"https:\/\/schema.org","@graph":[{"@type":"WebPage","@id":"https:\/\/toidupakk.ee\/pl\/toode\/kompas-swiecacy-w-ciemnosci-v2\/","url":"https:\/\/toidupakk.ee\/pl\/toode\/kompas-swiecacy-w-ciemnosci-v2\/","name":"Kompas \u015bwiec\u0105cy w ciemno\u015bci V2 - Toidupakk.ee - Tactical Foodpack toidupakid","isPartOf":{"@id":"https:\/\/toidupakk.ee\/pl\/#website"},"primaryImageOfPage":{"@id":"https:\/\/toidupakk.ee\/pl\/toode\/kompas-swiecacy-w-ciemnosci-v2\/#primaryimage"},"image":{"@id":"https:\/\/toidupakk.ee\/pl\/toode\/kompas-swiecacy-w-ciemnosci-v2\/#primaryimage"},"thumbnailUrl":"https:\/\/toidupakk.ee\/wp-content\/uploads\/2023\/04\/kompass-pimedas-helendav-2.png","datePublished":"2023-04-13T11:23:10+00:00","dateModified":"2026-04-16T08:31:27+00:00","description":"Kompas \u015bwiec\u0105cy w ciemno\u015bci to doskona\u0142e narz\u0119dzie do orientacji w terenie. Idealne narz\u0119dzie do wyznaczania kierunk\u00f3w, azymut\u00f3w i odleg\u0142o\u015bci na mapie","breadcrumb":{"@id":"https:\/\/toidupakk.ee\/pl\/toode\/kompas-swiecacy-w-ciemnosci-v2\/#breadcrumb"},"inLanguage":"pl-PL","potentialAction":[{"@type":"ReadAction","target":["https:\/\/toidupakk.ee\/pl\/toode\/kompas-swiecacy-w-ciemnosci-v2\/"]}]},{"@type":"ImageObject","inLanguage":"pl-PL","@id":"https:\/\/toidupakk.ee\/pl\/toode\/kompas-swiecacy-w-ciemnosci-v2\/#primaryimage","url":"https:\/\/toidupakk.ee\/wp-content\/uploads\/2023\/04\/kompass-pimedas-helendav-2.png","contentUrl":"https:\/\/toidupakk.ee\/wp-content\/uploads\/2023\/04\/kompass-pimedas-helendav-2.png","width":1080,"height":1080},{"@type":"BreadcrumbList","@id":"https:\/\/toidupakk.ee\/pl\/toode\/kompas-swiecacy-w-ciemnosci-v2\/#breadcrumb","itemListElement":[{"@type":"ListItem","position":1,"name":"Avaleht","item":"https:\/\/toidupakk.ee\/pl\/"},{"@type":"ListItem","position":2,"name":"Sklep internetowy","item":"https:\/\/toidupakk.ee\/pl\/sklep-internetowy\/"},{"@type":"ListItem","position":3,"name":"Kompas \u015bwiec\u0105cy w ciemno\u015bci V2"}]},{"@type":"WebSite","@id":"https:\/\/toidupakk.ee\/pl\/#website","url":"https:\/\/toidupakk.ee\/pl\/","name":"Toidupakk.ee - Tactical Foodpack toidupakid","description":"Tactical Foodpack k\u00fclmkuivatatud toidupakid ja matkaeined","publisher":{"@id":"https:\/\/toidupakk.ee\/pl\/#organization"},"potentialAction":[{"@type":"SearchAction","target":{"@type":"EntryPoint","urlTemplate":"https:\/\/toidupakk.ee\/pl\/?s={search_term_string}"},"query-input":{"@type":"PropertyValueSpecification","valueRequired":true,"valueName":"search_term_string"}}],"inLanguage":"pl-PL"},{"@type":"Organization","@id":"https:\/\/toidupakk.ee\/pl\/#organization","name":"Tactical Foodpack matkaeined","url":"https:\/\/toidupakk.ee\/pl\/","logo":{"@type":"ImageObject","inLanguage":"pl-PL","@id":"https:\/\/toidupakk.ee\/pl\/#\/schema\/logo\/image\/","url":"https:\/\/toidupakk.ee\/wp-content\/uploads\/2022\/01\/Toidupakk-matkapood-logo-transparent.png","contentUrl":"https:\/\/toidupakk.ee\/wp-content\/uploads\/2022\/01\/Toidupakk-matkapood-logo-transparent.png","width":500,"height":500,"caption":"Tactical Foodpack matkaeined"},"image":{"@id":"https:\/\/toidupakk.ee\/pl\/#\/schema\/logo\/image\/"},"sameAs":["https:\/\/www.facebook.com\/Toidupakk","https:\/\/www.instagram.com\/toidupakk\/"]}]}},"jetpack_sharing_enabled":true,"_links":{"self":[{"href":"https:\/\/toidupakk.ee\/pl\/wp-json\/wp\/v2\/product\/51337","targetHints":{"allow":["GET"]}}],"collection":[{"href":"https:\/\/toidupakk.ee\/pl\/wp-json\/wp\/v2\/product"}],"about":[{"href":"https:\/\/toidupakk.ee\/pl\/wp-json\/wp\/v2\/types\/product"}],"replies":[{"embeddable":true,"href":"https:\/\/toidupakk.ee\/pl\/wp-json\/wp\/v2\/comments?post=51337"}],"wp:featuredmedia":[{"embeddable":true,"href":"https:\/\/toidupakk.ee\/pl\/wp-json\/wp\/v2\/media\/7471"}],"wp:attachment":[{"href":"https:\/\/toidupakk.ee\/pl\/wp-json\/wp\/v2\/media?parent=51337"}],"wp:term":[{"taxonomy":"product_brand","embeddable":true,"href":"https:\/\/toidupakk.ee\/pl\/wp-json\/wp\/v2\/product_brand?post=51337"},{"taxonomy":"product_cat","embeddable":true,"href":"https:\/\/toidupakk.ee\/pl\/wp-json\/wp\/v2\/product_cat?post=51337"},{"taxonomy":"product_tag","embeddable":true,"href":"https:\/\/toidupakk.ee\/pl\/wp-json\/wp\/v2\/product_tag?post=51337"}],"curies":[{"name":"wp","href":"https:\/\/api.w.org\/{rel}","templated":true}]}}