{"id":51331,"date":"2023-06-15T11:49:17","date_gmt":"2023-06-15T08:49:17","guid":{"rendered":"https:\/\/toidupakk.ee\/toode\/chusteczki-w-tabletkach-10-szt\/"},"modified":"2026-04-29T18:01:24","modified_gmt":"2026-04-29T15:01:24","slug":"chusteczki-w-tabletkach-10-szt","status":"publish","type":"product","link":"https:\/\/toidupakk.ee\/pl\/toode\/chusteczki-w-tabletkach-10-szt\/","title":{"rendered":"Chusteczki w tabletkach (10 szt.)"},"content":{"rendered":"<p>Chusteczki w tabletkach Go Wipes to wykonane z wysokiej jako\u015bci papieru chusteczki skompresowane do kszta\u0142tu przypominaj\u0105cego monet\u0119. Nie ulegaj\u0105 zanieczyszczeniu bakteriami ani drobnoustrojami, a ich u\u017cycie jest szybkie i proste. Aby skorzysta\u0107 z tabletki, wystarczy pola\u0107 such\u0105 monet\u0119 wod\u0105 \u2013 zacznie ona p\u0119cznie\u0107, a\u017c zmieni si\u0119 w gotow\u0105 do u\u017cycia mokr\u0105 chusteczk\u0119. W zale\u017cno\u015bci od temperatury wody, mo\u017cesz uzyska\u0107 gor\u0105c\u0105 lub zimn\u0105 chusteczk\u0119.   <\/p>\n<p>Chusteczki w tabletkach to niezb\u0119dny produkt do survivalu, zar\u00f3wno podczas w\u0119dr\u00f3wek, jak i jako element wyposa\u017cenia ratunkowego. Te por\u0119czne, antybakteryjne chusteczki s\u0105 wykonane z wysokiej jako\u015bci materia\u0142u i stanowi\u0105 \u015bwietny dodatek do apteczki. <\/p>\n<p>Chusteczki GoWipes s\u0105 wykonane w 100% z naturalnej celulozy, dzi\u0119ki czemu s\u0105 bezpieczne dla ka\u017cdego rodzaju sk\u00f3ry. Ponadto s\u0105 biodegradowalne i przyjazne dla \u015brodowiska, co oznacza, \u017ce szybko rozk\u0142adaj\u0105 si\u0119 w naturze i nie pozostawiaj\u0105 po sobie \u015blad\u00f3w. <\/p>\n<p><img fetchpriority=\"high\" decoding=\"async\" class=\"alignnone size-medium wp-image-9854\" src=\"https:\/\/toidupakk.ee\/wp-content\/uploads\/2023\/06\/Salvratiku-tabletid38-300x300.jpg\" alt=\"Nawil\u017cane chusteczki w tabletkach\" width=\"300\" height=\"300\" srcset=\"https:\/\/toidupakk.ee\/wp-content\/uploads\/2023\/06\/Salvratiku-tabletid38-300x300.jpg 300w, https:\/\/toidupakk.ee\/wp-content\/uploads\/2023\/06\/Salvratiku-tabletid38-400x400.jpg 400w, https:\/\/toidupakk.ee\/wp-content\/uploads\/2023\/06\/Salvratiku-tabletid38-100x100.jpg 100w, https:\/\/toidupakk.ee\/wp-content\/uploads\/2023\/06\/Salvratiku-tabletid38-800x800.jpg 800w, https:\/\/toidupakk.ee\/wp-content\/uploads\/2023\/06\/Salvratiku-tabletid38-1024x1024.jpg 1024w, https:\/\/toidupakk.ee\/wp-content\/uploads\/2023\/06\/Salvratiku-tabletid38-500x500.jpg 500w, https:\/\/toidupakk.ee\/wp-content\/uploads\/2023\/06\/Salvratiku-tabletid38-768x768.jpg 768w, https:\/\/toidupakk.ee\/wp-content\/uploads\/2023\/06\/Salvratiku-tabletid38.jpg 1080w\" sizes=\"(max-width: 300px) 100vw, 300px\" \/><\/p>\n<p>BCB Adventure to znany producent wysokiej jako\u015bci sprz\u0119tu survivalowego, turystycznego i outdoorowego. Ich produkty s\u0105 niezawodne, a firma dostarcza wyposa\u017cenie r\u00f3wnie\u017c dla wojska. Chusteczki GoWipes to tylko cz\u0119\u015b\u0107 ich szerokiej oferty, kt\u00f3ra obejmuje m.in. krzesiwa, akcesoria do gotowania, gotowe zestawy przetrwania i artyku\u0142y medyczne.  <\/p>\n<p>Sprawd\u017a inne akcesoria turystyczne <a href=\"https:\/\/toidupakk.ee\/pl\/tootekategooria\/sprzet-turystyczny\/#section-3-79\">TUTAJ<\/a><\/p>\n<p>Interesuj\u0105 Ci\u0119 posi\u0142ki turystyczne? Zobacz <a href=\"\/?product_cat=snakk#section-3-79\">TUTAJ<\/a><\/p>\n<p>Znajd\u017a inspiracj\u0119 na kolejne przygody na <a href=\"https:\/\/www.instagram.com\/toidupakk\/\">Instagramie<\/a> i <a href=\"https:\/\/www.facebook.com\/Toidupakk\/\">Facebooku<\/a> Toidupakk.<\/p>\n","protected":false},"excerpt":{"rendered":"<p>Skompresowane chusteczki w formie tabletek. Ultrakompaktowe, zajmuj\u0105 minimaln\u0105 ilo\u015b\u0107 miejsca w torbie. Aby u\u017cy\u0107, wylej kropl\u0119 wody na tabletk\u0119 \u2013 zacznie ona p\u0119cznie\u0107, a\u017c stanie si\u0119 gotow\u0105 do u\u017cycia mokr\u0105 chusteczk\u0105.  <\/p>\n<ul>\n<li>Do oczyszczania r\u0105k, twarzy, cia\u0142a lub np. do mycia naczy\u0144 turystycznych po posi\u0142ku<\/li>\n<li>Wykonane w 100% z naturalnej celulozy<\/li>\n<li>Bezpieczne dla wszystkich rodzaj\u00f3w sk\u00f3ry<\/li>\n<li>\u0141atwe do przenoszenia w plecaku, poniewa\u017c zajmuj\u0105 minimaln\u0105 ilo\u015b\u0107 miejsca<\/li>\n<li>Biodegradowalne i przyjazne dla \u015brodowiska<\/li>\n<\/ul>\n<p>\u2705 Dost\u0119pne w magazynie, szybka dostawa w 1\u20133 dni robocze<\/p>\n","protected":false},"featured_media":51332,"comment_status":"open","ping_status":"closed","template":"","meta":{"_acf_changed":false},"product_brand":[],"product_cat":[303,307,301],"product_tag":[305],"class_list":{"0":"post-51331","1":"product","2":"type-product","3":"status-publish","4":"has-post-thumbnail","6":"product_cat-akcesoria-turystyczne","7":"product_cat-przygotowywanie-posilkow","8":"product_cat-sprzet-turystyczny","9":"product_tag-no_ads","11":"first","12":"instock","13":"taxable","14":"shipping-taxable","15":"purchasable","16":"product-type-simple"},"bundled_by":[],"bundle_stock_status":"instock","bundle_stock_quantity":19,"bundle_virtual":false,"bundle_layout":"","bundle_add_to_cart_form_location":"","bundle_editable_in_cart":false,"bundle_sold_individually_context":"","bundle_item_grouping":"","bundle_min_size":"","bundle_max_size":"","bundle_price":[],"bundled_items":[],"bundle_sell_ids":[],"acf":[],"yoast_head":"<!-- This site is optimized with the Yoast SEO plugin v27.3 - https:\/\/yoast.com\/product\/yoast-seo-wordpress\/ -->\n<title>Chusteczki w tabletkach (10 szt.)<\/title>\n<meta name=\"description\" content=\"Chusteczki w tabletkach to skompresowane chusteczki w formie tabletek. S\u0105 ultrakompaktowe i zajmuj\u0105 ma\u0142o miejsca w torbie. Aby ich u\u017cy\u0107, wylej kropl\u0119 wody bezpo\u015brednio na tabletk\u0119.\" \/>\n<meta name=\"robots\" content=\"index, follow, max-snippet:-1, max-image-preview:large, max-video-preview:-1\" \/>\n<link rel=\"canonical\" href=\"https:\/\/toidupakk.ee\/pl\/toode\/chusteczki-w-tabletkach-10-szt\/\" \/>\n<meta property=\"og:locale\" content=\"pl_PL\" \/>\n<meta property=\"og:type\" content=\"article\" \/>\n<meta property=\"og:title\" content=\"Chusteczki w tabletkach (10 szt.)\" \/>\n<meta property=\"og:description\" content=\"Chusteczki w tabletkach to skompresowane chusteczki w formie tabletek. S\u0105 ultrakompaktowe i zajmuj\u0105 ma\u0142o miejsca w torbie. Aby ich u\u017cy\u0107, wylej kropl\u0119 wody bezpo\u015brednio na tabletk\u0119.\" \/>\n<meta property=\"og:url\" content=\"https:\/\/toidupakk.ee\/pl\/toode\/chusteczki-w-tabletkach-10-szt\/\" \/>\n<meta property=\"og:site_name\" content=\"Toidupakk.ee - Tactical Foodpack toidupakid\" \/>\n<meta property=\"article:publisher\" content=\"https:\/\/www.facebook.com\/Toidupakk\" \/>\n<meta property=\"article:modified_time\" content=\"2026-04-29T15:01:24+00:00\" \/>\n<meta property=\"og:image\" content=\"https:\/\/toidupakk.ee\/wp-content\/uploads\/2023\/06\/Salvratiku-tabletid35.png\" \/>\n\t<meta property=\"og:image:width\" content=\"1080\" \/>\n\t<meta property=\"og:image:height\" content=\"1080\" \/>\n\t<meta property=\"og:image:type\" content=\"image\/png\" \/>\n<meta name=\"twitter:card\" content=\"summary_large_image\" \/>\n<meta name=\"twitter:label1\" content=\"Szacowany czas czytania\" \/>\n\t<meta name=\"twitter:data1\" content=\"1 minuta\" \/>\n<script type=\"application\/ld+json\" class=\"yoast-schema-graph\">{\"@context\":\"https:\\\/\\\/schema.org\",\"@graph\":[{\"@type\":\"WebPage\",\"@id\":\"https:\\\/\\\/toidupakk.ee\\\/pl\\\/toode\\\/chusteczki-w-tabletkach-10-szt\\\/\",\"url\":\"https:\\\/\\\/toidupakk.ee\\\/pl\\\/toode\\\/chusteczki-w-tabletkach-10-szt\\\/\",\"name\":\"Chusteczki w tabletkach (10 szt.)\",\"isPartOf\":{\"@id\":\"https:\\\/\\\/toidupakk.ee\\\/pl\\\/#website\"},\"primaryImageOfPage\":{\"@id\":\"https:\\\/\\\/toidupakk.ee\\\/pl\\\/toode\\\/chusteczki-w-tabletkach-10-szt\\\/#primaryimage\"},\"image\":{\"@id\":\"https:\\\/\\\/toidupakk.ee\\\/pl\\\/toode\\\/chusteczki-w-tabletkach-10-szt\\\/#primaryimage\"},\"thumbnailUrl\":\"https:\\\/\\\/toidupakk.ee\\\/wp-content\\\/uploads\\\/2023\\\/06\\\/Salvratiku-tabletid35.png\",\"datePublished\":\"2023-06-15T08:49:17+00:00\",\"dateModified\":\"2026-04-29T15:01:24+00:00\",\"description\":\"Chusteczki w tabletkach to skompresowane chusteczki w formie tabletek. S\u0105 ultrakompaktowe i zajmuj\u0105 ma\u0142o miejsca w torbie. Aby ich u\u017cy\u0107, wylej kropl\u0119 wody bezpo\u015brednio na tabletk\u0119.\",\"breadcrumb\":{\"@id\":\"https:\\\/\\\/toidupakk.ee\\\/pl\\\/toode\\\/chusteczki-w-tabletkach-10-szt\\\/#breadcrumb\"},\"inLanguage\":\"pl-PL\",\"potentialAction\":[{\"@type\":\"ReadAction\",\"target\":[\"https:\\\/\\\/toidupakk.ee\\\/pl\\\/toode\\\/chusteczki-w-tabletkach-10-szt\\\/\"]}]},{\"@type\":\"ImageObject\",\"inLanguage\":\"pl-PL\",\"@id\":\"https:\\\/\\\/toidupakk.ee\\\/pl\\\/toode\\\/chusteczki-w-tabletkach-10-szt\\\/#primaryimage\",\"url\":\"https:\\\/\\\/toidupakk.ee\\\/wp-content\\\/uploads\\\/2023\\\/06\\\/Salvratiku-tabletid35.png\",\"contentUrl\":\"https:\\\/\\\/toidupakk.ee\\\/wp-content\\\/uploads\\\/2023\\\/06\\\/Salvratiku-tabletid35.png\",\"width\":1080,\"height\":1080,\"caption\":\"Chusteczki w tabletkach 1\"},{\"@type\":\"BreadcrumbList\",\"@id\":\"https:\\\/\\\/toidupakk.ee\\\/pl\\\/toode\\\/chusteczki-w-tabletkach-10-szt\\\/#breadcrumb\",\"itemListElement\":[{\"@type\":\"ListItem\",\"position\":1,\"name\":\"Avaleht\",\"item\":\"https:\\\/\\\/toidupakk.ee\\\/pl\\\/\"},{\"@type\":\"ListItem\",\"position\":2,\"name\":\"Sklep internetowy\",\"item\":\"https:\\\/\\\/toidupakk.ee\\\/pl\\\/sklep-internetowy\\\/\"},{\"@type\":\"ListItem\",\"position\":3,\"name\":\"Chusteczki w tabletkach (10 szt.)\"}]},{\"@type\":\"WebSite\",\"@id\":\"https:\\\/\\\/toidupakk.ee\\\/pl\\\/#website\",\"url\":\"https:\\\/\\\/toidupakk.ee\\\/pl\\\/\",\"name\":\"Toidupakk.ee - Tactical Foodpack toidupakid\",\"description\":\"Tactical Foodpack k\u00fclmkuivatatud toidupakid ja matkaeined\",\"publisher\":{\"@id\":\"https:\\\/\\\/toidupakk.ee\\\/pl\\\/#organization\"},\"potentialAction\":[{\"@type\":\"SearchAction\",\"target\":{\"@type\":\"EntryPoint\",\"urlTemplate\":\"https:\\\/\\\/toidupakk.ee\\\/pl\\\/?s={search_term_string}\"},\"query-input\":{\"@type\":\"PropertyValueSpecification\",\"valueRequired\":true,\"valueName\":\"search_term_string\"}}],\"inLanguage\":\"pl-PL\"},{\"@type\":\"Organization\",\"@id\":\"https:\\\/\\\/toidupakk.ee\\\/pl\\\/#organization\",\"name\":\"Tactical Foodpack matkaeined\",\"url\":\"https:\\\/\\\/toidupakk.ee\\\/pl\\\/\",\"logo\":{\"@type\":\"ImageObject\",\"inLanguage\":\"pl-PL\",\"@id\":\"https:\\\/\\\/toidupakk.ee\\\/pl\\\/#\\\/schema\\\/logo\\\/image\\\/\",\"url\":\"https:\\\/\\\/toidupakk.ee\\\/wp-content\\\/uploads\\\/2022\\\/01\\\/Toidupakk-matkapood-logo-transparent.png\",\"contentUrl\":\"https:\\\/\\\/toidupakk.ee\\\/wp-content\\\/uploads\\\/2022\\\/01\\\/Toidupakk-matkapood-logo-transparent.png\",\"width\":500,\"height\":500,\"caption\":\"Tactical Foodpack matkaeined\"},\"image\":{\"@id\":\"https:\\\/\\\/toidupakk.ee\\\/pl\\\/#\\\/schema\\\/logo\\\/image\\\/\"},\"sameAs\":[\"https:\\\/\\\/www.facebook.com\\\/Toidupakk\",\"https:\\\/\\\/www.instagram.com\\\/toidupakk\\\/\"]}]}<\/script>\n<!-- \/ Yoast SEO plugin. -->","yoast_head_json":{"title":"Chusteczki w tabletkach (10 szt.)","description":"Chusteczki w tabletkach to skompresowane chusteczki w formie tabletek. S\u0105 ultrakompaktowe i zajmuj\u0105 ma\u0142o miejsca w torbie. Aby ich u\u017cy\u0107, wylej kropl\u0119 wody bezpo\u015brednio na tabletk\u0119.","robots":{"index":"index","follow":"follow","max-snippet":"max-snippet:-1","max-image-preview":"max-image-preview:large","max-video-preview":"max-video-preview:-1"},"canonical":"https:\/\/toidupakk.ee\/pl\/toode\/chusteczki-w-tabletkach-10-szt\/","og_locale":"pl_PL","og_type":"article","og_title":"Chusteczki w tabletkach (10 szt.)","og_description":"Chusteczki w tabletkach to skompresowane chusteczki w formie tabletek. S\u0105 ultrakompaktowe i zajmuj\u0105 ma\u0142o miejsca w torbie. Aby ich u\u017cy\u0107, wylej kropl\u0119 wody bezpo\u015brednio na tabletk\u0119.","og_url":"https:\/\/toidupakk.ee\/pl\/toode\/chusteczki-w-tabletkach-10-szt\/","og_site_name":"Toidupakk.ee - Tactical Foodpack toidupakid","article_publisher":"https:\/\/www.facebook.com\/Toidupakk","article_modified_time":"2026-04-29T15:01:24+00:00","og_image":[{"width":1080,"height":1080,"url":"https:\/\/toidupakk.ee\/wp-content\/uploads\/2023\/06\/Salvratiku-tabletid35.png","type":"image\/png"}],"twitter_card":"summary_large_image","twitter_misc":{"Szacowany czas czytania":"1 minuta"},"schema":{"@context":"https:\/\/schema.org","@graph":[{"@type":"WebPage","@id":"https:\/\/toidupakk.ee\/pl\/toode\/chusteczki-w-tabletkach-10-szt\/","url":"https:\/\/toidupakk.ee\/pl\/toode\/chusteczki-w-tabletkach-10-szt\/","name":"Chusteczki w tabletkach (10 szt.)","isPartOf":{"@id":"https:\/\/toidupakk.ee\/pl\/#website"},"primaryImageOfPage":{"@id":"https:\/\/toidupakk.ee\/pl\/toode\/chusteczki-w-tabletkach-10-szt\/#primaryimage"},"image":{"@id":"https:\/\/toidupakk.ee\/pl\/toode\/chusteczki-w-tabletkach-10-szt\/#primaryimage"},"thumbnailUrl":"https:\/\/toidupakk.ee\/wp-content\/uploads\/2023\/06\/Salvratiku-tabletid35.png","datePublished":"2023-06-15T08:49:17+00:00","dateModified":"2026-04-29T15:01:24+00:00","description":"Chusteczki w tabletkach to skompresowane chusteczki w formie tabletek. S\u0105 ultrakompaktowe i zajmuj\u0105 ma\u0142o miejsca w torbie. Aby ich u\u017cy\u0107, wylej kropl\u0119 wody bezpo\u015brednio na tabletk\u0119.","breadcrumb":{"@id":"https:\/\/toidupakk.ee\/pl\/toode\/chusteczki-w-tabletkach-10-szt\/#breadcrumb"},"inLanguage":"pl-PL","potentialAction":[{"@type":"ReadAction","target":["https:\/\/toidupakk.ee\/pl\/toode\/chusteczki-w-tabletkach-10-szt\/"]}]},{"@type":"ImageObject","inLanguage":"pl-PL","@id":"https:\/\/toidupakk.ee\/pl\/toode\/chusteczki-w-tabletkach-10-szt\/#primaryimage","url":"https:\/\/toidupakk.ee\/wp-content\/uploads\/2023\/06\/Salvratiku-tabletid35.png","contentUrl":"https:\/\/toidupakk.ee\/wp-content\/uploads\/2023\/06\/Salvratiku-tabletid35.png","width":1080,"height":1080,"caption":"Chusteczki w tabletkach 1"},{"@type":"BreadcrumbList","@id":"https:\/\/toidupakk.ee\/pl\/toode\/chusteczki-w-tabletkach-10-szt\/#breadcrumb","itemListElement":[{"@type":"ListItem","position":1,"name":"Avaleht","item":"https:\/\/toidupakk.ee\/pl\/"},{"@type":"ListItem","position":2,"name":"Sklep internetowy","item":"https:\/\/toidupakk.ee\/pl\/sklep-internetowy\/"},{"@type":"ListItem","position":3,"name":"Chusteczki w tabletkach (10 szt.)"}]},{"@type":"WebSite","@id":"https:\/\/toidupakk.ee\/pl\/#website","url":"https:\/\/toidupakk.ee\/pl\/","name":"Toidupakk.ee - Tactical Foodpack toidupakid","description":"Tactical Foodpack k\u00fclmkuivatatud toidupakid ja matkaeined","publisher":{"@id":"https:\/\/toidupakk.ee\/pl\/#organization"},"potentialAction":[{"@type":"SearchAction","target":{"@type":"EntryPoint","urlTemplate":"https:\/\/toidupakk.ee\/pl\/?s={search_term_string}"},"query-input":{"@type":"PropertyValueSpecification","valueRequired":true,"valueName":"search_term_string"}}],"inLanguage":"pl-PL"},{"@type":"Organization","@id":"https:\/\/toidupakk.ee\/pl\/#organization","name":"Tactical Foodpack matkaeined","url":"https:\/\/toidupakk.ee\/pl\/","logo":{"@type":"ImageObject","inLanguage":"pl-PL","@id":"https:\/\/toidupakk.ee\/pl\/#\/schema\/logo\/image\/","url":"https:\/\/toidupakk.ee\/wp-content\/uploads\/2022\/01\/Toidupakk-matkapood-logo-transparent.png","contentUrl":"https:\/\/toidupakk.ee\/wp-content\/uploads\/2022\/01\/Toidupakk-matkapood-logo-transparent.png","width":500,"height":500,"caption":"Tactical Foodpack matkaeined"},"image":{"@id":"https:\/\/toidupakk.ee\/pl\/#\/schema\/logo\/image\/"},"sameAs":["https:\/\/www.facebook.com\/Toidupakk","https:\/\/www.instagram.com\/toidupakk\/"]}]}},"jetpack_sharing_enabled":true,"_links":{"self":[{"href":"https:\/\/toidupakk.ee\/pl\/wp-json\/wp\/v2\/product\/51331","targetHints":{"allow":["GET"]}}],"collection":[{"href":"https:\/\/toidupakk.ee\/pl\/wp-json\/wp\/v2\/product"}],"about":[{"href":"https:\/\/toidupakk.ee\/pl\/wp-json\/wp\/v2\/types\/product"}],"replies":[{"embeddable":true,"href":"https:\/\/toidupakk.ee\/pl\/wp-json\/wp\/v2\/comments?post=51331"}],"wp:featuredmedia":[{"embeddable":true,"href":"https:\/\/toidupakk.ee\/pl\/wp-json\/wp\/v2\/media\/51332"}],"wp:attachment":[{"href":"https:\/\/toidupakk.ee\/pl\/wp-json\/wp\/v2\/media?parent=51331"}],"wp:term":[{"taxonomy":"product_brand","embeddable":true,"href":"https:\/\/toidupakk.ee\/pl\/wp-json\/wp\/v2\/product_brand?post=51331"},{"taxonomy":"product_cat","embeddable":true,"href":"https:\/\/toidupakk.ee\/pl\/wp-json\/wp\/v2\/product_cat?post=51331"},{"taxonomy":"product_tag","embeddable":true,"href":"https:\/\/toidupakk.ee\/pl\/wp-json\/wp\/v2\/product_tag?post=51331"}],"curies":[{"name":"wp","href":"https:\/\/api.w.org\/{rel}","templated":true}]}}