{"id":51309,"date":"2023-07-13T17:22:31","date_gmt":"2023-07-13T14:22:31","guid":{"rendered":"https:\/\/toidupakk.ee\/toode\/skladany-stol-kempingowy-z-krzeslami\/"},"modified":"2026-04-21T12:00:37","modified_gmt":"2026-04-21T09:00:37","slug":"skladany-stol-kempingowy-z-krzeslami","status":"publish","type":"product","link":"https:\/\/toidupakk.ee\/pl\/toode\/skladany-stol-kempingowy-z-krzeslami\/","title":{"rendered":"Sk\u0142adany st\u00f3\u0142 kempingowy z krzes\u0142ami"},"content":{"rendered":"<h1>Sk\u0142adany st\u00f3\u0142 kempingowy z krzes\u0142ami<\/h1>\n<p>Szukasz wygodnego i praktycznego sto\u0142u kempingowego, przy kt\u00f3rym mog\u0105 usi\u0105\u015b\u0107 i zje\u015b\u0107 nawet 4 osoby? Je\u015bli tak, czytaj dalej. Ten sk\u0142adany st\u00f3\u0142 kempingowy z krzes\u0142ami zosta\u0142 zaprojektowany z my\u015bl\u0105 o komforcie i trwa\u0142o\u015bci. Wymiary blatu to 120&#215;60 cm, a wysoko\u015b\u0107 jest regulowana do maksymalnie 70 cm. Oznacza to wystarczaj\u0105co du\u017co miejsca na przygotowywanie posi\u0142k\u00f3w, jedzenie i granie w gry. Niezale\u017cnie od tego, czy planujesz kolacj\u0119 z rodzin\u0105, czy chcesz pogra\u0107 w karty na \u015bwie\u017cym powietrzu, ten st\u00f3\u0142 zapewni stabiln\u0105 powierzchni\u0119 do ka\u017cdej aktywno\u015bci.     <\/p>\n<p>Opr\u00f3cz sto\u0142u w zestawie znajduj\u0105 si\u0119 cztery krzes\u0142a wykonane z wytrzyma\u0142ych materia\u0142\u00f3w, kt\u00f3re s\u0105 odporne na r\u00f3\u017cne warunki atmosferyczne. Sk\u0142adane krzes\u0142a s\u0105 wygodne i \u0142atwe w monta\u017cu. Ich kompaktowa konstrukcja pozwala na bezproblemowe przenoszenie i transport.  <\/p>\n<p>&nbsp;<\/p>\n<p><img fetchpriority=\"high\" decoding=\"async\" class=\"alignnone wp-image-11383 size-thumbnail\" src=\"https:\/\/toidupakk.ee\/wp-content\/uploads\/2023\/07\/Kokkupandav-matkalaud-toolidega-10-500x500.jpg\" alt=\"st\u00f3\u0142 kempingowy sk\u0142adany\" width=\"500\" height=\"500\" srcset=\"https:\/\/toidupakk.ee\/wp-content\/uploads\/2023\/07\/Kokkupandav-matkalaud-toolidega-10-500x500.jpg 500w, https:\/\/toidupakk.ee\/wp-content\/uploads\/2023\/07\/Kokkupandav-matkalaud-toolidega-10-400x400.jpg 400w, https:\/\/toidupakk.ee\/wp-content\/uploads\/2023\/07\/Kokkupandav-matkalaud-toolidega-10-100x100.jpg 100w, https:\/\/toidupakk.ee\/wp-content\/uploads\/2023\/07\/Kokkupandav-matkalaud-toolidega-10-800x800.jpg 800w, https:\/\/toidupakk.ee\/wp-content\/uploads\/2023\/07\/Kokkupandav-matkalaud-toolidega-10-300x300.jpg 300w, https:\/\/toidupakk.ee\/wp-content\/uploads\/2023\/07\/Kokkupandav-matkalaud-toolidega-10-1024x1024.jpg 1024w, https:\/\/toidupakk.ee\/wp-content\/uploads\/2023\/07\/Kokkupandav-matkalaud-toolidega-10-768x768.jpg 768w, https:\/\/toidupakk.ee\/wp-content\/uploads\/2023\/07\/Kokkupandav-matkalaud-toolidega-10.jpg 1080w\" sizes=\"(max-width: 500px) 100vw, 500px\" \/><\/p>\n<h2>Sk\u0142adany st\u00f3\u0142 kempingowy z krzes\u0142ami \u2013 zastaw st\u00f3\u0142 np. specjaln\u0105 \u017cywno\u015bci\u0105 turystyczn\u0105<\/h2>\n<p>W ofercie e-sklepu Toidupakk znajdziesz <a href=\"\/?product_cat=weekpack#section-3-79\">tygodniowe zestawy zapas\u00f3w \u017cywno\u015bci<\/a> Tactical Foodpack, <a href=\"\/?product_cat=combo#section-3-79\">pakiety combo z sze\u015bcioma posi\u0142kami<\/a>, <a href=\"\/?product_cat=hommikusook#section-3-79\">pyszne \u015bniadania<\/a>, <a href=\"\/?product_cat=snakk#section-3-79\">przek\u0105ski<\/a>, a tak\u017ce pojedyncze opakowania \u017cywno\u015bci marek <a href=\"\/?product_cat=pearoog#section-3-79\">Tactical Foodpack<\/a> oraz <a href=\"https:\/\/toidupakk.ee\/pl\/tootekategooria\/zywnosc-turystyczna-meki\/\">Meki<\/a>.<br \/>\nDodatkowo zabierz ze sob\u0105 niezb\u0119dne akcesoria do jedzenia, czyli <a href=\"https:\/\/toidupakk.ee\/tactical-foodpack\/matkalusikas-wildo-spork-3in1\/\">niezb\u0119dniki<\/a>, <a href=\"https:\/\/toidupakk.ee\/tactical-foodpack\/gaasiballoon-matkale-300g-keermega\/\">kartusz gazowy<\/a> do kuchenki, odpowiedni\u0105 ilo\u015b\u0107 wody pitnej w <a href=\"https:\/\/toidupakk.ee\/tactical-foodpack\/joogipudel-mil-tec-06l\/\">butelce<\/a>, na wszelki wypadek <a href=\"https:\/\/toidupakk.ee\/tactical-foodpack\/multitooriist-mil-tec-black-cobra\/\">multitool<\/a> i zapakuj wszystkie potrzebne rzeczy do du\u017cego <a href=\"https:\/\/toidupakk.ee\/tactical-foodpack\/matka-seljakott-75l-mil-tec\/\">plecaka turystycznego<\/a>. <\/p>\n<p>Zobacz, jak przygotowa\u0107 posi\u0142ki turystyczne <a href=\"https:\/\/toidupakk.ee\/pl\/jak-uzywac\/\">TUTAJ<\/a><\/p>\n<p>Zobacz wszystkie akcesoria kempingowe <a href=\"https:\/\/toidupakk.ee\/pl\/tootekategooria\/sprzet-turystyczny\/#section-3-79\">TUTAJ<\/a><\/p>\n<p>Znajd\u017a inspiracj\u0119 na kolejne przygody na <a href=\"https:\/\/www.instagram.com\/toidupakk\/\">Instagramie<\/a> i <a href=\"https:\/\/www.facebook.com\/Toidupakk\/\">Facebooku<\/a> Toidupakk.<\/p>\n","protected":false},"excerpt":{"rendered":"<p><strong>Sk\u0142adany st\u00f3\u0142 kempingowy z krzes\u0142ami \u2013 zestaw, kt\u00f3ry sprawi, \u017ce biwakowanie i pikniki stan\u0105 si\u0119 przyjemno\u015bci\u0105. Planujesz wypraw\u0119? W takim razie waga i rozmiar zabieranego sprz\u0119tu s\u0105 zawsze kluczowe. Ten zestaw jest lekki i kompaktowy. Wykorzystaj go do sp\u0119dzania czasu z rodzin\u0105 na \u0142onie natury, siedzenia z przyjaci\u00f3\u0142mi przy ognisku lub po prostu cieszenia si\u0119 wygodn\u0105 kolacj\u0105 na \u015bwie\u017cym powietrzu.    <\/strong><\/p>\n<ul>\n<li>Zestaw 5-cz\u0119\u015bciowy \u2013 sk\u0142adany st\u00f3\u0142 i 4 sk\u0142adane krzes\u0142a<\/li>\n<li>Wymiary sto\u0142u: 120&#215;60 cm (blat) i wysoko\u015b\u0107 do 70 cm. Wysoko\u015b\u0107 sto\u0142u jest regulowana, mo\u017cna go ustawi\u0107 r\u00f3wnie\u017c na 62 cm lub 55 cm. <\/li>\n<li>Wymiary sto\u0142u po z\u0142o\u017ceniu: 60x60x6,5 cm<\/li>\n<li>Wewn\u0105trz sk\u0142adanej ramy sto\u0142u znajduje si\u0119 miejsce na schowanie krzese\u0142<\/li>\n<li>Materia\u0142: lekkie aluminium.<\/li>\n<li>Maksymalne obci\u0105\u017cenie sto\u0142u do 50 kg, krzese\u0142 do 110 kg<\/li>\n<li>Krzes\u0142a wykonane z aluminium i wytrzyma\u0142ego materia\u0142u poliestrowego Oxford 600D<\/li>\n<li>Nadaje si\u0119 do u\u017cytku zar\u00f3wno na zewn\u0105trz, jak i wewn\u0105trz pomieszcze\u0144<\/li>\n<li>Zestaw jest lekki, wa\u017cy 6,7 kg (waga ca\u0142ego zestawu)<\/li>\n<li>Kompaktowy design \u2013 zajmuje ma\u0142o miejsca i \u0142atwo mie\u015bci si\u0119 np. na dnie baga\u017cnika samochodowego<\/li>\n<li>Przeno\u015bny: kompaktowa konstrukcja pozwala na \u0142atwy transport<\/li>\n<\/ul>\n<p>\u2705 Dost\u0119pne w magazynie, szybka dostawa w 1-3 dni robocze<br \/>\n\u2705 Kup teraz, zap\u0142a\u0107 p\u00f3\u017aniej (RRSO 0%)<\/p>\n","protected":false},"featured_media":11374,"comment_status":"open","ping_status":"closed","template":"","meta":{"_acf_changed":false},"product_brand":[],"product_cat":[303,314,301,375],"product_tag":[],"class_list":{"0":"post-51309","1":"product","2":"type-product","3":"status-publish","4":"has-post-thumbnail","6":"product_cat-akcesoria-turystyczne","7":"product_cat-nocowanie-w-naturze","8":"product_cat-sprzet-turystyczny","9":"product_cat-stoly-turystyczne","11":"first","12":"instock","13":"sale","14":"taxable","15":"shipping-taxable","16":"purchasable","17":"product-type-simple"},"bundled_by":[],"bundle_stock_status":"instock","bundle_stock_quantity":1,"bundle_virtual":false,"bundle_layout":"","bundle_add_to_cart_form_location":"","bundle_editable_in_cart":false,"bundle_sold_individually_context":"","bundle_item_grouping":"","bundle_min_size":"","bundle_max_size":"","bundle_price":[],"bundled_items":[],"bundle_sell_ids":[],"acf":[],"yoast_head":"<!-- This site is optimized with the Yoast SEO plugin v27.3 - https:\/\/yoast.com\/product\/yoast-seo-wordpress\/ -->\n<title>Sk\u0142adany st\u00f3\u0142 kempingowy z krzes\u0142ami<\/title>\n<meta name=\"description\" content=\"Zestaw sk\u0142adanego sto\u0142u kempingowego z krzes\u0142ami zawiera przestronny st\u00f3\u0142 i 4 krzes\u0142a, kt\u00f3re \u0142atwo si\u0119 sk\u0142adaj\u0105, nie zajmuj\u0105 miejsca w aucie i s\u0105 lekkie.\" \/>\n<meta name=\"robots\" content=\"index, follow, max-snippet:-1, max-image-preview:large, max-video-preview:-1\" \/>\n<link rel=\"canonical\" href=\"https:\/\/toidupakk.ee\/pl\/toode\/skladany-stol-kempingowy-z-krzeslami\/\" \/>\n<meta property=\"og:locale\" content=\"pl_PL\" \/>\n<meta property=\"og:type\" content=\"article\" \/>\n<meta property=\"og:title\" content=\"Sk\u0142adany st\u00f3\u0142 kempingowy z krzes\u0142ami\" \/>\n<meta property=\"og:description\" content=\"Zestaw sk\u0142adanego sto\u0142u kempingowego z krzes\u0142ami zawiera przestronny st\u00f3\u0142 i 4 krzes\u0142a, kt\u00f3re \u0142atwo si\u0119 sk\u0142adaj\u0105, nie zajmuj\u0105 miejsca w aucie i s\u0105 lekkie.\" \/>\n<meta property=\"og:url\" content=\"https:\/\/toidupakk.ee\/pl\/toode\/skladany-stol-kempingowy-z-krzeslami\/\" \/>\n<meta property=\"og:site_name\" content=\"Toidupakk.ee - Tactical Foodpack toidupakid\" \/>\n<meta property=\"article:publisher\" content=\"https:\/\/www.facebook.com\/Toidupakk\" \/>\n<meta property=\"article:modified_time\" content=\"2026-04-21T09:00:37+00:00\" \/>\n<meta property=\"og:image\" content=\"https:\/\/toidupakk.ee\/wp-content\/uploads\/2023\/07\/Kokkupandav-matkalaud-toolidega-1.png\" \/>\n\t<meta property=\"og:image:width\" content=\"1080\" \/>\n\t<meta property=\"og:image:height\" content=\"1080\" \/>\n\t<meta property=\"og:image:type\" content=\"image\/png\" \/>\n<meta name=\"twitter:card\" content=\"summary_large_image\" \/>\n<meta name=\"twitter:label1\" content=\"Szacowany czas czytania\" \/>\n\t<meta name=\"twitter:data1\" content=\"1 minuta\" \/>\n<script type=\"application\/ld+json\" class=\"yoast-schema-graph\">{\"@context\":\"https:\\\/\\\/schema.org\",\"@graph\":[{\"@type\":\"WebPage\",\"@id\":\"https:\\\/\\\/toidupakk.ee\\\/pl\\\/toode\\\/skladany-stol-kempingowy-z-krzeslami\\\/\",\"url\":\"https:\\\/\\\/toidupakk.ee\\\/pl\\\/toode\\\/skladany-stol-kempingowy-z-krzeslami\\\/\",\"name\":\"Sk\u0142adany st\u00f3\u0142 kempingowy z krzes\u0142ami\",\"isPartOf\":{\"@id\":\"https:\\\/\\\/toidupakk.ee\\\/pl\\\/#website\"},\"primaryImageOfPage\":{\"@id\":\"https:\\\/\\\/toidupakk.ee\\\/pl\\\/toode\\\/skladany-stol-kempingowy-z-krzeslami\\\/#primaryimage\"},\"image\":{\"@id\":\"https:\\\/\\\/toidupakk.ee\\\/pl\\\/toode\\\/skladany-stol-kempingowy-z-krzeslami\\\/#primaryimage\"},\"thumbnailUrl\":\"https:\\\/\\\/toidupakk.ee\\\/wp-content\\\/uploads\\\/2023\\\/07\\\/Kokkupandav-matkalaud-toolidega-1.png\",\"datePublished\":\"2023-07-13T14:22:31+00:00\",\"dateModified\":\"2026-04-21T09:00:37+00:00\",\"description\":\"Zestaw sk\u0142adanego sto\u0142u kempingowego z krzes\u0142ami zawiera przestronny st\u00f3\u0142 i 4 krzes\u0142a, kt\u00f3re \u0142atwo si\u0119 sk\u0142adaj\u0105, nie zajmuj\u0105 miejsca w aucie i s\u0105 lekkie.\",\"breadcrumb\":{\"@id\":\"https:\\\/\\\/toidupakk.ee\\\/pl\\\/toode\\\/skladany-stol-kempingowy-z-krzeslami\\\/#breadcrumb\"},\"inLanguage\":\"pl-PL\",\"potentialAction\":[{\"@type\":\"ReadAction\",\"target\":[\"https:\\\/\\\/toidupakk.ee\\\/pl\\\/toode\\\/skladany-stol-kempingowy-z-krzeslami\\\/\"]}]},{\"@type\":\"ImageObject\",\"inLanguage\":\"pl-PL\",\"@id\":\"https:\\\/\\\/toidupakk.ee\\\/pl\\\/toode\\\/skladany-stol-kempingowy-z-krzeslami\\\/#primaryimage\",\"url\":\"https:\\\/\\\/toidupakk.ee\\\/wp-content\\\/uploads\\\/2023\\\/07\\\/Kokkupandav-matkalaud-toolidega-1.png\",\"contentUrl\":\"https:\\\/\\\/toidupakk.ee\\\/wp-content\\\/uploads\\\/2023\\\/07\\\/Kokkupandav-matkalaud-toolidega-1.png\",\"width\":1080,\"height\":1080,\"caption\":\"Kokkupandav matkalaud\"},{\"@type\":\"BreadcrumbList\",\"@id\":\"https:\\\/\\\/toidupakk.ee\\\/pl\\\/toode\\\/skladany-stol-kempingowy-z-krzeslami\\\/#breadcrumb\",\"itemListElement\":[{\"@type\":\"ListItem\",\"position\":1,\"name\":\"Avaleht\",\"item\":\"https:\\\/\\\/toidupakk.ee\\\/pl\\\/\"},{\"@type\":\"ListItem\",\"position\":2,\"name\":\"Sklep internetowy\",\"item\":\"https:\\\/\\\/toidupakk.ee\\\/pl\\\/sklep-internetowy\\\/\"},{\"@type\":\"ListItem\",\"position\":3,\"name\":\"Sk\u0142adany st\u00f3\u0142 kempingowy z krzes\u0142ami\"}]},{\"@type\":\"WebSite\",\"@id\":\"https:\\\/\\\/toidupakk.ee\\\/pl\\\/#website\",\"url\":\"https:\\\/\\\/toidupakk.ee\\\/pl\\\/\",\"name\":\"Toidupakk.ee - Tactical Foodpack toidupakid\",\"description\":\"Tactical Foodpack k\u00fclmkuivatatud toidupakid ja matkaeined\",\"publisher\":{\"@id\":\"https:\\\/\\\/toidupakk.ee\\\/pl\\\/#organization\"},\"potentialAction\":[{\"@type\":\"SearchAction\",\"target\":{\"@type\":\"EntryPoint\",\"urlTemplate\":\"https:\\\/\\\/toidupakk.ee\\\/pl\\\/?s={search_term_string}\"},\"query-input\":{\"@type\":\"PropertyValueSpecification\",\"valueRequired\":true,\"valueName\":\"search_term_string\"}}],\"inLanguage\":\"pl-PL\"},{\"@type\":\"Organization\",\"@id\":\"https:\\\/\\\/toidupakk.ee\\\/pl\\\/#organization\",\"name\":\"Tactical Foodpack matkaeined\",\"url\":\"https:\\\/\\\/toidupakk.ee\\\/pl\\\/\",\"logo\":{\"@type\":\"ImageObject\",\"inLanguage\":\"pl-PL\",\"@id\":\"https:\\\/\\\/toidupakk.ee\\\/pl\\\/#\\\/schema\\\/logo\\\/image\\\/\",\"url\":\"https:\\\/\\\/toidupakk.ee\\\/wp-content\\\/uploads\\\/2022\\\/01\\\/Toidupakk-matkapood-logo-transparent.png\",\"contentUrl\":\"https:\\\/\\\/toidupakk.ee\\\/wp-content\\\/uploads\\\/2022\\\/01\\\/Toidupakk-matkapood-logo-transparent.png\",\"width\":500,\"height\":500,\"caption\":\"Tactical Foodpack matkaeined\"},\"image\":{\"@id\":\"https:\\\/\\\/toidupakk.ee\\\/pl\\\/#\\\/schema\\\/logo\\\/image\\\/\"},\"sameAs\":[\"https:\\\/\\\/www.facebook.com\\\/Toidupakk\",\"https:\\\/\\\/www.instagram.com\\\/toidupakk\\\/\"]}]}<\/script>\n<!-- \/ Yoast SEO plugin. -->","yoast_head_json":{"title":"Sk\u0142adany st\u00f3\u0142 kempingowy z krzes\u0142ami","description":"Zestaw sk\u0142adanego sto\u0142u kempingowego z krzes\u0142ami zawiera przestronny st\u00f3\u0142 i 4 krzes\u0142a, kt\u00f3re \u0142atwo si\u0119 sk\u0142adaj\u0105, nie zajmuj\u0105 miejsca w aucie i s\u0105 lekkie.","robots":{"index":"index","follow":"follow","max-snippet":"max-snippet:-1","max-image-preview":"max-image-preview:large","max-video-preview":"max-video-preview:-1"},"canonical":"https:\/\/toidupakk.ee\/pl\/toode\/skladany-stol-kempingowy-z-krzeslami\/","og_locale":"pl_PL","og_type":"article","og_title":"Sk\u0142adany st\u00f3\u0142 kempingowy z krzes\u0142ami","og_description":"Zestaw sk\u0142adanego sto\u0142u kempingowego z krzes\u0142ami zawiera przestronny st\u00f3\u0142 i 4 krzes\u0142a, kt\u00f3re \u0142atwo si\u0119 sk\u0142adaj\u0105, nie zajmuj\u0105 miejsca w aucie i s\u0105 lekkie.","og_url":"https:\/\/toidupakk.ee\/pl\/toode\/skladany-stol-kempingowy-z-krzeslami\/","og_site_name":"Toidupakk.ee - Tactical Foodpack toidupakid","article_publisher":"https:\/\/www.facebook.com\/Toidupakk","article_modified_time":"2026-04-21T09:00:37+00:00","og_image":[{"width":1080,"height":1080,"url":"https:\/\/toidupakk.ee\/wp-content\/uploads\/2023\/07\/Kokkupandav-matkalaud-toolidega-1.png","type":"image\/png"}],"twitter_card":"summary_large_image","twitter_misc":{"Szacowany czas czytania":"1 minuta"},"schema":{"@context":"https:\/\/schema.org","@graph":[{"@type":"WebPage","@id":"https:\/\/toidupakk.ee\/pl\/toode\/skladany-stol-kempingowy-z-krzeslami\/","url":"https:\/\/toidupakk.ee\/pl\/toode\/skladany-stol-kempingowy-z-krzeslami\/","name":"Sk\u0142adany st\u00f3\u0142 kempingowy z krzes\u0142ami","isPartOf":{"@id":"https:\/\/toidupakk.ee\/pl\/#website"},"primaryImageOfPage":{"@id":"https:\/\/toidupakk.ee\/pl\/toode\/skladany-stol-kempingowy-z-krzeslami\/#primaryimage"},"image":{"@id":"https:\/\/toidupakk.ee\/pl\/toode\/skladany-stol-kempingowy-z-krzeslami\/#primaryimage"},"thumbnailUrl":"https:\/\/toidupakk.ee\/wp-content\/uploads\/2023\/07\/Kokkupandav-matkalaud-toolidega-1.png","datePublished":"2023-07-13T14:22:31+00:00","dateModified":"2026-04-21T09:00:37+00:00","description":"Zestaw sk\u0142adanego sto\u0142u kempingowego z krzes\u0142ami zawiera przestronny st\u00f3\u0142 i 4 krzes\u0142a, kt\u00f3re \u0142atwo si\u0119 sk\u0142adaj\u0105, nie zajmuj\u0105 miejsca w aucie i s\u0105 lekkie.","breadcrumb":{"@id":"https:\/\/toidupakk.ee\/pl\/toode\/skladany-stol-kempingowy-z-krzeslami\/#breadcrumb"},"inLanguage":"pl-PL","potentialAction":[{"@type":"ReadAction","target":["https:\/\/toidupakk.ee\/pl\/toode\/skladany-stol-kempingowy-z-krzeslami\/"]}]},{"@type":"ImageObject","inLanguage":"pl-PL","@id":"https:\/\/toidupakk.ee\/pl\/toode\/skladany-stol-kempingowy-z-krzeslami\/#primaryimage","url":"https:\/\/toidupakk.ee\/wp-content\/uploads\/2023\/07\/Kokkupandav-matkalaud-toolidega-1.png","contentUrl":"https:\/\/toidupakk.ee\/wp-content\/uploads\/2023\/07\/Kokkupandav-matkalaud-toolidega-1.png","width":1080,"height":1080,"caption":"Kokkupandav matkalaud"},{"@type":"BreadcrumbList","@id":"https:\/\/toidupakk.ee\/pl\/toode\/skladany-stol-kempingowy-z-krzeslami\/#breadcrumb","itemListElement":[{"@type":"ListItem","position":1,"name":"Avaleht","item":"https:\/\/toidupakk.ee\/pl\/"},{"@type":"ListItem","position":2,"name":"Sklep internetowy","item":"https:\/\/toidupakk.ee\/pl\/sklep-internetowy\/"},{"@type":"ListItem","position":3,"name":"Sk\u0142adany st\u00f3\u0142 kempingowy z krzes\u0142ami"}]},{"@type":"WebSite","@id":"https:\/\/toidupakk.ee\/pl\/#website","url":"https:\/\/toidupakk.ee\/pl\/","name":"Toidupakk.ee - Tactical Foodpack toidupakid","description":"Tactical Foodpack k\u00fclmkuivatatud toidupakid ja matkaeined","publisher":{"@id":"https:\/\/toidupakk.ee\/pl\/#organization"},"potentialAction":[{"@type":"SearchAction","target":{"@type":"EntryPoint","urlTemplate":"https:\/\/toidupakk.ee\/pl\/?s={search_term_string}"},"query-input":{"@type":"PropertyValueSpecification","valueRequired":true,"valueName":"search_term_string"}}],"inLanguage":"pl-PL"},{"@type":"Organization","@id":"https:\/\/toidupakk.ee\/pl\/#organization","name":"Tactical Foodpack matkaeined","url":"https:\/\/toidupakk.ee\/pl\/","logo":{"@type":"ImageObject","inLanguage":"pl-PL","@id":"https:\/\/toidupakk.ee\/pl\/#\/schema\/logo\/image\/","url":"https:\/\/toidupakk.ee\/wp-content\/uploads\/2022\/01\/Toidupakk-matkapood-logo-transparent.png","contentUrl":"https:\/\/toidupakk.ee\/wp-content\/uploads\/2022\/01\/Toidupakk-matkapood-logo-transparent.png","width":500,"height":500,"caption":"Tactical Foodpack matkaeined"},"image":{"@id":"https:\/\/toidupakk.ee\/pl\/#\/schema\/logo\/image\/"},"sameAs":["https:\/\/www.facebook.com\/Toidupakk","https:\/\/www.instagram.com\/toidupakk\/"]}]}},"jetpack_sharing_enabled":true,"_links":{"self":[{"href":"https:\/\/toidupakk.ee\/pl\/wp-json\/wp\/v2\/product\/51309","targetHints":{"allow":["GET"]}}],"collection":[{"href":"https:\/\/toidupakk.ee\/pl\/wp-json\/wp\/v2\/product"}],"about":[{"href":"https:\/\/toidupakk.ee\/pl\/wp-json\/wp\/v2\/types\/product"}],"replies":[{"embeddable":true,"href":"https:\/\/toidupakk.ee\/pl\/wp-json\/wp\/v2\/comments?post=51309"}],"wp:featuredmedia":[{"embeddable":true,"href":"https:\/\/toidupakk.ee\/pl\/wp-json\/wp\/v2\/media\/11374"}],"wp:attachment":[{"href":"https:\/\/toidupakk.ee\/pl\/wp-json\/wp\/v2\/media?parent=51309"}],"wp:term":[{"taxonomy":"product_brand","embeddable":true,"href":"https:\/\/toidupakk.ee\/pl\/wp-json\/wp\/v2\/product_brand?post=51309"},{"taxonomy":"product_cat","embeddable":true,"href":"https:\/\/toidupakk.ee\/pl\/wp-json\/wp\/v2\/product_cat?post=51309"},{"taxonomy":"product_tag","embeddable":true,"href":"https:\/\/toidupakk.ee\/pl\/wp-json\/wp\/v2\/product_tag?post=51309"}],"curies":[{"name":"wp","href":"https:\/\/api.w.org\/{rel}","templated":true}]}}