{"id":51295,"date":"2023-08-02T16:18:35","date_gmt":"2023-08-02T13:18:35","guid":{"rendered":"https:\/\/toidupakk.ee\/toode\/menazka\/"},"modified":"2026-04-15T22:31:10","modified_gmt":"2026-04-15T19:31:10","slug":"menazka","status":"publish","type":"product","link":"https:\/\/toidupakk.ee\/pl\/toode\/menazka\/","title":{"rendered":"Mena\u017cka"},"content":{"rendered":"<h1><img fetchpriority=\"high\" decoding=\"async\" class=\"wp-image-12415 size-thumbnail alignright\" style=\"font-size: 16px; font-weight: 400;\" src=\"https:\/\/toidupakk.ee\/wp-content\/uploads\/2023\/08\/katelok-lahtise-tulega-500x500.jpg\" alt=\"mena\u017cka nad ogniskiem\" width=\"500\" height=\"500\" srcset=\"https:\/\/toidupakk.ee\/wp-content\/uploads\/2023\/08\/katelok-lahtise-tulega-500x500.jpg 500w, https:\/\/toidupakk.ee\/wp-content\/uploads\/2023\/08\/katelok-lahtise-tulega-400x400.jpg 400w, https:\/\/toidupakk.ee\/wp-content\/uploads\/2023\/08\/katelok-lahtise-tulega-100x100.jpg 100w, https:\/\/toidupakk.ee\/wp-content\/uploads\/2023\/08\/katelok-lahtise-tulega-800x800.jpg 800w, https:\/\/toidupakk.ee\/wp-content\/uploads\/2023\/08\/katelok-lahtise-tulega-300x300.jpg 300w, https:\/\/toidupakk.ee\/wp-content\/uploads\/2023\/08\/katelok-lahtise-tulega-1024x1024.jpg 1024w, https:\/\/toidupakk.ee\/wp-content\/uploads\/2023\/08\/katelok-lahtise-tulega-768x768.jpg 768w, https:\/\/toidupakk.ee\/wp-content\/uploads\/2023\/08\/katelok-lahtise-tulega.jpg 1080w\" sizes=\"(max-width: 500px) 100vw, 500px\" \/><\/h1>\n<h1>Co to jest mena\u017cka?<\/h1>\n<p>Mena\u017cka to kompaktowe naczynie do gotowania w terenie. G\u00f3rn\u0105 pokrywk\u0119 z uchwytem mo\u017cesz wykorzysta\u0107 np. jako kubek \u2013 \u015bwietnie nadaje si\u0119 do picia gor\u0105cych napoj\u00f3w (np. kawy lub herbaty). Najwi\u0119ksz\u0105 cz\u0119\u015b\u0107 mena\u017cki mo\u017cna zawiesi\u0107 nad otwartym ogniem. Zestaw nie zawiera sztu\u0107c\u00f3w, nale\u017cy je dokupi\u0107 osobno. Odpowiednie sztu\u0107ce znajdziesz <a href=\"https:\/\/toidupakk.ee\/toode\/soogiriistade-komplekt-wildo\/\">tutaj<\/a>.    <\/p>\n<p>Mena\u017cki u\u017cywaj\u0105 g\u0142\u00f3wnie \u017co\u0142nierze i tury\u015bci, kt\u00f3rzy nosz\u0105 j\u0105 ze sob\u0105 w plecaku lub kieszeni oporz\u0105dzenia.<\/p>\n<p>Produkt wykonany w 100% z aluminium, dzi\u0119ki czemu jest lekki, a gotowanie przebiega szybko.<\/p>\n<p>Sprz\u0119t turystyczny gra kluczow\u0105 rol\u0119 w powodzeniu Twojej wyprawy. Dlatego zawsze warto dok\u0142adnie zaplanowa\u0107 wyjazd i zabra\u0107 wszystko, co mo\u017ce si\u0119 przyda\u0107. Pami\u0119taj o wygodnych ubraniach i butach, kt\u00f3re zapewni\u0105 sucho\u015b\u0107 w trudnych warunkach, oraz o tym, by nie by\u0107 g\u0142odnym.  <\/p>\n<p>Znajd\u017a inspiracj\u0119 na kolejne przygody na <a href=\"https:\/\/www.instagram.com\/toidupakk\/\">Instagramie<\/a> i <a href=\"https:\/\/www.facebook.com\/Toidupakk\/\">Facebooku<\/a> Toidupakk.<\/p>\n<p>Zobacz wi\u0119cej akcesori\u00f3w turystycznych <a href=\"https:\/\/toidupakk.ee\/pl\/tootekategooria\/sprzet-turystyczny\/#section-3-79\">TUTAJ<\/a>.<\/p>\n","protected":false},"excerpt":{"rendered":"<div id=\"1689851323.553689\" class=\"c-virtual_list__item c-virtual_list__item--initial-activeitem\" role=\"listitem\" data-qa=\"virtual-list-item\" data-item-key=\"1689851323.553689\">\n<div class=\"c-message_kit__background p-message_pane_message__message c-message_kit__message\" role=\"presentation\" data-qa=\"message_container\" data-qa-unprocessed=\"false\" data-qa-placeholder=\"false\">\n<div class=\"c-message_kit__hover\" role=\"document\" data-qa-hover=\"true\">\n<div class=\"c-message_kit__actions c-message_kit__actions--above\">\n<div class=\"c-message_kit__gutter\">\n<div class=\"c-message_kit__gutter__right\" role=\"presentation\" data-qa=\"message_content\">\n<div class=\"c-message_kit__blocks c-message_kit__blocks--rich_text\">\n<div class=\"c-message__message_blocks c-message__message_blocks--rich_text\" data-qa=\"message-text\">\n<div class=\"p-block_kit_renderer\" data-qa=\"block-kit-renderer\">\n<div class=\"p-block_kit_renderer__block_wrapper p-block_kit_renderer__block_wrapper--first\">\n<div class=\"p-rich_text_block\" dir=\"auto\">\n<p><strong>Mena\u017cka to praktyczne naczynie do gotowania i jedzenia w terenie. U\u017cywana g\u0142\u00f3wnie przez \u017co\u0142nierzy i mi\u0142o\u015bnik\u00f3w survivalu. <\/strong><\/p>\n<ul>\n<li class=\"p-rich_text_section\">Materia\u0142 mena\u017cki: 100% aluminium<\/li>\n<li>W zestawie naczynie g\u00f3rne i dolne<\/li>\n<li>G\u0142\u0119boka pokrywka s\u0142u\u017cy jako miska do serwowania potraw lub naczynie do picia<\/li>\n<li>Metalowy uchwyt pozwala na zawieszenie mena\u017cki nad ogniskiem lub wygodne przenoszenie w r\u0119ku<\/li>\n<li class=\"p-rich_text_section\">Wysoko\u015b\u0107: 16,5 cm<\/li>\n<li class=\"p-rich_text_section\">Szeroko\u015b\u0107: 10,5 cm<\/li>\n<li class=\"p-rich_text_section\">Waga: 460 g<\/li>\n<li>\u0141atwa do umycia ciep\u0142\u0105 wod\u0105<\/li>\n<\/ul>\n<\/div>\n<\/div>\n<\/div>\n<\/div>\n<\/div>\n<\/div>\n<\/div>\n<\/div>\n<\/div>\n<\/div>\n<\/div>\n<p>\u2705 Produkt w magazynie, szybka dostawa w 1\u20133 dni robocze<br \/>\n\u2705 Kup teraz, zap\u0142a\u0107 p\u00f3\u017aniej<\/p>\n","protected":false},"featured_media":12413,"comment_status":"open","ping_status":"closed","template":"","meta":{"_acf_changed":false},"product_brand":[],"product_cat":[303,307,301,354],"product_tag":[],"class_list":{"0":"post-51295","1":"product","2":"type-product","3":"status-publish","4":"has-post-thumbnail","6":"product_cat-akcesoria-turystyczne","7":"product_cat-przygotowywanie-posilkow","8":"product_cat-sprzet-turystyczny","9":"product_cat-sztucce","11":"first","12":"onbackorder","13":"sale","14":"taxable","15":"shipping-taxable","16":"purchasable","17":"product-type-simple"},"bundled_by":[],"bundle_stock_status":"onbackorder","bundle_stock_quantity":-1,"bundle_virtual":false,"bundle_layout":"","bundle_add_to_cart_form_location":"","bundle_editable_in_cart":false,"bundle_sold_individually_context":"","bundle_item_grouping":"","bundle_min_size":"","bundle_max_size":"","bundle_price":[],"bundled_items":[],"bundle_sell_ids":[],"acf":[],"yoast_head":"<!-- This site is optimized with the Yoast SEO plugin v27.3 - https:\/\/yoast.com\/product\/yoast-seo-wordpress\/ -->\n<title>Mena\u017cka<\/title>\n<meta name=\"description\" content=\"Mena\u017cka to kompaktowe naczynie do gotowania w terenie. Trzycz\u0119\u015bciowa, z uchwytem do zawieszania. \u0141atwa do umycia ciep\u0142\u0105 wod\u0105.\" \/>\n<meta name=\"robots\" content=\"index, follow, max-snippet:-1, max-image-preview:large, max-video-preview:-1\" \/>\n<link rel=\"canonical\" href=\"https:\/\/toidupakk.ee\/pl\/toode\/menazka\/\" \/>\n<meta property=\"og:locale\" content=\"pl_PL\" \/>\n<meta property=\"og:type\" content=\"article\" \/>\n<meta property=\"og:title\" content=\"Mena\u017cka\" \/>\n<meta property=\"og:description\" content=\"Mena\u017cka to kompaktowe naczynie do gotowania w terenie. Trzycz\u0119\u015bciowa, z uchwytem do zawieszania. \u0141atwa do umycia ciep\u0142\u0105 wod\u0105.\" \/>\n<meta property=\"og:url\" content=\"https:\/\/toidupakk.ee\/pl\/toode\/menazka\/\" \/>\n<meta property=\"og:site_name\" content=\"Toidupakk.ee - Tactical Foodpack toidupakid\" \/>\n<meta property=\"article:publisher\" content=\"https:\/\/www.facebook.com\/Toidupakk\" \/>\n<meta property=\"article:modified_time\" content=\"2026-04-15T19:31:10+00:00\" \/>\n<meta property=\"og:image\" content=\"https:\/\/toidupakk.ee\/wp-content\/uploads\/2023\/08\/katelok.png\" \/>\n\t<meta property=\"og:image:width\" content=\"1080\" \/>\n\t<meta property=\"og:image:height\" content=\"1080\" \/>\n\t<meta property=\"og:image:type\" content=\"image\/png\" \/>\n<meta name=\"twitter:card\" content=\"summary_large_image\" \/>\n<meta name=\"twitter:label1\" content=\"Szacowany czas czytania\" \/>\n\t<meta name=\"twitter:data1\" content=\"1 minuta\" \/>\n<script type=\"application\/ld+json\" class=\"yoast-schema-graph\">{\"@context\":\"https:\\\/\\\/schema.org\",\"@graph\":[{\"@type\":\"WebPage\",\"@id\":\"https:\\\/\\\/toidupakk.ee\\\/pl\\\/toode\\\/menazka\\\/\",\"url\":\"https:\\\/\\\/toidupakk.ee\\\/pl\\\/toode\\\/menazka\\\/\",\"name\":\"Mena\u017cka\",\"isPartOf\":{\"@id\":\"https:\\\/\\\/toidupakk.ee\\\/pl\\\/#website\"},\"primaryImageOfPage\":{\"@id\":\"https:\\\/\\\/toidupakk.ee\\\/pl\\\/toode\\\/menazka\\\/#primaryimage\"},\"image\":{\"@id\":\"https:\\\/\\\/toidupakk.ee\\\/pl\\\/toode\\\/menazka\\\/#primaryimage\"},\"thumbnailUrl\":\"https:\\\/\\\/toidupakk.ee\\\/wp-content\\\/uploads\\\/2023\\\/08\\\/katelok.png\",\"datePublished\":\"2023-08-02T13:18:35+00:00\",\"dateModified\":\"2026-04-15T19:31:10+00:00\",\"description\":\"Mena\u017cka to kompaktowe naczynie do gotowania w terenie. Trzycz\u0119\u015bciowa, z uchwytem do zawieszania. \u0141atwa do umycia ciep\u0142\u0105 wod\u0105.\",\"breadcrumb\":{\"@id\":\"https:\\\/\\\/toidupakk.ee\\\/pl\\\/toode\\\/menazka\\\/#breadcrumb\"},\"inLanguage\":\"pl-PL\",\"potentialAction\":[{\"@type\":\"ReadAction\",\"target\":[\"https:\\\/\\\/toidupakk.ee\\\/pl\\\/toode\\\/menazka\\\/\"]}]},{\"@type\":\"ImageObject\",\"inLanguage\":\"pl-PL\",\"@id\":\"https:\\\/\\\/toidupakk.ee\\\/pl\\\/toode\\\/menazka\\\/#primaryimage\",\"url\":\"https:\\\/\\\/toidupakk.ee\\\/wp-content\\\/uploads\\\/2023\\\/08\\\/katelok.png\",\"contentUrl\":\"https:\\\/\\\/toidupakk.ee\\\/wp-content\\\/uploads\\\/2023\\\/08\\\/katelok.png\",\"width\":1080,\"height\":1080,\"caption\":\"katelok\"},{\"@type\":\"BreadcrumbList\",\"@id\":\"https:\\\/\\\/toidupakk.ee\\\/pl\\\/toode\\\/menazka\\\/#breadcrumb\",\"itemListElement\":[{\"@type\":\"ListItem\",\"position\":1,\"name\":\"Avaleht\",\"item\":\"https:\\\/\\\/toidupakk.ee\\\/pl\\\/\"},{\"@type\":\"ListItem\",\"position\":2,\"name\":\"Sklep internetowy\",\"item\":\"https:\\\/\\\/toidupakk.ee\\\/pl\\\/sklep-internetowy\\\/\"},{\"@type\":\"ListItem\",\"position\":3,\"name\":\"Mena\u017cka\"}]},{\"@type\":\"WebSite\",\"@id\":\"https:\\\/\\\/toidupakk.ee\\\/pl\\\/#website\",\"url\":\"https:\\\/\\\/toidupakk.ee\\\/pl\\\/\",\"name\":\"Toidupakk.ee - Tactical Foodpack toidupakid\",\"description\":\"Tactical Foodpack k\u00fclmkuivatatud toidupakid ja matkaeined\",\"publisher\":{\"@id\":\"https:\\\/\\\/toidupakk.ee\\\/pl\\\/#organization\"},\"potentialAction\":[{\"@type\":\"SearchAction\",\"target\":{\"@type\":\"EntryPoint\",\"urlTemplate\":\"https:\\\/\\\/toidupakk.ee\\\/pl\\\/?s={search_term_string}\"},\"query-input\":{\"@type\":\"PropertyValueSpecification\",\"valueRequired\":true,\"valueName\":\"search_term_string\"}}],\"inLanguage\":\"pl-PL\"},{\"@type\":\"Organization\",\"@id\":\"https:\\\/\\\/toidupakk.ee\\\/pl\\\/#organization\",\"name\":\"Tactical Foodpack matkaeined\",\"url\":\"https:\\\/\\\/toidupakk.ee\\\/pl\\\/\",\"logo\":{\"@type\":\"ImageObject\",\"inLanguage\":\"pl-PL\",\"@id\":\"https:\\\/\\\/toidupakk.ee\\\/pl\\\/#\\\/schema\\\/logo\\\/image\\\/\",\"url\":\"https:\\\/\\\/toidupakk.ee\\\/wp-content\\\/uploads\\\/2022\\\/01\\\/Toidupakk-matkapood-logo-transparent.png\",\"contentUrl\":\"https:\\\/\\\/toidupakk.ee\\\/wp-content\\\/uploads\\\/2022\\\/01\\\/Toidupakk-matkapood-logo-transparent.png\",\"width\":500,\"height\":500,\"caption\":\"Tactical Foodpack matkaeined\"},\"image\":{\"@id\":\"https:\\\/\\\/toidupakk.ee\\\/pl\\\/#\\\/schema\\\/logo\\\/image\\\/\"},\"sameAs\":[\"https:\\\/\\\/www.facebook.com\\\/Toidupakk\",\"https:\\\/\\\/www.instagram.com\\\/toidupakk\\\/\"]}]}<\/script>\n<!-- \/ Yoast SEO plugin. -->","yoast_head_json":{"title":"Mena\u017cka","description":"Mena\u017cka to kompaktowe naczynie do gotowania w terenie. Trzycz\u0119\u015bciowa, z uchwytem do zawieszania. \u0141atwa do umycia ciep\u0142\u0105 wod\u0105.","robots":{"index":"index","follow":"follow","max-snippet":"max-snippet:-1","max-image-preview":"max-image-preview:large","max-video-preview":"max-video-preview:-1"},"canonical":"https:\/\/toidupakk.ee\/pl\/toode\/menazka\/","og_locale":"pl_PL","og_type":"article","og_title":"Mena\u017cka","og_description":"Mena\u017cka to kompaktowe naczynie do gotowania w terenie. Trzycz\u0119\u015bciowa, z uchwytem do zawieszania. \u0141atwa do umycia ciep\u0142\u0105 wod\u0105.","og_url":"https:\/\/toidupakk.ee\/pl\/toode\/menazka\/","og_site_name":"Toidupakk.ee - Tactical Foodpack toidupakid","article_publisher":"https:\/\/www.facebook.com\/Toidupakk","article_modified_time":"2026-04-15T19:31:10+00:00","og_image":[{"width":1080,"height":1080,"url":"https:\/\/toidupakk.ee\/wp-content\/uploads\/2023\/08\/katelok.png","type":"image\/png"}],"twitter_card":"summary_large_image","twitter_misc":{"Szacowany czas czytania":"1 minuta"},"schema":{"@context":"https:\/\/schema.org","@graph":[{"@type":"WebPage","@id":"https:\/\/toidupakk.ee\/pl\/toode\/menazka\/","url":"https:\/\/toidupakk.ee\/pl\/toode\/menazka\/","name":"Mena\u017cka","isPartOf":{"@id":"https:\/\/toidupakk.ee\/pl\/#website"},"primaryImageOfPage":{"@id":"https:\/\/toidupakk.ee\/pl\/toode\/menazka\/#primaryimage"},"image":{"@id":"https:\/\/toidupakk.ee\/pl\/toode\/menazka\/#primaryimage"},"thumbnailUrl":"https:\/\/toidupakk.ee\/wp-content\/uploads\/2023\/08\/katelok.png","datePublished":"2023-08-02T13:18:35+00:00","dateModified":"2026-04-15T19:31:10+00:00","description":"Mena\u017cka to kompaktowe naczynie do gotowania w terenie. Trzycz\u0119\u015bciowa, z uchwytem do zawieszania. \u0141atwa do umycia ciep\u0142\u0105 wod\u0105.","breadcrumb":{"@id":"https:\/\/toidupakk.ee\/pl\/toode\/menazka\/#breadcrumb"},"inLanguage":"pl-PL","potentialAction":[{"@type":"ReadAction","target":["https:\/\/toidupakk.ee\/pl\/toode\/menazka\/"]}]},{"@type":"ImageObject","inLanguage":"pl-PL","@id":"https:\/\/toidupakk.ee\/pl\/toode\/menazka\/#primaryimage","url":"https:\/\/toidupakk.ee\/wp-content\/uploads\/2023\/08\/katelok.png","contentUrl":"https:\/\/toidupakk.ee\/wp-content\/uploads\/2023\/08\/katelok.png","width":1080,"height":1080,"caption":"katelok"},{"@type":"BreadcrumbList","@id":"https:\/\/toidupakk.ee\/pl\/toode\/menazka\/#breadcrumb","itemListElement":[{"@type":"ListItem","position":1,"name":"Avaleht","item":"https:\/\/toidupakk.ee\/pl\/"},{"@type":"ListItem","position":2,"name":"Sklep internetowy","item":"https:\/\/toidupakk.ee\/pl\/sklep-internetowy\/"},{"@type":"ListItem","position":3,"name":"Mena\u017cka"}]},{"@type":"WebSite","@id":"https:\/\/toidupakk.ee\/pl\/#website","url":"https:\/\/toidupakk.ee\/pl\/","name":"Toidupakk.ee - Tactical Foodpack toidupakid","description":"Tactical Foodpack k\u00fclmkuivatatud toidupakid ja matkaeined","publisher":{"@id":"https:\/\/toidupakk.ee\/pl\/#organization"},"potentialAction":[{"@type":"SearchAction","target":{"@type":"EntryPoint","urlTemplate":"https:\/\/toidupakk.ee\/pl\/?s={search_term_string}"},"query-input":{"@type":"PropertyValueSpecification","valueRequired":true,"valueName":"search_term_string"}}],"inLanguage":"pl-PL"},{"@type":"Organization","@id":"https:\/\/toidupakk.ee\/pl\/#organization","name":"Tactical Foodpack matkaeined","url":"https:\/\/toidupakk.ee\/pl\/","logo":{"@type":"ImageObject","inLanguage":"pl-PL","@id":"https:\/\/toidupakk.ee\/pl\/#\/schema\/logo\/image\/","url":"https:\/\/toidupakk.ee\/wp-content\/uploads\/2022\/01\/Toidupakk-matkapood-logo-transparent.png","contentUrl":"https:\/\/toidupakk.ee\/wp-content\/uploads\/2022\/01\/Toidupakk-matkapood-logo-transparent.png","width":500,"height":500,"caption":"Tactical Foodpack matkaeined"},"image":{"@id":"https:\/\/toidupakk.ee\/pl\/#\/schema\/logo\/image\/"},"sameAs":["https:\/\/www.facebook.com\/Toidupakk","https:\/\/www.instagram.com\/toidupakk\/"]}]}},"jetpack_sharing_enabled":true,"_links":{"self":[{"href":"https:\/\/toidupakk.ee\/pl\/wp-json\/wp\/v2\/product\/51295","targetHints":{"allow":["GET"]}}],"collection":[{"href":"https:\/\/toidupakk.ee\/pl\/wp-json\/wp\/v2\/product"}],"about":[{"href":"https:\/\/toidupakk.ee\/pl\/wp-json\/wp\/v2\/types\/product"}],"replies":[{"embeddable":true,"href":"https:\/\/toidupakk.ee\/pl\/wp-json\/wp\/v2\/comments?post=51295"}],"wp:featuredmedia":[{"embeddable":true,"href":"https:\/\/toidupakk.ee\/pl\/wp-json\/wp\/v2\/media\/12413"}],"wp:attachment":[{"href":"https:\/\/toidupakk.ee\/pl\/wp-json\/wp\/v2\/media?parent=51295"}],"wp:term":[{"taxonomy":"product_brand","embeddable":true,"href":"https:\/\/toidupakk.ee\/pl\/wp-json\/wp\/v2\/product_brand?post=51295"},{"taxonomy":"product_cat","embeddable":true,"href":"https:\/\/toidupakk.ee\/pl\/wp-json\/wp\/v2\/product_cat?post=51295"},{"taxonomy":"product_tag","embeddable":true,"href":"https:\/\/toidupakk.ee\/pl\/wp-json\/wp\/v2\/product_tag?post=51295"}],"curies":[{"name":"wp","href":"https:\/\/api.w.org\/{rel}","templated":true}]}}