{"id":51255,"date":"2023-08-07T16:23:52","date_gmt":"2023-08-07T13:23:52","guid":{"rendered":"https:\/\/toidupakk.ee\/toode\/saperka-lopata-skladana-mil-tec\/"},"modified":"2026-04-13T19:01:50","modified_gmt":"2026-04-13T16:01:50","slug":"saperka-lopata-skladana-mil-tec","status":"publish","type":"product","link":"https:\/\/toidupakk.ee\/pl\/toode\/saperka-lopata-skladana-mil-tec\/","title":{"rendered":"Saperka \u2013 \u0142opata sk\u0142adana MIL-TEC\u00ae"},"content":{"rendered":"<h1>Saperka \u2013 \u0142opata sk\u0142adana<\/h1>\n<p>B\u0105d\u017a gotowy na niespodziewane sytuacje. Ta wszechstronna i kompaktowa saperka to niezawodny pomocnik w ka\u017cdych warunkach pogodowych.<br \/>\nOd rozpalania ogniska i odkopywania auta ze \u015bniegu po prace w ogrodzie \u2013 ta \u0142opata to \u015bwietne narz\u0119dzie.<br \/>\n<strong>Wi\u0119cej ni\u017c tylko \u0142opata<\/strong> \u2013 to wszechstronne i niezb\u0119dne narz\u0119dzie dla entuzjast\u00f3w outdooru, turyst\u00f3w i ka\u017cdego, kto ceni kompaktowy, trwa\u0142y i uniwersalny sprz\u0119t.<\/p>\n<p><img fetchpriority=\"high\" decoding=\"async\" class=\"alignright wp-image-12607 size-thumbnail\" src=\"https:\/\/toidupakk.ee\/wp-content\/uploads\/2023\/08\/sapoorilabidas-kokkupandult-500x500.png\" alt=\"saperka po z\u0142o\u017ceniu\" width=\"500\" height=\"500\" srcset=\"https:\/\/toidupakk.ee\/wp-content\/uploads\/2023\/08\/sapoorilabidas-kokkupandult-500x500.png 500w, https:\/\/toidupakk.ee\/wp-content\/uploads\/2023\/08\/sapoorilabidas-kokkupandult-400x400.png 400w, https:\/\/toidupakk.ee\/wp-content\/uploads\/2023\/08\/sapoorilabidas-kokkupandult-100x100.png 100w, https:\/\/toidupakk.ee\/wp-content\/uploads\/2023\/08\/sapoorilabidas-kokkupandult-800x800.png 800w, https:\/\/toidupakk.ee\/wp-content\/uploads\/2023\/08\/sapoorilabidas-kokkupandult-300x300.png 300w, https:\/\/toidupakk.ee\/wp-content\/uploads\/2023\/08\/sapoorilabidas-kokkupandult-1024x1024.png 1024w, https:\/\/toidupakk.ee\/wp-content\/uploads\/2023\/08\/sapoorilabidas-kokkupandult-768x768.png 768w, https:\/\/toidupakk.ee\/wp-content\/uploads\/2023\/08\/sapoorilabidas-kokkupandult.png 1080w\" sizes=\"(max-width: 500px) 100vw, 500px\" \/><\/p>\n<p>UWAGA! Z\u0142o\u017cenie \u0142opaty jest dziecinnie proste.<\/p>\n<p>Przemy\u015blana konstrukcja pozwala na kompaktowe z\u0142o\u017cenie \u0142opaty, dzi\u0119ki czemu zajmuje minimum miejsca w plecaku, baga\u017cniku auta czy ekwipunku turystycznym.<\/p>\n<p>Uchwyt \u0142opaty zosta\u0142 zaprojektowany z my\u015bl\u0105 o wygodnym i pewnym chwycie, co zmniejsza zm\u0119czenie d\u0142oni podczas d\u0142ugiej pracy.<\/p>\n<p>Znajd\u017a inspiracj\u0119 na kolejne przygody na <a href=\"https:\/\/www.instagram.com\/toidupakk\/\">Instagramie<\/a> i <a href=\"https:\/\/www.facebook.com\/Toidupakk\/\">Facebooku<\/a> Toidupakk.<\/p>\n<p>Zobacz sprz\u0119t turystyczny <a href=\"https:\/\/toidupakk.ee\/pl\/tootekategooria\/sprzet-turystyczny\/#section-3-79\">TUTAJ<\/a>.<\/p>\n","protected":false},"excerpt":{"rendered":"<p><strong>Saperka \u2013 \u0142opata sk\u0142adana to wa\u017cny element wyposa\u017cenia plecaka turystycznego lub zestawu w\u0119dkarskiego.<\/strong><\/p>\n<ul>\n<li>Mocne stalowe ostrze \u0142opaty<\/li>\n<li>Jedna kraw\u0119d\u017a ostrza jest z\u0105bkowana, co u\u0142atwia kopanie w ziemi przero\u015bni\u0119tej korzeniami.<\/li>\n<li>Kompaktowa \u2013 sk\u0142ada si\u0119 do niewielkich rozmiar\u00f3w<\/li>\n<li>Metalowa konstrukcja jest wytrzyma\u0142a i nie p\u0119knie przy prawid\u0142owym u\u017cytkowaniu.<\/li>\n<li>Wygodna i praktyczna<\/li>\n<li>Niezast\u0105pione narz\u0119dzie dla <strong>\u017co\u0142nierza, turysty, w\u0119dkarza, my\u015bliwego, kierowcy<\/strong> itd.<\/li>\n<li>Wymiary po z\u0142o\u017ceniu: 24 x 15 cm. Grubo\u015b\u0107 6 cm. <\/li>\n<li>Wymiary po roz\u0142o\u017ceniu: 61 cm, ostrze \u0142opaty 21 x 16 cm.<\/li>\n<li>Waga: 1,6 kg<\/li>\n<\/ul>\n<p>\u2705 Dost\u0119pne w magazynie, szybka dostawa w 1\u20133 dni robocze<\/p>\n","protected":false},"featured_media":51262,"comment_status":"open","ping_status":"closed","template":"","meta":{"_acf_changed":false},"product_brand":[],"product_cat":[303,317,301,304],"product_tag":[],"class_list":{"0":"post-51255","1":"product","2":"type-product","3":"status-publish","4":"has-post-thumbnail","6":"product_cat-akcesoria-turystyczne","7":"product_cat-mil-tec","8":"product_cat-sprzet-turystyczny","9":"product_cat-wyposazenie-militarne","11":"first","12":"instock","13":"sale","14":"taxable","15":"shipping-taxable","16":"purchasable","17":"product-type-variable","18":"has-default-attributes"},"bundled_by":[],"bundle_stock_status":"instock","bundle_stock_quantity":null,"bundle_virtual":false,"bundle_layout":"","bundle_add_to_cart_form_location":"","bundle_editable_in_cart":false,"bundle_sold_individually_context":"","bundle_item_grouping":"","bundle_min_size":"","bundle_max_size":"","bundle_price":[],"bundled_items":[],"bundle_sell_ids":[],"acf":[],"yoast_head":"<!-- This site is optimized with the Yoast SEO plugin v27.3 - https:\/\/yoast.com\/product\/yoast-seo-wordpress\/ -->\n<title>Saperka \u2013 \u0142opata sk\u0142adana MIL-TEC\u00ae<\/title>\n<meta name=\"description\" content=\"Saperka \u2013 \u0142opata sk\u0142adana to niezawodne i wytrzyma\u0142e narz\u0119dzie dla \u017co\u0142nierza, turysty, w\u0119dkarza, kierowcy, my\u015bliwego...\" \/>\n<meta name=\"robots\" content=\"index, follow, max-snippet:-1, max-image-preview:large, max-video-preview:-1\" \/>\n<link rel=\"canonical\" href=\"https:\/\/toidupakk.ee\/pl\/toode\/saperka-lopata-skladana-mil-tec\/\" \/>\n<meta property=\"og:locale\" content=\"pl_PL\" \/>\n<meta property=\"og:type\" content=\"article\" \/>\n<meta property=\"og:title\" content=\"Saperka \u2013 \u0142opata sk\u0142adana MIL-TEC\u00ae\" \/>\n<meta property=\"og:description\" content=\"Saperka \u2013 \u0142opata sk\u0142adana to niezawodne i wytrzyma\u0142e narz\u0119dzie dla \u017co\u0142nierza, turysty, w\u0119dkarza, kierowcy, my\u015bliwego...\" \/>\n<meta property=\"og:url\" content=\"https:\/\/toidupakk.ee\/pl\/toode\/saperka-lopata-skladana-mil-tec\/\" \/>\n<meta property=\"og:site_name\" content=\"Toidupakk.ee - Tactical Foodpack toidupakid\" \/>\n<meta property=\"article:publisher\" content=\"https:\/\/www.facebook.com\/Toidupakk\" \/>\n<meta property=\"article:modified_time\" content=\"2026-04-13T16:01:50+00:00\" \/>\n<meta property=\"og:image\" content=\"https:\/\/toidupakk.ee\/wp-content\/uploads\/2023\/08\/Sapoorilabidas-kokkupandav-labidas-1.png\" \/>\n\t<meta property=\"og:image:width\" content=\"800\" \/>\n\t<meta property=\"og:image:height\" content=\"800\" \/>\n\t<meta property=\"og:image:type\" content=\"image\/png\" \/>\n<meta name=\"twitter:card\" content=\"summary_large_image\" \/>\n<meta name=\"twitter:label1\" content=\"Szacowany czas czytania\" \/>\n\t<meta name=\"twitter:data1\" content=\"1 minuta\" \/>\n<script type=\"application\/ld+json\" class=\"yoast-schema-graph\">{\"@context\":\"https:\\\/\\\/schema.org\",\"@graph\":[{\"@type\":\"WebPage\",\"@id\":\"https:\\\/\\\/toidupakk.ee\\\/pl\\\/toode\\\/saperka-lopata-skladana-mil-tec\\\/\",\"url\":\"https:\\\/\\\/toidupakk.ee\\\/pl\\\/toode\\\/saperka-lopata-skladana-mil-tec\\\/\",\"name\":\"Saperka \u2013 \u0142opata sk\u0142adana MIL-TEC\u00ae\",\"isPartOf\":{\"@id\":\"https:\\\/\\\/toidupakk.ee\\\/pl\\\/#website\"},\"primaryImageOfPage\":{\"@id\":\"https:\\\/\\\/toidupakk.ee\\\/pl\\\/toode\\\/saperka-lopata-skladana-mil-tec\\\/#primaryimage\"},\"image\":{\"@id\":\"https:\\\/\\\/toidupakk.ee\\\/pl\\\/toode\\\/saperka-lopata-skladana-mil-tec\\\/#primaryimage\"},\"thumbnailUrl\":\"https:\\\/\\\/toidupakk.ee\\\/wp-content\\\/uploads\\\/2023\\\/08\\\/Sapoorilabidas-kokkupandav-labidas-1.png\",\"datePublished\":\"2023-08-07T13:23:52+00:00\",\"dateModified\":\"2026-04-13T16:01:50+00:00\",\"description\":\"Saperka \u2013 \u0142opata sk\u0142adana to niezawodne i wytrzyma\u0142e narz\u0119dzie dla \u017co\u0142nierza, turysty, w\u0119dkarza, kierowcy, my\u015bliwego...\",\"breadcrumb\":{\"@id\":\"https:\\\/\\\/toidupakk.ee\\\/pl\\\/toode\\\/saperka-lopata-skladana-mil-tec\\\/#breadcrumb\"},\"inLanguage\":\"pl-PL\",\"potentialAction\":[{\"@type\":\"ReadAction\",\"target\":[\"https:\\\/\\\/toidupakk.ee\\\/pl\\\/toode\\\/saperka-lopata-skladana-mil-tec\\\/\"]}]},{\"@type\":\"ImageObject\",\"inLanguage\":\"pl-PL\",\"@id\":\"https:\\\/\\\/toidupakk.ee\\\/pl\\\/toode\\\/saperka-lopata-skladana-mil-tec\\\/#primaryimage\",\"url\":\"https:\\\/\\\/toidupakk.ee\\\/wp-content\\\/uploads\\\/2023\\\/08\\\/Sapoorilabidas-kokkupandav-labidas-1.png\",\"contentUrl\":\"https:\\\/\\\/toidupakk.ee\\\/wp-content\\\/uploads\\\/2023\\\/08\\\/Sapoorilabidas-kokkupandav-labidas-1.png\",\"width\":800,\"height\":800},{\"@type\":\"BreadcrumbList\",\"@id\":\"https:\\\/\\\/toidupakk.ee\\\/pl\\\/toode\\\/saperka-lopata-skladana-mil-tec\\\/#breadcrumb\",\"itemListElement\":[{\"@type\":\"ListItem\",\"position\":1,\"name\":\"Avaleht\",\"item\":\"https:\\\/\\\/toidupakk.ee\\\/pl\\\/\"},{\"@type\":\"ListItem\",\"position\":2,\"name\":\"Sklep internetowy\",\"item\":\"https:\\\/\\\/toidupakk.ee\\\/pl\\\/sklep-internetowy\\\/\"},{\"@type\":\"ListItem\",\"position\":3,\"name\":\"Saperka \u2013 \u0142opata sk\u0142adana MIL-TEC\u00ae\"}]},{\"@type\":\"WebSite\",\"@id\":\"https:\\\/\\\/toidupakk.ee\\\/pl\\\/#website\",\"url\":\"https:\\\/\\\/toidupakk.ee\\\/pl\\\/\",\"name\":\"Toidupakk.ee - Tactical Foodpack toidupakid\",\"description\":\"Tactical Foodpack k\u00fclmkuivatatud toidupakid ja matkaeined\",\"publisher\":{\"@id\":\"https:\\\/\\\/toidupakk.ee\\\/pl\\\/#organization\"},\"potentialAction\":[{\"@type\":\"SearchAction\",\"target\":{\"@type\":\"EntryPoint\",\"urlTemplate\":\"https:\\\/\\\/toidupakk.ee\\\/pl\\\/?s={search_term_string}\"},\"query-input\":{\"@type\":\"PropertyValueSpecification\",\"valueRequired\":true,\"valueName\":\"search_term_string\"}}],\"inLanguage\":\"pl-PL\"},{\"@type\":\"Organization\",\"@id\":\"https:\\\/\\\/toidupakk.ee\\\/pl\\\/#organization\",\"name\":\"Tactical Foodpack matkaeined\",\"url\":\"https:\\\/\\\/toidupakk.ee\\\/pl\\\/\",\"logo\":{\"@type\":\"ImageObject\",\"inLanguage\":\"pl-PL\",\"@id\":\"https:\\\/\\\/toidupakk.ee\\\/pl\\\/#\\\/schema\\\/logo\\\/image\\\/\",\"url\":\"https:\\\/\\\/toidupakk.ee\\\/wp-content\\\/uploads\\\/2022\\\/01\\\/Toidupakk-matkapood-logo-transparent.png\",\"contentUrl\":\"https:\\\/\\\/toidupakk.ee\\\/wp-content\\\/uploads\\\/2022\\\/01\\\/Toidupakk-matkapood-logo-transparent.png\",\"width\":500,\"height\":500,\"caption\":\"Tactical Foodpack matkaeined\"},\"image\":{\"@id\":\"https:\\\/\\\/toidupakk.ee\\\/pl\\\/#\\\/schema\\\/logo\\\/image\\\/\"},\"sameAs\":[\"https:\\\/\\\/www.facebook.com\\\/Toidupakk\",\"https:\\\/\\\/www.instagram.com\\\/toidupakk\\\/\"]}]}<\/script>\n<!-- \/ Yoast SEO plugin. -->","yoast_head_json":{"title":"Saperka \u2013 \u0142opata sk\u0142adana MIL-TEC\u00ae","description":"Saperka \u2013 \u0142opata sk\u0142adana to niezawodne i wytrzyma\u0142e narz\u0119dzie dla \u017co\u0142nierza, turysty, w\u0119dkarza, kierowcy, my\u015bliwego...","robots":{"index":"index","follow":"follow","max-snippet":"max-snippet:-1","max-image-preview":"max-image-preview:large","max-video-preview":"max-video-preview:-1"},"canonical":"https:\/\/toidupakk.ee\/pl\/toode\/saperka-lopata-skladana-mil-tec\/","og_locale":"pl_PL","og_type":"article","og_title":"Saperka \u2013 \u0142opata sk\u0142adana MIL-TEC\u00ae","og_description":"Saperka \u2013 \u0142opata sk\u0142adana to niezawodne i wytrzyma\u0142e narz\u0119dzie dla \u017co\u0142nierza, turysty, w\u0119dkarza, kierowcy, my\u015bliwego...","og_url":"https:\/\/toidupakk.ee\/pl\/toode\/saperka-lopata-skladana-mil-tec\/","og_site_name":"Toidupakk.ee - Tactical Foodpack toidupakid","article_publisher":"https:\/\/www.facebook.com\/Toidupakk","article_modified_time":"2026-04-13T16:01:50+00:00","og_image":[{"width":800,"height":800,"url":"https:\/\/toidupakk.ee\/wp-content\/uploads\/2023\/08\/Sapoorilabidas-kokkupandav-labidas-1.png","type":"image\/png"}],"twitter_card":"summary_large_image","twitter_misc":{"Szacowany czas czytania":"1 minuta"},"schema":{"@context":"https:\/\/schema.org","@graph":[{"@type":"WebPage","@id":"https:\/\/toidupakk.ee\/pl\/toode\/saperka-lopata-skladana-mil-tec\/","url":"https:\/\/toidupakk.ee\/pl\/toode\/saperka-lopata-skladana-mil-tec\/","name":"Saperka \u2013 \u0142opata sk\u0142adana MIL-TEC\u00ae","isPartOf":{"@id":"https:\/\/toidupakk.ee\/pl\/#website"},"primaryImageOfPage":{"@id":"https:\/\/toidupakk.ee\/pl\/toode\/saperka-lopata-skladana-mil-tec\/#primaryimage"},"image":{"@id":"https:\/\/toidupakk.ee\/pl\/toode\/saperka-lopata-skladana-mil-tec\/#primaryimage"},"thumbnailUrl":"https:\/\/toidupakk.ee\/wp-content\/uploads\/2023\/08\/Sapoorilabidas-kokkupandav-labidas-1.png","datePublished":"2023-08-07T13:23:52+00:00","dateModified":"2026-04-13T16:01:50+00:00","description":"Saperka \u2013 \u0142opata sk\u0142adana to niezawodne i wytrzyma\u0142e narz\u0119dzie dla \u017co\u0142nierza, turysty, w\u0119dkarza, kierowcy, my\u015bliwego...","breadcrumb":{"@id":"https:\/\/toidupakk.ee\/pl\/toode\/saperka-lopata-skladana-mil-tec\/#breadcrumb"},"inLanguage":"pl-PL","potentialAction":[{"@type":"ReadAction","target":["https:\/\/toidupakk.ee\/pl\/toode\/saperka-lopata-skladana-mil-tec\/"]}]},{"@type":"ImageObject","inLanguage":"pl-PL","@id":"https:\/\/toidupakk.ee\/pl\/toode\/saperka-lopata-skladana-mil-tec\/#primaryimage","url":"https:\/\/toidupakk.ee\/wp-content\/uploads\/2023\/08\/Sapoorilabidas-kokkupandav-labidas-1.png","contentUrl":"https:\/\/toidupakk.ee\/wp-content\/uploads\/2023\/08\/Sapoorilabidas-kokkupandav-labidas-1.png","width":800,"height":800},{"@type":"BreadcrumbList","@id":"https:\/\/toidupakk.ee\/pl\/toode\/saperka-lopata-skladana-mil-tec\/#breadcrumb","itemListElement":[{"@type":"ListItem","position":1,"name":"Avaleht","item":"https:\/\/toidupakk.ee\/pl\/"},{"@type":"ListItem","position":2,"name":"Sklep internetowy","item":"https:\/\/toidupakk.ee\/pl\/sklep-internetowy\/"},{"@type":"ListItem","position":3,"name":"Saperka \u2013 \u0142opata sk\u0142adana MIL-TEC\u00ae"}]},{"@type":"WebSite","@id":"https:\/\/toidupakk.ee\/pl\/#website","url":"https:\/\/toidupakk.ee\/pl\/","name":"Toidupakk.ee - Tactical Foodpack toidupakid","description":"Tactical Foodpack k\u00fclmkuivatatud toidupakid ja matkaeined","publisher":{"@id":"https:\/\/toidupakk.ee\/pl\/#organization"},"potentialAction":[{"@type":"SearchAction","target":{"@type":"EntryPoint","urlTemplate":"https:\/\/toidupakk.ee\/pl\/?s={search_term_string}"},"query-input":{"@type":"PropertyValueSpecification","valueRequired":true,"valueName":"search_term_string"}}],"inLanguage":"pl-PL"},{"@type":"Organization","@id":"https:\/\/toidupakk.ee\/pl\/#organization","name":"Tactical Foodpack matkaeined","url":"https:\/\/toidupakk.ee\/pl\/","logo":{"@type":"ImageObject","inLanguage":"pl-PL","@id":"https:\/\/toidupakk.ee\/pl\/#\/schema\/logo\/image\/","url":"https:\/\/toidupakk.ee\/wp-content\/uploads\/2022\/01\/Toidupakk-matkapood-logo-transparent.png","contentUrl":"https:\/\/toidupakk.ee\/wp-content\/uploads\/2022\/01\/Toidupakk-matkapood-logo-transparent.png","width":500,"height":500,"caption":"Tactical Foodpack matkaeined"},"image":{"@id":"https:\/\/toidupakk.ee\/pl\/#\/schema\/logo\/image\/"},"sameAs":["https:\/\/www.facebook.com\/Toidupakk","https:\/\/www.instagram.com\/toidupakk\/"]}]}},"jetpack_sharing_enabled":true,"_links":{"self":[{"href":"https:\/\/toidupakk.ee\/pl\/wp-json\/wp\/v2\/product\/51255","targetHints":{"allow":["GET"]}}],"collection":[{"href":"https:\/\/toidupakk.ee\/pl\/wp-json\/wp\/v2\/product"}],"about":[{"href":"https:\/\/toidupakk.ee\/pl\/wp-json\/wp\/v2\/types\/product"}],"replies":[{"embeddable":true,"href":"https:\/\/toidupakk.ee\/pl\/wp-json\/wp\/v2\/comments?post=51255"}],"wp:featuredmedia":[{"embeddable":true,"href":"https:\/\/toidupakk.ee\/pl\/wp-json\/wp\/v2\/media\/51262"}],"wp:attachment":[{"href":"https:\/\/toidupakk.ee\/pl\/wp-json\/wp\/v2\/media?parent=51255"}],"wp:term":[{"taxonomy":"product_brand","embeddable":true,"href":"https:\/\/toidupakk.ee\/pl\/wp-json\/wp\/v2\/product_brand?post=51255"},{"taxonomy":"product_cat","embeddable":true,"href":"https:\/\/toidupakk.ee\/pl\/wp-json\/wp\/v2\/product_cat?post=51255"},{"taxonomy":"product_tag","embeddable":true,"href":"https:\/\/toidupakk.ee\/pl\/wp-json\/wp\/v2\/product_tag?post=51255"}],"curies":[{"name":"wp","href":"https:\/\/api.w.org\/{rel}","templated":true}]}}