{"id":51253,"date":"2023-08-09T16:27:27","date_gmt":"2023-08-09T13:27:27","guid":{"rendered":"https:\/\/toidupakk.ee\/toode\/czapka-z-daszkiem-flexfit\/"},"modified":"2026-04-29T21:00:52","modified_gmt":"2026-04-29T18:00:52","slug":"czapka-z-daszkiem-flexfit","status":"publish","type":"product","link":"https:\/\/toidupakk.ee\/pl\/toode\/czapka-z-daszkiem-flexfit\/","title":{"rendered":"Czapka z daszkiem Flexfit"},"content":{"rendered":"<p>Czapka z daszkiem Flexfit to stylowy i wygodny model z elastyczn\u0105 ta\u015bm\u0105 A-Flex, zapewniaj\u0105c\u0105 idealne dopasowanie. Ta dopasowana bejsbol\u00f3wka jest szczeg\u00f3lnie popularna w\u015br\u00f3d wojskowych, oferuj\u0105c komfort i styl aktywnym u\u017cytkownikom. <\/p>\n<p>Elastyczna ta\u015bma A-Flex pozwala czapce Flexfit dopasowa\u0107 si\u0119 do r\u00f3\u017cnych rozmiar\u00f3w g\u0142owy, gwarantuj\u0105c wygod\u0119 bez konieczno\u015bci regulacji. To idealny wyb\u00f3r dla os\u00f3b szukaj\u0105cych komfortu i stylu, zar\u00f3wno na co dzie\u0144, jak i podczas przyg\u00f3d w terenie. <\/p>\n<p>Ta czapka z daszkiem, idealna zar\u00f3wno dla m\u0119\u017cczyzn, jak i kobiet, to stylowy i praktyczny dodatek, kt\u00f3ry \u015bwietnie uzupe\u0142nia r\u00f3\u017cne stylizacje. Jako\u015b\u0107 marki Fostex Garments zapewnia trwa\u0142o\u015b\u0107 i niezawodno\u015b\u0107, czyni\u0105c j\u0105 po\u017c\u0105danym wyborem dla ka\u017cdego, kto ceni jako\u015b\u0107 i modny design. <\/p>\n<p>&nbsp;<\/p>\n<p><img decoding=\"async\" class=\"alignnone size-medium wp-image-12692\" src=\"https:\/\/toidupakk.ee\/wp-content\/uploads\/2023\/08\/Fostex-Garments-logo-300x126.png\" alt=\"logo fostex\" width=\"300\" height=\"126\" srcset=\"https:\/\/toidupakk.ee\/wp-content\/uploads\/2023\/08\/Fostex-Garments-logo-300x126.png 300w, https:\/\/toidupakk.ee\/wp-content\/uploads\/2023\/08\/Fostex-Garments-logo.png 420w\" sizes=\"(max-width: 300px) 100vw, 300px\" \/><\/p>\n<p>Znajd\u017a inspiracj\u0119 na kolejne przygody na <a href=\"https:\/\/www.instagram.com\/toidupakk\/\">Instagramie<\/a> i <a href=\"https:\/\/www.facebook.com\/Toidupakk\/\">Facebooku<\/a> Toidupakk.<\/p>\n<p>Zobacz sprz\u0119t turystyczny <a href=\"https:\/\/toidupakk.ee\/pl\/tootekategooria\/sprzet-turystyczny\/#section-3-79\">TUTAJ<\/a>.<\/p>\n","protected":false},"excerpt":{"rendered":"<p>Czapka z daszkiem Flexfit to stylowy i wygodny model z elastyczn\u0105 ta\u015bm\u0105 A-Flex, idealny dla os\u00f3b aktywnych i szczeg\u00f3lnie popularny w wojsku. Doskona\u0142y wyb\u00f3r dla kogo\u015b, kto preferuje ubi\u00f3r w pe\u0142nej czerni. Technologia A-Flex zapewnia mi\u0119kko\u015b\u0107 i komfort podczas noszenia.  <\/p>\n<ul>\n<li>Kolor: czarny<\/li>\n<li>Rozmiar: Flexfit \u2013 <em>one size fits all \/ rozmiar uniwersalny dzi\u0119ki technologii Flexfit<\/em><\/li>\n<\/ul>\n<p>\u2705 Czas dostawy: 1-3 dni robocze<br \/>\n\u2705 BEZP\u0141ATNY zwrot i wymiana<\/p>\n","protected":false},"featured_media":12498,"comment_status":"open","ping_status":"closed","template":"","meta":{"_acf_changed":false},"product_brand":[],"product_cat":[303,385,319,301],"product_tag":[],"class_list":{"0":"post-51253","1":"product","2":"type-product","3":"status-publish","4":"has-post-thumbnail","6":"product_cat-akcesoria-turystyczne","7":"product_cat-czapki-z-daszkiem","8":"product_cat-odziez","9":"product_cat-sprzet-turystyczny","11":"first","12":"instock","13":"sale","14":"taxable","15":"shipping-taxable","16":"purchasable","17":"product-type-simple"},"bundled_by":[],"bundle_stock_status":"instock","bundle_stock_quantity":9,"bundle_virtual":false,"bundle_layout":"","bundle_add_to_cart_form_location":"","bundle_editable_in_cart":false,"bundle_sold_individually_context":"","bundle_item_grouping":"","bundle_min_size":"","bundle_max_size":"","bundle_price":[],"bundled_items":[],"bundle_sell_ids":[],"acf":[],"yoast_head":"<!-- This site is optimized with the Yoast SEO plugin v27.3 - https:\/\/yoast.com\/product\/yoast-seo-wordpress\/ -->\n<title>Czapka z daszkiem Flexfit<\/title>\n<meta name=\"description\" content=\"Czapka z daszkiem Flexfit to wszechstronny model z wygodn\u0105, elastyczn\u0105 ta\u015bm\u0105, idealny dla os\u00f3b prowadz\u0105cych aktywny tryb \u017cycia.\" \/>\n<meta name=\"robots\" content=\"index, follow, max-snippet:-1, max-image-preview:large, max-video-preview:-1\" \/>\n<link rel=\"canonical\" href=\"https:\/\/toidupakk.ee\/pl\/toode\/czapka-z-daszkiem-flexfit\/\" \/>\n<meta property=\"og:locale\" content=\"pl_PL\" \/>\n<meta property=\"og:type\" content=\"article\" \/>\n<meta property=\"og:title\" content=\"Czapka z daszkiem Flexfit\" \/>\n<meta property=\"og:description\" content=\"Czapka z daszkiem Flexfit to wszechstronny model z wygodn\u0105, elastyczn\u0105 ta\u015bm\u0105, idealny dla os\u00f3b prowadz\u0105cych aktywny tryb \u017cycia.\" \/>\n<meta property=\"og:url\" content=\"https:\/\/toidupakk.ee\/pl\/toode\/czapka-z-daszkiem-flexfit\/\" \/>\n<meta property=\"og:site_name\" content=\"Toidupakk.ee - Tactical Foodpack toidupakid\" \/>\n<meta property=\"article:publisher\" content=\"https:\/\/www.facebook.com\/Toidupakk\" \/>\n<meta property=\"article:modified_time\" content=\"2026-04-29T18:00:52+00:00\" \/>\n<meta property=\"og:image\" content=\"https:\/\/toidupakk.ee\/wp-content\/uploads\/2023\/08\/Nokamuts-Flexit.png\" \/>\n\t<meta property=\"og:image:width\" content=\"1080\" \/>\n\t<meta property=\"og:image:height\" content=\"1080\" \/>\n\t<meta property=\"og:image:type\" content=\"image\/png\" \/>\n<meta name=\"twitter:card\" content=\"summary_large_image\" \/>\n<meta name=\"twitter:label1\" content=\"Szacowany czas czytania\" \/>\n\t<meta name=\"twitter:data1\" content=\"1 minuta\" \/>\n<script type=\"application\/ld+json\" class=\"yoast-schema-graph\">{\"@context\":\"https:\\\/\\\/schema.org\",\"@graph\":[{\"@type\":\"WebPage\",\"@id\":\"https:\\\/\\\/toidupakk.ee\\\/pl\\\/toode\\\/czapka-z-daszkiem-flexfit\\\/\",\"url\":\"https:\\\/\\\/toidupakk.ee\\\/pl\\\/toode\\\/czapka-z-daszkiem-flexfit\\\/\",\"name\":\"Czapka z daszkiem Flexfit\",\"isPartOf\":{\"@id\":\"https:\\\/\\\/toidupakk.ee\\\/pl\\\/#website\"},\"primaryImageOfPage\":{\"@id\":\"https:\\\/\\\/toidupakk.ee\\\/pl\\\/toode\\\/czapka-z-daszkiem-flexfit\\\/#primaryimage\"},\"image\":{\"@id\":\"https:\\\/\\\/toidupakk.ee\\\/pl\\\/toode\\\/czapka-z-daszkiem-flexfit\\\/#primaryimage\"},\"thumbnailUrl\":\"https:\\\/\\\/toidupakk.ee\\\/wp-content\\\/uploads\\\/2023\\\/08\\\/Nokamuts-Flexit.png\",\"datePublished\":\"2023-08-09T13:27:27+00:00\",\"dateModified\":\"2026-04-29T18:00:52+00:00\",\"description\":\"Czapka z daszkiem Flexfit to wszechstronny model z wygodn\u0105, elastyczn\u0105 ta\u015bm\u0105, idealny dla os\u00f3b prowadz\u0105cych aktywny tryb \u017cycia.\",\"breadcrumb\":{\"@id\":\"https:\\\/\\\/toidupakk.ee\\\/pl\\\/toode\\\/czapka-z-daszkiem-flexfit\\\/#breadcrumb\"},\"inLanguage\":\"pl-PL\",\"potentialAction\":[{\"@type\":\"ReadAction\",\"target\":[\"https:\\\/\\\/toidupakk.ee\\\/pl\\\/toode\\\/czapka-z-daszkiem-flexfit\\\/\"]}]},{\"@type\":\"ImageObject\",\"inLanguage\":\"pl-PL\",\"@id\":\"https:\\\/\\\/toidupakk.ee\\\/pl\\\/toode\\\/czapka-z-daszkiem-flexfit\\\/#primaryimage\",\"url\":\"https:\\\/\\\/toidupakk.ee\\\/wp-content\\\/uploads\\\/2023\\\/08\\\/Nokamuts-Flexit.png\",\"contentUrl\":\"https:\\\/\\\/toidupakk.ee\\\/wp-content\\\/uploads\\\/2023\\\/08\\\/Nokamuts-Flexit.png\",\"width\":1080,\"height\":1080,\"caption\":\"Nokam\u00fcts Flexit 1\"},{\"@type\":\"BreadcrumbList\",\"@id\":\"https:\\\/\\\/toidupakk.ee\\\/pl\\\/toode\\\/czapka-z-daszkiem-flexfit\\\/#breadcrumb\",\"itemListElement\":[{\"@type\":\"ListItem\",\"position\":1,\"name\":\"Avaleht\",\"item\":\"https:\\\/\\\/toidupakk.ee\\\/pl\\\/\"},{\"@type\":\"ListItem\",\"position\":2,\"name\":\"Sklep internetowy\",\"item\":\"https:\\\/\\\/toidupakk.ee\\\/pl\\\/sklep-internetowy\\\/\"},{\"@type\":\"ListItem\",\"position\":3,\"name\":\"Czapka z daszkiem Flexfit\"}]},{\"@type\":\"WebSite\",\"@id\":\"https:\\\/\\\/toidupakk.ee\\\/pl\\\/#website\",\"url\":\"https:\\\/\\\/toidupakk.ee\\\/pl\\\/\",\"name\":\"Toidupakk.ee - Tactical Foodpack toidupakid\",\"description\":\"Tactical Foodpack k\u00fclmkuivatatud toidupakid ja matkaeined\",\"publisher\":{\"@id\":\"https:\\\/\\\/toidupakk.ee\\\/pl\\\/#organization\"},\"potentialAction\":[{\"@type\":\"SearchAction\",\"target\":{\"@type\":\"EntryPoint\",\"urlTemplate\":\"https:\\\/\\\/toidupakk.ee\\\/pl\\\/?s={search_term_string}\"},\"query-input\":{\"@type\":\"PropertyValueSpecification\",\"valueRequired\":true,\"valueName\":\"search_term_string\"}}],\"inLanguage\":\"pl-PL\"},{\"@type\":\"Organization\",\"@id\":\"https:\\\/\\\/toidupakk.ee\\\/pl\\\/#organization\",\"name\":\"Tactical Foodpack matkaeined\",\"url\":\"https:\\\/\\\/toidupakk.ee\\\/pl\\\/\",\"logo\":{\"@type\":\"ImageObject\",\"inLanguage\":\"pl-PL\",\"@id\":\"https:\\\/\\\/toidupakk.ee\\\/pl\\\/#\\\/schema\\\/logo\\\/image\\\/\",\"url\":\"https:\\\/\\\/toidupakk.ee\\\/wp-content\\\/uploads\\\/2022\\\/01\\\/Toidupakk-matkapood-logo-transparent.png\",\"contentUrl\":\"https:\\\/\\\/toidupakk.ee\\\/wp-content\\\/uploads\\\/2022\\\/01\\\/Toidupakk-matkapood-logo-transparent.png\",\"width\":500,\"height\":500,\"caption\":\"Tactical Foodpack matkaeined\"},\"image\":{\"@id\":\"https:\\\/\\\/toidupakk.ee\\\/pl\\\/#\\\/schema\\\/logo\\\/image\\\/\"},\"sameAs\":[\"https:\\\/\\\/www.facebook.com\\\/Toidupakk\",\"https:\\\/\\\/www.instagram.com\\\/toidupakk\\\/\"]}]}<\/script>\n<!-- \/ Yoast SEO plugin. -->","yoast_head_json":{"title":"Czapka z daszkiem Flexfit","description":"Czapka z daszkiem Flexfit to wszechstronny model z wygodn\u0105, elastyczn\u0105 ta\u015bm\u0105, idealny dla os\u00f3b prowadz\u0105cych aktywny tryb \u017cycia.","robots":{"index":"index","follow":"follow","max-snippet":"max-snippet:-1","max-image-preview":"max-image-preview:large","max-video-preview":"max-video-preview:-1"},"canonical":"https:\/\/toidupakk.ee\/pl\/toode\/czapka-z-daszkiem-flexfit\/","og_locale":"pl_PL","og_type":"article","og_title":"Czapka z daszkiem Flexfit","og_description":"Czapka z daszkiem Flexfit to wszechstronny model z wygodn\u0105, elastyczn\u0105 ta\u015bm\u0105, idealny dla os\u00f3b prowadz\u0105cych aktywny tryb \u017cycia.","og_url":"https:\/\/toidupakk.ee\/pl\/toode\/czapka-z-daszkiem-flexfit\/","og_site_name":"Toidupakk.ee - Tactical Foodpack toidupakid","article_publisher":"https:\/\/www.facebook.com\/Toidupakk","article_modified_time":"2026-04-29T18:00:52+00:00","og_image":[{"width":1080,"height":1080,"url":"https:\/\/toidupakk.ee\/wp-content\/uploads\/2023\/08\/Nokamuts-Flexit.png","type":"image\/png"}],"twitter_card":"summary_large_image","twitter_misc":{"Szacowany czas czytania":"1 minuta"},"schema":{"@context":"https:\/\/schema.org","@graph":[{"@type":"WebPage","@id":"https:\/\/toidupakk.ee\/pl\/toode\/czapka-z-daszkiem-flexfit\/","url":"https:\/\/toidupakk.ee\/pl\/toode\/czapka-z-daszkiem-flexfit\/","name":"Czapka z daszkiem Flexfit","isPartOf":{"@id":"https:\/\/toidupakk.ee\/pl\/#website"},"primaryImageOfPage":{"@id":"https:\/\/toidupakk.ee\/pl\/toode\/czapka-z-daszkiem-flexfit\/#primaryimage"},"image":{"@id":"https:\/\/toidupakk.ee\/pl\/toode\/czapka-z-daszkiem-flexfit\/#primaryimage"},"thumbnailUrl":"https:\/\/toidupakk.ee\/wp-content\/uploads\/2023\/08\/Nokamuts-Flexit.png","datePublished":"2023-08-09T13:27:27+00:00","dateModified":"2026-04-29T18:00:52+00:00","description":"Czapka z daszkiem Flexfit to wszechstronny model z wygodn\u0105, elastyczn\u0105 ta\u015bm\u0105, idealny dla os\u00f3b prowadz\u0105cych aktywny tryb \u017cycia.","breadcrumb":{"@id":"https:\/\/toidupakk.ee\/pl\/toode\/czapka-z-daszkiem-flexfit\/#breadcrumb"},"inLanguage":"pl-PL","potentialAction":[{"@type":"ReadAction","target":["https:\/\/toidupakk.ee\/pl\/toode\/czapka-z-daszkiem-flexfit\/"]}]},{"@type":"ImageObject","inLanguage":"pl-PL","@id":"https:\/\/toidupakk.ee\/pl\/toode\/czapka-z-daszkiem-flexfit\/#primaryimage","url":"https:\/\/toidupakk.ee\/wp-content\/uploads\/2023\/08\/Nokamuts-Flexit.png","contentUrl":"https:\/\/toidupakk.ee\/wp-content\/uploads\/2023\/08\/Nokamuts-Flexit.png","width":1080,"height":1080,"caption":"Nokam\u00fcts Flexit 1"},{"@type":"BreadcrumbList","@id":"https:\/\/toidupakk.ee\/pl\/toode\/czapka-z-daszkiem-flexfit\/#breadcrumb","itemListElement":[{"@type":"ListItem","position":1,"name":"Avaleht","item":"https:\/\/toidupakk.ee\/pl\/"},{"@type":"ListItem","position":2,"name":"Sklep internetowy","item":"https:\/\/toidupakk.ee\/pl\/sklep-internetowy\/"},{"@type":"ListItem","position":3,"name":"Czapka z daszkiem Flexfit"}]},{"@type":"WebSite","@id":"https:\/\/toidupakk.ee\/pl\/#website","url":"https:\/\/toidupakk.ee\/pl\/","name":"Toidupakk.ee - Tactical Foodpack toidupakid","description":"Tactical Foodpack k\u00fclmkuivatatud toidupakid ja matkaeined","publisher":{"@id":"https:\/\/toidupakk.ee\/pl\/#organization"},"potentialAction":[{"@type":"SearchAction","target":{"@type":"EntryPoint","urlTemplate":"https:\/\/toidupakk.ee\/pl\/?s={search_term_string}"},"query-input":{"@type":"PropertyValueSpecification","valueRequired":true,"valueName":"search_term_string"}}],"inLanguage":"pl-PL"},{"@type":"Organization","@id":"https:\/\/toidupakk.ee\/pl\/#organization","name":"Tactical Foodpack matkaeined","url":"https:\/\/toidupakk.ee\/pl\/","logo":{"@type":"ImageObject","inLanguage":"pl-PL","@id":"https:\/\/toidupakk.ee\/pl\/#\/schema\/logo\/image\/","url":"https:\/\/toidupakk.ee\/wp-content\/uploads\/2022\/01\/Toidupakk-matkapood-logo-transparent.png","contentUrl":"https:\/\/toidupakk.ee\/wp-content\/uploads\/2022\/01\/Toidupakk-matkapood-logo-transparent.png","width":500,"height":500,"caption":"Tactical Foodpack matkaeined"},"image":{"@id":"https:\/\/toidupakk.ee\/pl\/#\/schema\/logo\/image\/"},"sameAs":["https:\/\/www.facebook.com\/Toidupakk","https:\/\/www.instagram.com\/toidupakk\/"]}]}},"jetpack_sharing_enabled":true,"_links":{"self":[{"href":"https:\/\/toidupakk.ee\/pl\/wp-json\/wp\/v2\/product\/51253","targetHints":{"allow":["GET"]}}],"collection":[{"href":"https:\/\/toidupakk.ee\/pl\/wp-json\/wp\/v2\/product"}],"about":[{"href":"https:\/\/toidupakk.ee\/pl\/wp-json\/wp\/v2\/types\/product"}],"replies":[{"embeddable":true,"href":"https:\/\/toidupakk.ee\/pl\/wp-json\/wp\/v2\/comments?post=51253"}],"wp:featuredmedia":[{"embeddable":true,"href":"https:\/\/toidupakk.ee\/pl\/wp-json\/wp\/v2\/media\/12498"}],"wp:attachment":[{"href":"https:\/\/toidupakk.ee\/pl\/wp-json\/wp\/v2\/media?parent=51253"}],"wp:term":[{"taxonomy":"product_brand","embeddable":true,"href":"https:\/\/toidupakk.ee\/pl\/wp-json\/wp\/v2\/product_brand?post=51253"},{"taxonomy":"product_cat","embeddable":true,"href":"https:\/\/toidupakk.ee\/pl\/wp-json\/wp\/v2\/product_cat?post=51253"},{"taxonomy":"product_tag","embeddable":true,"href":"https:\/\/toidupakk.ee\/pl\/wp-json\/wp\/v2\/product_tag?post=51253"}],"curies":[{"name":"wp","href":"https:\/\/api.w.org\/{rel}","templated":true}]}}