{"id":51240,"date":"2023-08-14T13:37:53","date_gmt":"2023-08-14T10:37:53","guid":{"rendered":"https:\/\/toidupakk.ee\/toode\/worek-wodoszczelny-hydroguard-mil-tec-50-l\/"},"modified":"2026-04-15T19:31:19","modified_gmt":"2026-04-15T16:31:19","slug":"worek-wodoszczelny-hydroguard-mil-tec-50-l","status":"publish","type":"product","link":"https:\/\/toidupakk.ee\/pl\/toode\/worek-wodoszczelny-hydroguard-mil-tec-50-l\/","title":{"rendered":"Worek wodoszczelny HydroGuard MIL-TEC\u00ae 50 l"},"content":{"rendered":"<h1>Worek wodoszczelny HydroGuard MIL-TEC\u00ae 50 l<\/h1>\n<p>Wodoodporny i wytrzyma\u0142y materia\u0142 zapewnia Twoim rzeczom skuteczn\u0105 ochron\u0119 przed wod\u0105 i wilgoci\u0105.<\/p>\n<p>Worek wodoszczelny HydroGuard MIL-TEC to niezawodne i trwa\u0142e rozwi\u0105zanie do ochrony Twojego sprz\u0119tu w ekstremalnych warunkach. Nie pozw\u00f3l, by pogoda przeszkodzi\u0142a Ci w przygodach \u2013 wybierz HydroGuard i b\u0105d\u017a gotowy na wszystko, co mo\u017ce Ci\u0119 spotka\u0107 na \u0142onie natury. <\/p>\n<p>&nbsp;<\/p>\n<p><img fetchpriority=\"high\" decoding=\"async\" class=\"alignnone size-medium wp-image-12847\" src=\"https:\/\/toidupakk.ee\/wp-content\/uploads\/2023\/08\/MIL-TEC-logo-300x300.png\" alt=\"Logo MIL-TEC\" width=\"300\" height=\"300\" srcset=\"https:\/\/toidupakk.ee\/wp-content\/uploads\/2023\/08\/MIL-TEC-logo-300x300.png 300w, https:\/\/toidupakk.ee\/wp-content\/uploads\/2023\/08\/MIL-TEC-logo-400x400.png 400w, https:\/\/toidupakk.ee\/wp-content\/uploads\/2023\/08\/MIL-TEC-logo-100x100.png 100w, https:\/\/toidupakk.ee\/wp-content\/uploads\/2023\/08\/MIL-TEC-logo-800x800.png 800w, https:\/\/toidupakk.ee\/wp-content\/uploads\/2023\/08\/MIL-TEC-logo-1024x1024.png 1024w, https:\/\/toidupakk.ee\/wp-content\/uploads\/2023\/08\/MIL-TEC-logo-500x500.png 500w, https:\/\/toidupakk.ee\/wp-content\/uploads\/2023\/08\/MIL-TEC-logo-768x768.png 768w, https:\/\/toidupakk.ee\/wp-content\/uploads\/2023\/08\/MIL-TEC-logo.png 1080w\" sizes=\"(max-width: 300px) 100vw, 300px\" \/><\/p>\n<p>Sprawd\u017a inne akcesoria turystyczne <a href=\"https:\/\/toidupakk.ee\/pl\/tootekategooria\/sprzet-turystyczny\/#section-3-79\">TUTAJ<\/a><\/p>\n<p>Interesuj\u0105 Ci\u0119 posi\u0142ki turystyczne? Zobacz <a href=\"\/?product_cat=snakk#section-3-79\">TUTAJ<\/a><\/p>\n<p>Znajd\u017a inspiracj\u0119 na kolejne przygody na <a href=\"https:\/\/www.instagram.com\/toidupakk\/\">Instagramie<\/a> i <a href=\"https:\/\/www.facebook.com\/Toidupakk\/\">Facebooku<\/a> Toidupakk.<\/p>\n","protected":false},"excerpt":{"rendered":"<p><strong>Worek wodoszczelny HydroGuard MIL-TEC to niezawodny towarzysz Twoich przyg\u00f3d, czy to podczas w\u0119dr\u00f3wek, biwak\u00f3w, sp\u0142yw\u00f3w kajakowych, czy po prostu sp\u0119dzania czasu na \u015bwie\u017cym powietrzu. Ten mocny, 50-litrowy worek wodoszczelny zosta\u0142 zaprojektowany, aby skutecznie chroni\u0107 Tw\u00f3j cenny sprz\u0119t przed wod\u0105, deszczem, piaskiem i kurzem. <\/strong><\/p>\n<ul>\n<li><strong>Wodoszczelny design:<\/strong> Worek HydroGuard wykonany jest z wysokiej jako\u015bci wodoodpornego materia\u0142u, kt\u00f3ry utrzyma Tw\u00f3j ekwipunek suchym nawet w najtrudniejszych warunkach pogodowych.<\/li>\n<li><strong>Solidna konstrukcja:<\/strong> Worek wyposa\u017cony jest w wytrzyma\u0142e, wodoszczelne zapi\u0119cie oraz mocne szwy, co gwarantuje d\u0142ugotrwa\u0142e u\u017cytkowanie.<\/li>\n<li><strong>Wszechstronne zastosowanie:<\/strong> Worek wodoszczelny HydroGuard doskonale sprawdza si\u0119 w podr\u00f3\u017cy, podczas w\u0119dr\u00f3wek, biwakowania, uprawiania sport\u00f3w wodnych i wielu innych aktywno\u015bci.<\/li>\n<li><strong>Materia\u0142y:<\/strong> 75% polichlorek winylu, 25% poliester<\/li>\n<li><strong>Pasek mocuj\u0105cy:<\/strong> 100% nylon<\/li>\n<li><strong>Klamra:<\/strong> mocne tworzywo sztuczne<\/li>\n<li><strong>Kolor:<\/strong> czarny<\/li>\n<li><strong>Pojemno\u015b\u0107:<\/strong> 50 litr\u00f3w<\/li>\n<li><strong>Wymiary:<\/strong> 73 x 33 cm<\/li>\n<\/ul>\n<p>\u2705 Dost\u0119pne w magazynie, szybka dostawa w 1-3 dni robocze<br \/>\n\u2705 Kup teraz, zap\u0142a\u0107 p\u00f3\u017aniej (RRSO 0%)<\/p>\n","protected":false},"featured_media":12836,"comment_status":"open","ping_status":"closed","template":"","meta":{"_acf_changed":false},"product_brand":[],"product_cat":[303,317,301,310,369,304],"product_tag":[],"class_list":{"0":"post-51240","1":"product","2":"type-product","3":"status-publish","4":"has-post-thumbnail","6":"product_cat-akcesoria-turystyczne","7":"product_cat-mil-tec","8":"product_cat-sprzet-turystyczny","9":"product_cat-torby","10":"product_cat-torby-wodoszczelne-drybag","11":"product_cat-wyposazenie-militarne","13":"first","14":"instock","15":"taxable","16":"shipping-taxable","17":"purchasable","18":"product-type-simple"},"bundled_by":[],"bundle_stock_status":"instock","bundle_stock_quantity":5,"bundle_virtual":false,"bundle_layout":"","bundle_add_to_cart_form_location":"","bundle_editable_in_cart":false,"bundle_sold_individually_context":"","bundle_item_grouping":"","bundle_min_size":"","bundle_max_size":"","bundle_price":[],"bundled_items":[],"bundle_sell_ids":[],"acf":[],"yoast_head":"<!-- This site is optimized with the Yoast SEO plugin v27.3 - https:\/\/yoast.com\/product\/yoast-seo-wordpress\/ -->\n<title>Worek wodoszczelny HydroGuard MIL-TEC\u00ae 50 l<\/title>\n<meta name=\"description\" content=\"Worek wodoszczelny HydroGuard MIL-TEC na wyprawy, ryby, kajaki i \u017cagle. Chro\u0144 sw\u00f3j ekwipunek przed wod\u0105, deszczem, piaskiem i kurzem.\" \/>\n<meta name=\"robots\" content=\"index, follow, max-snippet:-1, max-image-preview:large, max-video-preview:-1\" \/>\n<link rel=\"canonical\" href=\"https:\/\/toidupakk.ee\/pl\/toode\/worek-wodoszczelny-hydroguard-mil-tec-50-l\/\" \/>\n<meta property=\"og:locale\" content=\"pl_PL\" \/>\n<meta property=\"og:type\" content=\"article\" \/>\n<meta property=\"og:title\" content=\"Worek wodoszczelny HydroGuard MIL-TEC\u00ae 50 l\" \/>\n<meta property=\"og:description\" content=\"Worek wodoszczelny HydroGuard MIL-TEC na wyprawy, ryby, kajaki i \u017cagle. Chro\u0144 sw\u00f3j ekwipunek przed wod\u0105, deszczem, piaskiem i kurzem.\" \/>\n<meta property=\"og:url\" content=\"https:\/\/toidupakk.ee\/pl\/toode\/worek-wodoszczelny-hydroguard-mil-tec-50-l\/\" \/>\n<meta property=\"og:site_name\" content=\"Toidupakk.ee - Tactical Foodpack toidupakid\" \/>\n<meta property=\"article:publisher\" content=\"https:\/\/www.facebook.com\/Toidupakk\" \/>\n<meta property=\"article:modified_time\" content=\"2026-04-15T16:31:19+00:00\" \/>\n<meta property=\"og:image\" content=\"https:\/\/toidupakk.ee\/wp-content\/uploads\/2023\/08\/Veekindel-kott-DRYBAG-50L.png\" \/>\n\t<meta property=\"og:image:width\" content=\"1080\" \/>\n\t<meta property=\"og:image:height\" content=\"1080\" \/>\n\t<meta property=\"og:image:type\" content=\"image\/png\" \/>\n<meta name=\"twitter:card\" content=\"summary_large_image\" \/>\n<script type=\"application\/ld+json\" class=\"yoast-schema-graph\">{\"@context\":\"https:\\\/\\\/schema.org\",\"@graph\":[{\"@type\":\"WebPage\",\"@id\":\"https:\\\/\\\/toidupakk.ee\\\/pl\\\/toode\\\/worek-wodoszczelny-hydroguard-mil-tec-50-l\\\/\",\"url\":\"https:\\\/\\\/toidupakk.ee\\\/pl\\\/toode\\\/worek-wodoszczelny-hydroguard-mil-tec-50-l\\\/\",\"name\":\"Worek wodoszczelny HydroGuard MIL-TEC\u00ae 50 l\",\"isPartOf\":{\"@id\":\"https:\\\/\\\/toidupakk.ee\\\/pl\\\/#website\"},\"primaryImageOfPage\":{\"@id\":\"https:\\\/\\\/toidupakk.ee\\\/pl\\\/toode\\\/worek-wodoszczelny-hydroguard-mil-tec-50-l\\\/#primaryimage\"},\"image\":{\"@id\":\"https:\\\/\\\/toidupakk.ee\\\/pl\\\/toode\\\/worek-wodoszczelny-hydroguard-mil-tec-50-l\\\/#primaryimage\"},\"thumbnailUrl\":\"https:\\\/\\\/toidupakk.ee\\\/wp-content\\\/uploads\\\/2023\\\/08\\\/Veekindel-kott-DRYBAG-50L.png\",\"datePublished\":\"2023-08-14T10:37:53+00:00\",\"dateModified\":\"2026-04-15T16:31:19+00:00\",\"description\":\"Worek wodoszczelny HydroGuard MIL-TEC na wyprawy, ryby, kajaki i \u017cagle. Chro\u0144 sw\u00f3j ekwipunek przed wod\u0105, deszczem, piaskiem i kurzem.\",\"breadcrumb\":{\"@id\":\"https:\\\/\\\/toidupakk.ee\\\/pl\\\/toode\\\/worek-wodoszczelny-hydroguard-mil-tec-50-l\\\/#breadcrumb\"},\"inLanguage\":\"pl-PL\",\"potentialAction\":[{\"@type\":\"ReadAction\",\"target\":[\"https:\\\/\\\/toidupakk.ee\\\/pl\\\/toode\\\/worek-wodoszczelny-hydroguard-mil-tec-50-l\\\/\"]}]},{\"@type\":\"ImageObject\",\"inLanguage\":\"pl-PL\",\"@id\":\"https:\\\/\\\/toidupakk.ee\\\/pl\\\/toode\\\/worek-wodoszczelny-hydroguard-mil-tec-50-l\\\/#primaryimage\",\"url\":\"https:\\\/\\\/toidupakk.ee\\\/wp-content\\\/uploads\\\/2023\\\/08\\\/Veekindel-kott-DRYBAG-50L.png\",\"contentUrl\":\"https:\\\/\\\/toidupakk.ee\\\/wp-content\\\/uploads\\\/2023\\\/08\\\/Veekindel-kott-DRYBAG-50L.png\",\"width\":1080,\"height\":1080},{\"@type\":\"BreadcrumbList\",\"@id\":\"https:\\\/\\\/toidupakk.ee\\\/pl\\\/toode\\\/worek-wodoszczelny-hydroguard-mil-tec-50-l\\\/#breadcrumb\",\"itemListElement\":[{\"@type\":\"ListItem\",\"position\":1,\"name\":\"Avaleht\",\"item\":\"https:\\\/\\\/toidupakk.ee\\\/pl\\\/\"},{\"@type\":\"ListItem\",\"position\":2,\"name\":\"Sklep internetowy\",\"item\":\"https:\\\/\\\/toidupakk.ee\\\/pl\\\/sklep-internetowy\\\/\"},{\"@type\":\"ListItem\",\"position\":3,\"name\":\"Worek wodoszczelny HydroGuard MIL-TEC\u00ae 50 l\"}]},{\"@type\":\"WebSite\",\"@id\":\"https:\\\/\\\/toidupakk.ee\\\/pl\\\/#website\",\"url\":\"https:\\\/\\\/toidupakk.ee\\\/pl\\\/\",\"name\":\"Toidupakk.ee - Tactical Foodpack toidupakid\",\"description\":\"Tactical Foodpack k\u00fclmkuivatatud toidupakid ja matkaeined\",\"publisher\":{\"@id\":\"https:\\\/\\\/toidupakk.ee\\\/pl\\\/#organization\"},\"potentialAction\":[{\"@type\":\"SearchAction\",\"target\":{\"@type\":\"EntryPoint\",\"urlTemplate\":\"https:\\\/\\\/toidupakk.ee\\\/pl\\\/?s={search_term_string}\"},\"query-input\":{\"@type\":\"PropertyValueSpecification\",\"valueRequired\":true,\"valueName\":\"search_term_string\"}}],\"inLanguage\":\"pl-PL\"},{\"@type\":\"Organization\",\"@id\":\"https:\\\/\\\/toidupakk.ee\\\/pl\\\/#organization\",\"name\":\"Tactical Foodpack matkaeined\",\"url\":\"https:\\\/\\\/toidupakk.ee\\\/pl\\\/\",\"logo\":{\"@type\":\"ImageObject\",\"inLanguage\":\"pl-PL\",\"@id\":\"https:\\\/\\\/toidupakk.ee\\\/pl\\\/#\\\/schema\\\/logo\\\/image\\\/\",\"url\":\"https:\\\/\\\/toidupakk.ee\\\/wp-content\\\/uploads\\\/2022\\\/01\\\/Toidupakk-matkapood-logo-transparent.png\",\"contentUrl\":\"https:\\\/\\\/toidupakk.ee\\\/wp-content\\\/uploads\\\/2022\\\/01\\\/Toidupakk-matkapood-logo-transparent.png\",\"width\":500,\"height\":500,\"caption\":\"Tactical Foodpack matkaeined\"},\"image\":{\"@id\":\"https:\\\/\\\/toidupakk.ee\\\/pl\\\/#\\\/schema\\\/logo\\\/image\\\/\"},\"sameAs\":[\"https:\\\/\\\/www.facebook.com\\\/Toidupakk\",\"https:\\\/\\\/www.instagram.com\\\/toidupakk\\\/\"]}]}<\/script>\n<!-- \/ Yoast SEO plugin. -->","yoast_head_json":{"title":"Worek wodoszczelny HydroGuard MIL-TEC\u00ae 50 l","description":"Worek wodoszczelny HydroGuard MIL-TEC na wyprawy, ryby, kajaki i \u017cagle. Chro\u0144 sw\u00f3j ekwipunek przed wod\u0105, deszczem, piaskiem i kurzem.","robots":{"index":"index","follow":"follow","max-snippet":"max-snippet:-1","max-image-preview":"max-image-preview:large","max-video-preview":"max-video-preview:-1"},"canonical":"https:\/\/toidupakk.ee\/pl\/toode\/worek-wodoszczelny-hydroguard-mil-tec-50-l\/","og_locale":"pl_PL","og_type":"article","og_title":"Worek wodoszczelny HydroGuard MIL-TEC\u00ae 50 l","og_description":"Worek wodoszczelny HydroGuard MIL-TEC na wyprawy, ryby, kajaki i \u017cagle. Chro\u0144 sw\u00f3j ekwipunek przed wod\u0105, deszczem, piaskiem i kurzem.","og_url":"https:\/\/toidupakk.ee\/pl\/toode\/worek-wodoszczelny-hydroguard-mil-tec-50-l\/","og_site_name":"Toidupakk.ee - Tactical Foodpack toidupakid","article_publisher":"https:\/\/www.facebook.com\/Toidupakk","article_modified_time":"2026-04-15T16:31:19+00:00","og_image":[{"width":1080,"height":1080,"url":"https:\/\/toidupakk.ee\/wp-content\/uploads\/2023\/08\/Veekindel-kott-DRYBAG-50L.png","type":"image\/png"}],"twitter_card":"summary_large_image","schema":{"@context":"https:\/\/schema.org","@graph":[{"@type":"WebPage","@id":"https:\/\/toidupakk.ee\/pl\/toode\/worek-wodoszczelny-hydroguard-mil-tec-50-l\/","url":"https:\/\/toidupakk.ee\/pl\/toode\/worek-wodoszczelny-hydroguard-mil-tec-50-l\/","name":"Worek wodoszczelny HydroGuard MIL-TEC\u00ae 50 l","isPartOf":{"@id":"https:\/\/toidupakk.ee\/pl\/#website"},"primaryImageOfPage":{"@id":"https:\/\/toidupakk.ee\/pl\/toode\/worek-wodoszczelny-hydroguard-mil-tec-50-l\/#primaryimage"},"image":{"@id":"https:\/\/toidupakk.ee\/pl\/toode\/worek-wodoszczelny-hydroguard-mil-tec-50-l\/#primaryimage"},"thumbnailUrl":"https:\/\/toidupakk.ee\/wp-content\/uploads\/2023\/08\/Veekindel-kott-DRYBAG-50L.png","datePublished":"2023-08-14T10:37:53+00:00","dateModified":"2026-04-15T16:31:19+00:00","description":"Worek wodoszczelny HydroGuard MIL-TEC na wyprawy, ryby, kajaki i \u017cagle. Chro\u0144 sw\u00f3j ekwipunek przed wod\u0105, deszczem, piaskiem i kurzem.","breadcrumb":{"@id":"https:\/\/toidupakk.ee\/pl\/toode\/worek-wodoszczelny-hydroguard-mil-tec-50-l\/#breadcrumb"},"inLanguage":"pl-PL","potentialAction":[{"@type":"ReadAction","target":["https:\/\/toidupakk.ee\/pl\/toode\/worek-wodoszczelny-hydroguard-mil-tec-50-l\/"]}]},{"@type":"ImageObject","inLanguage":"pl-PL","@id":"https:\/\/toidupakk.ee\/pl\/toode\/worek-wodoszczelny-hydroguard-mil-tec-50-l\/#primaryimage","url":"https:\/\/toidupakk.ee\/wp-content\/uploads\/2023\/08\/Veekindel-kott-DRYBAG-50L.png","contentUrl":"https:\/\/toidupakk.ee\/wp-content\/uploads\/2023\/08\/Veekindel-kott-DRYBAG-50L.png","width":1080,"height":1080},{"@type":"BreadcrumbList","@id":"https:\/\/toidupakk.ee\/pl\/toode\/worek-wodoszczelny-hydroguard-mil-tec-50-l\/#breadcrumb","itemListElement":[{"@type":"ListItem","position":1,"name":"Avaleht","item":"https:\/\/toidupakk.ee\/pl\/"},{"@type":"ListItem","position":2,"name":"Sklep internetowy","item":"https:\/\/toidupakk.ee\/pl\/sklep-internetowy\/"},{"@type":"ListItem","position":3,"name":"Worek wodoszczelny HydroGuard MIL-TEC\u00ae 50 l"}]},{"@type":"WebSite","@id":"https:\/\/toidupakk.ee\/pl\/#website","url":"https:\/\/toidupakk.ee\/pl\/","name":"Toidupakk.ee - Tactical Foodpack toidupakid","description":"Tactical Foodpack k\u00fclmkuivatatud toidupakid ja matkaeined","publisher":{"@id":"https:\/\/toidupakk.ee\/pl\/#organization"},"potentialAction":[{"@type":"SearchAction","target":{"@type":"EntryPoint","urlTemplate":"https:\/\/toidupakk.ee\/pl\/?s={search_term_string}"},"query-input":{"@type":"PropertyValueSpecification","valueRequired":true,"valueName":"search_term_string"}}],"inLanguage":"pl-PL"},{"@type":"Organization","@id":"https:\/\/toidupakk.ee\/pl\/#organization","name":"Tactical Foodpack matkaeined","url":"https:\/\/toidupakk.ee\/pl\/","logo":{"@type":"ImageObject","inLanguage":"pl-PL","@id":"https:\/\/toidupakk.ee\/pl\/#\/schema\/logo\/image\/","url":"https:\/\/toidupakk.ee\/wp-content\/uploads\/2022\/01\/Toidupakk-matkapood-logo-transparent.png","contentUrl":"https:\/\/toidupakk.ee\/wp-content\/uploads\/2022\/01\/Toidupakk-matkapood-logo-transparent.png","width":500,"height":500,"caption":"Tactical Foodpack matkaeined"},"image":{"@id":"https:\/\/toidupakk.ee\/pl\/#\/schema\/logo\/image\/"},"sameAs":["https:\/\/www.facebook.com\/Toidupakk","https:\/\/www.instagram.com\/toidupakk\/"]}]}},"jetpack_sharing_enabled":true,"_links":{"self":[{"href":"https:\/\/toidupakk.ee\/pl\/wp-json\/wp\/v2\/product\/51240","targetHints":{"allow":["GET"]}}],"collection":[{"href":"https:\/\/toidupakk.ee\/pl\/wp-json\/wp\/v2\/product"}],"about":[{"href":"https:\/\/toidupakk.ee\/pl\/wp-json\/wp\/v2\/types\/product"}],"replies":[{"embeddable":true,"href":"https:\/\/toidupakk.ee\/pl\/wp-json\/wp\/v2\/comments?post=51240"}],"wp:featuredmedia":[{"embeddable":true,"href":"https:\/\/toidupakk.ee\/pl\/wp-json\/wp\/v2\/media\/12836"}],"wp:attachment":[{"href":"https:\/\/toidupakk.ee\/pl\/wp-json\/wp\/v2\/media?parent=51240"}],"wp:term":[{"taxonomy":"product_brand","embeddable":true,"href":"https:\/\/toidupakk.ee\/pl\/wp-json\/wp\/v2\/product_brand?post=51240"},{"taxonomy":"product_cat","embeddable":true,"href":"https:\/\/toidupakk.ee\/pl\/wp-json\/wp\/v2\/product_cat?post=51240"},{"taxonomy":"product_tag","embeddable":true,"href":"https:\/\/toidupakk.ee\/pl\/wp-json\/wp\/v2\/product_tag?post=51240"}],"curies":[{"name":"wp","href":"https:\/\/api.w.org\/{rel}","templated":true}]}}