{"id":51202,"date":"2023-02-28T13:50:47","date_gmt":"2023-02-28T11:50:47","guid":{"rendered":"https:\/\/toidupakk.ee\/toode\/koszulka-wojskowa-zielona-mil-tec\/"},"modified":"2026-04-04T01:02:07","modified_gmt":"2026-04-03T22:02:07","slug":"koszulka-wojskowa-zielona-mil-tec","status":"publish","type":"product","link":"https:\/\/toidupakk.ee\/pl\/toode\/koszulka-wojskowa-zielona-mil-tec\/","title":{"rendered":"Koszulka wojskowa (zielona) MIL-TEC\u00ae"},"content":{"rendered":"<p>Oliwkowy T-shirt wojskowy wykonany jest z wysokiej jako\u015bci materia\u0142u, co zapewnia trwa\u0142o\u015b\u0107 i komfort noszenia. Zielony kolor nawi\u0105zuje do tradycyjnych barw wojskowych, stanowi\u0105c stylowy dodatek do m\u0119skiej garderoby. <\/p>\n<p>Zielony T-shirt wojskowy jest dost\u0119pny w r\u00f3\u017cnych rozmiarach, wi\u0119c mo\u017cesz wybra\u0107 odpowiedni dla siebie i zam\u00f3wi\u0107 go szybko i wygodnie w naszym sklepie internetowym.<\/p>\n<p>Sprawd\u017a inne akcesoria turystyczne <a href=\"https:\/\/toidupakk.ee\/pl\/tootekategooria\/sprzet-turystyczny\/#section-3-79\">TUTAJ<\/a><\/p>\n<p>Interesuj\u0105 Ci\u0119 posi\u0142ki turystyczne? Zobacz <a href=\"\/?product_cat=snakk#section-3-79\">TUTAJ<\/a><\/p>\n<p>Znajd\u017a inspiracj\u0119 na kolejne przygody na <a href=\"https:\/\/www.instagram.com\/toidupakk\/\">Instagramie<\/a> i <a href=\"https:\/\/www.facebook.com\/Toidupakk\/\">Facebooku<\/a> Toidupakk.<\/p>\n","protected":false},"excerpt":{"rendered":"<p>Klasyczny T-shirt w kolorze militarnym zielonym. Popularny wyb\u00f3r w\u015br\u00f3d \u017co\u0142nierzy i cz\u0142onk\u00f3w obrony terytorialnej. <\/p>\n<ul>\n<li>Mi\u0119kki materia\u0142 ze 100% bawe\u0142ny<\/li>\n<li>Przyjemnie oddychaj\u0105cy i szybkoschn\u0105cy<\/li>\n<li>\u015awietnie nadaje si\u0119 do sportu i rekreacji<\/li>\n<li>Gramatura czystej bawe\u0142ny 140-145 g\/2m<\/li>\n<li>Kolor: zielony wojskowy<\/li>\n<li>Popularny wyb\u00f3r w\u015br\u00f3d \u017co\u0142nierzy i cz\u0142onk\u00f3w obrony terytorialnej<\/li>\n<\/ul>\n<p><img decoding=\"async\" class=\"alignnone wp-image-5812 size-full\" src=\"https:\/\/toidupakk.ee\/wp-content\/uploads\/2023\/02\/MIL-TEC-logo-320-%C3%97-50-px-1.png\" alt=\"Logo MIL-TEC\" width=\"320\" height=\"50\"><\/p>\n<p>\u2705 Dost\u0119pne w magazynie, szybka dostawa w 1\u20133 dni robocze<br \/>\n\u2705 DARMOWY zwrot i wymiana, je\u015bli rozmiar nie pasuje<\/p>\n","protected":false},"featured_media":51204,"comment_status":"open","ping_status":"closed","template":"","meta":{"_acf_changed":false},"product_brand":[],"product_cat":[303,386,317,319,301,304],"product_tag":[],"class_list":{"0":"post-51202","1":"product","2":"type-product","3":"status-publish","4":"has-post-thumbnail","6":"product_cat-akcesoria-turystyczne","7":"product_cat-koszulki","8":"product_cat-mil-tec","9":"product_cat-odziez","10":"product_cat-sprzet-turystyczny","11":"product_cat-wyposazenie-militarne","13":"first","14":"instock","15":"taxable","16":"shipping-taxable","17":"purchasable","18":"product-type-variable","19":"has-default-attributes"},"bundled_by":[],"bundle_stock_status":"instock","bundle_stock_quantity":null,"bundle_virtual":false,"bundle_layout":"","bundle_add_to_cart_form_location":"","bundle_editable_in_cart":false,"bundle_sold_individually_context":"","bundle_item_grouping":"","bundle_min_size":"","bundle_max_size":"","bundle_price":[],"bundled_items":[],"bundle_sell_ids":[],"acf":[],"yoast_head":"<!-- This site is optimized with the Yoast SEO plugin v27.1.1 - https:\/\/yoast.com\/product\/yoast-seo-wordpress\/ -->\n<title>Koszulka wojskowa (zielona) MIL-TEC\u00ae<\/title>\n<meta name=\"description\" content=\"Klasyczny T-shirt w kolorze militarnym zielonym. Popularny wyb\u00f3r w\u015br\u00f3d \u017co\u0142nierzy i cz\u0142onk\u00f3w obrony terytorialnej. Mi\u0119kki materia\u0142 ze 100% bawe\u0142ny jest przyjemnie oddychaj\u0105cy.\" \/>\n<meta name=\"robots\" content=\"index, follow, max-snippet:-1, max-image-preview:large, max-video-preview:-1\" \/>\n<link rel=\"canonical\" href=\"https:\/\/toidupakk.ee\/pl\/toode\/koszulka-wojskowa-zielona-mil-tec\/\" \/>\n<meta property=\"og:locale\" content=\"pl_PL\" \/>\n<meta property=\"og:type\" content=\"article\" \/>\n<meta property=\"og:title\" content=\"Koszulka wojskowa (zielona) MIL-TEC\u00ae\" \/>\n<meta property=\"og:description\" content=\"Klasyczny T-shirt w kolorze militarnym zielonym. Popularny wyb\u00f3r w\u015br\u00f3d \u017co\u0142nierzy i cz\u0142onk\u00f3w obrony terytorialnej. Mi\u0119kki materia\u0142 ze 100% bawe\u0142ny jest przyjemnie oddychaj\u0105cy.\" \/>\n<meta property=\"og:url\" content=\"https:\/\/toidupakk.ee\/pl\/toode\/koszulka-wojskowa-zielona-mil-tec\/\" \/>\n<meta property=\"og:site_name\" content=\"Toidupakk.ee - Tactical Foodpack toidupakid\" \/>\n<meta property=\"article:publisher\" content=\"https:\/\/www.facebook.com\/Toidupakk\" \/>\n<meta property=\"article:modified_time\" content=\"2026-04-03T22:02:07+00:00\" \/>\n<meta property=\"og:image\" content=\"https:\/\/toidupakk.ee\/wp-content\/uploads\/2023\/02\/Taktikaline-kaitsevae-t-sark-roheline-2-1.png\" \/>\n\t<meta property=\"og:image:width\" content=\"1080\" \/>\n\t<meta property=\"og:image:height\" content=\"1080\" \/>\n\t<meta property=\"og:image:type\" content=\"image\/png\" \/>\n<meta name=\"twitter:card\" content=\"summary_large_image\" \/>\n<script type=\"application\/ld+json\" class=\"yoast-schema-graph\">{\"@context\":\"https:\/\/schema.org\",\"@graph\":[{\"@type\":\"WebPage\",\"@id\":\"https:\/\/toidupakk.ee\/pl\/toode\/koszulka-wojskowa-zielona-mil-tec\/\",\"url\":\"https:\/\/toidupakk.ee\/pl\/toode\/koszulka-wojskowa-zielona-mil-tec\/\",\"name\":\"Koszulka wojskowa (zielona) MIL-TEC\u00ae\",\"isPartOf\":{\"@id\":\"https:\/\/toidupakk.ee\/pl\/#website\"},\"primaryImageOfPage\":{\"@id\":\"https:\/\/toidupakk.ee\/pl\/toode\/koszulka-wojskowa-zielona-mil-tec\/#primaryimage\"},\"image\":{\"@id\":\"https:\/\/toidupakk.ee\/pl\/toode\/koszulka-wojskowa-zielona-mil-tec\/#primaryimage\"},\"thumbnailUrl\":\"https:\/\/toidupakk.ee\/wp-content\/uploads\/2023\/02\/Taktikaline-kaitsevae-t-sark-roheline-2-1.png\",\"datePublished\":\"2023-02-28T11:50:47+00:00\",\"dateModified\":\"2026-04-03T22:02:07+00:00\",\"description\":\"Klasyczny T-shirt w kolorze militarnym zielonym. Popularny wyb\u00f3r w\u015br\u00f3d \u017co\u0142nierzy i cz\u0142onk\u00f3w obrony terytorialnej. Mi\u0119kki materia\u0142 ze 100% bawe\u0142ny jest przyjemnie oddychaj\u0105cy.\",\"breadcrumb\":{\"@id\":\"https:\/\/toidupakk.ee\/pl\/toode\/koszulka-wojskowa-zielona-mil-tec\/#breadcrumb\"},\"inLanguage\":\"pl-PL\",\"potentialAction\":[{\"@type\":\"ReadAction\",\"target\":[\"https:\/\/toidupakk.ee\/pl\/toode\/koszulka-wojskowa-zielona-mil-tec\/\"]}]},{\"@type\":\"ImageObject\",\"inLanguage\":\"pl-PL\",\"@id\":\"https:\/\/toidupakk.ee\/pl\/toode\/koszulka-wojskowa-zielona-mil-tec\/#primaryimage\",\"url\":\"https:\/\/toidupakk.ee\/wp-content\/uploads\/2023\/02\/Taktikaline-kaitsevae-t-sark-roheline-2-1.png\",\"contentUrl\":\"https:\/\/toidupakk.ee\/wp-content\/uploads\/2023\/02\/Taktikaline-kaitsevae-t-sark-roheline-2-1.png\",\"width\":1080,\"height\":1080,\"caption\":\"koszulka wojskowa\"},{\"@type\":\"BreadcrumbList\",\"@id\":\"https:\/\/toidupakk.ee\/pl\/toode\/koszulka-wojskowa-zielona-mil-tec\/#breadcrumb\",\"itemListElement\":[{\"@type\":\"ListItem\",\"position\":1,\"name\":\"Avaleht\",\"item\":\"https:\/\/toidupakk.ee\/pl\/\"},{\"@type\":\"ListItem\",\"position\":2,\"name\":\"Sklep internetowy\",\"item\":\"https:\/\/toidupakk.ee\/pl\/sklep-internetowy\/\"},{\"@type\":\"ListItem\",\"position\":3,\"name\":\"Koszulka wojskowa (zielona) MIL-TEC\u00ae\"}]},{\"@type\":\"WebSite\",\"@id\":\"https:\/\/toidupakk.ee\/pl\/#website\",\"url\":\"https:\/\/toidupakk.ee\/pl\/\",\"name\":\"Toidupakk.ee - Tactical Foodpack toidupakid\",\"description\":\"Tactical Foodpack k\u00fclmkuivatatud toidupakid ja matkaeined\",\"publisher\":{\"@id\":\"https:\/\/toidupakk.ee\/pl\/#organization\"},\"potentialAction\":[{\"@type\":\"SearchAction\",\"target\":{\"@type\":\"EntryPoint\",\"urlTemplate\":\"https:\/\/toidupakk.ee\/pl\/?s={search_term_string}\"},\"query-input\":{\"@type\":\"PropertyValueSpecification\",\"valueRequired\":true,\"valueName\":\"search_term_string\"}}],\"inLanguage\":\"pl-PL\"},{\"@type\":\"Organization\",\"@id\":\"https:\/\/toidupakk.ee\/pl\/#organization\",\"name\":\"Tactical Foodpack matkaeined\",\"url\":\"https:\/\/toidupakk.ee\/pl\/\",\"logo\":{\"@type\":\"ImageObject\",\"inLanguage\":\"pl-PL\",\"@id\":\"https:\/\/toidupakk.ee\/pl\/#\/schema\/logo\/image\/\",\"url\":\"https:\/\/toidupakk.ee\/wp-content\/uploads\/2022\/01\/Toidupakk-matkapood-logo-transparent.png\",\"contentUrl\":\"https:\/\/toidupakk.ee\/wp-content\/uploads\/2022\/01\/Toidupakk-matkapood-logo-transparent.png\",\"width\":500,\"height\":500,\"caption\":\"Tactical Foodpack matkaeined\"},\"image\":{\"@id\":\"https:\/\/toidupakk.ee\/pl\/#\/schema\/logo\/image\/\"},\"sameAs\":[\"https:\/\/www.facebook.com\/Toidupakk\",\"https:\/\/www.instagram.com\/toidupakk\/\"]}]}<\/script>\n<!-- \/ Yoast SEO plugin. -->","yoast_head_json":{"title":"Koszulka wojskowa (zielona) MIL-TEC\u00ae","description":"Klasyczny T-shirt w kolorze militarnym zielonym. Popularny wyb\u00f3r w\u015br\u00f3d \u017co\u0142nierzy i cz\u0142onk\u00f3w obrony terytorialnej. Mi\u0119kki materia\u0142 ze 100% bawe\u0142ny jest przyjemnie oddychaj\u0105cy.","robots":{"index":"index","follow":"follow","max-snippet":"max-snippet:-1","max-image-preview":"max-image-preview:large","max-video-preview":"max-video-preview:-1"},"canonical":"https:\/\/toidupakk.ee\/pl\/toode\/koszulka-wojskowa-zielona-mil-tec\/","og_locale":"pl_PL","og_type":"article","og_title":"Koszulka wojskowa (zielona) MIL-TEC\u00ae","og_description":"Klasyczny T-shirt w kolorze militarnym zielonym. Popularny wyb\u00f3r w\u015br\u00f3d \u017co\u0142nierzy i cz\u0142onk\u00f3w obrony terytorialnej. Mi\u0119kki materia\u0142 ze 100% bawe\u0142ny jest przyjemnie oddychaj\u0105cy.","og_url":"https:\/\/toidupakk.ee\/pl\/toode\/koszulka-wojskowa-zielona-mil-tec\/","og_site_name":"Toidupakk.ee - Tactical Foodpack toidupakid","article_publisher":"https:\/\/www.facebook.com\/Toidupakk","article_modified_time":"2026-04-03T22:02:07+00:00","og_image":[{"width":1080,"height":1080,"url":"https:\/\/toidupakk.ee\/wp-content\/uploads\/2023\/02\/Taktikaline-kaitsevae-t-sark-roheline-2-1.png","type":"image\/png"}],"twitter_card":"summary_large_image","schema":{"@context":"https:\/\/schema.org","@graph":[{"@type":"WebPage","@id":"https:\/\/toidupakk.ee\/pl\/toode\/koszulka-wojskowa-zielona-mil-tec\/","url":"https:\/\/toidupakk.ee\/pl\/toode\/koszulka-wojskowa-zielona-mil-tec\/","name":"Koszulka wojskowa (zielona) MIL-TEC\u00ae","isPartOf":{"@id":"https:\/\/toidupakk.ee\/pl\/#website"},"primaryImageOfPage":{"@id":"https:\/\/toidupakk.ee\/pl\/toode\/koszulka-wojskowa-zielona-mil-tec\/#primaryimage"},"image":{"@id":"https:\/\/toidupakk.ee\/pl\/toode\/koszulka-wojskowa-zielona-mil-tec\/#primaryimage"},"thumbnailUrl":"https:\/\/toidupakk.ee\/wp-content\/uploads\/2023\/02\/Taktikaline-kaitsevae-t-sark-roheline-2-1.png","datePublished":"2023-02-28T11:50:47+00:00","dateModified":"2026-04-03T22:02:07+00:00","description":"Klasyczny T-shirt w kolorze militarnym zielonym. Popularny wyb\u00f3r w\u015br\u00f3d \u017co\u0142nierzy i cz\u0142onk\u00f3w obrony terytorialnej. Mi\u0119kki materia\u0142 ze 100% bawe\u0142ny jest przyjemnie oddychaj\u0105cy.","breadcrumb":{"@id":"https:\/\/toidupakk.ee\/pl\/toode\/koszulka-wojskowa-zielona-mil-tec\/#breadcrumb"},"inLanguage":"pl-PL","potentialAction":[{"@type":"ReadAction","target":["https:\/\/toidupakk.ee\/pl\/toode\/koszulka-wojskowa-zielona-mil-tec\/"]}]},{"@type":"ImageObject","inLanguage":"pl-PL","@id":"https:\/\/toidupakk.ee\/pl\/toode\/koszulka-wojskowa-zielona-mil-tec\/#primaryimage","url":"https:\/\/toidupakk.ee\/wp-content\/uploads\/2023\/02\/Taktikaline-kaitsevae-t-sark-roheline-2-1.png","contentUrl":"https:\/\/toidupakk.ee\/wp-content\/uploads\/2023\/02\/Taktikaline-kaitsevae-t-sark-roheline-2-1.png","width":1080,"height":1080,"caption":"koszulka wojskowa"},{"@type":"BreadcrumbList","@id":"https:\/\/toidupakk.ee\/pl\/toode\/koszulka-wojskowa-zielona-mil-tec\/#breadcrumb","itemListElement":[{"@type":"ListItem","position":1,"name":"Avaleht","item":"https:\/\/toidupakk.ee\/pl\/"},{"@type":"ListItem","position":2,"name":"Sklep internetowy","item":"https:\/\/toidupakk.ee\/pl\/sklep-internetowy\/"},{"@type":"ListItem","position":3,"name":"Koszulka wojskowa (zielona) MIL-TEC\u00ae"}]},{"@type":"WebSite","@id":"https:\/\/toidupakk.ee\/pl\/#website","url":"https:\/\/toidupakk.ee\/pl\/","name":"Toidupakk.ee - Tactical Foodpack toidupakid","description":"Tactical Foodpack k\u00fclmkuivatatud toidupakid ja matkaeined","publisher":{"@id":"https:\/\/toidupakk.ee\/pl\/#organization"},"potentialAction":[{"@type":"SearchAction","target":{"@type":"EntryPoint","urlTemplate":"https:\/\/toidupakk.ee\/pl\/?s={search_term_string}"},"query-input":{"@type":"PropertyValueSpecification","valueRequired":true,"valueName":"search_term_string"}}],"inLanguage":"pl-PL"},{"@type":"Organization","@id":"https:\/\/toidupakk.ee\/pl\/#organization","name":"Tactical Foodpack matkaeined","url":"https:\/\/toidupakk.ee\/pl\/","logo":{"@type":"ImageObject","inLanguage":"pl-PL","@id":"https:\/\/toidupakk.ee\/pl\/#\/schema\/logo\/image\/","url":"https:\/\/toidupakk.ee\/wp-content\/uploads\/2022\/01\/Toidupakk-matkapood-logo-transparent.png","contentUrl":"https:\/\/toidupakk.ee\/wp-content\/uploads\/2022\/01\/Toidupakk-matkapood-logo-transparent.png","width":500,"height":500,"caption":"Tactical Foodpack matkaeined"},"image":{"@id":"https:\/\/toidupakk.ee\/pl\/#\/schema\/logo\/image\/"},"sameAs":["https:\/\/www.facebook.com\/Toidupakk","https:\/\/www.instagram.com\/toidupakk\/"]}]}},"jetpack_sharing_enabled":true,"_links":{"self":[{"href":"https:\/\/toidupakk.ee\/pl\/wp-json\/wp\/v2\/product\/51202","targetHints":{"allow":["GET"]}}],"collection":[{"href":"https:\/\/toidupakk.ee\/pl\/wp-json\/wp\/v2\/product"}],"about":[{"href":"https:\/\/toidupakk.ee\/pl\/wp-json\/wp\/v2\/types\/product"}],"replies":[{"embeddable":true,"href":"https:\/\/toidupakk.ee\/pl\/wp-json\/wp\/v2\/comments?post=51202"}],"wp:featuredmedia":[{"embeddable":true,"href":"https:\/\/toidupakk.ee\/pl\/wp-json\/wp\/v2\/media\/51204"}],"wp:attachment":[{"href":"https:\/\/toidupakk.ee\/pl\/wp-json\/wp\/v2\/media?parent=51202"}],"wp:term":[{"taxonomy":"product_brand","embeddable":true,"href":"https:\/\/toidupakk.ee\/pl\/wp-json\/wp\/v2\/product_brand?post=51202"},{"taxonomy":"product_cat","embeddable":true,"href":"https:\/\/toidupakk.ee\/pl\/wp-json\/wp\/v2\/product_cat?post=51202"},{"taxonomy":"product_tag","embeddable":true,"href":"https:\/\/toidupakk.ee\/pl\/wp-json\/wp\/v2\/product_tag?post=51202"}],"curies":[{"name":"wp","href":"https:\/\/api.w.org\/{rel}","templated":true}]}}