{"id":51150,"date":"2023-10-02T17:21:04","date_gmt":"2023-10-02T14:21:04","guid":{"rendered":"https:\/\/toidupakk.ee\/toode\/hamak-z-moskitiera-grand-canyon-czerwony\/"},"modified":"2026-04-15T09:31:35","modified_gmt":"2026-04-15T06:31:35","slug":"hamak-z-moskitiera-grand-canyon-czerwony","status":"publish","type":"product","link":"https:\/\/toidupakk.ee\/pl\/toode\/hamak-z-moskitiera-grand-canyon-czerwony\/","title":{"rendered":"Hamak z moskitier\u0105 GRAND CANYON\u00ae (czerwony)"},"content":{"rendered":"<h1>Hamak z moskitier\u0105 \u2013 wygodna alternatywa dla tradycyjnego namiotu turystycznego<\/h1>\n<p>Sp\u0119dzanie czasu na zewn\u0105trz to \u015bwietny spos\u00f3b na relaks i odskoczni\u0119 od codziennej rutyny. Jednym z wygodnych sposob\u00f3w jest korzystanie z hamaka. W ostatnim czasie popularno\u015b\u0107 hamak\u00f3w wzros\u0142a, poniewa\u017c oferuj\u0105 one wszechstronno\u015b\u0107, wygod\u0119 i mo\u017cliwo\u015b\u0107 kontaktu z natur\u0105. Hamak lub namiot wisz\u0105cy mo\u017ce by\u0107 doskona\u0142ym sposobem na cieszenie si\u0119 \u015bwie\u017cym powietrzem i relaks w ogrodzie, na balkonie, na wyprawie lub na tarasie.   <\/p>\n<p>&nbsp;<\/p>\n<p><img fetchpriority=\"high\" decoding=\"async\" class=\"alignnone wp-image-13207 size-medium\" src=\"https:\/\/toidupakk.ee\/wp-content\/uploads\/2023\/08\/Rippkiik-Bass-Mosquito-Hammock16-300x300.png\" alt=\"Hamak Bass Mosquito Hammock 16\" width=\"300\" height=\"300\" srcset=\"https:\/\/toidupakk.ee\/wp-content\/uploads\/2023\/08\/Rippkiik-Bass-Mosquito-Hammock16-300x300.png 300w, https:\/\/toidupakk.ee\/wp-content\/uploads\/2023\/08\/Rippkiik-Bass-Mosquito-Hammock16-400x400.png 400w, https:\/\/toidupakk.ee\/wp-content\/uploads\/2023\/08\/Rippkiik-Bass-Mosquito-Hammock16-100x100.png 100w, https:\/\/toidupakk.ee\/wp-content\/uploads\/2023\/08\/Rippkiik-Bass-Mosquito-Hammock16-800x800.png 800w, https:\/\/toidupakk.ee\/wp-content\/uploads\/2023\/08\/Rippkiik-Bass-Mosquito-Hammock16-1024x1024.png 1024w, https:\/\/toidupakk.ee\/wp-content\/uploads\/2023\/08\/Rippkiik-Bass-Mosquito-Hammock16-500x500.png 500w, https:\/\/toidupakk.ee\/wp-content\/uploads\/2023\/08\/Rippkiik-Bass-Mosquito-Hammock16-768x768.png 768w, https:\/\/toidupakk.ee\/wp-content\/uploads\/2023\/08\/Rippkiik-Bass-Mosquito-Hammock16.png 1080w\" sizes=\"(max-width: 300px) 100vw, 300px\" \/><\/p>\n<h2>Dlaczego warto wybra\u0107 hamak?<\/h2>\n<p>Spanie w hamaku mo\u017ce pom\u00f3c zredukowa\u0107 stres, poprawi\u0107 kr\u0105\u017cenie i zwi\u0119kszy\u0107 poczucie odpr\u0119\u017cenia. Odpoczynek w hamaku dzia\u0142a uspokajaj\u0105co, co pomaga si\u0119 zrelaksowa\u0107 i lepiej zasn\u0105\u0107. Mo\u017ce to by\u0107 szczeg\u00f3lnie korzystne dla os\u00f3b zmagaj\u0105cych si\u0119 z problemami ze snem lub stresem.  <\/p>\n<p>Hamak jest lekki i \u0142atwy do przenoszenia. Dzi\u0119ki temu mo\u017cna go u\u017cywa\u0107 w r\u00f3\u017cnych miejscach, takich jak parki, pla\u017ce, szlaki turystyczne czy pola namiotowe. Rozbicie i spakowanie zwyk\u0142ego namiotu zajmuje czas i miejsce w plecaku lub aucie, podczas gdy hamak jest bardziej kompaktowy i l\u017cejszy.  <\/p>\n<p>Hamak jest <strong>wyposa\u017cony w moskitier\u0119<\/strong>, co czyni go idealnym do r\u00f3\u017cnych aktywno\u015bci, takich jak czytanie, relaks i spanie. Hamak jest wygodny i bezpieczny, pozwalaj\u0105c cieszy\u0107 si\u0119 czasem na zewn\u0105trz bez przeszkadzaj\u0105cych komar\u00f3w. Hamak z moskitier\u0105 jest szczeg\u00f3lnie przydatny dla tych, kt\u00f3rzy lubi\u0105 przebywa\u0107 na zewn\u0105trz i ceni\u0105 sobie spokojne, niezak\u0142\u00f3cone otoczenie.  <\/p>\n<p>Spanie w hamaku mo\u017ce by\u0107 wygodniejsze ni\u017c w zwyk\u0142ym namiocie. Hamak nie styka si\u0119 z ziemi\u0105, co oznacza, \u017ce nie musisz martwi\u0107 si\u0119 o kamienie, ga\u0142\u0119zie czy inne nier\u00f3wno\u015bci, kt\u00f3re mog\u0105 utrudnia\u0107 sen w namiocie. Ponadto hamaki idealnie sprawdzaj\u0105 si\u0119 w trudniejszym terenie, gdzie rozbicie tradycyjnego namiotu by\u0142oby skomplikowane.  <\/p>\n<p>Hamaki GRAND CANYON s\u0105 wykonane z mi\u0119kszych materia\u0142\u00f3w ni\u017c zwyk\u0142e namioty, co zapewnia wygodniejszy i bardziej mi\u0119kki sen. Dodatkowo w hamaku \u0142atwo zmieni\u0107 pozycj\u0119 i porusza\u0107 si\u0119, co mo\u017ce pom\u00f3c Ci lepiej spa\u0107. <\/p>\n<p class=\"my-1 text-base\">Hamak Bass Mosquito Hammock to wszechstronna i lekka opcja do relaksu w ogrodzie lub przyg\u00f3d w terenie. Posiada wszyt\u0105 moskitier\u0119, kt\u00f3ra chroni przed owadami, pozwalaj\u0105c jednocze\u015bnie cieszy\u0107 si\u0119 natur\u0105. Siatka wykonana jest z wytrzyma\u0142ego nylonu 70D, co zapewnia trwa\u0142o\u015b\u0107.  <\/p>\n<p class=\"my-1 text-base\"><strong>Zestaw hamaka Bass Mosquito Hammock zawiera akcesoria, w tym karabi\u0144czyki, dwa pasy o d\u0142ugo\u015bci 2,5 metra, p\u0119tle mocuj\u0105ce i pasy ochronne na drzewa. Nie musisz kupowa\u0107 osobnych akcesori\u00f3w, poniewa\u017c wszystkie niezb\u0119dne cz\u0119\u015bci s\u0105 ju\u017c w zestawie.<\/strong> Pozwala to na \u0142atwy monta\u017c hamaka w dowolnym miejscu.<\/p>\n<p><img decoding=\"async\" class=\"alignnone wp-image-11348 size-full\" src=\"https:\/\/toidupakk.ee\/wp-content\/uploads\/2023\/07\/grandcanyon-logo.png\" alt=\"\" width=\"340\" height=\"214\" srcset=\"https:\/\/toidupakk.ee\/wp-content\/uploads\/2023\/07\/grandcanyon-logo.png 340w, https:\/\/toidupakk.ee\/wp-content\/uploads\/2023\/07\/grandcanyon-logo-300x189.png 300w\" sizes=\"(max-width: 340px) 100vw, 340px\" \/><\/p>\n<p>Sprawd\u017a inne akcesoria turystyczne <a href=\"https:\/\/toidupakk.ee\/pl\/tootekategooria\/sprzet-turystyczny\/#section-3-79\">TUTAJ<\/a><\/p>\n<p>Interesuj\u0105 Ci\u0119 posi\u0142ki turystyczne? Zobacz <a href=\"\/?product_cat=snakk#section-3-79\">TUTAJ<\/a><\/p>\n<p>Znajd\u017a inspiracj\u0119 na kolejne przygody na <a href=\"https:\/\/www.instagram.com\/toidupakk\/\">Instagramie<\/a> i <a href=\"https:\/\/www.facebook.com\/Toidupakk\/\">Facebooku<\/a> Toidupakk.<\/p>\n","protected":false},"excerpt":{"rendered":"<p>Hamak z moskitier\u0105 pozwala sp\u0119dzi\u0107 komfortow\u0105 noc na \u015bwie\u017cym powietrzu bez martwienia si\u0119 o komary i inne owady. Jest to r\u00f3wnie\u017c \u015bwietna alternatywa dla namiotu dzi\u0119ki niskiej wadze i kompaktowo\u015bci. Relaksuj si\u0119 wygodnie w naturze, w ogrodzie lub na wyprawie.  <\/p>\n<ul class=\"my-1 list-disc pl-4\">\n<li>Lekki i wygodny do noszenia \u2013 zajmuje bardzo ma\u0142o miejsca w torbie i jest wielokrotnie l\u017cejszy od namiotu.<\/li>\n<li>Waga ca\u0142ego zestawu hamaka wynosi 660 g<\/li>\n<li>Hamak wykonany jest z tej samej tkaniny nylonowej, z kt\u00f3rej produkuje si\u0119 spadochrony<\/li>\n<li>Moskitiera chroni Ci\u0119 przed komarami, moskitami i innymi uci\u0105\u017cliwymi owadami<\/li>\n<li>Monta\u017c jest prosty i szybki \u2013 znajd\u017a tylko dwa drzewa blisko siebie<\/li>\n<li class=\"my-1 text-base\">Materia\u0142 hamaka: wytrzyma\u0142y nylon 70D<\/li>\n<li class=\"my-1 text-base\">Maksymalne obci\u0105\u017cenie: 150 kg<\/li>\n<li class=\"my-1 text-base\">Wymiary: 270 x 150 cm<\/li>\n<li class=\"my-1 text-base\">Wymiary po spakowaniu: 12 x 19 cm<\/li>\n<li class=\"my-1 text-base\">Moskitiera: jest<\/li>\n<li>Elementy mocuj\u0105ce s\u0105 w zestawie<\/li>\n<li>Kolor: czerwony<\/li>\n<\/ul>\n<p><strong>UWAGA! Zestaw hamaka zawiera akcesoria, w tym karabi\u0144czyki, dwa pasy o d\u0142ugo\u015bci 2,5 metra, p\u0119tle mocuj\u0105ce oraz pasy ochronne na drzewa.<\/strong><\/p>\n<p>\u2705 Dost\u0119pne w magazynie, szybka dostawa w 1-3 dni robocze<br \/>\n\u2705 Kup teraz, zap\u0142a\u0107 p\u00f3\u017aniej (RRSO 0%)<\/p>\n","protected":false},"featured_media":13207,"comment_status":"open","ping_status":"closed","template":"","meta":{"_acf_changed":false},"product_brand":[],"product_cat":[303,313,314,301],"product_tag":[],"class_list":{"0":"post-51150","1":"product","2":"type-product","3":"status-publish","4":"has-post-thumbnail","6":"product_cat-akcesoria-turystyczne","7":"product_cat-hamaki","8":"product_cat-nocowanie-w-naturze","9":"product_cat-sprzet-turystyczny","11":"first","12":"outofstock","13":"sale","14":"taxable","15":"shipping-taxable","16":"purchasable","17":"product-type-simple"},"bundled_by":[],"bundle_stock_status":"outofstock","bundle_stock_quantity":0,"bundle_virtual":false,"bundle_layout":"","bundle_add_to_cart_form_location":"","bundle_editable_in_cart":false,"bundle_sold_individually_context":"","bundle_item_grouping":"","bundle_min_size":"","bundle_max_size":"","bundle_price":[],"bundled_items":[],"bundle_sell_ids":[],"acf":[],"yoast_head":"<!-- This site is optimized with the Yoast SEO plugin v27.3 - https:\/\/yoast.com\/product\/yoast-seo-wordpress\/ -->\n<title>Hamak z moskitier\u0105 GRAND CANYON\u00ae (czerwony)<\/title>\n<meta name=\"description\" content=\"Hamak z moskitier\u0105 pozwala sp\u0119dzi\u0107 noc pod go\u0142ym niebem bez komar\u00f3w lub cieszy\u0107 si\u0119 \u015bwie\u017cym powietrzem w letnim czasie pe\u0142nym owad\u00f3w w ogrodzie, na kempingu czy po prostu na \u0142onie natury.\" \/>\n<meta name=\"robots\" content=\"index, follow, max-snippet:-1, max-image-preview:large, max-video-preview:-1\" \/>\n<link rel=\"canonical\" href=\"https:\/\/toidupakk.ee\/pl\/toode\/hamak-z-moskitiera-grand-canyon-czerwony\/\" \/>\n<meta property=\"og:locale\" content=\"pl_PL\" \/>\n<meta property=\"og:type\" content=\"article\" \/>\n<meta property=\"og:title\" content=\"Hamak z moskitier\u0105 GRAND CANYON\u00ae (czerwony)\" \/>\n<meta property=\"og:description\" content=\"Hamak z moskitier\u0105 pozwala sp\u0119dzi\u0107 noc pod go\u0142ym niebem bez komar\u00f3w lub cieszy\u0107 si\u0119 \u015bwie\u017cym powietrzem w letnim czasie pe\u0142nym owad\u00f3w w ogrodzie, na kempingu czy po prostu na \u0142onie natury.\" \/>\n<meta property=\"og:url\" content=\"https:\/\/toidupakk.ee\/pl\/toode\/hamak-z-moskitiera-grand-canyon-czerwony\/\" \/>\n<meta property=\"og:site_name\" content=\"Toidupakk.ee - Tactical Foodpack toidupakid\" \/>\n<meta property=\"article:publisher\" content=\"https:\/\/www.facebook.com\/Toidupakk\" \/>\n<meta property=\"article:modified_time\" content=\"2026-04-15T06:31:35+00:00\" \/>\n<meta property=\"og:image\" content=\"https:\/\/toidupakk.ee\/wp-content\/uploads\/2023\/08\/Rippkiik-Bass-Mosquito-Hammock16.png\" \/>\n\t<meta property=\"og:image:width\" content=\"1080\" \/>\n\t<meta property=\"og:image:height\" content=\"1080\" \/>\n\t<meta property=\"og:image:type\" content=\"image\/png\" \/>\n<meta name=\"twitter:card\" content=\"summary_large_image\" \/>\n<meta name=\"twitter:label1\" content=\"Szacowany czas czytania\" \/>\n\t<meta name=\"twitter:data1\" content=\"2 minuty\" \/>\n<script type=\"application\/ld+json\" class=\"yoast-schema-graph\">{\"@context\":\"https:\\\/\\\/schema.org\",\"@graph\":[{\"@type\":\"WebPage\",\"@id\":\"https:\\\/\\\/toidupakk.ee\\\/pl\\\/toode\\\/hamak-z-moskitiera-grand-canyon-czerwony\\\/\",\"url\":\"https:\\\/\\\/toidupakk.ee\\\/pl\\\/toode\\\/hamak-z-moskitiera-grand-canyon-czerwony\\\/\",\"name\":\"Hamak z moskitier\u0105 GRAND CANYON\u00ae (czerwony)\",\"isPartOf\":{\"@id\":\"https:\\\/\\\/toidupakk.ee\\\/pl\\\/#website\"},\"primaryImageOfPage\":{\"@id\":\"https:\\\/\\\/toidupakk.ee\\\/pl\\\/toode\\\/hamak-z-moskitiera-grand-canyon-czerwony\\\/#primaryimage\"},\"image\":{\"@id\":\"https:\\\/\\\/toidupakk.ee\\\/pl\\\/toode\\\/hamak-z-moskitiera-grand-canyon-czerwony\\\/#primaryimage\"},\"thumbnailUrl\":\"https:\\\/\\\/toidupakk.ee\\\/wp-content\\\/uploads\\\/2023\\\/08\\\/Rippkiik-Bass-Mosquito-Hammock16.png\",\"datePublished\":\"2023-10-02T14:21:04+00:00\",\"dateModified\":\"2026-04-15T06:31:35+00:00\",\"description\":\"Hamak z moskitier\u0105 pozwala sp\u0119dzi\u0107 noc pod go\u0142ym niebem bez komar\u00f3w lub cieszy\u0107 si\u0119 \u015bwie\u017cym powietrzem w letnim czasie pe\u0142nym owad\u00f3w w ogrodzie, na kempingu czy po prostu na \u0142onie natury.\",\"breadcrumb\":{\"@id\":\"https:\\\/\\\/toidupakk.ee\\\/pl\\\/toode\\\/hamak-z-moskitiera-grand-canyon-czerwony\\\/#breadcrumb\"},\"inLanguage\":\"pl-PL\",\"potentialAction\":[{\"@type\":\"ReadAction\",\"target\":[\"https:\\\/\\\/toidupakk.ee\\\/pl\\\/toode\\\/hamak-z-moskitiera-grand-canyon-czerwony\\\/\"]}]},{\"@type\":\"ImageObject\",\"inLanguage\":\"pl-PL\",\"@id\":\"https:\\\/\\\/toidupakk.ee\\\/pl\\\/toode\\\/hamak-z-moskitiera-grand-canyon-czerwony\\\/#primaryimage\",\"url\":\"https:\\\/\\\/toidupakk.ee\\\/wp-content\\\/uploads\\\/2023\\\/08\\\/Rippkiik-Bass-Mosquito-Hammock16.png\",\"contentUrl\":\"https:\\\/\\\/toidupakk.ee\\\/wp-content\\\/uploads\\\/2023\\\/08\\\/Rippkiik-Bass-Mosquito-Hammock16.png\",\"width\":1080,\"height\":1080,\"caption\":\"Rippkiik Bass Mosquito Hammock 16\"},{\"@type\":\"BreadcrumbList\",\"@id\":\"https:\\\/\\\/toidupakk.ee\\\/pl\\\/toode\\\/hamak-z-moskitiera-grand-canyon-czerwony\\\/#breadcrumb\",\"itemListElement\":[{\"@type\":\"ListItem\",\"position\":1,\"name\":\"Avaleht\",\"item\":\"https:\\\/\\\/toidupakk.ee\\\/pl\\\/\"},{\"@type\":\"ListItem\",\"position\":2,\"name\":\"Sklep internetowy\",\"item\":\"https:\\\/\\\/toidupakk.ee\\\/pl\\\/sklep-internetowy\\\/\"},{\"@type\":\"ListItem\",\"position\":3,\"name\":\"Hamak z moskitier\u0105 GRAND CANYON\u00ae (czerwony)\"}]},{\"@type\":\"WebSite\",\"@id\":\"https:\\\/\\\/toidupakk.ee\\\/pl\\\/#website\",\"url\":\"https:\\\/\\\/toidupakk.ee\\\/pl\\\/\",\"name\":\"Toidupakk.ee - Tactical Foodpack toidupakid\",\"description\":\"Tactical Foodpack k\u00fclmkuivatatud toidupakid ja matkaeined\",\"publisher\":{\"@id\":\"https:\\\/\\\/toidupakk.ee\\\/pl\\\/#organization\"},\"potentialAction\":[{\"@type\":\"SearchAction\",\"target\":{\"@type\":\"EntryPoint\",\"urlTemplate\":\"https:\\\/\\\/toidupakk.ee\\\/pl\\\/?s={search_term_string}\"},\"query-input\":{\"@type\":\"PropertyValueSpecification\",\"valueRequired\":true,\"valueName\":\"search_term_string\"}}],\"inLanguage\":\"pl-PL\"},{\"@type\":\"Organization\",\"@id\":\"https:\\\/\\\/toidupakk.ee\\\/pl\\\/#organization\",\"name\":\"Tactical Foodpack matkaeined\",\"url\":\"https:\\\/\\\/toidupakk.ee\\\/pl\\\/\",\"logo\":{\"@type\":\"ImageObject\",\"inLanguage\":\"pl-PL\",\"@id\":\"https:\\\/\\\/toidupakk.ee\\\/pl\\\/#\\\/schema\\\/logo\\\/image\\\/\",\"url\":\"https:\\\/\\\/toidupakk.ee\\\/wp-content\\\/uploads\\\/2022\\\/01\\\/Toidupakk-matkapood-logo-transparent.png\",\"contentUrl\":\"https:\\\/\\\/toidupakk.ee\\\/wp-content\\\/uploads\\\/2022\\\/01\\\/Toidupakk-matkapood-logo-transparent.png\",\"width\":500,\"height\":500,\"caption\":\"Tactical Foodpack matkaeined\"},\"image\":{\"@id\":\"https:\\\/\\\/toidupakk.ee\\\/pl\\\/#\\\/schema\\\/logo\\\/image\\\/\"},\"sameAs\":[\"https:\\\/\\\/www.facebook.com\\\/Toidupakk\",\"https:\\\/\\\/www.instagram.com\\\/toidupakk\\\/\"]}]}<\/script>\n<!-- \/ Yoast SEO plugin. -->","yoast_head_json":{"title":"Hamak z moskitier\u0105 GRAND CANYON\u00ae (czerwony)","description":"Hamak z moskitier\u0105 pozwala sp\u0119dzi\u0107 noc pod go\u0142ym niebem bez komar\u00f3w lub cieszy\u0107 si\u0119 \u015bwie\u017cym powietrzem w letnim czasie pe\u0142nym owad\u00f3w w ogrodzie, na kempingu czy po prostu na \u0142onie natury.","robots":{"index":"index","follow":"follow","max-snippet":"max-snippet:-1","max-image-preview":"max-image-preview:large","max-video-preview":"max-video-preview:-1"},"canonical":"https:\/\/toidupakk.ee\/pl\/toode\/hamak-z-moskitiera-grand-canyon-czerwony\/","og_locale":"pl_PL","og_type":"article","og_title":"Hamak z moskitier\u0105 GRAND CANYON\u00ae (czerwony)","og_description":"Hamak z moskitier\u0105 pozwala sp\u0119dzi\u0107 noc pod go\u0142ym niebem bez komar\u00f3w lub cieszy\u0107 si\u0119 \u015bwie\u017cym powietrzem w letnim czasie pe\u0142nym owad\u00f3w w ogrodzie, na kempingu czy po prostu na \u0142onie natury.","og_url":"https:\/\/toidupakk.ee\/pl\/toode\/hamak-z-moskitiera-grand-canyon-czerwony\/","og_site_name":"Toidupakk.ee - Tactical Foodpack toidupakid","article_publisher":"https:\/\/www.facebook.com\/Toidupakk","article_modified_time":"2026-04-15T06:31:35+00:00","og_image":[{"width":1080,"height":1080,"url":"https:\/\/toidupakk.ee\/wp-content\/uploads\/2023\/08\/Rippkiik-Bass-Mosquito-Hammock16.png","type":"image\/png"}],"twitter_card":"summary_large_image","twitter_misc":{"Szacowany czas czytania":"2 minuty"},"schema":{"@context":"https:\/\/schema.org","@graph":[{"@type":"WebPage","@id":"https:\/\/toidupakk.ee\/pl\/toode\/hamak-z-moskitiera-grand-canyon-czerwony\/","url":"https:\/\/toidupakk.ee\/pl\/toode\/hamak-z-moskitiera-grand-canyon-czerwony\/","name":"Hamak z moskitier\u0105 GRAND CANYON\u00ae (czerwony)","isPartOf":{"@id":"https:\/\/toidupakk.ee\/pl\/#website"},"primaryImageOfPage":{"@id":"https:\/\/toidupakk.ee\/pl\/toode\/hamak-z-moskitiera-grand-canyon-czerwony\/#primaryimage"},"image":{"@id":"https:\/\/toidupakk.ee\/pl\/toode\/hamak-z-moskitiera-grand-canyon-czerwony\/#primaryimage"},"thumbnailUrl":"https:\/\/toidupakk.ee\/wp-content\/uploads\/2023\/08\/Rippkiik-Bass-Mosquito-Hammock16.png","datePublished":"2023-10-02T14:21:04+00:00","dateModified":"2026-04-15T06:31:35+00:00","description":"Hamak z moskitier\u0105 pozwala sp\u0119dzi\u0107 noc pod go\u0142ym niebem bez komar\u00f3w lub cieszy\u0107 si\u0119 \u015bwie\u017cym powietrzem w letnim czasie pe\u0142nym owad\u00f3w w ogrodzie, na kempingu czy po prostu na \u0142onie natury.","breadcrumb":{"@id":"https:\/\/toidupakk.ee\/pl\/toode\/hamak-z-moskitiera-grand-canyon-czerwony\/#breadcrumb"},"inLanguage":"pl-PL","potentialAction":[{"@type":"ReadAction","target":["https:\/\/toidupakk.ee\/pl\/toode\/hamak-z-moskitiera-grand-canyon-czerwony\/"]}]},{"@type":"ImageObject","inLanguage":"pl-PL","@id":"https:\/\/toidupakk.ee\/pl\/toode\/hamak-z-moskitiera-grand-canyon-czerwony\/#primaryimage","url":"https:\/\/toidupakk.ee\/wp-content\/uploads\/2023\/08\/Rippkiik-Bass-Mosquito-Hammock16.png","contentUrl":"https:\/\/toidupakk.ee\/wp-content\/uploads\/2023\/08\/Rippkiik-Bass-Mosquito-Hammock16.png","width":1080,"height":1080,"caption":"Rippkiik Bass Mosquito Hammock 16"},{"@type":"BreadcrumbList","@id":"https:\/\/toidupakk.ee\/pl\/toode\/hamak-z-moskitiera-grand-canyon-czerwony\/#breadcrumb","itemListElement":[{"@type":"ListItem","position":1,"name":"Avaleht","item":"https:\/\/toidupakk.ee\/pl\/"},{"@type":"ListItem","position":2,"name":"Sklep internetowy","item":"https:\/\/toidupakk.ee\/pl\/sklep-internetowy\/"},{"@type":"ListItem","position":3,"name":"Hamak z moskitier\u0105 GRAND CANYON\u00ae (czerwony)"}]},{"@type":"WebSite","@id":"https:\/\/toidupakk.ee\/pl\/#website","url":"https:\/\/toidupakk.ee\/pl\/","name":"Toidupakk.ee - Tactical Foodpack toidupakid","description":"Tactical Foodpack k\u00fclmkuivatatud toidupakid ja matkaeined","publisher":{"@id":"https:\/\/toidupakk.ee\/pl\/#organization"},"potentialAction":[{"@type":"SearchAction","target":{"@type":"EntryPoint","urlTemplate":"https:\/\/toidupakk.ee\/pl\/?s={search_term_string}"},"query-input":{"@type":"PropertyValueSpecification","valueRequired":true,"valueName":"search_term_string"}}],"inLanguage":"pl-PL"},{"@type":"Organization","@id":"https:\/\/toidupakk.ee\/pl\/#organization","name":"Tactical Foodpack matkaeined","url":"https:\/\/toidupakk.ee\/pl\/","logo":{"@type":"ImageObject","inLanguage":"pl-PL","@id":"https:\/\/toidupakk.ee\/pl\/#\/schema\/logo\/image\/","url":"https:\/\/toidupakk.ee\/wp-content\/uploads\/2022\/01\/Toidupakk-matkapood-logo-transparent.png","contentUrl":"https:\/\/toidupakk.ee\/wp-content\/uploads\/2022\/01\/Toidupakk-matkapood-logo-transparent.png","width":500,"height":500,"caption":"Tactical Foodpack matkaeined"},"image":{"@id":"https:\/\/toidupakk.ee\/pl\/#\/schema\/logo\/image\/"},"sameAs":["https:\/\/www.facebook.com\/Toidupakk","https:\/\/www.instagram.com\/toidupakk\/"]}]}},"jetpack_sharing_enabled":true,"_links":{"self":[{"href":"https:\/\/toidupakk.ee\/pl\/wp-json\/wp\/v2\/product\/51150","targetHints":{"allow":["GET"]}}],"collection":[{"href":"https:\/\/toidupakk.ee\/pl\/wp-json\/wp\/v2\/product"}],"about":[{"href":"https:\/\/toidupakk.ee\/pl\/wp-json\/wp\/v2\/types\/product"}],"replies":[{"embeddable":true,"href":"https:\/\/toidupakk.ee\/pl\/wp-json\/wp\/v2\/comments?post=51150"}],"wp:featuredmedia":[{"embeddable":true,"href":"https:\/\/toidupakk.ee\/pl\/wp-json\/wp\/v2\/media\/13207"}],"wp:attachment":[{"href":"https:\/\/toidupakk.ee\/pl\/wp-json\/wp\/v2\/media?parent=51150"}],"wp:term":[{"taxonomy":"product_brand","embeddable":true,"href":"https:\/\/toidupakk.ee\/pl\/wp-json\/wp\/v2\/product_brand?post=51150"},{"taxonomy":"product_cat","embeddable":true,"href":"https:\/\/toidupakk.ee\/pl\/wp-json\/wp\/v2\/product_cat?post=51150"},{"taxonomy":"product_tag","embeddable":true,"href":"https:\/\/toidupakk.ee\/pl\/wp-json\/wp\/v2\/product_tag?post=51150"}],"curies":[{"name":"wp","href":"https:\/\/api.w.org\/{rel}","templated":true}]}}