{"id":51139,"date":"2023-09-28T14:58:17","date_gmt":"2023-09-28T11:58:17","guid":{"rendered":"https:\/\/toidupakk.ee\/toode\/kurtka-przejsciowa-combat-anorak-mil-tec\/"},"modified":"2026-04-16T05:01:48","modified_gmt":"2026-04-16T02:01:48","slug":"kurtka-przejsciowa-combat-anorak-mil-tec","status":"publish","type":"product","link":"https:\/\/toidupakk.ee\/pl\/toode\/kurtka-przejsciowa-combat-anorak-mil-tec\/","title":{"rendered":"Kurtka przej\u015bciowa Combat Anorak MIL-TEC"},"content":{"rendered":"<p class=\"my-1 text-base\">Kurtka przej\u015bciowa Combat Anorak MIL-TEC to wytrzyma\u0142a i dobrze zaprojektowana kurtka z podszewk\u0105. Wykonana w 100% z mikrofibry poliestrowej, dzi\u0119ki czemu jest wiatroszczelna i trwa\u0142a. Korpus wy\u0142o\u017cono polarem (100% poliester), kt\u00f3ry zapewnia ciep\u0142o i komfort. R\u0119kawy i kaptur r\u00f3wnie\u017c maj\u0105 poliestrow\u0105 podszewk\u0119. Kurtka jest ocieplona watolin\u0105 poliestrow\u0105 80 g\/m\u00b2, co daje dodatkowe ciep\u0142o i wygod\u0119.    <\/p>\n<p class=\"my-1 text-base\">Kurtka ma kilka kieszeni \u2013 du\u017c\u0105 przedni\u0105 z ukrytym zamkiem, dwie boczne z ukrytym zamkiem oraz kiesze\u0144 na ramieniu z rzepem. Kaptur i d\u00f3\u0142 kurtki wyposa\u017cono w elastyczny \u015bci\u0105gacz ze stoperem, co pozwala na dowolne dopasowanie obwodu. R\u0119kawy z poliestrow\u0105 podszewk\u0105 zapewniaj\u0105 dodatkowe ciep\u0142o, a elastyczne mankiety gwarantuj\u0105 dobre dopasowanie i chroni\u0105 przed zimnym powietrzem.  <\/p>\n<p>&nbsp;<\/p>\n<p>Sprawd\u017a inne akcesoria turystyczne <a href=\"https:\/\/toidupakk.ee\/pl\/tootekategooria\/sprzet-turystyczny\/#section-3-79\">TUTAJ<\/a><\/p>\n<p>Interesuj\u0105 Ci\u0119 posi\u0142ki turystyczne? Zobacz <a href=\"\/?product_cat=snakk#section-3-79\">TUTAJ<\/a><\/p>\n<p>Znajd\u017a inspiracj\u0119 na kolejne przygody na <a href=\"https:\/\/www.instagram.com\/toidupakk\/\">Instagramie<\/a> i <a href=\"https:\/\/www.facebook.com\/Toidupakk\/\">Facebooku<\/a> Toidupakk.<\/p>\n","protected":false},"excerpt":{"rendered":"<p>Kurtka przej\u015bciowa Combat Anorak MIL-TEC\u00ae \u2013 wygodna kurtka do aktywno\u015bci na \u015bwie\u017cym powietrzu.<\/p>\n<ul class=\"my-1 list-disc pl-4\">\n<li>Wiatroszczelna, wygodna i mi\u0119kka kurtka jesienna<\/li>\n<li class=\"my-1 text-base\">Materia\u0142: 100% poliester (mikrofibra)<\/li>\n<li class=\"my-1 text-base\">Ciep\u0142a i mi\u0119kka podszewka z polaru<\/li>\n<li class=\"my-1 text-base\">Podszewka r\u0119kaw\u00f3w\/kaptura: 100% poliester<\/li>\n<li class=\"my-1 text-base\">Wype\u0142nienie: 100% poliester (80 g\/m\u00b2)<\/li>\n<li class=\"my-1 text-base\">Du\u017ca kiesze\u0144 przednia z ukrytym zamkiem<\/li>\n<li class=\"my-1 text-base\">2 kieszenie boczne z ukrytymi zamkami<\/li>\n<li class=\"my-1 text-base\">Elastyczny \u015bci\u0105gacz ze stoperem w kapturze i na dole<\/li>\n<li class=\"my-1 text-base\">Kiesze\u0144 na ramieniu z rzepem<\/li>\n<li class=\"my-1 text-base\">Marka: MIL-TEC\u00ae<\/li>\n<li>Kolor\/wz\u00f3r: kamufla\u017c<\/li>\n<li>Rozmiary: S; M; L; XL; XXL i 3XL<\/li>\n<\/ul>\n<p>\u2705 Dost\u0119pne w magazynie, szybka dostawa w 1-3 dni robocze<br \/>\n\u2705 BEZP\u0141ATNY zwrot i wymiana, je\u015bli rozmiar nie pasuje<br \/>\n\u2705 Kup teraz, zap\u0142a\u0107 p\u00f3\u017aniej (oprocentowanie 0%)<\/p>\n","protected":false},"featured_media":14257,"comment_status":"open","ping_status":"closed","template":"","meta":{"_acf_changed":false},"product_brand":[],"product_cat":[303,318,317,319,301,304],"product_tag":[],"class_list":{"0":"post-51139","1":"product","2":"type-product","3":"status-publish","4":"has-post-thumbnail","6":"product_cat-akcesoria-turystyczne","7":"product_cat-kurtki","8":"product_cat-mil-tec","9":"product_cat-odziez","10":"product_cat-sprzet-turystyczny","11":"product_cat-wyposazenie-militarne","13":"first","14":"instock","15":"taxable","16":"shipping-taxable","17":"purchasable","18":"product-type-variable","19":"has-default-attributes"},"bundled_by":[],"bundle_stock_status":"instock","bundle_stock_quantity":null,"bundle_virtual":false,"bundle_layout":"","bundle_add_to_cart_form_location":"","bundle_editable_in_cart":false,"bundle_sold_individually_context":"","bundle_item_grouping":"","bundle_min_size":"","bundle_max_size":"","bundle_price":[],"bundled_items":[],"bundle_sell_ids":[],"acf":[],"yoast_head":"<!-- This site is optimized with the Yoast SEO plugin v27.3 - https:\/\/yoast.com\/product\/yoast-seo-wordpress\/ -->\n<title>Kurtka przej\u015bciowa Combat Anorak MIL-TEC<\/title>\n<meta name=\"description\" content=\"Kurtka przej\u015bciowa Combat Anorak to ciep\u0142a, wygodna i stylowa kurtka typu anorak. Popularny wyb\u00f3r w\u015br\u00f3d my\u015bliwych, w\u0119dkarzy, mi\u0142o\u015bnik\u00f3w w\u0119dr\u00f3wek i os\u00f3b aktywnych.\" \/>\n<meta name=\"robots\" content=\"index, follow, max-snippet:-1, max-image-preview:large, max-video-preview:-1\" \/>\n<link rel=\"canonical\" href=\"https:\/\/toidupakk.ee\/pl\/toode\/kurtka-przejsciowa-combat-anorak-mil-tec\/\" \/>\n<meta property=\"og:locale\" content=\"pl_PL\" \/>\n<meta property=\"og:type\" content=\"article\" \/>\n<meta property=\"og:title\" content=\"Kurtka przej\u015bciowa Combat Anorak MIL-TEC\" \/>\n<meta property=\"og:description\" content=\"Kurtka przej\u015bciowa Combat Anorak to ciep\u0142a, wygodna i stylowa kurtka typu anorak. Popularny wyb\u00f3r w\u015br\u00f3d my\u015bliwych, w\u0119dkarzy, mi\u0142o\u015bnik\u00f3w w\u0119dr\u00f3wek i os\u00f3b aktywnych.\" \/>\n<meta property=\"og:url\" content=\"https:\/\/toidupakk.ee\/pl\/toode\/kurtka-przejsciowa-combat-anorak-mil-tec\/\" \/>\n<meta property=\"og:site_name\" content=\"Toidupakk.ee - Tactical Foodpack toidupakid\" \/>\n<meta property=\"article:publisher\" content=\"https:\/\/www.facebook.com\/Toidupakk\" \/>\n<meta property=\"article:modified_time\" content=\"2026-04-16T02:01:48+00:00\" \/>\n<meta property=\"og:image\" content=\"https:\/\/toidupakk.ee\/wp-content\/uploads\/2023\/09\/Talvejope-Winter-Combat-Anorak-MIL-TEC4.png\" \/>\n\t<meta property=\"og:image:width\" content=\"800\" \/>\n\t<meta property=\"og:image:height\" content=\"800\" \/>\n\t<meta property=\"og:image:type\" content=\"image\/png\" \/>\n<meta name=\"twitter:card\" content=\"summary_large_image\" \/>\n<meta name=\"twitter:label1\" content=\"Szacowany czas czytania\" \/>\n\t<meta name=\"twitter:data1\" content=\"1 minuta\" \/>\n<script type=\"application\/ld+json\" class=\"yoast-schema-graph\">{\"@context\":\"https:\\\/\\\/schema.org\",\"@graph\":[{\"@type\":\"WebPage\",\"@id\":\"https:\\\/\\\/toidupakk.ee\\\/pl\\\/toode\\\/kurtka-przejsciowa-combat-anorak-mil-tec\\\/\",\"url\":\"https:\\\/\\\/toidupakk.ee\\\/pl\\\/toode\\\/kurtka-przejsciowa-combat-anorak-mil-tec\\\/\",\"name\":\"Kurtka przej\u015bciowa Combat Anorak MIL-TEC\",\"isPartOf\":{\"@id\":\"https:\\\/\\\/toidupakk.ee\\\/pl\\\/#website\"},\"primaryImageOfPage\":{\"@id\":\"https:\\\/\\\/toidupakk.ee\\\/pl\\\/toode\\\/kurtka-przejsciowa-combat-anorak-mil-tec\\\/#primaryimage\"},\"image\":{\"@id\":\"https:\\\/\\\/toidupakk.ee\\\/pl\\\/toode\\\/kurtka-przejsciowa-combat-anorak-mil-tec\\\/#primaryimage\"},\"thumbnailUrl\":\"https:\\\/\\\/toidupakk.ee\\\/wp-content\\\/uploads\\\/2023\\\/09\\\/Talvejope-Winter-Combat-Anorak-MIL-TEC4.png\",\"datePublished\":\"2023-09-28T11:58:17+00:00\",\"dateModified\":\"2026-04-16T02:01:48+00:00\",\"description\":\"Kurtka przej\u015bciowa Combat Anorak to ciep\u0142a, wygodna i stylowa kurtka typu anorak. Popularny wyb\u00f3r w\u015br\u00f3d my\u015bliwych, w\u0119dkarzy, mi\u0142o\u015bnik\u00f3w w\u0119dr\u00f3wek i os\u00f3b aktywnych.\",\"breadcrumb\":{\"@id\":\"https:\\\/\\\/toidupakk.ee\\\/pl\\\/toode\\\/kurtka-przejsciowa-combat-anorak-mil-tec\\\/#breadcrumb\"},\"inLanguage\":\"pl-PL\",\"potentialAction\":[{\"@type\":\"ReadAction\",\"target\":[\"https:\\\/\\\/toidupakk.ee\\\/pl\\\/toode\\\/kurtka-przejsciowa-combat-anorak-mil-tec\\\/\"]}]},{\"@type\":\"ImageObject\",\"inLanguage\":\"pl-PL\",\"@id\":\"https:\\\/\\\/toidupakk.ee\\\/pl\\\/toode\\\/kurtka-przejsciowa-combat-anorak-mil-tec\\\/#primaryimage\",\"url\":\"https:\\\/\\\/toidupakk.ee\\\/wp-content\\\/uploads\\\/2023\\\/09\\\/Talvejope-Winter-Combat-Anorak-MIL-TEC4.png\",\"contentUrl\":\"https:\\\/\\\/toidupakk.ee\\\/wp-content\\\/uploads\\\/2023\\\/09\\\/Talvejope-Winter-Combat-Anorak-MIL-TEC4.png\",\"width\":800,\"height\":800,\"caption\":\"Talvejope-Winter-Combat-Anorak-MIL-TEC 1\"},{\"@type\":\"BreadcrumbList\",\"@id\":\"https:\\\/\\\/toidupakk.ee\\\/pl\\\/toode\\\/kurtka-przejsciowa-combat-anorak-mil-tec\\\/#breadcrumb\",\"itemListElement\":[{\"@type\":\"ListItem\",\"position\":1,\"name\":\"Avaleht\",\"item\":\"https:\\\/\\\/toidupakk.ee\\\/pl\\\/\"},{\"@type\":\"ListItem\",\"position\":2,\"name\":\"Sklep internetowy\",\"item\":\"https:\\\/\\\/toidupakk.ee\\\/pl\\\/sklep-internetowy\\\/\"},{\"@type\":\"ListItem\",\"position\":3,\"name\":\"Kurtka przej\u015bciowa Combat Anorak MIL-TEC\"}]},{\"@type\":\"WebSite\",\"@id\":\"https:\\\/\\\/toidupakk.ee\\\/pl\\\/#website\",\"url\":\"https:\\\/\\\/toidupakk.ee\\\/pl\\\/\",\"name\":\"Toidupakk.ee - Tactical Foodpack toidupakid\",\"description\":\"Tactical Foodpack k\u00fclmkuivatatud toidupakid ja matkaeined\",\"publisher\":{\"@id\":\"https:\\\/\\\/toidupakk.ee\\\/pl\\\/#organization\"},\"potentialAction\":[{\"@type\":\"SearchAction\",\"target\":{\"@type\":\"EntryPoint\",\"urlTemplate\":\"https:\\\/\\\/toidupakk.ee\\\/pl\\\/?s={search_term_string}\"},\"query-input\":{\"@type\":\"PropertyValueSpecification\",\"valueRequired\":true,\"valueName\":\"search_term_string\"}}],\"inLanguage\":\"pl-PL\"},{\"@type\":\"Organization\",\"@id\":\"https:\\\/\\\/toidupakk.ee\\\/pl\\\/#organization\",\"name\":\"Tactical Foodpack matkaeined\",\"url\":\"https:\\\/\\\/toidupakk.ee\\\/pl\\\/\",\"logo\":{\"@type\":\"ImageObject\",\"inLanguage\":\"pl-PL\",\"@id\":\"https:\\\/\\\/toidupakk.ee\\\/pl\\\/#\\\/schema\\\/logo\\\/image\\\/\",\"url\":\"https:\\\/\\\/toidupakk.ee\\\/wp-content\\\/uploads\\\/2022\\\/01\\\/Toidupakk-matkapood-logo-transparent.png\",\"contentUrl\":\"https:\\\/\\\/toidupakk.ee\\\/wp-content\\\/uploads\\\/2022\\\/01\\\/Toidupakk-matkapood-logo-transparent.png\",\"width\":500,\"height\":500,\"caption\":\"Tactical Foodpack matkaeined\"},\"image\":{\"@id\":\"https:\\\/\\\/toidupakk.ee\\\/pl\\\/#\\\/schema\\\/logo\\\/image\\\/\"},\"sameAs\":[\"https:\\\/\\\/www.facebook.com\\\/Toidupakk\",\"https:\\\/\\\/www.instagram.com\\\/toidupakk\\\/\"]}]}<\/script>\n<!-- \/ Yoast SEO plugin. -->","yoast_head_json":{"title":"Kurtka przej\u015bciowa Combat Anorak MIL-TEC","description":"Kurtka przej\u015bciowa Combat Anorak to ciep\u0142a, wygodna i stylowa kurtka typu anorak. Popularny wyb\u00f3r w\u015br\u00f3d my\u015bliwych, w\u0119dkarzy, mi\u0142o\u015bnik\u00f3w w\u0119dr\u00f3wek i os\u00f3b aktywnych.","robots":{"index":"index","follow":"follow","max-snippet":"max-snippet:-1","max-image-preview":"max-image-preview:large","max-video-preview":"max-video-preview:-1"},"canonical":"https:\/\/toidupakk.ee\/pl\/toode\/kurtka-przejsciowa-combat-anorak-mil-tec\/","og_locale":"pl_PL","og_type":"article","og_title":"Kurtka przej\u015bciowa Combat Anorak MIL-TEC","og_description":"Kurtka przej\u015bciowa Combat Anorak to ciep\u0142a, wygodna i stylowa kurtka typu anorak. Popularny wyb\u00f3r w\u015br\u00f3d my\u015bliwych, w\u0119dkarzy, mi\u0142o\u015bnik\u00f3w w\u0119dr\u00f3wek i os\u00f3b aktywnych.","og_url":"https:\/\/toidupakk.ee\/pl\/toode\/kurtka-przejsciowa-combat-anorak-mil-tec\/","og_site_name":"Toidupakk.ee - Tactical Foodpack toidupakid","article_publisher":"https:\/\/www.facebook.com\/Toidupakk","article_modified_time":"2026-04-16T02:01:48+00:00","og_image":[{"width":800,"height":800,"url":"https:\/\/toidupakk.ee\/wp-content\/uploads\/2023\/09\/Talvejope-Winter-Combat-Anorak-MIL-TEC4.png","type":"image\/png"}],"twitter_card":"summary_large_image","twitter_misc":{"Szacowany czas czytania":"1 minuta"},"schema":{"@context":"https:\/\/schema.org","@graph":[{"@type":"WebPage","@id":"https:\/\/toidupakk.ee\/pl\/toode\/kurtka-przejsciowa-combat-anorak-mil-tec\/","url":"https:\/\/toidupakk.ee\/pl\/toode\/kurtka-przejsciowa-combat-anorak-mil-tec\/","name":"Kurtka przej\u015bciowa Combat Anorak MIL-TEC","isPartOf":{"@id":"https:\/\/toidupakk.ee\/pl\/#website"},"primaryImageOfPage":{"@id":"https:\/\/toidupakk.ee\/pl\/toode\/kurtka-przejsciowa-combat-anorak-mil-tec\/#primaryimage"},"image":{"@id":"https:\/\/toidupakk.ee\/pl\/toode\/kurtka-przejsciowa-combat-anorak-mil-tec\/#primaryimage"},"thumbnailUrl":"https:\/\/toidupakk.ee\/wp-content\/uploads\/2023\/09\/Talvejope-Winter-Combat-Anorak-MIL-TEC4.png","datePublished":"2023-09-28T11:58:17+00:00","dateModified":"2026-04-16T02:01:48+00:00","description":"Kurtka przej\u015bciowa Combat Anorak to ciep\u0142a, wygodna i stylowa kurtka typu anorak. Popularny wyb\u00f3r w\u015br\u00f3d my\u015bliwych, w\u0119dkarzy, mi\u0142o\u015bnik\u00f3w w\u0119dr\u00f3wek i os\u00f3b aktywnych.","breadcrumb":{"@id":"https:\/\/toidupakk.ee\/pl\/toode\/kurtka-przejsciowa-combat-anorak-mil-tec\/#breadcrumb"},"inLanguage":"pl-PL","potentialAction":[{"@type":"ReadAction","target":["https:\/\/toidupakk.ee\/pl\/toode\/kurtka-przejsciowa-combat-anorak-mil-tec\/"]}]},{"@type":"ImageObject","inLanguage":"pl-PL","@id":"https:\/\/toidupakk.ee\/pl\/toode\/kurtka-przejsciowa-combat-anorak-mil-tec\/#primaryimage","url":"https:\/\/toidupakk.ee\/wp-content\/uploads\/2023\/09\/Talvejope-Winter-Combat-Anorak-MIL-TEC4.png","contentUrl":"https:\/\/toidupakk.ee\/wp-content\/uploads\/2023\/09\/Talvejope-Winter-Combat-Anorak-MIL-TEC4.png","width":800,"height":800,"caption":"Talvejope-Winter-Combat-Anorak-MIL-TEC 1"},{"@type":"BreadcrumbList","@id":"https:\/\/toidupakk.ee\/pl\/toode\/kurtka-przejsciowa-combat-anorak-mil-tec\/#breadcrumb","itemListElement":[{"@type":"ListItem","position":1,"name":"Avaleht","item":"https:\/\/toidupakk.ee\/pl\/"},{"@type":"ListItem","position":2,"name":"Sklep internetowy","item":"https:\/\/toidupakk.ee\/pl\/sklep-internetowy\/"},{"@type":"ListItem","position":3,"name":"Kurtka przej\u015bciowa Combat Anorak MIL-TEC"}]},{"@type":"WebSite","@id":"https:\/\/toidupakk.ee\/pl\/#website","url":"https:\/\/toidupakk.ee\/pl\/","name":"Toidupakk.ee - Tactical Foodpack toidupakid","description":"Tactical Foodpack k\u00fclmkuivatatud toidupakid ja matkaeined","publisher":{"@id":"https:\/\/toidupakk.ee\/pl\/#organization"},"potentialAction":[{"@type":"SearchAction","target":{"@type":"EntryPoint","urlTemplate":"https:\/\/toidupakk.ee\/pl\/?s={search_term_string}"},"query-input":{"@type":"PropertyValueSpecification","valueRequired":true,"valueName":"search_term_string"}}],"inLanguage":"pl-PL"},{"@type":"Organization","@id":"https:\/\/toidupakk.ee\/pl\/#organization","name":"Tactical Foodpack matkaeined","url":"https:\/\/toidupakk.ee\/pl\/","logo":{"@type":"ImageObject","inLanguage":"pl-PL","@id":"https:\/\/toidupakk.ee\/pl\/#\/schema\/logo\/image\/","url":"https:\/\/toidupakk.ee\/wp-content\/uploads\/2022\/01\/Toidupakk-matkapood-logo-transparent.png","contentUrl":"https:\/\/toidupakk.ee\/wp-content\/uploads\/2022\/01\/Toidupakk-matkapood-logo-transparent.png","width":500,"height":500,"caption":"Tactical Foodpack matkaeined"},"image":{"@id":"https:\/\/toidupakk.ee\/pl\/#\/schema\/logo\/image\/"},"sameAs":["https:\/\/www.facebook.com\/Toidupakk","https:\/\/www.instagram.com\/toidupakk\/"]}]}},"jetpack_sharing_enabled":true,"_links":{"self":[{"href":"https:\/\/toidupakk.ee\/pl\/wp-json\/wp\/v2\/product\/51139","targetHints":{"allow":["GET"]}}],"collection":[{"href":"https:\/\/toidupakk.ee\/pl\/wp-json\/wp\/v2\/product"}],"about":[{"href":"https:\/\/toidupakk.ee\/pl\/wp-json\/wp\/v2\/types\/product"}],"replies":[{"embeddable":true,"href":"https:\/\/toidupakk.ee\/pl\/wp-json\/wp\/v2\/comments?post=51139"}],"wp:featuredmedia":[{"embeddable":true,"href":"https:\/\/toidupakk.ee\/pl\/wp-json\/wp\/v2\/media\/14257"}],"wp:attachment":[{"href":"https:\/\/toidupakk.ee\/pl\/wp-json\/wp\/v2\/media?parent=51139"}],"wp:term":[{"taxonomy":"product_brand","embeddable":true,"href":"https:\/\/toidupakk.ee\/pl\/wp-json\/wp\/v2\/product_brand?post=51139"},{"taxonomy":"product_cat","embeddable":true,"href":"https:\/\/toidupakk.ee\/pl\/wp-json\/wp\/v2\/product_cat?post=51139"},{"taxonomy":"product_tag","embeddable":true,"href":"https:\/\/toidupakk.ee\/pl\/wp-json\/wp\/v2\/product_tag?post=51139"}],"curies":[{"name":"wp","href":"https:\/\/api.w.org\/{rel}","templated":true}]}}