{"id":51135,"date":"2023-08-14T14:36:30","date_gmt":"2023-08-14T11:36:30","guid":{"rendered":"https:\/\/toidupakk.ee\/toode\/czapka-z-daszkiem-fostex-czerwona\/"},"modified":"2026-04-15T16:00:42","modified_gmt":"2026-04-15T13:00:42","slug":"czapka-z-daszkiem-fostex-czerwona","status":"publish","type":"product","link":"https:\/\/toidupakk.ee\/pl\/toode\/czapka-z-daszkiem-fostex-czerwona\/","title":{"rendered":"Czapka z daszkiem Fostex (czerwona)"},"content":{"rendered":"<p>Czapka z daszkiem Fostex to wysokiej jako\u015bci stylowy dodatek. Jej design inspirowany jest klasyczn\u0105 bejsbol\u00f3wk\u0105, co czyni j\u0105 uniwersalnym wyborem na co dzie\u0144 oraz do r\u00f3\u017cnych aktywno\u015bci, takich jak sport, w\u0119dr\u00f3wki czy rekreacja. <\/p>\n<p>Czapka z daszkiem Fostex zosta\u0142a wykonana z wytrzyma\u0142ego materia\u0142u, zapewniaj\u0105c zar\u00f3wno jako\u015b\u0107, jak i wygod\u0119. Doda Twojej stylizacji charakteru, pomagaj\u0105c Ci wyr\u00f3\u017cni\u0107 si\u0119 w t\u0142umie lub po prostu podczas codziennych zaj\u0119\u0107. Kolorystyka jest stylowa i \u015bwietnie komponuje si\u0119 z r\u00f3\u017cnymi ubraniami.  <\/p>\n<p>Fostex Garments s\u0142ynie z produkt\u00f3w wysokiej jako\u015bci, a czapka Fostex nie jest wyj\u0105tkiem. Renoma marki gwarantuje trwa\u0142o\u015b\u0107, odporno\u015b\u0107 na zu\u017cycie i zadowolenie nawet najbardziej wymagaj\u0105cych u\u017cytkownik\u00f3w. To niezawodny dodatek, kt\u00f3ry pos\u0142u\u017cy Ci przez d\u0142ugi czas bez obaw o utrat\u0119 jako\u015bci.  <\/p>\n<p>Znajd\u017a inspiracj\u0119 na kolejne przygody na <a href=\"https:\/\/www.instagram.com\/toidupakk\/\">Instagramie<\/a> i <a href=\"https:\/\/www.facebook.com\/Toidupakk\/\">Facebooku<\/a> Toidupakk.<\/p>\n<p>Zobacz sprz\u0119t turystyczny <a href=\"https:\/\/toidupakk.ee\/pl\/tootekategooria\/sprzet-turystyczny\/#section-3-79\">TUTAJ<\/a>.<\/p>\n","protected":false},"excerpt":{"rendered":"<p>Czapka z daszkiem Fostex to wysokiej jako\u015bci stylowy model, idealny do noszenia na co dzie\u0144 i podczas aktywno\u015bci. Ta klasyczna bejsbol\u00f3wka jest wykonana z wytrzyma\u0142ego materia\u0142u, oferuj\u0105c komfort i styl. <\/p>\n<p>\u2705 Czas dostawy: 1-3 dni robocze<br \/>\n\u2705 BEZP\u0141ATNY zwrot i wymiana<\/p>\n","protected":false},"featured_media":12510,"comment_status":"open","ping_status":"closed","template":"","meta":{"_acf_changed":false},"product_brand":[],"product_cat":[303,385,319,301],"product_tag":[],"class_list":{"0":"post-51135","1":"product","2":"type-product","3":"status-publish","4":"has-post-thumbnail","6":"product_cat-akcesoria-turystyczne","7":"product_cat-czapki-z-daszkiem","8":"product_cat-odziez","9":"product_cat-sprzet-turystyczny","11":"first","12":"instock","13":"sale","14":"taxable","15":"shipping-taxable","16":"purchasable","17":"product-type-simple"},"bundled_by":[],"bundle_stock_status":"instock","bundle_stock_quantity":1,"bundle_virtual":false,"bundle_layout":"","bundle_add_to_cart_form_location":"","bundle_editable_in_cart":false,"bundle_sold_individually_context":"","bundle_item_grouping":"","bundle_min_size":"","bundle_max_size":"","bundle_price":[],"bundled_items":[],"bundle_sell_ids":[],"acf":[],"yoast_head":"<!-- This site is optimized with the Yoast SEO plugin v27.3 - https:\/\/yoast.com\/product\/yoast-seo-wordpress\/ -->\n<title>Czapka z daszkiem Fostex (czerwona)<\/title>\n<meta name=\"description\" content=\"Czapka z daszkiem Fostex idealnie nadaje si\u0119 do wszelkich aktywno\u015bci i jest doskona\u0142ym wyborem dla os\u00f3b ceni\u0105cych jako\u015b\u0107, mod\u0119 oraz funkcjonalno\u015b\u0107 dodatk\u00f3w.\" \/>\n<meta name=\"robots\" content=\"index, follow, max-snippet:-1, max-image-preview:large, max-video-preview:-1\" \/>\n<link rel=\"canonical\" href=\"https:\/\/toidupakk.ee\/pl\/toode\/czapka-z-daszkiem-fostex-czerwona\/\" \/>\n<meta property=\"og:locale\" content=\"pl_PL\" \/>\n<meta property=\"og:type\" content=\"article\" \/>\n<meta property=\"og:title\" content=\"Czapka z daszkiem Fostex (czerwona)\" \/>\n<meta property=\"og:description\" content=\"Czapka z daszkiem Fostex idealnie nadaje si\u0119 do wszelkich aktywno\u015bci i jest doskona\u0142ym wyborem dla os\u00f3b ceni\u0105cych jako\u015b\u0107, mod\u0119 oraz funkcjonalno\u015b\u0107 dodatk\u00f3w.\" \/>\n<meta property=\"og:url\" content=\"https:\/\/toidupakk.ee\/pl\/toode\/czapka-z-daszkiem-fostex-czerwona\/\" \/>\n<meta property=\"og:site_name\" content=\"Toidupakk.ee - Tactical Foodpack toidupakid\" \/>\n<meta property=\"article:publisher\" content=\"https:\/\/www.facebook.com\/Toidupakk\" \/>\n<meta property=\"article:modified_time\" content=\"2026-04-15T13:00:42+00:00\" \/>\n<meta property=\"og:image\" content=\"https:\/\/toidupakk.ee\/wp-content\/uploads\/2023\/08\/Nokamuts-Fostex129.png\" \/>\n\t<meta property=\"og:image:width\" content=\"1080\" \/>\n\t<meta property=\"og:image:height\" content=\"1080\" \/>\n\t<meta property=\"og:image:type\" content=\"image\/png\" \/>\n<meta name=\"twitter:card\" content=\"summary_large_image\" \/>\n<meta name=\"twitter:label1\" content=\"Szacowany czas czytania\" \/>\n\t<meta name=\"twitter:data1\" content=\"1 minuta\" \/>\n<script type=\"application\/ld+json\" class=\"yoast-schema-graph\">{\"@context\":\"https:\\\/\\\/schema.org\",\"@graph\":[{\"@type\":\"WebPage\",\"@id\":\"https:\\\/\\\/toidupakk.ee\\\/pl\\\/toode\\\/czapka-z-daszkiem-fostex-czerwona\\\/\",\"url\":\"https:\\\/\\\/toidupakk.ee\\\/pl\\\/toode\\\/czapka-z-daszkiem-fostex-czerwona\\\/\",\"name\":\"Czapka z daszkiem Fostex (czerwona)\",\"isPartOf\":{\"@id\":\"https:\\\/\\\/toidupakk.ee\\\/pl\\\/#website\"},\"primaryImageOfPage\":{\"@id\":\"https:\\\/\\\/toidupakk.ee\\\/pl\\\/toode\\\/czapka-z-daszkiem-fostex-czerwona\\\/#primaryimage\"},\"image\":{\"@id\":\"https:\\\/\\\/toidupakk.ee\\\/pl\\\/toode\\\/czapka-z-daszkiem-fostex-czerwona\\\/#primaryimage\"},\"thumbnailUrl\":\"https:\\\/\\\/toidupakk.ee\\\/wp-content\\\/uploads\\\/2023\\\/08\\\/Nokamuts-Fostex129.png\",\"datePublished\":\"2023-08-14T11:36:30+00:00\",\"dateModified\":\"2026-04-15T13:00:42+00:00\",\"description\":\"Czapka z daszkiem Fostex idealnie nadaje si\u0119 do wszelkich aktywno\u015bci i jest doskona\u0142ym wyborem dla os\u00f3b ceni\u0105cych jako\u015b\u0107, mod\u0119 oraz funkcjonalno\u015b\u0107 dodatk\u00f3w.\",\"breadcrumb\":{\"@id\":\"https:\\\/\\\/toidupakk.ee\\\/pl\\\/toode\\\/czapka-z-daszkiem-fostex-czerwona\\\/#breadcrumb\"},\"inLanguage\":\"pl-PL\",\"potentialAction\":[{\"@type\":\"ReadAction\",\"target\":[\"https:\\\/\\\/toidupakk.ee\\\/pl\\\/toode\\\/czapka-z-daszkiem-fostex-czerwona\\\/\"]}]},{\"@type\":\"ImageObject\",\"inLanguage\":\"pl-PL\",\"@id\":\"https:\\\/\\\/toidupakk.ee\\\/pl\\\/toode\\\/czapka-z-daszkiem-fostex-czerwona\\\/#primaryimage\",\"url\":\"https:\\\/\\\/toidupakk.ee\\\/wp-content\\\/uploads\\\/2023\\\/08\\\/Nokamuts-Fostex129.png\",\"contentUrl\":\"https:\\\/\\\/toidupakk.ee\\\/wp-content\\\/uploads\\\/2023\\\/08\\\/Nokamuts-Fostex129.png\",\"width\":1080,\"height\":1080,\"caption\":\"Nokam\u00fcts Fostex5\"},{\"@type\":\"BreadcrumbList\",\"@id\":\"https:\\\/\\\/toidupakk.ee\\\/pl\\\/toode\\\/czapka-z-daszkiem-fostex-czerwona\\\/#breadcrumb\",\"itemListElement\":[{\"@type\":\"ListItem\",\"position\":1,\"name\":\"Avaleht\",\"item\":\"https:\\\/\\\/toidupakk.ee\\\/pl\\\/\"},{\"@type\":\"ListItem\",\"position\":2,\"name\":\"Sklep internetowy\",\"item\":\"https:\\\/\\\/toidupakk.ee\\\/pl\\\/sklep-internetowy\\\/\"},{\"@type\":\"ListItem\",\"position\":3,\"name\":\"Czapka z daszkiem Fostex (czerwona)\"}]},{\"@type\":\"WebSite\",\"@id\":\"https:\\\/\\\/toidupakk.ee\\\/pl\\\/#website\",\"url\":\"https:\\\/\\\/toidupakk.ee\\\/pl\\\/\",\"name\":\"Toidupakk.ee - Tactical Foodpack toidupakid\",\"description\":\"Tactical Foodpack k\u00fclmkuivatatud toidupakid ja matkaeined\",\"publisher\":{\"@id\":\"https:\\\/\\\/toidupakk.ee\\\/pl\\\/#organization\"},\"potentialAction\":[{\"@type\":\"SearchAction\",\"target\":{\"@type\":\"EntryPoint\",\"urlTemplate\":\"https:\\\/\\\/toidupakk.ee\\\/pl\\\/?s={search_term_string}\"},\"query-input\":{\"@type\":\"PropertyValueSpecification\",\"valueRequired\":true,\"valueName\":\"search_term_string\"}}],\"inLanguage\":\"pl-PL\"},{\"@type\":\"Organization\",\"@id\":\"https:\\\/\\\/toidupakk.ee\\\/pl\\\/#organization\",\"name\":\"Tactical Foodpack matkaeined\",\"url\":\"https:\\\/\\\/toidupakk.ee\\\/pl\\\/\",\"logo\":{\"@type\":\"ImageObject\",\"inLanguage\":\"pl-PL\",\"@id\":\"https:\\\/\\\/toidupakk.ee\\\/pl\\\/#\\\/schema\\\/logo\\\/image\\\/\",\"url\":\"https:\\\/\\\/toidupakk.ee\\\/wp-content\\\/uploads\\\/2022\\\/01\\\/Toidupakk-matkapood-logo-transparent.png\",\"contentUrl\":\"https:\\\/\\\/toidupakk.ee\\\/wp-content\\\/uploads\\\/2022\\\/01\\\/Toidupakk-matkapood-logo-transparent.png\",\"width\":500,\"height\":500,\"caption\":\"Tactical Foodpack matkaeined\"},\"image\":{\"@id\":\"https:\\\/\\\/toidupakk.ee\\\/pl\\\/#\\\/schema\\\/logo\\\/image\\\/\"},\"sameAs\":[\"https:\\\/\\\/www.facebook.com\\\/Toidupakk\",\"https:\\\/\\\/www.instagram.com\\\/toidupakk\\\/\"]}]}<\/script>\n<!-- \/ Yoast SEO plugin. -->","yoast_head_json":{"title":"Czapka z daszkiem Fostex (czerwona)","description":"Czapka z daszkiem Fostex idealnie nadaje si\u0119 do wszelkich aktywno\u015bci i jest doskona\u0142ym wyborem dla os\u00f3b ceni\u0105cych jako\u015b\u0107, mod\u0119 oraz funkcjonalno\u015b\u0107 dodatk\u00f3w.","robots":{"index":"index","follow":"follow","max-snippet":"max-snippet:-1","max-image-preview":"max-image-preview:large","max-video-preview":"max-video-preview:-1"},"canonical":"https:\/\/toidupakk.ee\/pl\/toode\/czapka-z-daszkiem-fostex-czerwona\/","og_locale":"pl_PL","og_type":"article","og_title":"Czapka z daszkiem Fostex (czerwona)","og_description":"Czapka z daszkiem Fostex idealnie nadaje si\u0119 do wszelkich aktywno\u015bci i jest doskona\u0142ym wyborem dla os\u00f3b ceni\u0105cych jako\u015b\u0107, mod\u0119 oraz funkcjonalno\u015b\u0107 dodatk\u00f3w.","og_url":"https:\/\/toidupakk.ee\/pl\/toode\/czapka-z-daszkiem-fostex-czerwona\/","og_site_name":"Toidupakk.ee - Tactical Foodpack toidupakid","article_publisher":"https:\/\/www.facebook.com\/Toidupakk","article_modified_time":"2026-04-15T13:00:42+00:00","og_image":[{"width":1080,"height":1080,"url":"https:\/\/toidupakk.ee\/wp-content\/uploads\/2023\/08\/Nokamuts-Fostex129.png","type":"image\/png"}],"twitter_card":"summary_large_image","twitter_misc":{"Szacowany czas czytania":"1 minuta"},"schema":{"@context":"https:\/\/schema.org","@graph":[{"@type":"WebPage","@id":"https:\/\/toidupakk.ee\/pl\/toode\/czapka-z-daszkiem-fostex-czerwona\/","url":"https:\/\/toidupakk.ee\/pl\/toode\/czapka-z-daszkiem-fostex-czerwona\/","name":"Czapka z daszkiem Fostex (czerwona)","isPartOf":{"@id":"https:\/\/toidupakk.ee\/pl\/#website"},"primaryImageOfPage":{"@id":"https:\/\/toidupakk.ee\/pl\/toode\/czapka-z-daszkiem-fostex-czerwona\/#primaryimage"},"image":{"@id":"https:\/\/toidupakk.ee\/pl\/toode\/czapka-z-daszkiem-fostex-czerwona\/#primaryimage"},"thumbnailUrl":"https:\/\/toidupakk.ee\/wp-content\/uploads\/2023\/08\/Nokamuts-Fostex129.png","datePublished":"2023-08-14T11:36:30+00:00","dateModified":"2026-04-15T13:00:42+00:00","description":"Czapka z daszkiem Fostex idealnie nadaje si\u0119 do wszelkich aktywno\u015bci i jest doskona\u0142ym wyborem dla os\u00f3b ceni\u0105cych jako\u015b\u0107, mod\u0119 oraz funkcjonalno\u015b\u0107 dodatk\u00f3w.","breadcrumb":{"@id":"https:\/\/toidupakk.ee\/pl\/toode\/czapka-z-daszkiem-fostex-czerwona\/#breadcrumb"},"inLanguage":"pl-PL","potentialAction":[{"@type":"ReadAction","target":["https:\/\/toidupakk.ee\/pl\/toode\/czapka-z-daszkiem-fostex-czerwona\/"]}]},{"@type":"ImageObject","inLanguage":"pl-PL","@id":"https:\/\/toidupakk.ee\/pl\/toode\/czapka-z-daszkiem-fostex-czerwona\/#primaryimage","url":"https:\/\/toidupakk.ee\/wp-content\/uploads\/2023\/08\/Nokamuts-Fostex129.png","contentUrl":"https:\/\/toidupakk.ee\/wp-content\/uploads\/2023\/08\/Nokamuts-Fostex129.png","width":1080,"height":1080,"caption":"Nokam\u00fcts Fostex5"},{"@type":"BreadcrumbList","@id":"https:\/\/toidupakk.ee\/pl\/toode\/czapka-z-daszkiem-fostex-czerwona\/#breadcrumb","itemListElement":[{"@type":"ListItem","position":1,"name":"Avaleht","item":"https:\/\/toidupakk.ee\/pl\/"},{"@type":"ListItem","position":2,"name":"Sklep internetowy","item":"https:\/\/toidupakk.ee\/pl\/sklep-internetowy\/"},{"@type":"ListItem","position":3,"name":"Czapka z daszkiem Fostex (czerwona)"}]},{"@type":"WebSite","@id":"https:\/\/toidupakk.ee\/pl\/#website","url":"https:\/\/toidupakk.ee\/pl\/","name":"Toidupakk.ee - Tactical Foodpack toidupakid","description":"Tactical Foodpack k\u00fclmkuivatatud toidupakid ja matkaeined","publisher":{"@id":"https:\/\/toidupakk.ee\/pl\/#organization"},"potentialAction":[{"@type":"SearchAction","target":{"@type":"EntryPoint","urlTemplate":"https:\/\/toidupakk.ee\/pl\/?s={search_term_string}"},"query-input":{"@type":"PropertyValueSpecification","valueRequired":true,"valueName":"search_term_string"}}],"inLanguage":"pl-PL"},{"@type":"Organization","@id":"https:\/\/toidupakk.ee\/pl\/#organization","name":"Tactical Foodpack matkaeined","url":"https:\/\/toidupakk.ee\/pl\/","logo":{"@type":"ImageObject","inLanguage":"pl-PL","@id":"https:\/\/toidupakk.ee\/pl\/#\/schema\/logo\/image\/","url":"https:\/\/toidupakk.ee\/wp-content\/uploads\/2022\/01\/Toidupakk-matkapood-logo-transparent.png","contentUrl":"https:\/\/toidupakk.ee\/wp-content\/uploads\/2022\/01\/Toidupakk-matkapood-logo-transparent.png","width":500,"height":500,"caption":"Tactical Foodpack matkaeined"},"image":{"@id":"https:\/\/toidupakk.ee\/pl\/#\/schema\/logo\/image\/"},"sameAs":["https:\/\/www.facebook.com\/Toidupakk","https:\/\/www.instagram.com\/toidupakk\/"]}]}},"jetpack_sharing_enabled":true,"_links":{"self":[{"href":"https:\/\/toidupakk.ee\/pl\/wp-json\/wp\/v2\/product\/51135","targetHints":{"allow":["GET"]}}],"collection":[{"href":"https:\/\/toidupakk.ee\/pl\/wp-json\/wp\/v2\/product"}],"about":[{"href":"https:\/\/toidupakk.ee\/pl\/wp-json\/wp\/v2\/types\/product"}],"replies":[{"embeddable":true,"href":"https:\/\/toidupakk.ee\/pl\/wp-json\/wp\/v2\/comments?post=51135"}],"wp:featuredmedia":[{"embeddable":true,"href":"https:\/\/toidupakk.ee\/pl\/wp-json\/wp\/v2\/media\/12510"}],"wp:attachment":[{"href":"https:\/\/toidupakk.ee\/pl\/wp-json\/wp\/v2\/media?parent=51135"}],"wp:term":[{"taxonomy":"product_brand","embeddable":true,"href":"https:\/\/toidupakk.ee\/pl\/wp-json\/wp\/v2\/product_brand?post=51135"},{"taxonomy":"product_cat","embeddable":true,"href":"https:\/\/toidupakk.ee\/pl\/wp-json\/wp\/v2\/product_cat?post=51135"},{"taxonomy":"product_tag","embeddable":true,"href":"https:\/\/toidupakk.ee\/pl\/wp-json\/wp\/v2\/product_tag?post=51135"}],"curies":[{"name":"wp","href":"https:\/\/api.w.org\/{rel}","templated":true}]}}