{"id":51090,"date":"2024-06-07T17:13:47","date_gmt":"2024-06-07T14:13:47","guid":{"rendered":"https:\/\/toidupakk.ee\/toode\/latarka-kempingowa-led-z-trzema-trybami-swiecenia\/"},"modified":"2026-04-16T06:31:10","modified_gmt":"2026-04-16T03:31:10","slug":"latarka-kempingowa-led-z-trzema-trybami-swiecenia","status":"publish","type":"product","link":"https:\/\/toidupakk.ee\/pl\/toode\/latarka-kempingowa-led-z-trzema-trybami-swiecenia\/","title":{"rendered":"Latarka kempingowa LED z trzema trybami \u015bwiecenia"},"content":{"rendered":"<div class=\"w-full text-token-text-primary\" dir=\"auto\" data-testid=\"conversation-turn-7\" data-scroll-anchor=\"false\">\n<div class=\"py-2 juice:py-[18px] px-3 text-base md:px-4 m-auto md:px-5 lg:px-1 xl:px-5\">\n<div class=\"mx-auto flex flex-1 gap-3 text-base juice:gap-4 juice:md:gap-5 juice:lg:gap-6 md:max-w-3xl lg:max-w-[40rem] xl:max-w-[48rem]\">\n<div class=\"group\/conversation-turn relative flex w-full min-w-0 flex-col agent-turn\">\n<div class=\"flex-col gap-1 md:gap-3\">\n<div class=\"flex flex-grow flex-col max-w-full\">\n<div class=\"min-h-[20px] text-message flex flex-col items-start whitespace-pre-wrap break-words [.text-message+&amp;]:mt-5 juice:w-full juice:items-end overflow-x-auto gap-2\" dir=\"auto\" data-message-author-role=\"assistant\" data-message-id=\"dc070466-377a-4524-9736-3f1ba224865d\">\n<div class=\"flex w-full flex-col gap-1 juice:empty:hidden juice:first:pt-[3px]\">\n<h1 class=\"markdown prose w-full break-words dark:prose-invert light\"><strong>Latarka kempingowa LED \u2013 latarka z trzema trybami \u015bwiecenia i funkcj\u0105 \u0142adowania telefonu na Twoje kolejne przygody w plenerze<\/strong><\/h1>\n<\/div>\n<\/div>\n<\/div>\n<\/div>\n<\/div>\n<\/div>\n<\/div>\n<\/div>\n<div class=\"w-full text-token-text-primary\" dir=\"auto\" data-testid=\"conversation-turn-9\" data-scroll-anchor=\"true\">\n<div class=\"py-2 juice:py-[18px] px-3 text-base md:px-4 m-auto md:px-5 lg:px-1 xl:px-5\">\n<div class=\"mx-auto flex flex-1 gap-3 text-base juice:gap-4 juice:md:gap-5 juice:lg:gap-6 md:max-w-3xl lg:max-w-[40rem] xl:max-w-[48rem]\">\n<div class=\"group\/conversation-turn relative flex w-full min-w-0 flex-col agent-turn\">\n<div class=\"flex-col gap-1 md:gap-3\">\n<div class=\"flex flex-grow flex-col max-w-full\">\n<div class=\"min-h-[20px] text-message flex flex-col items-start whitespace-pre-wrap break-words [.text-message+&amp;]:mt-5 juice:w-full juice:items-end overflow-x-auto gap-2\" dir=\"auto\" data-message-author-role=\"assistant\" data-message-id=\"65b75c89-2878-4fd7-9f54-d522adde0e84\">\n<div class=\"flex w-full flex-col gap-1 juice:empty:hidden juice:first:pt-[3px]\">\n<div class=\"markdown prose w-full break-words dark:prose-invert light\">\n<p>Szukasz latarki kempingowej, kt\u00f3ra zapewnia doskona\u0142e \u015bwiat\u0142o, jest kompaktowa i wszechstronna? Poznaj latark\u0119 kempingow\u0105 LED, kt\u00f3ra jest idealnym wyborem dla biwakowicz\u00f3w, w\u0119drowc\u00f3w czy w\u0119dkarzy. <\/p>\n<h2>Latarka kempingowa z przyjemnym rozproszonym \u015bwiat\u0142em<\/h2>\n<p>Latarka kempingowa LED emituje przyjemnie rozproszone \u015bwiat\u0142o, kt\u00f3re nie m\u0119czy oczu i zapewnia optymalne o\u015bwietlenie otoczenia. Technologia LED umo\u017cliwia precyzyjne i efektywne o\u015bwietlenie, a konstrukcja lampy i jej w\u0142a\u015bciwo\u015bci optyczne sprawiaj\u0105, \u017ce \u015bwiat\u0142o jest r\u00f3wnomierne i komfortowe dla oczu. <\/p>\n<p><img fetchpriority=\"high\" decoding=\"async\" class=\"size-thumbnail wp-image-23837 alignright\" src=\"https:\/\/toidupakk.ee\/wp-content\/uploads\/2024\/06\/matkalatern-16-500x500.jpg\" alt=\"lekka latarka kempingowa LED\" width=\"500\" height=\"500\" srcset=\"https:\/\/toidupakk.ee\/wp-content\/uploads\/2024\/06\/matkalatern-16-500x500.jpg 500w, https:\/\/toidupakk.ee\/wp-content\/uploads\/2024\/06\/matkalatern-16-400x400.jpg 400w, https:\/\/toidupakk.ee\/wp-content\/uploads\/2024\/06\/matkalatern-16-100x100.jpg 100w, https:\/\/toidupakk.ee\/wp-content\/uploads\/2024\/06\/matkalatern-16-300x300.jpg 300w, https:\/\/toidupakk.ee\/wp-content\/uploads\/2024\/06\/matkalatern-16-768x768.jpg 768w, https:\/\/toidupakk.ee\/wp-content\/uploads\/2024\/06\/matkalatern-16.jpg 800w\" sizes=\"(max-width: 500px) 100vw, 500px\" \/><\/p>\n<h2>R\u00f3wnomierne \u015bwiat\u0142o w ka\u017cdym kierunku<\/h2>\n<p>Diody LED latarki s\u0105 rozmieszczone tak, aby \u015bwiat\u0142o by\u0142o r\u00f3wnomierne w ka\u017cdym kierunku, zapewniaj\u0105c najlepsze mo\u017cliwe o\u015bwietlenie nawet w najciemniejszych miejscach. Ta cecha jest szczeg\u00f3lnie wa\u017cna podczas w\u0119dr\u00f3wek, gdzie cz\u0119sto potrzebne jest dobre o\u015bwietlenie w r\u00f3\u017cnych warunkach. <\/p>\n<h2>Latarka kempingowa o unikalnym designie<\/h2>\n<p>Wygl\u0105d latarki przypomina star\u0105 lamp\u0119 naftow\u0105, dodaj\u0105c wyprawie uroku i nostalgicznego klimatu. Jednocze\u015bnie jest wyposa\u017cona w nowoczesn\u0105 technologi\u0119 LED, kt\u00f3ra zapewnia d\u0142u\u017csz\u0105 \u017cywotno\u015b\u0107 i wydajniejsze o\u015bwietlenie. <\/p>\n<h2>Wygodny uchwyt do zawieszania<\/h2>\n<p>Latarka posiada uchwyt, kt\u00f3ry pozwala na wygodne zawieszenie jej np. przy plecaku lub na drzewie. Sprawia to, \u017ce korzystanie z latarki jest proste i wygodne, umo\u017cliwiaj\u0105c o\u015bwietlenie bez u\u017cycia r\u0105k podczas w\u0119dr\u00f3wki. <\/p>\n<p><img decoding=\"async\" class=\"alignnone size-thumbnail wp-image-23829\" src=\"https:\/\/toidupakk.ee\/wp-content\/uploads\/2024\/06\/matkalatern-8-500x500.jpg\" alt=\"latarka do zawieszenia przy plecaku\" width=\"500\" height=\"500\" srcset=\"https:\/\/toidupakk.ee\/wp-content\/uploads\/2024\/06\/matkalatern-8-500x500.jpg 500w, https:\/\/toidupakk.ee\/wp-content\/uploads\/2024\/06\/matkalatern-8-400x400.jpg 400w, https:\/\/toidupakk.ee\/wp-content\/uploads\/2024\/06\/matkalatern-8-100x100.jpg 100w, https:\/\/toidupakk.ee\/wp-content\/uploads\/2024\/06\/matkalatern-8-300x300.jpg 300w, https:\/\/toidupakk.ee\/wp-content\/uploads\/2024\/06\/matkalatern-8-768x768.jpg 768w, https:\/\/toidupakk.ee\/wp-content\/uploads\/2024\/06\/matkalatern-8.jpg 800w\" sizes=\"(max-width: 500px) 100vw, 500px\" \/><\/p>\n<h2>Latarka kempingowa z wieloma trybami \u015bwiecenia<\/h2>\n<p>Latarka kempingowa LED oferuje trzy r\u00f3\u017cne tryby \u015bwiecenia: zimne i jasne regulowane \u015bwiat\u0142o ksi\u0119\u017cycowe, ciep\u0142e p\u0142on\u0105ce (migocz\u0105ce) \u017c\u00f3\u0142te \u015bwiat\u0142o oraz \u015bwiat\u0142o zmieniaj\u0105ce kolor. Opcje te pozwalaj\u0105 wybra\u0107 odpowiednie o\u015bwietlenie zgodnie z Twoimi \u017cyczeniami, potrzebami i sytuacj\u0105. <\/p>\n<h2>Wygodne \u0142adowanie<\/h2>\n<p>W zestawie znajduje si\u0119 kabel micro-USB, kt\u00f3ry umo\u017cliwia wygodne \u0142adowanie latarki. Oznacza to, \u017ce mo\u017cesz na\u0142adowa\u0107 latark\u0119 wsz\u0119dzie tam, gdzie dost\u0119pne jest z\u0142\u0105cze USB, czy to \u0142adowarka samochodowa, laptop czy panel s\u0142oneczny. <\/p>\n<h2>Latarka kempingowa z funkcj\u0105 powerbanku<\/h2>\n<p>Latarka kempingowa LED posiada wyj\u015bcie USB, kt\u00f3rego mo\u017cesz u\u017cy\u0107 do \u0142adowania innych urz\u0105dze\u0144, zapewniaj\u0105c im niezb\u0119dn\u0105 energi\u0119. To czyni j\u0105 nie tylko \u017ar\u00f3d\u0142em \u015bwiat\u0142a, ale tak\u017ce warto\u015bciowym narz\u0119dziem outdoorowym. <\/p>\n<h2>Zabezpieczone z\u0142\u0105cza USB<\/h2>\n<p>Wej\u015bcie micro-USB i wyj\u015bcie USB s\u0105 os\u0142oni\u0119te gumow\u0105 zatyczk\u0105, kt\u00f3ra chroni gniazda przed warunkami atmosferycznymi i uszkodzeniami. Gwarantuje to niezawodne i bezpieczne u\u017cytkowanie latarki w ka\u017cdych warunkach. <\/p>\n<h2>Monitorowanie baterii<\/h2>\n<p>Stan latarki mo\u017cna monitorowa\u0107 za pomoc\u0105 diod wska\u017anikowych, co daje pewno\u015b\u0107, \u017ce o\u015bwietlenie nie wy\u0142\u0105czy si\u0119 w wa\u017cnych momentach.<\/p>\n<h2>Lekka i kompaktowa<\/h2>\n<p>Latarka kempingowa LED jest niezwykle lekka (tylko 300 g) i kompaktowa, dzi\u0119ki czemu bez problemu zmie\u015bci si\u0119 w plecaku. Jej wymiary to 10 x 10 x 14 cm + 5 cm (uchwyt), co czyni j\u0105 idealnym towarzyszem ka\u017cdej wyprawy. To doskona\u0142e po\u0142\u0105czenie wygody i funkcjonalno\u015bci.  <\/p>\n<p><img decoding=\"async\" class=\"alignnone size-thumbnail wp-image-23825\" src=\"https:\/\/toidupakk.ee\/wp-content\/uploads\/2024\/06\/matkalatern-4-500x500.jpg\" alt=\"Latarka kempingowa LED z ciep\u0142ym \u015bwiat\u0142em\" width=\"500\" height=\"500\" srcset=\"https:\/\/toidupakk.ee\/wp-content\/uploads\/2024\/06\/matkalatern-4-500x500.jpg 500w, https:\/\/toidupakk.ee\/wp-content\/uploads\/2024\/06\/matkalatern-4-400x400.jpg 400w, https:\/\/toidupakk.ee\/wp-content\/uploads\/2024\/06\/matkalatern-4-100x100.jpg 100w, https:\/\/toidupakk.ee\/wp-content\/uploads\/2024\/06\/matkalatern-4-300x300.jpg 300w, https:\/\/toidupakk.ee\/wp-content\/uploads\/2024\/06\/matkalatern-4-768x768.jpg 768w, https:\/\/toidupakk.ee\/wp-content\/uploads\/2024\/06\/matkalatern-4.jpg 800w\" sizes=\"(max-width: 500px) 100vw, 500px\" \/><\/p>\n<h2>Szczeg\u00f3\u0142owe dane techniczne:<\/h2>\n<ul>\n<li><strong>Diody LED:<\/strong> 15 (12 bia\u0142ych, 3 pomara\u0144czowe, 1 RGB)<\/li>\n<li><strong>Moc:<\/strong> 3 W<\/li>\n<li><strong>Bateria:<\/strong> litowa 3.7 V \/ 4000 mAh<\/li>\n<li><strong>Zasilanie USB:<\/strong> 5 V \/ 1500 mAh<\/li>\n<li><strong>Kolor:<\/strong> oliwkowy<\/li>\n<li><strong>Materia\u0142:<\/strong> tworzywo sztuczne<\/li>\n<\/ul>\n<h2>Latarka kempingowa LED odpowiednia do u\u017cytku w naturze i w plenerze<\/h2>\n<p>Latarka kempingowa LED jest przeznaczona do u\u017cytku w ka\u017cdych warunkach zewn\u0119trznych. Niezale\u017cnie od tego, czy w\u0119drujesz, biwakujesz, \u0142owisz ryby, czy po prostu sp\u0119dzasz wiecz\u00f3r w ogrodzie, ta latarka zapewni Ci \u015bwiat\u0142o i komfort w ka\u017cdej sytuacji. Dzi\u0119ki lekko\u015bci i kompaktowo\u015bci \u0142atwo j\u0105 przenosi\u0107, a jednocze\u015bnie daje wystarczaj\u0105co du\u017co \u015bwiat\u0142a, by o\u015bwietli\u0107 ca\u0142y namiot lub otoczenie sto\u0142u. R\u00f3\u017cne tryby \u015bwiecenia i wytrzyma\u0142a konstrukcja czyni\u0105 j\u0105 jednym z najlepszych wybor\u00f3w dla podr\u00f3\u017cnik\u00f3w i mi\u0142o\u015bnik\u00f3w przyrody.   <\/p>\n<p>Zobacz wi\u0119cej akcesori\u00f3w turystycznych <a href=\"https:\/\/toidupakk.ee\/pl\/tootekategooria\/sprzet-turystyczny\/#section-3-79\">TUTAJ<\/a><\/p>\n<p>Znajd\u017a inspiracj\u0119 na kolejne przygody na <a href=\"https:\/\/www.instagram.com\/toidupakk\/\">Instagramie<\/a> i <a href=\"https:\/\/www.facebook.com\/Toidupakk\/\">Facebooku<\/a> Toidupakk.<\/p>\n<\/div>\n<\/div>\n<\/div>\n<\/div>\n<\/div>\n<\/div>\n<\/div>\n<\/div>\n<\/div>\n","protected":false},"excerpt":{"rendered":"<p><strong>Akumulatorowa latarka LED z trzema trybami \u015bwiecenia i funkcj\u0105 \u0142adowania telefonu na romantyczny biwak lub przygody w plenerze<\/strong><\/p>\n<ul>\n<li>Latarka emituje przyjemnie <strong>rozproszone \u015bwiat\u0142o<\/strong>, kt\u00f3re nie m\u0119czy oczu<\/li>\n<li>Diody LED s\u0105 rozmieszczone tak, aby \u015bwiat\u0142o by\u0142o r\u00f3wnomierne w ka\u017cdym kierunku<\/li>\n<li>Szczeg\u00f3lnego uroku dodaje latarce podobie\u0144stwo do starej lampy naftowej<\/li>\n<li>Latarka posiada uchwyt do wygodnego zawieszenia np. przy plecaku lub na drzewie<\/li>\n<li>Latarka posiada <strong>3 tryby \u015bwiecenia<\/strong>: zimne i jasne regulowane \u015bwiat\u0142o ksi\u0119\u017cycowe, ciep\u0142e p\u0142on\u0105ce (migocz\u0105ce) \u017c\u00f3\u0142te \u015bwiat\u0142o oraz \u015bwiat\u0142o zmieniaj\u0105ce kolor<\/li>\n<li>W zestawie kabel <strong>micro-USB<\/strong> do wygodnego \u0142adowania<\/li>\n<li>Latarka posiada wyj\u015bcie USB, dzi\u0119ki czemu mo\u017cesz jej u\u017cywa\u0107 jako <strong>powerbanku<\/strong><\/li>\n<li>Wej\u015bcie micro-USB i wyj\u015bcie USB s\u0105 os\u0142oni\u0119te gumow\u0105 zatyczk\u0105 dla ochrony gniazd<\/li>\n<li>Stan baterii mo\u017cna monitorowa\u0107 za pomoc\u0105 diod wska\u017anikowych<\/li>\n<li><strong>Lekka i ma\u0142a<\/strong>, idealnie mie\u015bci si\u0119 w plecaku: waga 300 g, wymiary: 10 x 10 x 14 cm + 5 cm (uchwyt)<\/li>\n<li>Sk\u0142ada si\u0119 z 15 diod LED: 12 bia\u0142ych, 3 pomara\u0144czowych, 1 RGB<\/li>\n<li>Moc: 3 W<\/li>\n<li>Bateria: litowa 3.7 V \/ 4000 mAh<\/li>\n<li>Zasilanie USB: 5 V \/ 1500 mAh<\/li>\n<li>Kolor: oliwkowy<\/li>\n<\/ul>\n<p><strong>\u2705 <\/strong>Dost\u0119pne w magazynie, szybka dostawa w 1-3 dni robocze<\/p>\n","protected":false},"featured_media":23823,"comment_status":"open","ping_status":"closed","template":"","meta":{"_acf_changed":false},"product_brand":[],"product_cat":[303,315,355,341,311,301,342],"product_tag":[],"class_list":{"0":"post-51090","1":"product","2":"type-product","3":"status-publish","4":"has-post-thumbnail","6":"product_cat-akcesoria-turystyczne","7":"product_cat-elektronika","8":"product_cat-lampy-i-latarnie","9":"product_cat-latarki","10":"product_cat-praktyczne-pomysly-na-prezent","11":"product_cat-sprzet-turystyczny","12":"product_cat-swiatlo","14":"first","15":"onbackorder","16":"sale","17":"taxable","18":"shipping-taxable","19":"purchasable","20":"product-type-simple"},"bundled_by":[],"bundle_stock_status":"onbackorder","bundle_stock_quantity":0,"bundle_virtual":false,"bundle_layout":"","bundle_add_to_cart_form_location":"","bundle_editable_in_cart":false,"bundle_sold_individually_context":"","bundle_item_grouping":"","bundle_min_size":"","bundle_max_size":"","bundle_price":[],"bundled_items":[],"bundle_sell_ids":[],"acf":[],"yoast_head":"<!-- This site is optimized with the Yoast SEO plugin v27.3 - https:\/\/yoast.com\/product\/yoast-seo-wordpress\/ -->\n<title>Latarka kempingowa LED z trzema trybami \u015bwiecenia<\/title>\n<meta name=\"description\" content=\"Ma\u0142a i lekka latarka kempingowa LED z trzema trybami \u015bwiecenia: praktycznym, regulowanym zimnym \u015bwiat\u0142em, przytulnym migocz\u0105cym \u015bwiat\u0142em \u015bwiecy oraz \u015bwiat\u0142em zmieniaj\u0105cym kolor.\" \/>\n<meta name=\"robots\" content=\"index, follow, max-snippet:-1, max-image-preview:large, max-video-preview:-1\" \/>\n<link rel=\"canonical\" href=\"https:\/\/toidupakk.ee\/pl\/toode\/latarka-kempingowa-led-z-trzema-trybami-swiecenia\/\" \/>\n<meta property=\"og:locale\" content=\"pl_PL\" \/>\n<meta property=\"og:type\" content=\"article\" \/>\n<meta property=\"og:title\" content=\"Latarka kempingowa LED z trzema trybami \u015bwiecenia\" \/>\n<meta property=\"og:description\" content=\"Ma\u0142a i lekka latarka kempingowa LED z trzema trybami \u015bwiecenia: praktycznym, regulowanym zimnym \u015bwiat\u0142em, przytulnym migocz\u0105cym \u015bwiat\u0142em \u015bwiecy oraz \u015bwiat\u0142em zmieniaj\u0105cym kolor.\" \/>\n<meta property=\"og:url\" content=\"https:\/\/toidupakk.ee\/pl\/toode\/latarka-kempingowa-led-z-trzema-trybami-swiecenia\/\" \/>\n<meta property=\"og:site_name\" content=\"Toidupakk.ee - Tactical Foodpack toidupakid\" \/>\n<meta property=\"article:publisher\" content=\"https:\/\/www.facebook.com\/Toidupakk\" \/>\n<meta property=\"article:modified_time\" content=\"2026-04-16T03:31:10+00:00\" \/>\n<meta property=\"og:image\" content=\"https:\/\/toidupakk.ee\/wp-content\/uploads\/2024\/06\/matkalatern-2.png\" \/>\n\t<meta property=\"og:image:width\" content=\"800\" \/>\n\t<meta property=\"og:image:height\" content=\"800\" \/>\n\t<meta property=\"og:image:type\" content=\"image\/png\" \/>\n<meta name=\"twitter:card\" content=\"summary_large_image\" \/>\n<meta name=\"twitter:label1\" content=\"Szacowany czas czytania\" \/>\n\t<meta name=\"twitter:data1\" content=\"3 minuty\" \/>\n<script type=\"application\/ld+json\" class=\"yoast-schema-graph\">{\"@context\":\"https:\\\/\\\/schema.org\",\"@graph\":[{\"@type\":\"WebPage\",\"@id\":\"https:\\\/\\\/toidupakk.ee\\\/pl\\\/toode\\\/latarka-kempingowa-led-z-trzema-trybami-swiecenia\\\/\",\"url\":\"https:\\\/\\\/toidupakk.ee\\\/pl\\\/toode\\\/latarka-kempingowa-led-z-trzema-trybami-swiecenia\\\/\",\"name\":\"Latarka kempingowa LED z trzema trybami \u015bwiecenia\",\"isPartOf\":{\"@id\":\"https:\\\/\\\/toidupakk.ee\\\/pl\\\/#website\"},\"primaryImageOfPage\":{\"@id\":\"https:\\\/\\\/toidupakk.ee\\\/pl\\\/toode\\\/latarka-kempingowa-led-z-trzema-trybami-swiecenia\\\/#primaryimage\"},\"image\":{\"@id\":\"https:\\\/\\\/toidupakk.ee\\\/pl\\\/toode\\\/latarka-kempingowa-led-z-trzema-trybami-swiecenia\\\/#primaryimage\"},\"thumbnailUrl\":\"https:\\\/\\\/toidupakk.ee\\\/wp-content\\\/uploads\\\/2024\\\/06\\\/matkalatern-2.png\",\"datePublished\":\"2024-06-07T14:13:47+00:00\",\"dateModified\":\"2026-04-16T03:31:10+00:00\",\"description\":\"Ma\u0142a i lekka latarka kempingowa LED z trzema trybami \u015bwiecenia: praktycznym, regulowanym zimnym \u015bwiat\u0142em, przytulnym migocz\u0105cym \u015bwiat\u0142em \u015bwiecy oraz \u015bwiat\u0142em zmieniaj\u0105cym kolor.\",\"breadcrumb\":{\"@id\":\"https:\\\/\\\/toidupakk.ee\\\/pl\\\/toode\\\/latarka-kempingowa-led-z-trzema-trybami-swiecenia\\\/#breadcrumb\"},\"inLanguage\":\"pl-PL\",\"potentialAction\":[{\"@type\":\"ReadAction\",\"target\":[\"https:\\\/\\\/toidupakk.ee\\\/pl\\\/toode\\\/latarka-kempingowa-led-z-trzema-trybami-swiecenia\\\/\"]}]},{\"@type\":\"ImageObject\",\"inLanguage\":\"pl-PL\",\"@id\":\"https:\\\/\\\/toidupakk.ee\\\/pl\\\/toode\\\/latarka-kempingowa-led-z-trzema-trybami-swiecenia\\\/#primaryimage\",\"url\":\"https:\\\/\\\/toidupakk.ee\\\/wp-content\\\/uploads\\\/2024\\\/06\\\/matkalatern-2.png\",\"contentUrl\":\"https:\\\/\\\/toidupakk.ee\\\/wp-content\\\/uploads\\\/2024\\\/06\\\/matkalatern-2.png\",\"width\":800,\"height\":800,\"caption\":\"matkalatern USB\"},{\"@type\":\"BreadcrumbList\",\"@id\":\"https:\\\/\\\/toidupakk.ee\\\/pl\\\/toode\\\/latarka-kempingowa-led-z-trzema-trybami-swiecenia\\\/#breadcrumb\",\"itemListElement\":[{\"@type\":\"ListItem\",\"position\":1,\"name\":\"Avaleht\",\"item\":\"https:\\\/\\\/toidupakk.ee\\\/pl\\\/\"},{\"@type\":\"ListItem\",\"position\":2,\"name\":\"Sklep internetowy\",\"item\":\"https:\\\/\\\/toidupakk.ee\\\/pl\\\/sklep-internetowy\\\/\"},{\"@type\":\"ListItem\",\"position\":3,\"name\":\"Latarka kempingowa LED z trzema trybami \u015bwiecenia\"}]},{\"@type\":\"WebSite\",\"@id\":\"https:\\\/\\\/toidupakk.ee\\\/pl\\\/#website\",\"url\":\"https:\\\/\\\/toidupakk.ee\\\/pl\\\/\",\"name\":\"Toidupakk.ee - Tactical Foodpack toidupakid\",\"description\":\"Tactical Foodpack k\u00fclmkuivatatud toidupakid ja matkaeined\",\"publisher\":{\"@id\":\"https:\\\/\\\/toidupakk.ee\\\/pl\\\/#organization\"},\"potentialAction\":[{\"@type\":\"SearchAction\",\"target\":{\"@type\":\"EntryPoint\",\"urlTemplate\":\"https:\\\/\\\/toidupakk.ee\\\/pl\\\/?s={search_term_string}\"},\"query-input\":{\"@type\":\"PropertyValueSpecification\",\"valueRequired\":true,\"valueName\":\"search_term_string\"}}],\"inLanguage\":\"pl-PL\"},{\"@type\":\"Organization\",\"@id\":\"https:\\\/\\\/toidupakk.ee\\\/pl\\\/#organization\",\"name\":\"Tactical Foodpack matkaeined\",\"url\":\"https:\\\/\\\/toidupakk.ee\\\/pl\\\/\",\"logo\":{\"@type\":\"ImageObject\",\"inLanguage\":\"pl-PL\",\"@id\":\"https:\\\/\\\/toidupakk.ee\\\/pl\\\/#\\\/schema\\\/logo\\\/image\\\/\",\"url\":\"https:\\\/\\\/toidupakk.ee\\\/wp-content\\\/uploads\\\/2022\\\/01\\\/Toidupakk-matkapood-logo-transparent.png\",\"contentUrl\":\"https:\\\/\\\/toidupakk.ee\\\/wp-content\\\/uploads\\\/2022\\\/01\\\/Toidupakk-matkapood-logo-transparent.png\",\"width\":500,\"height\":500,\"caption\":\"Tactical Foodpack matkaeined\"},\"image\":{\"@id\":\"https:\\\/\\\/toidupakk.ee\\\/pl\\\/#\\\/schema\\\/logo\\\/image\\\/\"},\"sameAs\":[\"https:\\\/\\\/www.facebook.com\\\/Toidupakk\",\"https:\\\/\\\/www.instagram.com\\\/toidupakk\\\/\"]}]}<\/script>\n<!-- \/ Yoast SEO plugin. -->","yoast_head_json":{"title":"Latarka kempingowa LED z trzema trybami \u015bwiecenia","description":"Ma\u0142a i lekka latarka kempingowa LED z trzema trybami \u015bwiecenia: praktycznym, regulowanym zimnym \u015bwiat\u0142em, przytulnym migocz\u0105cym \u015bwiat\u0142em \u015bwiecy oraz \u015bwiat\u0142em zmieniaj\u0105cym kolor.","robots":{"index":"index","follow":"follow","max-snippet":"max-snippet:-1","max-image-preview":"max-image-preview:large","max-video-preview":"max-video-preview:-1"},"canonical":"https:\/\/toidupakk.ee\/pl\/toode\/latarka-kempingowa-led-z-trzema-trybami-swiecenia\/","og_locale":"pl_PL","og_type":"article","og_title":"Latarka kempingowa LED z trzema trybami \u015bwiecenia","og_description":"Ma\u0142a i lekka latarka kempingowa LED z trzema trybami \u015bwiecenia: praktycznym, regulowanym zimnym \u015bwiat\u0142em, przytulnym migocz\u0105cym \u015bwiat\u0142em \u015bwiecy oraz \u015bwiat\u0142em zmieniaj\u0105cym kolor.","og_url":"https:\/\/toidupakk.ee\/pl\/toode\/latarka-kempingowa-led-z-trzema-trybami-swiecenia\/","og_site_name":"Toidupakk.ee - Tactical Foodpack toidupakid","article_publisher":"https:\/\/www.facebook.com\/Toidupakk","article_modified_time":"2026-04-16T03:31:10+00:00","og_image":[{"width":800,"height":800,"url":"https:\/\/toidupakk.ee\/wp-content\/uploads\/2024\/06\/matkalatern-2.png","type":"image\/png"}],"twitter_card":"summary_large_image","twitter_misc":{"Szacowany czas czytania":"3 minuty"},"schema":{"@context":"https:\/\/schema.org","@graph":[{"@type":"WebPage","@id":"https:\/\/toidupakk.ee\/pl\/toode\/latarka-kempingowa-led-z-trzema-trybami-swiecenia\/","url":"https:\/\/toidupakk.ee\/pl\/toode\/latarka-kempingowa-led-z-trzema-trybami-swiecenia\/","name":"Latarka kempingowa LED z trzema trybami \u015bwiecenia","isPartOf":{"@id":"https:\/\/toidupakk.ee\/pl\/#website"},"primaryImageOfPage":{"@id":"https:\/\/toidupakk.ee\/pl\/toode\/latarka-kempingowa-led-z-trzema-trybami-swiecenia\/#primaryimage"},"image":{"@id":"https:\/\/toidupakk.ee\/pl\/toode\/latarka-kempingowa-led-z-trzema-trybami-swiecenia\/#primaryimage"},"thumbnailUrl":"https:\/\/toidupakk.ee\/wp-content\/uploads\/2024\/06\/matkalatern-2.png","datePublished":"2024-06-07T14:13:47+00:00","dateModified":"2026-04-16T03:31:10+00:00","description":"Ma\u0142a i lekka latarka kempingowa LED z trzema trybami \u015bwiecenia: praktycznym, regulowanym zimnym \u015bwiat\u0142em, przytulnym migocz\u0105cym \u015bwiat\u0142em \u015bwiecy oraz \u015bwiat\u0142em zmieniaj\u0105cym kolor.","breadcrumb":{"@id":"https:\/\/toidupakk.ee\/pl\/toode\/latarka-kempingowa-led-z-trzema-trybami-swiecenia\/#breadcrumb"},"inLanguage":"pl-PL","potentialAction":[{"@type":"ReadAction","target":["https:\/\/toidupakk.ee\/pl\/toode\/latarka-kempingowa-led-z-trzema-trybami-swiecenia\/"]}]},{"@type":"ImageObject","inLanguage":"pl-PL","@id":"https:\/\/toidupakk.ee\/pl\/toode\/latarka-kempingowa-led-z-trzema-trybami-swiecenia\/#primaryimage","url":"https:\/\/toidupakk.ee\/wp-content\/uploads\/2024\/06\/matkalatern-2.png","contentUrl":"https:\/\/toidupakk.ee\/wp-content\/uploads\/2024\/06\/matkalatern-2.png","width":800,"height":800,"caption":"matkalatern USB"},{"@type":"BreadcrumbList","@id":"https:\/\/toidupakk.ee\/pl\/toode\/latarka-kempingowa-led-z-trzema-trybami-swiecenia\/#breadcrumb","itemListElement":[{"@type":"ListItem","position":1,"name":"Avaleht","item":"https:\/\/toidupakk.ee\/pl\/"},{"@type":"ListItem","position":2,"name":"Sklep internetowy","item":"https:\/\/toidupakk.ee\/pl\/sklep-internetowy\/"},{"@type":"ListItem","position":3,"name":"Latarka kempingowa LED z trzema trybami \u015bwiecenia"}]},{"@type":"WebSite","@id":"https:\/\/toidupakk.ee\/pl\/#website","url":"https:\/\/toidupakk.ee\/pl\/","name":"Toidupakk.ee - Tactical Foodpack toidupakid","description":"Tactical Foodpack k\u00fclmkuivatatud toidupakid ja matkaeined","publisher":{"@id":"https:\/\/toidupakk.ee\/pl\/#organization"},"potentialAction":[{"@type":"SearchAction","target":{"@type":"EntryPoint","urlTemplate":"https:\/\/toidupakk.ee\/pl\/?s={search_term_string}"},"query-input":{"@type":"PropertyValueSpecification","valueRequired":true,"valueName":"search_term_string"}}],"inLanguage":"pl-PL"},{"@type":"Organization","@id":"https:\/\/toidupakk.ee\/pl\/#organization","name":"Tactical Foodpack matkaeined","url":"https:\/\/toidupakk.ee\/pl\/","logo":{"@type":"ImageObject","inLanguage":"pl-PL","@id":"https:\/\/toidupakk.ee\/pl\/#\/schema\/logo\/image\/","url":"https:\/\/toidupakk.ee\/wp-content\/uploads\/2022\/01\/Toidupakk-matkapood-logo-transparent.png","contentUrl":"https:\/\/toidupakk.ee\/wp-content\/uploads\/2022\/01\/Toidupakk-matkapood-logo-transparent.png","width":500,"height":500,"caption":"Tactical Foodpack matkaeined"},"image":{"@id":"https:\/\/toidupakk.ee\/pl\/#\/schema\/logo\/image\/"},"sameAs":["https:\/\/www.facebook.com\/Toidupakk","https:\/\/www.instagram.com\/toidupakk\/"]}]}},"jetpack_sharing_enabled":true,"_links":{"self":[{"href":"https:\/\/toidupakk.ee\/pl\/wp-json\/wp\/v2\/product\/51090","targetHints":{"allow":["GET"]}}],"collection":[{"href":"https:\/\/toidupakk.ee\/pl\/wp-json\/wp\/v2\/product"}],"about":[{"href":"https:\/\/toidupakk.ee\/pl\/wp-json\/wp\/v2\/types\/product"}],"replies":[{"embeddable":true,"href":"https:\/\/toidupakk.ee\/pl\/wp-json\/wp\/v2\/comments?post=51090"}],"wp:featuredmedia":[{"embeddable":true,"href":"https:\/\/toidupakk.ee\/pl\/wp-json\/wp\/v2\/media\/23823"}],"wp:attachment":[{"href":"https:\/\/toidupakk.ee\/pl\/wp-json\/wp\/v2\/media?parent=51090"}],"wp:term":[{"taxonomy":"product_brand","embeddable":true,"href":"https:\/\/toidupakk.ee\/pl\/wp-json\/wp\/v2\/product_brand?post=51090"},{"taxonomy":"product_cat","embeddable":true,"href":"https:\/\/toidupakk.ee\/pl\/wp-json\/wp\/v2\/product_cat?post=51090"},{"taxonomy":"product_tag","embeddable":true,"href":"https:\/\/toidupakk.ee\/pl\/wp-json\/wp\/v2\/product_tag?post=51090"}],"curies":[{"name":"wp","href":"https:\/\/api.w.org\/{rel}","templated":true}]}}