{"id":51070,"date":"2023-10-12T15:31:54","date_gmt":"2023-10-12T12:31:54","guid":{"rendered":"https:\/\/toidupakk.ee\/toode\/pasta-primavera-100-g\/"},"modified":"2026-04-16T02:31:10","modified_gmt":"2026-04-15T23:31:10","slug":"pasta-primavera-100-g","status":"publish","type":"product","link":"https:\/\/toidupakk.ee\/pl\/toode\/pasta-primavera-100-g\/","title":{"rendered":"Pasta Primavera 100 g"},"content":{"rendered":"<h1>Danie Pasta Primavera<\/h1>\n<p>Gotowe dania Meki to liofilizowane posi\u0142ki produkowane w Estonii. To domowe i zdrowe jedzenie, kt\u00f3re przygotujesz \u0142atwo i szybko. Danie jest gotowe w 10 minut, wystarczy doda\u0107 gor\u0105c\u0105 wod\u0119.   Dzi\u0119ki technologii liofilizacji posi\u0142ki nie zawieraj\u0105 konserwant\u00f3w. Liofilizacja pozwala zachowa\u0107 smak, warto\u015bci od\u017cywcze i aromat potrawy. W jedzeniu wykorzystano wy\u0142\u0105cznie lokalne sk\u0142adniki, a termin przydatno\u015bci wynosi 2 lata.  <\/p>\n<h2>Sk\u0142adniki Pasta Primavera<\/h2>\n<p>SER Cheddar, kapusta, por, papryka, cebula, MAKARON, kalafior, broku\u0142y, marchew, \u015aMIETANKA 35%, olej rzepakowy, s\u00f3l<br \/>\nCzas przygotowania: 8 minut<\/p>\n<table class=\"table table-responsive\">\n<thead>\n<tr>\n<th>\u015aREDNIA WARTO\u015a\u0106 OD\u017bYWCZA<\/th>\n<th>100 G<\/th>\n<\/tr>\n<\/thead>\n<tbody>\n<tr>\n<td>Energia<\/td>\n<td>2014 kJ \/ 481 kcal<\/td>\n<\/tr>\n<tr>\n<td>W\u0119glowodany<\/td>\n<td>57,54 g<\/td>\n<\/tr>\n<tr>\n<td>w tym cukry<\/td>\n<td>6,23 g<\/td>\n<\/tr>\n<tr>\n<td>Bia\u0142ko<\/td>\n<td>12,19 g<\/td>\n<\/tr>\n<tr>\n<td>T\u0142uszcze<\/td>\n<td>21,61 g<\/td>\n<\/tr>\n<tr>\n<td>w tym kwasy t\u0142uszczowe nasycone<\/td>\n<td>7,54 g<\/td>\n<\/tr>\n<\/tbody>\n<\/table>\n<p>Sprawd\u017a inne akcesoria turystyczne <a href=\"https:\/\/toidupakk.ee\/pl\/tootekategooria\/sprzet-turystyczny\/#section-3-79\">TUTAJ<\/a><\/p>\n<p>Interesuj\u0105 Ci\u0119 posi\u0142ki turystyczne? Zobacz <a href=\"\/?product_cat=snakk#section-3-79\">TUTAJ<\/a><\/p>\n<p>Znajd\u017a inspiracj\u0119 na kolejne przygody na <a href=\"https:\/\/www.instagram.com\/toidupakk\/\">Instagramie<\/a> i <a href=\"https:\/\/www.facebook.com\/Toidupakk\/\">Facebooku<\/a> Toidupakk.<\/p>\n","protected":false},"excerpt":{"rendered":"<ul>\n<li>Wygodne gotowe danie \u2013 dodaj tylko gor\u0105c\u0105 wod\u0119<\/li>\n<li>Wyprodukowano w Estonii<\/li>\n<li>Wygodne do zabrania na w\u0119dr\u00f3wk\u0119, wycieczk\u0119 samochodow\u0105 lub spacer na \u015bwie\u017cym powietrzu<\/li>\n<li>Szybki posi\u0142ek gotowy w 10 minut<\/li>\n<li>Po\u017cywne domowe danie, przygotowane w technologii liofilizacji<\/li>\n<li>Bogate w sk\u0142adniki od\u017cywcze, syc\u0105ce i bez konserwant\u00f3w<\/li>\n<li>Wyprodukowane g\u0142\u00f3wnie z lokalnych surowc\u00f3w<\/li>\n<li>Wszystkie produkty MEKI s\u0105 w opakowaniach strunowych.<\/li>\n<\/ul>\n<p>\u2705 Dost\u0119pne w magazynie, szybka dostawa w 1\u20133 dni robocze<\/p>\n","protected":false},"featured_media":14743,"comment_status":"open","ping_status":"closed","template":"","meta":{"_acf_changed":false},"product_brand":[],"product_cat":[303,335,381,301,336,380],"product_tag":[],"class_list":{"0":"post-51070","1":"product","2":"type-product","3":"status-publish","4":"has-post-thumbnail","6":"product_cat-akcesoria-turystyczne","7":"product_cat-dania-glowne","8":"product_cat-dania-glowne-meki","9":"product_cat-sprzet-turystyczny","10":"product_cat-zywnosc-turystyczna","11":"product_cat-zywnosc-turystyczna-meki","13":"first","14":"instock","15":"taxable","16":"shipping-taxable","17":"purchasable","18":"product-type-simple"},"bundled_by":[],"bundle_stock_status":"instock","bundle_stock_quantity":13,"bundle_virtual":false,"bundle_layout":"","bundle_add_to_cart_form_location":"","bundle_editable_in_cart":false,"bundle_sold_individually_context":"","bundle_item_grouping":"","bundle_min_size":"","bundle_max_size":"","bundle_price":[],"bundled_items":[],"bundle_sell_ids":[],"acf":[],"yoast_head":"<!-- This site is optimized with the Yoast SEO plugin v27.3 - https:\/\/yoast.com\/product\/yoast-seo-wordpress\/ -->\n<title>Pasta Primavera 100 g gotowe danie<\/title>\n<meta name=\"description\" content=\"Sk\u0142adniki Pasta Primavera: SER Cheddar, kapusta, por, papryka, cebula, MAKARON, kalafior, broku\u0142y, marchew, \u015aMIETANKA 35%, olej rzepakowy, s\u00f3l\" \/>\n<meta name=\"robots\" content=\"index, follow, max-snippet:-1, max-image-preview:large, max-video-preview:-1\" \/>\n<link rel=\"canonical\" href=\"https:\/\/toidupakk.ee\/pl\/toode\/pasta-primavera-100-g\/\" \/>\n<meta property=\"og:locale\" content=\"pl_PL\" \/>\n<meta property=\"og:type\" content=\"article\" \/>\n<meta property=\"og:title\" content=\"Pasta Primavera 100 g gotowe danie\" \/>\n<meta property=\"og:description\" content=\"Sk\u0142adniki Pasta Primavera: SER Cheddar, kapusta, por, papryka, cebula, MAKARON, kalafior, broku\u0142y, marchew, \u015aMIETANKA 35%, olej rzepakowy, s\u00f3l\" \/>\n<meta property=\"og:url\" content=\"https:\/\/toidupakk.ee\/pl\/toode\/pasta-primavera-100-g\/\" \/>\n<meta property=\"og:site_name\" content=\"Toidupakk.ee - Tactical Foodpack toidupakid\" \/>\n<meta property=\"article:publisher\" content=\"https:\/\/www.facebook.com\/Toidupakk\" \/>\n<meta property=\"article:modified_time\" content=\"2026-04-15T23:31:10+00:00\" \/>\n<meta property=\"og:image\" content=\"https:\/\/toidupakk.ee\/wp-content\/uploads\/2023\/10\/Pasta-Primavera-MEKI.png\" \/>\n\t<meta property=\"og:image:width\" content=\"800\" \/>\n\t<meta property=\"og:image:height\" content=\"800\" \/>\n\t<meta property=\"og:image:type\" content=\"image\/png\" \/>\n<meta name=\"twitter:card\" content=\"summary_large_image\" \/>\n<meta name=\"twitter:label1\" content=\"Szacowany czas czytania\" \/>\n\t<meta name=\"twitter:data1\" content=\"1 minuta\" \/>\n<script type=\"application\/ld+json\" class=\"yoast-schema-graph\">{\"@context\":\"https:\\\/\\\/schema.org\",\"@graph\":[{\"@type\":\"WebPage\",\"@id\":\"https:\\\/\\\/toidupakk.ee\\\/pl\\\/toode\\\/pasta-primavera-100-g\\\/\",\"url\":\"https:\\\/\\\/toidupakk.ee\\\/pl\\\/toode\\\/pasta-primavera-100-g\\\/\",\"name\":\"Pasta Primavera 100 g gotowe danie\",\"isPartOf\":{\"@id\":\"https:\\\/\\\/toidupakk.ee\\\/pl\\\/#website\"},\"primaryImageOfPage\":{\"@id\":\"https:\\\/\\\/toidupakk.ee\\\/pl\\\/toode\\\/pasta-primavera-100-g\\\/#primaryimage\"},\"image\":{\"@id\":\"https:\\\/\\\/toidupakk.ee\\\/pl\\\/toode\\\/pasta-primavera-100-g\\\/#primaryimage\"},\"thumbnailUrl\":\"https:\\\/\\\/toidupakk.ee\\\/wp-content\\\/uploads\\\/2023\\\/10\\\/Pasta-Primavera-MEKI.png\",\"datePublished\":\"2023-10-12T12:31:54+00:00\",\"dateModified\":\"2026-04-15T23:31:10+00:00\",\"description\":\"Sk\u0142adniki Pasta Primavera: SER Cheddar, kapusta, por, papryka, cebula, MAKARON, kalafior, broku\u0142y, marchew, \u015aMIETANKA 35%, olej rzepakowy, s\u00f3l\",\"breadcrumb\":{\"@id\":\"https:\\\/\\\/toidupakk.ee\\\/pl\\\/toode\\\/pasta-primavera-100-g\\\/#breadcrumb\"},\"inLanguage\":\"pl-PL\",\"potentialAction\":[{\"@type\":\"ReadAction\",\"target\":[\"https:\\\/\\\/toidupakk.ee\\\/pl\\\/toode\\\/pasta-primavera-100-g\\\/\"]}]},{\"@type\":\"ImageObject\",\"inLanguage\":\"pl-PL\",\"@id\":\"https:\\\/\\\/toidupakk.ee\\\/pl\\\/toode\\\/pasta-primavera-100-g\\\/#primaryimage\",\"url\":\"https:\\\/\\\/toidupakk.ee\\\/wp-content\\\/uploads\\\/2023\\\/10\\\/Pasta-Primavera-MEKI.png\",\"contentUrl\":\"https:\\\/\\\/toidupakk.ee\\\/wp-content\\\/uploads\\\/2023\\\/10\\\/Pasta-Primavera-MEKI.png\",\"width\":800,\"height\":800,\"caption\":\"pasta matkatoit\"},{\"@type\":\"BreadcrumbList\",\"@id\":\"https:\\\/\\\/toidupakk.ee\\\/pl\\\/toode\\\/pasta-primavera-100-g\\\/#breadcrumb\",\"itemListElement\":[{\"@type\":\"ListItem\",\"position\":1,\"name\":\"Avaleht\",\"item\":\"https:\\\/\\\/toidupakk.ee\\\/pl\\\/\"},{\"@type\":\"ListItem\",\"position\":2,\"name\":\"Sklep internetowy\",\"item\":\"https:\\\/\\\/toidupakk.ee\\\/pl\\\/sklep-internetowy\\\/\"},{\"@type\":\"ListItem\",\"position\":3,\"name\":\"Pasta Primavera 100 g\"}]},{\"@type\":\"WebSite\",\"@id\":\"https:\\\/\\\/toidupakk.ee\\\/pl\\\/#website\",\"url\":\"https:\\\/\\\/toidupakk.ee\\\/pl\\\/\",\"name\":\"Toidupakk.ee - Tactical Foodpack toidupakid\",\"description\":\"Tactical Foodpack k\u00fclmkuivatatud toidupakid ja matkaeined\",\"publisher\":{\"@id\":\"https:\\\/\\\/toidupakk.ee\\\/pl\\\/#organization\"},\"potentialAction\":[{\"@type\":\"SearchAction\",\"target\":{\"@type\":\"EntryPoint\",\"urlTemplate\":\"https:\\\/\\\/toidupakk.ee\\\/pl\\\/?s={search_term_string}\"},\"query-input\":{\"@type\":\"PropertyValueSpecification\",\"valueRequired\":true,\"valueName\":\"search_term_string\"}}],\"inLanguage\":\"pl-PL\"},{\"@type\":\"Organization\",\"@id\":\"https:\\\/\\\/toidupakk.ee\\\/pl\\\/#organization\",\"name\":\"Tactical Foodpack matkaeined\",\"url\":\"https:\\\/\\\/toidupakk.ee\\\/pl\\\/\",\"logo\":{\"@type\":\"ImageObject\",\"inLanguage\":\"pl-PL\",\"@id\":\"https:\\\/\\\/toidupakk.ee\\\/pl\\\/#\\\/schema\\\/logo\\\/image\\\/\",\"url\":\"https:\\\/\\\/toidupakk.ee\\\/wp-content\\\/uploads\\\/2022\\\/01\\\/Toidupakk-matkapood-logo-transparent.png\",\"contentUrl\":\"https:\\\/\\\/toidupakk.ee\\\/wp-content\\\/uploads\\\/2022\\\/01\\\/Toidupakk-matkapood-logo-transparent.png\",\"width\":500,\"height\":500,\"caption\":\"Tactical Foodpack matkaeined\"},\"image\":{\"@id\":\"https:\\\/\\\/toidupakk.ee\\\/pl\\\/#\\\/schema\\\/logo\\\/image\\\/\"},\"sameAs\":[\"https:\\\/\\\/www.facebook.com\\\/Toidupakk\",\"https:\\\/\\\/www.instagram.com\\\/toidupakk\\\/\"]}]}<\/script>\n<!-- \/ Yoast SEO plugin. -->","yoast_head_json":{"title":"Pasta Primavera 100 g gotowe danie","description":"Sk\u0142adniki Pasta Primavera: SER Cheddar, kapusta, por, papryka, cebula, MAKARON, kalafior, broku\u0142y, marchew, \u015aMIETANKA 35%, olej rzepakowy, s\u00f3l","robots":{"index":"index","follow":"follow","max-snippet":"max-snippet:-1","max-image-preview":"max-image-preview:large","max-video-preview":"max-video-preview:-1"},"canonical":"https:\/\/toidupakk.ee\/pl\/toode\/pasta-primavera-100-g\/","og_locale":"pl_PL","og_type":"article","og_title":"Pasta Primavera 100 g gotowe danie","og_description":"Sk\u0142adniki Pasta Primavera: SER Cheddar, kapusta, por, papryka, cebula, MAKARON, kalafior, broku\u0142y, marchew, \u015aMIETANKA 35%, olej rzepakowy, s\u00f3l","og_url":"https:\/\/toidupakk.ee\/pl\/toode\/pasta-primavera-100-g\/","og_site_name":"Toidupakk.ee - Tactical Foodpack toidupakid","article_publisher":"https:\/\/www.facebook.com\/Toidupakk","article_modified_time":"2026-04-15T23:31:10+00:00","og_image":[{"width":800,"height":800,"url":"https:\/\/toidupakk.ee\/wp-content\/uploads\/2023\/10\/Pasta-Primavera-MEKI.png","type":"image\/png"}],"twitter_card":"summary_large_image","twitter_misc":{"Szacowany czas czytania":"1 minuta"},"schema":{"@context":"https:\/\/schema.org","@graph":[{"@type":"WebPage","@id":"https:\/\/toidupakk.ee\/pl\/toode\/pasta-primavera-100-g\/","url":"https:\/\/toidupakk.ee\/pl\/toode\/pasta-primavera-100-g\/","name":"Pasta Primavera 100 g gotowe danie","isPartOf":{"@id":"https:\/\/toidupakk.ee\/pl\/#website"},"primaryImageOfPage":{"@id":"https:\/\/toidupakk.ee\/pl\/toode\/pasta-primavera-100-g\/#primaryimage"},"image":{"@id":"https:\/\/toidupakk.ee\/pl\/toode\/pasta-primavera-100-g\/#primaryimage"},"thumbnailUrl":"https:\/\/toidupakk.ee\/wp-content\/uploads\/2023\/10\/Pasta-Primavera-MEKI.png","datePublished":"2023-10-12T12:31:54+00:00","dateModified":"2026-04-15T23:31:10+00:00","description":"Sk\u0142adniki Pasta Primavera: SER Cheddar, kapusta, por, papryka, cebula, MAKARON, kalafior, broku\u0142y, marchew, \u015aMIETANKA 35%, olej rzepakowy, s\u00f3l","breadcrumb":{"@id":"https:\/\/toidupakk.ee\/pl\/toode\/pasta-primavera-100-g\/#breadcrumb"},"inLanguage":"pl-PL","potentialAction":[{"@type":"ReadAction","target":["https:\/\/toidupakk.ee\/pl\/toode\/pasta-primavera-100-g\/"]}]},{"@type":"ImageObject","inLanguage":"pl-PL","@id":"https:\/\/toidupakk.ee\/pl\/toode\/pasta-primavera-100-g\/#primaryimage","url":"https:\/\/toidupakk.ee\/wp-content\/uploads\/2023\/10\/Pasta-Primavera-MEKI.png","contentUrl":"https:\/\/toidupakk.ee\/wp-content\/uploads\/2023\/10\/Pasta-Primavera-MEKI.png","width":800,"height":800,"caption":"pasta matkatoit"},{"@type":"BreadcrumbList","@id":"https:\/\/toidupakk.ee\/pl\/toode\/pasta-primavera-100-g\/#breadcrumb","itemListElement":[{"@type":"ListItem","position":1,"name":"Avaleht","item":"https:\/\/toidupakk.ee\/pl\/"},{"@type":"ListItem","position":2,"name":"Sklep internetowy","item":"https:\/\/toidupakk.ee\/pl\/sklep-internetowy\/"},{"@type":"ListItem","position":3,"name":"Pasta Primavera 100 g"}]},{"@type":"WebSite","@id":"https:\/\/toidupakk.ee\/pl\/#website","url":"https:\/\/toidupakk.ee\/pl\/","name":"Toidupakk.ee - Tactical Foodpack toidupakid","description":"Tactical Foodpack k\u00fclmkuivatatud toidupakid ja matkaeined","publisher":{"@id":"https:\/\/toidupakk.ee\/pl\/#organization"},"potentialAction":[{"@type":"SearchAction","target":{"@type":"EntryPoint","urlTemplate":"https:\/\/toidupakk.ee\/pl\/?s={search_term_string}"},"query-input":{"@type":"PropertyValueSpecification","valueRequired":true,"valueName":"search_term_string"}}],"inLanguage":"pl-PL"},{"@type":"Organization","@id":"https:\/\/toidupakk.ee\/pl\/#organization","name":"Tactical Foodpack matkaeined","url":"https:\/\/toidupakk.ee\/pl\/","logo":{"@type":"ImageObject","inLanguage":"pl-PL","@id":"https:\/\/toidupakk.ee\/pl\/#\/schema\/logo\/image\/","url":"https:\/\/toidupakk.ee\/wp-content\/uploads\/2022\/01\/Toidupakk-matkapood-logo-transparent.png","contentUrl":"https:\/\/toidupakk.ee\/wp-content\/uploads\/2022\/01\/Toidupakk-matkapood-logo-transparent.png","width":500,"height":500,"caption":"Tactical Foodpack matkaeined"},"image":{"@id":"https:\/\/toidupakk.ee\/pl\/#\/schema\/logo\/image\/"},"sameAs":["https:\/\/www.facebook.com\/Toidupakk","https:\/\/www.instagram.com\/toidupakk\/"]}]}},"jetpack_sharing_enabled":true,"_links":{"self":[{"href":"https:\/\/toidupakk.ee\/pl\/wp-json\/wp\/v2\/product\/51070","targetHints":{"allow":["GET"]}}],"collection":[{"href":"https:\/\/toidupakk.ee\/pl\/wp-json\/wp\/v2\/product"}],"about":[{"href":"https:\/\/toidupakk.ee\/pl\/wp-json\/wp\/v2\/types\/product"}],"replies":[{"embeddable":true,"href":"https:\/\/toidupakk.ee\/pl\/wp-json\/wp\/v2\/comments?post=51070"}],"wp:featuredmedia":[{"embeddable":true,"href":"https:\/\/toidupakk.ee\/pl\/wp-json\/wp\/v2\/media\/14743"}],"wp:attachment":[{"href":"https:\/\/toidupakk.ee\/pl\/wp-json\/wp\/v2\/media?parent=51070"}],"wp:term":[{"taxonomy":"product_brand","embeddable":true,"href":"https:\/\/toidupakk.ee\/pl\/wp-json\/wp\/v2\/product_brand?post=51070"},{"taxonomy":"product_cat","embeddable":true,"href":"https:\/\/toidupakk.ee\/pl\/wp-json\/wp\/v2\/product_cat?post=51070"},{"taxonomy":"product_tag","embeddable":true,"href":"https:\/\/toidupakk.ee\/pl\/wp-json\/wp\/v2\/product_tag?post=51070"}],"curies":[{"name":"wp","href":"https:\/\/api.w.org\/{rel}","templated":true}]}}