{"id":51023,"date":"2024-04-11T17:59:41","date_gmt":"2024-04-11T14:59:41","guid":{"rendered":"https:\/\/toidupakk.ee\/toode\/uniwersalny-niezbednik-turystyczny-m-tac\/"},"modified":"2026-04-15T17:30:35","modified_gmt":"2026-04-15T14:30:35","slug":"uniwersalny-niezbednik-turystyczny-m-tac","status":"publish","type":"product","link":"https:\/\/toidupakk.ee\/pl\/toode\/uniwersalny-niezbednik-turystyczny-m-tac\/","title":{"rendered":"Uniwersalny niezb\u0119dnik turystyczny M-TAC"},"content":{"rendered":"<h1>Uniwersalny niezb\u0119dnik M-TAC \u2013 Tw\u00f3j wszechstronny sztuciec na \u0142ono natury<\/h1>\n<p><strong>Niezb\u0119dnik 3 w 1:<\/strong> Uniwersalny spork M-TAC to idealny towarzysz ka\u017cdego w\u0119drowca i biwakowicza, oferuj\u0105cy trzy kluczowe funkcje w jednej kompaktowej formie \u2013 \u0142y\u017ck\u0119, widelec i n\u00f3\u017c. Zintegrowana konstrukcja sprawia, \u017ce to niezb\u0119dne akcesorium na ka\u017cd\u0105 przygod\u0119 w terenie. <\/p>\n<p><strong>Lekki i kompaktowy:<\/strong> Zapomnij o ci\u0119\u017ckich i niepor\u0119cznych zestawach sztu\u0107c\u00f3w! Niezb\u0119dnik M-TAC jest niezwykle lekki i kompaktowy, co czyni go idealnym towarzyszem w plecaku lub zestawie survivalowym. Nawet go nie poczujesz, a zawsze b\u0119dzie gotowy do u\u017cycia.  <\/p>\n<p><strong>Materia\u0142 bezpieczny dla \u017cywno\u015bci:<\/strong> Wykonany z tworzywa dopuszczonego do kontaktu z \u017cywno\u015bci\u0105, ten niezb\u0119dnik zapewnia bezpieczne i niezawodne u\u017cytkowanie w ka\u017cdych warunkach. Odporno\u015b\u0107 na wysok\u0105 temperatur\u0119 i zu\u017cycie zwi\u0119kszaj\u0105 jego trwa\u0142o\u015b\u0107 i praktyczno\u015b\u0107, pozwalaj\u0105c mu przetrwa\u0107 nawet w najbardziej wymagaj\u0105cych sytuacjach. <\/p>\n<p><strong>Mo\u017cna my\u0107 w zmywarce:<\/strong> Niezb\u0119dnik M-TAC jest \u0142atwy w piel\u0119gnacji \u2013 mo\u017cna go bezpiecznie my\u0107 w zmywarce, co czyni go jeszcze wygodniejszym towarzyszem podczas d\u0142u\u017cszych wypraw czy biwak\u00f3w.<\/p>\n<p><strong>Stylowy czarny design:<\/strong> Stylowy wygl\u0105d w czarnym kolorze dodaje elegancji Twojemu ekwipunkowi, sprawiaj\u0105c, \u017ce ka\u017cdy posi\u0142ek na \u0142onie natury staje si\u0119 czyst\u0105 przyjemno\u015bci\u0105.<\/p>\n<p><img fetchpriority=\"high\" decoding=\"async\" class=\"alignnone wp-image-22032 size-thumbnail\" src=\"https:\/\/toidupakk.ee\/wp-content\/uploads\/2024\/04\/Universaalne-matkalusikas-M-TAC-2-500x500.png\" alt=\"uniwersalny niezb\u0119dnik turystyczny\" width=\"500\" height=\"500\" srcset=\"https:\/\/toidupakk.ee\/wp-content\/uploads\/2024\/04\/Universaalne-matkalusikas-M-TAC-2-500x500.png 500w, https:\/\/toidupakk.ee\/wp-content\/uploads\/2024\/04\/Universaalne-matkalusikas-M-TAC-2-400x400.png 400w, https:\/\/toidupakk.ee\/wp-content\/uploads\/2024\/04\/Universaalne-matkalusikas-M-TAC-2-100x100.png 100w, https:\/\/toidupakk.ee\/wp-content\/uploads\/2024\/04\/Universaalne-matkalusikas-M-TAC-2-300x300.png 300w, https:\/\/toidupakk.ee\/wp-content\/uploads\/2024\/04\/Universaalne-matkalusikas-M-TAC-2-768x768.png 768w, https:\/\/toidupakk.ee\/wp-content\/uploads\/2024\/04\/Universaalne-matkalusikas-M-TAC-2.png 800w\" sizes=\"(max-width: 500px) 100vw, 500px\" \/><\/p>\n<h2>Uniwersalny niezb\u0119dnik M-TAC \u2013 <strong>dane techniczne<\/strong><\/h2>\n<ul>\n<li>Materia\u0142: Tworzywo bezpieczne dla \u017cywno\u015bci<\/li>\n<li>Kolor: Czarny<\/li>\n<li>Producent: M-TAC<\/li>\n<\/ul>\n<p><strong>Szybka dostawa:<\/strong> Zamawiaj\u0105c u nas, gwarantujemy szybk\u0105 dostaw\u0119 w ci\u0105gu 1\u20133 dni, aby\u015b m\u00f3g\u0142 jak najszybciej wyruszy\u0107 na swoj\u0105 przygod\u0119.<\/p>\n<p>W\u0119druj bez ogranicze\u0144 i ciesz si\u0119 wygod\u0105 oraz funkcjonalno\u015bci\u0105, kt\u00f3r\u0105 oferuje uniwersalny niezb\u0119dnik M-TAC!<\/p>\n<p>Interesuj\u0105 Ci\u0119 posi\u0142ki turystyczne? Zobacz <a href=\"\/?product_cat=snakk#section-3-79\">TUTAJ<\/a><\/p>\n<p>Znajd\u017a inspiracj\u0119 na kolejne przygody na <a href=\"https:\/\/www.instagram.com\/toidupakk\/\">Instagramie<\/a> i <a href=\"https:\/\/www.facebook.com\/Toidupakk\/\">Facebooku<\/a> Toidupakk.<\/p>\n","protected":false},"excerpt":{"rendered":"<p><strong>Uniwersalny niezb\u0119dnik \u0142\u0105cz\u0105cy 3 funkcje: \u0142y\u017ck\u0119, widelec i n\u00f3\u017c (3 w 1).<\/strong><\/p>\n<ul>\n<li>Funkcjonalny sztuciec do ekwipunku backpackera \u2013 praktycznie nic nie wa\u017cy i nie zajmuje miejsca<\/li>\n<li>Wykonany z tworzywa bezpiecznego dla \u017cywno\u015bci<\/li>\n<li>Odporny na wysok\u0105 temperatur\u0119<\/li>\n<li>Nie niszczy naczy\u0144 z pow\u0142ok\u0105 teflonow\u0105<\/li>\n<li>Mo\u017cna my\u0107 w zmywarce<\/li>\n<li>Odporny na zu\u017cycie<\/li>\n<li>Kolor: czarny<\/li>\n<li>Producent: M-TAC<\/li>\n<\/ul>\n<p>\u2705 Dost\u0119pne w magazynie, szybka dostawa w 1\u20133 dni robocze<\/p>\n","protected":false},"featured_media":22031,"comment_status":"open","ping_status":"closed","template":"","meta":{"_acf_changed":false},"product_brand":[],"product_cat":[303,301,354],"product_tag":[305],"class_list":{"0":"post-51023","1":"product","2":"type-product","3":"status-publish","4":"has-post-thumbnail","6":"product_cat-akcesoria-turystyczne","7":"product_cat-sprzet-turystyczny","8":"product_cat-sztucce","9":"product_tag-no_ads","11":"first","12":"instock","13":"taxable","14":"shipping-taxable","15":"purchasable","16":"product-type-simple"},"bundled_by":[],"bundle_stock_status":"instock","bundle_stock_quantity":47,"bundle_virtual":false,"bundle_layout":"","bundle_add_to_cart_form_location":"","bundle_editable_in_cart":false,"bundle_sold_individually_context":"","bundle_item_grouping":"","bundle_min_size":"","bundle_max_size":"","bundle_price":[],"bundled_items":[],"bundle_sell_ids":[],"acf":[],"yoast_head":"<!-- This site is optimized with the Yoast SEO plugin v27.3 - https:\/\/yoast.com\/product\/yoast-seo-wordpress\/ -->\n<title>Uniwersalny niezb\u0119dnik turystyczny M-TAC<\/title>\n<meta name=\"description\" content=\"Uniwersalny niezb\u0119dnik \u0142\u0105cz\u0105cy 3 funkcje: \u0142y\u017ck\u0119, widelec i n\u00f3\u017c (3 w 1). Funkcjonalny sztuciec do ekwipunku ka\u017cdego backpackera.\" \/>\n<meta name=\"robots\" content=\"index, follow, max-snippet:-1, max-image-preview:large, max-video-preview:-1\" \/>\n<link rel=\"canonical\" href=\"https:\/\/toidupakk.ee\/pl\/toode\/uniwersalny-niezbednik-turystyczny-m-tac\/\" \/>\n<meta property=\"og:locale\" content=\"pl_PL\" \/>\n<meta property=\"og:type\" content=\"article\" \/>\n<meta property=\"og:title\" content=\"Uniwersalny niezb\u0119dnik turystyczny M-TAC\" \/>\n<meta property=\"og:description\" content=\"Uniwersalny niezb\u0119dnik \u0142\u0105cz\u0105cy 3 funkcje: \u0142y\u017ck\u0119, widelec i n\u00f3\u017c (3 w 1). Funkcjonalny sztuciec do ekwipunku ka\u017cdego backpackera.\" \/>\n<meta property=\"og:url\" content=\"https:\/\/toidupakk.ee\/pl\/toode\/uniwersalny-niezbednik-turystyczny-m-tac\/\" \/>\n<meta property=\"og:site_name\" content=\"Toidupakk.ee - Tactical Foodpack toidupakid\" \/>\n<meta property=\"article:publisher\" content=\"https:\/\/www.facebook.com\/Toidupakk\" \/>\n<meta property=\"article:modified_time\" content=\"2026-04-15T14:30:35+00:00\" \/>\n<meta property=\"og:image\" content=\"https:\/\/toidupakk.ee\/wp-content\/uploads\/2024\/04\/Universaalne-matkalusikas-M-TAC-1.png\" \/>\n\t<meta property=\"og:image:width\" content=\"800\" \/>\n\t<meta property=\"og:image:height\" content=\"800\" \/>\n\t<meta property=\"og:image:type\" content=\"image\/png\" \/>\n<meta name=\"twitter:card\" content=\"summary_large_image\" \/>\n<meta name=\"twitter:label1\" content=\"Szacowany czas czytania\" \/>\n\t<meta name=\"twitter:data1\" content=\"1 minuta\" \/>\n<script type=\"application\/ld+json\" class=\"yoast-schema-graph\">{\"@context\":\"https:\\\/\\\/schema.org\",\"@graph\":[{\"@type\":\"WebPage\",\"@id\":\"https:\\\/\\\/toidupakk.ee\\\/pl\\\/toode\\\/uniwersalny-niezbednik-turystyczny-m-tac\\\/\",\"url\":\"https:\\\/\\\/toidupakk.ee\\\/pl\\\/toode\\\/uniwersalny-niezbednik-turystyczny-m-tac\\\/\",\"name\":\"Uniwersalny niezb\u0119dnik turystyczny M-TAC\",\"isPartOf\":{\"@id\":\"https:\\\/\\\/toidupakk.ee\\\/pl\\\/#website\"},\"primaryImageOfPage\":{\"@id\":\"https:\\\/\\\/toidupakk.ee\\\/pl\\\/toode\\\/uniwersalny-niezbednik-turystyczny-m-tac\\\/#primaryimage\"},\"image\":{\"@id\":\"https:\\\/\\\/toidupakk.ee\\\/pl\\\/toode\\\/uniwersalny-niezbednik-turystyczny-m-tac\\\/#primaryimage\"},\"thumbnailUrl\":\"https:\\\/\\\/toidupakk.ee\\\/wp-content\\\/uploads\\\/2024\\\/04\\\/Universaalne-matkalusikas-M-TAC-1.png\",\"datePublished\":\"2024-04-11T14:59:41+00:00\",\"dateModified\":\"2026-04-15T14:30:35+00:00\",\"description\":\"Uniwersalny niezb\u0119dnik \u0142\u0105cz\u0105cy 3 funkcje: \u0142y\u017ck\u0119, widelec i n\u00f3\u017c (3 w 1). Funkcjonalny sztuciec do ekwipunku ka\u017cdego backpackera.\",\"breadcrumb\":{\"@id\":\"https:\\\/\\\/toidupakk.ee\\\/pl\\\/toode\\\/uniwersalny-niezbednik-turystyczny-m-tac\\\/#breadcrumb\"},\"inLanguage\":\"pl-PL\",\"potentialAction\":[{\"@type\":\"ReadAction\",\"target\":[\"https:\\\/\\\/toidupakk.ee\\\/pl\\\/toode\\\/uniwersalny-niezbednik-turystyczny-m-tac\\\/\"]}]},{\"@type\":\"ImageObject\",\"inLanguage\":\"pl-PL\",\"@id\":\"https:\\\/\\\/toidupakk.ee\\\/pl\\\/toode\\\/uniwersalny-niezbednik-turystyczny-m-tac\\\/#primaryimage\",\"url\":\"https:\\\/\\\/toidupakk.ee\\\/wp-content\\\/uploads\\\/2024\\\/04\\\/Universaalne-matkalusikas-M-TAC-1.png\",\"contentUrl\":\"https:\\\/\\\/toidupakk.ee\\\/wp-content\\\/uploads\\\/2024\\\/04\\\/Universaalne-matkalusikas-M-TAC-1.png\",\"width\":800,\"height\":800},{\"@type\":\"BreadcrumbList\",\"@id\":\"https:\\\/\\\/toidupakk.ee\\\/pl\\\/toode\\\/uniwersalny-niezbednik-turystyczny-m-tac\\\/#breadcrumb\",\"itemListElement\":[{\"@type\":\"ListItem\",\"position\":1,\"name\":\"Avaleht\",\"item\":\"https:\\\/\\\/toidupakk.ee\\\/pl\\\/\"},{\"@type\":\"ListItem\",\"position\":2,\"name\":\"Sklep internetowy\",\"item\":\"https:\\\/\\\/toidupakk.ee\\\/pl\\\/sklep-internetowy\\\/\"},{\"@type\":\"ListItem\",\"position\":3,\"name\":\"Uniwersalny niezb\u0119dnik turystyczny M-TAC\"}]},{\"@type\":\"WebSite\",\"@id\":\"https:\\\/\\\/toidupakk.ee\\\/pl\\\/#website\",\"url\":\"https:\\\/\\\/toidupakk.ee\\\/pl\\\/\",\"name\":\"Toidupakk.ee - Tactical Foodpack toidupakid\",\"description\":\"Tactical Foodpack k\u00fclmkuivatatud toidupakid ja matkaeined\",\"publisher\":{\"@id\":\"https:\\\/\\\/toidupakk.ee\\\/pl\\\/#organization\"},\"potentialAction\":[{\"@type\":\"SearchAction\",\"target\":{\"@type\":\"EntryPoint\",\"urlTemplate\":\"https:\\\/\\\/toidupakk.ee\\\/pl\\\/?s={search_term_string}\"},\"query-input\":{\"@type\":\"PropertyValueSpecification\",\"valueRequired\":true,\"valueName\":\"search_term_string\"}}],\"inLanguage\":\"pl-PL\"},{\"@type\":\"Organization\",\"@id\":\"https:\\\/\\\/toidupakk.ee\\\/pl\\\/#organization\",\"name\":\"Tactical Foodpack matkaeined\",\"url\":\"https:\\\/\\\/toidupakk.ee\\\/pl\\\/\",\"logo\":{\"@type\":\"ImageObject\",\"inLanguage\":\"pl-PL\",\"@id\":\"https:\\\/\\\/toidupakk.ee\\\/pl\\\/#\\\/schema\\\/logo\\\/image\\\/\",\"url\":\"https:\\\/\\\/toidupakk.ee\\\/wp-content\\\/uploads\\\/2022\\\/01\\\/Toidupakk-matkapood-logo-transparent.png\",\"contentUrl\":\"https:\\\/\\\/toidupakk.ee\\\/wp-content\\\/uploads\\\/2022\\\/01\\\/Toidupakk-matkapood-logo-transparent.png\",\"width\":500,\"height\":500,\"caption\":\"Tactical Foodpack matkaeined\"},\"image\":{\"@id\":\"https:\\\/\\\/toidupakk.ee\\\/pl\\\/#\\\/schema\\\/logo\\\/image\\\/\"},\"sameAs\":[\"https:\\\/\\\/www.facebook.com\\\/Toidupakk\",\"https:\\\/\\\/www.instagram.com\\\/toidupakk\\\/\"]}]}<\/script>\n<!-- \/ Yoast SEO plugin. -->","yoast_head_json":{"title":"Uniwersalny niezb\u0119dnik turystyczny M-TAC","description":"Uniwersalny niezb\u0119dnik \u0142\u0105cz\u0105cy 3 funkcje: \u0142y\u017ck\u0119, widelec i n\u00f3\u017c (3 w 1). Funkcjonalny sztuciec do ekwipunku ka\u017cdego backpackera.","robots":{"index":"index","follow":"follow","max-snippet":"max-snippet:-1","max-image-preview":"max-image-preview:large","max-video-preview":"max-video-preview:-1"},"canonical":"https:\/\/toidupakk.ee\/pl\/toode\/uniwersalny-niezbednik-turystyczny-m-tac\/","og_locale":"pl_PL","og_type":"article","og_title":"Uniwersalny niezb\u0119dnik turystyczny M-TAC","og_description":"Uniwersalny niezb\u0119dnik \u0142\u0105cz\u0105cy 3 funkcje: \u0142y\u017ck\u0119, widelec i n\u00f3\u017c (3 w 1). Funkcjonalny sztuciec do ekwipunku ka\u017cdego backpackera.","og_url":"https:\/\/toidupakk.ee\/pl\/toode\/uniwersalny-niezbednik-turystyczny-m-tac\/","og_site_name":"Toidupakk.ee - Tactical Foodpack toidupakid","article_publisher":"https:\/\/www.facebook.com\/Toidupakk","article_modified_time":"2026-04-15T14:30:35+00:00","og_image":[{"width":800,"height":800,"url":"https:\/\/toidupakk.ee\/wp-content\/uploads\/2024\/04\/Universaalne-matkalusikas-M-TAC-1.png","type":"image\/png"}],"twitter_card":"summary_large_image","twitter_misc":{"Szacowany czas czytania":"1 minuta"},"schema":{"@context":"https:\/\/schema.org","@graph":[{"@type":"WebPage","@id":"https:\/\/toidupakk.ee\/pl\/toode\/uniwersalny-niezbednik-turystyczny-m-tac\/","url":"https:\/\/toidupakk.ee\/pl\/toode\/uniwersalny-niezbednik-turystyczny-m-tac\/","name":"Uniwersalny niezb\u0119dnik turystyczny M-TAC","isPartOf":{"@id":"https:\/\/toidupakk.ee\/pl\/#website"},"primaryImageOfPage":{"@id":"https:\/\/toidupakk.ee\/pl\/toode\/uniwersalny-niezbednik-turystyczny-m-tac\/#primaryimage"},"image":{"@id":"https:\/\/toidupakk.ee\/pl\/toode\/uniwersalny-niezbednik-turystyczny-m-tac\/#primaryimage"},"thumbnailUrl":"https:\/\/toidupakk.ee\/wp-content\/uploads\/2024\/04\/Universaalne-matkalusikas-M-TAC-1.png","datePublished":"2024-04-11T14:59:41+00:00","dateModified":"2026-04-15T14:30:35+00:00","description":"Uniwersalny niezb\u0119dnik \u0142\u0105cz\u0105cy 3 funkcje: \u0142y\u017ck\u0119, widelec i n\u00f3\u017c (3 w 1). Funkcjonalny sztuciec do ekwipunku ka\u017cdego backpackera.","breadcrumb":{"@id":"https:\/\/toidupakk.ee\/pl\/toode\/uniwersalny-niezbednik-turystyczny-m-tac\/#breadcrumb"},"inLanguage":"pl-PL","potentialAction":[{"@type":"ReadAction","target":["https:\/\/toidupakk.ee\/pl\/toode\/uniwersalny-niezbednik-turystyczny-m-tac\/"]}]},{"@type":"ImageObject","inLanguage":"pl-PL","@id":"https:\/\/toidupakk.ee\/pl\/toode\/uniwersalny-niezbednik-turystyczny-m-tac\/#primaryimage","url":"https:\/\/toidupakk.ee\/wp-content\/uploads\/2024\/04\/Universaalne-matkalusikas-M-TAC-1.png","contentUrl":"https:\/\/toidupakk.ee\/wp-content\/uploads\/2024\/04\/Universaalne-matkalusikas-M-TAC-1.png","width":800,"height":800},{"@type":"BreadcrumbList","@id":"https:\/\/toidupakk.ee\/pl\/toode\/uniwersalny-niezbednik-turystyczny-m-tac\/#breadcrumb","itemListElement":[{"@type":"ListItem","position":1,"name":"Avaleht","item":"https:\/\/toidupakk.ee\/pl\/"},{"@type":"ListItem","position":2,"name":"Sklep internetowy","item":"https:\/\/toidupakk.ee\/pl\/sklep-internetowy\/"},{"@type":"ListItem","position":3,"name":"Uniwersalny niezb\u0119dnik turystyczny M-TAC"}]},{"@type":"WebSite","@id":"https:\/\/toidupakk.ee\/pl\/#website","url":"https:\/\/toidupakk.ee\/pl\/","name":"Toidupakk.ee - Tactical Foodpack toidupakid","description":"Tactical Foodpack k\u00fclmkuivatatud toidupakid ja matkaeined","publisher":{"@id":"https:\/\/toidupakk.ee\/pl\/#organization"},"potentialAction":[{"@type":"SearchAction","target":{"@type":"EntryPoint","urlTemplate":"https:\/\/toidupakk.ee\/pl\/?s={search_term_string}"},"query-input":{"@type":"PropertyValueSpecification","valueRequired":true,"valueName":"search_term_string"}}],"inLanguage":"pl-PL"},{"@type":"Organization","@id":"https:\/\/toidupakk.ee\/pl\/#organization","name":"Tactical Foodpack matkaeined","url":"https:\/\/toidupakk.ee\/pl\/","logo":{"@type":"ImageObject","inLanguage":"pl-PL","@id":"https:\/\/toidupakk.ee\/pl\/#\/schema\/logo\/image\/","url":"https:\/\/toidupakk.ee\/wp-content\/uploads\/2022\/01\/Toidupakk-matkapood-logo-transparent.png","contentUrl":"https:\/\/toidupakk.ee\/wp-content\/uploads\/2022\/01\/Toidupakk-matkapood-logo-transparent.png","width":500,"height":500,"caption":"Tactical Foodpack matkaeined"},"image":{"@id":"https:\/\/toidupakk.ee\/pl\/#\/schema\/logo\/image\/"},"sameAs":["https:\/\/www.facebook.com\/Toidupakk","https:\/\/www.instagram.com\/toidupakk\/"]}]}},"jetpack_sharing_enabled":true,"_links":{"self":[{"href":"https:\/\/toidupakk.ee\/pl\/wp-json\/wp\/v2\/product\/51023","targetHints":{"allow":["GET"]}}],"collection":[{"href":"https:\/\/toidupakk.ee\/pl\/wp-json\/wp\/v2\/product"}],"about":[{"href":"https:\/\/toidupakk.ee\/pl\/wp-json\/wp\/v2\/types\/product"}],"replies":[{"embeddable":true,"href":"https:\/\/toidupakk.ee\/pl\/wp-json\/wp\/v2\/comments?post=51023"}],"wp:featuredmedia":[{"embeddable":true,"href":"https:\/\/toidupakk.ee\/pl\/wp-json\/wp\/v2\/media\/22031"}],"wp:attachment":[{"href":"https:\/\/toidupakk.ee\/pl\/wp-json\/wp\/v2\/media?parent=51023"}],"wp:term":[{"taxonomy":"product_brand","embeddable":true,"href":"https:\/\/toidupakk.ee\/pl\/wp-json\/wp\/v2\/product_brand?post=51023"},{"taxonomy":"product_cat","embeddable":true,"href":"https:\/\/toidupakk.ee\/pl\/wp-json\/wp\/v2\/product_cat?post=51023"},{"taxonomy":"product_tag","embeddable":true,"href":"https:\/\/toidupakk.ee\/pl\/wp-json\/wp\/v2\/product_tag?post=51023"}],"curies":[{"name":"wp","href":"https:\/\/api.w.org\/{rel}","templated":true}]}}