{"id":50989,"date":"2024-04-24T11:57:33","date_gmt":"2024-04-24T08:57:33","guid":{"rendered":"https:\/\/toidupakk.ee\/toode\/kapsulki-omega-3-iconfit-60-kapsulek\/"},"modified":"2026-04-16T20:31:42","modified_gmt":"2026-04-16T17:31:42","slug":"kapsulki-omega-3-iconfit-60-kapsulek","status":"publish","type":"product","link":"https:\/\/toidupakk.ee\/pl\/toode\/kapsulki-omega-3-iconfit-60-kapsulek\/","title":{"rendered":"Kapsu\u0142ki Omega 3 ICONFIT (60 kapsu\u0142ek)"},"content":{"rendered":"<h1>Kapsu\u0142ki Omega 3 ICONFIT<\/h1>\n<p>Kwasy t\u0142uszczowe Omega 3 to suplement diety, kt\u00f3ry wspiera prawid\u0142owe zdrowie serca, funkcje m\u00f3zgu, wzrok oraz og\u00f3lne samopoczucie.<\/p>\n<p>Ka\u017cda kapsu\u0142ka mi\u0119kka zawiera zoptymalizowan\u0105 ilo\u015b\u0107 180 mg EPA (kwasu eikozapentaenowego) i 120 mg DHA (kwasu dokozaheksaenowego), wspieraj\u0105c prac\u0119 m\u00f3zgu i serca oraz wspomagaj\u0105c ostro\u015b\u0107 widzenia. ALA, DHA i EPA to najlepiej przebadane kwasy t\u0142uszczowe omega-3, z kt\u00f3rych olej rybi pozyskiwany jest w czystej postaci z ma\u0142ych ryb, takich jak anchois. <\/p>\n<p>&nbsp;<\/p>\n<p><img fetchpriority=\"high\" decoding=\"async\" class=\"wp-image-22317 size-thumbnail alignright\" src=\"https:\/\/toidupakk.ee\/wp-content\/uploads\/2024\/04\/Omega-3-iconfit-2-500x500.jpg\" alt=\"\" width=\"500\" height=\"500\" srcset=\"https:\/\/toidupakk.ee\/wp-content\/uploads\/2024\/04\/Omega-3-iconfit-2-500x500.jpg 500w, https:\/\/toidupakk.ee\/wp-content\/uploads\/2024\/04\/Omega-3-iconfit-2-400x400.jpg 400w, https:\/\/toidupakk.ee\/wp-content\/uploads\/2024\/04\/Omega-3-iconfit-2-100x100.jpg 100w, https:\/\/toidupakk.ee\/wp-content\/uploads\/2024\/04\/Omega-3-iconfit-2-300x300.jpg 300w, https:\/\/toidupakk.ee\/wp-content\/uploads\/2024\/04\/Omega-3-iconfit-2-768x768.jpg 768w, https:\/\/toidupakk.ee\/wp-content\/uploads\/2024\/04\/Omega-3-iconfit-2.jpg 800w\" sizes=\"(max-width: 500px) 100vw, 500px\" \/><\/p>\n<p>Kwasy t\u0142uszczowe Omega-3 odgrywaj\u0105 wa\u017cn\u0105 rol\u0119 w \u017cywieniu i fizjologii cz\u0142owieka, gdzie uczestnicz\u0105 trzy g\u0142\u00f3wne kwasy t\u0142uszczowe oomega-3: kwas \u03b1-linolenowy (ALA), kwas eikozapentaenowy (EPA) i kwas dokozaheksaenowy (DHA). ALA znajduje si\u0119 w ro\u015blinach, natomiast DHA i EPA w algach i rybach. EPA i DHA pomagaj\u0105 w utrzymaniu prawid\u0142owego funkcjonowania serca, przy czym korzystne dzia\u0142anie wyst\u0119puje w przypadku spo\u017cywania 250 mg EPA i DHA dziennie. DHA wspomaga r\u00f3wnie\u017c prawid\u0142owe funkcjonowanie m\u00f3zgu i wzroku, a korzystne dzia\u0142anie wyst\u0119puje przy spo\u017cyciu 250 mg DHA dziennie.   <\/p>\n<p>Omega-6 nale\u017cy do nienasyconych kwas\u00f3w t\u0142uszczowych, uczestnicz\u0105c w produkcji wielu hormon\u00f3w. Te niezb\u0119dne kwasy t\u0142uszczowe, kt\u00f3re musimy dostarcza\u0107 z po\u017cywieniem, znajduj\u0105 si\u0119 w drobiu, jajach, orzechach i \u0142uskanym sezamie. <\/p>\n<p>Kwasy t\u0142uszczowe Omega-9 nie nale\u017c\u0105 do kwas\u00f3w niezb\u0119dnych, poniewa\u017c organizm ludzki potrafi je wytwarza\u0107 z t\u0142uszcz\u00f3w nienasyconych. Niekt\u00f3re kwasy oomega-9 s\u0105 powszechnymi sk\u0142adnikami t\u0142uszcz\u00f3w zwierz\u0119cych i olej\u00f3w ro\u015blinnych. Chocia\u017c pozyskujemy te kwasy z po\u017cywienia, wa\u017cne jest zachowanie r\u00f3wnowagi wszystkich kwas\u00f3w t\u0142uszczowych, dlatego zaleca si\u0119 ich spo\u017cywanie w formie suplementu.  <\/p>\n<p>Je\u015bli organizm nie otrzymuje wystarczaj\u0105cej ilo\u015bci kwas\u00f3w t\u0142uszczowych, mog\u0105 wyst\u0105pi\u0107 liczne problemy zdrowotne, takie jak choroby uk\u0142adu kr\u0105\u017cenia, alergie, zapalenia staw\u00f3w, bezp\u0142odno\u015b\u0107, oty\u0142o\u015b\u0107, cukrzyca, zm\u0119czenie, sucho\u015b\u0107 sk\u00f3ry, depresja, l\u0119k i problemy z pami\u0119ci\u0105.<\/p>\n<p>Kapsu\u0142ki ICONFIT nie zawieraj\u0105 sztucznych dodatk\u00f3w, chemikali\u00f3w, konserwant\u00f3w ani barwnik\u00f3w, a jednocze\u015bnie s\u0105 wolne od GMO.<\/p>\n<p>&nbsp;<\/p>\n<h2>ICONFIT jako\u015b\u0107 &amp; troska<\/h2>\n<p>Produkty ICONFIT s\u0105 opracowywane w Estonii i bazuj\u0105 na najwy\u017cszych europejskich standardach jako\u015bci. Tworzymy nasze produkty we wsp\u00f3\u0142pracy ze specjalistami ds. \u017cywienia, sportowcami i technologami \u017cywno\u015bci. <\/p>\n<p>Produkty ICONFIT nie zawieraj\u0105 niepotrzebnych sztucznych stabilizator\u00f3w, barwnik\u00f3w ani konserwant\u00f3w. Nasi klienci wracaj\u0105 do nas wielokrotnie dzi\u0119ki naszej jako\u015bci, czysto\u015bci i \u015bwietnym smakom. <\/p>\n<p><img decoding=\"async\" class=\"alignnone wp-image-15624 size-medium\" src=\"https:\/\/toidupakk.ee\/wp-content\/uploads\/2023\/11\/ICONFIT-kollageeni-pulber-liigestele-5-300x300.png\" alt=\"logo iconfit\" width=\"300\" height=\"300\" srcset=\"https:\/\/toidupakk.ee\/wp-content\/uploads\/2023\/11\/ICONFIT-kollageeni-pulber-liigestele-5-300x300.png 300w, https:\/\/toidupakk.ee\/wp-content\/uploads\/2023\/11\/ICONFIT-kollageeni-pulber-liigestele-5-400x400.png 400w, https:\/\/toidupakk.ee\/wp-content\/uploads\/2023\/11\/ICONFIT-kollageeni-pulber-liigestele-5-100x100.png 100w, https:\/\/toidupakk.ee\/wp-content\/uploads\/2023\/11\/ICONFIT-kollageeni-pulber-liigestele-5-500x500.png 500w, https:\/\/toidupakk.ee\/wp-content\/uploads\/2023\/11\/ICONFIT-kollageeni-pulber-liigestele-5-768x768.png 768w, https:\/\/toidupakk.ee\/wp-content\/uploads\/2023\/11\/ICONFIT-kollageeni-pulber-liigestele-5.png 800w\" sizes=\"(max-width: 300px) 100vw, 300px\" \/><\/p>\n<p>Interesuj\u0105 Ci\u0119 inne suplementy? Dowiedz si\u0119 wi\u0119cej <a href=\"https:\/\/toidupakk.ee\/pl\/tootekategooria\/suplementy-diety\/\">TUTAJ<\/a><\/p>\n<p>Interesuj\u0105 Ci\u0119 posi\u0142ki turystyczne? Zobacz <a href=\"https:\/\/toidupakk.ee\/pl\/tootekategooria\/dania-glowne\/\">TUTAJ<\/a><\/p>\n<p>Znajd\u017a inspiracj\u0119 na kolejne przygody na <a href=\"https:\/\/www.instagram.com\/toidupakk\/\">Instagramie<\/a> i <a href=\"https:\/\/www.facebook.com\/Toidupakk\/\">Facebooku<\/a> Toidupakk.<\/p>\n","protected":false},"excerpt":{"rendered":"<p><strong>Kwasy t\u0142uszczowe Omega-3, zw\u0142aszcza kwas eikozapentaenowy (EPA) i kwas dokozaheksaenowy (DHA), wed\u0142ug bada\u0144 maj\u0105 pozytywny wp\u0142yw na serce, m\u00f3zg, pami\u0119\u0107, wzrok oraz rozw\u00f3j ca\u0142ego organizmu i uk\u0142ad odporno\u015bciowy zar\u00f3wno u dzieci, jak i doros\u0142ych. Kwasy te s\u0105 wa\u017cne dla prawid\u0142owego rozwoju wzroku i utrzymania ostro\u015bci widzenia. Ponadto kwasy omega-3 wspieraj\u0105 obni\u017canie ci\u015bnienia krwi, pomagaj\u0105 zr\u00f3wnowa\u017cy\u0107 poziom cholesterolu we krwi, poprawiaj\u0105 krzepliwo\u015b\u0107 krwi i zwi\u0119kszaj\u0105 elastyczno\u015b\u0107 \u015bcian naczy\u0144 krwiono\u015bnych.  <\/strong><\/p>\n<ul>\n<li>EPA i DHA przyczyniaj\u0105 si\u0119 do prawid\u0142owego funkcjonowania serca<\/li>\n<li>DHA pomaga w utrzymaniu prawid\u0142owego funkcjonowania m\u00f3zgu i wzroku<\/li>\n<li>Opakowanie zawiera <strong>zapas na 60 dni (2 miesi\u0105ce)<\/strong>, bierz 1\u20132 kapsu\u0142ki dziennie!<\/li>\n<\/ul>\n<p>\u2705 Dost\u0119pne w magazynie, szybka dostawa w 1\u20133 dni robocze<\/p>\n","protected":false},"featured_media":22316,"comment_status":"open","ping_status":"closed","template":"","meta":{"_acf_changed":false},"product_brand":[],"product_cat":[303,379,301,361],"product_tag":[],"class_list":{"0":"post-50989","1":"product","2":"type-product","3":"status-publish","4":"has-post-thumbnail","6":"product_cat-akcesoria-turystyczne","7":"product_cat-kapsulki","8":"product_cat-sprzet-turystyczny","9":"product_cat-suplementy-diety","11":"first","12":"instock","13":"taxable","14":"shipping-taxable","15":"purchasable","16":"product-type-simple"},"bundled_by":[],"bundle_stock_status":"instock","bundle_stock_quantity":6,"bundle_virtual":false,"bundle_layout":"","bundle_add_to_cart_form_location":"","bundle_editable_in_cart":false,"bundle_sold_individually_context":"","bundle_item_grouping":"","bundle_min_size":"","bundle_max_size":"","bundle_price":[],"bundled_items":[],"bundle_sell_ids":[],"acf":[],"yoast_head":"<!-- This site is optimized with the Yoast SEO plugin v27.3 - https:\/\/yoast.com\/product\/yoast-seo-wordpress\/ -->\n<title>Kapsu\u0142ki Omega 3 ICONFIT (60 kapsu\u0142ek)<\/title>\n<meta name=\"description\" content=\"Omega 3 to skuteczne rozwi\u0105zanie wspieraj\u0105ce zdrowie serca i m\u00f3zgu, sk\u0142adaj\u0105ce si\u0119 ze starannie dobranych niezb\u0119dnych kwas\u00f3w t\u0142uszczowych. 60 kapsu\u0142ek mi\u0119kkich.\" \/>\n<meta name=\"robots\" content=\"index, follow, max-snippet:-1, max-image-preview:large, max-video-preview:-1\" \/>\n<link rel=\"canonical\" href=\"https:\/\/toidupakk.ee\/pl\/toode\/kapsulki-omega-3-iconfit-60-kapsulek\/\" \/>\n<meta property=\"og:locale\" content=\"pl_PL\" \/>\n<meta property=\"og:type\" content=\"article\" \/>\n<meta property=\"og:title\" content=\"Kapsu\u0142ki Omega 3 ICONFIT (60 kapsu\u0142ek)\" \/>\n<meta property=\"og:description\" content=\"Omega 3 to skuteczne rozwi\u0105zanie wspieraj\u0105ce zdrowie serca i m\u00f3zgu, sk\u0142adaj\u0105ce si\u0119 ze starannie dobranych niezb\u0119dnych kwas\u00f3w t\u0142uszczowych. 60 kapsu\u0142ek mi\u0119kkich.\" \/>\n<meta property=\"og:url\" content=\"https:\/\/toidupakk.ee\/pl\/toode\/kapsulki-omega-3-iconfit-60-kapsulek\/\" \/>\n<meta property=\"og:site_name\" content=\"Toidupakk.ee - Tactical Foodpack toidupakid\" \/>\n<meta property=\"article:publisher\" content=\"https:\/\/www.facebook.com\/Toidupakk\" \/>\n<meta property=\"article:modified_time\" content=\"2026-04-16T17:31:42+00:00\" \/>\n<meta property=\"og:image\" content=\"https:\/\/toidupakk.ee\/wp-content\/uploads\/2024\/04\/Omega-3-iconfit.png\" \/>\n\t<meta property=\"og:image:width\" content=\"800\" \/>\n\t<meta property=\"og:image:height\" content=\"800\" \/>\n\t<meta property=\"og:image:type\" content=\"image\/png\" \/>\n<meta name=\"twitter:card\" content=\"summary_large_image\" \/>\n<meta name=\"twitter:label1\" content=\"Szacowany czas czytania\" \/>\n\t<meta name=\"twitter:data1\" content=\"2 minuty\" \/>\n<script type=\"application\/ld+json\" class=\"yoast-schema-graph\">{\"@context\":\"https:\\\/\\\/schema.org\",\"@graph\":[{\"@type\":\"WebPage\",\"@id\":\"https:\\\/\\\/toidupakk.ee\\\/pl\\\/toode\\\/kapsulki-omega-3-iconfit-60-kapsulek\\\/\",\"url\":\"https:\\\/\\\/toidupakk.ee\\\/pl\\\/toode\\\/kapsulki-omega-3-iconfit-60-kapsulek\\\/\",\"name\":\"Kapsu\u0142ki Omega 3 ICONFIT (60 kapsu\u0142ek)\",\"isPartOf\":{\"@id\":\"https:\\\/\\\/toidupakk.ee\\\/pl\\\/#website\"},\"primaryImageOfPage\":{\"@id\":\"https:\\\/\\\/toidupakk.ee\\\/pl\\\/toode\\\/kapsulki-omega-3-iconfit-60-kapsulek\\\/#primaryimage\"},\"image\":{\"@id\":\"https:\\\/\\\/toidupakk.ee\\\/pl\\\/toode\\\/kapsulki-omega-3-iconfit-60-kapsulek\\\/#primaryimage\"},\"thumbnailUrl\":\"https:\\\/\\\/toidupakk.ee\\\/wp-content\\\/uploads\\\/2024\\\/04\\\/Omega-3-iconfit.png\",\"datePublished\":\"2024-04-24T08:57:33+00:00\",\"dateModified\":\"2026-04-16T17:31:42+00:00\",\"description\":\"Omega 3 to skuteczne rozwi\u0105zanie wspieraj\u0105ce zdrowie serca i m\u00f3zgu, sk\u0142adaj\u0105ce si\u0119 ze starannie dobranych niezb\u0119dnych kwas\u00f3w t\u0142uszczowych. 60 kapsu\u0142ek mi\u0119kkich.\",\"breadcrumb\":{\"@id\":\"https:\\\/\\\/toidupakk.ee\\\/pl\\\/toode\\\/kapsulki-omega-3-iconfit-60-kapsulek\\\/#breadcrumb\"},\"inLanguage\":\"pl-PL\",\"potentialAction\":[{\"@type\":\"ReadAction\",\"target\":[\"https:\\\/\\\/toidupakk.ee\\\/pl\\\/toode\\\/kapsulki-omega-3-iconfit-60-kapsulek\\\/\"]}]},{\"@type\":\"ImageObject\",\"inLanguage\":\"pl-PL\",\"@id\":\"https:\\\/\\\/toidupakk.ee\\\/pl\\\/toode\\\/kapsulki-omega-3-iconfit-60-kapsulek\\\/#primaryimage\",\"url\":\"https:\\\/\\\/toidupakk.ee\\\/wp-content\\\/uploads\\\/2024\\\/04\\\/Omega-3-iconfit.png\",\"contentUrl\":\"https:\\\/\\\/toidupakk.ee\\\/wp-content\\\/uploads\\\/2024\\\/04\\\/Omega-3-iconfit.png\",\"width\":800,\"height\":800,\"caption\":\"omega 3 iconfit\"},{\"@type\":\"BreadcrumbList\",\"@id\":\"https:\\\/\\\/toidupakk.ee\\\/pl\\\/toode\\\/kapsulki-omega-3-iconfit-60-kapsulek\\\/#breadcrumb\",\"itemListElement\":[{\"@type\":\"ListItem\",\"position\":1,\"name\":\"Avaleht\",\"item\":\"https:\\\/\\\/toidupakk.ee\\\/pl\\\/\"},{\"@type\":\"ListItem\",\"position\":2,\"name\":\"Sklep internetowy\",\"item\":\"https:\\\/\\\/toidupakk.ee\\\/pl\\\/sklep-internetowy\\\/\"},{\"@type\":\"ListItem\",\"position\":3,\"name\":\"Kapsu\u0142ki Omega 3 ICONFIT (60 kapsu\u0142ek)\"}]},{\"@type\":\"WebSite\",\"@id\":\"https:\\\/\\\/toidupakk.ee\\\/pl\\\/#website\",\"url\":\"https:\\\/\\\/toidupakk.ee\\\/pl\\\/\",\"name\":\"Toidupakk.ee - Tactical Foodpack toidupakid\",\"description\":\"Tactical Foodpack k\u00fclmkuivatatud toidupakid ja matkaeined\",\"publisher\":{\"@id\":\"https:\\\/\\\/toidupakk.ee\\\/pl\\\/#organization\"},\"potentialAction\":[{\"@type\":\"SearchAction\",\"target\":{\"@type\":\"EntryPoint\",\"urlTemplate\":\"https:\\\/\\\/toidupakk.ee\\\/pl\\\/?s={search_term_string}\"},\"query-input\":{\"@type\":\"PropertyValueSpecification\",\"valueRequired\":true,\"valueName\":\"search_term_string\"}}],\"inLanguage\":\"pl-PL\"},{\"@type\":\"Organization\",\"@id\":\"https:\\\/\\\/toidupakk.ee\\\/pl\\\/#organization\",\"name\":\"Tactical Foodpack matkaeined\",\"url\":\"https:\\\/\\\/toidupakk.ee\\\/pl\\\/\",\"logo\":{\"@type\":\"ImageObject\",\"inLanguage\":\"pl-PL\",\"@id\":\"https:\\\/\\\/toidupakk.ee\\\/pl\\\/#\\\/schema\\\/logo\\\/image\\\/\",\"url\":\"https:\\\/\\\/toidupakk.ee\\\/wp-content\\\/uploads\\\/2022\\\/01\\\/Toidupakk-matkapood-logo-transparent.png\",\"contentUrl\":\"https:\\\/\\\/toidupakk.ee\\\/wp-content\\\/uploads\\\/2022\\\/01\\\/Toidupakk-matkapood-logo-transparent.png\",\"width\":500,\"height\":500,\"caption\":\"Tactical Foodpack matkaeined\"},\"image\":{\"@id\":\"https:\\\/\\\/toidupakk.ee\\\/pl\\\/#\\\/schema\\\/logo\\\/image\\\/\"},\"sameAs\":[\"https:\\\/\\\/www.facebook.com\\\/Toidupakk\",\"https:\\\/\\\/www.instagram.com\\\/toidupakk\\\/\"]}]}<\/script>\n<!-- \/ Yoast SEO plugin. -->","yoast_head_json":{"title":"Kapsu\u0142ki Omega 3 ICONFIT (60 kapsu\u0142ek)","description":"Omega 3 to skuteczne rozwi\u0105zanie wspieraj\u0105ce zdrowie serca i m\u00f3zgu, sk\u0142adaj\u0105ce si\u0119 ze starannie dobranych niezb\u0119dnych kwas\u00f3w t\u0142uszczowych. 60 kapsu\u0142ek mi\u0119kkich.","robots":{"index":"index","follow":"follow","max-snippet":"max-snippet:-1","max-image-preview":"max-image-preview:large","max-video-preview":"max-video-preview:-1"},"canonical":"https:\/\/toidupakk.ee\/pl\/toode\/kapsulki-omega-3-iconfit-60-kapsulek\/","og_locale":"pl_PL","og_type":"article","og_title":"Kapsu\u0142ki Omega 3 ICONFIT (60 kapsu\u0142ek)","og_description":"Omega 3 to skuteczne rozwi\u0105zanie wspieraj\u0105ce zdrowie serca i m\u00f3zgu, sk\u0142adaj\u0105ce si\u0119 ze starannie dobranych niezb\u0119dnych kwas\u00f3w t\u0142uszczowych. 60 kapsu\u0142ek mi\u0119kkich.","og_url":"https:\/\/toidupakk.ee\/pl\/toode\/kapsulki-omega-3-iconfit-60-kapsulek\/","og_site_name":"Toidupakk.ee - Tactical Foodpack toidupakid","article_publisher":"https:\/\/www.facebook.com\/Toidupakk","article_modified_time":"2026-04-16T17:31:42+00:00","og_image":[{"width":800,"height":800,"url":"https:\/\/toidupakk.ee\/wp-content\/uploads\/2024\/04\/Omega-3-iconfit.png","type":"image\/png"}],"twitter_card":"summary_large_image","twitter_misc":{"Szacowany czas czytania":"2 minuty"},"schema":{"@context":"https:\/\/schema.org","@graph":[{"@type":"WebPage","@id":"https:\/\/toidupakk.ee\/pl\/toode\/kapsulki-omega-3-iconfit-60-kapsulek\/","url":"https:\/\/toidupakk.ee\/pl\/toode\/kapsulki-omega-3-iconfit-60-kapsulek\/","name":"Kapsu\u0142ki Omega 3 ICONFIT (60 kapsu\u0142ek)","isPartOf":{"@id":"https:\/\/toidupakk.ee\/pl\/#website"},"primaryImageOfPage":{"@id":"https:\/\/toidupakk.ee\/pl\/toode\/kapsulki-omega-3-iconfit-60-kapsulek\/#primaryimage"},"image":{"@id":"https:\/\/toidupakk.ee\/pl\/toode\/kapsulki-omega-3-iconfit-60-kapsulek\/#primaryimage"},"thumbnailUrl":"https:\/\/toidupakk.ee\/wp-content\/uploads\/2024\/04\/Omega-3-iconfit.png","datePublished":"2024-04-24T08:57:33+00:00","dateModified":"2026-04-16T17:31:42+00:00","description":"Omega 3 to skuteczne rozwi\u0105zanie wspieraj\u0105ce zdrowie serca i m\u00f3zgu, sk\u0142adaj\u0105ce si\u0119 ze starannie dobranych niezb\u0119dnych kwas\u00f3w t\u0142uszczowych. 60 kapsu\u0142ek mi\u0119kkich.","breadcrumb":{"@id":"https:\/\/toidupakk.ee\/pl\/toode\/kapsulki-omega-3-iconfit-60-kapsulek\/#breadcrumb"},"inLanguage":"pl-PL","potentialAction":[{"@type":"ReadAction","target":["https:\/\/toidupakk.ee\/pl\/toode\/kapsulki-omega-3-iconfit-60-kapsulek\/"]}]},{"@type":"ImageObject","inLanguage":"pl-PL","@id":"https:\/\/toidupakk.ee\/pl\/toode\/kapsulki-omega-3-iconfit-60-kapsulek\/#primaryimage","url":"https:\/\/toidupakk.ee\/wp-content\/uploads\/2024\/04\/Omega-3-iconfit.png","contentUrl":"https:\/\/toidupakk.ee\/wp-content\/uploads\/2024\/04\/Omega-3-iconfit.png","width":800,"height":800,"caption":"omega 3 iconfit"},{"@type":"BreadcrumbList","@id":"https:\/\/toidupakk.ee\/pl\/toode\/kapsulki-omega-3-iconfit-60-kapsulek\/#breadcrumb","itemListElement":[{"@type":"ListItem","position":1,"name":"Avaleht","item":"https:\/\/toidupakk.ee\/pl\/"},{"@type":"ListItem","position":2,"name":"Sklep internetowy","item":"https:\/\/toidupakk.ee\/pl\/sklep-internetowy\/"},{"@type":"ListItem","position":3,"name":"Kapsu\u0142ki Omega 3 ICONFIT (60 kapsu\u0142ek)"}]},{"@type":"WebSite","@id":"https:\/\/toidupakk.ee\/pl\/#website","url":"https:\/\/toidupakk.ee\/pl\/","name":"Toidupakk.ee - Tactical Foodpack toidupakid","description":"Tactical Foodpack k\u00fclmkuivatatud toidupakid ja matkaeined","publisher":{"@id":"https:\/\/toidupakk.ee\/pl\/#organization"},"potentialAction":[{"@type":"SearchAction","target":{"@type":"EntryPoint","urlTemplate":"https:\/\/toidupakk.ee\/pl\/?s={search_term_string}"},"query-input":{"@type":"PropertyValueSpecification","valueRequired":true,"valueName":"search_term_string"}}],"inLanguage":"pl-PL"},{"@type":"Organization","@id":"https:\/\/toidupakk.ee\/pl\/#organization","name":"Tactical Foodpack matkaeined","url":"https:\/\/toidupakk.ee\/pl\/","logo":{"@type":"ImageObject","inLanguage":"pl-PL","@id":"https:\/\/toidupakk.ee\/pl\/#\/schema\/logo\/image\/","url":"https:\/\/toidupakk.ee\/wp-content\/uploads\/2022\/01\/Toidupakk-matkapood-logo-transparent.png","contentUrl":"https:\/\/toidupakk.ee\/wp-content\/uploads\/2022\/01\/Toidupakk-matkapood-logo-transparent.png","width":500,"height":500,"caption":"Tactical Foodpack matkaeined"},"image":{"@id":"https:\/\/toidupakk.ee\/pl\/#\/schema\/logo\/image\/"},"sameAs":["https:\/\/www.facebook.com\/Toidupakk","https:\/\/www.instagram.com\/toidupakk\/"]}]}},"jetpack_sharing_enabled":true,"_links":{"self":[{"href":"https:\/\/toidupakk.ee\/pl\/wp-json\/wp\/v2\/product\/50989","targetHints":{"allow":["GET"]}}],"collection":[{"href":"https:\/\/toidupakk.ee\/pl\/wp-json\/wp\/v2\/product"}],"about":[{"href":"https:\/\/toidupakk.ee\/pl\/wp-json\/wp\/v2\/types\/product"}],"replies":[{"embeddable":true,"href":"https:\/\/toidupakk.ee\/pl\/wp-json\/wp\/v2\/comments?post=50989"}],"wp:featuredmedia":[{"embeddable":true,"href":"https:\/\/toidupakk.ee\/pl\/wp-json\/wp\/v2\/media\/22316"}],"wp:attachment":[{"href":"https:\/\/toidupakk.ee\/pl\/wp-json\/wp\/v2\/media?parent=50989"}],"wp:term":[{"taxonomy":"product_brand","embeddable":true,"href":"https:\/\/toidupakk.ee\/pl\/wp-json\/wp\/v2\/product_brand?post=50989"},{"taxonomy":"product_cat","embeddable":true,"href":"https:\/\/toidupakk.ee\/pl\/wp-json\/wp\/v2\/product_cat?post=50989"},{"taxonomy":"product_tag","embeddable":true,"href":"https:\/\/toidupakk.ee\/pl\/wp-json\/wp\/v2\/product_tag?post=50989"}],"curies":[{"name":"wp","href":"https:\/\/api.w.org\/{rel}","templated":true}]}}