{"id":50889,"date":"2024-03-11T16:22:34","date_gmt":"2024-03-11T14:22:34","guid":{"rendered":"https:\/\/toidupakk.ee\/toode\/zestaw-naczyn-turystycznych-wildo\/"},"modified":"2026-04-29T15:30:11","modified_gmt":"2026-04-29T12:30:11","slug":"zestaw-naczyn-turystycznych-wildo","status":"publish","type":"product","link":"https:\/\/toidupakk.ee\/pl\/toode\/zestaw-naczyn-turystycznych-wildo\/","title":{"rendered":"Zestaw naczy\u0144 turystycznych WILDO\u00ae"},"content":{"rendered":"<h1>Zestaw naczy\u0144 turystycznych jest niezast\u0105piony na wyprawie<\/h1>\n<p>Zestaw naczy\u0144 turystycznych WILDO zawiera naczynia, kt\u00f3rych potrzebujesz do wygodnego jedzenia na zewn\u0105trz. Ka\u017cdy zestaw zawiera dwie miski (wi\u0119ksz\u0105 900 ml i mniejsz\u0105 350 ml), sk\u0142adany kubek Fold-a-Cup\u00ae oraz niezb\u0119dnik 3 w 1, czyli hybryd\u0119 no\u017ca, widelca i \u0142y\u017cki. <\/p>\n<p><img fetchpriority=\"high\" decoding=\"async\" class=\"alignnone wp-image-36717 size-thumbnail\" src=\"https:\/\/toidupakk.ee\/wp-content\/uploads\/2024\/03\/Matkanoude-komplekt-Wildo-2-1-500x500.png\" alt=\"zestaw naczy\u0144 turystycznych wildo\" width=\"500\" height=\"500\" srcset=\"https:\/\/toidupakk.ee\/wp-content\/uploads\/2024\/03\/Matkanoude-komplekt-Wildo-2-1-500x500.png 500w, https:\/\/toidupakk.ee\/wp-content\/uploads\/2024\/03\/Matkanoude-komplekt-Wildo-2-1-300x300.png 300w, https:\/\/toidupakk.ee\/wp-content\/uploads\/2024\/03\/Matkanoude-komplekt-Wildo-2-1-768x768.png 768w, https:\/\/toidupakk.ee\/wp-content\/uploads\/2024\/03\/Matkanoude-komplekt-Wildo-2-1-400x400.png 400w, https:\/\/toidupakk.ee\/wp-content\/uploads\/2024\/03\/Matkanoude-komplekt-Wildo-2-1-100x100.png 100w, https:\/\/toidupakk.ee\/wp-content\/uploads\/2024\/03\/Matkanoude-komplekt-Wildo-2-1.png 800w\" sizes=\"(max-width: 500px) 100vw, 500px\" \/><\/p>\n<p>&nbsp;<\/p>\n<h2>Zestaw naczy\u0144 turystycznych szwedzkiej jako\u015bci<\/h2>\n<p>Wildo tworzy wysokiej jako\u015bci produkty, kt\u00f3re s\u0105 funkcjonalne i trwa\u0142e. \u0141\u0105cz\u0105 szwedzki design i kunszt wykonania, tworz\u0105c produkty przewy\u017cszaj\u0105ce inne tego typu. S\u0105 lekkie, wytrzyma\u0142e i kompaktowe.<br \/>\nProdukty te s\u0105 testowane i udoskonalane w szwedzkich warunkach terenowych od ponad 35 lat, wi\u0119c nie ma najmniejszych powod\u00f3w, by w\u0105tpi\u0107 w ich jako\u015b\u0107.  <\/p>\n<p>Posi\u0142ek na \u015bwie\u017cym powietrzu podczas wyprawy lub rodzinnej wycieczki to zawsze przyjemno\u015b\u0107. O doznania smakowe na szlaku lub pikniku zadbaj\u0105 dania turystyczne Tactical Foodpack i Meki, tygodniowe zapasy \u017cywno\u015bci Tactical Foodpack, pakiety combo z sze\u015bcioma posi\u0142kami, pyszne \u015bniadania oraz przek\u0105ski. Dobrym rozwi\u0105zaniem do podgrzewania posi\u0142k\u00f3w jest torba grzewcza. Aby nie je\u015b\u0107 bezpo\u015brednio z ziemi, warto spakowa\u0107 lekki i kompaktowy st\u00f3\u0142 turystyczny.   <\/p>\n<p><img decoding=\"async\" class=\"alignnone wp-image-36716 size-thumbnail\" src=\"https:\/\/toidupakk.ee\/wp-content\/uploads\/2024\/03\/Matkanoude-komplekt-Wildo-1-1-500x500.png\" alt=\"\" width=\"500\" height=\"500\" srcset=\"https:\/\/toidupakk.ee\/wp-content\/uploads\/2024\/03\/Matkanoude-komplekt-Wildo-1-1-500x500.png 500w, https:\/\/toidupakk.ee\/wp-content\/uploads\/2024\/03\/Matkanoude-komplekt-Wildo-1-1-300x300.png 300w, https:\/\/toidupakk.ee\/wp-content\/uploads\/2024\/03\/Matkanoude-komplekt-Wildo-1-1-768x768.png 768w, https:\/\/toidupakk.ee\/wp-content\/uploads\/2024\/03\/Matkanoude-komplekt-Wildo-1-1-400x400.png 400w, https:\/\/toidupakk.ee\/wp-content\/uploads\/2024\/03\/Matkanoude-komplekt-Wildo-1-1-100x100.png 100w, https:\/\/toidupakk.ee\/wp-content\/uploads\/2024\/03\/Matkanoude-komplekt-Wildo-1-1.png 800w\" sizes=\"(max-width: 500px) 100vw, 500px\" \/><\/p>\n<p>&nbsp;<\/p>\n<p>Wybierz ulubione potrawy, zabierz przyjaciela, dzieci lub ca\u0142\u0105 rodzin\u0119 i ruszaj na wypraw\u0119!<\/p>\n<p>Zobacz wi\u0119cej akcesori\u00f3w turystycznych <a href=\"https:\/\/toidupakk.ee\/pl\/tootekategooria\/sprzet-turystyczny\/\">TUTAJ<\/a><\/p>\n<p>Znajd\u017a inspiracj\u0119 na kolejne przygody na <a href=\"https:\/\/www.instagram.com\/toidupakk\/\">Instagramie<\/a> i <a href=\"https:\/\/www.facebook.com\/Toidupakk\/\">Facebooku<\/a> Toidupakk.<\/p>\n","protected":false},"excerpt":{"rendered":"<p><strong>Zestaw naczy\u0144 turystycznych WILDO\u00ae zawiera starannie dobrane, funkcjonalne i \u0142atwe w utrzymaniu naczynia do jedzenia na \u015bwie\u017cym powietrzu. Praktyczny i lekki zestaw naczy\u0144 turystycznych. <\/strong><\/p>\n<ul>\n<li>Zestaw zawiera dwa talerze (g\u0142\u0119boki i p\u0142aski), dwie miski (wi\u0119ksz\u0105 i mniejsz\u0105), sk\u0142adany kubek Fold-A-Cup\u00ae oraz \u0142y\u017ck\u0119 turystyczn\u0105 <a href=\"https:\/\/toidupakk.ee\/toode\/matkalusikas-wildo-spork-3in1\/\">Wildo Spork<\/a> (3 w 1, czyli n\u00f3\u017c\/\u0142y\u017cka\/widelec)<\/li>\n<li>Zestawy naczy\u0144 turystycznych WILDO s\u0105 zapakowane w oddychaj\u0105cy worek z siatki, kt\u00f3ry pozwala \u015bwie\u017co umytym naczyniom dobrze wyschn\u0105\u0107 (np. po przypi\u0119ciu do plecaka)<\/li>\n<li>Produkt wykonany jest z wysokiej jako\u015bci ekologicznego bioplastiku w spos\u00f3b przyjazny dla \u015brodowiska.<\/li>\n<li>100% wolne od BPA<\/li>\n<li>Wyprodukowano w Szwecji<\/li>\n<li>Miski posiadaj\u0105 miark\u0119 do p\u0142yn\u00f3w<\/li>\n<li>Du\u017ca miska 900 ml; ma\u0142a miska 350 ml; sk\u0142adany kubek 250 ml<\/li>\n<li>Ca\u0142y zestaw wraz z workiem wa\u017cy 355 g<\/li>\n<\/ul>\n<p>\u2705 Dost\u0119pne w magazynie, szybka dostawa w 1\u20133 dni robocze<\/p>\n","protected":false},"featured_media":36717,"comment_status":"open","ping_status":"closed","template":"","meta":{"_acf_changed":false},"product_brand":[],"product_cat":[303,314,301,354],"product_tag":[],"class_list":{"0":"post-50889","1":"product","2":"type-product","3":"status-publish","4":"has-post-thumbnail","6":"product_cat-akcesoria-turystyczne","7":"product_cat-nocowanie-w-naturze","8":"product_cat-sprzet-turystyczny","9":"product_cat-sztucce","11":"first","12":"instock","13":"taxable","14":"shipping-taxable","15":"purchasable","16":"product-type-simple"},"bundled_by":[],"bundle_stock_status":"instock","bundle_stock_quantity":3,"bundle_virtual":false,"bundle_layout":"","bundle_add_to_cart_form_location":"","bundle_editable_in_cart":false,"bundle_sold_individually_context":"","bundle_item_grouping":"","bundle_min_size":"","bundle_max_size":"","bundle_price":[],"bundled_items":[],"bundle_sell_ids":[],"acf":[],"yoast_head":"<!-- This site is optimized with the Yoast SEO plugin v27.3 - https:\/\/yoast.com\/product\/yoast-seo-wordpress\/ -->\n<title>Zestaw naczy\u0144 turystycznych WILDO\u00ae<\/title>\n<meta name=\"description\" content=\"Zestaw naczy\u0144 turystycznych WILDO\u00ae zawiera starannie dobrane, funkcjonalne i \u0142atwe w utrzymaniu naczynia do jedzenia w plenerze. Praktyczny i lekki.\" \/>\n<meta name=\"robots\" content=\"index, follow, max-snippet:-1, max-image-preview:large, max-video-preview:-1\" \/>\n<link rel=\"canonical\" href=\"https:\/\/toidupakk.ee\/pl\/toode\/zestaw-naczyn-turystycznych-wildo\/\" \/>\n<meta property=\"og:locale\" content=\"pl_PL\" \/>\n<meta property=\"og:type\" content=\"article\" \/>\n<meta property=\"og:title\" content=\"Zestaw naczy\u0144 turystycznych WILDO\u00ae\" \/>\n<meta property=\"og:description\" content=\"Zestaw naczy\u0144 turystycznych WILDO\u00ae zawiera starannie dobrane, funkcjonalne i \u0142atwe w utrzymaniu naczynia do jedzenia w plenerze. Praktyczny i lekki.\" \/>\n<meta property=\"og:url\" content=\"https:\/\/toidupakk.ee\/pl\/toode\/zestaw-naczyn-turystycznych-wildo\/\" \/>\n<meta property=\"og:site_name\" content=\"Toidupakk.ee - Tactical Foodpack toidupakid\" \/>\n<meta property=\"article:publisher\" content=\"https:\/\/www.facebook.com\/Toidupakk\" \/>\n<meta property=\"article:modified_time\" content=\"2026-04-29T12:30:11+00:00\" \/>\n<meta property=\"og:image\" content=\"https:\/\/toidupakk.ee\/wp-content\/uploads\/2024\/03\/Matkanoude-komplekt-Wildo-2-1.png\" \/>\n\t<meta property=\"og:image:width\" content=\"800\" \/>\n\t<meta property=\"og:image:height\" content=\"800\" \/>\n\t<meta property=\"og:image:type\" content=\"image\/png\" \/>\n<meta name=\"twitter:card\" content=\"summary_large_image\" \/>\n<meta name=\"twitter:label1\" content=\"Szacowany czas czytania\" \/>\n\t<meta name=\"twitter:data1\" content=\"1 minuta\" \/>\n<script type=\"application\/ld+json\" class=\"yoast-schema-graph\">{\"@context\":\"https:\\\/\\\/schema.org\",\"@graph\":[{\"@type\":\"WebPage\",\"@id\":\"https:\\\/\\\/toidupakk.ee\\\/pl\\\/toode\\\/zestaw-naczyn-turystycznych-wildo\\\/\",\"url\":\"https:\\\/\\\/toidupakk.ee\\\/pl\\\/toode\\\/zestaw-naczyn-turystycznych-wildo\\\/\",\"name\":\"Zestaw naczy\u0144 turystycznych WILDO\u00ae\",\"isPartOf\":{\"@id\":\"https:\\\/\\\/toidupakk.ee\\\/pl\\\/#website\"},\"primaryImageOfPage\":{\"@id\":\"https:\\\/\\\/toidupakk.ee\\\/pl\\\/toode\\\/zestaw-naczyn-turystycznych-wildo\\\/#primaryimage\"},\"image\":{\"@id\":\"https:\\\/\\\/toidupakk.ee\\\/pl\\\/toode\\\/zestaw-naczyn-turystycznych-wildo\\\/#primaryimage\"},\"thumbnailUrl\":\"https:\\\/\\\/toidupakk.ee\\\/wp-content\\\/uploads\\\/2024\\\/03\\\/Matkanoude-komplekt-Wildo-2-1.png\",\"datePublished\":\"2024-03-11T14:22:34+00:00\",\"dateModified\":\"2026-04-29T12:30:11+00:00\",\"description\":\"Zestaw naczy\u0144 turystycznych WILDO\u00ae zawiera starannie dobrane, funkcjonalne i \u0142atwe w utrzymaniu naczynia do jedzenia w plenerze. Praktyczny i lekki.\",\"breadcrumb\":{\"@id\":\"https:\\\/\\\/toidupakk.ee\\\/pl\\\/toode\\\/zestaw-naczyn-turystycznych-wildo\\\/#breadcrumb\"},\"inLanguage\":\"pl-PL\",\"potentialAction\":[{\"@type\":\"ReadAction\",\"target\":[\"https:\\\/\\\/toidupakk.ee\\\/pl\\\/toode\\\/zestaw-naczyn-turystycznych-wildo\\\/\"]}]},{\"@type\":\"ImageObject\",\"inLanguage\":\"pl-PL\",\"@id\":\"https:\\\/\\\/toidupakk.ee\\\/pl\\\/toode\\\/zestaw-naczyn-turystycznych-wildo\\\/#primaryimage\",\"url\":\"https:\\\/\\\/toidupakk.ee\\\/wp-content\\\/uploads\\\/2024\\\/03\\\/Matkanoude-komplekt-Wildo-2-1.png\",\"contentUrl\":\"https:\\\/\\\/toidupakk.ee\\\/wp-content\\\/uploads\\\/2024\\\/03\\\/Matkanoude-komplekt-Wildo-2-1.png\",\"width\":800,\"height\":800,\"caption\":\"wildo matkan\u00f5ude komplekt\"},{\"@type\":\"BreadcrumbList\",\"@id\":\"https:\\\/\\\/toidupakk.ee\\\/pl\\\/toode\\\/zestaw-naczyn-turystycznych-wildo\\\/#breadcrumb\",\"itemListElement\":[{\"@type\":\"ListItem\",\"position\":1,\"name\":\"Avaleht\",\"item\":\"https:\\\/\\\/toidupakk.ee\\\/pl\\\/\"},{\"@type\":\"ListItem\",\"position\":2,\"name\":\"Sklep internetowy\",\"item\":\"https:\\\/\\\/toidupakk.ee\\\/pl\\\/sklep-internetowy\\\/\"},{\"@type\":\"ListItem\",\"position\":3,\"name\":\"Zestaw naczy\u0144 turystycznych WILDO\u00ae\"}]},{\"@type\":\"WebSite\",\"@id\":\"https:\\\/\\\/toidupakk.ee\\\/pl\\\/#website\",\"url\":\"https:\\\/\\\/toidupakk.ee\\\/pl\\\/\",\"name\":\"Toidupakk.ee - Tactical Foodpack toidupakid\",\"description\":\"Tactical Foodpack k\u00fclmkuivatatud toidupakid ja matkaeined\",\"publisher\":{\"@id\":\"https:\\\/\\\/toidupakk.ee\\\/pl\\\/#organization\"},\"potentialAction\":[{\"@type\":\"SearchAction\",\"target\":{\"@type\":\"EntryPoint\",\"urlTemplate\":\"https:\\\/\\\/toidupakk.ee\\\/pl\\\/?s={search_term_string}\"},\"query-input\":{\"@type\":\"PropertyValueSpecification\",\"valueRequired\":true,\"valueName\":\"search_term_string\"}}],\"inLanguage\":\"pl-PL\"},{\"@type\":\"Organization\",\"@id\":\"https:\\\/\\\/toidupakk.ee\\\/pl\\\/#organization\",\"name\":\"Tactical Foodpack matkaeined\",\"url\":\"https:\\\/\\\/toidupakk.ee\\\/pl\\\/\",\"logo\":{\"@type\":\"ImageObject\",\"inLanguage\":\"pl-PL\",\"@id\":\"https:\\\/\\\/toidupakk.ee\\\/pl\\\/#\\\/schema\\\/logo\\\/image\\\/\",\"url\":\"https:\\\/\\\/toidupakk.ee\\\/wp-content\\\/uploads\\\/2022\\\/01\\\/Toidupakk-matkapood-logo-transparent.png\",\"contentUrl\":\"https:\\\/\\\/toidupakk.ee\\\/wp-content\\\/uploads\\\/2022\\\/01\\\/Toidupakk-matkapood-logo-transparent.png\",\"width\":500,\"height\":500,\"caption\":\"Tactical Foodpack matkaeined\"},\"image\":{\"@id\":\"https:\\\/\\\/toidupakk.ee\\\/pl\\\/#\\\/schema\\\/logo\\\/image\\\/\"},\"sameAs\":[\"https:\\\/\\\/www.facebook.com\\\/Toidupakk\",\"https:\\\/\\\/www.instagram.com\\\/toidupakk\\\/\"]}]}<\/script>\n<!-- \/ Yoast SEO plugin. -->","yoast_head_json":{"title":"Zestaw naczy\u0144 turystycznych WILDO\u00ae","description":"Zestaw naczy\u0144 turystycznych WILDO\u00ae zawiera starannie dobrane, funkcjonalne i \u0142atwe w utrzymaniu naczynia do jedzenia w plenerze. Praktyczny i lekki.","robots":{"index":"index","follow":"follow","max-snippet":"max-snippet:-1","max-image-preview":"max-image-preview:large","max-video-preview":"max-video-preview:-1"},"canonical":"https:\/\/toidupakk.ee\/pl\/toode\/zestaw-naczyn-turystycznych-wildo\/","og_locale":"pl_PL","og_type":"article","og_title":"Zestaw naczy\u0144 turystycznych WILDO\u00ae","og_description":"Zestaw naczy\u0144 turystycznych WILDO\u00ae zawiera starannie dobrane, funkcjonalne i \u0142atwe w utrzymaniu naczynia do jedzenia w plenerze. Praktyczny i lekki.","og_url":"https:\/\/toidupakk.ee\/pl\/toode\/zestaw-naczyn-turystycznych-wildo\/","og_site_name":"Toidupakk.ee - Tactical Foodpack toidupakid","article_publisher":"https:\/\/www.facebook.com\/Toidupakk","article_modified_time":"2026-04-29T12:30:11+00:00","og_image":[{"width":800,"height":800,"url":"https:\/\/toidupakk.ee\/wp-content\/uploads\/2024\/03\/Matkanoude-komplekt-Wildo-2-1.png","type":"image\/png"}],"twitter_card":"summary_large_image","twitter_misc":{"Szacowany czas czytania":"1 minuta"},"schema":{"@context":"https:\/\/schema.org","@graph":[{"@type":"WebPage","@id":"https:\/\/toidupakk.ee\/pl\/toode\/zestaw-naczyn-turystycznych-wildo\/","url":"https:\/\/toidupakk.ee\/pl\/toode\/zestaw-naczyn-turystycznych-wildo\/","name":"Zestaw naczy\u0144 turystycznych WILDO\u00ae","isPartOf":{"@id":"https:\/\/toidupakk.ee\/pl\/#website"},"primaryImageOfPage":{"@id":"https:\/\/toidupakk.ee\/pl\/toode\/zestaw-naczyn-turystycznych-wildo\/#primaryimage"},"image":{"@id":"https:\/\/toidupakk.ee\/pl\/toode\/zestaw-naczyn-turystycznych-wildo\/#primaryimage"},"thumbnailUrl":"https:\/\/toidupakk.ee\/wp-content\/uploads\/2024\/03\/Matkanoude-komplekt-Wildo-2-1.png","datePublished":"2024-03-11T14:22:34+00:00","dateModified":"2026-04-29T12:30:11+00:00","description":"Zestaw naczy\u0144 turystycznych WILDO\u00ae zawiera starannie dobrane, funkcjonalne i \u0142atwe w utrzymaniu naczynia do jedzenia w plenerze. Praktyczny i lekki.","breadcrumb":{"@id":"https:\/\/toidupakk.ee\/pl\/toode\/zestaw-naczyn-turystycznych-wildo\/#breadcrumb"},"inLanguage":"pl-PL","potentialAction":[{"@type":"ReadAction","target":["https:\/\/toidupakk.ee\/pl\/toode\/zestaw-naczyn-turystycznych-wildo\/"]}]},{"@type":"ImageObject","inLanguage":"pl-PL","@id":"https:\/\/toidupakk.ee\/pl\/toode\/zestaw-naczyn-turystycznych-wildo\/#primaryimage","url":"https:\/\/toidupakk.ee\/wp-content\/uploads\/2024\/03\/Matkanoude-komplekt-Wildo-2-1.png","contentUrl":"https:\/\/toidupakk.ee\/wp-content\/uploads\/2024\/03\/Matkanoude-komplekt-Wildo-2-1.png","width":800,"height":800,"caption":"wildo matkan\u00f5ude komplekt"},{"@type":"BreadcrumbList","@id":"https:\/\/toidupakk.ee\/pl\/toode\/zestaw-naczyn-turystycznych-wildo\/#breadcrumb","itemListElement":[{"@type":"ListItem","position":1,"name":"Avaleht","item":"https:\/\/toidupakk.ee\/pl\/"},{"@type":"ListItem","position":2,"name":"Sklep internetowy","item":"https:\/\/toidupakk.ee\/pl\/sklep-internetowy\/"},{"@type":"ListItem","position":3,"name":"Zestaw naczy\u0144 turystycznych WILDO\u00ae"}]},{"@type":"WebSite","@id":"https:\/\/toidupakk.ee\/pl\/#website","url":"https:\/\/toidupakk.ee\/pl\/","name":"Toidupakk.ee - Tactical Foodpack toidupakid","description":"Tactical Foodpack k\u00fclmkuivatatud toidupakid ja matkaeined","publisher":{"@id":"https:\/\/toidupakk.ee\/pl\/#organization"},"potentialAction":[{"@type":"SearchAction","target":{"@type":"EntryPoint","urlTemplate":"https:\/\/toidupakk.ee\/pl\/?s={search_term_string}"},"query-input":{"@type":"PropertyValueSpecification","valueRequired":true,"valueName":"search_term_string"}}],"inLanguage":"pl-PL"},{"@type":"Organization","@id":"https:\/\/toidupakk.ee\/pl\/#organization","name":"Tactical Foodpack matkaeined","url":"https:\/\/toidupakk.ee\/pl\/","logo":{"@type":"ImageObject","inLanguage":"pl-PL","@id":"https:\/\/toidupakk.ee\/pl\/#\/schema\/logo\/image\/","url":"https:\/\/toidupakk.ee\/wp-content\/uploads\/2022\/01\/Toidupakk-matkapood-logo-transparent.png","contentUrl":"https:\/\/toidupakk.ee\/wp-content\/uploads\/2022\/01\/Toidupakk-matkapood-logo-transparent.png","width":500,"height":500,"caption":"Tactical Foodpack matkaeined"},"image":{"@id":"https:\/\/toidupakk.ee\/pl\/#\/schema\/logo\/image\/"},"sameAs":["https:\/\/www.facebook.com\/Toidupakk","https:\/\/www.instagram.com\/toidupakk\/"]}]}},"jetpack_sharing_enabled":true,"_links":{"self":[{"href":"https:\/\/toidupakk.ee\/pl\/wp-json\/wp\/v2\/product\/50889","targetHints":{"allow":["GET"]}}],"collection":[{"href":"https:\/\/toidupakk.ee\/pl\/wp-json\/wp\/v2\/product"}],"about":[{"href":"https:\/\/toidupakk.ee\/pl\/wp-json\/wp\/v2\/types\/product"}],"replies":[{"embeddable":true,"href":"https:\/\/toidupakk.ee\/pl\/wp-json\/wp\/v2\/comments?post=50889"}],"wp:featuredmedia":[{"embeddable":true,"href":"https:\/\/toidupakk.ee\/pl\/wp-json\/wp\/v2\/media\/36717"}],"wp:attachment":[{"href":"https:\/\/toidupakk.ee\/pl\/wp-json\/wp\/v2\/media?parent=50889"}],"wp:term":[{"taxonomy":"product_brand","embeddable":true,"href":"https:\/\/toidupakk.ee\/pl\/wp-json\/wp\/v2\/product_brand?post=50889"},{"taxonomy":"product_cat","embeddable":true,"href":"https:\/\/toidupakk.ee\/pl\/wp-json\/wp\/v2\/product_cat?post=50889"},{"taxonomy":"product_tag","embeddable":true,"href":"https:\/\/toidupakk.ee\/pl\/wp-json\/wp\/v2\/product_tag?post=50889"}],"curies":[{"name":"wp","href":"https:\/\/api.w.org\/{rel}","templated":true}]}}