{"id":50880,"date":"2023-10-24T16:33:56","date_gmt":"2023-10-24T13:33:56","guid":{"rendered":"https:\/\/toidupakk.ee\/toode\/rekawice-mysliwskie-softshell-thinsulate\/"},"modified":"2026-04-29T16:32:03","modified_gmt":"2026-04-29T13:32:03","slug":"rekawice-mysliwskie-softshell-thinsulate","status":"publish","type":"product","link":"https:\/\/toidupakk.ee\/pl\/toode\/rekawice-mysliwskie-softshell-thinsulate\/","title":{"rendered":"R\u0119kawice my\u015bliwskie Softshell Thinsulate\u2122"},"content":{"rendered":"<p><img fetchpriority=\"high\" decoding=\"async\" class=\"wp-image-15144 size-thumbnail alignright\" src=\"https:\/\/toidupakk.ee\/wp-content\/uploads\/2023\/10\/8-500x500.png\" alt=\"r\u0119kawice camo\" width=\"500\" height=\"500\" srcset=\"https:\/\/toidupakk.ee\/wp-content\/uploads\/2023\/10\/8-500x500.png 500w, https:\/\/toidupakk.ee\/wp-content\/uploads\/2023\/10\/8-400x400.png 400w, https:\/\/toidupakk.ee\/wp-content\/uploads\/2023\/10\/8-100x100.png 100w, https:\/\/toidupakk.ee\/wp-content\/uploads\/2023\/10\/8-800x800.png 800w, https:\/\/toidupakk.ee\/wp-content\/uploads\/2023\/10\/8-300x300.png 300w, https:\/\/toidupakk.ee\/wp-content\/uploads\/2023\/10\/8-1024x1024.png 1024w, https:\/\/toidupakk.ee\/wp-content\/uploads\/2023\/10\/8-768x768.png 768w, https:\/\/toidupakk.ee\/wp-content\/uploads\/2023\/10\/8.png 1080w\" sizes=\"(max-width: 500px) 100vw, 500px\" \/><\/p>\n<p>R\u0119kawice my\u015bliwskie Softshell Thinsulate\u2122 to wysokiej jako\u015bci r\u0119kawice z materia\u0142u softshell, zaprojektowane z my\u015bl\u0105 o zapewnieniu wyj\u0105tkowego ciep\u0142a i wygody w mro\u017ane dni. Materia\u0142 zewn\u0119trzny sk\u0142ada si\u0119 w 96% z poliestru i w 4% z elastanu, co nadaje r\u0119kawicom elastyczno\u015b\u0107 i trwa\u0142o\u015b\u0107. <\/p>\n<p class=\"my-1 text-base\">Dodatkowo r\u0119kawice posiadaj\u0105 podszewk\u0119 wykonan\u0105 w 100% z poliestru (polar), kt\u00f3ra stanowi mi\u0119kk\u0105 i ocieplaj\u0105c\u0105 warstw\u0119 chroni\u0105c\u0105 d\u0142onie przed zimnem. Zastosowana ocieplina Thinsulate\u2122 (40 g\/m\u00b2) oferuje doskona\u0142\u0105 izolacj\u0119, sprawiaj\u0105c, \u017ce r\u0119kawice s\u0105 bardzo ciep\u0142e nawet w najmro\u017aniejsze dni. <\/p>\n<p>Zobacz wi\u0119cej akcesori\u00f3w turystycznych  <a href=\"https:\/\/toidupakk.ee\/pl\/tootekategooria\/sprzet-turystyczny\/#section-3-79\">TUTAJ<\/a><\/p>\n<p>Znajd\u017a inspiracj\u0119 na kolejne przygody na <a href=\"https:\/\/www.instagram.com\/toidupakk\/\">Instagramie<\/a> i <a href=\"https:\/\/www.facebook.com\/Toidupakk\/\">Facebooku<\/a> Toidupakk.<\/p>\n","protected":false},"excerpt":{"rendered":"<p><strong>R\u0119kawice my\u015bliwskie Softshell Thinsulate\u2122 to ciep\u0142e i wygodne r\u0119kawice z mi\u0119kk\u0105 polarow\u0105 podszewk\u0105 i ocieplin\u0105 Thinsulate\u2122. S\u0105 idealne do u\u017cytku w ch\u0142odniejszych warunkach i gwarantuj\u0105 komfort w ka\u017cdej sytuacji. <\/strong><\/p>\n<ul class=\"my-1 list-decimal pl-6\">\n<li class=\"my-1 text-base\">Materia\u0142 zewn\u0119trzny: 96% poliester, 4% elastan \u2013 zapewnia elastyczno\u015b\u0107 i trwa\u0142o\u015b\u0107.<\/li>\n<li class=\"my-1 text-base\">Podszewka: 100% poliester (polar)<\/li>\n<li class=\"my-1 text-base\">Ocieplina: <strong>Thinsulate\u2122 (40 g\/m\u00b2)<\/strong> \u2013 doskona\u0142a izolacja termiczna.<\/li>\n<li class=\"my-1 text-base\">Wn\u0119trze d\u0142oni: 100% poliuretan \u2013 lepsza przyczepno\u015b\u0107.<\/li>\n<li class=\"my-1 text-base\">Wstawki do ekran\u00f3w dotykowych na palcu \u015brodkowym, wskazuj\u0105cym i kciuku \u2013 pozwalaj\u0105 <strong>korzysta\u0107 z urz\u0105dze\u0144 dotykowych bez zdejmowania r\u0119kawiczek.<\/strong><\/li>\n<li class=\"my-1 text-base\">Mankiety z elastanu \u2013 zapewniaj\u0105 dobre dopasowanie i <strong>zapobiegaj\u0105 przedostawaniu si\u0119 zimnego powietrza<\/strong>.<\/li>\n<\/ul>\n<p>\u2705 Dost\u0119pne w magazynie, szybka dostawa w 1-3 dni robocze<br \/>\n\u2705 BEZP\u0141ATNY zwrot i wymiana, je\u015bli rozmiar nie pasuje<\/p>\n","protected":false},"featured_media":15094,"comment_status":"open","ping_status":"closed","template":"","meta":{"_acf_changed":false},"product_brand":[],"product_cat":[303,319,311,326,376,301],"product_tag":[],"class_list":{"0":"post-50880","1":"product","2":"type-product","3":"status-publish","4":"has-post-thumbnail","6":"product_cat-akcesoria-turystyczne","7":"product_cat-odziez","8":"product_cat-praktyczne-pomysly-na-prezent","9":"product_cat-produkty-zimowe","10":"product_cat-rekawice","11":"product_cat-sprzet-turystyczny","13":"first","14":"instock","15":"taxable","16":"shipping-taxable","17":"purchasable","18":"product-type-variable","19":"has-default-attributes"},"bundled_by":[],"bundle_stock_status":"instock","bundle_stock_quantity":null,"bundle_virtual":false,"bundle_layout":"","bundle_add_to_cart_form_location":"","bundle_editable_in_cart":false,"bundle_sold_individually_context":"","bundle_item_grouping":"","bundle_min_size":"","bundle_max_size":"","bundle_price":[],"bundled_items":[],"bundle_sell_ids":[],"acf":[],"yoast_head":"<!-- This site is optimized with the Yoast SEO plugin v27.3 - https:\/\/yoast.com\/product\/yoast-seo-wordpress\/ -->\n<title>R\u0119kawice my\u015bliwskie Softshell Thinsulate\u2122<\/title>\n<meta name=\"description\" content=\"R\u0119kawice my\u015bliwskie Softshell Thinsulate\u2122 s\u0105 idealne do u\u017cytku w ch\u0142odniejszych warunkach pogodowych, zapewniaj\u0105c d\u0142oniom ochron\u0119 i komfort w ka\u017cdej sytuacji.\" \/>\n<meta name=\"robots\" content=\"index, follow, max-snippet:-1, max-image-preview:large, max-video-preview:-1\" \/>\n<link rel=\"canonical\" href=\"https:\/\/toidupakk.ee\/pl\/toode\/rekawice-mysliwskie-softshell-thinsulate\/\" \/>\n<meta property=\"og:locale\" content=\"pl_PL\" \/>\n<meta property=\"og:type\" content=\"article\" \/>\n<meta property=\"og:title\" content=\"R\u0119kawice my\u015bliwskie Softshell Thinsulate\u2122\" \/>\n<meta property=\"og:description\" content=\"R\u0119kawice my\u015bliwskie Softshell Thinsulate\u2122 s\u0105 idealne do u\u017cytku w ch\u0142odniejszych warunkach pogodowych, zapewniaj\u0105c d\u0142oniom ochron\u0119 i komfort w ka\u017cdej sytuacji.\" \/>\n<meta property=\"og:url\" content=\"https:\/\/toidupakk.ee\/pl\/toode\/rekawice-mysliwskie-softshell-thinsulate\/\" \/>\n<meta property=\"og:site_name\" content=\"Toidupakk.ee - Tactical Foodpack toidupakid\" \/>\n<meta property=\"article:publisher\" content=\"https:\/\/www.facebook.com\/Toidupakk\" \/>\n<meta property=\"article:modified_time\" content=\"2026-04-29T13:32:03+00:00\" \/>\n<meta property=\"og:image\" content=\"https:\/\/toidupakk.ee\/wp-content\/uploads\/2023\/10\/Jahimehe-kindad-Softshell-Thinsulate\u2122.png\" \/>\n\t<meta property=\"og:image:width\" content=\"800\" \/>\n\t<meta property=\"og:image:height\" content=\"800\" \/>\n\t<meta property=\"og:image:type\" content=\"image\/png\" \/>\n<meta name=\"twitter:card\" content=\"summary_large_image\" \/>\n<meta name=\"twitter:label1\" content=\"Szacowany czas czytania\" \/>\n\t<meta name=\"twitter:data1\" content=\"1 minuta\" \/>\n<script type=\"application\/ld+json\" class=\"yoast-schema-graph\">{\"@context\":\"https:\\\/\\\/schema.org\",\"@graph\":[{\"@type\":\"WebPage\",\"@id\":\"https:\\\/\\\/toidupakk.ee\\\/pl\\\/toode\\\/rekawice-mysliwskie-softshell-thinsulate\\\/\",\"url\":\"https:\\\/\\\/toidupakk.ee\\\/pl\\\/toode\\\/rekawice-mysliwskie-softshell-thinsulate\\\/\",\"name\":\"R\u0119kawice my\u015bliwskie Softshell Thinsulate\u2122\",\"isPartOf\":{\"@id\":\"https:\\\/\\\/toidupakk.ee\\\/pl\\\/#website\"},\"primaryImageOfPage\":{\"@id\":\"https:\\\/\\\/toidupakk.ee\\\/pl\\\/toode\\\/rekawice-mysliwskie-softshell-thinsulate\\\/#primaryimage\"},\"image\":{\"@id\":\"https:\\\/\\\/toidupakk.ee\\\/pl\\\/toode\\\/rekawice-mysliwskie-softshell-thinsulate\\\/#primaryimage\"},\"thumbnailUrl\":\"https:\\\/\\\/toidupakk.ee\\\/wp-content\\\/uploads\\\/2023\\\/10\\\/Jahimehe-kindad-Softshell-Thinsulate\u2122.png\",\"datePublished\":\"2023-10-24T13:33:56+00:00\",\"dateModified\":\"2026-04-29T13:32:03+00:00\",\"description\":\"R\u0119kawice my\u015bliwskie Softshell Thinsulate\u2122 s\u0105 idealne do u\u017cytku w ch\u0142odniejszych warunkach pogodowych, zapewniaj\u0105c d\u0142oniom ochron\u0119 i komfort w ka\u017cdej sytuacji.\",\"breadcrumb\":{\"@id\":\"https:\\\/\\\/toidupakk.ee\\\/pl\\\/toode\\\/rekawice-mysliwskie-softshell-thinsulate\\\/#breadcrumb\"},\"inLanguage\":\"pl-PL\",\"potentialAction\":[{\"@type\":\"ReadAction\",\"target\":[\"https:\\\/\\\/toidupakk.ee\\\/pl\\\/toode\\\/rekawice-mysliwskie-softshell-thinsulate\\\/\"]}]},{\"@type\":\"ImageObject\",\"inLanguage\":\"pl-PL\",\"@id\":\"https:\\\/\\\/toidupakk.ee\\\/pl\\\/toode\\\/rekawice-mysliwskie-softshell-thinsulate\\\/#primaryimage\",\"url\":\"https:\\\/\\\/toidupakk.ee\\\/wp-content\\\/uploads\\\/2023\\\/10\\\/Jahimehe-kindad-Softshell-Thinsulate\u2122.png\",\"contentUrl\":\"https:\\\/\\\/toidupakk.ee\\\/wp-content\\\/uploads\\\/2023\\\/10\\\/Jahimehe-kindad-Softshell-Thinsulate\u2122.png\",\"width\":800,\"height\":800,\"caption\":\"Jahimehe kindad Softshell Thinsulate\u2122 111\"},{\"@type\":\"BreadcrumbList\",\"@id\":\"https:\\\/\\\/toidupakk.ee\\\/pl\\\/toode\\\/rekawice-mysliwskie-softshell-thinsulate\\\/#breadcrumb\",\"itemListElement\":[{\"@type\":\"ListItem\",\"position\":1,\"name\":\"Avaleht\",\"item\":\"https:\\\/\\\/toidupakk.ee\\\/pl\\\/\"},{\"@type\":\"ListItem\",\"position\":2,\"name\":\"Sklep internetowy\",\"item\":\"https:\\\/\\\/toidupakk.ee\\\/pl\\\/sklep-internetowy\\\/\"},{\"@type\":\"ListItem\",\"position\":3,\"name\":\"R\u0119kawice my\u015bliwskie Softshell Thinsulate\u2122\"}]},{\"@type\":\"WebSite\",\"@id\":\"https:\\\/\\\/toidupakk.ee\\\/pl\\\/#website\",\"url\":\"https:\\\/\\\/toidupakk.ee\\\/pl\\\/\",\"name\":\"Toidupakk.ee - Tactical Foodpack toidupakid\",\"description\":\"Tactical Foodpack k\u00fclmkuivatatud toidupakid ja matkaeined\",\"publisher\":{\"@id\":\"https:\\\/\\\/toidupakk.ee\\\/pl\\\/#organization\"},\"potentialAction\":[{\"@type\":\"SearchAction\",\"target\":{\"@type\":\"EntryPoint\",\"urlTemplate\":\"https:\\\/\\\/toidupakk.ee\\\/pl\\\/?s={search_term_string}\"},\"query-input\":{\"@type\":\"PropertyValueSpecification\",\"valueRequired\":true,\"valueName\":\"search_term_string\"}}],\"inLanguage\":\"pl-PL\"},{\"@type\":\"Organization\",\"@id\":\"https:\\\/\\\/toidupakk.ee\\\/pl\\\/#organization\",\"name\":\"Tactical Foodpack matkaeined\",\"url\":\"https:\\\/\\\/toidupakk.ee\\\/pl\\\/\",\"logo\":{\"@type\":\"ImageObject\",\"inLanguage\":\"pl-PL\",\"@id\":\"https:\\\/\\\/toidupakk.ee\\\/pl\\\/#\\\/schema\\\/logo\\\/image\\\/\",\"url\":\"https:\\\/\\\/toidupakk.ee\\\/wp-content\\\/uploads\\\/2022\\\/01\\\/Toidupakk-matkapood-logo-transparent.png\",\"contentUrl\":\"https:\\\/\\\/toidupakk.ee\\\/wp-content\\\/uploads\\\/2022\\\/01\\\/Toidupakk-matkapood-logo-transparent.png\",\"width\":500,\"height\":500,\"caption\":\"Tactical Foodpack matkaeined\"},\"image\":{\"@id\":\"https:\\\/\\\/toidupakk.ee\\\/pl\\\/#\\\/schema\\\/logo\\\/image\\\/\"},\"sameAs\":[\"https:\\\/\\\/www.facebook.com\\\/Toidupakk\",\"https:\\\/\\\/www.instagram.com\\\/toidupakk\\\/\"]}]}<\/script>\n<!-- \/ Yoast SEO plugin. -->","yoast_head_json":{"title":"R\u0119kawice my\u015bliwskie Softshell Thinsulate\u2122","description":"R\u0119kawice my\u015bliwskie Softshell Thinsulate\u2122 s\u0105 idealne do u\u017cytku w ch\u0142odniejszych warunkach pogodowych, zapewniaj\u0105c d\u0142oniom ochron\u0119 i komfort w ka\u017cdej sytuacji.","robots":{"index":"index","follow":"follow","max-snippet":"max-snippet:-1","max-image-preview":"max-image-preview:large","max-video-preview":"max-video-preview:-1"},"canonical":"https:\/\/toidupakk.ee\/pl\/toode\/rekawice-mysliwskie-softshell-thinsulate\/","og_locale":"pl_PL","og_type":"article","og_title":"R\u0119kawice my\u015bliwskie Softshell Thinsulate\u2122","og_description":"R\u0119kawice my\u015bliwskie Softshell Thinsulate\u2122 s\u0105 idealne do u\u017cytku w ch\u0142odniejszych warunkach pogodowych, zapewniaj\u0105c d\u0142oniom ochron\u0119 i komfort w ka\u017cdej sytuacji.","og_url":"https:\/\/toidupakk.ee\/pl\/toode\/rekawice-mysliwskie-softshell-thinsulate\/","og_site_name":"Toidupakk.ee - Tactical Foodpack toidupakid","article_publisher":"https:\/\/www.facebook.com\/Toidupakk","article_modified_time":"2026-04-29T13:32:03+00:00","og_image":[{"width":800,"height":800,"url":"https:\/\/toidupakk.ee\/wp-content\/uploads\/2023\/10\/Jahimehe-kindad-Softshell-Thinsulate\u2122.png","type":"image\/png"}],"twitter_card":"summary_large_image","twitter_misc":{"Szacowany czas czytania":"1 minuta"},"schema":{"@context":"https:\/\/schema.org","@graph":[{"@type":"WebPage","@id":"https:\/\/toidupakk.ee\/pl\/toode\/rekawice-mysliwskie-softshell-thinsulate\/","url":"https:\/\/toidupakk.ee\/pl\/toode\/rekawice-mysliwskie-softshell-thinsulate\/","name":"R\u0119kawice my\u015bliwskie Softshell Thinsulate\u2122","isPartOf":{"@id":"https:\/\/toidupakk.ee\/pl\/#website"},"primaryImageOfPage":{"@id":"https:\/\/toidupakk.ee\/pl\/toode\/rekawice-mysliwskie-softshell-thinsulate\/#primaryimage"},"image":{"@id":"https:\/\/toidupakk.ee\/pl\/toode\/rekawice-mysliwskie-softshell-thinsulate\/#primaryimage"},"thumbnailUrl":"https:\/\/toidupakk.ee\/wp-content\/uploads\/2023\/10\/Jahimehe-kindad-Softshell-Thinsulate\u2122.png","datePublished":"2023-10-24T13:33:56+00:00","dateModified":"2026-04-29T13:32:03+00:00","description":"R\u0119kawice my\u015bliwskie Softshell Thinsulate\u2122 s\u0105 idealne do u\u017cytku w ch\u0142odniejszych warunkach pogodowych, zapewniaj\u0105c d\u0142oniom ochron\u0119 i komfort w ka\u017cdej sytuacji.","breadcrumb":{"@id":"https:\/\/toidupakk.ee\/pl\/toode\/rekawice-mysliwskie-softshell-thinsulate\/#breadcrumb"},"inLanguage":"pl-PL","potentialAction":[{"@type":"ReadAction","target":["https:\/\/toidupakk.ee\/pl\/toode\/rekawice-mysliwskie-softshell-thinsulate\/"]}]},{"@type":"ImageObject","inLanguage":"pl-PL","@id":"https:\/\/toidupakk.ee\/pl\/toode\/rekawice-mysliwskie-softshell-thinsulate\/#primaryimage","url":"https:\/\/toidupakk.ee\/wp-content\/uploads\/2023\/10\/Jahimehe-kindad-Softshell-Thinsulate\u2122.png","contentUrl":"https:\/\/toidupakk.ee\/wp-content\/uploads\/2023\/10\/Jahimehe-kindad-Softshell-Thinsulate\u2122.png","width":800,"height":800,"caption":"Jahimehe kindad Softshell Thinsulate\u2122 111"},{"@type":"BreadcrumbList","@id":"https:\/\/toidupakk.ee\/pl\/toode\/rekawice-mysliwskie-softshell-thinsulate\/#breadcrumb","itemListElement":[{"@type":"ListItem","position":1,"name":"Avaleht","item":"https:\/\/toidupakk.ee\/pl\/"},{"@type":"ListItem","position":2,"name":"Sklep internetowy","item":"https:\/\/toidupakk.ee\/pl\/sklep-internetowy\/"},{"@type":"ListItem","position":3,"name":"R\u0119kawice my\u015bliwskie Softshell Thinsulate\u2122"}]},{"@type":"WebSite","@id":"https:\/\/toidupakk.ee\/pl\/#website","url":"https:\/\/toidupakk.ee\/pl\/","name":"Toidupakk.ee - Tactical Foodpack toidupakid","description":"Tactical Foodpack k\u00fclmkuivatatud toidupakid ja matkaeined","publisher":{"@id":"https:\/\/toidupakk.ee\/pl\/#organization"},"potentialAction":[{"@type":"SearchAction","target":{"@type":"EntryPoint","urlTemplate":"https:\/\/toidupakk.ee\/pl\/?s={search_term_string}"},"query-input":{"@type":"PropertyValueSpecification","valueRequired":true,"valueName":"search_term_string"}}],"inLanguage":"pl-PL"},{"@type":"Organization","@id":"https:\/\/toidupakk.ee\/pl\/#organization","name":"Tactical Foodpack matkaeined","url":"https:\/\/toidupakk.ee\/pl\/","logo":{"@type":"ImageObject","inLanguage":"pl-PL","@id":"https:\/\/toidupakk.ee\/pl\/#\/schema\/logo\/image\/","url":"https:\/\/toidupakk.ee\/wp-content\/uploads\/2022\/01\/Toidupakk-matkapood-logo-transparent.png","contentUrl":"https:\/\/toidupakk.ee\/wp-content\/uploads\/2022\/01\/Toidupakk-matkapood-logo-transparent.png","width":500,"height":500,"caption":"Tactical Foodpack matkaeined"},"image":{"@id":"https:\/\/toidupakk.ee\/pl\/#\/schema\/logo\/image\/"},"sameAs":["https:\/\/www.facebook.com\/Toidupakk","https:\/\/www.instagram.com\/toidupakk\/"]}]}},"jetpack_sharing_enabled":true,"_links":{"self":[{"href":"https:\/\/toidupakk.ee\/pl\/wp-json\/wp\/v2\/product\/50880","targetHints":{"allow":["GET"]}}],"collection":[{"href":"https:\/\/toidupakk.ee\/pl\/wp-json\/wp\/v2\/product"}],"about":[{"href":"https:\/\/toidupakk.ee\/pl\/wp-json\/wp\/v2\/types\/product"}],"replies":[{"embeddable":true,"href":"https:\/\/toidupakk.ee\/pl\/wp-json\/wp\/v2\/comments?post=50880"}],"wp:featuredmedia":[{"embeddable":true,"href":"https:\/\/toidupakk.ee\/pl\/wp-json\/wp\/v2\/media\/15094"}],"wp:attachment":[{"href":"https:\/\/toidupakk.ee\/pl\/wp-json\/wp\/v2\/media?parent=50880"}],"wp:term":[{"taxonomy":"product_brand","embeddable":true,"href":"https:\/\/toidupakk.ee\/pl\/wp-json\/wp\/v2\/product_brand?post=50880"},{"taxonomy":"product_cat","embeddable":true,"href":"https:\/\/toidupakk.ee\/pl\/wp-json\/wp\/v2\/product_cat?post=50880"},{"taxonomy":"product_tag","embeddable":true,"href":"https:\/\/toidupakk.ee\/pl\/wp-json\/wp\/v2\/product_tag?post=50880"}],"curies":[{"name":"wp","href":"https:\/\/api.w.org\/{rel}","templated":true}]}}