{"id":50872,"date":"2023-10-24T16:22:06","date_gmt":"2023-10-24T13:22:06","guid":{"rendered":"https:\/\/toidupakk.ee\/toode\/rekawice-zimowe-dark-coyote-army\/"},"modified":"2026-04-15T05:31:36","modified_gmt":"2026-04-15T02:31:36","slug":"rekawice-zimowe-dark-coyote-army","status":"publish","type":"product","link":"https:\/\/toidupakk.ee\/pl\/toode\/rekawice-zimowe-dark-coyote-army\/","title":{"rendered":"R\u0119kawice zimowe Dark Coyote Army"},"content":{"rendered":"<p>Materia\u0142 zewn\u0119trzny r\u0119kawic zimowych Dark Coyote Army to 50% nylonu, 21% elastanu, 20% poliuretanu i 9% neoprenu. Takie po\u0142\u0105czenie zapewnia trwa\u0142o\u015b\u0107 i elastyczno\u015b\u0107. R\u0119kawice wyposa\u017cono w membran\u0119 HiPora\u00ae.  <\/p>\n<p>Wy\u015bci\u00f3\u0142ka wykonana w 100% z poliestru zapewnia wygod\u0119 i ciep\u0142o. Izolacja Thinsulate\u2122 pomaga zatrzyma\u0107 ciep\u0142o, dzi\u0119ki czemu r\u0119kawice idealnie sprawdzaj\u0105 si\u0119 w mro\u017ane dni. <\/p>\n<p>Antypo\u015blizgowe wyko\u0144czenie wn\u0119trza d\u0142oni i opuszk\u00f3w palc\u00f3w gwarantuje pewny chwyt. Dzi\u0119ki temu \u0142atwiej operowa\u0107 przedmiotami bez obawy, \u017ce wy\u015blizgn\u0105 si\u0119 z r\u0105k. <\/p>\n<p><img fetchpriority=\"high\" decoding=\"async\" class=\"alignnone wp-image-15143 size-thumbnail\" src=\"https:\/\/toidupakk.ee\/wp-content\/uploads\/2023\/10\/7-500x500.png\" alt=\"\" width=\"500\" height=\"500\" srcset=\"https:\/\/toidupakk.ee\/wp-content\/uploads\/2023\/10\/7-500x500.png 500w, https:\/\/toidupakk.ee\/wp-content\/uploads\/2023\/10\/7-400x400.png 400w, https:\/\/toidupakk.ee\/wp-content\/uploads\/2023\/10\/7-100x100.png 100w, https:\/\/toidupakk.ee\/wp-content\/uploads\/2023\/10\/7-800x800.png 800w, https:\/\/toidupakk.ee\/wp-content\/uploads\/2023\/10\/7-300x300.png 300w, https:\/\/toidupakk.ee\/wp-content\/uploads\/2023\/10\/7-1024x1024.png 1024w, https:\/\/toidupakk.ee\/wp-content\/uploads\/2023\/10\/7-768x768.png 768w, https:\/\/toidupakk.ee\/wp-content\/uploads\/2023\/10\/7.png 1080w\" sizes=\"(max-width: 500px) 100vw, 500px\" \/><\/p>\n<p>Zobacz wi\u0119cej akcesori\u00f3w turystycznych <a href=\"https:\/\/toidupakk.ee\/pl\/tootekategooria\/sprzet-turystyczny\/#section-3-79\">TUTAJ<\/a><\/p>\n<p>Znajd\u017a inspiracj\u0119 na kolejne przygody na <a href=\"https:\/\/www.instagram.com\/toidupakk\/\">Instagramie<\/a> i <a href=\"https:\/\/www.facebook.com\/Toidupakk\/\">Facebooku<\/a> Toidupakk.<\/p>\n","protected":false},"excerpt":{"rendered":"<p><strong>R\u0119kawice zimowe Dark Coyote Army stworzono specjalnie na zim\u0119, by zapewni\u0107 d\u0142oniom ciep\u0142o i ochron\u0119 przed wilgoci\u0105.<\/strong><\/p>\n<ul class=\"my-1 list-disc pl-4\">\n<li class=\"my-1 text-base\">Materia\u0142 zewn\u0119trzny: 50% nylon, 21% elastan, 20% poliuretan, 9% neopren<\/li>\n<li class=\"my-1 text-base\"><strong>Membrana HiPora\u00ae<\/strong> \u2013 technologia Hipora\u00ae zapewnia wodoodporn\u0105, a zarazem oddychaj\u0105c\u0105 warstw\u0119. To tr\u00f3jwarstwowa mikroporowata membrana, kt\u00f3rej pory s\u0105 na tyle ma\u0142e, by nie przepuszcza\u0107 wody, i na tyle du\u017ce, by odprowadza\u0107 wilgo\u0107. <\/li>\n<li class=\"my-1 text-base\">Wy\u015bci\u00f3\u0142ka: 100% poliester<\/li>\n<li class=\"my-1 text-base\">Wype\u0142nienie: <strong>izolacja Thinsulate\u2122<\/strong><\/li>\n<li class=\"my-1 text-base\">Antypo\u015blizgowe wyko\u0144czenie d\u0142oni i opuszk\u00f3w palc\u00f3w<\/li>\n<\/ul>\n<p>\u2705 Czas dostawy: 1-3 dni robocze<br \/>\n\u2705 BEZP\u0141ATNY zwrot i wymiana<\/p>\n","protected":false},"featured_media":15085,"comment_status":"open","ping_status":"closed","template":"","meta":{"_acf_changed":false},"product_brand":[],"product_cat":[303,319,311,326,376,301],"product_tag":[],"class_list":{"0":"post-50872","1":"product","2":"type-product","3":"status-publish","4":"has-post-thumbnail","6":"product_cat-akcesoria-turystyczne","7":"product_cat-odziez","8":"product_cat-praktyczne-pomysly-na-prezent","9":"product_cat-produkty-zimowe","10":"product_cat-rekawice","11":"product_cat-sprzet-turystyczny","13":"first","14":"instock","15":"taxable","16":"shipping-taxable","17":"purchasable","18":"product-type-variable","19":"has-default-attributes"},"bundled_by":[],"bundle_stock_status":"instock","bundle_stock_quantity":null,"bundle_virtual":false,"bundle_layout":"","bundle_add_to_cart_form_location":"","bundle_editable_in_cart":false,"bundle_sold_individually_context":"","bundle_item_grouping":"","bundle_min_size":"","bundle_max_size":"","bundle_price":[],"bundled_items":[],"bundle_sell_ids":[],"acf":[],"yoast_head":"<!-- This site is optimized with the Yoast SEO plugin v27.3 - https:\/\/yoast.com\/product\/yoast-seo-wordpress\/ -->\n<title>R\u0119kawice zimowe Dark Coyote Army<\/title>\n<meta name=\"description\" content=\"R\u0119kawice zimowe Dark Coyote Army to po\u0142\u0105czenie ciep\u0142a, wodoodporno\u015bci, idealnego dopasowania i doskona\u0142ej przyczepno\u015bci.\" \/>\n<meta name=\"robots\" content=\"index, follow, max-snippet:-1, max-image-preview:large, max-video-preview:-1\" \/>\n<link rel=\"canonical\" href=\"https:\/\/toidupakk.ee\/pl\/toode\/rekawice-zimowe-dark-coyote-army\/\" \/>\n<meta property=\"og:locale\" content=\"pl_PL\" \/>\n<meta property=\"og:type\" content=\"article\" \/>\n<meta property=\"og:title\" content=\"R\u0119kawice zimowe Dark Coyote Army\" \/>\n<meta property=\"og:description\" content=\"R\u0119kawice zimowe Dark Coyote Army to po\u0142\u0105czenie ciep\u0142a, wodoodporno\u015bci, idealnego dopasowania i doskona\u0142ej przyczepno\u015bci.\" \/>\n<meta property=\"og:url\" content=\"https:\/\/toidupakk.ee\/pl\/toode\/rekawice-zimowe-dark-coyote-army\/\" \/>\n<meta property=\"og:site_name\" content=\"Toidupakk.ee - Tactical Foodpack toidupakid\" \/>\n<meta property=\"article:publisher\" content=\"https:\/\/www.facebook.com\/Toidupakk\" \/>\n<meta property=\"article:modified_time\" content=\"2026-04-15T02:31:36+00:00\" \/>\n<meta property=\"og:image\" content=\"https:\/\/toidupakk.ee\/wp-content\/uploads\/2023\/10\/Talvekindad-Dark-Coyote-Army.png\" \/>\n\t<meta property=\"og:image:width\" content=\"800\" \/>\n\t<meta property=\"og:image:height\" content=\"800\" \/>\n\t<meta property=\"og:image:type\" content=\"image\/png\" \/>\n<meta name=\"twitter:card\" content=\"summary_large_image\" \/>\n<meta name=\"twitter:label1\" content=\"Szacowany czas czytania\" \/>\n\t<meta name=\"twitter:data1\" content=\"1 minuta\" \/>\n<script type=\"application\/ld+json\" class=\"yoast-schema-graph\">{\"@context\":\"https:\\\/\\\/schema.org\",\"@graph\":[{\"@type\":\"WebPage\",\"@id\":\"https:\\\/\\\/toidupakk.ee\\\/pl\\\/toode\\\/rekawice-zimowe-dark-coyote-army\\\/\",\"url\":\"https:\\\/\\\/toidupakk.ee\\\/pl\\\/toode\\\/rekawice-zimowe-dark-coyote-army\\\/\",\"name\":\"R\u0119kawice zimowe Dark Coyote Army\",\"isPartOf\":{\"@id\":\"https:\\\/\\\/toidupakk.ee\\\/pl\\\/#website\"},\"primaryImageOfPage\":{\"@id\":\"https:\\\/\\\/toidupakk.ee\\\/pl\\\/toode\\\/rekawice-zimowe-dark-coyote-army\\\/#primaryimage\"},\"image\":{\"@id\":\"https:\\\/\\\/toidupakk.ee\\\/pl\\\/toode\\\/rekawice-zimowe-dark-coyote-army\\\/#primaryimage\"},\"thumbnailUrl\":\"https:\\\/\\\/toidupakk.ee\\\/wp-content\\\/uploads\\\/2023\\\/10\\\/Talvekindad-Dark-Coyote-Army.png\",\"datePublished\":\"2023-10-24T13:22:06+00:00\",\"dateModified\":\"2026-04-15T02:31:36+00:00\",\"description\":\"R\u0119kawice zimowe Dark Coyote Army to po\u0142\u0105czenie ciep\u0142a, wodoodporno\u015bci, idealnego dopasowania i doskona\u0142ej przyczepno\u015bci.\",\"breadcrumb\":{\"@id\":\"https:\\\/\\\/toidupakk.ee\\\/pl\\\/toode\\\/rekawice-zimowe-dark-coyote-army\\\/#breadcrumb\"},\"inLanguage\":\"pl-PL\",\"potentialAction\":[{\"@type\":\"ReadAction\",\"target\":[\"https:\\\/\\\/toidupakk.ee\\\/pl\\\/toode\\\/rekawice-zimowe-dark-coyote-army\\\/\"]}]},{\"@type\":\"ImageObject\",\"inLanguage\":\"pl-PL\",\"@id\":\"https:\\\/\\\/toidupakk.ee\\\/pl\\\/toode\\\/rekawice-zimowe-dark-coyote-army\\\/#primaryimage\",\"url\":\"https:\\\/\\\/toidupakk.ee\\\/wp-content\\\/uploads\\\/2023\\\/10\\\/Talvekindad-Dark-Coyote-Army.png\",\"contentUrl\":\"https:\\\/\\\/toidupakk.ee\\\/wp-content\\\/uploads\\\/2023\\\/10\\\/Talvekindad-Dark-Coyote-Army.png\",\"width\":800,\"height\":800,\"caption\":\"Talvekindad Dark Coyote Army 1\"},{\"@type\":\"BreadcrumbList\",\"@id\":\"https:\\\/\\\/toidupakk.ee\\\/pl\\\/toode\\\/rekawice-zimowe-dark-coyote-army\\\/#breadcrumb\",\"itemListElement\":[{\"@type\":\"ListItem\",\"position\":1,\"name\":\"Avaleht\",\"item\":\"https:\\\/\\\/toidupakk.ee\\\/pl\\\/\"},{\"@type\":\"ListItem\",\"position\":2,\"name\":\"Sklep internetowy\",\"item\":\"https:\\\/\\\/toidupakk.ee\\\/pl\\\/sklep-internetowy\\\/\"},{\"@type\":\"ListItem\",\"position\":3,\"name\":\"R\u0119kawice zimowe Dark Coyote Army\"}]},{\"@type\":\"WebSite\",\"@id\":\"https:\\\/\\\/toidupakk.ee\\\/pl\\\/#website\",\"url\":\"https:\\\/\\\/toidupakk.ee\\\/pl\\\/\",\"name\":\"Toidupakk.ee - Tactical Foodpack toidupakid\",\"description\":\"Tactical Foodpack k\u00fclmkuivatatud toidupakid ja matkaeined\",\"publisher\":{\"@id\":\"https:\\\/\\\/toidupakk.ee\\\/pl\\\/#organization\"},\"potentialAction\":[{\"@type\":\"SearchAction\",\"target\":{\"@type\":\"EntryPoint\",\"urlTemplate\":\"https:\\\/\\\/toidupakk.ee\\\/pl\\\/?s={search_term_string}\"},\"query-input\":{\"@type\":\"PropertyValueSpecification\",\"valueRequired\":true,\"valueName\":\"search_term_string\"}}],\"inLanguage\":\"pl-PL\"},{\"@type\":\"Organization\",\"@id\":\"https:\\\/\\\/toidupakk.ee\\\/pl\\\/#organization\",\"name\":\"Tactical Foodpack matkaeined\",\"url\":\"https:\\\/\\\/toidupakk.ee\\\/pl\\\/\",\"logo\":{\"@type\":\"ImageObject\",\"inLanguage\":\"pl-PL\",\"@id\":\"https:\\\/\\\/toidupakk.ee\\\/pl\\\/#\\\/schema\\\/logo\\\/image\\\/\",\"url\":\"https:\\\/\\\/toidupakk.ee\\\/wp-content\\\/uploads\\\/2022\\\/01\\\/Toidupakk-matkapood-logo-transparent.png\",\"contentUrl\":\"https:\\\/\\\/toidupakk.ee\\\/wp-content\\\/uploads\\\/2022\\\/01\\\/Toidupakk-matkapood-logo-transparent.png\",\"width\":500,\"height\":500,\"caption\":\"Tactical Foodpack matkaeined\"},\"image\":{\"@id\":\"https:\\\/\\\/toidupakk.ee\\\/pl\\\/#\\\/schema\\\/logo\\\/image\\\/\"},\"sameAs\":[\"https:\\\/\\\/www.facebook.com\\\/Toidupakk\",\"https:\\\/\\\/www.instagram.com\\\/toidupakk\\\/\"]}]}<\/script>\n<!-- \/ Yoast SEO plugin. -->","yoast_head_json":{"title":"R\u0119kawice zimowe Dark Coyote Army","description":"R\u0119kawice zimowe Dark Coyote Army to po\u0142\u0105czenie ciep\u0142a, wodoodporno\u015bci, idealnego dopasowania i doskona\u0142ej przyczepno\u015bci.","robots":{"index":"index","follow":"follow","max-snippet":"max-snippet:-1","max-image-preview":"max-image-preview:large","max-video-preview":"max-video-preview:-1"},"canonical":"https:\/\/toidupakk.ee\/pl\/toode\/rekawice-zimowe-dark-coyote-army\/","og_locale":"pl_PL","og_type":"article","og_title":"R\u0119kawice zimowe Dark Coyote Army","og_description":"R\u0119kawice zimowe Dark Coyote Army to po\u0142\u0105czenie ciep\u0142a, wodoodporno\u015bci, idealnego dopasowania i doskona\u0142ej przyczepno\u015bci.","og_url":"https:\/\/toidupakk.ee\/pl\/toode\/rekawice-zimowe-dark-coyote-army\/","og_site_name":"Toidupakk.ee - Tactical Foodpack toidupakid","article_publisher":"https:\/\/www.facebook.com\/Toidupakk","article_modified_time":"2026-04-15T02:31:36+00:00","og_image":[{"width":800,"height":800,"url":"https:\/\/toidupakk.ee\/wp-content\/uploads\/2023\/10\/Talvekindad-Dark-Coyote-Army.png","type":"image\/png"}],"twitter_card":"summary_large_image","twitter_misc":{"Szacowany czas czytania":"1 minuta"},"schema":{"@context":"https:\/\/schema.org","@graph":[{"@type":"WebPage","@id":"https:\/\/toidupakk.ee\/pl\/toode\/rekawice-zimowe-dark-coyote-army\/","url":"https:\/\/toidupakk.ee\/pl\/toode\/rekawice-zimowe-dark-coyote-army\/","name":"R\u0119kawice zimowe Dark Coyote Army","isPartOf":{"@id":"https:\/\/toidupakk.ee\/pl\/#website"},"primaryImageOfPage":{"@id":"https:\/\/toidupakk.ee\/pl\/toode\/rekawice-zimowe-dark-coyote-army\/#primaryimage"},"image":{"@id":"https:\/\/toidupakk.ee\/pl\/toode\/rekawice-zimowe-dark-coyote-army\/#primaryimage"},"thumbnailUrl":"https:\/\/toidupakk.ee\/wp-content\/uploads\/2023\/10\/Talvekindad-Dark-Coyote-Army.png","datePublished":"2023-10-24T13:22:06+00:00","dateModified":"2026-04-15T02:31:36+00:00","description":"R\u0119kawice zimowe Dark Coyote Army to po\u0142\u0105czenie ciep\u0142a, wodoodporno\u015bci, idealnego dopasowania i doskona\u0142ej przyczepno\u015bci.","breadcrumb":{"@id":"https:\/\/toidupakk.ee\/pl\/toode\/rekawice-zimowe-dark-coyote-army\/#breadcrumb"},"inLanguage":"pl-PL","potentialAction":[{"@type":"ReadAction","target":["https:\/\/toidupakk.ee\/pl\/toode\/rekawice-zimowe-dark-coyote-army\/"]}]},{"@type":"ImageObject","inLanguage":"pl-PL","@id":"https:\/\/toidupakk.ee\/pl\/toode\/rekawice-zimowe-dark-coyote-army\/#primaryimage","url":"https:\/\/toidupakk.ee\/wp-content\/uploads\/2023\/10\/Talvekindad-Dark-Coyote-Army.png","contentUrl":"https:\/\/toidupakk.ee\/wp-content\/uploads\/2023\/10\/Talvekindad-Dark-Coyote-Army.png","width":800,"height":800,"caption":"Talvekindad Dark Coyote Army 1"},{"@type":"BreadcrumbList","@id":"https:\/\/toidupakk.ee\/pl\/toode\/rekawice-zimowe-dark-coyote-army\/#breadcrumb","itemListElement":[{"@type":"ListItem","position":1,"name":"Avaleht","item":"https:\/\/toidupakk.ee\/pl\/"},{"@type":"ListItem","position":2,"name":"Sklep internetowy","item":"https:\/\/toidupakk.ee\/pl\/sklep-internetowy\/"},{"@type":"ListItem","position":3,"name":"R\u0119kawice zimowe Dark Coyote Army"}]},{"@type":"WebSite","@id":"https:\/\/toidupakk.ee\/pl\/#website","url":"https:\/\/toidupakk.ee\/pl\/","name":"Toidupakk.ee - Tactical Foodpack toidupakid","description":"Tactical Foodpack k\u00fclmkuivatatud toidupakid ja matkaeined","publisher":{"@id":"https:\/\/toidupakk.ee\/pl\/#organization"},"potentialAction":[{"@type":"SearchAction","target":{"@type":"EntryPoint","urlTemplate":"https:\/\/toidupakk.ee\/pl\/?s={search_term_string}"},"query-input":{"@type":"PropertyValueSpecification","valueRequired":true,"valueName":"search_term_string"}}],"inLanguage":"pl-PL"},{"@type":"Organization","@id":"https:\/\/toidupakk.ee\/pl\/#organization","name":"Tactical Foodpack matkaeined","url":"https:\/\/toidupakk.ee\/pl\/","logo":{"@type":"ImageObject","inLanguage":"pl-PL","@id":"https:\/\/toidupakk.ee\/pl\/#\/schema\/logo\/image\/","url":"https:\/\/toidupakk.ee\/wp-content\/uploads\/2022\/01\/Toidupakk-matkapood-logo-transparent.png","contentUrl":"https:\/\/toidupakk.ee\/wp-content\/uploads\/2022\/01\/Toidupakk-matkapood-logo-transparent.png","width":500,"height":500,"caption":"Tactical Foodpack matkaeined"},"image":{"@id":"https:\/\/toidupakk.ee\/pl\/#\/schema\/logo\/image\/"},"sameAs":["https:\/\/www.facebook.com\/Toidupakk","https:\/\/www.instagram.com\/toidupakk\/"]}]}},"jetpack_sharing_enabled":true,"_links":{"self":[{"href":"https:\/\/toidupakk.ee\/pl\/wp-json\/wp\/v2\/product\/50872","targetHints":{"allow":["GET"]}}],"collection":[{"href":"https:\/\/toidupakk.ee\/pl\/wp-json\/wp\/v2\/product"}],"about":[{"href":"https:\/\/toidupakk.ee\/pl\/wp-json\/wp\/v2\/types\/product"}],"replies":[{"embeddable":true,"href":"https:\/\/toidupakk.ee\/pl\/wp-json\/wp\/v2\/comments?post=50872"}],"wp:featuredmedia":[{"embeddable":true,"href":"https:\/\/toidupakk.ee\/pl\/wp-json\/wp\/v2\/media\/15085"}],"wp:attachment":[{"href":"https:\/\/toidupakk.ee\/pl\/wp-json\/wp\/v2\/media?parent=50872"}],"wp:term":[{"taxonomy":"product_brand","embeddable":true,"href":"https:\/\/toidupakk.ee\/pl\/wp-json\/wp\/v2\/product_brand?post=50872"},{"taxonomy":"product_cat","embeddable":true,"href":"https:\/\/toidupakk.ee\/pl\/wp-json\/wp\/v2\/product_cat?post=50872"},{"taxonomy":"product_tag","embeddable":true,"href":"https:\/\/toidupakk.ee\/pl\/wp-json\/wp\/v2\/product_tag?post=50872"}],"curies":[{"name":"wp","href":"https:\/\/api.w.org\/{rel}","templated":true}]}}