{"id":50871,"date":"2024-03-20T14:50:14","date_gmt":"2024-03-20T12:50:14","guid":{"rendered":"https:\/\/toidupakk.ee\/toode\/raczki-na-buty\/"},"modified":"2026-04-15T02:01:29","modified_gmt":"2026-04-14T23:01:29","slug":"raczki-na-buty","status":"publish","type":"product","link":"https:\/\/toidupakk.ee\/pl\/toode\/raczki-na-buty\/","title":{"rendered":"Raczki na buty"},"content":{"rendered":"<h1><img fetchpriority=\"high\" decoding=\"async\" class=\"alignright wp-image-21402 size-thumbnail\" style=\"font-size: 16px; font-weight: 400;\" src=\"https:\/\/toidupakk.ee\/wp-content\/uploads\/2024\/03\/Jaanaelad-saabastele-7-500x500.png\" alt=\"\" width=\"500\" height=\"500\" srcset=\"https:\/\/toidupakk.ee\/wp-content\/uploads\/2024\/03\/Jaanaelad-saabastele-7-500x500.png 500w, https:\/\/toidupakk.ee\/wp-content\/uploads\/2024\/03\/Jaanaelad-saabastele-7-400x400.png 400w, https:\/\/toidupakk.ee\/wp-content\/uploads\/2024\/03\/Jaanaelad-saabastele-7-100x100.png 100w, https:\/\/toidupakk.ee\/wp-content\/uploads\/2024\/03\/Jaanaelad-saabastele-7-300x300.png 300w, https:\/\/toidupakk.ee\/wp-content\/uploads\/2024\/03\/Jaanaelad-saabastele-7-768x768.png 768w, https:\/\/toidupakk.ee\/wp-content\/uploads\/2024\/03\/Jaanaelad-saabastele-7.png 800w\" sizes=\"(max-width: 500px) 100vw, 500px\" \/><\/h1>\n<h1>Raczki na buty to niezb\u0119dne akcesorium na sezon zimowy<\/h1>\n<p>Raczki na buty, zwane r\u00f3wnie\u017c nak\u0142adkami, to zimowe akcesorium do obuwia. Pomagaj\u0105 zapobiega\u0107 po\u015blizgni\u0119ciom na lodzie i niebezpiecznym upadkom.  <strong>Szczeg\u00f3lnie polecane osobom starszym o wolniejszym czasie reakcji.<\/strong>  Oczywi\u015bcie tak\u017ce dla mieszka\u0144c\u00f3w obszar\u00f3w wiejskich, kt\u00f3rzy cz\u0119\u015bciej maj\u0105 do czynienia z oblodzonymi drogami. Raczki <strong>zapewni\u0105 ci bezpiecze\u0144stwo<\/strong> nawet na ubitym \u015bniegu, kt\u00f3ry w pewnych warunkach mo\u017ce sta\u0107 si\u0119 bardzo \u015bliski. <\/p>\n<p>Nak\u0142adki wykonano z <strong>wytrzyma\u0142ego termoplastycznego<\/strong> tworzywa gumowego ze <strong>stalowymi kolcami<\/strong>, kt\u00f3re wgryzaj\u0105 si\u0119 w l\u00f3d i \u015bnieg, zapewniaj\u0105c lepsz\u0105 przyczepno\u015b\u0107.<\/p>\n<p>&nbsp;<\/p>\n<p>Raczki zak\u0142ada si\u0119 na przedni\u0105 cz\u0119\u015b\u0107 buta kolcami do do\u0142u. Pod podeszw\u0105 powstaje strefa antypo\u015blizgowa. Przy wyborze nak\u0142adek wybierz odpowiedni zakres rozmiar\u00f3w dla swojego numeru buta. Raczki posiadaj\u0105 zapi\u0119cie na pasek, co czyni je uniwersalnymi \u2013 <strong>jeden rozmiar pasuje na ka\u017cdego<\/strong>. Pasuj\u0105 do praktycznie wszystkich rodzaj\u00f3w obuwia: but\u00f3w zimowych, kaloszy, but\u00f3w trekkingowych, a nawet sportowych. S\u0105 <strong>\u0142atwe w zak\u0142adaniu i zdejmowaniu<\/strong>. Mo\u017cesz je szybko za\u0142o\u017cy\u0107 przed domem i r\u00f3wnie szybko zdj\u0105\u0107 po dotarciu do celu, chowaj\u0105c do kieszeni lub torby. S\u0105 te\u017c <strong>na tyle ma\u0142e, \u017ce zmieszcz\u0105 si\u0119 w kieszeni kurtki.<\/strong>      <\/p>\n<p><img decoding=\"async\" class=\"alignnone wp-image-21399 size-thumbnail\" src=\"https:\/\/toidupakk.ee\/wp-content\/uploads\/2024\/03\/Jaanaelad-saabastele-4-500x500.png\" alt=\"\" width=\"500\" height=\"500\" srcset=\"https:\/\/toidupakk.ee\/wp-content\/uploads\/2024\/03\/Jaanaelad-saabastele-4-500x500.png 500w, https:\/\/toidupakk.ee\/wp-content\/uploads\/2024\/03\/Jaanaelad-saabastele-4-400x400.png 400w, https:\/\/toidupakk.ee\/wp-content\/uploads\/2024\/03\/Jaanaelad-saabastele-4-100x100.png 100w, https:\/\/toidupakk.ee\/wp-content\/uploads\/2024\/03\/Jaanaelad-saabastele-4-300x300.png 300w, https:\/\/toidupakk.ee\/wp-content\/uploads\/2024\/03\/Jaanaelad-saabastele-4-768x768.png 768w, https:\/\/toidupakk.ee\/wp-content\/uploads\/2024\/03\/Jaanaelad-saabastele-4.png 800w\" sizes=\"(max-width: 500px) 100vw, 500px\" \/><\/p>\n<p>Raczki s\u0105 idealne dla os\u00f3b starszych lub z ograniczon\u0105 sprawno\u015bci\u0105 ruchow\u0105, kt\u00f3re mog\u0105 by\u0107 szczeg\u00f3lnie nara\u017cone na po\u015blizgni\u0119cia i upadki.<\/p>\n<p>Je\u015bli chcesz unikn\u0105\u0107 po\u015blizgni\u0119\u0107 i upadk\u00f3w zim\u0105, zdecydowanie warto rozwa\u017cy\u0107 u\u017cycie raczk\u00f3w lub nak\u0142adek antypo\u015blizgowych.<\/p>\n<p><strong>UWAGA!<\/strong>  W pomieszczeniach pami\u0119taj o zdj\u0119ciu nak\u0142adek. Na twardych powierzchniach wewn\u0105trz budynk\u00f3w mo\u017ce by\u0107 w nich \u015blisko, a kolce mog\u0105 uszkodzi\u0107 pod\u0142og\u0119. <\/p>\n<p>&nbsp;<\/p>\n<h2>Instrukcja obs\u0142ugi raczk\u00f3w<\/h2>\n<ul>\n<li>Podeszwa buta musi by\u0107 wolna od b\u0142ota i innych zanieczyszcze\u0144<\/li>\n<li>Otw\u00f3rz zapi\u0119cie raczk\u00f3w<\/li>\n<li>Umie\u015b\u0107 raczek na przedniej cz\u0119\u015bci buta kolcami do do\u0142u<\/li>\n<li>Zapnij mocno wok\u00f3\u0142 buta<\/li>\n<li>Po przej\u015bciu kilku krok\u00f3w mo\u017ce by\u0107 konieczne doci\u0105gni\u0119cie pask\u00f3w<\/li>\n<\/ul>\n<p>&nbsp;<\/p>\n<p>Zobacz wszystkie przek\u0105ski <a href=\"\/?product_cat=snakk#section-3-79\">TUTAJ<\/a><\/p>\n<p>Zobacz sprz\u0119t turystyczny <a href=\"https:\/\/toidupakk.ee\/pl\/tootekategooria\/sprzet-turystyczny\/#section-3-79\">TUTAJ<\/a><\/p>\n<p>Znajd\u017a inspiracj\u0119 na kolejne przygody na <a href=\"https:\/\/www.instagram.com\/toidupakk\/\">Instagramie<\/a> i <a href=\"https:\/\/www.facebook.com\/Toidupakk\/\">Facebooku<\/a> Toidupakk.<\/p>\n","protected":false},"excerpt":{"rendered":"<p><strong>Raczki na buty, zwane te\u017c nak\u0142adkami, to zimowe akcesorium do obuwia. Pomagaj\u0105 zapobiega\u0107 po\u015blizgni\u0119ciom na lodzie i niebezpiecznym upadkom. Szczeg\u00f3lnie polecane osobom starszym o wolniejszym czasie reakcji. Raczki zapewni\u0105 ci bezpiecze\u0144stwo, by\u015b m\u00f3g\u0142 st\u0105pa\u0107 pewniej!    <\/strong><\/p>\n<ul>\n<li>Raczki na buty <strong>pomagaj\u0105 zapobiega\u0107 urazom spowodowanym \u015blisko\u015bci\u0105<\/strong><\/li>\n<li><strong>Zadbaj o siebie lub swoich bliskich i pom\u00f3\u017c zapobiec po\u015blizgni\u0119ciom na lodzie<\/strong><\/li>\n<li>Pasuj\u0105 do <strong>wszystkich but\u00f3w<\/strong><\/li>\n<li><strong>\u0141atwe w zak\u0142adaniu<\/strong> i zdejmowaniu<\/li>\n<li>Uniwersalny rozmiar \u2013 pasuje na ka\u017cdego<\/li>\n<li>Mocne zapi\u0119cia na paski<\/li>\n<li><strong>Mieszcz\u0105 si\u0119 w kieszeni<\/strong><\/li>\n<li><strong>Przyczepno\u015b\u0107 360\u00b0 tak\u017ce w kierunku bocznym<\/strong><\/li>\n<li>Materia\u0142y: stalowe kolce i odporne na temperatur\u0119 elastyczne tworzywo gumowe<\/li>\n<li><strong>W zestawie znajdziesz 2 szt.<\/strong>, czyli jedn\u0105 par\u0119<\/li>\n<\/ul>\n<p>\u2705 Dost\u0119pne w magazynie, szybka dostawa w 1\u20133 dni robocze<\/p>\n","protected":false},"featured_media":21396,"comment_status":"open","ping_status":"closed","template":"","meta":{"_acf_changed":false},"product_brand":[],"product_cat":[303,327,329,384,311,326,301],"product_tag":[],"class_list":{"0":"post-50871","1":"product","2":"type-product","3":"status-publish","4":"has-post-thumbnail","6":"product_cat-akcesoria-turystyczne","7":"product_cat-buty-turystyczne","8":"product_cat-buty-zimowe","9":"product_cat-podeszwy-antyposlizgowe","10":"product_cat-praktyczne-pomysly-na-prezent","11":"product_cat-produkty-zimowe","12":"product_cat-sprzet-turystyczny","14":"first","15":"instock","16":"taxable","17":"shipping-taxable","18":"purchasable","19":"product-type-simple"},"bundled_by":[],"bundle_stock_status":"instock","bundle_stock_quantity":28,"bundle_virtual":false,"bundle_layout":"","bundle_add_to_cart_form_location":"","bundle_editable_in_cart":false,"bundle_sold_individually_context":"","bundle_item_grouping":"","bundle_min_size":"","bundle_max_size":"","bundle_price":[],"bundled_items":[],"bundle_sell_ids":[],"acf":[],"yoast_head":"<!-- This site is optimized with the Yoast SEO plugin v27.3 - https:\/\/yoast.com\/product\/yoast-seo-wordpress\/ -->\n<title>Raczki na buty<\/title>\n<meta name=\"description\" content=\"Raczki na buty, czyli nak\u0142adki antypo\u015blizgowe, pomagaj\u0105 zapobiega\u0107 niebezpiecznym upadkom. Pasuj\u0105 do ka\u017cdego obuwia, s\u0105 \u0142atwe w monta\u017cu i maj\u0105 uniwersalny rozmiar.\" \/>\n<meta name=\"robots\" content=\"index, follow, max-snippet:-1, max-image-preview:large, max-video-preview:-1\" \/>\n<link rel=\"canonical\" href=\"https:\/\/toidupakk.ee\/pl\/toode\/raczki-na-buty\/\" \/>\n<meta property=\"og:locale\" content=\"pl_PL\" \/>\n<meta property=\"og:type\" content=\"article\" \/>\n<meta property=\"og:title\" content=\"Raczki na buty\" \/>\n<meta property=\"og:description\" content=\"Raczki na buty, czyli nak\u0142adki antypo\u015blizgowe, pomagaj\u0105 zapobiega\u0107 niebezpiecznym upadkom. Pasuj\u0105 do ka\u017cdego obuwia, s\u0105 \u0142atwe w monta\u017cu i maj\u0105 uniwersalny rozmiar.\" \/>\n<meta property=\"og:url\" content=\"https:\/\/toidupakk.ee\/pl\/toode\/raczki-na-buty\/\" \/>\n<meta property=\"og:site_name\" content=\"Toidupakk.ee - Tactical Foodpack toidupakid\" \/>\n<meta property=\"article:publisher\" content=\"https:\/\/www.facebook.com\/Toidupakk\" \/>\n<meta property=\"article:modified_time\" content=\"2026-04-14T23:01:29+00:00\" \/>\n<meta property=\"og:image\" content=\"https:\/\/toidupakk.ee\/wp-content\/uploads\/2024\/03\/Jaanaelad-saabastele-1.png\" \/>\n\t<meta property=\"og:image:width\" content=\"800\" \/>\n\t<meta property=\"og:image:height\" content=\"800\" \/>\n\t<meta property=\"og:image:type\" content=\"image\/png\" \/>\n<meta name=\"twitter:card\" content=\"summary_large_image\" \/>\n<meta name=\"twitter:label1\" content=\"Szacowany czas czytania\" \/>\n\t<meta name=\"twitter:data1\" content=\"2 minuty\" \/>\n<script type=\"application\/ld+json\" class=\"yoast-schema-graph\">{\"@context\":\"https:\\\/\\\/schema.org\",\"@graph\":[{\"@type\":\"WebPage\",\"@id\":\"https:\\\/\\\/toidupakk.ee\\\/pl\\\/toode\\\/raczki-na-buty\\\/\",\"url\":\"https:\\\/\\\/toidupakk.ee\\\/pl\\\/toode\\\/raczki-na-buty\\\/\",\"name\":\"Raczki na buty\",\"isPartOf\":{\"@id\":\"https:\\\/\\\/toidupakk.ee\\\/pl\\\/#website\"},\"primaryImageOfPage\":{\"@id\":\"https:\\\/\\\/toidupakk.ee\\\/pl\\\/toode\\\/raczki-na-buty\\\/#primaryimage\"},\"image\":{\"@id\":\"https:\\\/\\\/toidupakk.ee\\\/pl\\\/toode\\\/raczki-na-buty\\\/#primaryimage\"},\"thumbnailUrl\":\"https:\\\/\\\/toidupakk.ee\\\/wp-content\\\/uploads\\\/2024\\\/03\\\/Jaanaelad-saabastele-1.png\",\"datePublished\":\"2024-03-20T12:50:14+00:00\",\"dateModified\":\"2026-04-14T23:01:29+00:00\",\"description\":\"Raczki na buty, czyli nak\u0142adki antypo\u015blizgowe, pomagaj\u0105 zapobiega\u0107 niebezpiecznym upadkom. Pasuj\u0105 do ka\u017cdego obuwia, s\u0105 \u0142atwe w monta\u017cu i maj\u0105 uniwersalny rozmiar.\",\"breadcrumb\":{\"@id\":\"https:\\\/\\\/toidupakk.ee\\\/pl\\\/toode\\\/raczki-na-buty\\\/#breadcrumb\"},\"inLanguage\":\"pl-PL\",\"potentialAction\":[{\"@type\":\"ReadAction\",\"target\":[\"https:\\\/\\\/toidupakk.ee\\\/pl\\\/toode\\\/raczki-na-buty\\\/\"]}]},{\"@type\":\"ImageObject\",\"inLanguage\":\"pl-PL\",\"@id\":\"https:\\\/\\\/toidupakk.ee\\\/pl\\\/toode\\\/raczki-na-buty\\\/#primaryimage\",\"url\":\"https:\\\/\\\/toidupakk.ee\\\/wp-content\\\/uploads\\\/2024\\\/03\\\/Jaanaelad-saabastele-1.png\",\"contentUrl\":\"https:\\\/\\\/toidupakk.ee\\\/wp-content\\\/uploads\\\/2024\\\/03\\\/Jaanaelad-saabastele-1.png\",\"width\":800,\"height\":800,\"caption\":\"j\u00e4\u00e4naelad saabaste all\"},{\"@type\":\"BreadcrumbList\",\"@id\":\"https:\\\/\\\/toidupakk.ee\\\/pl\\\/toode\\\/raczki-na-buty\\\/#breadcrumb\",\"itemListElement\":[{\"@type\":\"ListItem\",\"position\":1,\"name\":\"Avaleht\",\"item\":\"https:\\\/\\\/toidupakk.ee\\\/pl\\\/\"},{\"@type\":\"ListItem\",\"position\":2,\"name\":\"Sklep internetowy\",\"item\":\"https:\\\/\\\/toidupakk.ee\\\/pl\\\/sklep-internetowy\\\/\"},{\"@type\":\"ListItem\",\"position\":3,\"name\":\"Raczki na buty\"}]},{\"@type\":\"WebSite\",\"@id\":\"https:\\\/\\\/toidupakk.ee\\\/pl\\\/#website\",\"url\":\"https:\\\/\\\/toidupakk.ee\\\/pl\\\/\",\"name\":\"Toidupakk.ee - Tactical Foodpack toidupakid\",\"description\":\"Tactical Foodpack k\u00fclmkuivatatud toidupakid ja matkaeined\",\"publisher\":{\"@id\":\"https:\\\/\\\/toidupakk.ee\\\/pl\\\/#organization\"},\"potentialAction\":[{\"@type\":\"SearchAction\",\"target\":{\"@type\":\"EntryPoint\",\"urlTemplate\":\"https:\\\/\\\/toidupakk.ee\\\/pl\\\/?s={search_term_string}\"},\"query-input\":{\"@type\":\"PropertyValueSpecification\",\"valueRequired\":true,\"valueName\":\"search_term_string\"}}],\"inLanguage\":\"pl-PL\"},{\"@type\":\"Organization\",\"@id\":\"https:\\\/\\\/toidupakk.ee\\\/pl\\\/#organization\",\"name\":\"Tactical Foodpack matkaeined\",\"url\":\"https:\\\/\\\/toidupakk.ee\\\/pl\\\/\",\"logo\":{\"@type\":\"ImageObject\",\"inLanguage\":\"pl-PL\",\"@id\":\"https:\\\/\\\/toidupakk.ee\\\/pl\\\/#\\\/schema\\\/logo\\\/image\\\/\",\"url\":\"https:\\\/\\\/toidupakk.ee\\\/wp-content\\\/uploads\\\/2022\\\/01\\\/Toidupakk-matkapood-logo-transparent.png\",\"contentUrl\":\"https:\\\/\\\/toidupakk.ee\\\/wp-content\\\/uploads\\\/2022\\\/01\\\/Toidupakk-matkapood-logo-transparent.png\",\"width\":500,\"height\":500,\"caption\":\"Tactical Foodpack matkaeined\"},\"image\":{\"@id\":\"https:\\\/\\\/toidupakk.ee\\\/pl\\\/#\\\/schema\\\/logo\\\/image\\\/\"},\"sameAs\":[\"https:\\\/\\\/www.facebook.com\\\/Toidupakk\",\"https:\\\/\\\/www.instagram.com\\\/toidupakk\\\/\"]}]}<\/script>\n<!-- \/ Yoast SEO plugin. -->","yoast_head_json":{"title":"Raczki na buty","description":"Raczki na buty, czyli nak\u0142adki antypo\u015blizgowe, pomagaj\u0105 zapobiega\u0107 niebezpiecznym upadkom. Pasuj\u0105 do ka\u017cdego obuwia, s\u0105 \u0142atwe w monta\u017cu i maj\u0105 uniwersalny rozmiar.","robots":{"index":"index","follow":"follow","max-snippet":"max-snippet:-1","max-image-preview":"max-image-preview:large","max-video-preview":"max-video-preview:-1"},"canonical":"https:\/\/toidupakk.ee\/pl\/toode\/raczki-na-buty\/","og_locale":"pl_PL","og_type":"article","og_title":"Raczki na buty","og_description":"Raczki na buty, czyli nak\u0142adki antypo\u015blizgowe, pomagaj\u0105 zapobiega\u0107 niebezpiecznym upadkom. Pasuj\u0105 do ka\u017cdego obuwia, s\u0105 \u0142atwe w monta\u017cu i maj\u0105 uniwersalny rozmiar.","og_url":"https:\/\/toidupakk.ee\/pl\/toode\/raczki-na-buty\/","og_site_name":"Toidupakk.ee - Tactical Foodpack toidupakid","article_publisher":"https:\/\/www.facebook.com\/Toidupakk","article_modified_time":"2026-04-14T23:01:29+00:00","og_image":[{"width":800,"height":800,"url":"https:\/\/toidupakk.ee\/wp-content\/uploads\/2024\/03\/Jaanaelad-saabastele-1.png","type":"image\/png"}],"twitter_card":"summary_large_image","twitter_misc":{"Szacowany czas czytania":"2 minuty"},"schema":{"@context":"https:\/\/schema.org","@graph":[{"@type":"WebPage","@id":"https:\/\/toidupakk.ee\/pl\/toode\/raczki-na-buty\/","url":"https:\/\/toidupakk.ee\/pl\/toode\/raczki-na-buty\/","name":"Raczki na buty","isPartOf":{"@id":"https:\/\/toidupakk.ee\/pl\/#website"},"primaryImageOfPage":{"@id":"https:\/\/toidupakk.ee\/pl\/toode\/raczki-na-buty\/#primaryimage"},"image":{"@id":"https:\/\/toidupakk.ee\/pl\/toode\/raczki-na-buty\/#primaryimage"},"thumbnailUrl":"https:\/\/toidupakk.ee\/wp-content\/uploads\/2024\/03\/Jaanaelad-saabastele-1.png","datePublished":"2024-03-20T12:50:14+00:00","dateModified":"2026-04-14T23:01:29+00:00","description":"Raczki na buty, czyli nak\u0142adki antypo\u015blizgowe, pomagaj\u0105 zapobiega\u0107 niebezpiecznym upadkom. Pasuj\u0105 do ka\u017cdego obuwia, s\u0105 \u0142atwe w monta\u017cu i maj\u0105 uniwersalny rozmiar.","breadcrumb":{"@id":"https:\/\/toidupakk.ee\/pl\/toode\/raczki-na-buty\/#breadcrumb"},"inLanguage":"pl-PL","potentialAction":[{"@type":"ReadAction","target":["https:\/\/toidupakk.ee\/pl\/toode\/raczki-na-buty\/"]}]},{"@type":"ImageObject","inLanguage":"pl-PL","@id":"https:\/\/toidupakk.ee\/pl\/toode\/raczki-na-buty\/#primaryimage","url":"https:\/\/toidupakk.ee\/wp-content\/uploads\/2024\/03\/Jaanaelad-saabastele-1.png","contentUrl":"https:\/\/toidupakk.ee\/wp-content\/uploads\/2024\/03\/Jaanaelad-saabastele-1.png","width":800,"height":800,"caption":"j\u00e4\u00e4naelad saabaste all"},{"@type":"BreadcrumbList","@id":"https:\/\/toidupakk.ee\/pl\/toode\/raczki-na-buty\/#breadcrumb","itemListElement":[{"@type":"ListItem","position":1,"name":"Avaleht","item":"https:\/\/toidupakk.ee\/pl\/"},{"@type":"ListItem","position":2,"name":"Sklep internetowy","item":"https:\/\/toidupakk.ee\/pl\/sklep-internetowy\/"},{"@type":"ListItem","position":3,"name":"Raczki na buty"}]},{"@type":"WebSite","@id":"https:\/\/toidupakk.ee\/pl\/#website","url":"https:\/\/toidupakk.ee\/pl\/","name":"Toidupakk.ee - Tactical Foodpack toidupakid","description":"Tactical Foodpack k\u00fclmkuivatatud toidupakid ja matkaeined","publisher":{"@id":"https:\/\/toidupakk.ee\/pl\/#organization"},"potentialAction":[{"@type":"SearchAction","target":{"@type":"EntryPoint","urlTemplate":"https:\/\/toidupakk.ee\/pl\/?s={search_term_string}"},"query-input":{"@type":"PropertyValueSpecification","valueRequired":true,"valueName":"search_term_string"}}],"inLanguage":"pl-PL"},{"@type":"Organization","@id":"https:\/\/toidupakk.ee\/pl\/#organization","name":"Tactical Foodpack matkaeined","url":"https:\/\/toidupakk.ee\/pl\/","logo":{"@type":"ImageObject","inLanguage":"pl-PL","@id":"https:\/\/toidupakk.ee\/pl\/#\/schema\/logo\/image\/","url":"https:\/\/toidupakk.ee\/wp-content\/uploads\/2022\/01\/Toidupakk-matkapood-logo-transparent.png","contentUrl":"https:\/\/toidupakk.ee\/wp-content\/uploads\/2022\/01\/Toidupakk-matkapood-logo-transparent.png","width":500,"height":500,"caption":"Tactical Foodpack matkaeined"},"image":{"@id":"https:\/\/toidupakk.ee\/pl\/#\/schema\/logo\/image\/"},"sameAs":["https:\/\/www.facebook.com\/Toidupakk","https:\/\/www.instagram.com\/toidupakk\/"]}]}},"jetpack_sharing_enabled":true,"_links":{"self":[{"href":"https:\/\/toidupakk.ee\/pl\/wp-json\/wp\/v2\/product\/50871","targetHints":{"allow":["GET"]}}],"collection":[{"href":"https:\/\/toidupakk.ee\/pl\/wp-json\/wp\/v2\/product"}],"about":[{"href":"https:\/\/toidupakk.ee\/pl\/wp-json\/wp\/v2\/types\/product"}],"replies":[{"embeddable":true,"href":"https:\/\/toidupakk.ee\/pl\/wp-json\/wp\/v2\/comments?post=50871"}],"wp:featuredmedia":[{"embeddable":true,"href":"https:\/\/toidupakk.ee\/pl\/wp-json\/wp\/v2\/media\/21396"}],"wp:attachment":[{"href":"https:\/\/toidupakk.ee\/pl\/wp-json\/wp\/v2\/media?parent=50871"}],"wp:term":[{"taxonomy":"product_brand","embeddable":true,"href":"https:\/\/toidupakk.ee\/pl\/wp-json\/wp\/v2\/product_brand?post=50871"},{"taxonomy":"product_cat","embeddable":true,"href":"https:\/\/toidupakk.ee\/pl\/wp-json\/wp\/v2\/product_cat?post=50871"},{"taxonomy":"product_tag","embeddable":true,"href":"https:\/\/toidupakk.ee\/pl\/wp-json\/wp\/v2\/product_tag?post=50871"}],"curies":[{"name":"wp","href":"https:\/\/api.w.org\/{rel}","templated":true}]}}