{"id":50856,"date":"2023-10-19T13:02:24","date_gmt":"2023-10-19T10:02:24","guid":{"rendered":"https:\/\/toidupakk.ee\/toode\/buty-na-mrozy-arctic-snow\/"},"modified":"2026-04-29T15:31:56","modified_gmt":"2026-04-29T12:31:56","slug":"buty-na-mrozy-arctic-snow","status":"publish","type":"product","link":"https:\/\/toidupakk.ee\/pl\/toode\/buty-na-mrozy-arctic-snow\/","title":{"rendered":"Buty na mrozy Arctic Snow"},"content":{"rendered":"<h1><img fetchpriority=\"high\" decoding=\"async\" class=\"alignright wp-image-15002 size-thumbnail\" src=\"https:\/\/toidupakk.ee\/wp-content\/uploads\/2023\/10\/Kulma-ilma-saapad-Arctic-Snow-500x500.png\" alt=\"\" width=\"500\" height=\"500\" srcset=\"https:\/\/toidupakk.ee\/wp-content\/uploads\/2023\/10\/Kulma-ilma-saapad-Arctic-Snow-500x500.png 500w, https:\/\/toidupakk.ee\/wp-content\/uploads\/2023\/10\/Kulma-ilma-saapad-Arctic-Snow-400x400.png 400w, https:\/\/toidupakk.ee\/wp-content\/uploads\/2023\/10\/Kulma-ilma-saapad-Arctic-Snow-100x100.png 100w, https:\/\/toidupakk.ee\/wp-content\/uploads\/2023\/10\/Kulma-ilma-saapad-Arctic-Snow-300x300.png 300w, https:\/\/toidupakk.ee\/wp-content\/uploads\/2023\/10\/Kulma-ilma-saapad-Arctic-Snow-768x768.png 768w, https:\/\/toidupakk.ee\/wp-content\/uploads\/2023\/10\/Kulma-ilma-saapad-Arctic-Snow.png 800w\" sizes=\"(max-width: 500px) 100vw, 500px\" \/>Buty na mrozy Arctic Snow<\/h1>\n<p>Lekkie buty zimowe zaprojektowane na mro\u017ane dni. Wyposa\u017cone w specjaln\u0105 podeszw\u0119 z polimeru (TPE) o w\u0142a\u015bciwo\u015bciach antypo\u015blizgowych, doskona\u0142ej elastyczno\u015bci i przyczepno\u015bci w niskich temperaturach. Buty Arctic Snow s\u0105 przeznaczone do u\u017cytku zim\u0105, gdy temperatury spadaj\u0105 poni\u017cej zera. Wewn\u0105trz znajduje si\u0119 wielowarstwowa, wyjmowana wk\u0142adka ocieplona materia\u0142em THINSULATE\u2122.   <\/p>\n<p><img decoding=\"async\" class=\"alignnone wp-image-5113 size-medium\" src=\"https:\/\/toidupakk.ee\/wp-content\/uploads\/2023\/01\/3M-Thinsulate-insulation-300x122.png\" alt=\"Izolacja 3M Thinsulate\" width=\"300\" height=\"122\" srcset=\"https:\/\/toidupakk.ee\/wp-content\/uploads\/2023\/01\/3M-Thinsulate-insulation-300x122.png 300w, https:\/\/toidupakk.ee\/wp-content\/uploads\/2023\/01\/3M-Thinsulate-insulation.png 639w\" sizes=\"(max-width: 300px) 100vw, 300px\" \/><\/p>\n<p><strong>Materia\u0142y:<\/strong><\/p>\n<p>Materia\u0142 zewn\u0119trzny: 100% poliester<br \/>\nWy\u015bci\u00f3\u0142ka: 100% poliester (pianka) + izolacja Thinsulate\u2122<br \/>\nPodeszwa: 100% guma termoplastyczna<\/p>\n<p>Buty posiadaj\u0105 dwa regulowane paski, kt\u00f3re pozwalaj\u0105 dopasowa\u0107 je do kszta\u0142tu stopy. Jako izolacj\u0119 zastosowano ceniony materia\u0142 Thinsulate\u2122, kt\u00f3ry \u015bwietnie zatrzymuje ciep\u0142o, nawet gdy temperatura na zewn\u0105trz spada do -30\u00b0C. <\/p>\n<p>Buty zimowe na mro\u017an\u0105 pogod\u0119. Wysoko\u015b\u0107 cholewki: 35 cm. <\/p>\n<table class=\"tg\" style=\"border-collapse: collapse; border-spacing: 0;\">\n<thead>\n<tr>\n<th style=\"font-family: Arial, sans-serif; font-size: 14px; font-weight: normal; overflow: hidden; padding: 10px 5px; text-align: center; vertical-align: top; word-break: normal; border: 1px solid inherit;\">Rozmiar<\/th>\n<th style=\"font-family: Arial, sans-serif; font-size: 14px; font-weight: normal; overflow: hidden; padding: 10px 5px; text-align: center; vertical-align: top; word-break: normal; border: 1px solid inherit;\">D\u0142ugo\u015b\u0107 wk\u0142adki (cm)<\/th>\n<\/tr>\n<\/thead>\n<tbody>\n<tr>\n<td style=\"font-family: Arial, sans-serif; font-size: 14px; overflow: hidden; padding: 10px 5px; text-align: center; vertical-align: top; word-break: normal; border: 1px solid inherit;\">37<\/td>\n<td style=\"font-family: Arial, sans-serif; font-size: 14px; overflow: hidden; padding: 10px 5px; text-align: center; vertical-align: top; word-break: normal; border: 1px solid inherit;\">23,5<\/td>\n<\/tr>\n<tr>\n<td style=\"font-family: Arial, sans-serif; font-size: 14px; overflow: hidden; padding: 10px 5px; text-align: center; vertical-align: top; word-break: normal; border: 1px solid inherit;\">38<\/td>\n<td style=\"font-family: Arial, sans-serif; font-size: 14px; overflow: hidden; padding: 10px 5px; text-align: center; vertical-align: top; word-break: normal; border: 1px solid inherit;\">24,5<\/td>\n<\/tr>\n<tr>\n<td style=\"font-family: Arial, sans-serif; font-size: 14px; overflow: hidden; padding: 10px 5px; text-align: center; vertical-align: top; word-break: normal; border: 1px solid inherit;\">39<\/td>\n<td style=\"font-family: Arial, sans-serif; font-size: 14px; overflow: hidden; padding: 10px 5px; text-align: center; vertical-align: top; word-break: normal; border: 1px solid inherit;\">25<\/td>\n<\/tr>\n<tr>\n<td style=\"font-family: Arial, sans-serif; font-size: 14px; overflow: hidden; padding: 10px 5px; text-align: center; vertical-align: top; word-break: normal; border: 1px solid inherit;\">40<\/td>\n<td style=\"font-family: Arial, sans-serif; font-size: 14px; overflow: hidden; padding: 10px 5px; text-align: center; vertical-align: top; word-break: normal; border: 1px solid inherit;\">25,5<\/td>\n<\/tr>\n<tr>\n<td style=\"font-family: Arial, sans-serif; font-size: 14px; overflow: hidden; padding: 10px 5px; text-align: center; vertical-align: top; word-break: normal; border: 1px solid inherit;\">41<\/td>\n<td style=\"font-family: Arial, sans-serif; font-size: 14px; overflow: hidden; padding: 10px 5px; text-align: center; vertical-align: top; word-break: normal; border: 1px solid inherit;\">26,5<\/td>\n<\/tr>\n<tr>\n<td style=\"font-family: Arial, sans-serif; font-size: 14px; overflow: hidden; padding: 10px 5px; text-align: center; vertical-align: top; word-break: normal; border: 1px solid inherit;\">42<\/td>\n<td style=\"font-family: Arial, sans-serif; font-size: 14px; overflow: hidden; padding: 10px 5px; text-align: center; vertical-align: top; word-break: normal; border: 1px solid inherit;\">27<\/td>\n<\/tr>\n<tr>\n<td style=\"font-family: Arial, sans-serif; font-size: 14px; overflow: hidden; padding: 10px 5px; text-align: center; vertical-align: top; word-break: normal; border: 1px solid inherit;\">43<\/td>\n<td style=\"font-family: Arial, sans-serif; font-size: 14px; overflow: hidden; padding: 10px 5px; text-align: center; vertical-align: top; word-break: normal; border: 1px solid inherit;\">27,5<\/td>\n<\/tr>\n<tr>\n<td style=\"font-family: Arial, sans-serif; font-size: 14px; overflow: hidden; padding: 10px 5px; text-align: center; vertical-align: top; word-break: normal; border: 1px solid inherit;\">44<\/td>\n<td style=\"font-family: Arial, sans-serif; font-size: 14px; overflow: hidden; padding: 10px 5px; text-align: center; vertical-align: top; word-break: normal; border: 1px solid inherit;\">28,5<\/td>\n<\/tr>\n<tr>\n<td style=\"font-family: Arial, sans-serif; font-size: 14px; overflow: hidden; padding: 10px 5px; text-align: center; vertical-align: top; word-break: normal; border: 1px solid inherit;\">45<\/td>\n<td style=\"font-family: Arial, sans-serif; font-size: 14px; overflow: hidden; padding: 10px 5px; text-align: center; vertical-align: top; word-break: normal; border: 1px solid inherit;\">29<\/td>\n<\/tr>\n<tr>\n<td style=\"font-family: Arial, sans-serif; font-size: 14px; overflow: hidden; padding: 10px 5px; text-align: center; vertical-align: top; word-break: normal; border: 1px solid inherit;\">46<\/td>\n<td style=\"font-family: Arial, sans-serif; font-size: 14px; overflow: hidden; padding: 10px 5px; text-align: center; vertical-align: top; word-break: normal; border: 1px solid inherit;\">29,5<\/td>\n<\/tr>\n<tr>\n<td style=\"font-family: Arial, sans-serif; font-size: 14px; overflow: hidden; padding: 10px 5px; text-align: center; vertical-align: top; word-break: normal; border: 1px solid inherit;\">47<\/td>\n<td style=\"font-family: Arial, sans-serif; font-size: 14px; overflow: hidden; padding: 10px 5px; text-align: center; vertical-align: top; word-break: normal; border: 1px solid inherit;\">30,5<\/td>\n<\/tr>\n<tr>\n<td style=\"font-family: Arial, sans-serif; font-size: 14px; overflow: hidden; padding: 10px 5px; text-align: center; vertical-align: top; word-break: normal; border: 1px solid inherit;\">48<\/td>\n<td style=\"font-family: Arial, sans-serif; font-size: 14px; overflow: hidden; padding: 10px 5px; text-align: center; vertical-align: top; word-break: normal; border: 1px solid inherit;\">31<\/td>\n<\/tr>\n<\/tbody>\n<\/table>\n<p>&nbsp;<\/p>\n<p>&nbsp;<\/p>\n","protected":false},"excerpt":{"rendered":"<ul>\n<li>Buty zimowe na ekstremalne mrozy. Arctic Snow \u015bwietnie sprawdz\u0105 si\u0119 w \u015bnie\u017cnych warunkach i niskich temperaturach, gdy musisz d\u0142ugo przebywa\u0107 na zewn\u0105trz. Idealne na polowanie, w\u0119dkarstwo podlodowe czy do pracy w terenie.  <\/li>\n<li>Buty zimowe posiadaj\u0105 <strong>podw\u00f3jn\u0105 wy\u015bci\u00f3\u0142k\u0119 Thinsulate\u00ae<\/strong>, pokryt\u0105 od zewn\u0105trz specjalnym materia\u0142em izolacyjnym odbijaj\u0105cym zimno. Cienka <strong>warstwa aluminium pomaga utrzyma\u0107 przyjemne ciep\u0142o st\u00f3p<\/strong>. Dodatkowa wy\u015bci\u00f3\u0142ka jest \u0142atwa w piel\u0119gnacji \u2013 mo\u017cna j\u0105 wyj\u0105\u0107.  <\/li>\n<li>Podeszwa but\u00f3w zimowych wykonana jest z mrozoodpornej gumy, kt\u00f3ra pozostaje mi\u0119kka nawet przy du\u017cym mrozie, zapewniaj\u0105c <strong>doskona\u0142\u0105 przyczepno\u015b\u0107<\/strong> do pod\u0142o\u017ca.<\/li>\n<li><strong>Regulowane paski<\/strong> s\u0105 niezawodne i pozwalaj\u0105 precyzyjnie dopasowa\u0107 but do stopy.<\/li>\n<\/ul>\n<p>\u2705 Dost\u0119pne w magazynie, szybka dostawa w 1-3 dni robocze<br \/>\n\u2705 BEZP\u0141ATNY zwrot i wymiana, je\u015bli rozmiar nie pasuje<br \/>\n\u2705 Kup teraz, zap\u0142a\u0107 p\u00f3\u017aniej (oprocentowanie 0%)<\/p>\n","protected":false},"featured_media":15002,"comment_status":"open","ping_status":"closed","template":"","meta":{"_acf_changed":false},"product_brand":[],"product_cat":[303,327,329,328,311,326,301],"product_tag":[],"class_list":{"0":"post-50856","1":"product","2":"type-product","3":"status-publish","4":"has-post-thumbnail","6":"product_cat-akcesoria-turystyczne","7":"product_cat-buty-turystyczne","8":"product_cat-buty-zimowe","9":"product_cat-obuwie","10":"product_cat-praktyczne-pomysly-na-prezent","11":"product_cat-produkty-zimowe","12":"product_cat-sprzet-turystyczny","14":"first","15":"instock","16":"sale","17":"taxable","18":"shipping-taxable","19":"purchasable","20":"product-type-variable","21":"has-default-attributes"},"bundled_by":[],"bundle_stock_status":"instock","bundle_stock_quantity":null,"bundle_virtual":false,"bundle_layout":"","bundle_add_to_cart_form_location":"","bundle_editable_in_cart":false,"bundle_sold_individually_context":"","bundle_item_grouping":"","bundle_min_size":"","bundle_max_size":"","bundle_price":[],"bundled_items":[],"bundle_sell_ids":[],"acf":[],"yoast_head":"<!-- This site is optimized with the Yoast SEO plugin v27.3 - https:\/\/yoast.com\/product\/yoast-seo-wordpress\/ -->\n<title>Buty na mrozy Arctic Snow<\/title>\n<meta name=\"description\" content=\"Buty na mrozy Arctic Snow z podw\u00f3jn\u0105 wy\u015bci\u00f3\u0142k\u0105 Thinsulate i warstw\u0105 aluminium odbijaj\u0105c\u0105 zimno. Do u\u017cytku na zewn\u0105trz podczas siarczystych mroz\u00f3w.\" \/>\n<meta name=\"robots\" content=\"index, follow, max-snippet:-1, max-image-preview:large, max-video-preview:-1\" \/>\n<link rel=\"canonical\" href=\"https:\/\/toidupakk.ee\/pl\/toode\/buty-na-mrozy-arctic-snow\/\" \/>\n<meta property=\"og:locale\" content=\"pl_PL\" \/>\n<meta property=\"og:type\" content=\"article\" \/>\n<meta property=\"og:title\" content=\"Buty na mrozy Arctic Snow\" \/>\n<meta property=\"og:description\" content=\"Buty na mrozy Arctic Snow z podw\u00f3jn\u0105 wy\u015bci\u00f3\u0142k\u0105 Thinsulate i warstw\u0105 aluminium odbijaj\u0105c\u0105 zimno. Do u\u017cytku na zewn\u0105trz podczas siarczystych mroz\u00f3w.\" \/>\n<meta property=\"og:url\" content=\"https:\/\/toidupakk.ee\/pl\/toode\/buty-na-mrozy-arctic-snow\/\" \/>\n<meta property=\"og:site_name\" content=\"Toidupakk.ee - Tactical Foodpack toidupakid\" \/>\n<meta property=\"article:publisher\" content=\"https:\/\/www.facebook.com\/Toidupakk\" \/>\n<meta property=\"article:modified_time\" content=\"2026-04-29T12:31:56+00:00\" \/>\n<meta property=\"og:image\" content=\"https:\/\/toidupakk.ee\/wp-content\/uploads\/2023\/10\/Kulma-ilma-saapad-Arctic-Snow.png\" \/>\n\t<meta property=\"og:image:width\" content=\"800\" \/>\n\t<meta property=\"og:image:height\" content=\"800\" \/>\n\t<meta property=\"og:image:type\" content=\"image\/png\" \/>\n<meta name=\"twitter:card\" content=\"summary_large_image\" \/>\n<meta name=\"twitter:label1\" content=\"Szacowany czas czytania\" \/>\n\t<meta name=\"twitter:data1\" content=\"1 minuta\" \/>\n<script type=\"application\/ld+json\" class=\"yoast-schema-graph\">{\"@context\":\"https:\\\/\\\/schema.org\",\"@graph\":[{\"@type\":\"WebPage\",\"@id\":\"https:\\\/\\\/toidupakk.ee\\\/pl\\\/toode\\\/buty-na-mrozy-arctic-snow\\\/\",\"url\":\"https:\\\/\\\/toidupakk.ee\\\/pl\\\/toode\\\/buty-na-mrozy-arctic-snow\\\/\",\"name\":\"Buty na mrozy Arctic Snow\",\"isPartOf\":{\"@id\":\"https:\\\/\\\/toidupakk.ee\\\/pl\\\/#website\"},\"primaryImageOfPage\":{\"@id\":\"https:\\\/\\\/toidupakk.ee\\\/pl\\\/toode\\\/buty-na-mrozy-arctic-snow\\\/#primaryimage\"},\"image\":{\"@id\":\"https:\\\/\\\/toidupakk.ee\\\/pl\\\/toode\\\/buty-na-mrozy-arctic-snow\\\/#primaryimage\"},\"thumbnailUrl\":\"https:\\\/\\\/toidupakk.ee\\\/wp-content\\\/uploads\\\/2023\\\/10\\\/Kulma-ilma-saapad-Arctic-Snow.png\",\"datePublished\":\"2023-10-19T10:02:24+00:00\",\"dateModified\":\"2026-04-29T12:31:56+00:00\",\"description\":\"Buty na mrozy Arctic Snow z podw\u00f3jn\u0105 wy\u015bci\u00f3\u0142k\u0105 Thinsulate i warstw\u0105 aluminium odbijaj\u0105c\u0105 zimno. Do u\u017cytku na zewn\u0105trz podczas siarczystych mroz\u00f3w.\",\"breadcrumb\":{\"@id\":\"https:\\\/\\\/toidupakk.ee\\\/pl\\\/toode\\\/buty-na-mrozy-arctic-snow\\\/#breadcrumb\"},\"inLanguage\":\"pl-PL\",\"potentialAction\":[{\"@type\":\"ReadAction\",\"target\":[\"https:\\\/\\\/toidupakk.ee\\\/pl\\\/toode\\\/buty-na-mrozy-arctic-snow\\\/\"]}]},{\"@type\":\"ImageObject\",\"inLanguage\":\"pl-PL\",\"@id\":\"https:\\\/\\\/toidupakk.ee\\\/pl\\\/toode\\\/buty-na-mrozy-arctic-snow\\\/#primaryimage\",\"url\":\"https:\\\/\\\/toidupakk.ee\\\/wp-content\\\/uploads\\\/2023\\\/10\\\/Kulma-ilma-saapad-Arctic-Snow.png\",\"contentUrl\":\"https:\\\/\\\/toidupakk.ee\\\/wp-content\\\/uploads\\\/2023\\\/10\\\/Kulma-ilma-saapad-Arctic-Snow.png\",\"width\":800,\"height\":800},{\"@type\":\"BreadcrumbList\",\"@id\":\"https:\\\/\\\/toidupakk.ee\\\/pl\\\/toode\\\/buty-na-mrozy-arctic-snow\\\/#breadcrumb\",\"itemListElement\":[{\"@type\":\"ListItem\",\"position\":1,\"name\":\"Avaleht\",\"item\":\"https:\\\/\\\/toidupakk.ee\\\/pl\\\/\"},{\"@type\":\"ListItem\",\"position\":2,\"name\":\"Sklep internetowy\",\"item\":\"https:\\\/\\\/toidupakk.ee\\\/pl\\\/sklep-internetowy\\\/\"},{\"@type\":\"ListItem\",\"position\":3,\"name\":\"Buty na mrozy Arctic Snow\"}]},{\"@type\":\"WebSite\",\"@id\":\"https:\\\/\\\/toidupakk.ee\\\/pl\\\/#website\",\"url\":\"https:\\\/\\\/toidupakk.ee\\\/pl\\\/\",\"name\":\"Toidupakk.ee - Tactical Foodpack toidupakid\",\"description\":\"Tactical Foodpack k\u00fclmkuivatatud toidupakid ja matkaeined\",\"publisher\":{\"@id\":\"https:\\\/\\\/toidupakk.ee\\\/pl\\\/#organization\"},\"potentialAction\":[{\"@type\":\"SearchAction\",\"target\":{\"@type\":\"EntryPoint\",\"urlTemplate\":\"https:\\\/\\\/toidupakk.ee\\\/pl\\\/?s={search_term_string}\"},\"query-input\":{\"@type\":\"PropertyValueSpecification\",\"valueRequired\":true,\"valueName\":\"search_term_string\"}}],\"inLanguage\":\"pl-PL\"},{\"@type\":\"Organization\",\"@id\":\"https:\\\/\\\/toidupakk.ee\\\/pl\\\/#organization\",\"name\":\"Tactical Foodpack matkaeined\",\"url\":\"https:\\\/\\\/toidupakk.ee\\\/pl\\\/\",\"logo\":{\"@type\":\"ImageObject\",\"inLanguage\":\"pl-PL\",\"@id\":\"https:\\\/\\\/toidupakk.ee\\\/pl\\\/#\\\/schema\\\/logo\\\/image\\\/\",\"url\":\"https:\\\/\\\/toidupakk.ee\\\/wp-content\\\/uploads\\\/2022\\\/01\\\/Toidupakk-matkapood-logo-transparent.png\",\"contentUrl\":\"https:\\\/\\\/toidupakk.ee\\\/wp-content\\\/uploads\\\/2022\\\/01\\\/Toidupakk-matkapood-logo-transparent.png\",\"width\":500,\"height\":500,\"caption\":\"Tactical Foodpack matkaeined\"},\"image\":{\"@id\":\"https:\\\/\\\/toidupakk.ee\\\/pl\\\/#\\\/schema\\\/logo\\\/image\\\/\"},\"sameAs\":[\"https:\\\/\\\/www.facebook.com\\\/Toidupakk\",\"https:\\\/\\\/www.instagram.com\\\/toidupakk\\\/\"]}]}<\/script>\n<!-- \/ Yoast SEO plugin. -->","yoast_head_json":{"title":"Buty na mrozy Arctic Snow","description":"Buty na mrozy Arctic Snow z podw\u00f3jn\u0105 wy\u015bci\u00f3\u0142k\u0105 Thinsulate i warstw\u0105 aluminium odbijaj\u0105c\u0105 zimno. Do u\u017cytku na zewn\u0105trz podczas siarczystych mroz\u00f3w.","robots":{"index":"index","follow":"follow","max-snippet":"max-snippet:-1","max-image-preview":"max-image-preview:large","max-video-preview":"max-video-preview:-1"},"canonical":"https:\/\/toidupakk.ee\/pl\/toode\/buty-na-mrozy-arctic-snow\/","og_locale":"pl_PL","og_type":"article","og_title":"Buty na mrozy Arctic Snow","og_description":"Buty na mrozy Arctic Snow z podw\u00f3jn\u0105 wy\u015bci\u00f3\u0142k\u0105 Thinsulate i warstw\u0105 aluminium odbijaj\u0105c\u0105 zimno. Do u\u017cytku na zewn\u0105trz podczas siarczystych mroz\u00f3w.","og_url":"https:\/\/toidupakk.ee\/pl\/toode\/buty-na-mrozy-arctic-snow\/","og_site_name":"Toidupakk.ee - Tactical Foodpack toidupakid","article_publisher":"https:\/\/www.facebook.com\/Toidupakk","article_modified_time":"2026-04-29T12:31:56+00:00","og_image":[{"width":800,"height":800,"url":"https:\/\/toidupakk.ee\/wp-content\/uploads\/2023\/10\/Kulma-ilma-saapad-Arctic-Snow.png","type":"image\/png"}],"twitter_card":"summary_large_image","twitter_misc":{"Szacowany czas czytania":"1 minuta"},"schema":{"@context":"https:\/\/schema.org","@graph":[{"@type":"WebPage","@id":"https:\/\/toidupakk.ee\/pl\/toode\/buty-na-mrozy-arctic-snow\/","url":"https:\/\/toidupakk.ee\/pl\/toode\/buty-na-mrozy-arctic-snow\/","name":"Buty na mrozy Arctic Snow","isPartOf":{"@id":"https:\/\/toidupakk.ee\/pl\/#website"},"primaryImageOfPage":{"@id":"https:\/\/toidupakk.ee\/pl\/toode\/buty-na-mrozy-arctic-snow\/#primaryimage"},"image":{"@id":"https:\/\/toidupakk.ee\/pl\/toode\/buty-na-mrozy-arctic-snow\/#primaryimage"},"thumbnailUrl":"https:\/\/toidupakk.ee\/wp-content\/uploads\/2023\/10\/Kulma-ilma-saapad-Arctic-Snow.png","datePublished":"2023-10-19T10:02:24+00:00","dateModified":"2026-04-29T12:31:56+00:00","description":"Buty na mrozy Arctic Snow z podw\u00f3jn\u0105 wy\u015bci\u00f3\u0142k\u0105 Thinsulate i warstw\u0105 aluminium odbijaj\u0105c\u0105 zimno. Do u\u017cytku na zewn\u0105trz podczas siarczystych mroz\u00f3w.","breadcrumb":{"@id":"https:\/\/toidupakk.ee\/pl\/toode\/buty-na-mrozy-arctic-snow\/#breadcrumb"},"inLanguage":"pl-PL","potentialAction":[{"@type":"ReadAction","target":["https:\/\/toidupakk.ee\/pl\/toode\/buty-na-mrozy-arctic-snow\/"]}]},{"@type":"ImageObject","inLanguage":"pl-PL","@id":"https:\/\/toidupakk.ee\/pl\/toode\/buty-na-mrozy-arctic-snow\/#primaryimage","url":"https:\/\/toidupakk.ee\/wp-content\/uploads\/2023\/10\/Kulma-ilma-saapad-Arctic-Snow.png","contentUrl":"https:\/\/toidupakk.ee\/wp-content\/uploads\/2023\/10\/Kulma-ilma-saapad-Arctic-Snow.png","width":800,"height":800},{"@type":"BreadcrumbList","@id":"https:\/\/toidupakk.ee\/pl\/toode\/buty-na-mrozy-arctic-snow\/#breadcrumb","itemListElement":[{"@type":"ListItem","position":1,"name":"Avaleht","item":"https:\/\/toidupakk.ee\/pl\/"},{"@type":"ListItem","position":2,"name":"Sklep internetowy","item":"https:\/\/toidupakk.ee\/pl\/sklep-internetowy\/"},{"@type":"ListItem","position":3,"name":"Buty na mrozy Arctic Snow"}]},{"@type":"WebSite","@id":"https:\/\/toidupakk.ee\/pl\/#website","url":"https:\/\/toidupakk.ee\/pl\/","name":"Toidupakk.ee - Tactical Foodpack toidupakid","description":"Tactical Foodpack k\u00fclmkuivatatud toidupakid ja matkaeined","publisher":{"@id":"https:\/\/toidupakk.ee\/pl\/#organization"},"potentialAction":[{"@type":"SearchAction","target":{"@type":"EntryPoint","urlTemplate":"https:\/\/toidupakk.ee\/pl\/?s={search_term_string}"},"query-input":{"@type":"PropertyValueSpecification","valueRequired":true,"valueName":"search_term_string"}}],"inLanguage":"pl-PL"},{"@type":"Organization","@id":"https:\/\/toidupakk.ee\/pl\/#organization","name":"Tactical Foodpack matkaeined","url":"https:\/\/toidupakk.ee\/pl\/","logo":{"@type":"ImageObject","inLanguage":"pl-PL","@id":"https:\/\/toidupakk.ee\/pl\/#\/schema\/logo\/image\/","url":"https:\/\/toidupakk.ee\/wp-content\/uploads\/2022\/01\/Toidupakk-matkapood-logo-transparent.png","contentUrl":"https:\/\/toidupakk.ee\/wp-content\/uploads\/2022\/01\/Toidupakk-matkapood-logo-transparent.png","width":500,"height":500,"caption":"Tactical Foodpack matkaeined"},"image":{"@id":"https:\/\/toidupakk.ee\/pl\/#\/schema\/logo\/image\/"},"sameAs":["https:\/\/www.facebook.com\/Toidupakk","https:\/\/www.instagram.com\/toidupakk\/"]}]}},"jetpack_sharing_enabled":true,"_links":{"self":[{"href":"https:\/\/toidupakk.ee\/pl\/wp-json\/wp\/v2\/product\/50856","targetHints":{"allow":["GET"]}}],"collection":[{"href":"https:\/\/toidupakk.ee\/pl\/wp-json\/wp\/v2\/product"}],"about":[{"href":"https:\/\/toidupakk.ee\/pl\/wp-json\/wp\/v2\/types\/product"}],"replies":[{"embeddable":true,"href":"https:\/\/toidupakk.ee\/pl\/wp-json\/wp\/v2\/comments?post=50856"}],"wp:featuredmedia":[{"embeddable":true,"href":"https:\/\/toidupakk.ee\/pl\/wp-json\/wp\/v2\/media\/15002"}],"wp:attachment":[{"href":"https:\/\/toidupakk.ee\/pl\/wp-json\/wp\/v2\/media?parent=50856"}],"wp:term":[{"taxonomy":"product_brand","embeddable":true,"href":"https:\/\/toidupakk.ee\/pl\/wp-json\/wp\/v2\/product_brand?post=50856"},{"taxonomy":"product_cat","embeddable":true,"href":"https:\/\/toidupakk.ee\/pl\/wp-json\/wp\/v2\/product_cat?post=50856"},{"taxonomy":"product_tag","embeddable":true,"href":"https:\/\/toidupakk.ee\/pl\/wp-json\/wp\/v2\/product_tag?post=50856"}],"curies":[{"name":"wp","href":"https:\/\/api.w.org\/{rel}","templated":true}]}}