{"id":50845,"date":"2024-01-09T13:54:18","date_gmt":"2024-01-09T11:54:18","guid":{"rendered":"https:\/\/toidupakk.ee\/toode\/skladana-kuchenka-turystyczna-nato-z-paliwem-w-tabletkach-large\/"},"modified":"2026-04-17T04:00:17","modified_gmt":"2026-04-17T01:00:17","slug":"skladana-kuchenka-turystyczna-nato-z-paliwem-w-tabletkach-large","status":"publish","type":"product","link":"https:\/\/toidupakk.ee\/pl\/toode\/skladana-kuchenka-turystyczna-nato-z-paliwem-w-tabletkach-large\/","title":{"rendered":"Sk\u0142adana kuchenka turystyczna NATO z paliwem w tabletkach (large)"},"content":{"rendered":"<h1><img fetchpriority=\"high\" decoding=\"async\" class=\"alignright wp-image-18629 size-thumbnail\" style=\"font-size: 16px; font-weight: 400;\" src=\"https:\/\/toidupakk.ee\/wp-content\/uploads\/2024\/01\/NATO-kokkupandav-matkapliit-koos-suutetablettidega-large-3-500x500.png\" alt=\"Sk\u0142adana kuchenka turystyczna NATO z paliwem w tabletkach\" width=\"500\" height=\"500\" srcset=\"https:\/\/toidupakk.ee\/wp-content\/uploads\/2024\/01\/NATO-kokkupandav-matkapliit-koos-suutetablettidega-large-3-500x500.png 500w, https:\/\/toidupakk.ee\/wp-content\/uploads\/2024\/01\/NATO-kokkupandav-matkapliit-koos-suutetablettidega-large-3-400x400.png 400w, https:\/\/toidupakk.ee\/wp-content\/uploads\/2024\/01\/NATO-kokkupandav-matkapliit-koos-suutetablettidega-large-3-100x100.png 100w, https:\/\/toidupakk.ee\/wp-content\/uploads\/2024\/01\/NATO-kokkupandav-matkapliit-koos-suutetablettidega-large-3-300x300.png 300w, https:\/\/toidupakk.ee\/wp-content\/uploads\/2024\/01\/NATO-kokkupandav-matkapliit-koos-suutetablettidega-large-3-768x768.png 768w, https:\/\/toidupakk.ee\/wp-content\/uploads\/2024\/01\/NATO-kokkupandav-matkapliit-koos-suutetablettidega-large-3.png 800w\" sizes=\"(max-width: 500px) 100vw, 500px\" \/><\/h1>\n<h1>Sk\u0142adana kuchenka turystyczna NATO z paliwem w tabletkach<\/h1>\n<p>Do u\u017cytku na zewn\u0105trz przy przygotowywaniu posi\u0142k\u00f3w. Zalet\u0105 tej kuchenki jest jej kompaktowo\u015b\u0107. Sk\u0142adana kuchenka turystyczna NATO z paliwem w tabletkach nie zajmuje du\u017co miejsca w plecaku, a nawet w kieszeni. W zestawie znajduje si\u0119 16 tabletek paliwowych, kt\u00f3re po spakowaniu mieszcz\u0105 si\u0119 wewn\u0105trz kuchenki.   <\/p>\n<p><img decoding=\"async\" class=\"alignnone wp-image-12847 size-medium\" src=\"https:\/\/toidupakk.ee\/wp-content\/uploads\/2023\/08\/MIL-TEC-logo-300x300.png\" alt=\"Logo MIL-TEC\" width=\"300\" height=\"300\" srcset=\"https:\/\/toidupakk.ee\/wp-content\/uploads\/2023\/08\/MIL-TEC-logo-300x300.png 300w, https:\/\/toidupakk.ee\/wp-content\/uploads\/2023\/08\/MIL-TEC-logo-400x400.png 400w, https:\/\/toidupakk.ee\/wp-content\/uploads\/2023\/08\/MIL-TEC-logo-100x100.png 100w, https:\/\/toidupakk.ee\/wp-content\/uploads\/2023\/08\/MIL-TEC-logo-800x800.png 800w, https:\/\/toidupakk.ee\/wp-content\/uploads\/2023\/08\/MIL-TEC-logo-1024x1024.png 1024w, https:\/\/toidupakk.ee\/wp-content\/uploads\/2023\/08\/MIL-TEC-logo-500x500.png 500w, https:\/\/toidupakk.ee\/wp-content\/uploads\/2023\/08\/MIL-TEC-logo-768x768.png 768w, https:\/\/toidupakk.ee\/wp-content\/uploads\/2023\/08\/MIL-TEC-logo.png 1080w\" sizes=\"(max-width: 300px) 100vw, 300px\" \/><\/p>\n<p>&nbsp;<\/p>\n<p>Interesuje Ci\u0119 sprz\u0119t turystyczny? Sprawd\u017a szczeg\u00f3\u0142y <a href=\"https:\/\/toidupakk.ee\/pl\/tootekategooria\/sprzet-turystyczny\/#section-3-79\">TUTAJ<\/a><\/p>\n<p>Interesuj\u0105 Ci\u0119 posi\u0142ki turystyczne? Zobacz <a href=\"https:\/\/toidupakk.ee\/pl\/tootekategooria\/dania-glowne\/\">TUTAJ<\/a><\/p>\n<p>Znajd\u017a inspiracj\u0119 na kolejne przygody na <a href=\"https:\/\/www.instagram.com\/toidupakk\/\">Instagramie<\/a> i <a href=\"https:\/\/www.facebook.com\/Toidupakk\/\">Facebooku<\/a> Toidupakk.<\/p>\n","protected":false},"excerpt":{"rendered":"<p>Kuchenka turystyczna na paliwo w tabletkach, kt\u00f3ra jest niezwykle kompaktowa i po z\u0142o\u017ceniu nie zajmuje cennego miejsca w plecaku. Do przygotowywania posi\u0142k\u00f3w lub podgrzewania wody. <\/p>\n<ul>\n<li>Solidna stalowa konstrukcja<\/li>\n<li>Dzia\u0142a na paliwo w tabletkach<\/li>\n<li>W zestawie 16 tabletek paliwowych<\/li>\n<li>Wymiary kuchenki po z\u0142o\u017ceniu: 3 x 9 x 11,5 cm<\/li>\n<li>Wymiary kuchenki w pozycji roboczej: 6 x 9 x 11,5 cm<\/li>\n<li>Waga 325 g<\/li>\n<li>Marka: MIL-TEC\u00ae<\/li>\n<\/ul>\n<p>\u2705 Dost\u0119pne w magazynie, szybka dostawa w 1\u20133 dni robocze<\/p>\n","protected":false},"featured_media":18627,"comment_status":"open","ping_status":"closed","template":"","meta":{"_acf_changed":false},"product_brand":[],"product_cat":[303,332,317,307,301,304],"product_tag":[],"class_list":{"0":"post-50845","1":"product","2":"type-product","3":"status-publish","4":"has-post-thumbnail","6":"product_cat-akcesoria-turystyczne","7":"product_cat-kuchenki-turystyczne","8":"product_cat-mil-tec","9":"product_cat-przygotowywanie-posilkow","10":"product_cat-sprzet-turystyczny","11":"product_cat-wyposazenie-militarne","13":"first","14":"onbackorder","15":"sale","16":"taxable","17":"shipping-taxable","18":"purchasable","19":"product-type-simple"},"bundled_by":[],"bundle_stock_status":"onbackorder","bundle_stock_quantity":-1,"bundle_virtual":false,"bundle_layout":"","bundle_add_to_cart_form_location":"","bundle_editable_in_cart":false,"bundle_sold_individually_context":"","bundle_item_grouping":"","bundle_min_size":"","bundle_max_size":"","bundle_price":[],"bundled_items":[],"bundle_sell_ids":[],"acf":[],"yoast_head":"<!-- This site is optimized with the Yoast SEO plugin v27.3 - https:\/\/yoast.com\/product\/yoast-seo-wordpress\/ -->\n<title>Sk\u0142adana kuchenka turystyczna NATO z paliwem w tabletkach (large)<\/title>\n<meta name=\"description\" content=\"Sk\u0142adana kuchenka turystyczna NATO z paliwem w tabletkach jest niezwykle kompaktowa i po z\u0142o\u017ceniu nie zajmuje cennego miejsca w plecaku.\" \/>\n<meta name=\"robots\" content=\"index, follow, max-snippet:-1, max-image-preview:large, max-video-preview:-1\" \/>\n<link rel=\"canonical\" href=\"https:\/\/toidupakk.ee\/pl\/toode\/skladana-kuchenka-turystyczna-nato-z-paliwem-w-tabletkach-large\/\" \/>\n<meta property=\"og:locale\" content=\"pl_PL\" \/>\n<meta property=\"og:type\" content=\"article\" \/>\n<meta property=\"og:title\" content=\"Sk\u0142adana kuchenka turystyczna NATO z paliwem w tabletkach (large)\" \/>\n<meta property=\"og:description\" content=\"Sk\u0142adana kuchenka turystyczna NATO z paliwem w tabletkach jest niezwykle kompaktowa i po z\u0142o\u017ceniu nie zajmuje cennego miejsca w plecaku.\" \/>\n<meta property=\"og:url\" content=\"https:\/\/toidupakk.ee\/pl\/toode\/skladana-kuchenka-turystyczna-nato-z-paliwem-w-tabletkach-large\/\" \/>\n<meta property=\"og:site_name\" content=\"Toidupakk.ee - Tactical Foodpack toidupakid\" \/>\n<meta property=\"article:publisher\" content=\"https:\/\/www.facebook.com\/Toidupakk\" \/>\n<meta property=\"article:modified_time\" content=\"2026-04-17T01:00:17+00:00\" \/>\n<meta property=\"og:image\" content=\"https:\/\/toidupakk.ee\/wp-content\/uploads\/2024\/01\/NATO-kokkupandav-matkapliit-koos-suutetablettidega-large-1.png\" \/>\n\t<meta property=\"og:image:width\" content=\"800\" \/>\n\t<meta property=\"og:image:height\" content=\"800\" \/>\n\t<meta property=\"og:image:type\" content=\"image\/png\" \/>\n<meta name=\"twitter:card\" content=\"summary_large_image\" \/>\n<script type=\"application\/ld+json\" class=\"yoast-schema-graph\">{\"@context\":\"https:\\\/\\\/schema.org\",\"@graph\":[{\"@type\":\"WebPage\",\"@id\":\"https:\\\/\\\/toidupakk.ee\\\/pl\\\/toode\\\/skladana-kuchenka-turystyczna-nato-z-paliwem-w-tabletkach-large\\\/\",\"url\":\"https:\\\/\\\/toidupakk.ee\\\/pl\\\/toode\\\/skladana-kuchenka-turystyczna-nato-z-paliwem-w-tabletkach-large\\\/\",\"name\":\"Sk\u0142adana kuchenka turystyczna NATO z paliwem w tabletkach (large)\",\"isPartOf\":{\"@id\":\"https:\\\/\\\/toidupakk.ee\\\/pl\\\/#website\"},\"primaryImageOfPage\":{\"@id\":\"https:\\\/\\\/toidupakk.ee\\\/pl\\\/toode\\\/skladana-kuchenka-turystyczna-nato-z-paliwem-w-tabletkach-large\\\/#primaryimage\"},\"image\":{\"@id\":\"https:\\\/\\\/toidupakk.ee\\\/pl\\\/toode\\\/skladana-kuchenka-turystyczna-nato-z-paliwem-w-tabletkach-large\\\/#primaryimage\"},\"thumbnailUrl\":\"https:\\\/\\\/toidupakk.ee\\\/wp-content\\\/uploads\\\/2024\\\/01\\\/NATO-kokkupandav-matkapliit-koos-suutetablettidega-large-1.png\",\"datePublished\":\"2024-01-09T11:54:18+00:00\",\"dateModified\":\"2026-04-17T01:00:17+00:00\",\"description\":\"Sk\u0142adana kuchenka turystyczna NATO z paliwem w tabletkach jest niezwykle kompaktowa i po z\u0142o\u017ceniu nie zajmuje cennego miejsca w plecaku.\",\"breadcrumb\":{\"@id\":\"https:\\\/\\\/toidupakk.ee\\\/pl\\\/toode\\\/skladana-kuchenka-turystyczna-nato-z-paliwem-w-tabletkach-large\\\/#breadcrumb\"},\"inLanguage\":\"pl-PL\",\"potentialAction\":[{\"@type\":\"ReadAction\",\"target\":[\"https:\\\/\\\/toidupakk.ee\\\/pl\\\/toode\\\/skladana-kuchenka-turystyczna-nato-z-paliwem-w-tabletkach-large\\\/\"]}]},{\"@type\":\"ImageObject\",\"inLanguage\":\"pl-PL\",\"@id\":\"https:\\\/\\\/toidupakk.ee\\\/pl\\\/toode\\\/skladana-kuchenka-turystyczna-nato-z-paliwem-w-tabletkach-large\\\/#primaryimage\",\"url\":\"https:\\\/\\\/toidupakk.ee\\\/wp-content\\\/uploads\\\/2024\\\/01\\\/NATO-kokkupandav-matkapliit-koos-suutetablettidega-large-1.png\",\"contentUrl\":\"https:\\\/\\\/toidupakk.ee\\\/wp-content\\\/uploads\\\/2024\\\/01\\\/NATO-kokkupandav-matkapliit-koos-suutetablettidega-large-1.png\",\"width\":800,\"height\":800,\"caption\":\"kokkupandav matkapliit\"},{\"@type\":\"BreadcrumbList\",\"@id\":\"https:\\\/\\\/toidupakk.ee\\\/pl\\\/toode\\\/skladana-kuchenka-turystyczna-nato-z-paliwem-w-tabletkach-large\\\/#breadcrumb\",\"itemListElement\":[{\"@type\":\"ListItem\",\"position\":1,\"name\":\"Avaleht\",\"item\":\"https:\\\/\\\/toidupakk.ee\\\/pl\\\/\"},{\"@type\":\"ListItem\",\"position\":2,\"name\":\"Sklep internetowy\",\"item\":\"https:\\\/\\\/toidupakk.ee\\\/pl\\\/sklep-internetowy\\\/\"},{\"@type\":\"ListItem\",\"position\":3,\"name\":\"Sk\u0142adana kuchenka turystyczna NATO z paliwem w tabletkach (large)\"}]},{\"@type\":\"WebSite\",\"@id\":\"https:\\\/\\\/toidupakk.ee\\\/pl\\\/#website\",\"url\":\"https:\\\/\\\/toidupakk.ee\\\/pl\\\/\",\"name\":\"Toidupakk.ee - Tactical Foodpack toidupakid\",\"description\":\"Tactical Foodpack k\u00fclmkuivatatud toidupakid ja matkaeined\",\"publisher\":{\"@id\":\"https:\\\/\\\/toidupakk.ee\\\/pl\\\/#organization\"},\"potentialAction\":[{\"@type\":\"SearchAction\",\"target\":{\"@type\":\"EntryPoint\",\"urlTemplate\":\"https:\\\/\\\/toidupakk.ee\\\/pl\\\/?s={search_term_string}\"},\"query-input\":{\"@type\":\"PropertyValueSpecification\",\"valueRequired\":true,\"valueName\":\"search_term_string\"}}],\"inLanguage\":\"pl-PL\"},{\"@type\":\"Organization\",\"@id\":\"https:\\\/\\\/toidupakk.ee\\\/pl\\\/#organization\",\"name\":\"Tactical Foodpack matkaeined\",\"url\":\"https:\\\/\\\/toidupakk.ee\\\/pl\\\/\",\"logo\":{\"@type\":\"ImageObject\",\"inLanguage\":\"pl-PL\",\"@id\":\"https:\\\/\\\/toidupakk.ee\\\/pl\\\/#\\\/schema\\\/logo\\\/image\\\/\",\"url\":\"https:\\\/\\\/toidupakk.ee\\\/wp-content\\\/uploads\\\/2022\\\/01\\\/Toidupakk-matkapood-logo-transparent.png\",\"contentUrl\":\"https:\\\/\\\/toidupakk.ee\\\/wp-content\\\/uploads\\\/2022\\\/01\\\/Toidupakk-matkapood-logo-transparent.png\",\"width\":500,\"height\":500,\"caption\":\"Tactical Foodpack matkaeined\"},\"image\":{\"@id\":\"https:\\\/\\\/toidupakk.ee\\\/pl\\\/#\\\/schema\\\/logo\\\/image\\\/\"},\"sameAs\":[\"https:\\\/\\\/www.facebook.com\\\/Toidupakk\",\"https:\\\/\\\/www.instagram.com\\\/toidupakk\\\/\"]}]}<\/script>\n<!-- \/ Yoast SEO plugin. -->","yoast_head_json":{"title":"Sk\u0142adana kuchenka turystyczna NATO z paliwem w tabletkach (large)","description":"Sk\u0142adana kuchenka turystyczna NATO z paliwem w tabletkach jest niezwykle kompaktowa i po z\u0142o\u017ceniu nie zajmuje cennego miejsca w plecaku.","robots":{"index":"index","follow":"follow","max-snippet":"max-snippet:-1","max-image-preview":"max-image-preview:large","max-video-preview":"max-video-preview:-1"},"canonical":"https:\/\/toidupakk.ee\/pl\/toode\/skladana-kuchenka-turystyczna-nato-z-paliwem-w-tabletkach-large\/","og_locale":"pl_PL","og_type":"article","og_title":"Sk\u0142adana kuchenka turystyczna NATO z paliwem w tabletkach (large)","og_description":"Sk\u0142adana kuchenka turystyczna NATO z paliwem w tabletkach jest niezwykle kompaktowa i po z\u0142o\u017ceniu nie zajmuje cennego miejsca w plecaku.","og_url":"https:\/\/toidupakk.ee\/pl\/toode\/skladana-kuchenka-turystyczna-nato-z-paliwem-w-tabletkach-large\/","og_site_name":"Toidupakk.ee - Tactical Foodpack toidupakid","article_publisher":"https:\/\/www.facebook.com\/Toidupakk","article_modified_time":"2026-04-17T01:00:17+00:00","og_image":[{"width":800,"height":800,"url":"https:\/\/toidupakk.ee\/wp-content\/uploads\/2024\/01\/NATO-kokkupandav-matkapliit-koos-suutetablettidega-large-1.png","type":"image\/png"}],"twitter_card":"summary_large_image","schema":{"@context":"https:\/\/schema.org","@graph":[{"@type":"WebPage","@id":"https:\/\/toidupakk.ee\/pl\/toode\/skladana-kuchenka-turystyczna-nato-z-paliwem-w-tabletkach-large\/","url":"https:\/\/toidupakk.ee\/pl\/toode\/skladana-kuchenka-turystyczna-nato-z-paliwem-w-tabletkach-large\/","name":"Sk\u0142adana kuchenka turystyczna NATO z paliwem w tabletkach (large)","isPartOf":{"@id":"https:\/\/toidupakk.ee\/pl\/#website"},"primaryImageOfPage":{"@id":"https:\/\/toidupakk.ee\/pl\/toode\/skladana-kuchenka-turystyczna-nato-z-paliwem-w-tabletkach-large\/#primaryimage"},"image":{"@id":"https:\/\/toidupakk.ee\/pl\/toode\/skladana-kuchenka-turystyczna-nato-z-paliwem-w-tabletkach-large\/#primaryimage"},"thumbnailUrl":"https:\/\/toidupakk.ee\/wp-content\/uploads\/2024\/01\/NATO-kokkupandav-matkapliit-koos-suutetablettidega-large-1.png","datePublished":"2024-01-09T11:54:18+00:00","dateModified":"2026-04-17T01:00:17+00:00","description":"Sk\u0142adana kuchenka turystyczna NATO z paliwem w tabletkach jest niezwykle kompaktowa i po z\u0142o\u017ceniu nie zajmuje cennego miejsca w plecaku.","breadcrumb":{"@id":"https:\/\/toidupakk.ee\/pl\/toode\/skladana-kuchenka-turystyczna-nato-z-paliwem-w-tabletkach-large\/#breadcrumb"},"inLanguage":"pl-PL","potentialAction":[{"@type":"ReadAction","target":["https:\/\/toidupakk.ee\/pl\/toode\/skladana-kuchenka-turystyczna-nato-z-paliwem-w-tabletkach-large\/"]}]},{"@type":"ImageObject","inLanguage":"pl-PL","@id":"https:\/\/toidupakk.ee\/pl\/toode\/skladana-kuchenka-turystyczna-nato-z-paliwem-w-tabletkach-large\/#primaryimage","url":"https:\/\/toidupakk.ee\/wp-content\/uploads\/2024\/01\/NATO-kokkupandav-matkapliit-koos-suutetablettidega-large-1.png","contentUrl":"https:\/\/toidupakk.ee\/wp-content\/uploads\/2024\/01\/NATO-kokkupandav-matkapliit-koos-suutetablettidega-large-1.png","width":800,"height":800,"caption":"kokkupandav matkapliit"},{"@type":"BreadcrumbList","@id":"https:\/\/toidupakk.ee\/pl\/toode\/skladana-kuchenka-turystyczna-nato-z-paliwem-w-tabletkach-large\/#breadcrumb","itemListElement":[{"@type":"ListItem","position":1,"name":"Avaleht","item":"https:\/\/toidupakk.ee\/pl\/"},{"@type":"ListItem","position":2,"name":"Sklep internetowy","item":"https:\/\/toidupakk.ee\/pl\/sklep-internetowy\/"},{"@type":"ListItem","position":3,"name":"Sk\u0142adana kuchenka turystyczna NATO z paliwem w tabletkach (large)"}]},{"@type":"WebSite","@id":"https:\/\/toidupakk.ee\/pl\/#website","url":"https:\/\/toidupakk.ee\/pl\/","name":"Toidupakk.ee - Tactical Foodpack toidupakid","description":"Tactical Foodpack k\u00fclmkuivatatud toidupakid ja matkaeined","publisher":{"@id":"https:\/\/toidupakk.ee\/pl\/#organization"},"potentialAction":[{"@type":"SearchAction","target":{"@type":"EntryPoint","urlTemplate":"https:\/\/toidupakk.ee\/pl\/?s={search_term_string}"},"query-input":{"@type":"PropertyValueSpecification","valueRequired":true,"valueName":"search_term_string"}}],"inLanguage":"pl-PL"},{"@type":"Organization","@id":"https:\/\/toidupakk.ee\/pl\/#organization","name":"Tactical Foodpack matkaeined","url":"https:\/\/toidupakk.ee\/pl\/","logo":{"@type":"ImageObject","inLanguage":"pl-PL","@id":"https:\/\/toidupakk.ee\/pl\/#\/schema\/logo\/image\/","url":"https:\/\/toidupakk.ee\/wp-content\/uploads\/2022\/01\/Toidupakk-matkapood-logo-transparent.png","contentUrl":"https:\/\/toidupakk.ee\/wp-content\/uploads\/2022\/01\/Toidupakk-matkapood-logo-transparent.png","width":500,"height":500,"caption":"Tactical Foodpack matkaeined"},"image":{"@id":"https:\/\/toidupakk.ee\/pl\/#\/schema\/logo\/image\/"},"sameAs":["https:\/\/www.facebook.com\/Toidupakk","https:\/\/www.instagram.com\/toidupakk\/"]}]}},"jetpack_sharing_enabled":true,"_links":{"self":[{"href":"https:\/\/toidupakk.ee\/pl\/wp-json\/wp\/v2\/product\/50845","targetHints":{"allow":["GET"]}}],"collection":[{"href":"https:\/\/toidupakk.ee\/pl\/wp-json\/wp\/v2\/product"}],"about":[{"href":"https:\/\/toidupakk.ee\/pl\/wp-json\/wp\/v2\/types\/product"}],"replies":[{"embeddable":true,"href":"https:\/\/toidupakk.ee\/pl\/wp-json\/wp\/v2\/comments?post=50845"}],"wp:featuredmedia":[{"embeddable":true,"href":"https:\/\/toidupakk.ee\/pl\/wp-json\/wp\/v2\/media\/18627"}],"wp:attachment":[{"href":"https:\/\/toidupakk.ee\/pl\/wp-json\/wp\/v2\/media?parent=50845"}],"wp:term":[{"taxonomy":"product_brand","embeddable":true,"href":"https:\/\/toidupakk.ee\/pl\/wp-json\/wp\/v2\/product_brand?post=50845"},{"taxonomy":"product_cat","embeddable":true,"href":"https:\/\/toidupakk.ee\/pl\/wp-json\/wp\/v2\/product_cat?post=50845"},{"taxonomy":"product_tag","embeddable":true,"href":"https:\/\/toidupakk.ee\/pl\/wp-json\/wp\/v2\/product_tag?post=50845"}],"curies":[{"name":"wp","href":"https:\/\/api.w.org\/{rel}","templated":true}]}}