{"id":50824,"date":"2024-01-04T14:57:46","date_gmt":"2024-01-04T12:57:46","guid":{"rendered":"https:\/\/toidupakk.ee\/toode\/zapalki-sztormowe-wiatro-i-wodoodporne\/"},"modified":"2026-04-04T07:00:20","modified_gmt":"2026-04-04T04:00:20","slug":"zapalki-sztormowe-wiatro-i-wodoodporne","status":"publish","type":"product","link":"https:\/\/toidupakk.ee\/pl\/toode\/zapalki-sztormowe-wiatro-i-wodoodporne\/","title":{"rendered":"Zapa\u0142ki sztormowe (wiatro- i wodoodporne)"},"content":{"rendered":"<p><img fetchpriority=\"high\" decoding=\"async\" class=\"alignright wp-image-17994 size-thumbnail\" src=\"https:\/\/toidupakk.ee\/wp-content\/uploads\/2023\/12\/Tormitikud-tuule-ja-veekindlad37-500x500.jpg\" alt=\"Wodoodporne zapa\u0142ki sztormowe\" width=\"500\" height=\"500\" srcset=\"https:\/\/toidupakk.ee\/wp-content\/uploads\/2023\/12\/Tormitikud-tuule-ja-veekindlad37-500x500.jpg 500w, https:\/\/toidupakk.ee\/wp-content\/uploads\/2023\/12\/Tormitikud-tuule-ja-veekindlad37-400x400.jpg 400w, https:\/\/toidupakk.ee\/wp-content\/uploads\/2023\/12\/Tormitikud-tuule-ja-veekindlad37-100x100.jpg 100w, https:\/\/toidupakk.ee\/wp-content\/uploads\/2023\/12\/Tormitikud-tuule-ja-veekindlad37-300x300.jpg 300w, https:\/\/toidupakk.ee\/wp-content\/uploads\/2023\/12\/Tormitikud-tuule-ja-veekindlad37-768x768.jpg 768w, https:\/\/toidupakk.ee\/wp-content\/uploads\/2023\/12\/Tormitikud-tuule-ja-veekindlad37.jpg 800w\" sizes=\"(max-width: 500px) 100vw, 500px\" \/><\/p>\n<p>Zapa\u0142ki sztormowe (wiatro- i wodoodporne) maj\u0105 wyd\u0142u\u017cone g\u0142\u00f3wki, dzi\u0119ki czemu s\u0105 bezpieczniejsze i \u0142atwiejsze do odpalenia, zw\u0142aszcza w ciemno\u015bci lub przy z\u0142ej pogodzie. S\u0105 mocniejsze i skuteczniejsze od zwyk\u0142ych zapa\u0142ek \u2013 pal\u0105 si\u0119 stabilnie nawet przy silnym wietrze i deszczu. Te zapa\u0142ki survivalowe posiadaj\u0105 certyfikat NATO i s\u0105 pakowane w wodoodporny pojemnik zawieraj\u0105cy 25 sztuk oraz 3 tarki, w tym jedn\u0105 chronion\u0105 przed wilgoci\u0105 pod szczeln\u0105 pokrywk\u0105. Nasze zapa\u0142ki survivalowe s\u0105 r\u0119cznie maczane i lakierowane, co zapewnia ich wysok\u0105 jako\u015b\u0107. Sprawdz\u0105 si\u0119 w ka\u017cdej sytuacji \u2013 od zapalania \u015bwiec na romantycznej kolacji po wypraw\u0119 pod namiot.   <\/p>\n<p>Sprawd\u017a inne akcesoria turystyczne <a href=\"https:\/\/toidupakk.ee\/pl\/tootekategooria\/sprzet-turystyczny\/#section-3-79\">TUTAJ<\/a><\/p>\n<p>Interesuj\u0105 Ci\u0119 posi\u0142ki turystyczne? Zobacz <a href=\"\/?product_cat=snakk#section-3-79\">TUTAJ<\/a><\/p>\n<p>Znajd\u017a inspiracj\u0119 na kolejne przygody na <a href=\"https:\/\/www.instagram.com\/toidupakk\/\">Instagramie<\/a> i <a href=\"https:\/\/www.facebook.com\/Toidupakk\/\">Facebooku<\/a> Toidupakk.<\/p>\n","protected":false},"excerpt":{"rendered":"<p>Zapa\u0142ki sztormowe (wiatro- i wodoodporne) do u\u017cytku w trudnych warunkach, gdy zwyk\u0142e zapa\u0142ki mog\u0105 zamokn\u0105\u0107 lub zgasn\u0105\u0107 na silnym wietrze.<\/p>\n<ul>\n<li>Zapa\u0142ki sztormowe pal\u0105 si\u0119 nawet w wietrznym i wilgotnym otoczeniu<\/li>\n<li>G\u0142\u00f3wka zapa\u0142ki pali si\u0119 do 10 sekund<\/li>\n<li>Zapa\u0142ki s\u0105 r\u0119cznie pokrywane specjalnym wodoodpornym lakierem<\/li>\n<li>25 zapa\u0142ek sztormowych w wodoodpornym pojemniku<\/li>\n<li>3 r\u00f3\u017cne tarki na pojemniku<\/li>\n<li>W pojemniku znajduje si\u0119 te\u017c kawa\u0142ek waty do rozpalania ognia<\/li>\n<li>Zatwierdzone przez NATO NSN: 9920-99-966-9432<\/li>\n<\/ul>\n<p>\u2705 Dost\u0119pne w magazynie, szybka dostawa w 1\u20133 dni robocze<\/p>\n","protected":false},"featured_media":50842,"comment_status":"open","ping_status":"closed","template":"","meta":{"_acf_changed":false},"product_brand":[],"product_cat":[303,383,301],"product_tag":[],"class_list":{"0":"post-50824","1":"product","2":"type-product","3":"status-publish","4":"has-post-thumbnail","6":"product_cat-akcesoria-turystyczne","7":"product_cat-cieplo","8":"product_cat-sprzet-turystyczny","10":"first","11":"onbackorder","12":"taxable","13":"shipping-taxable","14":"purchasable","15":"product-type-simple"},"bundled_by":[],"bundle_stock_status":"onbackorder","bundle_stock_quantity":-1,"bundle_virtual":false,"bundle_layout":"","bundle_add_to_cart_form_location":"","bundle_editable_in_cart":false,"bundle_sold_individually_context":"","bundle_item_grouping":"","bundle_min_size":"","bundle_max_size":"","bundle_price":[],"bundled_items":[],"bundle_sell_ids":[],"acf":[],"yoast_head":"<!-- This site is optimized with the Yoast SEO plugin v27.1.1 - https:\/\/yoast.com\/product\/yoast-seo-wordpress\/ -->\n<title>Zapa\u0142ki sztormowe (wiatro- i wodoodporne)<\/title>\n<meta name=\"description\" content=\"Zapa\u0142ki sztormowe (wiatro- i wodoodporne) do u\u017cytku w trudnych warunkach pogodowych, gdy zwyk\u0142e zapa\u0142ki mog\u0105 zamokn\u0105\u0107.\" \/>\n<meta name=\"robots\" content=\"index, follow, max-snippet:-1, max-image-preview:large, max-video-preview:-1\" \/>\n<link rel=\"canonical\" href=\"https:\/\/toidupakk.ee\/pl\/toode\/zapalki-sztormowe-wiatro-i-wodoodporne\/\" \/>\n<meta property=\"og:locale\" content=\"pl_PL\" \/>\n<meta property=\"og:type\" content=\"article\" \/>\n<meta property=\"og:title\" content=\"Zapa\u0142ki sztormowe (wiatro- i wodoodporne)\" \/>\n<meta property=\"og:description\" content=\"Zapa\u0142ki sztormowe (wiatro- i wodoodporne) do u\u017cytku w trudnych warunkach pogodowych, gdy zwyk\u0142e zapa\u0142ki mog\u0105 zamokn\u0105\u0107.\" \/>\n<meta property=\"og:url\" content=\"https:\/\/toidupakk.ee\/pl\/toode\/zapalki-sztormowe-wiatro-i-wodoodporne\/\" \/>\n<meta property=\"og:site_name\" content=\"Toidupakk.ee - Tactical Foodpack toidupakid\" \/>\n<meta property=\"article:publisher\" content=\"https:\/\/www.facebook.com\/Toidupakk\" \/>\n<meta property=\"article:modified_time\" content=\"2026-04-04T04:00:20+00:00\" \/>\n<meta property=\"og:image\" content=\"https:\/\/toidupakk.ee\/wp-content\/uploads\/2023\/12\/Tormitikud-tuule-ja-veekindlad36.png\" \/>\n\t<meta property=\"og:image:width\" content=\"800\" \/>\n\t<meta property=\"og:image:height\" content=\"800\" \/>\n\t<meta property=\"og:image:type\" content=\"image\/png\" \/>\n<meta name=\"twitter:card\" content=\"summary_large_image\" \/>\n<meta name=\"twitter:label1\" content=\"Szacowany czas czytania\" \/>\n\t<meta name=\"twitter:data1\" content=\"1 minuta\" \/>\n<script type=\"application\/ld+json\" class=\"yoast-schema-graph\">{\"@context\":\"https:\/\/schema.org\",\"@graph\":[{\"@type\":\"WebPage\",\"@id\":\"https:\/\/toidupakk.ee\/pl\/toode\/zapalki-sztormowe-wiatro-i-wodoodporne\/\",\"url\":\"https:\/\/toidupakk.ee\/pl\/toode\/zapalki-sztormowe-wiatro-i-wodoodporne\/\",\"name\":\"Zapa\u0142ki sztormowe (wiatro- i wodoodporne)\",\"isPartOf\":{\"@id\":\"https:\/\/toidupakk.ee\/pl\/#website\"},\"primaryImageOfPage\":{\"@id\":\"https:\/\/toidupakk.ee\/pl\/toode\/zapalki-sztormowe-wiatro-i-wodoodporne\/#primaryimage\"},\"image\":{\"@id\":\"https:\/\/toidupakk.ee\/pl\/toode\/zapalki-sztormowe-wiatro-i-wodoodporne\/#primaryimage\"},\"thumbnailUrl\":\"https:\/\/toidupakk.ee\/wp-content\/uploads\/2023\/12\/Tormitikud-tuule-ja-veekindlad36.png\",\"datePublished\":\"2024-01-04T12:57:46+00:00\",\"dateModified\":\"2026-04-04T04:00:20+00:00\",\"description\":\"Zapa\u0142ki sztormowe (wiatro- i wodoodporne) do u\u017cytku w trudnych warunkach pogodowych, gdy zwyk\u0142e zapa\u0142ki mog\u0105 zamokn\u0105\u0107.\",\"breadcrumb\":{\"@id\":\"https:\/\/toidupakk.ee\/pl\/toode\/zapalki-sztormowe-wiatro-i-wodoodporne\/#breadcrumb\"},\"inLanguage\":\"pl-PL\",\"potentialAction\":[{\"@type\":\"ReadAction\",\"target\":[\"https:\/\/toidupakk.ee\/pl\/toode\/zapalki-sztormowe-wiatro-i-wodoodporne\/\"]}]},{\"@type\":\"ImageObject\",\"inLanguage\":\"pl-PL\",\"@id\":\"https:\/\/toidupakk.ee\/pl\/toode\/zapalki-sztormowe-wiatro-i-wodoodporne\/#primaryimage\",\"url\":\"https:\/\/toidupakk.ee\/wp-content\/uploads\/2023\/12\/Tormitikud-tuule-ja-veekindlad36.png\",\"contentUrl\":\"https:\/\/toidupakk.ee\/wp-content\/uploads\/2023\/12\/Tormitikud-tuule-ja-veekindlad36.png\",\"width\":800,\"height\":800,\"caption\":\"Zapa\u0142ki sztormowe (wiatro- i wodoodporne) 1\"},{\"@type\":\"BreadcrumbList\",\"@id\":\"https:\/\/toidupakk.ee\/pl\/toode\/zapalki-sztormowe-wiatro-i-wodoodporne\/#breadcrumb\",\"itemListElement\":[{\"@type\":\"ListItem\",\"position\":1,\"name\":\"Avaleht\",\"item\":\"https:\/\/toidupakk.ee\/pl\/\"},{\"@type\":\"ListItem\",\"position\":2,\"name\":\"Sklep internetowy\",\"item\":\"https:\/\/toidupakk.ee\/pl\/sklep-internetowy\/\"},{\"@type\":\"ListItem\",\"position\":3,\"name\":\"Zapa\u0142ki sztormowe (wiatro- i wodoodporne)\"}]},{\"@type\":\"WebSite\",\"@id\":\"https:\/\/toidupakk.ee\/pl\/#website\",\"url\":\"https:\/\/toidupakk.ee\/pl\/\",\"name\":\"Toidupakk.ee - Tactical Foodpack toidupakid\",\"description\":\"Tactical Foodpack k\u00fclmkuivatatud toidupakid ja matkaeined\",\"publisher\":{\"@id\":\"https:\/\/toidupakk.ee\/pl\/#organization\"},\"potentialAction\":[{\"@type\":\"SearchAction\",\"target\":{\"@type\":\"EntryPoint\",\"urlTemplate\":\"https:\/\/toidupakk.ee\/pl\/?s={search_term_string}\"},\"query-input\":{\"@type\":\"PropertyValueSpecification\",\"valueRequired\":true,\"valueName\":\"search_term_string\"}}],\"inLanguage\":\"pl-PL\"},{\"@type\":\"Organization\",\"@id\":\"https:\/\/toidupakk.ee\/pl\/#organization\",\"name\":\"Tactical Foodpack matkaeined\",\"url\":\"https:\/\/toidupakk.ee\/pl\/\",\"logo\":{\"@type\":\"ImageObject\",\"inLanguage\":\"pl-PL\",\"@id\":\"https:\/\/toidupakk.ee\/pl\/#\/schema\/logo\/image\/\",\"url\":\"https:\/\/toidupakk.ee\/wp-content\/uploads\/2022\/01\/Toidupakk-matkapood-logo-transparent.png\",\"contentUrl\":\"https:\/\/toidupakk.ee\/wp-content\/uploads\/2022\/01\/Toidupakk-matkapood-logo-transparent.png\",\"width\":500,\"height\":500,\"caption\":\"Tactical Foodpack matkaeined\"},\"image\":{\"@id\":\"https:\/\/toidupakk.ee\/pl\/#\/schema\/logo\/image\/\"},\"sameAs\":[\"https:\/\/www.facebook.com\/Toidupakk\",\"https:\/\/www.instagram.com\/toidupakk\/\"]}]}<\/script>\n<!-- \/ Yoast SEO plugin. -->","yoast_head_json":{"title":"Zapa\u0142ki sztormowe (wiatro- i wodoodporne)","description":"Zapa\u0142ki sztormowe (wiatro- i wodoodporne) do u\u017cytku w trudnych warunkach pogodowych, gdy zwyk\u0142e zapa\u0142ki mog\u0105 zamokn\u0105\u0107.","robots":{"index":"index","follow":"follow","max-snippet":"max-snippet:-1","max-image-preview":"max-image-preview:large","max-video-preview":"max-video-preview:-1"},"canonical":"https:\/\/toidupakk.ee\/pl\/toode\/zapalki-sztormowe-wiatro-i-wodoodporne\/","og_locale":"pl_PL","og_type":"article","og_title":"Zapa\u0142ki sztormowe (wiatro- i wodoodporne)","og_description":"Zapa\u0142ki sztormowe (wiatro- i wodoodporne) do u\u017cytku w trudnych warunkach pogodowych, gdy zwyk\u0142e zapa\u0142ki mog\u0105 zamokn\u0105\u0107.","og_url":"https:\/\/toidupakk.ee\/pl\/toode\/zapalki-sztormowe-wiatro-i-wodoodporne\/","og_site_name":"Toidupakk.ee - Tactical Foodpack toidupakid","article_publisher":"https:\/\/www.facebook.com\/Toidupakk","article_modified_time":"2026-04-04T04:00:20+00:00","og_image":[{"width":800,"height":800,"url":"https:\/\/toidupakk.ee\/wp-content\/uploads\/2023\/12\/Tormitikud-tuule-ja-veekindlad36.png","type":"image\/png"}],"twitter_card":"summary_large_image","twitter_misc":{"Szacowany czas czytania":"1 minuta"},"schema":{"@context":"https:\/\/schema.org","@graph":[{"@type":"WebPage","@id":"https:\/\/toidupakk.ee\/pl\/toode\/zapalki-sztormowe-wiatro-i-wodoodporne\/","url":"https:\/\/toidupakk.ee\/pl\/toode\/zapalki-sztormowe-wiatro-i-wodoodporne\/","name":"Zapa\u0142ki sztormowe (wiatro- i wodoodporne)","isPartOf":{"@id":"https:\/\/toidupakk.ee\/pl\/#website"},"primaryImageOfPage":{"@id":"https:\/\/toidupakk.ee\/pl\/toode\/zapalki-sztormowe-wiatro-i-wodoodporne\/#primaryimage"},"image":{"@id":"https:\/\/toidupakk.ee\/pl\/toode\/zapalki-sztormowe-wiatro-i-wodoodporne\/#primaryimage"},"thumbnailUrl":"https:\/\/toidupakk.ee\/wp-content\/uploads\/2023\/12\/Tormitikud-tuule-ja-veekindlad36.png","datePublished":"2024-01-04T12:57:46+00:00","dateModified":"2026-04-04T04:00:20+00:00","description":"Zapa\u0142ki sztormowe (wiatro- i wodoodporne) do u\u017cytku w trudnych warunkach pogodowych, gdy zwyk\u0142e zapa\u0142ki mog\u0105 zamokn\u0105\u0107.","breadcrumb":{"@id":"https:\/\/toidupakk.ee\/pl\/toode\/zapalki-sztormowe-wiatro-i-wodoodporne\/#breadcrumb"},"inLanguage":"pl-PL","potentialAction":[{"@type":"ReadAction","target":["https:\/\/toidupakk.ee\/pl\/toode\/zapalki-sztormowe-wiatro-i-wodoodporne\/"]}]},{"@type":"ImageObject","inLanguage":"pl-PL","@id":"https:\/\/toidupakk.ee\/pl\/toode\/zapalki-sztormowe-wiatro-i-wodoodporne\/#primaryimage","url":"https:\/\/toidupakk.ee\/wp-content\/uploads\/2023\/12\/Tormitikud-tuule-ja-veekindlad36.png","contentUrl":"https:\/\/toidupakk.ee\/wp-content\/uploads\/2023\/12\/Tormitikud-tuule-ja-veekindlad36.png","width":800,"height":800,"caption":"Zapa\u0142ki sztormowe (wiatro- i wodoodporne) 1"},{"@type":"BreadcrumbList","@id":"https:\/\/toidupakk.ee\/pl\/toode\/zapalki-sztormowe-wiatro-i-wodoodporne\/#breadcrumb","itemListElement":[{"@type":"ListItem","position":1,"name":"Avaleht","item":"https:\/\/toidupakk.ee\/pl\/"},{"@type":"ListItem","position":2,"name":"Sklep internetowy","item":"https:\/\/toidupakk.ee\/pl\/sklep-internetowy\/"},{"@type":"ListItem","position":3,"name":"Zapa\u0142ki sztormowe (wiatro- i wodoodporne)"}]},{"@type":"WebSite","@id":"https:\/\/toidupakk.ee\/pl\/#website","url":"https:\/\/toidupakk.ee\/pl\/","name":"Toidupakk.ee - Tactical Foodpack toidupakid","description":"Tactical Foodpack k\u00fclmkuivatatud toidupakid ja matkaeined","publisher":{"@id":"https:\/\/toidupakk.ee\/pl\/#organization"},"potentialAction":[{"@type":"SearchAction","target":{"@type":"EntryPoint","urlTemplate":"https:\/\/toidupakk.ee\/pl\/?s={search_term_string}"},"query-input":{"@type":"PropertyValueSpecification","valueRequired":true,"valueName":"search_term_string"}}],"inLanguage":"pl-PL"},{"@type":"Organization","@id":"https:\/\/toidupakk.ee\/pl\/#organization","name":"Tactical Foodpack matkaeined","url":"https:\/\/toidupakk.ee\/pl\/","logo":{"@type":"ImageObject","inLanguage":"pl-PL","@id":"https:\/\/toidupakk.ee\/pl\/#\/schema\/logo\/image\/","url":"https:\/\/toidupakk.ee\/wp-content\/uploads\/2022\/01\/Toidupakk-matkapood-logo-transparent.png","contentUrl":"https:\/\/toidupakk.ee\/wp-content\/uploads\/2022\/01\/Toidupakk-matkapood-logo-transparent.png","width":500,"height":500,"caption":"Tactical Foodpack matkaeined"},"image":{"@id":"https:\/\/toidupakk.ee\/pl\/#\/schema\/logo\/image\/"},"sameAs":["https:\/\/www.facebook.com\/Toidupakk","https:\/\/www.instagram.com\/toidupakk\/"]}]}},"jetpack_sharing_enabled":true,"_links":{"self":[{"href":"https:\/\/toidupakk.ee\/pl\/wp-json\/wp\/v2\/product\/50824","targetHints":{"allow":["GET"]}}],"collection":[{"href":"https:\/\/toidupakk.ee\/pl\/wp-json\/wp\/v2\/product"}],"about":[{"href":"https:\/\/toidupakk.ee\/pl\/wp-json\/wp\/v2\/types\/product"}],"replies":[{"embeddable":true,"href":"https:\/\/toidupakk.ee\/pl\/wp-json\/wp\/v2\/comments?post=50824"}],"wp:featuredmedia":[{"embeddable":true,"href":"https:\/\/toidupakk.ee\/pl\/wp-json\/wp\/v2\/media\/50842"}],"wp:attachment":[{"href":"https:\/\/toidupakk.ee\/pl\/wp-json\/wp\/v2\/media?parent=50824"}],"wp:term":[{"taxonomy":"product_brand","embeddable":true,"href":"https:\/\/toidupakk.ee\/pl\/wp-json\/wp\/v2\/product_brand?post=50824"},{"taxonomy":"product_cat","embeddable":true,"href":"https:\/\/toidupakk.ee\/pl\/wp-json\/wp\/v2\/product_cat?post=50824"},{"taxonomy":"product_tag","embeddable":true,"href":"https:\/\/toidupakk.ee\/pl\/wp-json\/wp\/v2\/product_tag?post=50824"}],"curies":[{"name":"wp","href":"https:\/\/api.w.org\/{rel}","templated":true}]}}