{"id":50823,"date":"2024-03-05T14:48:51","date_gmt":"2024-03-05T12:48:51","guid":{"rendered":"https:\/\/toidupakk.ee\/toode\/iconfit-diet-shake-495-g\/"},"modified":"2026-04-30T01:01:50","modified_gmt":"2026-04-29T22:01:50","slug":"iconfit-diet-shake-495-g","status":"publish","type":"product","link":"https:\/\/toidupakk.ee\/pl\/toode\/iconfit-diet-shake-495-g\/","title":{"rendered":"ICONFIT Diet Shake (495 g)"},"content":{"rendered":"<h1>ICONFIT Diet Shake zast\u0119puje pomini\u0119ty posi\u0142ek<\/h1>\n<p>ICONFIT Diet Shake to pyszny i zbilansowany zamiennik posi\u0142ku, kt\u00f3ry pomaga schudn\u0105\u0107. Ka\u017cdy bogaty w sk\u0142adniki od\u017cywcze koktajl dostarcza du\u017c\u0105 ilo\u015b\u0107 bia\u0142ka, b\u0142onnika, kolagenu, ekstraktu z zielonej herbaty wspomagaj\u0105cego spalanie t\u0142uszczu oraz 23 niezb\u0119dne witaminy i minera\u0142y. Koktajl zawieraj\u0105cy tylko 210 kcal zapewnia uczucie syto\u015bci na kilka godzin, wspieraj\u0105c jednocze\u015bnie diet\u0119 niskokaloryczn\u0105.  <\/p>\n<p>Zawarto\u015b\u0107 ponad 27% bia\u0142ka i ponad 7% b\u0142onnika sprawia, \u017ce koktajl jest doskona\u0142ym zamiennikiem wysokokalorycznego posi\u0142ku g\u0142\u00f3wnego. Do wyboru s\u0105 cztery smaki, a przygotowanie koktajlu w shakerze z wod\u0105 jest proste i przyjemne. CLA i ekstrakt z zielonej herbaty wspomagaj\u0105 spalanie t\u0142uszczu, pomagaj\u0105c zachowa\u0107 uczucie syto\u015bci i nisk\u0105 dzienn\u0105 kaloryczno\u015b\u0107.  <\/p>\n<p><img fetchpriority=\"high\" decoding=\"async\" class=\"alignnone wp-image-20885 size-thumbnail\" src=\"https:\/\/toidupakk.ee\/wp-content\/uploads\/2024\/03\/ICONFIT-Diet-Shake-sokolaadi-ja-seikeriga-500x500.jpeg\" alt=\"\" width=\"500\" height=\"500\" srcset=\"https:\/\/toidupakk.ee\/wp-content\/uploads\/2024\/03\/ICONFIT-Diet-Shake-sokolaadi-ja-seikeriga-500x500.jpeg 500w, https:\/\/toidupakk.ee\/wp-content\/uploads\/2024\/03\/ICONFIT-Diet-Shake-sokolaadi-ja-seikeriga-400x400.jpeg 400w, https:\/\/toidupakk.ee\/wp-content\/uploads\/2024\/03\/ICONFIT-Diet-Shake-sokolaadi-ja-seikeriga-100x100.jpeg 100w\" sizes=\"(max-width: 500px) 100vw, 500px\" \/><\/p>\n<h2>ICONFIT Diet Shake i dzienna dawka kolagenu<\/h2>\n<p>Koktajle dietetyczne zawieraj\u0105 kolagen, zapewniaj\u0105c niezb\u0119dn\u0105 dzienn\u0105 dawk\u0119 (10 g) przy spo\u017cyciu trzech koktajli dziennie. Prebiotyczny b\u0142onnik inulina wspomaga trawienie, a mikrosk\u0142adniki z 23 r\u00f3\u017cnych witamin i minera\u0142\u00f3w uzupe\u0142niaj\u0105 organizm. <\/p>\n<p>Produkty ICONFIT oferuj\u0105 doskona\u0142e smaki, wysokiej jako\u015bci sk\u0142adniki i skuteczne rezultaty. To najprostszy spos\u00f3b na utrat\u0119 lub utrzymanie wagi, zawieraj\u0105cy tylko najlepsze sk\u0142adniki funkcjonalne. Diet Shake wspiera organizm r\u00f3wnomiern\u0105 energi\u0105, zast\u0119puj\u0105c wysokokaloryczne potrawy lekkimi i niskokalorycznymi (208\u2013211 kcal) koktajlami.  <\/p>\n<p>Jako naukowo udowodniona metoda odchudzania, ICONFIT Diet Shake jest wzbogacony o bia\u0142ko, b\u0142onnik, witaminy i minera\u0142y, wspieraj\u0105c r\u00f3wnie\u017c spalanie t\u0142uszczu dzi\u0119ki ekstraktowi z zielonej herbaty. Mo\u017cesz mie\u0107 przy sobie batony ICONBAR (208\u2013211 kcal), kt\u00f3re idealnie komponuj\u0105 si\u0119 z koktajlami Diet Shake, zapewniaj\u0105c syto\u015b\u0107 i energi\u0119. <\/p>\n<p>ICONFIT Diet Shake wykorzystuje Palatinose\u2122 o niskim indeksie glikemicznym jako \u017ar\u00f3d\u0142o w\u0119glowodan\u00f3w, zapewniaj\u0105c organizmowi d\u0142ugotrwa\u0142e zapasy energii. Naturalny b\u0142onnik z inuliny pomaga utrzyma\u0107 prawid\u0142owe funkcje uk\u0142adu trawiennego i przed\u0142u\u017ca uczucie syto\u015bci. <\/p>\n<p><img decoding=\"async\" class=\"alignnone wp-image-20880 size-thumbnail\" src=\"https:\/\/toidupakk.ee\/wp-content\/uploads\/2024\/03\/ICONFIT-Diet-Shake-5-500x500.jpg\" alt=\"\" width=\"500\" height=\"500\" srcset=\"https:\/\/toidupakk.ee\/wp-content\/uploads\/2024\/03\/ICONFIT-Diet-Shake-5-500x500.jpg 500w, https:\/\/toidupakk.ee\/wp-content\/uploads\/2024\/03\/ICONFIT-Diet-Shake-5-400x400.jpg 400w, https:\/\/toidupakk.ee\/wp-content\/uploads\/2024\/03\/ICONFIT-Diet-Shake-5-100x100.jpg 100w, https:\/\/toidupakk.ee\/wp-content\/uploads\/2024\/03\/ICONFIT-Diet-Shake-5-800x800.jpg 800w, https:\/\/toidupakk.ee\/wp-content\/uploads\/2024\/03\/ICONFIT-Diet-Shake-5-300x300.jpg 300w, https:\/\/toidupakk.ee\/wp-content\/uploads\/2024\/03\/ICONFIT-Diet-Shake-5-1024x1024.jpg 1024w, https:\/\/toidupakk.ee\/wp-content\/uploads\/2024\/03\/ICONFIT-Diet-Shake-5-768x768.jpg 768w, https:\/\/toidupakk.ee\/wp-content\/uploads\/2024\/03\/ICONFIT-Diet-Shake-5.jpg 1080w\" sizes=\"(max-width: 500px) 100vw, 500px\" \/><\/p>\n<h3>Jako\u015b\u0107 i troska ICONFIT<\/h3>\n<p>Produkty ICONFIT s\u0105 opracowywane w Estonii i bazuj\u0105 na najwy\u017cszych europejskich standardach jako\u015bci. Tworzymy nasze produkty we wsp\u00f3\u0142pracy ze specjalistami ds. \u017cywienia, sportowcami i technologami \u017cywno\u015bci. <\/p>\n<p>Produkty ICONFIT nie zawieraj\u0105 niepotrzebnych sztucznych stabilizator\u00f3w, barwnik\u00f3w ani konserwant\u00f3w. Nasi klienci wracaj\u0105 do nas wielokrotnie dzi\u0119ki naszej jako\u015bci, czysto\u015bci i \u015bwietnym smakom. <\/p>\n<p><img decoding=\"async\" class=\"alignnone wp-image-15624 size-medium\" src=\"https:\/\/toidupakk.ee\/wp-content\/uploads\/2023\/11\/ICONFIT-kollageeni-pulber-liigestele-5-300x300.png\" alt=\"logo iconfit\" width=\"300\" height=\"300\" srcset=\"https:\/\/toidupakk.ee\/wp-content\/uploads\/2023\/11\/ICONFIT-kollageeni-pulber-liigestele-5-300x300.png 300w, https:\/\/toidupakk.ee\/wp-content\/uploads\/2023\/11\/ICONFIT-kollageeni-pulber-liigestele-5-400x400.png 400w, https:\/\/toidupakk.ee\/wp-content\/uploads\/2023\/11\/ICONFIT-kollageeni-pulber-liigestele-5-100x100.png 100w, https:\/\/toidupakk.ee\/wp-content\/uploads\/2023\/11\/ICONFIT-kollageeni-pulber-liigestele-5-500x500.png 500w, https:\/\/toidupakk.ee\/wp-content\/uploads\/2023\/11\/ICONFIT-kollageeni-pulber-liigestele-5-768x768.png 768w, https:\/\/toidupakk.ee\/wp-content\/uploads\/2023\/11\/ICONFIT-kollageeni-pulber-liigestele-5.png 800w\" sizes=\"(max-width: 300px) 100vw, 300px\" \/><\/p>\n<p>Interesuje Ci\u0119 sprz\u0119t turystyczny? Sprawd\u017a szczeg\u00f3\u0142y <a href=\"https:\/\/toidupakk.ee\/pl\/tootekategooria\/sprzet-turystyczny\/#section-3-79\">TUTAJ<\/a><\/p>\n<p>Interesuj\u0105 Ci\u0119 posi\u0142ki turystyczne? Zobacz <a href=\"https:\/\/toidupakk.ee\/pl\/tootekategooria\/dania-glowne\/\">TUTAJ<\/a><\/p>\n<p>Znajd\u017a inspiracj\u0119 na kolejne przygody na <a href=\"https:\/\/www.instagram.com\/toidupakk\/\">Instagramie<\/a> i <a href=\"https:\/\/www.facebook.com\/Toidupakk\/\">Facebooku<\/a> Toidupakk.<\/p>\n","protected":false},"excerpt":{"rendered":"<div class=\"\" data-block=\"true\" data-editor=\"c3fd1\" data-offset-key=\"3p28m-0-0\">\n<div class=\"_1mf _1mj\" data-offset-key=\"3p28m-0-0\">\n<p><strong>Ci\u0105gle burczy Ci w brzuchu, a apetyt przeszkadza w koncentracji? ICONFIT Diet Shake pomo\u017ce Ci schudn\u0105\u0107 dzi\u0119ki pysznym i zbilansowanym koktajlom zast\u0119puj\u0105cym posi\u0142ek. Koktajle ICONFIT Diet Shake zapewniaj\u0105 syto\u015b\u0107 na d\u0142u\u017cej i smakuj\u0105 wy\u015bmienicie.  <\/strong><\/p>\n<ul>\n<li>Pomaga schudn\u0105\u0107 dzi\u0119ki pysznym i zbilansowanym koktajlom zast\u0119puj\u0105cym posi\u0142ek.<\/li>\n<li>Ka\u017cda porcja Diet Shake jest bogata w bia\u0142ko, b\u0142onnik, witaminy, minera\u0142y i inne wa\u017cne sk\u0142adniki od\u017cywcze.<\/li>\n<li>Sk\u0142ad zawiera r\u00f3wnie\u017c ekstrakt z zielonej herbaty wspomagaj\u0105cy spalanie t\u0142uszczu.<\/li>\n<li>Zbilansowana receptura wspiera utrat\u0119 wagi<\/li>\n<li>Najprostszy i najprzyjemniejszy spos\u00f3b na utrat\u0119 lub utrzymanie wagi. Mo\u017cesz wybiera\u0107 spo\u015br\u00f3d czterech smak\u00f3w, a koktajle s\u0105 wyj\u0105tkowo \u0142atwe w przygotowaniu. <a href=\"https:\/\/toidupakk.ee\/toode\/shaker-800ml-iconfit\/\">Wymieszaj w shakerze<\/a> z wod\u0105 i gotowe! <\/li>\n<li>Wysoka zawarto\u015b\u0107 bia\u0142ka (ponad 27%) i b\u0142onnika (ponad 7%) oraz niska kaloryczno\u015b\u0107 (tylko 208\u2013211 kcal na koktajl). Zast\u0105p jeden kaloryczny posi\u0142ek g\u0142\u00f3wny lekkim koktajlem dietetycznym. <\/li>\n<li>Kolagen \u2013 pij\u0105c co najmniej 3 koktajle dietetyczne dziennie, otrzymasz niezb\u0119dn\u0105 dzienn\u0105 dawk\u0119 (10 g) kolagenu.<\/li>\n<li>Prebiotyczny b\u0142onnik inulina wspomaga trawienie.<\/li>\n<li>Mikrosk\u0142adniki z 23 r\u00f3\u017cnych witamin i minera\u0142\u00f3w.<\/li>\n<li><strong>4 r\u00f3\u017cne smaki dla urozmaicenia: TRUSKAWKA, CZEKOLADA, POMARA\u0143CZA i WANILIA<\/strong><\/li>\n<\/ul>\n<p>\u2705 Dost\u0119pne w magazynie, szybka dostawa w 1\u20133 dni robocze<\/p>\n<\/div>\n<\/div>\n","protected":false},"featured_media":20875,"comment_status":"open","ping_status":"closed","template":"","meta":{"_acf_changed":false},"product_brand":[],"product_cat":[303,362,382,301,361],"product_tag":[],"class_list":{"0":"post-50823","1":"product","2":"type-product","3":"status-publish","4":"has-post-thumbnail","6":"product_cat-akcesoria-turystyczne","7":"product_cat-odchudzanie","8":"product_cat-proszki","9":"product_cat-sprzet-turystyczny","10":"product_cat-suplementy-diety","12":"first","13":"instock","14":"sale","15":"taxable","16":"shipping-taxable","17":"purchasable","18":"product-type-variable","19":"has-default-attributes"},"bundled_by":[],"bundle_stock_status":"instock","bundle_stock_quantity":null,"bundle_virtual":false,"bundle_layout":"","bundle_add_to_cart_form_location":"","bundle_editable_in_cart":false,"bundle_sold_individually_context":"","bundle_item_grouping":"","bundle_min_size":"","bundle_max_size":"","bundle_price":[],"bundled_items":[],"bundle_sell_ids":[],"acf":[],"yoast_head":"<!-- This site is optimized with the Yoast SEO plugin v27.3 - https:\/\/yoast.com\/product\/yoast-seo-wordpress\/ -->\n<title>ICONFIT Diet Shake (495 g)<\/title>\n<meta name=\"description\" content=\"ICONFIT Diet Shake pomaga schudn\u0105\u0107 dzi\u0119ki pysznym i zbilansowanym koktajlom zast\u0119puj\u0105cym posi\u0142ek. Zapobiegaj\u0105 one uczuciu g\u0142odu.\" \/>\n<meta name=\"robots\" content=\"index, follow, max-snippet:-1, max-image-preview:large, max-video-preview:-1\" \/>\n<link rel=\"canonical\" href=\"https:\/\/toidupakk.ee\/pl\/toode\/iconfit-diet-shake-495-g\/\" \/>\n<meta property=\"og:locale\" content=\"pl_PL\" \/>\n<meta property=\"og:type\" content=\"article\" \/>\n<meta property=\"og:title\" content=\"ICONFIT Diet Shake (495 g)\" \/>\n<meta property=\"og:description\" content=\"ICONFIT Diet Shake pomaga schudn\u0105\u0107 dzi\u0119ki pysznym i zbilansowanym koktajlom zast\u0119puj\u0105cym posi\u0142ek. Zapobiegaj\u0105 one uczuciu g\u0142odu.\" \/>\n<meta property=\"og:url\" content=\"https:\/\/toidupakk.ee\/pl\/toode\/iconfit-diet-shake-495-g\/\" \/>\n<meta property=\"og:site_name\" content=\"Toidupakk.ee - Tactical Foodpack toidupakid\" \/>\n<meta property=\"article:publisher\" content=\"https:\/\/www.facebook.com\/Toidupakk\" \/>\n<meta property=\"article:modified_time\" content=\"2026-04-29T22:01:50+00:00\" \/>\n<meta property=\"og:image\" content=\"https:\/\/toidupakk.ee\/wp-content\/uploads\/2024\/03\/ICONFIT-Diet-Shake-3.png\" \/>\n\t<meta property=\"og:image:width\" content=\"1080\" \/>\n\t<meta property=\"og:image:height\" content=\"1080\" \/>\n\t<meta property=\"og:image:type\" content=\"image\/png\" \/>\n<meta name=\"twitter:card\" content=\"summary_large_image\" \/>\n<meta name=\"twitter:label1\" content=\"Szacowany czas czytania\" \/>\n\t<meta name=\"twitter:data1\" content=\"2 minuty\" \/>\n<script type=\"application\/ld+json\" class=\"yoast-schema-graph\">{\"@context\":\"https:\\\/\\\/schema.org\",\"@graph\":[{\"@type\":\"WebPage\",\"@id\":\"https:\\\/\\\/toidupakk.ee\\\/pl\\\/toode\\\/iconfit-diet-shake-495-g\\\/\",\"url\":\"https:\\\/\\\/toidupakk.ee\\\/pl\\\/toode\\\/iconfit-diet-shake-495-g\\\/\",\"name\":\"ICONFIT Diet Shake (495 g)\",\"isPartOf\":{\"@id\":\"https:\\\/\\\/toidupakk.ee\\\/pl\\\/#website\"},\"primaryImageOfPage\":{\"@id\":\"https:\\\/\\\/toidupakk.ee\\\/pl\\\/toode\\\/iconfit-diet-shake-495-g\\\/#primaryimage\"},\"image\":{\"@id\":\"https:\\\/\\\/toidupakk.ee\\\/pl\\\/toode\\\/iconfit-diet-shake-495-g\\\/#primaryimage\"},\"thumbnailUrl\":\"https:\\\/\\\/toidupakk.ee\\\/wp-content\\\/uploads\\\/2024\\\/03\\\/ICONFIT-Diet-Shake-3.png\",\"datePublished\":\"2024-03-05T12:48:51+00:00\",\"dateModified\":\"2026-04-29T22:01:50+00:00\",\"description\":\"ICONFIT Diet Shake pomaga schudn\u0105\u0107 dzi\u0119ki pysznym i zbilansowanym koktajlom zast\u0119puj\u0105cym posi\u0142ek. Zapobiegaj\u0105 one uczuciu g\u0142odu.\",\"breadcrumb\":{\"@id\":\"https:\\\/\\\/toidupakk.ee\\\/pl\\\/toode\\\/iconfit-diet-shake-495-g\\\/#breadcrumb\"},\"inLanguage\":\"pl-PL\",\"potentialAction\":[{\"@type\":\"ReadAction\",\"target\":[\"https:\\\/\\\/toidupakk.ee\\\/pl\\\/toode\\\/iconfit-diet-shake-495-g\\\/\"]}]},{\"@type\":\"ImageObject\",\"inLanguage\":\"pl-PL\",\"@id\":\"https:\\\/\\\/toidupakk.ee\\\/pl\\\/toode\\\/iconfit-diet-shake-495-g\\\/#primaryimage\",\"url\":\"https:\\\/\\\/toidupakk.ee\\\/wp-content\\\/uploads\\\/2024\\\/03\\\/ICONFIT-Diet-Shake-3.png\",\"contentUrl\":\"https:\\\/\\\/toidupakk.ee\\\/wp-content\\\/uploads\\\/2024\\\/03\\\/ICONFIT-Diet-Shake-3.png\",\"width\":1080,\"height\":1080,\"caption\":\"Diet shake apelsini maitseline\"},{\"@type\":\"BreadcrumbList\",\"@id\":\"https:\\\/\\\/toidupakk.ee\\\/pl\\\/toode\\\/iconfit-diet-shake-495-g\\\/#breadcrumb\",\"itemListElement\":[{\"@type\":\"ListItem\",\"position\":1,\"name\":\"Avaleht\",\"item\":\"https:\\\/\\\/toidupakk.ee\\\/pl\\\/\"},{\"@type\":\"ListItem\",\"position\":2,\"name\":\"Sklep internetowy\",\"item\":\"https:\\\/\\\/toidupakk.ee\\\/pl\\\/sklep-internetowy\\\/\"},{\"@type\":\"ListItem\",\"position\":3,\"name\":\"ICONFIT Diet Shake (495 g)\"}]},{\"@type\":\"WebSite\",\"@id\":\"https:\\\/\\\/toidupakk.ee\\\/pl\\\/#website\",\"url\":\"https:\\\/\\\/toidupakk.ee\\\/pl\\\/\",\"name\":\"Toidupakk.ee - Tactical Foodpack toidupakid\",\"description\":\"Tactical Foodpack k\u00fclmkuivatatud toidupakid ja matkaeined\",\"publisher\":{\"@id\":\"https:\\\/\\\/toidupakk.ee\\\/pl\\\/#organization\"},\"potentialAction\":[{\"@type\":\"SearchAction\",\"target\":{\"@type\":\"EntryPoint\",\"urlTemplate\":\"https:\\\/\\\/toidupakk.ee\\\/pl\\\/?s={search_term_string}\"},\"query-input\":{\"@type\":\"PropertyValueSpecification\",\"valueRequired\":true,\"valueName\":\"search_term_string\"}}],\"inLanguage\":\"pl-PL\"},{\"@type\":\"Organization\",\"@id\":\"https:\\\/\\\/toidupakk.ee\\\/pl\\\/#organization\",\"name\":\"Tactical Foodpack matkaeined\",\"url\":\"https:\\\/\\\/toidupakk.ee\\\/pl\\\/\",\"logo\":{\"@type\":\"ImageObject\",\"inLanguage\":\"pl-PL\",\"@id\":\"https:\\\/\\\/toidupakk.ee\\\/pl\\\/#\\\/schema\\\/logo\\\/image\\\/\",\"url\":\"https:\\\/\\\/toidupakk.ee\\\/wp-content\\\/uploads\\\/2022\\\/01\\\/Toidupakk-matkapood-logo-transparent.png\",\"contentUrl\":\"https:\\\/\\\/toidupakk.ee\\\/wp-content\\\/uploads\\\/2022\\\/01\\\/Toidupakk-matkapood-logo-transparent.png\",\"width\":500,\"height\":500,\"caption\":\"Tactical Foodpack matkaeined\"},\"image\":{\"@id\":\"https:\\\/\\\/toidupakk.ee\\\/pl\\\/#\\\/schema\\\/logo\\\/image\\\/\"},\"sameAs\":[\"https:\\\/\\\/www.facebook.com\\\/Toidupakk\",\"https:\\\/\\\/www.instagram.com\\\/toidupakk\\\/\"]}]}<\/script>\n<!-- \/ Yoast SEO plugin. -->","yoast_head_json":{"title":"ICONFIT Diet Shake (495 g)","description":"ICONFIT Diet Shake pomaga schudn\u0105\u0107 dzi\u0119ki pysznym i zbilansowanym koktajlom zast\u0119puj\u0105cym posi\u0142ek. Zapobiegaj\u0105 one uczuciu g\u0142odu.","robots":{"index":"index","follow":"follow","max-snippet":"max-snippet:-1","max-image-preview":"max-image-preview:large","max-video-preview":"max-video-preview:-1"},"canonical":"https:\/\/toidupakk.ee\/pl\/toode\/iconfit-diet-shake-495-g\/","og_locale":"pl_PL","og_type":"article","og_title":"ICONFIT Diet Shake (495 g)","og_description":"ICONFIT Diet Shake pomaga schudn\u0105\u0107 dzi\u0119ki pysznym i zbilansowanym koktajlom zast\u0119puj\u0105cym posi\u0142ek. Zapobiegaj\u0105 one uczuciu g\u0142odu.","og_url":"https:\/\/toidupakk.ee\/pl\/toode\/iconfit-diet-shake-495-g\/","og_site_name":"Toidupakk.ee - Tactical Foodpack toidupakid","article_publisher":"https:\/\/www.facebook.com\/Toidupakk","article_modified_time":"2026-04-29T22:01:50+00:00","og_image":[{"width":1080,"height":1080,"url":"https:\/\/toidupakk.ee\/wp-content\/uploads\/2024\/03\/ICONFIT-Diet-Shake-3.png","type":"image\/png"}],"twitter_card":"summary_large_image","twitter_misc":{"Szacowany czas czytania":"2 minuty"},"schema":{"@context":"https:\/\/schema.org","@graph":[{"@type":"WebPage","@id":"https:\/\/toidupakk.ee\/pl\/toode\/iconfit-diet-shake-495-g\/","url":"https:\/\/toidupakk.ee\/pl\/toode\/iconfit-diet-shake-495-g\/","name":"ICONFIT Diet Shake (495 g)","isPartOf":{"@id":"https:\/\/toidupakk.ee\/pl\/#website"},"primaryImageOfPage":{"@id":"https:\/\/toidupakk.ee\/pl\/toode\/iconfit-diet-shake-495-g\/#primaryimage"},"image":{"@id":"https:\/\/toidupakk.ee\/pl\/toode\/iconfit-diet-shake-495-g\/#primaryimage"},"thumbnailUrl":"https:\/\/toidupakk.ee\/wp-content\/uploads\/2024\/03\/ICONFIT-Diet-Shake-3.png","datePublished":"2024-03-05T12:48:51+00:00","dateModified":"2026-04-29T22:01:50+00:00","description":"ICONFIT Diet Shake pomaga schudn\u0105\u0107 dzi\u0119ki pysznym i zbilansowanym koktajlom zast\u0119puj\u0105cym posi\u0142ek. Zapobiegaj\u0105 one uczuciu g\u0142odu.","breadcrumb":{"@id":"https:\/\/toidupakk.ee\/pl\/toode\/iconfit-diet-shake-495-g\/#breadcrumb"},"inLanguage":"pl-PL","potentialAction":[{"@type":"ReadAction","target":["https:\/\/toidupakk.ee\/pl\/toode\/iconfit-diet-shake-495-g\/"]}]},{"@type":"ImageObject","inLanguage":"pl-PL","@id":"https:\/\/toidupakk.ee\/pl\/toode\/iconfit-diet-shake-495-g\/#primaryimage","url":"https:\/\/toidupakk.ee\/wp-content\/uploads\/2024\/03\/ICONFIT-Diet-Shake-3.png","contentUrl":"https:\/\/toidupakk.ee\/wp-content\/uploads\/2024\/03\/ICONFIT-Diet-Shake-3.png","width":1080,"height":1080,"caption":"Diet shake apelsini maitseline"},{"@type":"BreadcrumbList","@id":"https:\/\/toidupakk.ee\/pl\/toode\/iconfit-diet-shake-495-g\/#breadcrumb","itemListElement":[{"@type":"ListItem","position":1,"name":"Avaleht","item":"https:\/\/toidupakk.ee\/pl\/"},{"@type":"ListItem","position":2,"name":"Sklep internetowy","item":"https:\/\/toidupakk.ee\/pl\/sklep-internetowy\/"},{"@type":"ListItem","position":3,"name":"ICONFIT Diet Shake (495 g)"}]},{"@type":"WebSite","@id":"https:\/\/toidupakk.ee\/pl\/#website","url":"https:\/\/toidupakk.ee\/pl\/","name":"Toidupakk.ee - Tactical Foodpack toidupakid","description":"Tactical Foodpack k\u00fclmkuivatatud toidupakid ja matkaeined","publisher":{"@id":"https:\/\/toidupakk.ee\/pl\/#organization"},"potentialAction":[{"@type":"SearchAction","target":{"@type":"EntryPoint","urlTemplate":"https:\/\/toidupakk.ee\/pl\/?s={search_term_string}"},"query-input":{"@type":"PropertyValueSpecification","valueRequired":true,"valueName":"search_term_string"}}],"inLanguage":"pl-PL"},{"@type":"Organization","@id":"https:\/\/toidupakk.ee\/pl\/#organization","name":"Tactical Foodpack matkaeined","url":"https:\/\/toidupakk.ee\/pl\/","logo":{"@type":"ImageObject","inLanguage":"pl-PL","@id":"https:\/\/toidupakk.ee\/pl\/#\/schema\/logo\/image\/","url":"https:\/\/toidupakk.ee\/wp-content\/uploads\/2022\/01\/Toidupakk-matkapood-logo-transparent.png","contentUrl":"https:\/\/toidupakk.ee\/wp-content\/uploads\/2022\/01\/Toidupakk-matkapood-logo-transparent.png","width":500,"height":500,"caption":"Tactical Foodpack matkaeined"},"image":{"@id":"https:\/\/toidupakk.ee\/pl\/#\/schema\/logo\/image\/"},"sameAs":["https:\/\/www.facebook.com\/Toidupakk","https:\/\/www.instagram.com\/toidupakk\/"]}]}},"jetpack_sharing_enabled":true,"_links":{"self":[{"href":"https:\/\/toidupakk.ee\/pl\/wp-json\/wp\/v2\/product\/50823","targetHints":{"allow":["GET"]}}],"collection":[{"href":"https:\/\/toidupakk.ee\/pl\/wp-json\/wp\/v2\/product"}],"about":[{"href":"https:\/\/toidupakk.ee\/pl\/wp-json\/wp\/v2\/types\/product"}],"replies":[{"embeddable":true,"href":"https:\/\/toidupakk.ee\/pl\/wp-json\/wp\/v2\/comments?post=50823"}],"wp:featuredmedia":[{"embeddable":true,"href":"https:\/\/toidupakk.ee\/pl\/wp-json\/wp\/v2\/media\/20875"}],"wp:attachment":[{"href":"https:\/\/toidupakk.ee\/pl\/wp-json\/wp\/v2\/media?parent=50823"}],"wp:term":[{"taxonomy":"product_brand","embeddable":true,"href":"https:\/\/toidupakk.ee\/pl\/wp-json\/wp\/v2\/product_brand?post=50823"},{"taxonomy":"product_cat","embeddable":true,"href":"https:\/\/toidupakk.ee\/pl\/wp-json\/wp\/v2\/product_cat?post=50823"},{"taxonomy":"product_tag","embeddable":true,"href":"https:\/\/toidupakk.ee\/pl\/wp-json\/wp\/v2\/product_tag?post=50823"}],"curies":[{"name":"wp","href":"https:\/\/api.w.org\/{rel}","templated":true}]}}