{"id":50793,"date":"2024-03-04T15:08:21","date_gmt":"2024-03-04T13:08:21","guid":{"rendered":"https:\/\/toidupakk.ee\/toode\/sledzie-do-namiotu-peakpro-extra-wide-zestaw-10-szt\/"},"modified":"2026-04-15T00:30:55","modified_gmt":"2026-04-14T21:30:55","slug":"sledzie-do-namiotu-peakpro-extra-wide-zestaw-10-szt","status":"publish","type":"product","link":"https:\/\/toidupakk.ee\/pl\/toode\/sledzie-do-namiotu-peakpro-extra-wide-zestaw-10-szt\/","title":{"rendered":"\u015aledzie do namiotu PeakPro Extra Wide (zestaw 10 szt.)"},"content":{"rendered":"<h1><img fetchpriority=\"high\" decoding=\"async\" class=\"alignright wp-image-20845 size-thumbnail\" style=\"font-size: 16px; font-weight: 400;\" src=\"https:\/\/toidupakk.ee\/wp-content\/uploads\/2024\/03\/Telgivaiad-tugevad-ekstra-laiad-4-500x500.png\" alt=\"zestaw \u015bledzi do namiotu\" width=\"500\" height=\"500\" srcset=\"https:\/\/toidupakk.ee\/wp-content\/uploads\/2024\/03\/Telgivaiad-tugevad-ekstra-laiad-4-500x500.png 500w, https:\/\/toidupakk.ee\/wp-content\/uploads\/2024\/03\/Telgivaiad-tugevad-ekstra-laiad-4-400x400.png 400w, https:\/\/toidupakk.ee\/wp-content\/uploads\/2024\/03\/Telgivaiad-tugevad-ekstra-laiad-4-100x100.png 100w, https:\/\/toidupakk.ee\/wp-content\/uploads\/2024\/03\/Telgivaiad-tugevad-ekstra-laiad-4-300x300.png 300w, https:\/\/toidupakk.ee\/wp-content\/uploads\/2024\/03\/Telgivaiad-tugevad-ekstra-laiad-4-768x768.png 768w, https:\/\/toidupakk.ee\/wp-content\/uploads\/2024\/03\/Telgivaiad-tugevad-ekstra-laiad-4.png 800w\" sizes=\"(max-width: 500px) 100vw, 500px\" \/><\/h1>\n<h1>\u015aledzie do namiotu, kt\u00f3re si\u0119 nie wyginaj\u0105<\/h1>\n<p>Ten zestaw zawiera dziesi\u0119\u0107 mocnych i szerokich \u015bledzi, przeznaczonych do u\u017cytku z r\u00f3\u017cnymi namiotami turystycznymi. Doskonale sprawdzaj\u0105 si\u0119 na r\u00f3\u017cnych pod\u0142o\u017cach i terenach, szczeg\u00f3lnie na piasku lub mi\u0119kkiej glebie. Zapomnij o martwieniu si\u0119 wygi\u0119tymi lub skrzywionymi cienkimi szpilkami \u2013 <strong>wytrzyma\u0142e \u015bledzie w kszta\u0142cie litery V zosta\u0142y stworzone, by przetrwa\u0107 wszystko.<\/strong>  <\/p>\n<p>Szersza powierzchnia \u015bledzi sprawia, \u017ce ich <strong>wbijanie w ziemi\u0119 jest wygodniejsze i zmniejsza ryzyko wygi\u0119cia<\/strong>. Dzi\u0119ki stali nierdzewnej s\u0105 <strong>odporne na korozj\u0119 i zapewniaj\u0105 d\u0142ugotrwa\u0142e u\u017cytkowanie<\/strong>. Ponadto \u015bledzie zosta\u0142y zaprojektowane tak, aby pewnie trzyma\u0142y namiot przytwierdzony do pod\u0142o\u017ca, gwarantuj\u0105c bezpieczne biwakowanie. <strong>W przypadku twardszego pod\u0142o\u017ca<\/strong>, w kt\u00f3re trudno wbi\u0107 \u015bledzie si\u0142\u0105 r\u0105k (np. teren kamienisty), mo\u017cesz je wbi\u0107 obuchem siekiery, m\u0142otkiem, kawa\u0142kiem drewna lub kamieniem.  <\/p>\n<h2>\u015aledzie do namiotu, kt\u00f3re tak \u0142atwo nie zgin\u0105<\/h2>\n<p><strong>Zestaw zawiera dziesi\u0119\u0107 mocnych \u015bledzi<\/strong> o grubo\u015bci 22 mm i d\u0142ugo\u015bci 24 cm \u2013 <strong>s\u0105 na tyle solidne, \u017ce nie pozostan\u0105 niezauwa\u017cone w terenie i nie zgubi\u0105 si\u0119<\/strong>. Waga jednego \u015bledzia to 85 g, zatem ca\u0142y zestaw wa\u017cy 850 g. <\/p>\n<p>Szybki czas dostawy (1-3 dni robocze) gwarantuje, \u017ce b\u0142yskawicznie otrzymasz swoje \u015bledzie, a oferowane przez nas korzy\u015bci, takie jak darmowe zwroty i wymiany oraz mo\u017cliwo\u015b\u0107 zakupu teraz i zap\u0142aty p\u00f3\u017aniej bez odsetek, sprawiaj\u0105, \u017ce proces zakupu jest prosty i wygodny. Nie przegap okazji, by mie\u0107 mocne i niezawodne \u015bledzie do namiotu \u2013 zam\u00f3w je teraz i zacznij beztroskie biwakowanie! <\/p>\n<p>Sprawd\u017a inne akcesoria turystyczne <a href=\"https:\/\/toidupakk.ee\/pl\/tootekategooria\/sprzet-turystyczny\/#section-3-79\">TUTAJ<\/a><\/p>\n<p>Interesuj\u0105 Ci\u0119 posi\u0142ki turystyczne? Zobacz <a href=\"https:\/\/toidupakk.ee\/pl\/tootekategooria\/zywnosc-turystyczna\/\">TUTAJ<\/a><\/p>\n<p>Znajd\u017a inspiracj\u0119 na kolejne przygody na <a href=\"https:\/\/www.instagram.com\/toidupakk\/\">Instagramie<\/a> i <a href=\"https:\/\/www.facebook.com\/Toidupakk\/\">Facebooku<\/a> Toidupakk.<\/p>\n","protected":false},"excerpt":{"rendered":"<p><strong>Masz do\u015b\u0107 cienkich \u015bledzi, kt\u00f3re wyginaj\u0105 si\u0119 przy wbijaniu w ziemi\u0119 i ci\u0105gle gin\u0105? My te\u017c! Z tego powodu w naszej ofercie znajdziesz teraz porz\u0105dny zestaw mocnych i szerokich \u015bledzi, kt\u00f3re s\u0105 trwa\u0142e i wygodne w u\u017cyciu. W zestawie 10 wytrzyma\u0142ych \u015bledzi.   <\/strong><\/p>\n<ul>\n<li><strong>Mocne \u015bledzie<\/strong> w kszta\u0142cie litery V<\/li>\n<li>Wykonane ze<strong> stali nierdzewnej<\/strong><\/li>\n<li>Do u\u017cytku z r\u00f3\u017cnymi namiotami turystycznymi<\/li>\n<li>Nadaj\u0105 si\u0119 do r\u00f3\u017cnych rodzaj\u00f3w pod\u0142o\u017ca i terenu<\/li>\n<li>Idealne do piasku lub mi\u0119kkiej gleby<\/li>\n<li><strong>Nie wyginaj\u0105 si\u0119 podczas wbijania w ziemi\u0119<\/strong><\/li>\n<li><strong>Wygodniejszy monta\u017c<\/strong> dzi\u0119ki szerszej powierzchni<\/li>\n<li>Mocno trzymaj\u0105 namiot przytwierdzony do pod\u0142o\u017ca<\/li>\n<li><strong>Nie gubi\u0105 si\u0119 tak \u0142atwo<\/strong>, poniewa\u017c \u0142atwiej je zauwa\u017cy\u0107<\/li>\n<li><strong>W zestawie 10 szt.<\/strong><\/li>\n<li>Kolor: Srebrny metalik<\/li>\n<li>D\u0142ugo\u015b\u0107: 24 cm<\/li>\n<li>Szeroko\u015b\u0107: 2,2 cm<\/li>\n<li>Waga: 85 g (zestaw 850 g)<\/li>\n<\/ul>\n<p>\u2705 Dost\u0119pne w magazynie, szybka dostawa w 1-3 dni robocze<br \/>\n\u2705 Kup teraz, zap\u0142a\u0107 p\u00f3\u017aniej (RRSO 0%)<\/p>\n","protected":false},"featured_media":20844,"comment_status":"open","ping_status":"closed","template":"","meta":{"_acf_changed":false},"product_brand":[],"product_cat":[303,312,314,301],"product_tag":[],"class_list":{"0":"post-50793","1":"product","2":"type-product","3":"status-publish","4":"has-post-thumbnail","6":"product_cat-akcesoria-turystyczne","7":"product_cat-namioty","8":"product_cat-nocowanie-w-naturze","9":"product_cat-sprzet-turystyczny","11":"first","12":"instock","13":"sale","14":"taxable","15":"shipping-taxable","16":"purchasable","17":"product-type-simple"},"bundled_by":[],"bundle_stock_status":"instock","bundle_stock_quantity":5,"bundle_virtual":false,"bundle_layout":"","bundle_add_to_cart_form_location":"","bundle_editable_in_cart":false,"bundle_sold_individually_context":"","bundle_item_grouping":"","bundle_min_size":"","bundle_max_size":"","bundle_price":[],"bundled_items":[],"bundle_sell_ids":[],"acf":[],"yoast_head":"<!-- This site is optimized with the Yoast SEO plugin v27.3 - https:\/\/yoast.com\/product\/yoast-seo-wordpress\/ -->\n<title>\u015aledzie do namiotu PeakPro Extra Wide (zestaw 10 szt.)<\/title>\n<meta name=\"description\" content=\"\u015aledzie do namiotu, kt\u00f3re si\u0119 nie wyginaj\u0105. Masz do\u015b\u0107 cienkich \u015bledzi, kt\u00f3re wyginaj\u0105 si\u0119 przy wbijaniu w ziemi\u0119 i ci\u0105gle gin\u0105? My te\u017c!\" \/>\n<meta name=\"robots\" content=\"index, follow, max-snippet:-1, max-image-preview:large, max-video-preview:-1\" \/>\n<link rel=\"canonical\" href=\"https:\/\/toidupakk.ee\/pl\/toode\/sledzie-do-namiotu-peakpro-extra-wide-zestaw-10-szt\/\" \/>\n<meta property=\"og:locale\" content=\"pl_PL\" \/>\n<meta property=\"og:type\" content=\"article\" \/>\n<meta property=\"og:title\" content=\"\u015aledzie do namiotu PeakPro Extra Wide (zestaw 10 szt.)\" \/>\n<meta property=\"og:description\" content=\"\u015aledzie do namiotu, kt\u00f3re si\u0119 nie wyginaj\u0105. Masz do\u015b\u0107 cienkich \u015bledzi, kt\u00f3re wyginaj\u0105 si\u0119 przy wbijaniu w ziemi\u0119 i ci\u0105gle gin\u0105? My te\u017c!\" \/>\n<meta property=\"og:url\" content=\"https:\/\/toidupakk.ee\/pl\/toode\/sledzie-do-namiotu-peakpro-extra-wide-zestaw-10-szt\/\" \/>\n<meta property=\"og:site_name\" content=\"Toidupakk.ee - Tactical Foodpack toidupakid\" \/>\n<meta property=\"article:publisher\" content=\"https:\/\/www.facebook.com\/Toidupakk\" \/>\n<meta property=\"article:modified_time\" content=\"2026-04-14T21:30:55+00:00\" \/>\n<meta property=\"og:image\" content=\"https:\/\/toidupakk.ee\/wp-content\/uploads\/2024\/03\/Telgivaiad-tugevad-ekstra-laiad-3.png\" \/>\n\t<meta property=\"og:image:width\" content=\"800\" \/>\n\t<meta property=\"og:image:height\" content=\"800\" \/>\n\t<meta property=\"og:image:type\" content=\"image\/png\" \/>\n<meta name=\"twitter:card\" content=\"summary_large_image\" \/>\n<meta name=\"twitter:label1\" content=\"Szacowany czas czytania\" \/>\n\t<meta name=\"twitter:data1\" content=\"1 minuta\" \/>\n<script type=\"application\/ld+json\" class=\"yoast-schema-graph\">{\"@context\":\"https:\\\/\\\/schema.org\",\"@graph\":[{\"@type\":\"WebPage\",\"@id\":\"https:\\\/\\\/toidupakk.ee\\\/pl\\\/toode\\\/sledzie-do-namiotu-peakpro-extra-wide-zestaw-10-szt\\\/\",\"url\":\"https:\\\/\\\/toidupakk.ee\\\/pl\\\/toode\\\/sledzie-do-namiotu-peakpro-extra-wide-zestaw-10-szt\\\/\",\"name\":\"\u015aledzie do namiotu PeakPro Extra Wide (zestaw 10 szt.)\",\"isPartOf\":{\"@id\":\"https:\\\/\\\/toidupakk.ee\\\/pl\\\/#website\"},\"primaryImageOfPage\":{\"@id\":\"https:\\\/\\\/toidupakk.ee\\\/pl\\\/toode\\\/sledzie-do-namiotu-peakpro-extra-wide-zestaw-10-szt\\\/#primaryimage\"},\"image\":{\"@id\":\"https:\\\/\\\/toidupakk.ee\\\/pl\\\/toode\\\/sledzie-do-namiotu-peakpro-extra-wide-zestaw-10-szt\\\/#primaryimage\"},\"thumbnailUrl\":\"https:\\\/\\\/toidupakk.ee\\\/wp-content\\\/uploads\\\/2024\\\/03\\\/Telgivaiad-tugevad-ekstra-laiad-3.png\",\"datePublished\":\"2024-03-04T13:08:21+00:00\",\"dateModified\":\"2026-04-14T21:30:55+00:00\",\"description\":\"\u015aledzie do namiotu, kt\u00f3re si\u0119 nie wyginaj\u0105. Masz do\u015b\u0107 cienkich \u015bledzi, kt\u00f3re wyginaj\u0105 si\u0119 przy wbijaniu w ziemi\u0119 i ci\u0105gle gin\u0105? My te\u017c!\",\"breadcrumb\":{\"@id\":\"https:\\\/\\\/toidupakk.ee\\\/pl\\\/toode\\\/sledzie-do-namiotu-peakpro-extra-wide-zestaw-10-szt\\\/#breadcrumb\"},\"inLanguage\":\"pl-PL\",\"potentialAction\":[{\"@type\":\"ReadAction\",\"target\":[\"https:\\\/\\\/toidupakk.ee\\\/pl\\\/toode\\\/sledzie-do-namiotu-peakpro-extra-wide-zestaw-10-szt\\\/\"]}]},{\"@type\":\"ImageObject\",\"inLanguage\":\"pl-PL\",\"@id\":\"https:\\\/\\\/toidupakk.ee\\\/pl\\\/toode\\\/sledzie-do-namiotu-peakpro-extra-wide-zestaw-10-szt\\\/#primaryimage\",\"url\":\"https:\\\/\\\/toidupakk.ee\\\/wp-content\\\/uploads\\\/2024\\\/03\\\/Telgivaiad-tugevad-ekstra-laiad-3.png\",\"contentUrl\":\"https:\\\/\\\/toidupakk.ee\\\/wp-content\\\/uploads\\\/2024\\\/03\\\/Telgivaiad-tugevad-ekstra-laiad-3.png\",\"width\":800,\"height\":800,\"caption\":\"\u015aledzie do namiotu 10 szt. w zestawie\"},{\"@type\":\"BreadcrumbList\",\"@id\":\"https:\\\/\\\/toidupakk.ee\\\/pl\\\/toode\\\/sledzie-do-namiotu-peakpro-extra-wide-zestaw-10-szt\\\/#breadcrumb\",\"itemListElement\":[{\"@type\":\"ListItem\",\"position\":1,\"name\":\"Avaleht\",\"item\":\"https:\\\/\\\/toidupakk.ee\\\/pl\\\/\"},{\"@type\":\"ListItem\",\"position\":2,\"name\":\"Sklep internetowy\",\"item\":\"https:\\\/\\\/toidupakk.ee\\\/pl\\\/sklep-internetowy\\\/\"},{\"@type\":\"ListItem\",\"position\":3,\"name\":\"\u015aledzie do namiotu PeakPro Extra Wide (zestaw 10 szt.)\"}]},{\"@type\":\"WebSite\",\"@id\":\"https:\\\/\\\/toidupakk.ee\\\/pl\\\/#website\",\"url\":\"https:\\\/\\\/toidupakk.ee\\\/pl\\\/\",\"name\":\"Toidupakk.ee - Tactical Foodpack toidupakid\",\"description\":\"Tactical Foodpack k\u00fclmkuivatatud toidupakid ja matkaeined\",\"publisher\":{\"@id\":\"https:\\\/\\\/toidupakk.ee\\\/pl\\\/#organization\"},\"potentialAction\":[{\"@type\":\"SearchAction\",\"target\":{\"@type\":\"EntryPoint\",\"urlTemplate\":\"https:\\\/\\\/toidupakk.ee\\\/pl\\\/?s={search_term_string}\"},\"query-input\":{\"@type\":\"PropertyValueSpecification\",\"valueRequired\":true,\"valueName\":\"search_term_string\"}}],\"inLanguage\":\"pl-PL\"},{\"@type\":\"Organization\",\"@id\":\"https:\\\/\\\/toidupakk.ee\\\/pl\\\/#organization\",\"name\":\"Tactical Foodpack matkaeined\",\"url\":\"https:\\\/\\\/toidupakk.ee\\\/pl\\\/\",\"logo\":{\"@type\":\"ImageObject\",\"inLanguage\":\"pl-PL\",\"@id\":\"https:\\\/\\\/toidupakk.ee\\\/pl\\\/#\\\/schema\\\/logo\\\/image\\\/\",\"url\":\"https:\\\/\\\/toidupakk.ee\\\/wp-content\\\/uploads\\\/2022\\\/01\\\/Toidupakk-matkapood-logo-transparent.png\",\"contentUrl\":\"https:\\\/\\\/toidupakk.ee\\\/wp-content\\\/uploads\\\/2022\\\/01\\\/Toidupakk-matkapood-logo-transparent.png\",\"width\":500,\"height\":500,\"caption\":\"Tactical Foodpack matkaeined\"},\"image\":{\"@id\":\"https:\\\/\\\/toidupakk.ee\\\/pl\\\/#\\\/schema\\\/logo\\\/image\\\/\"},\"sameAs\":[\"https:\\\/\\\/www.facebook.com\\\/Toidupakk\",\"https:\\\/\\\/www.instagram.com\\\/toidupakk\\\/\"]}]}<\/script>\n<!-- \/ Yoast SEO plugin. -->","yoast_head_json":{"title":"\u015aledzie do namiotu PeakPro Extra Wide (zestaw 10 szt.)","description":"\u015aledzie do namiotu, kt\u00f3re si\u0119 nie wyginaj\u0105. Masz do\u015b\u0107 cienkich \u015bledzi, kt\u00f3re wyginaj\u0105 si\u0119 przy wbijaniu w ziemi\u0119 i ci\u0105gle gin\u0105? My te\u017c!","robots":{"index":"index","follow":"follow","max-snippet":"max-snippet:-1","max-image-preview":"max-image-preview:large","max-video-preview":"max-video-preview:-1"},"canonical":"https:\/\/toidupakk.ee\/pl\/toode\/sledzie-do-namiotu-peakpro-extra-wide-zestaw-10-szt\/","og_locale":"pl_PL","og_type":"article","og_title":"\u015aledzie do namiotu PeakPro Extra Wide (zestaw 10 szt.)","og_description":"\u015aledzie do namiotu, kt\u00f3re si\u0119 nie wyginaj\u0105. Masz do\u015b\u0107 cienkich \u015bledzi, kt\u00f3re wyginaj\u0105 si\u0119 przy wbijaniu w ziemi\u0119 i ci\u0105gle gin\u0105? My te\u017c!","og_url":"https:\/\/toidupakk.ee\/pl\/toode\/sledzie-do-namiotu-peakpro-extra-wide-zestaw-10-szt\/","og_site_name":"Toidupakk.ee - Tactical Foodpack toidupakid","article_publisher":"https:\/\/www.facebook.com\/Toidupakk","article_modified_time":"2026-04-14T21:30:55+00:00","og_image":[{"width":800,"height":800,"url":"https:\/\/toidupakk.ee\/wp-content\/uploads\/2024\/03\/Telgivaiad-tugevad-ekstra-laiad-3.png","type":"image\/png"}],"twitter_card":"summary_large_image","twitter_misc":{"Szacowany czas czytania":"1 minuta"},"schema":{"@context":"https:\/\/schema.org","@graph":[{"@type":"WebPage","@id":"https:\/\/toidupakk.ee\/pl\/toode\/sledzie-do-namiotu-peakpro-extra-wide-zestaw-10-szt\/","url":"https:\/\/toidupakk.ee\/pl\/toode\/sledzie-do-namiotu-peakpro-extra-wide-zestaw-10-szt\/","name":"\u015aledzie do namiotu PeakPro Extra Wide (zestaw 10 szt.)","isPartOf":{"@id":"https:\/\/toidupakk.ee\/pl\/#website"},"primaryImageOfPage":{"@id":"https:\/\/toidupakk.ee\/pl\/toode\/sledzie-do-namiotu-peakpro-extra-wide-zestaw-10-szt\/#primaryimage"},"image":{"@id":"https:\/\/toidupakk.ee\/pl\/toode\/sledzie-do-namiotu-peakpro-extra-wide-zestaw-10-szt\/#primaryimage"},"thumbnailUrl":"https:\/\/toidupakk.ee\/wp-content\/uploads\/2024\/03\/Telgivaiad-tugevad-ekstra-laiad-3.png","datePublished":"2024-03-04T13:08:21+00:00","dateModified":"2026-04-14T21:30:55+00:00","description":"\u015aledzie do namiotu, kt\u00f3re si\u0119 nie wyginaj\u0105. Masz do\u015b\u0107 cienkich \u015bledzi, kt\u00f3re wyginaj\u0105 si\u0119 przy wbijaniu w ziemi\u0119 i ci\u0105gle gin\u0105? My te\u017c!","breadcrumb":{"@id":"https:\/\/toidupakk.ee\/pl\/toode\/sledzie-do-namiotu-peakpro-extra-wide-zestaw-10-szt\/#breadcrumb"},"inLanguage":"pl-PL","potentialAction":[{"@type":"ReadAction","target":["https:\/\/toidupakk.ee\/pl\/toode\/sledzie-do-namiotu-peakpro-extra-wide-zestaw-10-szt\/"]}]},{"@type":"ImageObject","inLanguage":"pl-PL","@id":"https:\/\/toidupakk.ee\/pl\/toode\/sledzie-do-namiotu-peakpro-extra-wide-zestaw-10-szt\/#primaryimage","url":"https:\/\/toidupakk.ee\/wp-content\/uploads\/2024\/03\/Telgivaiad-tugevad-ekstra-laiad-3.png","contentUrl":"https:\/\/toidupakk.ee\/wp-content\/uploads\/2024\/03\/Telgivaiad-tugevad-ekstra-laiad-3.png","width":800,"height":800,"caption":"\u015aledzie do namiotu 10 szt. w zestawie"},{"@type":"BreadcrumbList","@id":"https:\/\/toidupakk.ee\/pl\/toode\/sledzie-do-namiotu-peakpro-extra-wide-zestaw-10-szt\/#breadcrumb","itemListElement":[{"@type":"ListItem","position":1,"name":"Avaleht","item":"https:\/\/toidupakk.ee\/pl\/"},{"@type":"ListItem","position":2,"name":"Sklep internetowy","item":"https:\/\/toidupakk.ee\/pl\/sklep-internetowy\/"},{"@type":"ListItem","position":3,"name":"\u015aledzie do namiotu PeakPro Extra Wide (zestaw 10 szt.)"}]},{"@type":"WebSite","@id":"https:\/\/toidupakk.ee\/pl\/#website","url":"https:\/\/toidupakk.ee\/pl\/","name":"Toidupakk.ee - Tactical Foodpack toidupakid","description":"Tactical Foodpack k\u00fclmkuivatatud toidupakid ja matkaeined","publisher":{"@id":"https:\/\/toidupakk.ee\/pl\/#organization"},"potentialAction":[{"@type":"SearchAction","target":{"@type":"EntryPoint","urlTemplate":"https:\/\/toidupakk.ee\/pl\/?s={search_term_string}"},"query-input":{"@type":"PropertyValueSpecification","valueRequired":true,"valueName":"search_term_string"}}],"inLanguage":"pl-PL"},{"@type":"Organization","@id":"https:\/\/toidupakk.ee\/pl\/#organization","name":"Tactical Foodpack matkaeined","url":"https:\/\/toidupakk.ee\/pl\/","logo":{"@type":"ImageObject","inLanguage":"pl-PL","@id":"https:\/\/toidupakk.ee\/pl\/#\/schema\/logo\/image\/","url":"https:\/\/toidupakk.ee\/wp-content\/uploads\/2022\/01\/Toidupakk-matkapood-logo-transparent.png","contentUrl":"https:\/\/toidupakk.ee\/wp-content\/uploads\/2022\/01\/Toidupakk-matkapood-logo-transparent.png","width":500,"height":500,"caption":"Tactical Foodpack matkaeined"},"image":{"@id":"https:\/\/toidupakk.ee\/pl\/#\/schema\/logo\/image\/"},"sameAs":["https:\/\/www.facebook.com\/Toidupakk","https:\/\/www.instagram.com\/toidupakk\/"]}]}},"jetpack_sharing_enabled":true,"_links":{"self":[{"href":"https:\/\/toidupakk.ee\/pl\/wp-json\/wp\/v2\/product\/50793","targetHints":{"allow":["GET"]}}],"collection":[{"href":"https:\/\/toidupakk.ee\/pl\/wp-json\/wp\/v2\/product"}],"about":[{"href":"https:\/\/toidupakk.ee\/pl\/wp-json\/wp\/v2\/types\/product"}],"replies":[{"embeddable":true,"href":"https:\/\/toidupakk.ee\/pl\/wp-json\/wp\/v2\/comments?post=50793"}],"wp:featuredmedia":[{"embeddable":true,"href":"https:\/\/toidupakk.ee\/pl\/wp-json\/wp\/v2\/media\/20844"}],"wp:attachment":[{"href":"https:\/\/toidupakk.ee\/pl\/wp-json\/wp\/v2\/media?parent=50793"}],"wp:term":[{"taxonomy":"product_brand","embeddable":true,"href":"https:\/\/toidupakk.ee\/pl\/wp-json\/wp\/v2\/product_brand?post=50793"},{"taxonomy":"product_cat","embeddable":true,"href":"https:\/\/toidupakk.ee\/pl\/wp-json\/wp\/v2\/product_cat?post=50793"},{"taxonomy":"product_tag","embeddable":true,"href":"https:\/\/toidupakk.ee\/pl\/wp-json\/wp\/v2\/product_tag?post=50793"}],"curies":[{"name":"wp","href":"https:\/\/api.w.org\/{rel}","templated":true}]}}