{"id":50792,"date":"2023-12-28T11:03:27","date_gmt":"2023-12-28T09:03:27","guid":{"rendered":"https:\/\/toidupakk.ee\/toode\/kolagen-w-proszku-iconfit-collagen-beauty-300-g\/"},"modified":"2026-04-16T21:31:56","modified_gmt":"2026-04-16T18:31:56","slug":"kolagen-w-proszku-iconfit-collagen-beauty-300-g","status":"publish","type":"product","link":"https:\/\/toidupakk.ee\/pl\/toode\/kolagen-w-proszku-iconfit-collagen-beauty-300-g\/","title":{"rendered":"Kolagen w proszku ICONFIT Collagen Beauty 300 g"},"content":{"rendered":"<h1><img fetchpriority=\"high\" decoding=\"async\" class=\"alignright wp-image-34186 size-thumbnail\" src=\"https:\/\/toidupakk.ee\/wp-content\/uploads\/2023\/12\/Kollageeni-pulber-Collagen-Beauty-Iconfit31-500x500.jpg\" alt=\"kolagen w proszku beauty iconfit\" width=\"500\" height=\"500\" srcset=\"https:\/\/toidupakk.ee\/wp-content\/uploads\/2023\/12\/Kollageeni-pulber-Collagen-Beauty-Iconfit31-500x500.jpg 500w, https:\/\/toidupakk.ee\/wp-content\/uploads\/2023\/12\/Kollageeni-pulber-Collagen-Beauty-Iconfit31-400x400.jpg 400w, https:\/\/toidupakk.ee\/wp-content\/uploads\/2023\/12\/Kollageeni-pulber-Collagen-Beauty-Iconfit31-100x100.jpg 100w, https:\/\/toidupakk.ee\/wp-content\/uploads\/2023\/12\/Kollageeni-pulber-Collagen-Beauty-Iconfit31-300x300.jpg 300w, https:\/\/toidupakk.ee\/wp-content\/uploads\/2023\/12\/Kollageeni-pulber-Collagen-Beauty-Iconfit31-768x768.jpg 768w, https:\/\/toidupakk.ee\/wp-content\/uploads\/2023\/12\/Kollageeni-pulber-Collagen-Beauty-Iconfit31.jpg 800w\" sizes=\"(max-width: 500px) 100vw, 500px\" \/><\/h1>\n<h1>Kolagen w proszku ICONFIT Collagen Beauty<\/h1>\n<p>Kolagen w proszku ICONFIT Beauty Collagen sk\u0142ada si\u0119 z wysokiej jako\u015bci kolagenu, kwasu hialuronowego, witaminy C, biotyny i cynku \u2013 wszystkie te sk\u0142adniki s\u0105 niezwykle cenione. To optymalne po\u0142\u0105czenie dla <strong>osi\u0105gni\u0119cia najlepszych efekt\u00f3w dla Twojej sk\u00f3ry, w\u0142os\u00f3w i paznokci<\/strong>! Badania potwierdzi\u0142y, \u017ce spo\u017cywanie kolagenu <strong>poprawia elastyczno\u015b\u0107 sk\u00f3ry, redukuje zmarszczki i nawil\u017ca sk\u00f3r\u0119.<\/strong> <\/p>\n<p>&nbsp;<\/p>\n<p>Kolagen to podstawowe bia\u0142ko w ludzkim organizmie, stanowi\u0105ce 25\u201335% wszystkich bia\u0142ek. Cho\u0107 w m\u0142odo\u015bci organizm produkuje go w wystarczaj\u0105cej ilo\u015bci, po ok. 25. roku \u017cycia jego produkcja spada o oko\u0142o 1,5% rocznie. Dlatego <strong>od 25\u201330. roku \u017cycia zaleca si\u0119 suplementacj\u0119 kolagenu.<\/strong> Wi\u0119kszo\u015b\u0107 kolagenu w kremach nie wch\u0142ania si\u0119 skutecznie, dlatego hydrolizowany kolagen spo\u017cywany z jedzeniem i piciem jest lepiej przyswajalny. Kolagen ICONFIT jest produkowany w procesie wolnym od chemikali\u00f3w, co zapewnia niemal 100% czysto\u015bci. Nasz kolagen jest pochodzenia zwierz\u0119cego.     <\/p>\n<p>Kwas hialuronowy jest kluczowy dla pi\u0119knej sk\u00f3ry i wyst\u0119puje w r\u00f3\u017cnych serum, kremach oraz zastrzykach. Cho\u0107 organizm sam go produkuje, z wiekiem jego ilo\u015b\u0107 maleje, dlatego warto go suplementowa\u0107. <\/p>\n<p>Witamina C wspiera prawid\u0142ow\u0105 produkcj\u0119 kolagenu i funkcjonowanie sk\u00f3ry oraz pomaga zmniejszy\u0107 uczucie zm\u0119czenia i znu\u017cenia, wspieraj\u0105c jednocze\u015bnie uk\u0142ad odporno\u015bciowy.<\/p>\n<p>Cynk i biotyna pomagaj\u0105 zachowa\u0107 zdrowy stan w\u0142os\u00f3w, sk\u00f3ry i paznokci. ICONFIT Beauty Collagen to codzienny kompleks witaminowy zawieraj\u0105cy kombinacj\u0119 sk\u0142adnik\u00f3w od\u017cywczych dla od\u017cywienia sk\u00f3ry oraz wsparcia zdrowych w\u0142os\u00f3w i paznokci. Uzyskaj zdrowy blask od wewn\u0105trz!  <\/p>\n<p>&nbsp;<\/p>\n<h2>Kolagen w proszku &amp; ICONFIT jako\u015b\u0107 &amp; troska<\/h2>\n<p>Produkty ICONFIT s\u0105 opracowywane w Estonii i bazuj\u0105 na najwy\u017cszych europejskich standardach jako\u015bci. Tworzymy nasze produkty we wsp\u00f3\u0142pracy ze specjalistami ds. \u017cywienia, sportowcami i technologami \u017cywno\u015bci. <\/p>\n<p>Produkty ICONFIT nie zawieraj\u0105 niepotrzebnych sztucznych stabilizator\u00f3w, barwnik\u00f3w ani konserwant\u00f3w. Nasi klienci wracaj\u0105 do nas wielokrotnie dzi\u0119ki naszej jako\u015bci, czysto\u015bci i \u015bwietnym smakom. <\/p>\n<p><img decoding=\"async\" class=\"alignright wp-image-34187 size-thumbnail\" src=\"https:\/\/toidupakk.ee\/wp-content\/uploads\/2023\/12\/Kollageeni-pulber-Collagen-Beauty-Iconfit32-500x500.jpg\" alt=\"\" width=\"500\" height=\"500\" srcset=\"https:\/\/toidupakk.ee\/wp-content\/uploads\/2023\/12\/Kollageeni-pulber-Collagen-Beauty-Iconfit32-500x500.jpg 500w, https:\/\/toidupakk.ee\/wp-content\/uploads\/2023\/12\/Kollageeni-pulber-Collagen-Beauty-Iconfit32-400x400.jpg 400w, https:\/\/toidupakk.ee\/wp-content\/uploads\/2023\/12\/Kollageeni-pulber-Collagen-Beauty-Iconfit32-100x100.jpg 100w, https:\/\/toidupakk.ee\/wp-content\/uploads\/2023\/12\/Kollageeni-pulber-Collagen-Beauty-Iconfit32-300x300.jpg 300w, https:\/\/toidupakk.ee\/wp-content\/uploads\/2023\/12\/Kollageeni-pulber-Collagen-Beauty-Iconfit32-768x768.jpg 768w, https:\/\/toidupakk.ee\/wp-content\/uploads\/2023\/12\/Kollageeni-pulber-Collagen-Beauty-Iconfit32.jpg 800w\" sizes=\"(max-width: 500px) 100vw, 500px\" \/><\/p>\n<p><img decoding=\"async\" class=\"alignnone wp-image-15624 size-medium\" src=\"https:\/\/toidupakk.ee\/wp-content\/uploads\/2023\/11\/ICONFIT-kollageeni-pulber-liigestele-5-300x300.png\" alt=\"logo iconfit\" width=\"300\" height=\"300\" srcset=\"https:\/\/toidupakk.ee\/wp-content\/uploads\/2023\/11\/ICONFIT-kollageeni-pulber-liigestele-5-300x300.png 300w, https:\/\/toidupakk.ee\/wp-content\/uploads\/2023\/11\/ICONFIT-kollageeni-pulber-liigestele-5-400x400.png 400w, https:\/\/toidupakk.ee\/wp-content\/uploads\/2023\/11\/ICONFIT-kollageeni-pulber-liigestele-5-100x100.png 100w, https:\/\/toidupakk.ee\/wp-content\/uploads\/2023\/11\/ICONFIT-kollageeni-pulber-liigestele-5-500x500.png 500w, https:\/\/toidupakk.ee\/wp-content\/uploads\/2023\/11\/ICONFIT-kollageeni-pulber-liigestele-5-768x768.png 768w, https:\/\/toidupakk.ee\/wp-content\/uploads\/2023\/11\/ICONFIT-kollageeni-pulber-liigestele-5.png 800w\" sizes=\"(max-width: 300px) 100vw, 300px\" \/><\/p>\n<p>&nbsp;<\/p>\n<p>Zobacz tak\u017ce inne suplementy diety <a href=\"https:\/\/toidupakk.ee\/pl\/tootekategooria\/suplementy-diety\/\">TUTAJ<\/a><\/p>\n<p>Interesuj\u0105 Ci\u0119 posi\u0142ki turystyczne? Zobacz <a href=\"\/?product_cat=snakk#section-3-79\">TUTAJ<\/a><\/p>\n<p>Znajd\u017a inspiracj\u0119 na kolejne przygody na <a href=\"https:\/\/www.instagram.com\/toidupakk\/\">Instagramie<\/a> i <a href=\"https:\/\/www.facebook.com\/Toidupakk\/\">Facebooku<\/a> Toidupakk.<\/p>\n","protected":false},"excerpt":{"rendered":"<p><strong>Kolagen w proszku ICONFIT Collagen Beauty to opracowana i wyprodukowana w Estonii idealna mieszanka kolagenu i witamin wspieraj\u0105ca zdrowie sk\u00f3ry, w\u0142os\u00f3w i paznokci. Produkt powsta\u0142 z najczystszego kolagenu, kwasu hialuronowego, witaminy C, biotyny i cynku \u2013 wszystko po to, by zapewni\u0107 najlepsze rezultaty dla sk\u00f3ry, w\u0142os\u00f3w i paznokci. Produkt zosta\u0142 opracowany we wsp\u00f3\u0142pracy z ekspertami ds. \u017cywienia i urody, aby zadba\u0107 o doskona\u0142\u0105 kondycj\u0119 sk\u00f3ry, w\u0142os\u00f3w i paznokci.  <\/strong><\/p>\n<ul>\n<li>Zawiera wysokiej jako\u015bci <strong>kolagen, witamin\u0119 C, kwas hialuronowy, biotyn\u0119 i cynk.<\/strong><\/li>\n<li>Stworzony, by <strong>wspiera\u0107 zdrowie sk\u00f3ry, paznokci i w\u0142os\u00f3w<\/strong>.<\/li>\n<li>Dost\u0119pny w trzech smakach: <strong>pomara\u0144czowym, truskawkowo-mi\u0119towym lub cytrynowo-limonkowym<\/strong><\/li>\n<li>Przygotowanie jest proste \u2013 po prostu wymieszaj dwie miarki proszku ze szklank\u0105 wody i gotowe!<\/li>\n<li>Jedno opakowanie wystarcza na <strong>25 dni.<\/strong><\/li>\n<\/ul>\n<p>\u2705 Produkt dost\u0119pny, szybka dostawa do Twojego paczkomatu w 1\u20133 dni robocze<br \/>\n\u2705 Kup teraz, zap\u0142a\u0107 p\u00f3\u017aniej (odsetki 0%)<\/p>\n","protected":false},"featured_media":34191,"comment_status":"open","ping_status":"closed","template":"","meta":{"_acf_changed":false},"product_brand":[],"product_cat":[303,382,301,361],"product_tag":[],"class_list":{"0":"post-50792","1":"product","2":"type-product","3":"status-publish","4":"has-post-thumbnail","6":"product_cat-akcesoria-turystyczne","7":"product_cat-proszki","8":"product_cat-sprzet-turystyczny","9":"product_cat-suplementy-diety","11":"first","12":"instock","13":"sale","14":"taxable","15":"shipping-taxable","16":"purchasable","17":"product-type-variable","18":"has-default-attributes"},"bundled_by":[],"bundle_stock_status":"instock","bundle_stock_quantity":null,"bundle_virtual":false,"bundle_layout":"","bundle_add_to_cart_form_location":"","bundle_editable_in_cart":false,"bundle_sold_individually_context":"","bundle_item_grouping":"","bundle_min_size":"","bundle_max_size":"","bundle_price":[],"bundled_items":[],"bundle_sell_ids":[],"acf":[],"yoast_head":"<!-- This site is optimized with the Yoast SEO plugin v27.3 - https:\/\/yoast.com\/product\/yoast-seo-wordpress\/ -->\n<title>Kolagen w proszku ICONFIT Collagen Beauty 300 g<\/title>\n<meta name=\"description\" content=\"Kolagen w proszku ICONFIT Collagen Beauty to idealna mieszanka kolagenu i witamin, kt\u00f3ra wspiera zdrowie sk\u00f3ry, w\u0142os\u00f3w i paznokci.\" \/>\n<meta name=\"robots\" content=\"index, follow, max-snippet:-1, max-image-preview:large, max-video-preview:-1\" \/>\n<link rel=\"canonical\" href=\"https:\/\/toidupakk.ee\/pl\/toode\/kolagen-w-proszku-iconfit-collagen-beauty-300-g\/\" \/>\n<meta property=\"og:locale\" content=\"pl_PL\" \/>\n<meta property=\"og:type\" content=\"article\" \/>\n<meta property=\"og:title\" content=\"Kolagen w proszku ICONFIT Collagen Beauty 300 g\" \/>\n<meta property=\"og:description\" content=\"Kolagen w proszku ICONFIT Collagen Beauty to idealna mieszanka kolagenu i witamin, kt\u00f3ra wspiera zdrowie sk\u00f3ry, w\u0142os\u00f3w i paznokci.\" \/>\n<meta property=\"og:url\" content=\"https:\/\/toidupakk.ee\/pl\/toode\/kolagen-w-proszku-iconfit-collagen-beauty-300-g\/\" \/>\n<meta property=\"og:site_name\" content=\"Toidupakk.ee - Tactical Foodpack toidupakid\" \/>\n<meta property=\"article:publisher\" content=\"https:\/\/www.facebook.com\/Toidupakk\" \/>\n<meta property=\"article:modified_time\" content=\"2026-04-16T18:31:56+00:00\" \/>\n<meta property=\"og:image\" content=\"https:\/\/toidupakk.ee\/wp-content\/uploads\/2023\/12\/Kollageeni-pulber-Collagen-Beauty-Iconfit2.png\" \/>\n\t<meta property=\"og:image:width\" content=\"800\" \/>\n\t<meta property=\"og:image:height\" content=\"800\" \/>\n\t<meta property=\"og:image:type\" content=\"image\/png\" \/>\n<meta name=\"twitter:card\" content=\"summary_large_image\" \/>\n<meta name=\"twitter:label1\" content=\"Szacowany czas czytania\" \/>\n\t<meta name=\"twitter:data1\" content=\"2 minuty\" \/>\n<script type=\"application\/ld+json\" class=\"yoast-schema-graph\">{\"@context\":\"https:\\\/\\\/schema.org\",\"@graph\":[{\"@type\":\"WebPage\",\"@id\":\"https:\\\/\\\/toidupakk.ee\\\/pl\\\/toode\\\/kolagen-w-proszku-iconfit-collagen-beauty-300-g\\\/\",\"url\":\"https:\\\/\\\/toidupakk.ee\\\/pl\\\/toode\\\/kolagen-w-proszku-iconfit-collagen-beauty-300-g\\\/\",\"name\":\"Kolagen w proszku ICONFIT Collagen Beauty 300 g\",\"isPartOf\":{\"@id\":\"https:\\\/\\\/toidupakk.ee\\\/pl\\\/#website\"},\"primaryImageOfPage\":{\"@id\":\"https:\\\/\\\/toidupakk.ee\\\/pl\\\/toode\\\/kolagen-w-proszku-iconfit-collagen-beauty-300-g\\\/#primaryimage\"},\"image\":{\"@id\":\"https:\\\/\\\/toidupakk.ee\\\/pl\\\/toode\\\/kolagen-w-proszku-iconfit-collagen-beauty-300-g\\\/#primaryimage\"},\"thumbnailUrl\":\"https:\\\/\\\/toidupakk.ee\\\/wp-content\\\/uploads\\\/2023\\\/12\\\/Kollageeni-pulber-Collagen-Beauty-Iconfit2.png\",\"datePublished\":\"2023-12-28T09:03:27+00:00\",\"dateModified\":\"2026-04-16T18:31:56+00:00\",\"description\":\"Kolagen w proszku ICONFIT Collagen Beauty to idealna mieszanka kolagenu i witamin, kt\u00f3ra wspiera zdrowie sk\u00f3ry, w\u0142os\u00f3w i paznokci.\",\"breadcrumb\":{\"@id\":\"https:\\\/\\\/toidupakk.ee\\\/pl\\\/toode\\\/kolagen-w-proszku-iconfit-collagen-beauty-300-g\\\/#breadcrumb\"},\"inLanguage\":\"pl-PL\",\"potentialAction\":[{\"@type\":\"ReadAction\",\"target\":[\"https:\\\/\\\/toidupakk.ee\\\/pl\\\/toode\\\/kolagen-w-proszku-iconfit-collagen-beauty-300-g\\\/\"]}]},{\"@type\":\"ImageObject\",\"inLanguage\":\"pl-PL\",\"@id\":\"https:\\\/\\\/toidupakk.ee\\\/pl\\\/toode\\\/kolagen-w-proszku-iconfit-collagen-beauty-300-g\\\/#primaryimage\",\"url\":\"https:\\\/\\\/toidupakk.ee\\\/wp-content\\\/uploads\\\/2023\\\/12\\\/Kollageeni-pulber-Collagen-Beauty-Iconfit2.png\",\"contentUrl\":\"https:\\\/\\\/toidupakk.ee\\\/wp-content\\\/uploads\\\/2023\\\/12\\\/Kollageeni-pulber-Collagen-Beauty-Iconfit2.png\",\"width\":800,\"height\":800,\"caption\":\"collagen beauty iconfit\"},{\"@type\":\"BreadcrumbList\",\"@id\":\"https:\\\/\\\/toidupakk.ee\\\/pl\\\/toode\\\/kolagen-w-proszku-iconfit-collagen-beauty-300-g\\\/#breadcrumb\",\"itemListElement\":[{\"@type\":\"ListItem\",\"position\":1,\"name\":\"Avaleht\",\"item\":\"https:\\\/\\\/toidupakk.ee\\\/pl\\\/\"},{\"@type\":\"ListItem\",\"position\":2,\"name\":\"Sklep internetowy\",\"item\":\"https:\\\/\\\/toidupakk.ee\\\/pl\\\/sklep-internetowy\\\/\"},{\"@type\":\"ListItem\",\"position\":3,\"name\":\"Kolagen w proszku ICONFIT Collagen Beauty 300 g\"}]},{\"@type\":\"WebSite\",\"@id\":\"https:\\\/\\\/toidupakk.ee\\\/pl\\\/#website\",\"url\":\"https:\\\/\\\/toidupakk.ee\\\/pl\\\/\",\"name\":\"Toidupakk.ee - Tactical Foodpack toidupakid\",\"description\":\"Tactical Foodpack k\u00fclmkuivatatud toidupakid ja matkaeined\",\"publisher\":{\"@id\":\"https:\\\/\\\/toidupakk.ee\\\/pl\\\/#organization\"},\"potentialAction\":[{\"@type\":\"SearchAction\",\"target\":{\"@type\":\"EntryPoint\",\"urlTemplate\":\"https:\\\/\\\/toidupakk.ee\\\/pl\\\/?s={search_term_string}\"},\"query-input\":{\"@type\":\"PropertyValueSpecification\",\"valueRequired\":true,\"valueName\":\"search_term_string\"}}],\"inLanguage\":\"pl-PL\"},{\"@type\":\"Organization\",\"@id\":\"https:\\\/\\\/toidupakk.ee\\\/pl\\\/#organization\",\"name\":\"Tactical Foodpack matkaeined\",\"url\":\"https:\\\/\\\/toidupakk.ee\\\/pl\\\/\",\"logo\":{\"@type\":\"ImageObject\",\"inLanguage\":\"pl-PL\",\"@id\":\"https:\\\/\\\/toidupakk.ee\\\/pl\\\/#\\\/schema\\\/logo\\\/image\\\/\",\"url\":\"https:\\\/\\\/toidupakk.ee\\\/wp-content\\\/uploads\\\/2022\\\/01\\\/Toidupakk-matkapood-logo-transparent.png\",\"contentUrl\":\"https:\\\/\\\/toidupakk.ee\\\/wp-content\\\/uploads\\\/2022\\\/01\\\/Toidupakk-matkapood-logo-transparent.png\",\"width\":500,\"height\":500,\"caption\":\"Tactical Foodpack matkaeined\"},\"image\":{\"@id\":\"https:\\\/\\\/toidupakk.ee\\\/pl\\\/#\\\/schema\\\/logo\\\/image\\\/\"},\"sameAs\":[\"https:\\\/\\\/www.facebook.com\\\/Toidupakk\",\"https:\\\/\\\/www.instagram.com\\\/toidupakk\\\/\"]}]}<\/script>\n<!-- \/ Yoast SEO plugin. -->","yoast_head_json":{"title":"Kolagen w proszku ICONFIT Collagen Beauty 300 g","description":"Kolagen w proszku ICONFIT Collagen Beauty to idealna mieszanka kolagenu i witamin, kt\u00f3ra wspiera zdrowie sk\u00f3ry, w\u0142os\u00f3w i paznokci.","robots":{"index":"index","follow":"follow","max-snippet":"max-snippet:-1","max-image-preview":"max-image-preview:large","max-video-preview":"max-video-preview:-1"},"canonical":"https:\/\/toidupakk.ee\/pl\/toode\/kolagen-w-proszku-iconfit-collagen-beauty-300-g\/","og_locale":"pl_PL","og_type":"article","og_title":"Kolagen w proszku ICONFIT Collagen Beauty 300 g","og_description":"Kolagen w proszku ICONFIT Collagen Beauty to idealna mieszanka kolagenu i witamin, kt\u00f3ra wspiera zdrowie sk\u00f3ry, w\u0142os\u00f3w i paznokci.","og_url":"https:\/\/toidupakk.ee\/pl\/toode\/kolagen-w-proszku-iconfit-collagen-beauty-300-g\/","og_site_name":"Toidupakk.ee - Tactical Foodpack toidupakid","article_publisher":"https:\/\/www.facebook.com\/Toidupakk","article_modified_time":"2026-04-16T18:31:56+00:00","og_image":[{"width":800,"height":800,"url":"https:\/\/toidupakk.ee\/wp-content\/uploads\/2023\/12\/Kollageeni-pulber-Collagen-Beauty-Iconfit2.png","type":"image\/png"}],"twitter_card":"summary_large_image","twitter_misc":{"Szacowany czas czytania":"2 minuty"},"schema":{"@context":"https:\/\/schema.org","@graph":[{"@type":"WebPage","@id":"https:\/\/toidupakk.ee\/pl\/toode\/kolagen-w-proszku-iconfit-collagen-beauty-300-g\/","url":"https:\/\/toidupakk.ee\/pl\/toode\/kolagen-w-proszku-iconfit-collagen-beauty-300-g\/","name":"Kolagen w proszku ICONFIT Collagen Beauty 300 g","isPartOf":{"@id":"https:\/\/toidupakk.ee\/pl\/#website"},"primaryImageOfPage":{"@id":"https:\/\/toidupakk.ee\/pl\/toode\/kolagen-w-proszku-iconfit-collagen-beauty-300-g\/#primaryimage"},"image":{"@id":"https:\/\/toidupakk.ee\/pl\/toode\/kolagen-w-proszku-iconfit-collagen-beauty-300-g\/#primaryimage"},"thumbnailUrl":"https:\/\/toidupakk.ee\/wp-content\/uploads\/2023\/12\/Kollageeni-pulber-Collagen-Beauty-Iconfit2.png","datePublished":"2023-12-28T09:03:27+00:00","dateModified":"2026-04-16T18:31:56+00:00","description":"Kolagen w proszku ICONFIT Collagen Beauty to idealna mieszanka kolagenu i witamin, kt\u00f3ra wspiera zdrowie sk\u00f3ry, w\u0142os\u00f3w i paznokci.","breadcrumb":{"@id":"https:\/\/toidupakk.ee\/pl\/toode\/kolagen-w-proszku-iconfit-collagen-beauty-300-g\/#breadcrumb"},"inLanguage":"pl-PL","potentialAction":[{"@type":"ReadAction","target":["https:\/\/toidupakk.ee\/pl\/toode\/kolagen-w-proszku-iconfit-collagen-beauty-300-g\/"]}]},{"@type":"ImageObject","inLanguage":"pl-PL","@id":"https:\/\/toidupakk.ee\/pl\/toode\/kolagen-w-proszku-iconfit-collagen-beauty-300-g\/#primaryimage","url":"https:\/\/toidupakk.ee\/wp-content\/uploads\/2023\/12\/Kollageeni-pulber-Collagen-Beauty-Iconfit2.png","contentUrl":"https:\/\/toidupakk.ee\/wp-content\/uploads\/2023\/12\/Kollageeni-pulber-Collagen-Beauty-Iconfit2.png","width":800,"height":800,"caption":"collagen beauty iconfit"},{"@type":"BreadcrumbList","@id":"https:\/\/toidupakk.ee\/pl\/toode\/kolagen-w-proszku-iconfit-collagen-beauty-300-g\/#breadcrumb","itemListElement":[{"@type":"ListItem","position":1,"name":"Avaleht","item":"https:\/\/toidupakk.ee\/pl\/"},{"@type":"ListItem","position":2,"name":"Sklep internetowy","item":"https:\/\/toidupakk.ee\/pl\/sklep-internetowy\/"},{"@type":"ListItem","position":3,"name":"Kolagen w proszku ICONFIT Collagen Beauty 300 g"}]},{"@type":"WebSite","@id":"https:\/\/toidupakk.ee\/pl\/#website","url":"https:\/\/toidupakk.ee\/pl\/","name":"Toidupakk.ee - Tactical Foodpack toidupakid","description":"Tactical Foodpack k\u00fclmkuivatatud toidupakid ja matkaeined","publisher":{"@id":"https:\/\/toidupakk.ee\/pl\/#organization"},"potentialAction":[{"@type":"SearchAction","target":{"@type":"EntryPoint","urlTemplate":"https:\/\/toidupakk.ee\/pl\/?s={search_term_string}"},"query-input":{"@type":"PropertyValueSpecification","valueRequired":true,"valueName":"search_term_string"}}],"inLanguage":"pl-PL"},{"@type":"Organization","@id":"https:\/\/toidupakk.ee\/pl\/#organization","name":"Tactical Foodpack matkaeined","url":"https:\/\/toidupakk.ee\/pl\/","logo":{"@type":"ImageObject","inLanguage":"pl-PL","@id":"https:\/\/toidupakk.ee\/pl\/#\/schema\/logo\/image\/","url":"https:\/\/toidupakk.ee\/wp-content\/uploads\/2022\/01\/Toidupakk-matkapood-logo-transparent.png","contentUrl":"https:\/\/toidupakk.ee\/wp-content\/uploads\/2022\/01\/Toidupakk-matkapood-logo-transparent.png","width":500,"height":500,"caption":"Tactical Foodpack matkaeined"},"image":{"@id":"https:\/\/toidupakk.ee\/pl\/#\/schema\/logo\/image\/"},"sameAs":["https:\/\/www.facebook.com\/Toidupakk","https:\/\/www.instagram.com\/toidupakk\/"]}]}},"jetpack_sharing_enabled":true,"_links":{"self":[{"href":"https:\/\/toidupakk.ee\/pl\/wp-json\/wp\/v2\/product\/50792","targetHints":{"allow":["GET"]}}],"collection":[{"href":"https:\/\/toidupakk.ee\/pl\/wp-json\/wp\/v2\/product"}],"about":[{"href":"https:\/\/toidupakk.ee\/pl\/wp-json\/wp\/v2\/types\/product"}],"replies":[{"embeddable":true,"href":"https:\/\/toidupakk.ee\/pl\/wp-json\/wp\/v2\/comments?post=50792"}],"wp:featuredmedia":[{"embeddable":true,"href":"https:\/\/toidupakk.ee\/pl\/wp-json\/wp\/v2\/media\/34191"}],"wp:attachment":[{"href":"https:\/\/toidupakk.ee\/pl\/wp-json\/wp\/v2\/media?parent=50792"}],"wp:term":[{"taxonomy":"product_brand","embeddable":true,"href":"https:\/\/toidupakk.ee\/pl\/wp-json\/wp\/v2\/product_brand?post=50792"},{"taxonomy":"product_cat","embeddable":true,"href":"https:\/\/toidupakk.ee\/pl\/wp-json\/wp\/v2\/product_cat?post=50792"},{"taxonomy":"product_tag","embeddable":true,"href":"https:\/\/toidupakk.ee\/pl\/wp-json\/wp\/v2\/product_tag?post=50792"}],"curies":[{"name":"wp","href":"https:\/\/api.w.org\/{rel}","templated":true}]}}