{"id":50775,"date":"2024-01-11T16:17:37","date_gmt":"2024-01-11T14:17:37","guid":{"rendered":"https:\/\/toidupakk.ee\/toode\/wodoodporny-notatnik\/"},"modified":"2026-04-14T14:30:41","modified_gmt":"2026-04-14T11:30:41","slug":"wodoodporny-notatnik","status":"publish","type":"product","link":"https:\/\/toidupakk.ee\/pl\/toode\/wodoodporny-notatnik\/","title":{"rendered":"Wodoodporny notatnik"},"content":{"rendered":"<h1><img fetchpriority=\"high\" decoding=\"async\" class=\"alignright wp-image-18747 size-thumbnail\" src=\"https:\/\/toidupakk.ee\/wp-content\/uploads\/2024\/01\/Veekindel-markmik-3-500x500.png\" alt=\"wodoodporny notatnik na wypraw\u0119\" width=\"500\" height=\"500\" srcset=\"https:\/\/toidupakk.ee\/wp-content\/uploads\/2024\/01\/Veekindel-markmik-3-500x500.png 500w, https:\/\/toidupakk.ee\/wp-content\/uploads\/2024\/01\/Veekindel-markmik-3-400x400.png 400w, https:\/\/toidupakk.ee\/wp-content\/uploads\/2024\/01\/Veekindel-markmik-3-100x100.png 100w, https:\/\/toidupakk.ee\/wp-content\/uploads\/2024\/01\/Veekindel-markmik-3-300x300.png 300w, https:\/\/toidupakk.ee\/wp-content\/uploads\/2024\/01\/Veekindel-markmik-3-768x768.png 768w, https:\/\/toidupakk.ee\/wp-content\/uploads\/2024\/01\/Veekindel-markmik-3.png 800w\" sizes=\"(max-width: 500px) 100vw, 500px\" \/><\/h1>\n<h1>Wodoodporny notatnik \u2013 w kratk\u0119<\/h1>\n<p>Wodoodporny notatnik przeznaczony do u\u017cytku w terenie, gdzie mo\u017ce doj\u015b\u0107 do kontaktu z wilgoci\u0105, deszczem, otarciami itp. Chroni wa\u017cne informacje zapisane w \u015brodku. Kartki w kratk\u0119 nie s\u0105 szorstkie jak zwyk\u0142y papier. G\u0142adka, wodoodporna powierzchnia trwale zabezpiecza rysunki i teksty.   <\/p>\n<p>&nbsp;<\/p>\n<p>Sprawd\u017a inne akcesoria turystyczne <a href=\"https:\/\/toidupakk.ee\/pl\/tootekategooria\/sprzet-turystyczny\/#section-3-79\">TUTAJ<\/a><\/p>\n<p>Interesuj\u0105 Ci\u0119 posi\u0142ki turystyczne? Zobacz <a href=\"https:\/\/toidupakk.ee\/pl\/tootekategooria\/zywnosc-turystyczna\/\">TUTAJ<\/a><\/p>\n<p>Znajd\u017a inspiracj\u0119 na kolejne przygody na <a href=\"https:\/\/www.instagram.com\/toidupakk\/\">Instagramie<\/a> i <a href=\"https:\/\/www.facebook.com\/Toidupakk\/\">Facebooku<\/a> Toidupakk.<\/p>\n","protected":false},"excerpt":{"rendered":"<p><strong>Wodoodporny notatnik \u2013 w kratk\u0119. Przeznaczony do u\u017cytku w terenie, gdzie wyst\u0119puje deszcz, b\u0142oto, czo\u0142ganie si\u0119 itp. <\/strong><\/p>\n<ul>\n<li>R\u00f3b notatki nawet podczas ulewy<\/li>\n<li>Wytrzyma\u0142e kartki nie dr\u0105 si\u0119 \u0142atwo<\/li>\n<li>Kartki w kratk\u0119 nie przemakaj\u0105<\/li>\n<li>Tekst i rysunki zapisane w wodoodpornym notatniku nie rozmazuj\u0105 si\u0119 pod wp\u0142ywem deszczu<\/li>\n<li>Wymiary: 8 x 13 cm<\/li>\n<li>Waga: 30 g<\/li>\n<\/ul>\n<p>\u2705 Dost\u0119pne w magazynie, szybka dostawa w 1\u20133 dni robocze<\/p>\n","protected":false},"featured_media":18747,"comment_status":"open","ping_status":"closed","template":"","meta":{"_acf_changed":false},"product_brand":[],"product_cat":[303,301],"product_tag":[305],"class_list":{"0":"post-50775","1":"product","2":"type-product","3":"status-publish","4":"has-post-thumbnail","6":"product_cat-akcesoria-turystyczne","7":"product_cat-sprzet-turystyczny","8":"product_tag-no_ads","10":"first","11":"instock","12":"taxable","13":"shipping-taxable","14":"purchasable","15":"product-type-simple"},"bundled_by":[],"bundle_stock_status":"instock","bundle_stock_quantity":51,"bundle_virtual":false,"bundle_layout":"","bundle_add_to_cart_form_location":"","bundle_editable_in_cart":false,"bundle_sold_individually_context":"","bundle_item_grouping":"","bundle_min_size":"","bundle_max_size":"","bundle_price":[],"bundled_items":[],"bundle_sell_ids":[],"acf":[],"yoast_head":"<!-- This site is optimized with the Yoast SEO plugin v27.3 - https:\/\/yoast.com\/product\/yoast-seo-wordpress\/ -->\n<title>Wodoodporny notatnik<\/title>\n<meta name=\"description\" content=\"Wodoodporny notatnik jest przeznaczony do u\u017cytku w warunkach zewn\u0119trznych, gdzie istnieje ryzyko wyst\u0105pienia wilgoci, deszczu, b\u0142ota itp. Wytrzyma\u0142e kartki maj\u0105 kratkowan\u0105 liniatur\u0119 i nie boj\u0105 si\u0119 wilgoci.\" \/>\n<meta name=\"robots\" content=\"index, follow, max-snippet:-1, max-image-preview:large, max-video-preview:-1\" \/>\n<link rel=\"canonical\" href=\"https:\/\/toidupakk.ee\/pl\/toode\/wodoodporny-notatnik\/\" \/>\n<meta property=\"og:locale\" content=\"pl_PL\" \/>\n<meta property=\"og:type\" content=\"article\" \/>\n<meta property=\"og:title\" content=\"Wodoodporny notatnik\" \/>\n<meta property=\"og:description\" content=\"Wodoodporny notatnik jest przeznaczony do u\u017cytku w warunkach zewn\u0119trznych, gdzie istnieje ryzyko wyst\u0105pienia wilgoci, deszczu, b\u0142ota itp. Wytrzyma\u0142e kartki maj\u0105 kratkowan\u0105 liniatur\u0119 i nie boj\u0105 si\u0119 wilgoci.\" \/>\n<meta property=\"og:url\" content=\"https:\/\/toidupakk.ee\/pl\/toode\/wodoodporny-notatnik\/\" \/>\n<meta property=\"og:site_name\" content=\"Toidupakk.ee - Tactical Foodpack toidupakid\" \/>\n<meta property=\"article:publisher\" content=\"https:\/\/www.facebook.com\/Toidupakk\" \/>\n<meta property=\"article:modified_time\" content=\"2026-04-14T11:30:41+00:00\" \/>\n<meta property=\"og:image\" content=\"https:\/\/toidupakk.ee\/wp-content\/uploads\/2024\/01\/Veekindel-markmik-3.png\" \/>\n\t<meta property=\"og:image:width\" content=\"800\" \/>\n\t<meta property=\"og:image:height\" content=\"800\" \/>\n\t<meta property=\"og:image:type\" content=\"image\/png\" \/>\n<meta name=\"twitter:card\" content=\"summary_large_image\" \/>\n<script type=\"application\/ld+json\" class=\"yoast-schema-graph\">{\"@context\":\"https:\\\/\\\/schema.org\",\"@graph\":[{\"@type\":\"WebPage\",\"@id\":\"https:\\\/\\\/toidupakk.ee\\\/pl\\\/toode\\\/wodoodporny-notatnik\\\/\",\"url\":\"https:\\\/\\\/toidupakk.ee\\\/pl\\\/toode\\\/wodoodporny-notatnik\\\/\",\"name\":\"Wodoodporny notatnik\",\"isPartOf\":{\"@id\":\"https:\\\/\\\/toidupakk.ee\\\/pl\\\/#website\"},\"primaryImageOfPage\":{\"@id\":\"https:\\\/\\\/toidupakk.ee\\\/pl\\\/toode\\\/wodoodporny-notatnik\\\/#primaryimage\"},\"image\":{\"@id\":\"https:\\\/\\\/toidupakk.ee\\\/pl\\\/toode\\\/wodoodporny-notatnik\\\/#primaryimage\"},\"thumbnailUrl\":\"https:\\\/\\\/toidupakk.ee\\\/wp-content\\\/uploads\\\/2024\\\/01\\\/Veekindel-markmik-3.png\",\"datePublished\":\"2024-01-11T14:17:37+00:00\",\"dateModified\":\"2026-04-14T11:30:41+00:00\",\"description\":\"Wodoodporny notatnik jest przeznaczony do u\u017cytku w warunkach zewn\u0119trznych, gdzie istnieje ryzyko wyst\u0105pienia wilgoci, deszczu, b\u0142ota itp. Wytrzyma\u0142e kartki maj\u0105 kratkowan\u0105 liniatur\u0119 i nie boj\u0105 si\u0119 wilgoci.\",\"breadcrumb\":{\"@id\":\"https:\\\/\\\/toidupakk.ee\\\/pl\\\/toode\\\/wodoodporny-notatnik\\\/#breadcrumb\"},\"inLanguage\":\"pl-PL\",\"potentialAction\":[{\"@type\":\"ReadAction\",\"target\":[\"https:\\\/\\\/toidupakk.ee\\\/pl\\\/toode\\\/wodoodporny-notatnik\\\/\"]}]},{\"@type\":\"ImageObject\",\"inLanguage\":\"pl-PL\",\"@id\":\"https:\\\/\\\/toidupakk.ee\\\/pl\\\/toode\\\/wodoodporny-notatnik\\\/#primaryimage\",\"url\":\"https:\\\/\\\/toidupakk.ee\\\/wp-content\\\/uploads\\\/2024\\\/01\\\/Veekindel-markmik-3.png\",\"contentUrl\":\"https:\\\/\\\/toidupakk.ee\\\/wp-content\\\/uploads\\\/2024\\\/01\\\/Veekindel-markmik-3.png\",\"width\":800,\"height\":800,\"caption\":\"veekindel m\u00e4rkmik matkale\"},{\"@type\":\"BreadcrumbList\",\"@id\":\"https:\\\/\\\/toidupakk.ee\\\/pl\\\/toode\\\/wodoodporny-notatnik\\\/#breadcrumb\",\"itemListElement\":[{\"@type\":\"ListItem\",\"position\":1,\"name\":\"Avaleht\",\"item\":\"https:\\\/\\\/toidupakk.ee\\\/pl\\\/\"},{\"@type\":\"ListItem\",\"position\":2,\"name\":\"Sklep internetowy\",\"item\":\"https:\\\/\\\/toidupakk.ee\\\/pl\\\/sklep-internetowy\\\/\"},{\"@type\":\"ListItem\",\"position\":3,\"name\":\"Wodoodporny notatnik\"}]},{\"@type\":\"WebSite\",\"@id\":\"https:\\\/\\\/toidupakk.ee\\\/pl\\\/#website\",\"url\":\"https:\\\/\\\/toidupakk.ee\\\/pl\\\/\",\"name\":\"Toidupakk.ee - Tactical Foodpack toidupakid\",\"description\":\"Tactical Foodpack k\u00fclmkuivatatud toidupakid ja matkaeined\",\"publisher\":{\"@id\":\"https:\\\/\\\/toidupakk.ee\\\/pl\\\/#organization\"},\"potentialAction\":[{\"@type\":\"SearchAction\",\"target\":{\"@type\":\"EntryPoint\",\"urlTemplate\":\"https:\\\/\\\/toidupakk.ee\\\/pl\\\/?s={search_term_string}\"},\"query-input\":{\"@type\":\"PropertyValueSpecification\",\"valueRequired\":true,\"valueName\":\"search_term_string\"}}],\"inLanguage\":\"pl-PL\"},{\"@type\":\"Organization\",\"@id\":\"https:\\\/\\\/toidupakk.ee\\\/pl\\\/#organization\",\"name\":\"Tactical Foodpack matkaeined\",\"url\":\"https:\\\/\\\/toidupakk.ee\\\/pl\\\/\",\"logo\":{\"@type\":\"ImageObject\",\"inLanguage\":\"pl-PL\",\"@id\":\"https:\\\/\\\/toidupakk.ee\\\/pl\\\/#\\\/schema\\\/logo\\\/image\\\/\",\"url\":\"https:\\\/\\\/toidupakk.ee\\\/wp-content\\\/uploads\\\/2022\\\/01\\\/Toidupakk-matkapood-logo-transparent.png\",\"contentUrl\":\"https:\\\/\\\/toidupakk.ee\\\/wp-content\\\/uploads\\\/2022\\\/01\\\/Toidupakk-matkapood-logo-transparent.png\",\"width\":500,\"height\":500,\"caption\":\"Tactical Foodpack matkaeined\"},\"image\":{\"@id\":\"https:\\\/\\\/toidupakk.ee\\\/pl\\\/#\\\/schema\\\/logo\\\/image\\\/\"},\"sameAs\":[\"https:\\\/\\\/www.facebook.com\\\/Toidupakk\",\"https:\\\/\\\/www.instagram.com\\\/toidupakk\\\/\"]}]}<\/script>\n<!-- \/ Yoast SEO plugin. -->","yoast_head_json":{"title":"Wodoodporny notatnik","description":"Wodoodporny notatnik jest przeznaczony do u\u017cytku w warunkach zewn\u0119trznych, gdzie istnieje ryzyko wyst\u0105pienia wilgoci, deszczu, b\u0142ota itp. Wytrzyma\u0142e kartki maj\u0105 kratkowan\u0105 liniatur\u0119 i nie boj\u0105 si\u0119 wilgoci.","robots":{"index":"index","follow":"follow","max-snippet":"max-snippet:-1","max-image-preview":"max-image-preview:large","max-video-preview":"max-video-preview:-1"},"canonical":"https:\/\/toidupakk.ee\/pl\/toode\/wodoodporny-notatnik\/","og_locale":"pl_PL","og_type":"article","og_title":"Wodoodporny notatnik","og_description":"Wodoodporny notatnik jest przeznaczony do u\u017cytku w warunkach zewn\u0119trznych, gdzie istnieje ryzyko wyst\u0105pienia wilgoci, deszczu, b\u0142ota itp. Wytrzyma\u0142e kartki maj\u0105 kratkowan\u0105 liniatur\u0119 i nie boj\u0105 si\u0119 wilgoci.","og_url":"https:\/\/toidupakk.ee\/pl\/toode\/wodoodporny-notatnik\/","og_site_name":"Toidupakk.ee - Tactical Foodpack toidupakid","article_publisher":"https:\/\/www.facebook.com\/Toidupakk","article_modified_time":"2026-04-14T11:30:41+00:00","og_image":[{"width":800,"height":800,"url":"https:\/\/toidupakk.ee\/wp-content\/uploads\/2024\/01\/Veekindel-markmik-3.png","type":"image\/png"}],"twitter_card":"summary_large_image","schema":{"@context":"https:\/\/schema.org","@graph":[{"@type":"WebPage","@id":"https:\/\/toidupakk.ee\/pl\/toode\/wodoodporny-notatnik\/","url":"https:\/\/toidupakk.ee\/pl\/toode\/wodoodporny-notatnik\/","name":"Wodoodporny notatnik","isPartOf":{"@id":"https:\/\/toidupakk.ee\/pl\/#website"},"primaryImageOfPage":{"@id":"https:\/\/toidupakk.ee\/pl\/toode\/wodoodporny-notatnik\/#primaryimage"},"image":{"@id":"https:\/\/toidupakk.ee\/pl\/toode\/wodoodporny-notatnik\/#primaryimage"},"thumbnailUrl":"https:\/\/toidupakk.ee\/wp-content\/uploads\/2024\/01\/Veekindel-markmik-3.png","datePublished":"2024-01-11T14:17:37+00:00","dateModified":"2026-04-14T11:30:41+00:00","description":"Wodoodporny notatnik jest przeznaczony do u\u017cytku w warunkach zewn\u0119trznych, gdzie istnieje ryzyko wyst\u0105pienia wilgoci, deszczu, b\u0142ota itp. Wytrzyma\u0142e kartki maj\u0105 kratkowan\u0105 liniatur\u0119 i nie boj\u0105 si\u0119 wilgoci.","breadcrumb":{"@id":"https:\/\/toidupakk.ee\/pl\/toode\/wodoodporny-notatnik\/#breadcrumb"},"inLanguage":"pl-PL","potentialAction":[{"@type":"ReadAction","target":["https:\/\/toidupakk.ee\/pl\/toode\/wodoodporny-notatnik\/"]}]},{"@type":"ImageObject","inLanguage":"pl-PL","@id":"https:\/\/toidupakk.ee\/pl\/toode\/wodoodporny-notatnik\/#primaryimage","url":"https:\/\/toidupakk.ee\/wp-content\/uploads\/2024\/01\/Veekindel-markmik-3.png","contentUrl":"https:\/\/toidupakk.ee\/wp-content\/uploads\/2024\/01\/Veekindel-markmik-3.png","width":800,"height":800,"caption":"veekindel m\u00e4rkmik matkale"},{"@type":"BreadcrumbList","@id":"https:\/\/toidupakk.ee\/pl\/toode\/wodoodporny-notatnik\/#breadcrumb","itemListElement":[{"@type":"ListItem","position":1,"name":"Avaleht","item":"https:\/\/toidupakk.ee\/pl\/"},{"@type":"ListItem","position":2,"name":"Sklep internetowy","item":"https:\/\/toidupakk.ee\/pl\/sklep-internetowy\/"},{"@type":"ListItem","position":3,"name":"Wodoodporny notatnik"}]},{"@type":"WebSite","@id":"https:\/\/toidupakk.ee\/pl\/#website","url":"https:\/\/toidupakk.ee\/pl\/","name":"Toidupakk.ee - Tactical Foodpack toidupakid","description":"Tactical Foodpack k\u00fclmkuivatatud toidupakid ja matkaeined","publisher":{"@id":"https:\/\/toidupakk.ee\/pl\/#organization"},"potentialAction":[{"@type":"SearchAction","target":{"@type":"EntryPoint","urlTemplate":"https:\/\/toidupakk.ee\/pl\/?s={search_term_string}"},"query-input":{"@type":"PropertyValueSpecification","valueRequired":true,"valueName":"search_term_string"}}],"inLanguage":"pl-PL"},{"@type":"Organization","@id":"https:\/\/toidupakk.ee\/pl\/#organization","name":"Tactical Foodpack matkaeined","url":"https:\/\/toidupakk.ee\/pl\/","logo":{"@type":"ImageObject","inLanguage":"pl-PL","@id":"https:\/\/toidupakk.ee\/pl\/#\/schema\/logo\/image\/","url":"https:\/\/toidupakk.ee\/wp-content\/uploads\/2022\/01\/Toidupakk-matkapood-logo-transparent.png","contentUrl":"https:\/\/toidupakk.ee\/wp-content\/uploads\/2022\/01\/Toidupakk-matkapood-logo-transparent.png","width":500,"height":500,"caption":"Tactical Foodpack matkaeined"},"image":{"@id":"https:\/\/toidupakk.ee\/pl\/#\/schema\/logo\/image\/"},"sameAs":["https:\/\/www.facebook.com\/Toidupakk","https:\/\/www.instagram.com\/toidupakk\/"]}]}},"jetpack_sharing_enabled":true,"_links":{"self":[{"href":"https:\/\/toidupakk.ee\/pl\/wp-json\/wp\/v2\/product\/50775","targetHints":{"allow":["GET"]}}],"collection":[{"href":"https:\/\/toidupakk.ee\/pl\/wp-json\/wp\/v2\/product"}],"about":[{"href":"https:\/\/toidupakk.ee\/pl\/wp-json\/wp\/v2\/types\/product"}],"replies":[{"embeddable":true,"href":"https:\/\/toidupakk.ee\/pl\/wp-json\/wp\/v2\/comments?post=50775"}],"wp:featuredmedia":[{"embeddable":true,"href":"https:\/\/toidupakk.ee\/pl\/wp-json\/wp\/v2\/media\/18747"}],"wp:attachment":[{"href":"https:\/\/toidupakk.ee\/pl\/wp-json\/wp\/v2\/media?parent=50775"}],"wp:term":[{"taxonomy":"product_brand","embeddable":true,"href":"https:\/\/toidupakk.ee\/pl\/wp-json\/wp\/v2\/product_brand?post=50775"},{"taxonomy":"product_cat","embeddable":true,"href":"https:\/\/toidupakk.ee\/pl\/wp-json\/wp\/v2\/product_cat?post=50775"},{"taxonomy":"product_tag","embeddable":true,"href":"https:\/\/toidupakk.ee\/pl\/wp-json\/wp\/v2\/product_tag?post=50775"}],"curies":[{"name":"wp","href":"https:\/\/api.w.org\/{rel}","templated":true}]}}