{"id":50746,"date":"2023-12-08T21:40:27","date_gmt":"2023-12-08T19:40:27","guid":{"rendered":"https:\/\/toidupakk.ee\/toode\/namiot-robson-4\/"},"modified":"2026-04-29T15:31:57","modified_gmt":"2026-04-29T12:31:57","slug":"namiot-robson-4","status":"publish","type":"product","link":"https:\/\/toidupakk.ee\/pl\/toode\/namiot-robson-4\/","title":{"rendered":"Namiot Robson 4"},"content":{"rendered":"<h1>Namiot Robson 4<\/h1>\n<p>Namiot Robson 4 charakteryzuje si\u0119 doskona\u0142\u0105 odporno\u015bci\u0105 na wiatr wzd\u0142u\u017cny, oferuj\u0105c niezawodn\u0105 ochron\u0119 przed wiatrem i trudnymi warunkami pogodowymi. Wn\u0119trze namiotu wykonano z siatki, kt\u00f3ra zapewnia \u015bwietny mikroklimat, chroni przed komarami, muchami, kleszczami i paj\u0105kami, a jednocze\u015bnie umo\u017cliwia cyrkulacj\u0119 powietrza, zapobiegaj\u0105c gromadzeniu si\u0119 wilgoci. Dodatkowo namiot posiada otwory wentylacyjne, kt\u00f3re poprawiaj\u0105 przep\u0142yw powietrza i pomagaj\u0105 unikn\u0105\u0107 kondensacji, dzi\u0119ki czemu zawsze czujesz si\u0119 komfortowo i mo\u017cesz spokojnie spa\u0107.   <\/p>\n<p><img fetchpriority=\"high\" decoding=\"async\" class=\"alignnone wp-image-11665 size-thumbnail\" src=\"https:\/\/toidupakk.ee\/wp-content\/uploads\/2023\/07\/Robson-3-7-500x500.jpeg\" alt=\"namiot robson dla 4-5 os\u00f3b\" width=\"500\" height=\"500\" srcset=\"https:\/\/toidupakk.ee\/wp-content\/uploads\/2023\/07\/Robson-3-7-500x500.jpeg 500w, https:\/\/toidupakk.ee\/wp-content\/uploads\/2023\/07\/Robson-3-7-400x400.jpeg 400w, https:\/\/toidupakk.ee\/wp-content\/uploads\/2023\/07\/Robson-3-7-100x100.jpeg 100w, https:\/\/toidupakk.ee\/wp-content\/uploads\/2023\/07\/Robson-3-7-800x800.jpeg 800w, https:\/\/toidupakk.ee\/wp-content\/uploads\/2023\/07\/Robson-3-7-300x300.jpeg 300w, https:\/\/toidupakk.ee\/wp-content\/uploads\/2023\/07\/Robson-3-7-1024x1024.jpeg 1024w, https:\/\/toidupakk.ee\/wp-content\/uploads\/2023\/07\/Robson-3-7-768x768.jpeg 768w, https:\/\/toidupakk.ee\/wp-content\/uploads\/2023\/07\/Robson-3-7.jpeg 1200w\" sizes=\"(max-width: 500px) 100vw, 500px\" \/><\/p>\n<h2>Konstrukcja i elementy dodatkowe namiotu<\/h2>\n<p>Robson 4 ma te\u017c wiele innych zalet, w tym lekkie materia\u0142y i komponenty, kt\u00f3re zmniejszaj\u0105 wag\u0119 i wymiary po spakowaniu, pozwalaj\u0105c Ci nosi\u0107 mniej lub zabra\u0107 wi\u0119cej sprz\u0119tu. Tropik i pod\u0142oga s\u0105 pokryte pow\u0142ok\u0105 poliuretanow\u0105, a szwy s\u0105 podklejone, co zapewnia wodoodporno\u015b\u0107 nawet podczas ulewnego deszczu, dzi\u0119ki czemu pozostaniesz suchy i bezpieczny bez wzgl\u0119du na intensywno\u015b\u0107 opad\u00f3w. <\/p>\n<p><img decoding=\"async\" class=\"alignnone size-full wp-image-11689\" src=\"https:\/\/toidupakk.ee\/wp-content\/uploads\/2023\/07\/Robson-4-14.png\" alt=\"\" width=\"250\" height=\"250\" srcset=\"https:\/\/toidupakk.ee\/wp-content\/uploads\/2023\/07\/Robson-4-14.png 250w, https:\/\/toidupakk.ee\/wp-content\/uploads\/2023\/07\/Robson-4-14-100x100.png 100w\" sizes=\"(max-width: 250px) 100vw, 250px\" \/><\/p>\n<p>Namiot Robson 4 ma wszystkie pa\u0142\u0105ki tej samej d\u0142ugo\u015bci, co zapewnia \u0142atwy i szybki monta\u017c oraz wysoko\u015b\u0107 165 cm w ca\u0142ym namiocie. Posiada du\u017cy przedsionek z przodu, kt\u00f3ry oferuje przestronne miejsce do przechowywania mokrych rzeczy i gotowania, zwi\u0119kszaj\u0105c przestrze\u0144 u\u017cytkow\u0105 i wygod\u0119. Namiot ma te\u017c odblaskowe odci\u0105gi, dzi\u0119ki kt\u00f3rym jest lepiej widoczny w ciemno\u015bci, co u\u0142atwia znalezienie obozowiska i zapobiega potkni\u0119ciom.  <\/p>\n<p>Sprawd\u017a inne akcesoria turystyczne <a href=\"https:\/\/toidupakk.ee\/pl\/tootekategooria\/sprzet-turystyczny\/#section-3-79\">TUTAJ<\/a><\/p>\n<p>Interesuj\u0105 Ci\u0119 posi\u0142ki turystyczne? Zobacz <a href=\"\/?product_cat=snakk#section-3-79\">TUTAJ<\/a><\/p>\n<p>Znajd\u017a inspiracj\u0119 na kolejne przygody na <a href=\"https:\/\/www.instagram.com\/toidupakk\/\">Instagramie<\/a> i <a href=\"https:\/\/www.facebook.com\/Toidupakk\/\">Facebooku<\/a> Toidupakk.<\/p>\n","protected":false},"excerpt":{"rendered":"<p><strong>Namiot Robson 4 to starszy i wi\u0119kszy brat modelu Robson 3 \u2013 jest o 50 cm szerszy i oferuje wysoko\u015b\u0107 stoj\u0105c\u0105 niemal na ca\u0142ej powierzchni. Ten namiot tunelowy daje poczucie ogromnej przestrzeni i wygodnie pomie\u015bci 4-5 os\u00f3b, oferuj\u0105c mn\u00f3stwo miejsca na sprz\u0119t i baga\u017c w przedsionku. <\/strong><\/p>\n<ul>\n<li><strong>Liczba miejsc:<\/strong> 4 do 5 os\u00f3b<\/li>\n<li><strong>Materia\u0142 tropiku:<\/strong> 100% poliester 68D (190T)<\/li>\n<li><strong>Materia\u0142 namiotu wewn\u0119trznego:<\/strong> wytrzyma\u0142a siatka (chroni przed komarami i innymi owadami)<\/li>\n<li><strong>Materia\u0142 pod\u0142ogi:<\/strong> polietylen powlekany poliuretanem<\/li>\n<li><strong>Pa\u0142\u0105ki:<\/strong> w\u0142\u00f3kno szklane<\/li>\n<li><strong>\u015aledzie:<\/strong> stal<\/li>\n<li><strong>Waga:<\/strong> 7000 gram\u00f3w<\/li>\n<li><strong>Wymiary:<\/strong> 23 x 66 cm (po spakowaniu)<\/li>\n<li><strong>Wodoodporno\u015b\u0107:<\/strong> 3000 mm<\/li>\n<li><strong>Dost\u0119pne kolory:<\/strong> Blue Grass (niebieski) lub Capulet Olive (le\u015bna ziele\u0144)<\/li>\n<\/ul>\n<p>\u2705 Dost\u0119pne w magazynie, szybka dostawa w 1-3 dni robocze<br \/>\n\u2705 Kup teraz, zap\u0142a\u0107 p\u00f3\u017aniej (RRSO 0%)<\/p>\n","protected":false},"featured_media":50768,"comment_status":"open","ping_status":"closed","template":"","meta":{"_acf_changed":false},"product_brand":[],"product_cat":[303,312,314,301],"product_tag":[],"class_list":{"0":"post-50746","1":"product","2":"type-product","3":"status-publish","4":"has-post-thumbnail","6":"product_cat-akcesoria-turystyczne","7":"product_cat-namioty","8":"product_cat-nocowanie-w-naturze","9":"product_cat-sprzet-turystyczny","11":"first","12":"instock","13":"sale","14":"taxable","15":"shipping-taxable","16":"purchasable","17":"product-type-variable","18":"has-default-attributes"},"bundled_by":[],"bundle_stock_status":"instock","bundle_stock_quantity":null,"bundle_virtual":false,"bundle_layout":"","bundle_add_to_cart_form_location":"","bundle_editable_in_cart":false,"bundle_sold_individually_context":"","bundle_item_grouping":"","bundle_min_size":"","bundle_max_size":"","bundle_price":[],"bundled_items":[],"bundle_sell_ids":[],"acf":[],"yoast_head":"<!-- This site is optimized with the Yoast SEO plugin v27.3 - https:\/\/yoast.com\/product\/yoast-seo-wordpress\/ -->\n<title>Namiot Robson 4<\/title>\n<meta name=\"description\" content=\"Namiot Robson 4 to du\u017cy, przestronny i wygodny namiot tunelowy, kt\u00f3ry zapewnia niezawodn\u0105 ochron\u0119 przed wiatrem, deszczem i owadami, gwarantuj\u0105c jednocze\u015bnie dobr\u0105 wentylacj\u0119.\" \/>\n<meta name=\"robots\" content=\"index, follow, max-snippet:-1, max-image-preview:large, max-video-preview:-1\" \/>\n<link rel=\"canonical\" href=\"https:\/\/toidupakk.ee\/pl\/toode\/namiot-robson-4\/\" \/>\n<meta property=\"og:locale\" content=\"pl_PL\" \/>\n<meta property=\"og:type\" content=\"article\" \/>\n<meta property=\"og:title\" content=\"Namiot Robson 4\" \/>\n<meta property=\"og:description\" content=\"Namiot Robson 4 to du\u017cy, przestronny i wygodny namiot tunelowy, kt\u00f3ry zapewnia niezawodn\u0105 ochron\u0119 przed wiatrem, deszczem i owadami, gwarantuj\u0105c jednocze\u015bnie dobr\u0105 wentylacj\u0119.\" \/>\n<meta property=\"og:url\" content=\"https:\/\/toidupakk.ee\/pl\/toode\/namiot-robson-4\/\" \/>\n<meta property=\"og:site_name\" content=\"Toidupakk.ee - Tactical Foodpack toidupakid\" \/>\n<meta property=\"article:publisher\" content=\"https:\/\/www.facebook.com\/Toidupakk\" \/>\n<meta property=\"article:modified_time\" content=\"2026-04-29T12:31:57+00:00\" \/>\n<meta property=\"og:image\" content=\"https:\/\/toidupakk.ee\/wp-content\/uploads\/2023\/12\/Robson-4.png\" \/>\n\t<meta property=\"og:image:width\" content=\"800\" \/>\n\t<meta property=\"og:image:height\" content=\"800\" \/>\n\t<meta property=\"og:image:type\" content=\"image\/png\" \/>\n<meta name=\"twitter:card\" content=\"summary_large_image\" \/>\n<meta name=\"twitter:label1\" content=\"Szacowany czas czytania\" \/>\n\t<meta name=\"twitter:data1\" content=\"1 minuta\" \/>\n<script type=\"application\/ld+json\" class=\"yoast-schema-graph\">{\"@context\":\"https:\\\/\\\/schema.org\",\"@graph\":[{\"@type\":\"WebPage\",\"@id\":\"https:\\\/\\\/toidupakk.ee\\\/pl\\\/toode\\\/namiot-robson-4\\\/\",\"url\":\"https:\\\/\\\/toidupakk.ee\\\/pl\\\/toode\\\/namiot-robson-4\\\/\",\"name\":\"Namiot Robson 4\",\"isPartOf\":{\"@id\":\"https:\\\/\\\/toidupakk.ee\\\/pl\\\/#website\"},\"primaryImageOfPage\":{\"@id\":\"https:\\\/\\\/toidupakk.ee\\\/pl\\\/toode\\\/namiot-robson-4\\\/#primaryimage\"},\"image\":{\"@id\":\"https:\\\/\\\/toidupakk.ee\\\/pl\\\/toode\\\/namiot-robson-4\\\/#primaryimage\"},\"thumbnailUrl\":\"https:\\\/\\\/toidupakk.ee\\\/wp-content\\\/uploads\\\/2023\\\/12\\\/Robson-4.png\",\"datePublished\":\"2023-12-08T19:40:27+00:00\",\"dateModified\":\"2026-04-29T12:31:57+00:00\",\"description\":\"Namiot Robson 4 to du\u017cy, przestronny i wygodny namiot tunelowy, kt\u00f3ry zapewnia niezawodn\u0105 ochron\u0119 przed wiatrem, deszczem i owadami, gwarantuj\u0105c jednocze\u015bnie dobr\u0105 wentylacj\u0119.\",\"breadcrumb\":{\"@id\":\"https:\\\/\\\/toidupakk.ee\\\/pl\\\/toode\\\/namiot-robson-4\\\/#breadcrumb\"},\"inLanguage\":\"pl-PL\",\"potentialAction\":[{\"@type\":\"ReadAction\",\"target\":[\"https:\\\/\\\/toidupakk.ee\\\/pl\\\/toode\\\/namiot-robson-4\\\/\"]}]},{\"@type\":\"ImageObject\",\"inLanguage\":\"pl-PL\",\"@id\":\"https:\\\/\\\/toidupakk.ee\\\/pl\\\/toode\\\/namiot-robson-4\\\/#primaryimage\",\"url\":\"https:\\\/\\\/toidupakk.ee\\\/wp-content\\\/uploads\\\/2023\\\/12\\\/Robson-4.png\",\"contentUrl\":\"https:\\\/\\\/toidupakk.ee\\\/wp-content\\\/uploads\\\/2023\\\/12\\\/Robson-4.png\",\"width\":800,\"height\":800},{\"@type\":\"BreadcrumbList\",\"@id\":\"https:\\\/\\\/toidupakk.ee\\\/pl\\\/toode\\\/namiot-robson-4\\\/#breadcrumb\",\"itemListElement\":[{\"@type\":\"ListItem\",\"position\":1,\"name\":\"Avaleht\",\"item\":\"https:\\\/\\\/toidupakk.ee\\\/pl\\\/\"},{\"@type\":\"ListItem\",\"position\":2,\"name\":\"Sklep internetowy\",\"item\":\"https:\\\/\\\/toidupakk.ee\\\/pl\\\/sklep-internetowy\\\/\"},{\"@type\":\"ListItem\",\"position\":3,\"name\":\"Namiot Robson 4\"}]},{\"@type\":\"WebSite\",\"@id\":\"https:\\\/\\\/toidupakk.ee\\\/pl\\\/#website\",\"url\":\"https:\\\/\\\/toidupakk.ee\\\/pl\\\/\",\"name\":\"Toidupakk.ee - Tactical Foodpack toidupakid\",\"description\":\"Tactical Foodpack k\u00fclmkuivatatud toidupakid ja matkaeined\",\"publisher\":{\"@id\":\"https:\\\/\\\/toidupakk.ee\\\/pl\\\/#organization\"},\"potentialAction\":[{\"@type\":\"SearchAction\",\"target\":{\"@type\":\"EntryPoint\",\"urlTemplate\":\"https:\\\/\\\/toidupakk.ee\\\/pl\\\/?s={search_term_string}\"},\"query-input\":{\"@type\":\"PropertyValueSpecification\",\"valueRequired\":true,\"valueName\":\"search_term_string\"}}],\"inLanguage\":\"pl-PL\"},{\"@type\":\"Organization\",\"@id\":\"https:\\\/\\\/toidupakk.ee\\\/pl\\\/#organization\",\"name\":\"Tactical Foodpack matkaeined\",\"url\":\"https:\\\/\\\/toidupakk.ee\\\/pl\\\/\",\"logo\":{\"@type\":\"ImageObject\",\"inLanguage\":\"pl-PL\",\"@id\":\"https:\\\/\\\/toidupakk.ee\\\/pl\\\/#\\\/schema\\\/logo\\\/image\\\/\",\"url\":\"https:\\\/\\\/toidupakk.ee\\\/wp-content\\\/uploads\\\/2022\\\/01\\\/Toidupakk-matkapood-logo-transparent.png\",\"contentUrl\":\"https:\\\/\\\/toidupakk.ee\\\/wp-content\\\/uploads\\\/2022\\\/01\\\/Toidupakk-matkapood-logo-transparent.png\",\"width\":500,\"height\":500,\"caption\":\"Tactical Foodpack matkaeined\"},\"image\":{\"@id\":\"https:\\\/\\\/toidupakk.ee\\\/pl\\\/#\\\/schema\\\/logo\\\/image\\\/\"},\"sameAs\":[\"https:\\\/\\\/www.facebook.com\\\/Toidupakk\",\"https:\\\/\\\/www.instagram.com\\\/toidupakk\\\/\"]}]}<\/script>\n<!-- \/ Yoast SEO plugin. -->","yoast_head_json":{"title":"Namiot Robson 4","description":"Namiot Robson 4 to du\u017cy, przestronny i wygodny namiot tunelowy, kt\u00f3ry zapewnia niezawodn\u0105 ochron\u0119 przed wiatrem, deszczem i owadami, gwarantuj\u0105c jednocze\u015bnie dobr\u0105 wentylacj\u0119.","robots":{"index":"index","follow":"follow","max-snippet":"max-snippet:-1","max-image-preview":"max-image-preview:large","max-video-preview":"max-video-preview:-1"},"canonical":"https:\/\/toidupakk.ee\/pl\/toode\/namiot-robson-4\/","og_locale":"pl_PL","og_type":"article","og_title":"Namiot Robson 4","og_description":"Namiot Robson 4 to du\u017cy, przestronny i wygodny namiot tunelowy, kt\u00f3ry zapewnia niezawodn\u0105 ochron\u0119 przed wiatrem, deszczem i owadami, gwarantuj\u0105c jednocze\u015bnie dobr\u0105 wentylacj\u0119.","og_url":"https:\/\/toidupakk.ee\/pl\/toode\/namiot-robson-4\/","og_site_name":"Toidupakk.ee - Tactical Foodpack toidupakid","article_publisher":"https:\/\/www.facebook.com\/Toidupakk","article_modified_time":"2026-04-29T12:31:57+00:00","og_image":[{"width":800,"height":800,"url":"https:\/\/toidupakk.ee\/wp-content\/uploads\/2023\/12\/Robson-4.png","type":"image\/png"}],"twitter_card":"summary_large_image","twitter_misc":{"Szacowany czas czytania":"1 minuta"},"schema":{"@context":"https:\/\/schema.org","@graph":[{"@type":"WebPage","@id":"https:\/\/toidupakk.ee\/pl\/toode\/namiot-robson-4\/","url":"https:\/\/toidupakk.ee\/pl\/toode\/namiot-robson-4\/","name":"Namiot Robson 4","isPartOf":{"@id":"https:\/\/toidupakk.ee\/pl\/#website"},"primaryImageOfPage":{"@id":"https:\/\/toidupakk.ee\/pl\/toode\/namiot-robson-4\/#primaryimage"},"image":{"@id":"https:\/\/toidupakk.ee\/pl\/toode\/namiot-robson-4\/#primaryimage"},"thumbnailUrl":"https:\/\/toidupakk.ee\/wp-content\/uploads\/2023\/12\/Robson-4.png","datePublished":"2023-12-08T19:40:27+00:00","dateModified":"2026-04-29T12:31:57+00:00","description":"Namiot Robson 4 to du\u017cy, przestronny i wygodny namiot tunelowy, kt\u00f3ry zapewnia niezawodn\u0105 ochron\u0119 przed wiatrem, deszczem i owadami, gwarantuj\u0105c jednocze\u015bnie dobr\u0105 wentylacj\u0119.","breadcrumb":{"@id":"https:\/\/toidupakk.ee\/pl\/toode\/namiot-robson-4\/#breadcrumb"},"inLanguage":"pl-PL","potentialAction":[{"@type":"ReadAction","target":["https:\/\/toidupakk.ee\/pl\/toode\/namiot-robson-4\/"]}]},{"@type":"ImageObject","inLanguage":"pl-PL","@id":"https:\/\/toidupakk.ee\/pl\/toode\/namiot-robson-4\/#primaryimage","url":"https:\/\/toidupakk.ee\/wp-content\/uploads\/2023\/12\/Robson-4.png","contentUrl":"https:\/\/toidupakk.ee\/wp-content\/uploads\/2023\/12\/Robson-4.png","width":800,"height":800},{"@type":"BreadcrumbList","@id":"https:\/\/toidupakk.ee\/pl\/toode\/namiot-robson-4\/#breadcrumb","itemListElement":[{"@type":"ListItem","position":1,"name":"Avaleht","item":"https:\/\/toidupakk.ee\/pl\/"},{"@type":"ListItem","position":2,"name":"Sklep internetowy","item":"https:\/\/toidupakk.ee\/pl\/sklep-internetowy\/"},{"@type":"ListItem","position":3,"name":"Namiot Robson 4"}]},{"@type":"WebSite","@id":"https:\/\/toidupakk.ee\/pl\/#website","url":"https:\/\/toidupakk.ee\/pl\/","name":"Toidupakk.ee - Tactical Foodpack toidupakid","description":"Tactical Foodpack k\u00fclmkuivatatud toidupakid ja matkaeined","publisher":{"@id":"https:\/\/toidupakk.ee\/pl\/#organization"},"potentialAction":[{"@type":"SearchAction","target":{"@type":"EntryPoint","urlTemplate":"https:\/\/toidupakk.ee\/pl\/?s={search_term_string}"},"query-input":{"@type":"PropertyValueSpecification","valueRequired":true,"valueName":"search_term_string"}}],"inLanguage":"pl-PL"},{"@type":"Organization","@id":"https:\/\/toidupakk.ee\/pl\/#organization","name":"Tactical Foodpack matkaeined","url":"https:\/\/toidupakk.ee\/pl\/","logo":{"@type":"ImageObject","inLanguage":"pl-PL","@id":"https:\/\/toidupakk.ee\/pl\/#\/schema\/logo\/image\/","url":"https:\/\/toidupakk.ee\/wp-content\/uploads\/2022\/01\/Toidupakk-matkapood-logo-transparent.png","contentUrl":"https:\/\/toidupakk.ee\/wp-content\/uploads\/2022\/01\/Toidupakk-matkapood-logo-transparent.png","width":500,"height":500,"caption":"Tactical Foodpack matkaeined"},"image":{"@id":"https:\/\/toidupakk.ee\/pl\/#\/schema\/logo\/image\/"},"sameAs":["https:\/\/www.facebook.com\/Toidupakk","https:\/\/www.instagram.com\/toidupakk\/"]}]}},"jetpack_sharing_enabled":true,"_links":{"self":[{"href":"https:\/\/toidupakk.ee\/pl\/wp-json\/wp\/v2\/product\/50746","targetHints":{"allow":["GET"]}}],"collection":[{"href":"https:\/\/toidupakk.ee\/pl\/wp-json\/wp\/v2\/product"}],"about":[{"href":"https:\/\/toidupakk.ee\/pl\/wp-json\/wp\/v2\/types\/product"}],"replies":[{"embeddable":true,"href":"https:\/\/toidupakk.ee\/pl\/wp-json\/wp\/v2\/comments?post=50746"}],"wp:featuredmedia":[{"embeddable":true,"href":"https:\/\/toidupakk.ee\/pl\/wp-json\/wp\/v2\/media\/50768"}],"wp:attachment":[{"href":"https:\/\/toidupakk.ee\/pl\/wp-json\/wp\/v2\/media?parent=50746"}],"wp:term":[{"taxonomy":"product_brand","embeddable":true,"href":"https:\/\/toidupakk.ee\/pl\/wp-json\/wp\/v2\/product_brand?post=50746"},{"taxonomy":"product_cat","embeddable":true,"href":"https:\/\/toidupakk.ee\/pl\/wp-json\/wp\/v2\/product_cat?post=50746"},{"taxonomy":"product_tag","embeddable":true,"href":"https:\/\/toidupakk.ee\/pl\/wp-json\/wp\/v2\/product_tag?post=50746"}],"curies":[{"name":"wp","href":"https:\/\/api.w.org\/{rel}","templated":true}]}}