{"id":50741,"date":"2023-12-06T17:15:03","date_gmt":"2023-12-06T15:15:03","guid":{"rendered":"https:\/\/toidupakk.ee\/toode\/baton-z-swierszczy-raw-power\/"},"modified":"2026-04-15T19:30:24","modified_gmt":"2026-04-15T16:30:24","slug":"baton-z-swierszczy-raw-power","status":"publish","type":"product","link":"https:\/\/toidupakk.ee\/pl\/toode\/baton-z-swierszczy-raw-power\/","title":{"rendered":"Baton z \u015bwierszczy Raw Power"},"content":{"rendered":"<p>Baton z \u015bwierszczy Raw Power to idealny wyb\u00f3r dla os\u00f3b prowadz\u0105cych aktywny tryb \u017cycia \u2013 \u015bwietnie sprawdzi si\u0119 podczas treningu, w\u0119dr\u00f3wek, jazdy na rowerze czy biegania. Produkt charakteryzuje si\u0119 wysok\u0105 zawarto\u015bci\u0105 bia\u0142ka i b\u0142onnika, a dodatek witaminy B12 pomaga zwalcza\u0107 zm\u0119czenie. Baton zawiera r\u00f3wnie\u017c magnez, kt\u00f3ry wspiera prac\u0119 mi\u0119\u015bni i uk\u0142adu nerwowego.  <\/p>\n<p>Do budowy mi\u0119\u015bni mo\u017cesz wykorzysta\u0107 niezwykle ekologiczne \u017ar\u00f3d\u0142o bia\u0142ka \u2013 \u015bwierszcze. Ich hodowla wymaga znacznie mniej zasob\u00f3w ni\u017c tradycyjne \u017ar\u00f3d\u0142a bia\u0142ka, takie jak wo\u0142owina. \u015awierszcze s\u0105 r\u00f3wnie\u017c bogate w witaminy, minera\u0142y i kwasy t\u0142uszczowe omega-3.  <\/p>\n<p>Ten przysmak o rozp\u0142ywaj\u0105cym si\u0119 w ustach bukiecie smak\u00f3w kakao i pomara\u0144czy zapewnia soczysto\u015b\u0107 i od\u015bwie\u017cenie. Naturalna s\u0142odycz pochodzi z daktyli, a migda\u0142y, pra\u017cone pestki dyni i cykoria dodaj\u0105 przyjemnej orzechowej nuty. Produkt nie zawiera sztucznych aromat\u00f3w ani nietypowych posmak\u00f3w. Ta mi\u0119kka i soczysta przek\u0105ska doda ci energii na ca\u0142y dzie\u0144.   <\/p>\n<p><img fetchpriority=\"high\" decoding=\"async\" class=\"alignleft wp-image-16407 size-thumbnail\" src=\"https:\/\/toidupakk.ee\/wp-content\/uploads\/2023\/11\/Kilgibatoon-Raw-Power21-500x500.jpg\" alt=\"Baton z \u015bwierszczy Raw Power 2\" width=\"500\" height=\"500\" srcset=\"https:\/\/toidupakk.ee\/wp-content\/uploads\/2023\/11\/Kilgibatoon-Raw-Power21-500x500.jpg 500w, https:\/\/toidupakk.ee\/wp-content\/uploads\/2023\/11\/Kilgibatoon-Raw-Power21-400x400.jpg 400w, https:\/\/toidupakk.ee\/wp-content\/uploads\/2023\/11\/Kilgibatoon-Raw-Power21-100x100.jpg 100w, https:\/\/toidupakk.ee\/wp-content\/uploads\/2023\/11\/Kilgibatoon-Raw-Power21-300x300.jpg 300w, https:\/\/toidupakk.ee\/wp-content\/uploads\/2023\/11\/Kilgibatoon-Raw-Power21-768x768.jpg 768w, https:\/\/toidupakk.ee\/wp-content\/uploads\/2023\/11\/Kilgibatoon-Raw-Power21.jpg 800w\" sizes=\"(max-width: 500px) 100vw, 500px\" \/><\/p>\n<p>Produkt zawiera tylko 8 sk\u0142adnik\u00f3w: m\u0105k\u0119 ze \u015bwierszczy, migda\u0142y, pra\u017cone pestki dyni, daktyle, syrop z cykorii, pra\u017cone ziarno kakaowca i olejek pomara\u0144czowy. Bez dodatku cukru i nieznanych sk\u0142adnik\u00f3w. Paleo, bezglutenowa \u017cywno\u015b\u0107 surowa (raw).  <\/p>\n<p>\u015awierszcze maj\u0105 minimalny wp\u0142yw na \u015brodowisko \u2013 ich produkcja wymaga 1000 razy mniej wody i 100 razy mniej ziemi ni\u017c w przypadku wo\u0142owiny, a ich \u015blad w\u0119glowy jest 100 razy mniejszy. Wybierz czyste bia\u0142ko, kt\u00f3re jest dobre dla twojego cia\u0142a i naszej planety! <\/p>\n<p>Interesuje Ci\u0119 sprz\u0119t turystyczny? Sprawd\u017a szczeg\u00f3\u0142y <a href=\"https:\/\/toidupakk.ee\/pl\/tootekategooria\/sprzet-turystyczny\/#section-3-79\">TUTAJ<\/a><\/p>\n<p>Interesuj\u0105 Ci\u0119 posi\u0142ki turystyczne? Zobacz <a href=\"https:\/\/toidupakk.ee\/pl\/tootekategooria\/dania-glowne\/\">TUTAJ<\/a><\/p>\n<p>Znajd\u017a inspiracj\u0119 na kolejne przygody na <a href=\"https:\/\/www.instagram.com\/toidupakk\/\">Instagramie<\/a> i <a href=\"https:\/\/www.facebook.com\/Toidupakk\/\">Facebooku<\/a> Toidupakk.<\/p>\n","protected":false},"excerpt":{"rendered":"<p>Baton z \u015bwierszczy Raw Power to zdrowy i smaczny wyb\u00f3r, kt\u00f3rego kakaowo-pomara\u0144czowy smak zachwyci ka\u017cde podniebienie. Sk\u0142ad produktu to bogactwo sk\u0142adnik\u00f3w od\u017cywczych, w tym witamin, minera\u0142\u00f3w i b\u0142onnika, kluczowych dla zdrowia. To tak\u017ce wyb\u00f3r przyjazny dla \u015brodowiska, wspieraj\u0105cy zdrowy styl \u017cycia.  <\/p>\n<ul>\n<li class=\"my-1 text-base\">Idealny dla aktywnego stylu \u017cycia: na si\u0142owni\u0119, w\u0119dr\u00f3wk\u0119, rower itp.<\/li>\n<li class=\"my-1 text-base\">Smak kakaowo-pomara\u0144czowy, naturalna s\u0142odycz z daktyli i kakao.<\/li>\n<li>Ekologiczno\u015b\u0107<\/li>\n<li><a>Paleo, bezglutenowa \u017cywno\u015b\u0107 surowa<\/a><\/li>\n<li>20 g bia\u0142ka<\/li>\n<\/ul>\n<p>\u2705 Dost\u0119pny w magazynie, szybka dostawa w 1-3 dni robocze<\/p>\n","protected":false},"featured_media":16408,"comment_status":"open","ping_status":"closed","template":"","meta":{"_acf_changed":false},"product_brand":[],"product_cat":[303,339,364,340,301],"product_tag":[305],"class_list":{"0":"post-50741","1":"product","2":"type-product","3":"status-publish","4":"has-post-thumbnail","6":"product_cat-akcesoria-turystyczne","7":"product_cat-batony-energetyczne","8":"product_cat-dodatki","9":"product_cat-przekaski-ze-swierszczy","10":"product_cat-sprzet-turystyczny","11":"product_tag-no_ads","13":"first","14":"instock","15":"taxable","16":"shipping-taxable","17":"purchasable","18":"product-type-simple"},"bundled_by":[],"bundle_stock_status":"instock","bundle_stock_quantity":9,"bundle_virtual":false,"bundle_layout":"","bundle_add_to_cart_form_location":"","bundle_editable_in_cart":false,"bundle_sold_individually_context":"","bundle_item_grouping":"","bundle_min_size":"","bundle_max_size":"","bundle_price":[],"bundled_items":[],"bundle_sell_ids":[],"acf":[],"yoast_head":"<!-- This site is optimized with the Yoast SEO plugin v27.3 - https:\/\/yoast.com\/product\/yoast-seo-wordpress\/ -->\n<title>Baton z \u015bwierszczy Raw Power<\/title>\n<meta name=\"description\" content=\"Baton z \u015bwierszczy Raw Power to \u015bwie\u017cy, naturalny wyb\u00f3r o rozp\u0142ywaj\u0105cym si\u0119 w ustach kakaowo-pomara\u0144czowym smaku, bogaty w witaminy, minera\u0142y i b\u0142onnik.\" \/>\n<meta name=\"robots\" content=\"index, follow, max-snippet:-1, max-image-preview:large, max-video-preview:-1\" \/>\n<link rel=\"canonical\" href=\"https:\/\/toidupakk.ee\/pl\/toode\/baton-z-swierszczy-raw-power\/\" \/>\n<meta property=\"og:locale\" content=\"pl_PL\" \/>\n<meta property=\"og:type\" content=\"article\" \/>\n<meta property=\"og:title\" content=\"Baton z \u015bwierszczy Raw Power\" \/>\n<meta property=\"og:description\" content=\"Baton z \u015bwierszczy Raw Power to \u015bwie\u017cy, naturalny wyb\u00f3r o rozp\u0142ywaj\u0105cym si\u0119 w ustach kakaowo-pomara\u0144czowym smaku, bogaty w witaminy, minera\u0142y i b\u0142onnik.\" \/>\n<meta property=\"og:url\" content=\"https:\/\/toidupakk.ee\/pl\/toode\/baton-z-swierszczy-raw-power\/\" \/>\n<meta property=\"og:site_name\" content=\"Toidupakk.ee - Tactical Foodpack toidupakid\" \/>\n<meta property=\"article:publisher\" content=\"https:\/\/www.facebook.com\/Toidupakk\" \/>\n<meta property=\"article:modified_time\" content=\"2026-04-15T16:30:24+00:00\" \/>\n<meta property=\"og:image\" content=\"https:\/\/toidupakk.ee\/wp-content\/uploads\/2023\/11\/Kilgibatoon-Raw-Power22.png\" \/>\n\t<meta property=\"og:image:width\" content=\"800\" \/>\n\t<meta property=\"og:image:height\" content=\"800\" \/>\n\t<meta property=\"og:image:type\" content=\"image\/png\" \/>\n<meta name=\"twitter:card\" content=\"summary_large_image\" \/>\n<meta name=\"twitter:label1\" content=\"Szacowany czas czytania\" \/>\n\t<meta name=\"twitter:data1\" content=\"1 minuta\" \/>\n<script type=\"application\/ld+json\" class=\"yoast-schema-graph\">{\"@context\":\"https:\\\/\\\/schema.org\",\"@graph\":[{\"@type\":\"WebPage\",\"@id\":\"https:\\\/\\\/toidupakk.ee\\\/pl\\\/toode\\\/baton-z-swierszczy-raw-power\\\/\",\"url\":\"https:\\\/\\\/toidupakk.ee\\\/pl\\\/toode\\\/baton-z-swierszczy-raw-power\\\/\",\"name\":\"Baton z \u015bwierszczy Raw Power\",\"isPartOf\":{\"@id\":\"https:\\\/\\\/toidupakk.ee\\\/pl\\\/#website\"},\"primaryImageOfPage\":{\"@id\":\"https:\\\/\\\/toidupakk.ee\\\/pl\\\/toode\\\/baton-z-swierszczy-raw-power\\\/#primaryimage\"},\"image\":{\"@id\":\"https:\\\/\\\/toidupakk.ee\\\/pl\\\/toode\\\/baton-z-swierszczy-raw-power\\\/#primaryimage\"},\"thumbnailUrl\":\"https:\\\/\\\/toidupakk.ee\\\/wp-content\\\/uploads\\\/2023\\\/11\\\/Kilgibatoon-Raw-Power22.png\",\"datePublished\":\"2023-12-06T15:15:03+00:00\",\"dateModified\":\"2026-04-15T16:30:24+00:00\",\"description\":\"Baton z \u015bwierszczy Raw Power to \u015bwie\u017cy, naturalny wyb\u00f3r o rozp\u0142ywaj\u0105cym si\u0119 w ustach kakaowo-pomara\u0144czowym smaku, bogaty w witaminy, minera\u0142y i b\u0142onnik.\",\"breadcrumb\":{\"@id\":\"https:\\\/\\\/toidupakk.ee\\\/pl\\\/toode\\\/baton-z-swierszczy-raw-power\\\/#breadcrumb\"},\"inLanguage\":\"pl-PL\",\"potentialAction\":[{\"@type\":\"ReadAction\",\"target\":[\"https:\\\/\\\/toidupakk.ee\\\/pl\\\/toode\\\/baton-z-swierszczy-raw-power\\\/\"]}]},{\"@type\":\"ImageObject\",\"inLanguage\":\"pl-PL\",\"@id\":\"https:\\\/\\\/toidupakk.ee\\\/pl\\\/toode\\\/baton-z-swierszczy-raw-power\\\/#primaryimage\",\"url\":\"https:\\\/\\\/toidupakk.ee\\\/wp-content\\\/uploads\\\/2023\\\/11\\\/Kilgibatoon-Raw-Power22.png\",\"contentUrl\":\"https:\\\/\\\/toidupakk.ee\\\/wp-content\\\/uploads\\\/2023\\\/11\\\/Kilgibatoon-Raw-Power22.png\",\"width\":800,\"height\":800,\"caption\":\"Kilgibatoon Raw Power 1\"},{\"@type\":\"BreadcrumbList\",\"@id\":\"https:\\\/\\\/toidupakk.ee\\\/pl\\\/toode\\\/baton-z-swierszczy-raw-power\\\/#breadcrumb\",\"itemListElement\":[{\"@type\":\"ListItem\",\"position\":1,\"name\":\"Avaleht\",\"item\":\"https:\\\/\\\/toidupakk.ee\\\/pl\\\/\"},{\"@type\":\"ListItem\",\"position\":2,\"name\":\"Sklep internetowy\",\"item\":\"https:\\\/\\\/toidupakk.ee\\\/pl\\\/sklep-internetowy\\\/\"},{\"@type\":\"ListItem\",\"position\":3,\"name\":\"Baton z \u015bwierszczy Raw Power\"}]},{\"@type\":\"WebSite\",\"@id\":\"https:\\\/\\\/toidupakk.ee\\\/pl\\\/#website\",\"url\":\"https:\\\/\\\/toidupakk.ee\\\/pl\\\/\",\"name\":\"Toidupakk.ee - Tactical Foodpack toidupakid\",\"description\":\"Tactical Foodpack k\u00fclmkuivatatud toidupakid ja matkaeined\",\"publisher\":{\"@id\":\"https:\\\/\\\/toidupakk.ee\\\/pl\\\/#organization\"},\"potentialAction\":[{\"@type\":\"SearchAction\",\"target\":{\"@type\":\"EntryPoint\",\"urlTemplate\":\"https:\\\/\\\/toidupakk.ee\\\/pl\\\/?s={search_term_string}\"},\"query-input\":{\"@type\":\"PropertyValueSpecification\",\"valueRequired\":true,\"valueName\":\"search_term_string\"}}],\"inLanguage\":\"pl-PL\"},{\"@type\":\"Organization\",\"@id\":\"https:\\\/\\\/toidupakk.ee\\\/pl\\\/#organization\",\"name\":\"Tactical Foodpack matkaeined\",\"url\":\"https:\\\/\\\/toidupakk.ee\\\/pl\\\/\",\"logo\":{\"@type\":\"ImageObject\",\"inLanguage\":\"pl-PL\",\"@id\":\"https:\\\/\\\/toidupakk.ee\\\/pl\\\/#\\\/schema\\\/logo\\\/image\\\/\",\"url\":\"https:\\\/\\\/toidupakk.ee\\\/wp-content\\\/uploads\\\/2022\\\/01\\\/Toidupakk-matkapood-logo-transparent.png\",\"contentUrl\":\"https:\\\/\\\/toidupakk.ee\\\/wp-content\\\/uploads\\\/2022\\\/01\\\/Toidupakk-matkapood-logo-transparent.png\",\"width\":500,\"height\":500,\"caption\":\"Tactical Foodpack matkaeined\"},\"image\":{\"@id\":\"https:\\\/\\\/toidupakk.ee\\\/pl\\\/#\\\/schema\\\/logo\\\/image\\\/\"},\"sameAs\":[\"https:\\\/\\\/www.facebook.com\\\/Toidupakk\",\"https:\\\/\\\/www.instagram.com\\\/toidupakk\\\/\"]}]}<\/script>\n<!-- \/ Yoast SEO plugin. -->","yoast_head_json":{"title":"Baton z \u015bwierszczy Raw Power","description":"Baton z \u015bwierszczy Raw Power to \u015bwie\u017cy, naturalny wyb\u00f3r o rozp\u0142ywaj\u0105cym si\u0119 w ustach kakaowo-pomara\u0144czowym smaku, bogaty w witaminy, minera\u0142y i b\u0142onnik.","robots":{"index":"index","follow":"follow","max-snippet":"max-snippet:-1","max-image-preview":"max-image-preview:large","max-video-preview":"max-video-preview:-1"},"canonical":"https:\/\/toidupakk.ee\/pl\/toode\/baton-z-swierszczy-raw-power\/","og_locale":"pl_PL","og_type":"article","og_title":"Baton z \u015bwierszczy Raw Power","og_description":"Baton z \u015bwierszczy Raw Power to \u015bwie\u017cy, naturalny wyb\u00f3r o rozp\u0142ywaj\u0105cym si\u0119 w ustach kakaowo-pomara\u0144czowym smaku, bogaty w witaminy, minera\u0142y i b\u0142onnik.","og_url":"https:\/\/toidupakk.ee\/pl\/toode\/baton-z-swierszczy-raw-power\/","og_site_name":"Toidupakk.ee - Tactical Foodpack toidupakid","article_publisher":"https:\/\/www.facebook.com\/Toidupakk","article_modified_time":"2026-04-15T16:30:24+00:00","og_image":[{"width":800,"height":800,"url":"https:\/\/toidupakk.ee\/wp-content\/uploads\/2023\/11\/Kilgibatoon-Raw-Power22.png","type":"image\/png"}],"twitter_card":"summary_large_image","twitter_misc":{"Szacowany czas czytania":"1 minuta"},"schema":{"@context":"https:\/\/schema.org","@graph":[{"@type":"WebPage","@id":"https:\/\/toidupakk.ee\/pl\/toode\/baton-z-swierszczy-raw-power\/","url":"https:\/\/toidupakk.ee\/pl\/toode\/baton-z-swierszczy-raw-power\/","name":"Baton z \u015bwierszczy Raw Power","isPartOf":{"@id":"https:\/\/toidupakk.ee\/pl\/#website"},"primaryImageOfPage":{"@id":"https:\/\/toidupakk.ee\/pl\/toode\/baton-z-swierszczy-raw-power\/#primaryimage"},"image":{"@id":"https:\/\/toidupakk.ee\/pl\/toode\/baton-z-swierszczy-raw-power\/#primaryimage"},"thumbnailUrl":"https:\/\/toidupakk.ee\/wp-content\/uploads\/2023\/11\/Kilgibatoon-Raw-Power22.png","datePublished":"2023-12-06T15:15:03+00:00","dateModified":"2026-04-15T16:30:24+00:00","description":"Baton z \u015bwierszczy Raw Power to \u015bwie\u017cy, naturalny wyb\u00f3r o rozp\u0142ywaj\u0105cym si\u0119 w ustach kakaowo-pomara\u0144czowym smaku, bogaty w witaminy, minera\u0142y i b\u0142onnik.","breadcrumb":{"@id":"https:\/\/toidupakk.ee\/pl\/toode\/baton-z-swierszczy-raw-power\/#breadcrumb"},"inLanguage":"pl-PL","potentialAction":[{"@type":"ReadAction","target":["https:\/\/toidupakk.ee\/pl\/toode\/baton-z-swierszczy-raw-power\/"]}]},{"@type":"ImageObject","inLanguage":"pl-PL","@id":"https:\/\/toidupakk.ee\/pl\/toode\/baton-z-swierszczy-raw-power\/#primaryimage","url":"https:\/\/toidupakk.ee\/wp-content\/uploads\/2023\/11\/Kilgibatoon-Raw-Power22.png","contentUrl":"https:\/\/toidupakk.ee\/wp-content\/uploads\/2023\/11\/Kilgibatoon-Raw-Power22.png","width":800,"height":800,"caption":"Kilgibatoon Raw Power 1"},{"@type":"BreadcrumbList","@id":"https:\/\/toidupakk.ee\/pl\/toode\/baton-z-swierszczy-raw-power\/#breadcrumb","itemListElement":[{"@type":"ListItem","position":1,"name":"Avaleht","item":"https:\/\/toidupakk.ee\/pl\/"},{"@type":"ListItem","position":2,"name":"Sklep internetowy","item":"https:\/\/toidupakk.ee\/pl\/sklep-internetowy\/"},{"@type":"ListItem","position":3,"name":"Baton z \u015bwierszczy Raw Power"}]},{"@type":"WebSite","@id":"https:\/\/toidupakk.ee\/pl\/#website","url":"https:\/\/toidupakk.ee\/pl\/","name":"Toidupakk.ee - Tactical Foodpack toidupakid","description":"Tactical Foodpack k\u00fclmkuivatatud toidupakid ja matkaeined","publisher":{"@id":"https:\/\/toidupakk.ee\/pl\/#organization"},"potentialAction":[{"@type":"SearchAction","target":{"@type":"EntryPoint","urlTemplate":"https:\/\/toidupakk.ee\/pl\/?s={search_term_string}"},"query-input":{"@type":"PropertyValueSpecification","valueRequired":true,"valueName":"search_term_string"}}],"inLanguage":"pl-PL"},{"@type":"Organization","@id":"https:\/\/toidupakk.ee\/pl\/#organization","name":"Tactical Foodpack matkaeined","url":"https:\/\/toidupakk.ee\/pl\/","logo":{"@type":"ImageObject","inLanguage":"pl-PL","@id":"https:\/\/toidupakk.ee\/pl\/#\/schema\/logo\/image\/","url":"https:\/\/toidupakk.ee\/wp-content\/uploads\/2022\/01\/Toidupakk-matkapood-logo-transparent.png","contentUrl":"https:\/\/toidupakk.ee\/wp-content\/uploads\/2022\/01\/Toidupakk-matkapood-logo-transparent.png","width":500,"height":500,"caption":"Tactical Foodpack matkaeined"},"image":{"@id":"https:\/\/toidupakk.ee\/pl\/#\/schema\/logo\/image\/"},"sameAs":["https:\/\/www.facebook.com\/Toidupakk","https:\/\/www.instagram.com\/toidupakk\/"]}]}},"jetpack_sharing_enabled":true,"_links":{"self":[{"href":"https:\/\/toidupakk.ee\/pl\/wp-json\/wp\/v2\/product\/50741","targetHints":{"allow":["GET"]}}],"collection":[{"href":"https:\/\/toidupakk.ee\/pl\/wp-json\/wp\/v2\/product"}],"about":[{"href":"https:\/\/toidupakk.ee\/pl\/wp-json\/wp\/v2\/types\/product"}],"replies":[{"embeddable":true,"href":"https:\/\/toidupakk.ee\/pl\/wp-json\/wp\/v2\/comments?post=50741"}],"wp:featuredmedia":[{"embeddable":true,"href":"https:\/\/toidupakk.ee\/pl\/wp-json\/wp\/v2\/media\/16408"}],"wp:attachment":[{"href":"https:\/\/toidupakk.ee\/pl\/wp-json\/wp\/v2\/media?parent=50741"}],"wp:term":[{"taxonomy":"product_brand","embeddable":true,"href":"https:\/\/toidupakk.ee\/pl\/wp-json\/wp\/v2\/product_brand?post=50741"},{"taxonomy":"product_cat","embeddable":true,"href":"https:\/\/toidupakk.ee\/pl\/wp-json\/wp\/v2\/product_cat?post=50741"},{"taxonomy":"product_tag","embeddable":true,"href":"https:\/\/toidupakk.ee\/pl\/wp-json\/wp\/v2\/product_tag?post=50741"}],"curies":[{"name":"wp","href":"https:\/\/api.w.org\/{rel}","templated":true}]}}