{"id":50739,"date":"2023-11-20T16:44:35","date_gmt":"2023-11-20T14:44:35","guid":{"rendered":"https:\/\/toidupakk.ee\/toode\/witamina-c-niekwasowa-iconfit-90-kapsulek\/"},"modified":"2026-04-29T20:00:53","modified_gmt":"2026-04-29T17:00:53","slug":"witamina-c-niekwasowa-iconfit-90-kapsulek","status":"publish","type":"product","link":"https:\/\/toidupakk.ee\/pl\/toode\/witamina-c-niekwasowa-iconfit-90-kapsulek\/","title":{"rendered":"Witamina C &#8211; niekwasowa ICONFIT (90 kapsu\u0142ek)"},"content":{"rendered":"<h1><img fetchpriority=\"high\" decoding=\"async\" class=\"alignright wp-image-15787 size-thumbnail\" style=\"font-size: 16px; font-weight: 400;\" src=\"https:\/\/toidupakk.ee\/wp-content\/uploads\/2023\/11\/iconfit-c-vitamiin-500x500.png\" alt=\"Iconfit Witamina C\" width=\"500\" height=\"500\" srcset=\"https:\/\/toidupakk.ee\/wp-content\/uploads\/2023\/11\/iconfit-c-vitamiin-500x500.png 500w, https:\/\/toidupakk.ee\/wp-content\/uploads\/2023\/11\/iconfit-c-vitamiin-400x400.png 400w, https:\/\/toidupakk.ee\/wp-content\/uploads\/2023\/11\/iconfit-c-vitamiin-100x100.png 100w, https:\/\/toidupakk.ee\/wp-content\/uploads\/2023\/11\/iconfit-c-vitamiin-800x800.png 800w, https:\/\/toidupakk.ee\/wp-content\/uploads\/2023\/11\/iconfit-c-vitamiin-300x300.png 300w, https:\/\/toidupakk.ee\/wp-content\/uploads\/2023\/11\/iconfit-c-vitamiin-1024x1024.png 1024w, https:\/\/toidupakk.ee\/wp-content\/uploads\/2023\/11\/iconfit-c-vitamiin-768x768.png 768w, https:\/\/toidupakk.ee\/wp-content\/uploads\/2023\/11\/iconfit-c-vitamiin-1536x1536.png 1536w, https:\/\/toidupakk.ee\/wp-content\/uploads\/2023\/11\/iconfit-c-vitamiin-2048x2048.png 2048w, https:\/\/toidupakk.ee\/wp-content\/uploads\/2023\/11\/iconfit-c-vitamiin.png 1920w\" sizes=\"(max-width: 500px) 100vw, 500px\" \/><\/h1>\n<h1>ICONFIT Witamina C niekwasowa &#8211; wysokiej jako\u015bci suplement diety<\/h1>\n<p><strong>ICONFIT Witamina C to wa\u017cny suplement diety, kt\u00f3ry wspiera uk\u0142ad odporno\u015bciowy, pomaga zmniejszy\u0107 uczucie znu\u017cenia i zm\u0119czenia oraz przyczynia si\u0119 do prawid\u0142owego funkcjonowania uk\u0142adu nerwowego, metabolizmu energetycznego i ochrony kom\u00f3rek przed stresem oksydacyjnym.<\/strong><\/p>\n<p class=\"my-1 text-base\">Warto zauwa\u017cy\u0107, \u017ce organizm ludzki nie wytwarza witaminy C samodzielnie, dlatego wa\u017cne jest zapewnienie jej odpowiedniego spo\u017cycia z po\u017cywieniem lub suplementami.<\/p>\n<p class=\"my-1 text-base\">Suplement diety ICONFIT Witamina C ma niekwasow\u0105 i \u0142agodn\u0105 formu\u0142\u0119, kt\u00f3ra zapewnia \u0142atwe trawienie i zmniejsza podra\u017cnienia uk\u0142adu pokarmowego. Ponadto nie zawiera sztucznych dodatk\u00f3w, chemikali\u00f3w, konserwant\u00f3w ani barwnik\u00f3w i jest wolny od GMO. Jedno opakowanie zawiera 90 kapsu\u0142ek, co wystarcza na 45 dni przy przyjmowaniu 2 kapsu\u0142ek dziennie z wod\u0105. Suplement ICONFIT Witamina C mo\u017ce by\u0107 wa\u017cnym dodatkiem do zr\u00f3wnowa\u017conej diety, oferuj\u0105c liczne korzy\u015bci dla odporno\u015bci i og\u00f3lnego samopoczucia. Przed u\u017cyciem zaleca si\u0119 przestrzeganie instrukcji producenta i w razie potrzeby konsultacj\u0119 ze specjalist\u0105.    <\/p>\n<h2>ICONFIT jako\u015b\u0107 &amp; troska<\/h2>\n<p>Produkty ICONFIT s\u0105 opracowywane w Estonii i bazuj\u0105 na najwy\u017cszych europejskich standardach jako\u015bci. Tworzymy nasze produkty we wsp\u00f3\u0142pracy ze specjalistami ds. \u017cywienia, sportowcami i technologami \u017cywno\u015bci. <\/p>\n<p>Produkty ICONFIT nie zawieraj\u0105 niepotrzebnych sztucznych stabilizator\u00f3w, barwnik\u00f3w ani konserwant\u00f3w. Nasi klienci wracaj\u0105 do nas wielokrotnie dzi\u0119ki naszej jako\u015bci, czysto\u015bci i \u015bwietnym smakom. <\/p>\n<p><img decoding=\"async\" class=\"alignnone wp-image-15624 size-medium\" src=\"https:\/\/toidupakk.ee\/wp-content\/uploads\/2023\/11\/ICONFIT-kollageeni-pulber-liigestele-5-300x300.png\" alt=\"logo iconfit\" width=\"300\" height=\"300\" srcset=\"https:\/\/toidupakk.ee\/wp-content\/uploads\/2023\/11\/ICONFIT-kollageeni-pulber-liigestele-5-300x300.png 300w, https:\/\/toidupakk.ee\/wp-content\/uploads\/2023\/11\/ICONFIT-kollageeni-pulber-liigestele-5-400x400.png 400w, https:\/\/toidupakk.ee\/wp-content\/uploads\/2023\/11\/ICONFIT-kollageeni-pulber-liigestele-5-100x100.png 100w, https:\/\/toidupakk.ee\/wp-content\/uploads\/2023\/11\/ICONFIT-kollageeni-pulber-liigestele-5-500x500.png 500w, https:\/\/toidupakk.ee\/wp-content\/uploads\/2023\/11\/ICONFIT-kollageeni-pulber-liigestele-5-768x768.png 768w, https:\/\/toidupakk.ee\/wp-content\/uploads\/2023\/11\/ICONFIT-kollageeni-pulber-liigestele-5.png 800w\" sizes=\"(max-width: 300px) 100vw, 300px\" \/><\/p>\n<p>Interesuje Ci\u0119 sprz\u0119t turystyczny? Sprawd\u017a szczeg\u00f3\u0142y <a href=\"https:\/\/toidupakk.ee\/pl\/tootekategooria\/sprzet-turystyczny\/#section-3-79\">TUTAJ<\/a><\/p>\n<p>Interesuj\u0105 Ci\u0119 posi\u0142ki turystyczne? Zobacz <a href=\"https:\/\/toidupakk.ee\/pl\/tootekategooria\/dania-glowne\/\">TUTAJ<\/a><\/p>\n<p>Znajd\u017a inspiracj\u0119 na kolejne przygody na <a href=\"https:\/\/www.instagram.com\/toidupakk\/\">Instagramie<\/a> i <a href=\"https:\/\/www.facebook.com\/Toidupakk\/\">Facebooku<\/a> Toidupakk.<\/p>\n","protected":false},"excerpt":{"rendered":"<p>ICONFIT Witamina C <strong>skutecznie wspiera uk\u0142ad odporno\u015bciowy, pomaga zmniejszy\u0107 zm\u0119czenie i znu\u017cenie<\/strong> oraz odgrywa wa\u017cn\u0105 rol\u0119 w <strong>produkcji kolagenu i wch\u0142anianiu \u017celaza<\/strong>. Ponadto kapsu\u0142ki z witamin\u0105 <strong>wykonane s\u0105 z najwy\u017cszej jako\u015bci ro\u015blinnych kapsu\u0142ek pullulanowych.<\/strong> <\/p>\n<ul>\n<li>Witamina C wspiera <strong>prawid\u0142owe funkcjonowanie organizmu<\/strong><\/li>\n<li><strong>Zmniejsza uczucie zm\u0119czenia i znu\u017cenia<\/strong><\/li>\n<li><strong>Wzmacnia uk\u0142ad odporno\u015bciowy <\/strong><\/li>\n<li>Wspomaga prawid\u0142ow\u0105 produkcj\u0119 kolagenu dla zdrowia ko\u015bci, naczy\u0144 krwiono\u015bnych, chrz\u0105stek, sk\u00f3ry, dzi\u0105se\u0142 i z\u0119b\u00f3w<\/li>\n<li>Kapsu\u0142ki z witamin\u0105 s\u0105 <strong>niekwasowe<\/strong> i <strong>\u0142agodne w dzia\u0142aniu<\/strong> <\/li>\n<li>Jedno opakowanie zawiera kapsu\u0142ki na 45 dni. Zalecana dawka to <strong>2 kapsu\u0142ki dziennie z wod\u0105<\/strong> <\/li>\n<\/ul>\n<p>\u2705 Dost\u0119pne w magazynie, szybka dostawa w 1\u20133 dni robocze<\/p>\n","protected":false},"featured_media":15787,"comment_status":"open","ping_status":"closed","template":"","meta":{"_acf_changed":false},"product_brand":[],"product_cat":[303,379,301,361],"product_tag":[],"class_list":{"0":"post-50739","1":"product","2":"type-product","3":"status-publish","4":"has-post-thumbnail","6":"product_cat-akcesoria-turystyczne","7":"product_cat-kapsulki","8":"product_cat-sprzet-turystyczny","9":"product_cat-suplementy-diety","11":"first","12":"instock","13":"taxable","14":"shipping-taxable","15":"purchasable","16":"product-type-simple"},"bundled_by":[],"bundle_stock_status":"instock","bundle_stock_quantity":7,"bundle_virtual":false,"bundle_layout":"","bundle_add_to_cart_form_location":"","bundle_editable_in_cart":false,"bundle_sold_individually_context":"","bundle_item_grouping":"","bundle_min_size":"","bundle_max_size":"","bundle_price":[],"bundled_items":[],"bundle_sell_ids":[],"acf":[],"yoast_head":"<!-- This site is optimized with the Yoast SEO plugin v27.3 - https:\/\/yoast.com\/product\/yoast-seo-wordpress\/ -->\n<title>Witamina C - niekwasowa ICONFIT 90N<\/title>\n<meta name=\"description\" content=\"Witamina C zosta\u0142a stworzona, aby wspiera\u0107 uk\u0142ad odporno\u015bciowy, zmniejsza\u0107 uczucie zm\u0119czenia i znu\u017cenia oraz chroni\u0107 kom\u00f3rki przed stresem oksydacyjnym.\" \/>\n<meta name=\"robots\" content=\"index, follow, max-snippet:-1, max-image-preview:large, max-video-preview:-1\" \/>\n<link rel=\"canonical\" href=\"https:\/\/toidupakk.ee\/pl\/toode\/witamina-c-niekwasowa-iconfit-90-kapsulek\/\" \/>\n<meta property=\"og:locale\" content=\"pl_PL\" \/>\n<meta property=\"og:type\" content=\"article\" \/>\n<meta property=\"og:title\" content=\"Witamina C - niekwasowa ICONFIT 90N\" \/>\n<meta property=\"og:description\" content=\"Witamina C zosta\u0142a stworzona, aby wspiera\u0107 uk\u0142ad odporno\u015bciowy, zmniejsza\u0107 uczucie zm\u0119czenia i znu\u017cenia oraz chroni\u0107 kom\u00f3rki przed stresem oksydacyjnym.\" \/>\n<meta property=\"og:url\" content=\"https:\/\/toidupakk.ee\/pl\/toode\/witamina-c-niekwasowa-iconfit-90-kapsulek\/\" \/>\n<meta property=\"og:site_name\" content=\"Toidupakk.ee - Tactical Foodpack toidupakid\" \/>\n<meta property=\"article:publisher\" content=\"https:\/\/www.facebook.com\/Toidupakk\" \/>\n<meta property=\"article:modified_time\" content=\"2026-04-29T17:00:53+00:00\" \/>\n<meta property=\"og:image\" content=\"https:\/\/toidupakk.ee\/wp-content\/uploads\/2023\/11\/iconfit-c-vitamiin.png\" \/>\n\t<meta property=\"og:image:width\" content=\"1920\" \/>\n\t<meta property=\"og:image:height\" content=\"1920\" \/>\n\t<meta property=\"og:image:type\" content=\"image\/png\" \/>\n<meta name=\"twitter:card\" content=\"summary_large_image\" \/>\n<meta name=\"twitter:label1\" content=\"Szacowany czas czytania\" \/>\n\t<meta name=\"twitter:data1\" content=\"1 minuta\" \/>\n<script type=\"application\/ld+json\" class=\"yoast-schema-graph\">{\"@context\":\"https:\\\/\\\/schema.org\",\"@graph\":[{\"@type\":\"WebPage\",\"@id\":\"https:\\\/\\\/toidupakk.ee\\\/pl\\\/toode\\\/witamina-c-niekwasowa-iconfit-90-kapsulek\\\/\",\"url\":\"https:\\\/\\\/toidupakk.ee\\\/pl\\\/toode\\\/witamina-c-niekwasowa-iconfit-90-kapsulek\\\/\",\"name\":\"Witamina C - niekwasowa ICONFIT 90N\",\"isPartOf\":{\"@id\":\"https:\\\/\\\/toidupakk.ee\\\/pl\\\/#website\"},\"primaryImageOfPage\":{\"@id\":\"https:\\\/\\\/toidupakk.ee\\\/pl\\\/toode\\\/witamina-c-niekwasowa-iconfit-90-kapsulek\\\/#primaryimage\"},\"image\":{\"@id\":\"https:\\\/\\\/toidupakk.ee\\\/pl\\\/toode\\\/witamina-c-niekwasowa-iconfit-90-kapsulek\\\/#primaryimage\"},\"thumbnailUrl\":\"https:\\\/\\\/toidupakk.ee\\\/wp-content\\\/uploads\\\/2023\\\/11\\\/iconfit-c-vitamiin.png\",\"datePublished\":\"2023-11-20T14:44:35+00:00\",\"dateModified\":\"2026-04-29T17:00:53+00:00\",\"description\":\"Witamina C zosta\u0142a stworzona, aby wspiera\u0107 uk\u0142ad odporno\u015bciowy, zmniejsza\u0107 uczucie zm\u0119czenia i znu\u017cenia oraz chroni\u0107 kom\u00f3rki przed stresem oksydacyjnym.\",\"breadcrumb\":{\"@id\":\"https:\\\/\\\/toidupakk.ee\\\/pl\\\/toode\\\/witamina-c-niekwasowa-iconfit-90-kapsulek\\\/#breadcrumb\"},\"inLanguage\":\"pl-PL\",\"potentialAction\":[{\"@type\":\"ReadAction\",\"target\":[\"https:\\\/\\\/toidupakk.ee\\\/pl\\\/toode\\\/witamina-c-niekwasowa-iconfit-90-kapsulek\\\/\"]}]},{\"@type\":\"ImageObject\",\"inLanguage\":\"pl-PL\",\"@id\":\"https:\\\/\\\/toidupakk.ee\\\/pl\\\/toode\\\/witamina-c-niekwasowa-iconfit-90-kapsulek\\\/#primaryimage\",\"url\":\"https:\\\/\\\/toidupakk.ee\\\/wp-content\\\/uploads\\\/2023\\\/11\\\/iconfit-c-vitamiin.png\",\"contentUrl\":\"https:\\\/\\\/toidupakk.ee\\\/wp-content\\\/uploads\\\/2023\\\/11\\\/iconfit-c-vitamiin.png\",\"width\":1920,\"height\":1920,\"caption\":\"Iconfit C-vitamiin\"},{\"@type\":\"BreadcrumbList\",\"@id\":\"https:\\\/\\\/toidupakk.ee\\\/pl\\\/toode\\\/witamina-c-niekwasowa-iconfit-90-kapsulek\\\/#breadcrumb\",\"itemListElement\":[{\"@type\":\"ListItem\",\"position\":1,\"name\":\"Avaleht\",\"item\":\"https:\\\/\\\/toidupakk.ee\\\/pl\\\/\"},{\"@type\":\"ListItem\",\"position\":2,\"name\":\"Sklep internetowy\",\"item\":\"https:\\\/\\\/toidupakk.ee\\\/pl\\\/sklep-internetowy\\\/\"},{\"@type\":\"ListItem\",\"position\":3,\"name\":\"Witamina C &#8211; niekwasowa ICONFIT (90 kapsu\u0142ek)\"}]},{\"@type\":\"WebSite\",\"@id\":\"https:\\\/\\\/toidupakk.ee\\\/pl\\\/#website\",\"url\":\"https:\\\/\\\/toidupakk.ee\\\/pl\\\/\",\"name\":\"Toidupakk.ee - Tactical Foodpack toidupakid\",\"description\":\"Tactical Foodpack k\u00fclmkuivatatud toidupakid ja matkaeined\",\"publisher\":{\"@id\":\"https:\\\/\\\/toidupakk.ee\\\/pl\\\/#organization\"},\"potentialAction\":[{\"@type\":\"SearchAction\",\"target\":{\"@type\":\"EntryPoint\",\"urlTemplate\":\"https:\\\/\\\/toidupakk.ee\\\/pl\\\/?s={search_term_string}\"},\"query-input\":{\"@type\":\"PropertyValueSpecification\",\"valueRequired\":true,\"valueName\":\"search_term_string\"}}],\"inLanguage\":\"pl-PL\"},{\"@type\":\"Organization\",\"@id\":\"https:\\\/\\\/toidupakk.ee\\\/pl\\\/#organization\",\"name\":\"Tactical Foodpack matkaeined\",\"url\":\"https:\\\/\\\/toidupakk.ee\\\/pl\\\/\",\"logo\":{\"@type\":\"ImageObject\",\"inLanguage\":\"pl-PL\",\"@id\":\"https:\\\/\\\/toidupakk.ee\\\/pl\\\/#\\\/schema\\\/logo\\\/image\\\/\",\"url\":\"https:\\\/\\\/toidupakk.ee\\\/wp-content\\\/uploads\\\/2022\\\/01\\\/Toidupakk-matkapood-logo-transparent.png\",\"contentUrl\":\"https:\\\/\\\/toidupakk.ee\\\/wp-content\\\/uploads\\\/2022\\\/01\\\/Toidupakk-matkapood-logo-transparent.png\",\"width\":500,\"height\":500,\"caption\":\"Tactical Foodpack matkaeined\"},\"image\":{\"@id\":\"https:\\\/\\\/toidupakk.ee\\\/pl\\\/#\\\/schema\\\/logo\\\/image\\\/\"},\"sameAs\":[\"https:\\\/\\\/www.facebook.com\\\/Toidupakk\",\"https:\\\/\\\/www.instagram.com\\\/toidupakk\\\/\"]}]}<\/script>\n<!-- \/ Yoast SEO plugin. -->","yoast_head_json":{"title":"Witamina C - niekwasowa ICONFIT 90N","description":"Witamina C zosta\u0142a stworzona, aby wspiera\u0107 uk\u0142ad odporno\u015bciowy, zmniejsza\u0107 uczucie zm\u0119czenia i znu\u017cenia oraz chroni\u0107 kom\u00f3rki przed stresem oksydacyjnym.","robots":{"index":"index","follow":"follow","max-snippet":"max-snippet:-1","max-image-preview":"max-image-preview:large","max-video-preview":"max-video-preview:-1"},"canonical":"https:\/\/toidupakk.ee\/pl\/toode\/witamina-c-niekwasowa-iconfit-90-kapsulek\/","og_locale":"pl_PL","og_type":"article","og_title":"Witamina C - niekwasowa ICONFIT 90N","og_description":"Witamina C zosta\u0142a stworzona, aby wspiera\u0107 uk\u0142ad odporno\u015bciowy, zmniejsza\u0107 uczucie zm\u0119czenia i znu\u017cenia oraz chroni\u0107 kom\u00f3rki przed stresem oksydacyjnym.","og_url":"https:\/\/toidupakk.ee\/pl\/toode\/witamina-c-niekwasowa-iconfit-90-kapsulek\/","og_site_name":"Toidupakk.ee - Tactical Foodpack toidupakid","article_publisher":"https:\/\/www.facebook.com\/Toidupakk","article_modified_time":"2026-04-29T17:00:53+00:00","og_image":[{"width":1920,"height":1920,"url":"https:\/\/toidupakk.ee\/wp-content\/uploads\/2023\/11\/iconfit-c-vitamiin.png","type":"image\/png"}],"twitter_card":"summary_large_image","twitter_misc":{"Szacowany czas czytania":"1 minuta"},"schema":{"@context":"https:\/\/schema.org","@graph":[{"@type":"WebPage","@id":"https:\/\/toidupakk.ee\/pl\/toode\/witamina-c-niekwasowa-iconfit-90-kapsulek\/","url":"https:\/\/toidupakk.ee\/pl\/toode\/witamina-c-niekwasowa-iconfit-90-kapsulek\/","name":"Witamina C - niekwasowa ICONFIT 90N","isPartOf":{"@id":"https:\/\/toidupakk.ee\/pl\/#website"},"primaryImageOfPage":{"@id":"https:\/\/toidupakk.ee\/pl\/toode\/witamina-c-niekwasowa-iconfit-90-kapsulek\/#primaryimage"},"image":{"@id":"https:\/\/toidupakk.ee\/pl\/toode\/witamina-c-niekwasowa-iconfit-90-kapsulek\/#primaryimage"},"thumbnailUrl":"https:\/\/toidupakk.ee\/wp-content\/uploads\/2023\/11\/iconfit-c-vitamiin.png","datePublished":"2023-11-20T14:44:35+00:00","dateModified":"2026-04-29T17:00:53+00:00","description":"Witamina C zosta\u0142a stworzona, aby wspiera\u0107 uk\u0142ad odporno\u015bciowy, zmniejsza\u0107 uczucie zm\u0119czenia i znu\u017cenia oraz chroni\u0107 kom\u00f3rki przed stresem oksydacyjnym.","breadcrumb":{"@id":"https:\/\/toidupakk.ee\/pl\/toode\/witamina-c-niekwasowa-iconfit-90-kapsulek\/#breadcrumb"},"inLanguage":"pl-PL","potentialAction":[{"@type":"ReadAction","target":["https:\/\/toidupakk.ee\/pl\/toode\/witamina-c-niekwasowa-iconfit-90-kapsulek\/"]}]},{"@type":"ImageObject","inLanguage":"pl-PL","@id":"https:\/\/toidupakk.ee\/pl\/toode\/witamina-c-niekwasowa-iconfit-90-kapsulek\/#primaryimage","url":"https:\/\/toidupakk.ee\/wp-content\/uploads\/2023\/11\/iconfit-c-vitamiin.png","contentUrl":"https:\/\/toidupakk.ee\/wp-content\/uploads\/2023\/11\/iconfit-c-vitamiin.png","width":1920,"height":1920,"caption":"Iconfit C-vitamiin"},{"@type":"BreadcrumbList","@id":"https:\/\/toidupakk.ee\/pl\/toode\/witamina-c-niekwasowa-iconfit-90-kapsulek\/#breadcrumb","itemListElement":[{"@type":"ListItem","position":1,"name":"Avaleht","item":"https:\/\/toidupakk.ee\/pl\/"},{"@type":"ListItem","position":2,"name":"Sklep internetowy","item":"https:\/\/toidupakk.ee\/pl\/sklep-internetowy\/"},{"@type":"ListItem","position":3,"name":"Witamina C &#8211; niekwasowa ICONFIT (90 kapsu\u0142ek)"}]},{"@type":"WebSite","@id":"https:\/\/toidupakk.ee\/pl\/#website","url":"https:\/\/toidupakk.ee\/pl\/","name":"Toidupakk.ee - Tactical Foodpack toidupakid","description":"Tactical Foodpack k\u00fclmkuivatatud toidupakid ja matkaeined","publisher":{"@id":"https:\/\/toidupakk.ee\/pl\/#organization"},"potentialAction":[{"@type":"SearchAction","target":{"@type":"EntryPoint","urlTemplate":"https:\/\/toidupakk.ee\/pl\/?s={search_term_string}"},"query-input":{"@type":"PropertyValueSpecification","valueRequired":true,"valueName":"search_term_string"}}],"inLanguage":"pl-PL"},{"@type":"Organization","@id":"https:\/\/toidupakk.ee\/pl\/#organization","name":"Tactical Foodpack matkaeined","url":"https:\/\/toidupakk.ee\/pl\/","logo":{"@type":"ImageObject","inLanguage":"pl-PL","@id":"https:\/\/toidupakk.ee\/pl\/#\/schema\/logo\/image\/","url":"https:\/\/toidupakk.ee\/wp-content\/uploads\/2022\/01\/Toidupakk-matkapood-logo-transparent.png","contentUrl":"https:\/\/toidupakk.ee\/wp-content\/uploads\/2022\/01\/Toidupakk-matkapood-logo-transparent.png","width":500,"height":500,"caption":"Tactical Foodpack matkaeined"},"image":{"@id":"https:\/\/toidupakk.ee\/pl\/#\/schema\/logo\/image\/"},"sameAs":["https:\/\/www.facebook.com\/Toidupakk","https:\/\/www.instagram.com\/toidupakk\/"]}]}},"jetpack_sharing_enabled":true,"_links":{"self":[{"href":"https:\/\/toidupakk.ee\/pl\/wp-json\/wp\/v2\/product\/50739","targetHints":{"allow":["GET"]}}],"collection":[{"href":"https:\/\/toidupakk.ee\/pl\/wp-json\/wp\/v2\/product"}],"about":[{"href":"https:\/\/toidupakk.ee\/pl\/wp-json\/wp\/v2\/types\/product"}],"replies":[{"embeddable":true,"href":"https:\/\/toidupakk.ee\/pl\/wp-json\/wp\/v2\/comments?post=50739"}],"wp:featuredmedia":[{"embeddable":true,"href":"https:\/\/toidupakk.ee\/pl\/wp-json\/wp\/v2\/media\/15787"}],"wp:attachment":[{"href":"https:\/\/toidupakk.ee\/pl\/wp-json\/wp\/v2\/media?parent=50739"}],"wp:term":[{"taxonomy":"product_brand","embeddable":true,"href":"https:\/\/toidupakk.ee\/pl\/wp-json\/wp\/v2\/product_brand?post=50739"},{"taxonomy":"product_cat","embeddable":true,"href":"https:\/\/toidupakk.ee\/pl\/wp-json\/wp\/v2\/product_cat?post=50739"},{"taxonomy":"product_tag","embeddable":true,"href":"https:\/\/toidupakk.ee\/pl\/wp-json\/wp\/v2\/product_tag?post=50739"}],"curies":[{"name":"wp","href":"https:\/\/api.w.org\/{rel}","templated":true}]}}