{"id":50732,"date":"2023-11-20T16:42:00","date_gmt":"2023-11-20T14:42:00","guid":{"rendered":"https:\/\/toidupakk.ee\/toode\/cynk-iconfit-90-kapsulek\/"},"modified":"2026-04-29T20:01:17","modified_gmt":"2026-04-29T17:01:17","slug":"cynk-iconfit-90-kapsulek","status":"publish","type":"product","link":"https:\/\/toidupakk.ee\/pl\/toode\/cynk-iconfit-90-kapsulek\/","title":{"rendered":"Cynk ICONFIT (90 kapsu\u0142ek)"},"content":{"rendered":"<h1>ICONFIT Cynk \u2013 klucz do zdrowia Twojego organizmu!<\/h1>\n<p class=\"my-1 text-base\"><strong> ICONFIT Cynk to jeden z najwa\u017cniejszych minera\u0142\u00f3w, niezb\u0119dny do prawid\u0142owego rozwoju z\u0119b\u00f3w, sk\u00f3ry, ko\u015bci, w\u0142os\u00f3w i paznokci. Dodatkowo cynk pomaga w utrzymaniu prawid\u0142owej p\u0142odno\u015bci i funkcji rozrodczych. Kapsu\u0142ki wykonano z wysokiej jako\u015bci ro\u015blinnego pullulanu.  <\/strong><\/p>\n<p class=\"my-1 text-base\">Pomaga w prawid\u0142owym funkcjonowaniu uk\u0142adu odporno\u015bciowego oraz w utrzymaniu prawid\u0142owej p\u0142odno\u015bci i funkcji rozrodczych. Cynk pomaga w utrzymaniu prawid\u0142owego poziomu testosteronu we krwi. Bierze udzia\u0142 w procesie podzia\u0142u kom\u00f3rek. Przyczynia si\u0119 do utrzymania prawid\u0142owego metabolizmu makrosk\u0142adnik\u00f3w od\u017cywczych i kwas\u00f3w t\u0142uszczowych. Pomaga w utrzymaniu prawid\u0142owej r\u00f3wnowagi kwasowo-zasadowej. Cynk pomaga w utrzymaniu prawid\u0142owych funkcji poznawczych i syntezie DNA. Chroni kom\u00f3rki przed stresem oksydacyjnym, pomaga zachowa\u0107 zdrowy wzrok, paznokcie, w\u0142osy, ko\u015bci i sk\u00f3r\u0119. Opakowanie zawiera zapas na 90 dni. Stosuj jedn\u0105 kapsu\u0142k\u0119 dziennie!        <\/p>\n<p class=\"my-1 text-base\"><strong>Cynk<\/strong> to \u0142atwo przyswajalny minera\u0142, niezb\u0119dny do funkcjonowania ca\u0142ego organizmu. Wyst\u0119puje g\u0142\u00f3wnie w mi\u0119\u015bniach i ko\u015bciach. Cynk pe\u0142ni wiele wa\u017cnych r\u00f3l, np. pomaga w utrzymaniu prawid\u0142owych funkcji poznawczych, syntezie DNA, metabolizmie w\u0119glowodan\u00f3w, r\u00f3wnowadze kwasowo-zasadowej, metabolizmie makrosk\u0142adnik\u00f3w od\u017cywczych, kwas\u00f3w t\u0142uszczowych, witaminy A, syntezie bia\u0142ka oraz funkcjonowaniu uk\u0142adu odporno\u015bciowego. Cynk pomaga zachowa\u0107 zdrowe ko\u015bci, w\u0142osy, paznokcie, sk\u00f3r\u0119, wzrok oraz prawid\u0142owy poziom testosteronu we krwi. Ponadto chroni kom\u00f3rki przed stresem oksydacyjnym.    <\/p>\n<p><img fetchpriority=\"high\" decoding=\"async\" class=\"alignnone wp-image-15834 size-medium\" src=\"https:\/\/toidupakk.ee\/wp-content\/uploads\/2023\/11\/zinc-300x300.png\" alt=\"\" width=\"300\" height=\"300\" srcset=\"https:\/\/toidupakk.ee\/wp-content\/uploads\/2023\/11\/zinc-300x300.png 300w, https:\/\/toidupakk.ee\/wp-content\/uploads\/2023\/11\/zinc-400x400.png 400w, https:\/\/toidupakk.ee\/wp-content\/uploads\/2023\/11\/zinc-100x100.png 100w, https:\/\/toidupakk.ee\/wp-content\/uploads\/2023\/11\/zinc-500x500.png 500w, https:\/\/toidupakk.ee\/wp-content\/uploads\/2023\/11\/zinc-768x768.png 768w, https:\/\/toidupakk.ee\/wp-content\/uploads\/2023\/11\/zinc.png 800w\" sizes=\"(max-width: 300px) 100vw, 300px\" \/><\/p>\n<p class=\"my-1 text-base\"><strong>Kto powinien przyjmowa\u0107 suplement cynku?<\/strong><\/p>\n<ul>\n<li class=\"my-1 text-base\">m\u0142odzie\u017c w okresie wzrostu<\/li>\n<li class=\"my-1 text-base\">kobiety w ci\u0105\u017cy i karmi\u0105ce piersi\u0105<\/li>\n<li class=\"my-1 text-base\">osoby cierpi\u0105ce na stres i choroby<\/li>\n<li class=\"my-1 text-base\">osoby poddawane intensywnemu wysi\u0142kowi fizycznemu<\/li>\n<\/ul>\n<p class=\"my-1 text-base\">D\u0142ugotrwa\u0142y niedob\u00f3r cynku mo\u017ce zwi\u0119ksza\u0107 podatno\u015b\u0107 na infekcje, powodowa\u0107 z\u0142e gojenie si\u0119 ran, zmniejszenie apetytu, os\u0142abienie zmys\u0142u smaku i w\u0119chu, zaburzenia widzenia oraz cz\u0119stsze wyst\u0119powanie wirus\u00f3w. Poniewa\u017c organizm nie wytwarza ani nie magazynuje cynku w spos\u00f3b naturalny, jest on uwa\u017cany za niezb\u0119dny sk\u0142adnik od\u017cywczy, kt\u00f3ry musi by\u0107 dostarczany z po\u017cywieniem lub suplementami. <\/p>\n<p class=\"my-1 text-base\"><strong>Diglicynian cynku zawiera cynk w formie chelatu. Wiele bada\u0144 wykaza\u0142o, \u017ce chelatowane formy niekt\u00f3rych minera\u0142\u00f3w pomagaj\u0105 organizmowi wielokrotnie lepiej przyswaja\u0107 korzystne substancje. Dzi\u0119ki swojej biodost\u0119pno\u015bci chelatowany cynk wch\u0142ania si\u0119 szybko i skutecznie.  <\/strong><\/p>\n<p class=\"my-1 text-base\"><strong>Kapsu\u0142ki ICONFIT nie zawieraj\u0105 sztucznych dodatk\u00f3w, chemikali\u00f3w, konserwant\u00f3w ani barwnik\u00f3w i s\u0105 wolne od GMO.<\/strong><\/p>\n<h2>Jako\u015b\u0107 i troska ICONFIT<\/h2>\n<p>Produkty ICONFIT s\u0105 opracowywane w Estonii i bazuj\u0105 na najwy\u017cszych europejskich standardach jako\u015bci. Tworzymy nasze produkty we wsp\u00f3\u0142pracy ze specjalistami ds. \u017cywienia, sportowcami i technologami \u017cywno\u015bci. <\/p>\n<p>Produkty ICONFIT nie zawieraj\u0105 niepotrzebnych sztucznych stabilizator\u00f3w, barwnik\u00f3w ani konserwant\u00f3w. Nasi klienci wracaj\u0105 do nas wielokrotnie dzi\u0119ki naszej jako\u015bci, czysto\u015bci i \u015bwietnym smakom. <\/p>\n<p><img decoding=\"async\" class=\"alignnone wp-image-15624 size-medium\" src=\"https:\/\/toidupakk.ee\/wp-content\/uploads\/2023\/11\/ICONFIT-kollageeni-pulber-liigestele-5-300x300.png\" alt=\"logo iconfit\" width=\"300\" height=\"300\" srcset=\"https:\/\/toidupakk.ee\/wp-content\/uploads\/2023\/11\/ICONFIT-kollageeni-pulber-liigestele-5-300x300.png 300w, https:\/\/toidupakk.ee\/wp-content\/uploads\/2023\/11\/ICONFIT-kollageeni-pulber-liigestele-5-400x400.png 400w, https:\/\/toidupakk.ee\/wp-content\/uploads\/2023\/11\/ICONFIT-kollageeni-pulber-liigestele-5-100x100.png 100w, https:\/\/toidupakk.ee\/wp-content\/uploads\/2023\/11\/ICONFIT-kollageeni-pulber-liigestele-5-500x500.png 500w, https:\/\/toidupakk.ee\/wp-content\/uploads\/2023\/11\/ICONFIT-kollageeni-pulber-liigestele-5-768x768.png 768w, https:\/\/toidupakk.ee\/wp-content\/uploads\/2023\/11\/ICONFIT-kollageeni-pulber-liigestele-5.png 800w\" sizes=\"(max-width: 300px) 100vw, 300px\" \/><\/p>\n<p>Interesuje Ci\u0119 sprz\u0119t turystyczny? Sprawd\u017a szczeg\u00f3\u0142y <a href=\"https:\/\/toidupakk.ee\/pl\/tootekategooria\/sprzet-turystyczny\/#section-3-79\">TUTAJ<\/a><\/p>\n<p>Interesuj\u0105 Ci\u0119 posi\u0142ki turystyczne? Zobacz <a href=\"https:\/\/toidupakk.ee\/pl\/tootekategooria\/dania-glowne\/\">TUTAJ<\/a><\/p>\n<p>Znajd\u017a inspiracj\u0119 do kolejnych przyg\u00f3d na <a href=\"https:\/\/www.instagram.com\/toidupakk\/\">Instagramie<\/a> i <a href=\"https:\/\/www.facebook.com\/Toidupakk\/\">Facebooku<\/a> Toidupakk.<\/p>\n","protected":false},"excerpt":{"rendered":"<p class=\"my-1 text-base\">ICONFIT Cynk to <strong>wysokiej jako\u015bci suplement diety<\/strong>, kt\u00f3ry zapewnia <strong>istotne wsparcie dla uk\u0142adu odporno\u015bciowego, p\u0142odno\u015bci i og\u00f3lnego samopoczucia<\/strong>. Cynk to wa\u017cny minera\u0142, kt\u00f3ry <strong>wspiera zdrowie sk\u00f3ry, w\u0142os\u00f3w, ko\u015bci i z\u0119b\u00f3w<\/strong> oraz pomaga w utrzymaniu prawid\u0142owych funkcji poznawczych i syntezie DNA. Ponadto kapsu\u0142ka jest \u0142atwa do po\u0142kni\u0119cia i wykonana z wysokiej jako\u015bci sk\u0142adnik\u00f3w ro\u015blinnych.  <\/p>\n<ul class=\"my-1 list-decimal pl-6\">\n<li class=\"my-1 text-base\">Wspiera zdrowie uk\u0142adu odporno\u015bciowego<\/li>\n<li class=\"my-1 text-base\">Wa\u017cny dla p\u0142odno\u015bci<\/li>\n<li class=\"my-1 text-base\">Wsparcie zdrowia sk\u00f3ry, w\u0142os\u00f3w, ko\u015bci i z\u0119b\u00f3w<\/li>\n<li class=\"my-1 text-base\">Wspiera prawid\u0142owe funkcje poznawcze i syntez\u0119 DNA<\/li>\n<li class=\"my-1 text-base\">Wykonany z wysokiej jako\u015bci sk\u0142adnik\u00f3w ro\u015blinnych<\/li>\n<li class=\"my-1 text-base\">\u0141atwe do po\u0142kni\u0119cia kapsu\u0142ki<\/li>\n<li><strong>W opakowaniu zapas na 90 dni. Tylko jedna kapsu\u0142ka dziennie! <\/strong><\/li>\n<\/ul>\n<p>\u2705 Dost\u0119pne w magazynie, szybka dostawa w 1\u20133 dni robocze<\/p>\n","protected":false},"featured_media":15834,"comment_status":"open","ping_status":"closed","template":"","meta":{"_acf_changed":false},"product_brand":[],"product_cat":[303,379,301,361],"product_tag":[],"class_list":{"0":"post-50732","1":"product","2":"type-product","3":"status-publish","4":"has-post-thumbnail","6":"product_cat-akcesoria-turystyczne","7":"product_cat-kapsulki","8":"product_cat-sprzet-turystyczny","9":"product_cat-suplementy-diety","11":"first","12":"instock","13":"taxable","14":"shipping-taxable","15":"purchasable","16":"product-type-simple"},"bundled_by":[],"bundle_stock_status":"instock","bundle_stock_quantity":3,"bundle_virtual":false,"bundle_layout":"","bundle_add_to_cart_form_location":"","bundle_editable_in_cart":false,"bundle_sold_individually_context":"","bundle_item_grouping":"","bundle_min_size":"","bundle_max_size":"","bundle_price":[],"bundled_items":[],"bundle_sell_ids":[],"acf":[],"yoast_head":"<!-- This site is optimized with the Yoast SEO plugin v27.3 - https:\/\/yoast.com\/product\/yoast-seo-wordpress\/ -->\n<title>Cynk ICONFIT (90 kapsu\u0142ek)<\/title>\n<meta name=\"description\" content=\"ICONFIT Cynk to wysokiej jako\u015bci suplement diety, kt\u00f3ry zapewnia istotne wsparcie dla uk\u0142adu odporno\u015bciowego, p\u0142odno\u015bci i og\u00f3lnego samopoczucia; kapsu\u0142ka jest \u0142atwa do po\u0142kni\u0119cia.\" \/>\n<meta name=\"robots\" content=\"index, follow, max-snippet:-1, max-image-preview:large, max-video-preview:-1\" \/>\n<link rel=\"canonical\" href=\"https:\/\/toidupakk.ee\/pl\/toode\/cynk-iconfit-90-kapsulek\/\" \/>\n<meta property=\"og:locale\" content=\"pl_PL\" \/>\n<meta property=\"og:type\" content=\"article\" \/>\n<meta property=\"og:title\" content=\"Cynk ICONFIT (90 kapsu\u0142ek)\" \/>\n<meta property=\"og:description\" content=\"ICONFIT Cynk to wysokiej jako\u015bci suplement diety, kt\u00f3ry zapewnia istotne wsparcie dla uk\u0142adu odporno\u015bciowego, p\u0142odno\u015bci i og\u00f3lnego samopoczucia; kapsu\u0142ka jest \u0142atwa do po\u0142kni\u0119cia.\" \/>\n<meta property=\"og:url\" content=\"https:\/\/toidupakk.ee\/pl\/toode\/cynk-iconfit-90-kapsulek\/\" \/>\n<meta property=\"og:site_name\" content=\"Toidupakk.ee - Tactical Foodpack toidupakid\" \/>\n<meta property=\"article:publisher\" content=\"https:\/\/www.facebook.com\/Toidupakk\" \/>\n<meta property=\"article:modified_time\" content=\"2026-04-29T17:01:17+00:00\" \/>\n<meta property=\"og:image\" content=\"https:\/\/toidupakk.ee\/wp-content\/uploads\/2023\/11\/zinc.png\" \/>\n\t<meta property=\"og:image:width\" content=\"800\" \/>\n\t<meta property=\"og:image:height\" content=\"800\" \/>\n\t<meta property=\"og:image:type\" content=\"image\/png\" \/>\n<meta name=\"twitter:card\" content=\"summary_large_image\" \/>\n<meta name=\"twitter:label1\" content=\"Szacowany czas czytania\" \/>\n\t<meta name=\"twitter:data1\" content=\"3 minuty\" \/>\n<script type=\"application\/ld+json\" class=\"yoast-schema-graph\">{\"@context\":\"https:\\\/\\\/schema.org\",\"@graph\":[{\"@type\":\"WebPage\",\"@id\":\"https:\\\/\\\/toidupakk.ee\\\/pl\\\/toode\\\/cynk-iconfit-90-kapsulek\\\/\",\"url\":\"https:\\\/\\\/toidupakk.ee\\\/pl\\\/toode\\\/cynk-iconfit-90-kapsulek\\\/\",\"name\":\"Cynk ICONFIT (90 kapsu\u0142ek)\",\"isPartOf\":{\"@id\":\"https:\\\/\\\/toidupakk.ee\\\/pl\\\/#website\"},\"primaryImageOfPage\":{\"@id\":\"https:\\\/\\\/toidupakk.ee\\\/pl\\\/toode\\\/cynk-iconfit-90-kapsulek\\\/#primaryimage\"},\"image\":{\"@id\":\"https:\\\/\\\/toidupakk.ee\\\/pl\\\/toode\\\/cynk-iconfit-90-kapsulek\\\/#primaryimage\"},\"thumbnailUrl\":\"https:\\\/\\\/toidupakk.ee\\\/wp-content\\\/uploads\\\/2023\\\/11\\\/zinc.png\",\"datePublished\":\"2023-11-20T14:42:00+00:00\",\"dateModified\":\"2026-04-29T17:01:17+00:00\",\"description\":\"ICONFIT Cynk to wysokiej jako\u015bci suplement diety, kt\u00f3ry zapewnia istotne wsparcie dla uk\u0142adu odporno\u015bciowego, p\u0142odno\u015bci i og\u00f3lnego samopoczucia; kapsu\u0142ka jest \u0142atwa do po\u0142kni\u0119cia.\",\"breadcrumb\":{\"@id\":\"https:\\\/\\\/toidupakk.ee\\\/pl\\\/toode\\\/cynk-iconfit-90-kapsulek\\\/#breadcrumb\"},\"inLanguage\":\"pl-PL\",\"potentialAction\":[{\"@type\":\"ReadAction\",\"target\":[\"https:\\\/\\\/toidupakk.ee\\\/pl\\\/toode\\\/cynk-iconfit-90-kapsulek\\\/\"]}]},{\"@type\":\"ImageObject\",\"inLanguage\":\"pl-PL\",\"@id\":\"https:\\\/\\\/toidupakk.ee\\\/pl\\\/toode\\\/cynk-iconfit-90-kapsulek\\\/#primaryimage\",\"url\":\"https:\\\/\\\/toidupakk.ee\\\/wp-content\\\/uploads\\\/2023\\\/11\\\/zinc.png\",\"contentUrl\":\"https:\\\/\\\/toidupakk.ee\\\/wp-content\\\/uploads\\\/2023\\\/11\\\/zinc.png\",\"width\":800,\"height\":800},{\"@type\":\"BreadcrumbList\",\"@id\":\"https:\\\/\\\/toidupakk.ee\\\/pl\\\/toode\\\/cynk-iconfit-90-kapsulek\\\/#breadcrumb\",\"itemListElement\":[{\"@type\":\"ListItem\",\"position\":1,\"name\":\"Avaleht\",\"item\":\"https:\\\/\\\/toidupakk.ee\\\/pl\\\/\"},{\"@type\":\"ListItem\",\"position\":2,\"name\":\"Sklep internetowy\",\"item\":\"https:\\\/\\\/toidupakk.ee\\\/pl\\\/sklep-internetowy\\\/\"},{\"@type\":\"ListItem\",\"position\":3,\"name\":\"Cynk ICONFIT (90 kapsu\u0142ek)\"}]},{\"@type\":\"WebSite\",\"@id\":\"https:\\\/\\\/toidupakk.ee\\\/pl\\\/#website\",\"url\":\"https:\\\/\\\/toidupakk.ee\\\/pl\\\/\",\"name\":\"Toidupakk.ee - Tactical Foodpack toidupakid\",\"description\":\"Tactical Foodpack k\u00fclmkuivatatud toidupakid ja matkaeined\",\"publisher\":{\"@id\":\"https:\\\/\\\/toidupakk.ee\\\/pl\\\/#organization\"},\"potentialAction\":[{\"@type\":\"SearchAction\",\"target\":{\"@type\":\"EntryPoint\",\"urlTemplate\":\"https:\\\/\\\/toidupakk.ee\\\/pl\\\/?s={search_term_string}\"},\"query-input\":{\"@type\":\"PropertyValueSpecification\",\"valueRequired\":true,\"valueName\":\"search_term_string\"}}],\"inLanguage\":\"pl-PL\"},{\"@type\":\"Organization\",\"@id\":\"https:\\\/\\\/toidupakk.ee\\\/pl\\\/#organization\",\"name\":\"Tactical Foodpack matkaeined\",\"url\":\"https:\\\/\\\/toidupakk.ee\\\/pl\\\/\",\"logo\":{\"@type\":\"ImageObject\",\"inLanguage\":\"pl-PL\",\"@id\":\"https:\\\/\\\/toidupakk.ee\\\/pl\\\/#\\\/schema\\\/logo\\\/image\\\/\",\"url\":\"https:\\\/\\\/toidupakk.ee\\\/wp-content\\\/uploads\\\/2022\\\/01\\\/Toidupakk-matkapood-logo-transparent.png\",\"contentUrl\":\"https:\\\/\\\/toidupakk.ee\\\/wp-content\\\/uploads\\\/2022\\\/01\\\/Toidupakk-matkapood-logo-transparent.png\",\"width\":500,\"height\":500,\"caption\":\"Tactical Foodpack matkaeined\"},\"image\":{\"@id\":\"https:\\\/\\\/toidupakk.ee\\\/pl\\\/#\\\/schema\\\/logo\\\/image\\\/\"},\"sameAs\":[\"https:\\\/\\\/www.facebook.com\\\/Toidupakk\",\"https:\\\/\\\/www.instagram.com\\\/toidupakk\\\/\"]}]}<\/script>\n<!-- \/ Yoast SEO plugin. -->","yoast_head_json":{"title":"Cynk ICONFIT (90 kapsu\u0142ek)","description":"ICONFIT Cynk to wysokiej jako\u015bci suplement diety, kt\u00f3ry zapewnia istotne wsparcie dla uk\u0142adu odporno\u015bciowego, p\u0142odno\u015bci i og\u00f3lnego samopoczucia; kapsu\u0142ka jest \u0142atwa do po\u0142kni\u0119cia.","robots":{"index":"index","follow":"follow","max-snippet":"max-snippet:-1","max-image-preview":"max-image-preview:large","max-video-preview":"max-video-preview:-1"},"canonical":"https:\/\/toidupakk.ee\/pl\/toode\/cynk-iconfit-90-kapsulek\/","og_locale":"pl_PL","og_type":"article","og_title":"Cynk ICONFIT (90 kapsu\u0142ek)","og_description":"ICONFIT Cynk to wysokiej jako\u015bci suplement diety, kt\u00f3ry zapewnia istotne wsparcie dla uk\u0142adu odporno\u015bciowego, p\u0142odno\u015bci i og\u00f3lnego samopoczucia; kapsu\u0142ka jest \u0142atwa do po\u0142kni\u0119cia.","og_url":"https:\/\/toidupakk.ee\/pl\/toode\/cynk-iconfit-90-kapsulek\/","og_site_name":"Toidupakk.ee - Tactical Foodpack toidupakid","article_publisher":"https:\/\/www.facebook.com\/Toidupakk","article_modified_time":"2026-04-29T17:01:17+00:00","og_image":[{"width":800,"height":800,"url":"https:\/\/toidupakk.ee\/wp-content\/uploads\/2023\/11\/zinc.png","type":"image\/png"}],"twitter_card":"summary_large_image","twitter_misc":{"Szacowany czas czytania":"3 minuty"},"schema":{"@context":"https:\/\/schema.org","@graph":[{"@type":"WebPage","@id":"https:\/\/toidupakk.ee\/pl\/toode\/cynk-iconfit-90-kapsulek\/","url":"https:\/\/toidupakk.ee\/pl\/toode\/cynk-iconfit-90-kapsulek\/","name":"Cynk ICONFIT (90 kapsu\u0142ek)","isPartOf":{"@id":"https:\/\/toidupakk.ee\/pl\/#website"},"primaryImageOfPage":{"@id":"https:\/\/toidupakk.ee\/pl\/toode\/cynk-iconfit-90-kapsulek\/#primaryimage"},"image":{"@id":"https:\/\/toidupakk.ee\/pl\/toode\/cynk-iconfit-90-kapsulek\/#primaryimage"},"thumbnailUrl":"https:\/\/toidupakk.ee\/wp-content\/uploads\/2023\/11\/zinc.png","datePublished":"2023-11-20T14:42:00+00:00","dateModified":"2026-04-29T17:01:17+00:00","description":"ICONFIT Cynk to wysokiej jako\u015bci suplement diety, kt\u00f3ry zapewnia istotne wsparcie dla uk\u0142adu odporno\u015bciowego, p\u0142odno\u015bci i og\u00f3lnego samopoczucia; kapsu\u0142ka jest \u0142atwa do po\u0142kni\u0119cia.","breadcrumb":{"@id":"https:\/\/toidupakk.ee\/pl\/toode\/cynk-iconfit-90-kapsulek\/#breadcrumb"},"inLanguage":"pl-PL","potentialAction":[{"@type":"ReadAction","target":["https:\/\/toidupakk.ee\/pl\/toode\/cynk-iconfit-90-kapsulek\/"]}]},{"@type":"ImageObject","inLanguage":"pl-PL","@id":"https:\/\/toidupakk.ee\/pl\/toode\/cynk-iconfit-90-kapsulek\/#primaryimage","url":"https:\/\/toidupakk.ee\/wp-content\/uploads\/2023\/11\/zinc.png","contentUrl":"https:\/\/toidupakk.ee\/wp-content\/uploads\/2023\/11\/zinc.png","width":800,"height":800},{"@type":"BreadcrumbList","@id":"https:\/\/toidupakk.ee\/pl\/toode\/cynk-iconfit-90-kapsulek\/#breadcrumb","itemListElement":[{"@type":"ListItem","position":1,"name":"Avaleht","item":"https:\/\/toidupakk.ee\/pl\/"},{"@type":"ListItem","position":2,"name":"Sklep internetowy","item":"https:\/\/toidupakk.ee\/pl\/sklep-internetowy\/"},{"@type":"ListItem","position":3,"name":"Cynk ICONFIT (90 kapsu\u0142ek)"}]},{"@type":"WebSite","@id":"https:\/\/toidupakk.ee\/pl\/#website","url":"https:\/\/toidupakk.ee\/pl\/","name":"Toidupakk.ee - Tactical Foodpack toidupakid","description":"Tactical Foodpack k\u00fclmkuivatatud toidupakid ja matkaeined","publisher":{"@id":"https:\/\/toidupakk.ee\/pl\/#organization"},"potentialAction":[{"@type":"SearchAction","target":{"@type":"EntryPoint","urlTemplate":"https:\/\/toidupakk.ee\/pl\/?s={search_term_string}"},"query-input":{"@type":"PropertyValueSpecification","valueRequired":true,"valueName":"search_term_string"}}],"inLanguage":"pl-PL"},{"@type":"Organization","@id":"https:\/\/toidupakk.ee\/pl\/#organization","name":"Tactical Foodpack matkaeined","url":"https:\/\/toidupakk.ee\/pl\/","logo":{"@type":"ImageObject","inLanguage":"pl-PL","@id":"https:\/\/toidupakk.ee\/pl\/#\/schema\/logo\/image\/","url":"https:\/\/toidupakk.ee\/wp-content\/uploads\/2022\/01\/Toidupakk-matkapood-logo-transparent.png","contentUrl":"https:\/\/toidupakk.ee\/wp-content\/uploads\/2022\/01\/Toidupakk-matkapood-logo-transparent.png","width":500,"height":500,"caption":"Tactical Foodpack matkaeined"},"image":{"@id":"https:\/\/toidupakk.ee\/pl\/#\/schema\/logo\/image\/"},"sameAs":["https:\/\/www.facebook.com\/Toidupakk","https:\/\/www.instagram.com\/toidupakk\/"]}]}},"jetpack_sharing_enabled":true,"_links":{"self":[{"href":"https:\/\/toidupakk.ee\/pl\/wp-json\/wp\/v2\/product\/50732","targetHints":{"allow":["GET"]}}],"collection":[{"href":"https:\/\/toidupakk.ee\/pl\/wp-json\/wp\/v2\/product"}],"about":[{"href":"https:\/\/toidupakk.ee\/pl\/wp-json\/wp\/v2\/types\/product"}],"replies":[{"embeddable":true,"href":"https:\/\/toidupakk.ee\/pl\/wp-json\/wp\/v2\/comments?post=50732"}],"wp:featuredmedia":[{"embeddable":true,"href":"https:\/\/toidupakk.ee\/pl\/wp-json\/wp\/v2\/media\/15834"}],"wp:attachment":[{"href":"https:\/\/toidupakk.ee\/pl\/wp-json\/wp\/v2\/media?parent=50732"}],"wp:term":[{"taxonomy":"product_brand","embeddable":true,"href":"https:\/\/toidupakk.ee\/pl\/wp-json\/wp\/v2\/product_brand?post=50732"},{"taxonomy":"product_cat","embeddable":true,"href":"https:\/\/toidupakk.ee\/pl\/wp-json\/wp\/v2\/product_cat?post=50732"},{"taxonomy":"product_tag","embeddable":true,"href":"https:\/\/toidupakk.ee\/pl\/wp-json\/wp\/v2\/product_tag?post=50732"}],"curies":[{"name":"wp","href":"https:\/\/api.w.org\/{rel}","templated":true}]}}