{"id":50729,"date":"2023-11-20T16:52:59","date_gmt":"2023-11-20T14:52:59","guid":{"rendered":"https:\/\/toidupakk.ee\/toode\/magnez-b6-iconfit-90-kapsulek\/"},"modified":"2026-04-29T15:00:42","modified_gmt":"2026-04-29T12:00:42","slug":"magnez-b6-iconfit-90-kapsulek","status":"publish","type":"product","link":"https:\/\/toidupakk.ee\/pl\/toode\/magnez-b6-iconfit-90-kapsulek\/","title":{"rendered":"Magnez B6 ICONFIT (90 kapsu\u0142ek)"},"content":{"rendered":"<h1>Magnez B6 \u2013 Twoje \u017ar\u00f3d\u0142o energii na codzienne wyzwania!<\/h1>\n<p class=\"my-1 text-base\"><strong>ICONFIT Magnez B6 to suplement diety stworzony, aby wspiera\u0107 prawid\u0142owe funkcjonowanie uk\u0142adu nerwowego i funkcji psychologicznych oraz zmniejsza\u0107 uczucie zm\u0119czenia i znu\u017cenia. Produkt zawiera wysokiej jako\u015bci kapsu\u0142ki ro\u015blinne. <\/strong><\/p>\n<p class=\"my-1 text-base\">Magnez pomaga zachowa\u0107 r\u00f3wnowag\u0119 elektrolitow\u0105, wspiera prawid\u0142owe funkcjonowanie mi\u0119\u015bni i pomaga utrzyma\u0107 zdrowe z\u0119by. Jest r\u00f3wnie\u017c wa\u017cny w procesie podzia\u0142u kom\u00f3rek, a wraz z witamin\u0105 B6 pomaga zmniejszy\u0107 uczucie zm\u0119czenia i znu\u017cenia. Dodatkowo magnez i witamina B6 wspieraj\u0105 prawid\u0142owe dzia\u0142anie uk\u0142adu nerwowego i funkcji psychologicznych.  <\/p>\n<p class=\"my-1 text-base\">ICONFIT Cytrynian Magnezu oferuje dobrze przyswajaln\u0105 form\u0119 magnezu i zapewnia zalecane dzienne spo\u017cycie ju\u017c przy 3 kapsu\u0142kach dziennie. Dodatkowo zawarta w nim witamina B6 wspomaga przyswajanie magnezu.  <\/p>\n<p><img fetchpriority=\"high\" decoding=\"async\" class=\"alignright wp-image-15858 size-thumbnail\" src=\"https:\/\/toidupakk.ee\/wp-content\/uploads\/2023\/11\/magneesium-b6-2-500x500.jpeg\" alt=\"Magnez B6\" width=\"500\" height=\"500\" srcset=\"https:\/\/toidupakk.ee\/wp-content\/uploads\/2023\/11\/magneesium-b6-2-500x500.jpeg 500w, https:\/\/toidupakk.ee\/wp-content\/uploads\/2023\/11\/magneesium-b6-2-400x400.jpeg 400w, https:\/\/toidupakk.ee\/wp-content\/uploads\/2023\/11\/magneesium-b6-2-100x100.jpeg 100w\" sizes=\"(max-width: 500px) 100vw, 500px\" \/><\/p>\n<p>&nbsp;<\/p>\n<h2><strong>Magnez B6 \u2013 niedob\u00f3r Mg w Twoim organizmie mog\u0105 powodowa\u0107 nast\u0119puj\u0105ce czynniki:<\/strong><\/h2>\n<ul>\n<li>niezdrowa dieta,<\/li>\n<li>zaburzenia uk\u0142adu pokarmowego (kt\u00f3re mog\u0105 wp\u0142ywa\u0107 na wch\u0142anianie magnezu),<\/li>\n<li>niekt\u00f3re leki (np. diuretyki lub leki na zaburzenia trawienia),<\/li>\n<li>zwi\u0119kszone zapotrzebowanie organizmu na magnez (np. z powodu ci\u0105\u017cy lub intensywnego wysi\u0142ku fizycznego),<\/li>\n<li>nadu\u017cywanie alkoholu,<\/li>\n<li>a tak\u017ce niekt\u00f3re choroby, takie jak cukrzyca czy choroby nerek.<\/li>\n<\/ul>\n<p>Niestety, styl \u017cycia o wysokim poziomie stresu mo\u017ce r\u00f3wnie\u017c zwi\u0119ksza\u0107 zapotrzebowanie na magnez i potencjalnie prowadzi\u0107 do jego niedoboru.<\/p>\n<p><strong>Magnez<\/strong> odgrywa bardzo wa\u017cn\u0105 rol\u0119 w organizmie. Pomaga zr\u00f3wnowa\u017cy\u0107 elektrolity, wspiera prawid\u0142owy metabolizm energetyczny, zapewnia w\u0142a\u015bciwe funkcjonowanie uk\u0142adu nerwowego i funkcji psychologicznych, wspiera prac\u0119 mi\u0119\u015bni, w razie potrzeby wspomaga syntez\u0119 bia\u0142ek i uczestniczy w procesie podzia\u0142u kom\u00f3rek. Ponadto magnez pomaga utrzyma\u0107 zdrowe ko\u015bci i z\u0119by oraz zmniejsza uczucie zm\u0119czenia i znu\u017cenia.  <\/p>\n<p><strong>Witamina B6<\/strong> wspiera metabolizm energetyczny, funkcje poznawcze, prawid\u0142owe dzia\u0142anie nerw\u00f3w, metabolizm bia\u0142ek i glikogenu, prawid\u0142ow\u0105 produkcj\u0119 czerwonych krwinek oraz prac\u0119 uk\u0142adu odporno\u015bciowego. Dodatkowo pomaga regulowa\u0107 aktywno\u015b\u0107 hormonaln\u0105 oraz zmniejsza\u0107 uczucie zm\u0119czenia i znu\u017cenia. <\/p>\n<p><img decoding=\"async\" class=\"alignleft wp-image-15624 size-medium\" src=\"https:\/\/toidupakk.ee\/wp-content\/uploads\/2023\/11\/ICONFIT-kollageeni-pulber-liigestele-5-300x300.png\" alt=\"logo iconfit\" width=\"300\" height=\"300\" srcset=\"https:\/\/toidupakk.ee\/wp-content\/uploads\/2023\/11\/ICONFIT-kollageeni-pulber-liigestele-5-300x300.png 300w, https:\/\/toidupakk.ee\/wp-content\/uploads\/2023\/11\/ICONFIT-kollageeni-pulber-liigestele-5-400x400.png 400w, https:\/\/toidupakk.ee\/wp-content\/uploads\/2023\/11\/ICONFIT-kollageeni-pulber-liigestele-5-100x100.png 100w, https:\/\/toidupakk.ee\/wp-content\/uploads\/2023\/11\/ICONFIT-kollageeni-pulber-liigestele-5-500x500.png 500w, https:\/\/toidupakk.ee\/wp-content\/uploads\/2023\/11\/ICONFIT-kollageeni-pulber-liigestele-5-768x768.png 768w, https:\/\/toidupakk.ee\/wp-content\/uploads\/2023\/11\/ICONFIT-kollageeni-pulber-liigestele-5.png 800w\" sizes=\"(max-width: 300px) 100vw, 300px\" \/><\/p>\n<h2><\/h2>\n<h2>Jako\u015b\u0107 i troska ICONFIT<\/h2>\n<p>Produkty ICONFIT s\u0105 opracowywane w Estonii i bazuj\u0105 na najwy\u017cszych<\/p>\n<p>europejskich standardach jako\u015bci. Tworzymy nasze produkty we wsp\u00f3\u0142pracy ze specjalistami ds. \u017cywienia, sportowcami i technologami \u017cywno\u015bci. <\/p>\n<p>Produkty ICONFIT nie zawieraj\u0105 niepotrzebnych sztucznych stabilizator\u00f3w, barwnik\u00f3w ani konserwant\u00f3w. Nasi klienci wracaj\u0105 do nas wielokrotnie dzi\u0119ki naszej jako\u015bci, czysto\u015bci i \u015bwietnym smakom. <\/p>\n<p>&nbsp;<\/p>\n<p>&nbsp;<\/p>\n<p>Interesuje Ci\u0119 sprz\u0119t turystyczny? Sprawd\u017a szczeg\u00f3\u0142y <a href=\"https:\/\/toidupakk.ee\/pl\/tootekategooria\/sprzet-turystyczny\/#section-3-79\">TUTAJ<\/a><\/p>\n<p>Interesuj\u0105 Ci\u0119 posi\u0142ki turystyczne? Zobacz <a href=\"https:\/\/toidupakk.ee\/pl\/tootekategooria\/dania-glowne\/\">TUTAJ<\/a><\/p>\n<p>Znajd\u017a inspiracj\u0119 na kolejne przygody na <a href=\"https:\/\/www.instagram.com\/toidupakk\/\">Instagramie<\/a> i <a href=\"https:\/\/www.facebook.com\/Toidupakk\/\">Facebooku<\/a> Toidupakk.<\/p>\n","protected":false},"excerpt":{"rendered":"<p class=\"my-1 text-base\">ICONFIT Magnez B6 to <strong>wysokiej jako\u015bci suplement diety<\/strong> zawieraj\u0105cy <strong>dobrze przyswajalny cytrynian magnezu<\/strong> oraz <strong>witamin\u0119 B6<\/strong>. Produkt posiada <strong>liczne zalety we wspieraniu uk\u0142adu nerwowego, metabolizmu energetycznego i pracy mi\u0119\u015bni oraz w redukcji zm\u0119czenia.<\/strong> <\/p>\n<ul class=\"my-1 list-disc pl-4\">\n<li class=\"my-1 text-base\">Wspiera <strong>prawid\u0142owe funkcjonowanie uk\u0142adu nerwowego i funkcji psychologicznych<\/strong><\/li>\n<li class=\"my-1 text-base\">Pomaga <strong>zmniejszy\u0107 uczucie zm\u0119czenia i znu\u017cenia<\/strong><\/li>\n<li class=\"my-1 text-base\">Wykonany z <strong>najwy\u017cszej jako\u015bci kapsu\u0142ek ro\u015blinnych<\/strong><\/li>\n<li class=\"my-1 text-base\">Pomaga utrzyma\u0107 <strong>r\u00f3wnowag\u0119 elektrolitow\u0105<\/strong> i <strong>zapewnia prawid\u0142owe funkcjonowanie mi\u0119\u015bni<\/strong><\/li>\n<li class=\"my-1 text-base\">Uczestniczy w procesie podzia\u0142u kom\u00f3rek<\/li>\n<li class=\"my-1 text-base\"><strong>Wyprodukowano w Estonii<\/strong><\/li>\n<li class=\"my-1 text-base\">Opakowanie zawiera <strong>zapas<\/strong> na <strong>30 dni<\/strong><\/li>\n<li class=\"my-1 text-base\">Zalecane spo\u017cycie: <strong>do 3 kapsu\u0142ek dziennie<\/strong><\/li>\n<\/ul>\n<p>\u2705 Dost\u0119pne w magazynie, szybka dostawa w 1\u20133 dni robocze<\/p>\n","protected":false},"featured_media":15857,"comment_status":"open","ping_status":"closed","template":"","meta":{"_acf_changed":false},"product_brand":[],"product_cat":[303,379,301,361],"product_tag":[],"class_list":{"0":"post-50729","1":"product","2":"type-product","3":"status-publish","4":"has-post-thumbnail","6":"product_cat-akcesoria-turystyczne","7":"product_cat-kapsulki","8":"product_cat-sprzet-turystyczny","9":"product_cat-suplementy-diety","11":"first","12":"instock","13":"taxable","14":"shipping-taxable","15":"purchasable","16":"product-type-simple"},"bundled_by":[],"bundle_stock_status":"instock","bundle_stock_quantity":12,"bundle_virtual":false,"bundle_layout":"","bundle_add_to_cart_form_location":"","bundle_editable_in_cart":false,"bundle_sold_individually_context":"","bundle_item_grouping":"","bundle_min_size":"","bundle_max_size":"","bundle_price":[],"bundled_items":[],"bundle_sell_ids":[],"acf":[],"yoast_head":"<!-- This site is optimized with the Yoast SEO plugin v27.3 - https:\/\/yoast.com\/product\/yoast-seo-wordpress\/ -->\n<title>Magnez B6 ICONFIT (90 kapsu\u0142ek)<\/title>\n<meta name=\"description\" content=\"Magnez B6 wspiera uk\u0142ad nerwowy, pomaga utrzyma\u0107 prawid\u0142owy metabolizm energetyczny oraz funkcje mi\u0119\u015bni i przyczynia si\u0119 do zmniejszenia uczucia zm\u0119czenia.\" \/>\n<meta name=\"robots\" content=\"index, follow, max-snippet:-1, max-image-preview:large, max-video-preview:-1\" \/>\n<link rel=\"canonical\" href=\"https:\/\/toidupakk.ee\/pl\/toode\/magnez-b6-iconfit-90-kapsulek\/\" \/>\n<meta property=\"og:locale\" content=\"pl_PL\" \/>\n<meta property=\"og:type\" content=\"article\" \/>\n<meta property=\"og:title\" content=\"Magnez B6 ICONFIT (90 kapsu\u0142ek)\" \/>\n<meta property=\"og:description\" content=\"Magnez B6 wspiera uk\u0142ad nerwowy, pomaga utrzyma\u0107 prawid\u0142owy metabolizm energetyczny oraz funkcje mi\u0119\u015bni i przyczynia si\u0119 do zmniejszenia uczucia zm\u0119czenia.\" \/>\n<meta property=\"og:url\" content=\"https:\/\/toidupakk.ee\/pl\/toode\/magnez-b6-iconfit-90-kapsulek\/\" \/>\n<meta property=\"og:site_name\" content=\"Toidupakk.ee - Tactical Foodpack toidupakid\" \/>\n<meta property=\"article:publisher\" content=\"https:\/\/www.facebook.com\/Toidupakk\" \/>\n<meta property=\"article:modified_time\" content=\"2026-04-29T12:00:42+00:00\" \/>\n<meta property=\"og:image\" content=\"https:\/\/toidupakk.ee\/wp-content\/uploads\/2023\/11\/4744130013924-ICONFIT-Magneesium-B6-375mg-N90-Transperent.png\" \/>\n\t<meta property=\"og:image:width\" content=\"1920\" \/>\n\t<meta property=\"og:image:height\" content=\"1920\" \/>\n\t<meta property=\"og:image:type\" content=\"image\/png\" \/>\n<meta name=\"twitter:card\" content=\"summary_large_image\" \/>\n<meta name=\"twitter:label1\" content=\"Szacowany czas czytania\" \/>\n\t<meta name=\"twitter:data1\" content=\"2 minuty\" \/>\n<script type=\"application\/ld+json\" class=\"yoast-schema-graph\">{\"@context\":\"https:\\\/\\\/schema.org\",\"@graph\":[{\"@type\":\"WebPage\",\"@id\":\"https:\\\/\\\/toidupakk.ee\\\/pl\\\/toode\\\/magnez-b6-iconfit-90-kapsulek\\\/\",\"url\":\"https:\\\/\\\/toidupakk.ee\\\/pl\\\/toode\\\/magnez-b6-iconfit-90-kapsulek\\\/\",\"name\":\"Magnez B6 ICONFIT (90 kapsu\u0142ek)\",\"isPartOf\":{\"@id\":\"https:\\\/\\\/toidupakk.ee\\\/pl\\\/#website\"},\"primaryImageOfPage\":{\"@id\":\"https:\\\/\\\/toidupakk.ee\\\/pl\\\/toode\\\/magnez-b6-iconfit-90-kapsulek\\\/#primaryimage\"},\"image\":{\"@id\":\"https:\\\/\\\/toidupakk.ee\\\/pl\\\/toode\\\/magnez-b6-iconfit-90-kapsulek\\\/#primaryimage\"},\"thumbnailUrl\":\"https:\\\/\\\/toidupakk.ee\\\/wp-content\\\/uploads\\\/2023\\\/11\\\/4744130013924-ICONFIT-Magneesium-B6-375mg-N90-Transperent.png\",\"datePublished\":\"2023-11-20T14:52:59+00:00\",\"dateModified\":\"2026-04-29T12:00:42+00:00\",\"description\":\"Magnez B6 wspiera uk\u0142ad nerwowy, pomaga utrzyma\u0107 prawid\u0142owy metabolizm energetyczny oraz funkcje mi\u0119\u015bni i przyczynia si\u0119 do zmniejszenia uczucia zm\u0119czenia.\",\"breadcrumb\":{\"@id\":\"https:\\\/\\\/toidupakk.ee\\\/pl\\\/toode\\\/magnez-b6-iconfit-90-kapsulek\\\/#breadcrumb\"},\"inLanguage\":\"pl-PL\",\"potentialAction\":[{\"@type\":\"ReadAction\",\"target\":[\"https:\\\/\\\/toidupakk.ee\\\/pl\\\/toode\\\/magnez-b6-iconfit-90-kapsulek\\\/\"]}]},{\"@type\":\"ImageObject\",\"inLanguage\":\"pl-PL\",\"@id\":\"https:\\\/\\\/toidupakk.ee\\\/pl\\\/toode\\\/magnez-b6-iconfit-90-kapsulek\\\/#primaryimage\",\"url\":\"https:\\\/\\\/toidupakk.ee\\\/wp-content\\\/uploads\\\/2023\\\/11\\\/4744130013924-ICONFIT-Magneesium-B6-375mg-N90-Transperent.png\",\"contentUrl\":\"https:\\\/\\\/toidupakk.ee\\\/wp-content\\\/uploads\\\/2023\\\/11\\\/4744130013924-ICONFIT-Magneesium-B6-375mg-N90-Transperent.png\",\"width\":1920,\"height\":1920},{\"@type\":\"BreadcrumbList\",\"@id\":\"https:\\\/\\\/toidupakk.ee\\\/pl\\\/toode\\\/magnez-b6-iconfit-90-kapsulek\\\/#breadcrumb\",\"itemListElement\":[{\"@type\":\"ListItem\",\"position\":1,\"name\":\"Avaleht\",\"item\":\"https:\\\/\\\/toidupakk.ee\\\/pl\\\/\"},{\"@type\":\"ListItem\",\"position\":2,\"name\":\"Sklep internetowy\",\"item\":\"https:\\\/\\\/toidupakk.ee\\\/pl\\\/sklep-internetowy\\\/\"},{\"@type\":\"ListItem\",\"position\":3,\"name\":\"Magnez B6 ICONFIT (90 kapsu\u0142ek)\"}]},{\"@type\":\"WebSite\",\"@id\":\"https:\\\/\\\/toidupakk.ee\\\/pl\\\/#website\",\"url\":\"https:\\\/\\\/toidupakk.ee\\\/pl\\\/\",\"name\":\"Toidupakk.ee - Tactical Foodpack toidupakid\",\"description\":\"Tactical Foodpack k\u00fclmkuivatatud toidupakid ja matkaeined\",\"publisher\":{\"@id\":\"https:\\\/\\\/toidupakk.ee\\\/pl\\\/#organization\"},\"potentialAction\":[{\"@type\":\"SearchAction\",\"target\":{\"@type\":\"EntryPoint\",\"urlTemplate\":\"https:\\\/\\\/toidupakk.ee\\\/pl\\\/?s={search_term_string}\"},\"query-input\":{\"@type\":\"PropertyValueSpecification\",\"valueRequired\":true,\"valueName\":\"search_term_string\"}}],\"inLanguage\":\"pl-PL\"},{\"@type\":\"Organization\",\"@id\":\"https:\\\/\\\/toidupakk.ee\\\/pl\\\/#organization\",\"name\":\"Tactical Foodpack matkaeined\",\"url\":\"https:\\\/\\\/toidupakk.ee\\\/pl\\\/\",\"logo\":{\"@type\":\"ImageObject\",\"inLanguage\":\"pl-PL\",\"@id\":\"https:\\\/\\\/toidupakk.ee\\\/pl\\\/#\\\/schema\\\/logo\\\/image\\\/\",\"url\":\"https:\\\/\\\/toidupakk.ee\\\/wp-content\\\/uploads\\\/2022\\\/01\\\/Toidupakk-matkapood-logo-transparent.png\",\"contentUrl\":\"https:\\\/\\\/toidupakk.ee\\\/wp-content\\\/uploads\\\/2022\\\/01\\\/Toidupakk-matkapood-logo-transparent.png\",\"width\":500,\"height\":500,\"caption\":\"Tactical Foodpack matkaeined\"},\"image\":{\"@id\":\"https:\\\/\\\/toidupakk.ee\\\/pl\\\/#\\\/schema\\\/logo\\\/image\\\/\"},\"sameAs\":[\"https:\\\/\\\/www.facebook.com\\\/Toidupakk\",\"https:\\\/\\\/www.instagram.com\\\/toidupakk\\\/\"]}]}<\/script>\n<!-- \/ Yoast SEO plugin. -->","yoast_head_json":{"title":"Magnez B6 ICONFIT (90 kapsu\u0142ek)","description":"Magnez B6 wspiera uk\u0142ad nerwowy, pomaga utrzyma\u0107 prawid\u0142owy metabolizm energetyczny oraz funkcje mi\u0119\u015bni i przyczynia si\u0119 do zmniejszenia uczucia zm\u0119czenia.","robots":{"index":"index","follow":"follow","max-snippet":"max-snippet:-1","max-image-preview":"max-image-preview:large","max-video-preview":"max-video-preview:-1"},"canonical":"https:\/\/toidupakk.ee\/pl\/toode\/magnez-b6-iconfit-90-kapsulek\/","og_locale":"pl_PL","og_type":"article","og_title":"Magnez B6 ICONFIT (90 kapsu\u0142ek)","og_description":"Magnez B6 wspiera uk\u0142ad nerwowy, pomaga utrzyma\u0107 prawid\u0142owy metabolizm energetyczny oraz funkcje mi\u0119\u015bni i przyczynia si\u0119 do zmniejszenia uczucia zm\u0119czenia.","og_url":"https:\/\/toidupakk.ee\/pl\/toode\/magnez-b6-iconfit-90-kapsulek\/","og_site_name":"Toidupakk.ee - Tactical Foodpack toidupakid","article_publisher":"https:\/\/www.facebook.com\/Toidupakk","article_modified_time":"2026-04-29T12:00:42+00:00","og_image":[{"width":1920,"height":1920,"url":"https:\/\/toidupakk.ee\/wp-content\/uploads\/2023\/11\/4744130013924-ICONFIT-Magneesium-B6-375mg-N90-Transperent.png","type":"image\/png"}],"twitter_card":"summary_large_image","twitter_misc":{"Szacowany czas czytania":"2 minuty"},"schema":{"@context":"https:\/\/schema.org","@graph":[{"@type":"WebPage","@id":"https:\/\/toidupakk.ee\/pl\/toode\/magnez-b6-iconfit-90-kapsulek\/","url":"https:\/\/toidupakk.ee\/pl\/toode\/magnez-b6-iconfit-90-kapsulek\/","name":"Magnez B6 ICONFIT (90 kapsu\u0142ek)","isPartOf":{"@id":"https:\/\/toidupakk.ee\/pl\/#website"},"primaryImageOfPage":{"@id":"https:\/\/toidupakk.ee\/pl\/toode\/magnez-b6-iconfit-90-kapsulek\/#primaryimage"},"image":{"@id":"https:\/\/toidupakk.ee\/pl\/toode\/magnez-b6-iconfit-90-kapsulek\/#primaryimage"},"thumbnailUrl":"https:\/\/toidupakk.ee\/wp-content\/uploads\/2023\/11\/4744130013924-ICONFIT-Magneesium-B6-375mg-N90-Transperent.png","datePublished":"2023-11-20T14:52:59+00:00","dateModified":"2026-04-29T12:00:42+00:00","description":"Magnez B6 wspiera uk\u0142ad nerwowy, pomaga utrzyma\u0107 prawid\u0142owy metabolizm energetyczny oraz funkcje mi\u0119\u015bni i przyczynia si\u0119 do zmniejszenia uczucia zm\u0119czenia.","breadcrumb":{"@id":"https:\/\/toidupakk.ee\/pl\/toode\/magnez-b6-iconfit-90-kapsulek\/#breadcrumb"},"inLanguage":"pl-PL","potentialAction":[{"@type":"ReadAction","target":["https:\/\/toidupakk.ee\/pl\/toode\/magnez-b6-iconfit-90-kapsulek\/"]}]},{"@type":"ImageObject","inLanguage":"pl-PL","@id":"https:\/\/toidupakk.ee\/pl\/toode\/magnez-b6-iconfit-90-kapsulek\/#primaryimage","url":"https:\/\/toidupakk.ee\/wp-content\/uploads\/2023\/11\/4744130013924-ICONFIT-Magneesium-B6-375mg-N90-Transperent.png","contentUrl":"https:\/\/toidupakk.ee\/wp-content\/uploads\/2023\/11\/4744130013924-ICONFIT-Magneesium-B6-375mg-N90-Transperent.png","width":1920,"height":1920},{"@type":"BreadcrumbList","@id":"https:\/\/toidupakk.ee\/pl\/toode\/magnez-b6-iconfit-90-kapsulek\/#breadcrumb","itemListElement":[{"@type":"ListItem","position":1,"name":"Avaleht","item":"https:\/\/toidupakk.ee\/pl\/"},{"@type":"ListItem","position":2,"name":"Sklep internetowy","item":"https:\/\/toidupakk.ee\/pl\/sklep-internetowy\/"},{"@type":"ListItem","position":3,"name":"Magnez B6 ICONFIT (90 kapsu\u0142ek)"}]},{"@type":"WebSite","@id":"https:\/\/toidupakk.ee\/pl\/#website","url":"https:\/\/toidupakk.ee\/pl\/","name":"Toidupakk.ee - Tactical Foodpack toidupakid","description":"Tactical Foodpack k\u00fclmkuivatatud toidupakid ja matkaeined","publisher":{"@id":"https:\/\/toidupakk.ee\/pl\/#organization"},"potentialAction":[{"@type":"SearchAction","target":{"@type":"EntryPoint","urlTemplate":"https:\/\/toidupakk.ee\/pl\/?s={search_term_string}"},"query-input":{"@type":"PropertyValueSpecification","valueRequired":true,"valueName":"search_term_string"}}],"inLanguage":"pl-PL"},{"@type":"Organization","@id":"https:\/\/toidupakk.ee\/pl\/#organization","name":"Tactical Foodpack matkaeined","url":"https:\/\/toidupakk.ee\/pl\/","logo":{"@type":"ImageObject","inLanguage":"pl-PL","@id":"https:\/\/toidupakk.ee\/pl\/#\/schema\/logo\/image\/","url":"https:\/\/toidupakk.ee\/wp-content\/uploads\/2022\/01\/Toidupakk-matkapood-logo-transparent.png","contentUrl":"https:\/\/toidupakk.ee\/wp-content\/uploads\/2022\/01\/Toidupakk-matkapood-logo-transparent.png","width":500,"height":500,"caption":"Tactical Foodpack matkaeined"},"image":{"@id":"https:\/\/toidupakk.ee\/pl\/#\/schema\/logo\/image\/"},"sameAs":["https:\/\/www.facebook.com\/Toidupakk","https:\/\/www.instagram.com\/toidupakk\/"]}]}},"jetpack_sharing_enabled":true,"_links":{"self":[{"href":"https:\/\/toidupakk.ee\/pl\/wp-json\/wp\/v2\/product\/50729","targetHints":{"allow":["GET"]}}],"collection":[{"href":"https:\/\/toidupakk.ee\/pl\/wp-json\/wp\/v2\/product"}],"about":[{"href":"https:\/\/toidupakk.ee\/pl\/wp-json\/wp\/v2\/types\/product"}],"replies":[{"embeddable":true,"href":"https:\/\/toidupakk.ee\/pl\/wp-json\/wp\/v2\/comments?post=50729"}],"wp:featuredmedia":[{"embeddable":true,"href":"https:\/\/toidupakk.ee\/pl\/wp-json\/wp\/v2\/media\/15857"}],"wp:attachment":[{"href":"https:\/\/toidupakk.ee\/pl\/wp-json\/wp\/v2\/media?parent=50729"}],"wp:term":[{"taxonomy":"product_brand","embeddable":true,"href":"https:\/\/toidupakk.ee\/pl\/wp-json\/wp\/v2\/product_brand?post=50729"},{"taxonomy":"product_cat","embeddable":true,"href":"https:\/\/toidupakk.ee\/pl\/wp-json\/wp\/v2\/product_cat?post=50729"},{"taxonomy":"product_tag","embeddable":true,"href":"https:\/\/toidupakk.ee\/pl\/wp-json\/wp\/v2\/product_tag?post=50729"}],"curies":[{"name":"wp","href":"https:\/\/api.w.org\/{rel}","templated":true}]}}