{"id":50719,"date":"2023-11-06T17:10:43","date_gmt":"2023-11-06T15:10:43","guid":{"rendered":"https:\/\/toidupakk.ee\/toode\/readywise-zestaw-zapasow-zywnosci-ryz-z-roznymi-rodzajami-miesa-80-porcji\/"},"modified":"2026-04-16T07:31:05","modified_gmt":"2026-04-16T04:31:05","slug":"readywise-zestaw-zapasow-zywnosci-ryz-z-roznymi-rodzajami-miesa-80-porcji","status":"publish","type":"product","link":"https:\/\/toidupakk.ee\/pl\/toode\/readywise-zestaw-zapasow-zywnosci-ryz-z-roznymi-rodzajami-miesa-80-porcji\/","title":{"rendered":"READYWISE\u00ae Zestaw zapas\u00f3w \u017cywno\u015bci &#8211; ry\u017c z r\u00f3\u017cnymi rodzajami mi\u0119sa &#8211; 80 porcji"},"content":{"rendered":"<h1 data-start=\"319\" data-end=\"398\"><strong data-start=\"322\" data-end=\"398\">READYWISE\u00ae Zestaw zapas\u00f3w \u017cywno\u015bci z ry\u017cem i r\u00f3\u017cnymi rodzajami mi\u0119sa \u2013 80 porcji<\/strong><\/h1>\n<p data-start=\"400\" data-end=\"681\"><strong data-start=\"400\" data-end=\"431\">Zestaw zapas\u00f3w \u017cywno\u015bci Readywise<\/strong> to idealny wyb\u00f3r na nieoczekiwane sytuacje, zapas kryzysowy, trekking lub po prostu jako wygodna domowa rezerwa jedzenia. Zestaw zapewni Tobie i Twojej rodzinie smaczne, po\u017cywne posi\u0142ki o d\u0142ugim terminie przydatno\u015bci w dowolnym momencie \u2013 nawet gdy brakuje standardowych mo\u017cliwo\u015bci. <\/p>\n<p data-start=\"683\" data-end=\"890\">Wszystkie posi\u0142ki s\u0105 <strong data-start=\"698\" data-end=\"715\">dehydratyzowane<\/strong>, co pozwala zachowa\u0107 \u015bwie\u017co\u015b\u0107 i smak przez okres do <strong data-start=\"754\" data-end=\"768\">15 lat<\/strong> od daty produkcji. Zestaw zawiera dania z kurczakiem i wo\u0142owin\u0105 oraz gotowy ry\u017c, \u0142\u0105cznie <strong data-start=\"872\" data-end=\"889\">80 porcji<\/strong>. <\/p>\n<h2><img fetchpriority=\"high\" decoding=\"async\" class=\"alignnone wp-image-14383 size-full\" src=\"https:\/\/toidupakk.ee\/wp-content\/uploads\/2023\/09\/Graphic-Design.jpg\" alt=\"Zestaw zapas\u00f3w \u017cywno\u015bci Readywise oferuje 80 smacznych porcji o d\u0142ugim terminie przydatno\u015bci, idealnych jako zapas kryzysowy lub na wypraw\u0119. \u0141atwy w przygotowaniu i w odpornym na warunki atmosferyczne opakowaniu.\" width=\"1280\" height=\"1280\" srcset=\"https:\/\/toidupakk.ee\/wp-content\/uploads\/2023\/09\/Graphic-Design.jpg 1280w, https:\/\/toidupakk.ee\/wp-content\/uploads\/2023\/09\/Graphic-Design-400x400.jpg 400w, https:\/\/toidupakk.ee\/wp-content\/uploads\/2023\/09\/Graphic-Design-100x100.jpg 100w, https:\/\/toidupakk.ee\/wp-content\/uploads\/2023\/09\/Graphic-Design-800x800.jpg 800w, https:\/\/toidupakk.ee\/wp-content\/uploads\/2023\/09\/Graphic-Design-300x300.jpg 300w, https:\/\/toidupakk.ee\/wp-content\/uploads\/2023\/09\/Graphic-Design-1024x1024.jpg 1024w, https:\/\/toidupakk.ee\/wp-content\/uploads\/2023\/09\/Graphic-Design-500x500.jpg 500w, https:\/\/toidupakk.ee\/wp-content\/uploads\/2023\/09\/Graphic-Design-768x768.jpg 768w\" sizes=\"(max-width: 1280px) 100vw, 1280px\" \/><\/h2>\n<h2 data-start=\"683\" data-end=\"890\"><strong data-start=\"900\" data-end=\"949\">Jak u\u017cywa\u0107 zestawu zapas\u00f3w \u017cywno\u015bci Readywise?<\/strong><\/h2>\n<h3 data-start=\"951\" data-end=\"979\"><strong data-start=\"955\" data-end=\"977\">1. Wybierz odpowiedni posi\u0142ek<\/strong><\/h3>\n<p data-start=\"980\" data-end=\"1047\">Otw\u00f3rz wodoodporne, strunowe opakowanie i wybierz smak, na kt\u00f3ry masz ochot\u0119.<\/p>\n<h3 data-start=\"1049\" data-end=\"1089\"><strong data-start=\"1053\" data-end=\"1087\">2. Dodaj wod\u0119 (zimn\u0105 lub gor\u0105c\u0105)<\/strong><\/h3>\n<p data-start=\"1090\" data-end=\"1179\">Posi\u0142ki ReadyWise przechodz\u0105 specjaln\u0105 obr\u00f3bk\u0119, kt\u00f3ra pozwala zachowa\u0107 zar\u00f3wno smak, jak i tekstur\u0119.<\/p>\n<ul>\n<li data-start=\"1182\" data-end=\"1224\">Dodaj <strong data-start=\"1207\" data-end=\"1222\">1 szklank\u0119 wody<\/strong> na jedn\u0105 porcj\u0119<\/li>\n<li data-start=\"1227\" data-end=\"1316\">Jedzenie mo\u017cna przygotowa\u0107 zar\u00f3wno z <strong data-start=\"1253\" data-end=\"1262\">gor\u0105c\u0105<\/strong>, jak i <strong data-start=\"1267\" data-end=\"1276\">zimn\u0105<\/strong> wod\u0105 (gor\u0105ca woda daje najlepszy rezultat)<\/li>\n<\/ul>\n<p>&nbsp;<\/p>\n<h3 data-start=\"1318\" data-end=\"1343\"><strong data-start=\"1322\" data-end=\"1341\">3. Zamieszaj i poczekaj<\/strong><\/h3>\n<p data-start=\"1344\" data-end=\"1387\">Wsyp zawarto\u015b\u0107 posi\u0142ku do wody, zamieszaj i przykryj.<\/p>\n<ul>\n<li data-start=\"1390\" data-end=\"1419\">Z gor\u0105c\u0105 wod\u0105: <strong data-start=\"1403\" data-end=\"1417\">15 minut<\/strong><\/li>\n<li data-start=\"1422\" data-end=\"1466\">W przypadku wody o temperaturze pokojowej: <strong data-start=\"1450\" data-end=\"1464\">30 minut<\/strong><\/li>\n<\/ul>\n<p data-start=\"1468\" data-end=\"1503\">Nast\u0119pnie na\u0142\u00f3\u017c na talerz i smacznego!<\/p>\n<p data-start=\"1468\" data-end=\"1503\"><img decoding=\"async\" class=\"aligncenter size-full wp-image-42377\" src=\"https:\/\/toidupakk.ee\/wp-content\/uploads\/2023\/11\/3a43bc88eee14b5d97ab235af9a3dc3a.SD-480p-1.5Mbps-18937233.gif\" alt=\"\" width=\"854\" height=\"480\"><\/p>\n<p data-start=\"1468\" data-end=\"1503\">\n<p><strong data-start=\"1513\" data-end=\"1565\">Zawarto\u015b\u0107 \u2013 co znajdziesz w odpornym na pogod\u0119 wiadrze?<\/strong><\/p>\n<ul>\n<li data-start=\"1569\" data-end=\"1613\"><strong data-start=\"1569\" data-end=\"1586\">Pieczony kurczak<\/strong>: 2 torebki \/ 32 porcje<\/li>\n<li data-start=\"1616\" data-end=\"1655\"><strong data-start=\"1616\" data-end=\"1645\">Przyprawy do pieczonego kurczaka<\/strong>: 1 torebka<\/li>\n<li data-start=\"1658\" data-end=\"1707\"><strong data-start=\"1658\" data-end=\"1680\">Pieczona wo\u0142owina<\/strong>: 2 torebki \/ 28 porcji<\/li>\n<li data-start=\"1710\" data-end=\"1754\"><strong data-start=\"1710\" data-end=\"1744\">Przyprawy do pieczonej wo\u0142owiny<\/strong>: 1 torebka<\/li>\n<li data-start=\"1757\" data-end=\"1807\"><strong data-start=\"1757\" data-end=\"1780\">Gotowy ry\u017c<\/strong>: 4 torebki \/ 20 porcji<\/li>\n<\/ul>\n<h2 data-start=\"1814\" data-end=\"1861\"><strong data-start=\"1817\" data-end=\"1861\">Dlaczego warto wybra\u0107 zestaw zapas\u00f3w \u017cywno\u015bci Readywise?<\/strong><\/h2>\n<ul>\n<li data-start=\"1863\" data-end=\"1889\"><strong data-start=\"1867\" data-end=\"1887\">D\u0142ugi termin przydatno\u015bci<\/strong><\/li>\n<\/ul>\n<p data-start=\"1890\" data-end=\"2106\">Dehydratyzowana \u017cywno\u015b\u0107 zachowuje trwa\u0142o\u015b\u0107 <strong data-start=\"1920\" data-end=\"1938\">do 15 lat<\/strong>, dzi\u0119ki czemu idealnie nadaje si\u0119 do domowych zapas\u00f3w kryzysowych, piwnicy, gara\u017cu, na \u0142\u00f3d\u017a lub do domku letniskowego. Wodoodporna torba transportowa chroni \u017cywno\u015b\u0107 przed wilgoci\u0105 i czynnikami zewn\u0119trznymi. <\/p>\n<ul>\n<li data-start=\"1890\" data-end=\"2106\"><strong data-start=\"2112\" data-end=\"2149\">Po\u017cywne i pe\u0142nowarto\u015bciowe<\/strong><\/li>\n<\/ul>\n<p data-start=\"2152\" data-end=\"2288\">Posi\u0142ki ReadyWise zawieraj\u0105 du\u017co <strong data-start=\"2190\" data-end=\"2233\">bia\u0142ka, b\u0142onnika i niezb\u0119dnych sk\u0142adnik\u00f3w od\u017cywczych<\/strong>, pomagaj\u0105c utrzyma\u0107 poziom energii nawet w trudnych warunkach.<\/p>\n<ul>\n<li data-start=\"2290\" data-end=\"2326\"><strong data-start=\"2294\" data-end=\"2324\">R\u00f3\u017cnorodne smaki<\/strong><\/li>\n<\/ul>\n<p data-start=\"2327\" data-end=\"2422\">W zestawie znajdziesz odpowiedni posi\u0142ek na \u015bniadanie, obiad i kolacj\u0119 \u2013 zawsze znajdzie si\u0119 co\u015b smacznego.<\/p>\n<ul>\n<li data-start=\"2424\" data-end=\"2461\"><strong data-start=\"2428\" data-end=\"2459\">Lekki i wygodny w transporcie<\/strong><\/li>\n<\/ul>\n<p data-start=\"2462\" data-end=\"2559\">Kompaktowe i lekkie opakowanie wraz z wodoodpornym wiadrem u\u0142atwia zabranie zapas\u00f3w ze sob\u0105.<\/p>\n<h2 data-start=\"2566\" data-end=\"2623\"><strong data-start=\"2569\" data-end=\"2623\">Zestaw zapas\u00f3w \u017cywno\u015bci ReadyWise \u2013 niezawodny partner w przygotowaniach<\/strong><\/h2>\n<p data-start=\"2625\" data-end=\"2805\">ReadyWise wykorzystuje innowacyjn\u0105 technologi\u0119 liofilizacji, aby oferowa\u0107 <strong data-start=\"2693\" data-end=\"2733\">proste, smaczne i przyst\u0119pne cenowo<\/strong> rozwi\u0105zania w sytuacjach, gdy tradycyjne gotowanie jest niemo\u017cliwe.<\/p>\n<p>&nbsp;<\/p>\n<p>Sprawd\u017a inne akcesoria turystyczne <a href=\"https:\/\/toidupakk.ee\/pl\/tootekategooria\/sprzet-turystyczny\/#section-3-79\">TUTAJ<\/a><\/p>\n<p>Interesuj\u0105 Ci\u0119 posi\u0142ki turystyczne? Zobacz <a href=\"https:\/\/toidupakk.ee\/pl\/tootekategooria\/zywnosc-turystyczna\/\">TUTAJ<\/a><\/p>\n<p>Znajd\u017a inspiracj\u0119 na kolejne przygody na <a href=\"https:\/\/www.instagram.com\/toidupakk\/\">Instagramie<\/a> i <a href=\"https:\/\/www.facebook.com\/Toidupakk\/\">Facebooku<\/a> Toidupakk.<\/p>\n","protected":false},"excerpt":{"rendered":"<p>Zestaw posi\u0142k\u00f3w ReadyWise <strong>z r\u00f3\u017cnymi rodzajami mi\u0119sa<\/strong> jest przeznaczony na sytuacje, w kt\u00f3rych przygotowanie jedzenia mo\u017ce by\u0107 utrudnione lub niemo\u017cliwe. Zestaw <strong>zawiera 80 porcji da\u0144 z kurczakiem i wo\u0142owin\u0105<\/strong> i <strong>zachowuje trwa\u0142o\u015b\u0107 przez 15 lat<\/strong>. Wygodny do u\u017cytku r\u00f3wnie\u017c podczas wypraw, kempingu czy aktywno\u015bci na \u015bwie\u017cym powietrzu. Posi\u0142ki s\u0105 zapakowane w szczelne torebki Mylar, kt\u00f3re zapewniaj\u0105 d\u0142ugi termin przydatno\u015bci. Dehydratyzowane dania s\u0105 gotowe w kilka minut, wystarczy doda\u0107 wod\u0119.    <\/p>\n<ul>\n<li>Zestaw zapas\u00f3w \u017cywno\u015bci z kurczakiem i wo\u0142owin\u0105: <strong>80 porcji jedzenia<\/strong><\/li>\n<li>Dodaj tylko wod\u0119: preferowana jest gor\u0105ca woda, ale zimna te\u017c si\u0119 nadaje (w takim przypadku czas przygotowania b\u0119dzie po prostu d\u0142u\u017cszy)<\/li>\n<li><strong>Zachowuje trwa\u0142o\u015b\u0107 przez 15 lat od daty produkcji<\/strong><\/li>\n<li><strong>Odporne na pogod\u0119 wiadro z uchwytem Grab-N-GO<\/strong> sprawia, \u017ce jest ono \u0142atwe w transporcie i wygodne w podr\u00f3\u017cy<\/li>\n<li>Opakowania \u017cywno\u015bci s\u0105 strunowe (ponownie zamykane)<\/li>\n<li>Waga netto posi\u0142k\u00f3w: <strong>1,73 kg<\/strong><\/li>\n<li>\u0141\u0105czna <strong>kaloryczno\u015b\u0107 zestawu to 7839 kalorii<\/strong><\/li>\n<li>Na ca\u0142y zestaw nale\u017cy przewidzie\u0107 ok. 19 litr\u00f3w wody do przygotowania posi\u0142k\u00f3w <\/li>\n<li>Wymiary wiadra: 30 cm x 25 cm x 32 cm<\/li>\n<li>W zestawie znajduj\u0105 si\u0119 dania z pieczonym kurczakiem i pieczon\u0105 wo\u0142owin\u0105<\/li>\n<\/ul>\n<p>\u2705 Dost\u0119pne w magazynie, szybka dostawa w 1-3 dni robocze<br \/>\n\u2705 Kup teraz, zap\u0142a\u0107 p\u00f3\u017aniej (RRSO 0%)<\/p>\n","protected":false},"featured_media":50720,"comment_status":"open","ping_status":"closed","template":"","meta":{"_acf_changed":false},"product_brand":[],"product_cat":[303,357,347,301,358],"product_tag":[],"class_list":{"0":"post-50719","1":"product","2":"type-product","3":"status-publish","4":"has-post-thumbnail","6":"product_cat-akcesoria-turystyczne","7":"product_cat-bardzo-duze-zestawy-zapasow-zywnosci-readywise","8":"product_cat-duze-zestawy-zapasow-zywnosci","9":"product_cat-sprzet-turystyczny","10":"product_cat-zestawy-zapasow-zywnosci","12":"first","13":"instock","14":"sale","15":"taxable","16":"shipping-taxable","17":"purchasable","18":"product-type-simple"},"bundled_by":[],"bundle_stock_status":"instock","bundle_stock_quantity":8,"bundle_virtual":false,"bundle_layout":"","bundle_add_to_cart_form_location":"","bundle_editable_in_cart":false,"bundle_sold_individually_context":"","bundle_item_grouping":"","bundle_min_size":"","bundle_max_size":"","bundle_price":[],"bundled_items":[],"bundle_sell_ids":[],"acf":[],"yoast_head":"<!-- This site is optimized with the Yoast SEO plugin v27.3 - https:\/\/yoast.com\/product\/yoast-seo-wordpress\/ -->\n<title>READYWISE\u00ae Zestaw zapas\u00f3w \u017cywno\u015bci - ry\u017c z r\u00f3\u017cnymi rodzajami mi\u0119sa - 80 porcji<\/title>\n<meta name=\"description\" content=\"Zestaw zapas\u00f3w \u017cywno\u015bci Readywise oferuje 80 smacznych porcji o d\u0142ugim terminie przydatno\u015bci, idealnych jako zapas kryzysowy lub na wypraw\u0119. \u0141atwy w przygotowaniu i w odpornym na warunki atmosferyczne opakowaniu.\" \/>\n<meta name=\"robots\" content=\"index, follow, max-snippet:-1, max-image-preview:large, max-video-preview:-1\" \/>\n<link rel=\"canonical\" href=\"https:\/\/toidupakk.ee\/pl\/toode\/readywise-zestaw-zapasow-zywnosci-ryz-z-roznymi-rodzajami-miesa-80-porcji\/\" \/>\n<meta property=\"og:locale\" content=\"pl_PL\" \/>\n<meta property=\"og:type\" content=\"article\" \/>\n<meta property=\"og:title\" content=\"READYWISE\u00ae Zestaw zapas\u00f3w \u017cywno\u015bci - ry\u017c z r\u00f3\u017cnymi rodzajami mi\u0119sa - 80 porcji\" \/>\n<meta property=\"og:description\" content=\"Zestaw zapas\u00f3w \u017cywno\u015bci Readywise oferuje 80 smacznych porcji o d\u0142ugim terminie przydatno\u015bci, idealnych jako zapas kryzysowy lub na wypraw\u0119. \u0141atwy w przygotowaniu i w odpornym na warunki atmosferyczne opakowaniu.\" \/>\n<meta property=\"og:url\" content=\"https:\/\/toidupakk.ee\/pl\/toode\/readywise-zestaw-zapasow-zywnosci-ryz-z-roznymi-rodzajami-miesa-80-porcji\/\" \/>\n<meta property=\"og:site_name\" content=\"Toidupakk.ee - Tactical Foodpack toidupakid\" \/>\n<meta property=\"article:publisher\" content=\"https:\/\/www.facebook.com\/Toidupakk\" \/>\n<meta property=\"article:modified_time\" content=\"2026-04-16T04:31:05+00:00\" \/>\n<meta property=\"og:image\" content=\"https:\/\/toidupakk.ee\/wp-content\/uploads\/2023\/11\/Readywise-riis-erineva-lihaga-80-portsjonit-1.png\" \/>\n\t<meta property=\"og:image:width\" content=\"800\" \/>\n\t<meta property=\"og:image:height\" content=\"800\" \/>\n\t<meta property=\"og:image:type\" content=\"image\/png\" \/>\n<meta name=\"twitter:card\" content=\"summary_large_image\" \/>\n<meta name=\"twitter:label1\" content=\"Szacowany czas czytania\" \/>\n\t<meta name=\"twitter:data1\" content=\"2 minuty\" \/>\n<script type=\"application\/ld+json\" class=\"yoast-schema-graph\">{\"@context\":\"https:\\\/\\\/schema.org\",\"@graph\":[{\"@type\":\"WebPage\",\"@id\":\"https:\\\/\\\/toidupakk.ee\\\/pl\\\/toode\\\/readywise-zestaw-zapasow-zywnosci-ryz-z-roznymi-rodzajami-miesa-80-porcji\\\/\",\"url\":\"https:\\\/\\\/toidupakk.ee\\\/pl\\\/toode\\\/readywise-zestaw-zapasow-zywnosci-ryz-z-roznymi-rodzajami-miesa-80-porcji\\\/\",\"name\":\"READYWISE\u00ae Zestaw zapas\u00f3w \u017cywno\u015bci - ry\u017c z r\u00f3\u017cnymi rodzajami mi\u0119sa - 80 porcji\",\"isPartOf\":{\"@id\":\"https:\\\/\\\/toidupakk.ee\\\/pl\\\/#website\"},\"primaryImageOfPage\":{\"@id\":\"https:\\\/\\\/toidupakk.ee\\\/pl\\\/toode\\\/readywise-zestaw-zapasow-zywnosci-ryz-z-roznymi-rodzajami-miesa-80-porcji\\\/#primaryimage\"},\"image\":{\"@id\":\"https:\\\/\\\/toidupakk.ee\\\/pl\\\/toode\\\/readywise-zestaw-zapasow-zywnosci-ryz-z-roznymi-rodzajami-miesa-80-porcji\\\/#primaryimage\"},\"thumbnailUrl\":\"https:\\\/\\\/toidupakk.ee\\\/wp-content\\\/uploads\\\/2023\\\/11\\\/Readywise-riis-erineva-lihaga-80-portsjonit-1.png\",\"datePublished\":\"2023-11-06T15:10:43+00:00\",\"dateModified\":\"2026-04-16T04:31:05+00:00\",\"description\":\"Zestaw zapas\u00f3w \u017cywno\u015bci Readywise oferuje 80 smacznych porcji o d\u0142ugim terminie przydatno\u015bci, idealnych jako zapas kryzysowy lub na wypraw\u0119. \u0141atwy w przygotowaniu i w odpornym na warunki atmosferyczne opakowaniu.\",\"breadcrumb\":{\"@id\":\"https:\\\/\\\/toidupakk.ee\\\/pl\\\/toode\\\/readywise-zestaw-zapasow-zywnosci-ryz-z-roznymi-rodzajami-miesa-80-porcji\\\/#breadcrumb\"},\"inLanguage\":\"pl-PL\",\"potentialAction\":[{\"@type\":\"ReadAction\",\"target\":[\"https:\\\/\\\/toidupakk.ee\\\/pl\\\/toode\\\/readywise-zestaw-zapasow-zywnosci-ryz-z-roznymi-rodzajami-miesa-80-porcji\\\/\"]}]},{\"@type\":\"ImageObject\",\"inLanguage\":\"pl-PL\",\"@id\":\"https:\\\/\\\/toidupakk.ee\\\/pl\\\/toode\\\/readywise-zestaw-zapasow-zywnosci-ryz-z-roznymi-rodzajami-miesa-80-porcji\\\/#primaryimage\",\"url\":\"https:\\\/\\\/toidupakk.ee\\\/wp-content\\\/uploads\\\/2023\\\/11\\\/Readywise-riis-erineva-lihaga-80-portsjonit-1.png\",\"contentUrl\":\"https:\\\/\\\/toidupakk.ee\\\/wp-content\\\/uploads\\\/2023\\\/11\\\/Readywise-riis-erineva-lihaga-80-portsjonit-1.png\",\"width\":800,\"height\":800,\"caption\":\"Readywise meat bucket\"},{\"@type\":\"BreadcrumbList\",\"@id\":\"https:\\\/\\\/toidupakk.ee\\\/pl\\\/toode\\\/readywise-zestaw-zapasow-zywnosci-ryz-z-roznymi-rodzajami-miesa-80-porcji\\\/#breadcrumb\",\"itemListElement\":[{\"@type\":\"ListItem\",\"position\":1,\"name\":\"Avaleht\",\"item\":\"https:\\\/\\\/toidupakk.ee\\\/pl\\\/\"},{\"@type\":\"ListItem\",\"position\":2,\"name\":\"Sklep internetowy\",\"item\":\"https:\\\/\\\/toidupakk.ee\\\/pl\\\/sklep-internetowy\\\/\"},{\"@type\":\"ListItem\",\"position\":3,\"name\":\"READYWISE\u00ae Zestaw zapas\u00f3w \u017cywno\u015bci &#8211; ry\u017c z r\u00f3\u017cnymi rodzajami mi\u0119sa &#8211; 80 porcji\"}]},{\"@type\":\"WebSite\",\"@id\":\"https:\\\/\\\/toidupakk.ee\\\/pl\\\/#website\",\"url\":\"https:\\\/\\\/toidupakk.ee\\\/pl\\\/\",\"name\":\"Toidupakk.ee - Tactical Foodpack toidupakid\",\"description\":\"Tactical Foodpack k\u00fclmkuivatatud toidupakid ja matkaeined\",\"publisher\":{\"@id\":\"https:\\\/\\\/toidupakk.ee\\\/pl\\\/#organization\"},\"potentialAction\":[{\"@type\":\"SearchAction\",\"target\":{\"@type\":\"EntryPoint\",\"urlTemplate\":\"https:\\\/\\\/toidupakk.ee\\\/pl\\\/?s={search_term_string}\"},\"query-input\":{\"@type\":\"PropertyValueSpecification\",\"valueRequired\":true,\"valueName\":\"search_term_string\"}}],\"inLanguage\":\"pl-PL\"},{\"@type\":\"Organization\",\"@id\":\"https:\\\/\\\/toidupakk.ee\\\/pl\\\/#organization\",\"name\":\"Tactical Foodpack matkaeined\",\"url\":\"https:\\\/\\\/toidupakk.ee\\\/pl\\\/\",\"logo\":{\"@type\":\"ImageObject\",\"inLanguage\":\"pl-PL\",\"@id\":\"https:\\\/\\\/toidupakk.ee\\\/pl\\\/#\\\/schema\\\/logo\\\/image\\\/\",\"url\":\"https:\\\/\\\/toidupakk.ee\\\/wp-content\\\/uploads\\\/2022\\\/01\\\/Toidupakk-matkapood-logo-transparent.png\",\"contentUrl\":\"https:\\\/\\\/toidupakk.ee\\\/wp-content\\\/uploads\\\/2022\\\/01\\\/Toidupakk-matkapood-logo-transparent.png\",\"width\":500,\"height\":500,\"caption\":\"Tactical Foodpack matkaeined\"},\"image\":{\"@id\":\"https:\\\/\\\/toidupakk.ee\\\/pl\\\/#\\\/schema\\\/logo\\\/image\\\/\"},\"sameAs\":[\"https:\\\/\\\/www.facebook.com\\\/Toidupakk\",\"https:\\\/\\\/www.instagram.com\\\/toidupakk\\\/\"]}]}<\/script>\n<!-- \/ Yoast SEO plugin. -->","yoast_head_json":{"title":"READYWISE\u00ae Zestaw zapas\u00f3w \u017cywno\u015bci - ry\u017c z r\u00f3\u017cnymi rodzajami mi\u0119sa - 80 porcji","description":"Zestaw zapas\u00f3w \u017cywno\u015bci Readywise oferuje 80 smacznych porcji o d\u0142ugim terminie przydatno\u015bci, idealnych jako zapas kryzysowy lub na wypraw\u0119. \u0141atwy w przygotowaniu i w odpornym na warunki atmosferyczne opakowaniu.","robots":{"index":"index","follow":"follow","max-snippet":"max-snippet:-1","max-image-preview":"max-image-preview:large","max-video-preview":"max-video-preview:-1"},"canonical":"https:\/\/toidupakk.ee\/pl\/toode\/readywise-zestaw-zapasow-zywnosci-ryz-z-roznymi-rodzajami-miesa-80-porcji\/","og_locale":"pl_PL","og_type":"article","og_title":"READYWISE\u00ae Zestaw zapas\u00f3w \u017cywno\u015bci - ry\u017c z r\u00f3\u017cnymi rodzajami mi\u0119sa - 80 porcji","og_description":"Zestaw zapas\u00f3w \u017cywno\u015bci Readywise oferuje 80 smacznych porcji o d\u0142ugim terminie przydatno\u015bci, idealnych jako zapas kryzysowy lub na wypraw\u0119. \u0141atwy w przygotowaniu i w odpornym na warunki atmosferyczne opakowaniu.","og_url":"https:\/\/toidupakk.ee\/pl\/toode\/readywise-zestaw-zapasow-zywnosci-ryz-z-roznymi-rodzajami-miesa-80-porcji\/","og_site_name":"Toidupakk.ee - Tactical Foodpack toidupakid","article_publisher":"https:\/\/www.facebook.com\/Toidupakk","article_modified_time":"2026-04-16T04:31:05+00:00","og_image":[{"width":800,"height":800,"url":"https:\/\/toidupakk.ee\/wp-content\/uploads\/2023\/11\/Readywise-riis-erineva-lihaga-80-portsjonit-1.png","type":"image\/png"}],"twitter_card":"summary_large_image","twitter_misc":{"Szacowany czas czytania":"2 minuty"},"schema":{"@context":"https:\/\/schema.org","@graph":[{"@type":"WebPage","@id":"https:\/\/toidupakk.ee\/pl\/toode\/readywise-zestaw-zapasow-zywnosci-ryz-z-roznymi-rodzajami-miesa-80-porcji\/","url":"https:\/\/toidupakk.ee\/pl\/toode\/readywise-zestaw-zapasow-zywnosci-ryz-z-roznymi-rodzajami-miesa-80-porcji\/","name":"READYWISE\u00ae Zestaw zapas\u00f3w \u017cywno\u015bci - ry\u017c z r\u00f3\u017cnymi rodzajami mi\u0119sa - 80 porcji","isPartOf":{"@id":"https:\/\/toidupakk.ee\/pl\/#website"},"primaryImageOfPage":{"@id":"https:\/\/toidupakk.ee\/pl\/toode\/readywise-zestaw-zapasow-zywnosci-ryz-z-roznymi-rodzajami-miesa-80-porcji\/#primaryimage"},"image":{"@id":"https:\/\/toidupakk.ee\/pl\/toode\/readywise-zestaw-zapasow-zywnosci-ryz-z-roznymi-rodzajami-miesa-80-porcji\/#primaryimage"},"thumbnailUrl":"https:\/\/toidupakk.ee\/wp-content\/uploads\/2023\/11\/Readywise-riis-erineva-lihaga-80-portsjonit-1.png","datePublished":"2023-11-06T15:10:43+00:00","dateModified":"2026-04-16T04:31:05+00:00","description":"Zestaw zapas\u00f3w \u017cywno\u015bci Readywise oferuje 80 smacznych porcji o d\u0142ugim terminie przydatno\u015bci, idealnych jako zapas kryzysowy lub na wypraw\u0119. \u0141atwy w przygotowaniu i w odpornym na warunki atmosferyczne opakowaniu.","breadcrumb":{"@id":"https:\/\/toidupakk.ee\/pl\/toode\/readywise-zestaw-zapasow-zywnosci-ryz-z-roznymi-rodzajami-miesa-80-porcji\/#breadcrumb"},"inLanguage":"pl-PL","potentialAction":[{"@type":"ReadAction","target":["https:\/\/toidupakk.ee\/pl\/toode\/readywise-zestaw-zapasow-zywnosci-ryz-z-roznymi-rodzajami-miesa-80-porcji\/"]}]},{"@type":"ImageObject","inLanguage":"pl-PL","@id":"https:\/\/toidupakk.ee\/pl\/toode\/readywise-zestaw-zapasow-zywnosci-ryz-z-roznymi-rodzajami-miesa-80-porcji\/#primaryimage","url":"https:\/\/toidupakk.ee\/wp-content\/uploads\/2023\/11\/Readywise-riis-erineva-lihaga-80-portsjonit-1.png","contentUrl":"https:\/\/toidupakk.ee\/wp-content\/uploads\/2023\/11\/Readywise-riis-erineva-lihaga-80-portsjonit-1.png","width":800,"height":800,"caption":"Readywise meat bucket"},{"@type":"BreadcrumbList","@id":"https:\/\/toidupakk.ee\/pl\/toode\/readywise-zestaw-zapasow-zywnosci-ryz-z-roznymi-rodzajami-miesa-80-porcji\/#breadcrumb","itemListElement":[{"@type":"ListItem","position":1,"name":"Avaleht","item":"https:\/\/toidupakk.ee\/pl\/"},{"@type":"ListItem","position":2,"name":"Sklep internetowy","item":"https:\/\/toidupakk.ee\/pl\/sklep-internetowy\/"},{"@type":"ListItem","position":3,"name":"READYWISE\u00ae Zestaw zapas\u00f3w \u017cywno\u015bci &#8211; ry\u017c z r\u00f3\u017cnymi rodzajami mi\u0119sa &#8211; 80 porcji"}]},{"@type":"WebSite","@id":"https:\/\/toidupakk.ee\/pl\/#website","url":"https:\/\/toidupakk.ee\/pl\/","name":"Toidupakk.ee - Tactical Foodpack toidupakid","description":"Tactical Foodpack k\u00fclmkuivatatud toidupakid ja matkaeined","publisher":{"@id":"https:\/\/toidupakk.ee\/pl\/#organization"},"potentialAction":[{"@type":"SearchAction","target":{"@type":"EntryPoint","urlTemplate":"https:\/\/toidupakk.ee\/pl\/?s={search_term_string}"},"query-input":{"@type":"PropertyValueSpecification","valueRequired":true,"valueName":"search_term_string"}}],"inLanguage":"pl-PL"},{"@type":"Organization","@id":"https:\/\/toidupakk.ee\/pl\/#organization","name":"Tactical Foodpack matkaeined","url":"https:\/\/toidupakk.ee\/pl\/","logo":{"@type":"ImageObject","inLanguage":"pl-PL","@id":"https:\/\/toidupakk.ee\/pl\/#\/schema\/logo\/image\/","url":"https:\/\/toidupakk.ee\/wp-content\/uploads\/2022\/01\/Toidupakk-matkapood-logo-transparent.png","contentUrl":"https:\/\/toidupakk.ee\/wp-content\/uploads\/2022\/01\/Toidupakk-matkapood-logo-transparent.png","width":500,"height":500,"caption":"Tactical Foodpack matkaeined"},"image":{"@id":"https:\/\/toidupakk.ee\/pl\/#\/schema\/logo\/image\/"},"sameAs":["https:\/\/www.facebook.com\/Toidupakk","https:\/\/www.instagram.com\/toidupakk\/"]}]}},"jetpack_sharing_enabled":true,"_links":{"self":[{"href":"https:\/\/toidupakk.ee\/pl\/wp-json\/wp\/v2\/product\/50719","targetHints":{"allow":["GET"]}}],"collection":[{"href":"https:\/\/toidupakk.ee\/pl\/wp-json\/wp\/v2\/product"}],"about":[{"href":"https:\/\/toidupakk.ee\/pl\/wp-json\/wp\/v2\/types\/product"}],"replies":[{"embeddable":true,"href":"https:\/\/toidupakk.ee\/pl\/wp-json\/wp\/v2\/comments?post=50719"}],"wp:featuredmedia":[{"embeddable":true,"href":"https:\/\/toidupakk.ee\/pl\/wp-json\/wp\/v2\/media\/50720"}],"wp:attachment":[{"href":"https:\/\/toidupakk.ee\/pl\/wp-json\/wp\/v2\/media?parent=50719"}],"wp:term":[{"taxonomy":"product_brand","embeddable":true,"href":"https:\/\/toidupakk.ee\/pl\/wp-json\/wp\/v2\/product_brand?post=50719"},{"taxonomy":"product_cat","embeddable":true,"href":"https:\/\/toidupakk.ee\/pl\/wp-json\/wp\/v2\/product_cat?post=50719"},{"taxonomy":"product_tag","embeddable":true,"href":"https:\/\/toidupakk.ee\/pl\/wp-json\/wp\/v2\/product_tag?post=50719"}],"curies":[{"name":"wp","href":"https:\/\/api.w.org\/{rel}","templated":true}]}}