{"id":50708,"date":"2023-11-20T16:48:43","date_gmt":"2023-11-20T14:48:43","guid":{"rendered":"https:\/\/toidupakk.ee\/toode\/kapsulki-na-stawy-iconfit-90-kapsulek\/"},"modified":"2026-04-15T16:30:25","modified_gmt":"2026-04-15T13:30:25","slug":"kapsulki-na-stawy-iconfit-90-kapsulek","status":"publish","type":"product","link":"https:\/\/toidupakk.ee\/pl\/toode\/kapsulki-na-stawy-iconfit-90-kapsulek\/","title":{"rendered":"Kapsu\u0142ki na stawy ICONFIT (90 kapsu\u0142ek)"},"content":{"rendered":"<h1>ICONFIT KAPSU\u0141KI NA STAWY \u2013 Twoje wsparcie dla staw\u00f3w w codziennych wyzwaniach!<\/h1>\n<p class=\"my-1 text-base\"><strong>ICONFIT kapsu\u0142ki na stawy to suplement diety opracowany specjalnie w celu wspierania zdrowia staw\u00f3w, ko\u015bci, tkanki \u0142\u0105cznej i chrz\u0105stek. Produkt zawiera \u0142\u0105cznie dziewi\u0119\u0107 skutecznych sk\u0142adnik\u00f3w i jest skierowany do os\u00f3b, kt\u00f3re borykaj\u0105 si\u0119 z problemami ze stawami lub potrzebuj\u0105 dodatkowego wsparcia dla ich dobrej kondycji. Wszystkie sk\u0142adniki s\u0105 najwy\u017cszej jako\u015bci.  <\/strong><\/p>\n<p><img fetchpriority=\"high\" decoding=\"async\" class=\"alignright wp-image-15867 size-thumbnail\" src=\"https:\/\/toidupakk.ee\/wp-content\/uploads\/2023\/11\/4744130013412-ICONFIT-Liigeste-Kapslid-N90-transparent-500x500.png\" alt=\"\" width=\"500\" height=\"500\" srcset=\"https:\/\/toidupakk.ee\/wp-content\/uploads\/2023\/11\/4744130013412-ICONFIT-Liigeste-Kapslid-N90-transparent-500x500.png 500w, https:\/\/toidupakk.ee\/wp-content\/uploads\/2023\/11\/4744130013412-ICONFIT-Liigeste-Kapslid-N90-transparent-400x400.png 400w, https:\/\/toidupakk.ee\/wp-content\/uploads\/2023\/11\/4744130013412-ICONFIT-Liigeste-Kapslid-N90-transparent-100x100.png 100w, https:\/\/toidupakk.ee\/wp-content\/uploads\/2023\/11\/4744130013412-ICONFIT-Liigeste-Kapslid-N90-transparent-800x800.png 800w, https:\/\/toidupakk.ee\/wp-content\/uploads\/2023\/11\/4744130013412-ICONFIT-Liigeste-Kapslid-N90-transparent-300x300.png 300w, https:\/\/toidupakk.ee\/wp-content\/uploads\/2023\/11\/4744130013412-ICONFIT-Liigeste-Kapslid-N90-transparent-1024x1024.png 1024w, https:\/\/toidupakk.ee\/wp-content\/uploads\/2023\/11\/4744130013412-ICONFIT-Liigeste-Kapslid-N90-transparent-768x768.png 768w, https:\/\/toidupakk.ee\/wp-content\/uploads\/2023\/11\/4744130013412-ICONFIT-Liigeste-Kapslid-N90-transparent-1536x1536.png 1536w, https:\/\/toidupakk.ee\/wp-content\/uploads\/2023\/11\/4744130013412-ICONFIT-Liigeste-Kapslid-N90-transparent.png 1920w\" sizes=\"(max-width: 500px) 100vw, 500px\" \/><\/p>\n<p class=\"my-1 text-base\">Kapsu\u0142ki zawieraj\u0105 <strong>glukozamin\u0119<\/strong> i <strong>chondroityn\u0119<\/strong>, kt\u00f3re s\u0105 wa\u017cne dla tworzenia \u015bci\u0119gien, chrz\u0105stek i mazi stawowej. Produkt zawiera r\u00f3wnie\u017c ekstrakt z <strong>kadzid\u0142owca indyjskiego<\/strong> (Boswellia serrata), kt\u00f3ry wspiera zdrowie, elastyczno\u015b\u0107 i spr\u0119\u017cysto\u015b\u0107 staw\u00f3w. <strong>Cynk<\/strong> i <strong>mangan<\/strong> pomagaj\u0105 utrzyma\u0107 zdrowe ko\u015bci, a mangan sprzyja r\u00f3wnie\u017c prawid\u0142owemu tworzeniu tkanki \u0142\u0105cznej. <strong>Witamina C<\/strong> pomaga w prawid\u0142owej produkcji kolagenu w celu zapewnienia prawid\u0142owego funkcjonowania ko\u015bci i chrz\u0105stek. Dodatkowo <strong>kwas hialuronowy<\/strong> dzia\u0142a jako smar i amortyzator dla staw\u00f3w, a <strong>MSM<\/strong> to organiczny zwi\u0105zek siarki znany ze wspierania staw\u00f3w. <strong>Jedno opakowanie zawiera 90 kapsu\u0142ek.<\/strong>  <\/p>\n<p class=\"my-1 text-base\">Stawy, ko\u015bci, mi\u0119\u015bnie, \u015bci\u0119gna, wi\u0119zad\u0142a i tkanka \u0142\u0105czna tworz\u0105 nasz uk\u0142ad mi\u0119\u015bniowo-szkieletowy, kt\u00f3ry zapewnia wsparcie dla cia\u0142a i umo\u017cliwia nam poruszanie si\u0119. Wszystko, co si\u0119 rusza, zu\u017cywa si\u0119, a ko\u015bci i stawy nie s\u0105 wyj\u0105tkiem \u2013 zu\u017cycie mo\u017ce by\u0107 spowodowane starzeniem si\u0119, urazami i niekt\u00f3rymi chorobami. <\/p>\n<p class=\"my-1 text-base\"><strong>Glukozamina<\/strong> i <strong>chondroityna<\/strong> to wa\u017cne materia\u0142y budulcowe chrz\u0105stki i struktury wspieraj\u0105ce stawy.<\/p>\n<p class=\"my-1 text-base\"><strong>Kwas hialuronowy<\/strong> to naturalnie wyst\u0119puj\u0105ca w organizmie substancja, kt\u00f3ra znajduje si\u0119 w du\u017cych ilo\u015bciach w stawach; dzia\u0142a jako smar i amortyzator, b\u0119d\u0105c kluczowym dla zachowania zdrowia tkanki stawowej.<\/p>\n<p class=\"my-1 text-base\">Ekstrakt z <strong>Boswellia, czyli kadzid\u0142owca indyjskiego<\/strong>, znany jest ze swojego dzia\u0142ania przeciwb\u00f3lowego i przeciwzapalnego, a zawarto\u015b\u0107 kwasu bosweliowego w naszym produkcie wynosi 65%.<\/p>\n<p class=\"my-1 text-base\"><strong>Mangan<\/strong> i <strong>cynk<\/strong> pomagaj\u0105 utrzyma\u0107 zdrowe ko\u015bci, a mangan sprzyja r\u00f3wnie\u017c prawid\u0142owemu tworzeniu tkanki \u0142\u0105cznej.<\/p>\n<p class=\"my-1 text-base\"><strong>Witamina C<\/strong> pomaga w prawid\u0142owej produkcji kolagenu w celu zapewnienia prawid\u0142owego funkcjonowania ko\u015bci i chrz\u0105stek.<\/p>\n<p class=\"my-1 text-base\"> <strong>MSM<\/strong> to organiczny zwi\u0105zek siarki, kt\u00f3ry naturalnie wyst\u0119puje w ro\u015blinach, zwierz\u0119tach i ludzkim organizmie. R\u00f3\u017cni si\u0119 on znacz\u0105co od MMS. <\/p>\n<p><img decoding=\"async\" class=\"alignleft wp-image-15624 size-medium\" src=\"https:\/\/toidupakk.ee\/wp-content\/uploads\/2023\/11\/ICONFIT-kollageeni-pulber-liigestele-5-300x300.png\" alt=\"logo iconfit\" width=\"300\" height=\"300\" srcset=\"https:\/\/toidupakk.ee\/wp-content\/uploads\/2023\/11\/ICONFIT-kollageeni-pulber-liigestele-5-300x300.png 300w, https:\/\/toidupakk.ee\/wp-content\/uploads\/2023\/11\/ICONFIT-kollageeni-pulber-liigestele-5-400x400.png 400w, https:\/\/toidupakk.ee\/wp-content\/uploads\/2023\/11\/ICONFIT-kollageeni-pulber-liigestele-5-100x100.png 100w, https:\/\/toidupakk.ee\/wp-content\/uploads\/2023\/11\/ICONFIT-kollageeni-pulber-liigestele-5-500x500.png 500w, https:\/\/toidupakk.ee\/wp-content\/uploads\/2023\/11\/ICONFIT-kollageeni-pulber-liigestele-5-768x768.png 768w, https:\/\/toidupakk.ee\/wp-content\/uploads\/2023\/11\/ICONFIT-kollageeni-pulber-liigestele-5.png 800w\" sizes=\"(max-width: 300px) 100vw, 300px\" \/><\/p>\n<h2><\/h2>\n<h2>Jako\u015b\u0107 i troska ICONFIT<\/h2>\n<p>Produkty ICONFIT s\u0105 opracowywane w Estonii i bazuj\u0105 na najwy\u017cszych<\/p>\n<p>europejskich standardach jako\u015bci. Nasze produkty tworzymy we wsp\u00f3\u0142pracy ze specjalistami ds. \u017cywienia, sportowcami i technologami \u017cywno\u015bci. <\/p>\n<p>Produkty ICONFIT nie zawieraj\u0105 niepotrzebnych sztucznych stabilizator\u00f3w, barwnik\u00f3w ani konserwant\u00f3w. Nasi klienci wracaj\u0105 do nas wielokrotnie dzi\u0119ki naszej jako\u015bci, czysto\u015bci i \u015bwietnym smakom. <\/p>\n<p>&nbsp;<\/p>\n<p>&nbsp;<\/p>\n<p>Interesuje Ci\u0119 sprz\u0119t turystyczny? Sprawd\u017a szczeg\u00f3\u0142y <a href=\"https:\/\/toidupakk.ee\/pl\/tootekategooria\/sprzet-turystyczny\/#section-3-79\">TUTAJ<\/a><\/p>\n<p>Interesuj\u0105 Ci\u0119 posi\u0142ki turystyczne? Zobacz <a href=\"https:\/\/toidupakk.ee\/pl\/tootekategooria\/dania-glowne\/\">TUTAJ<\/a><\/p>\n<p>Znajd\u017a inspiracj\u0119 na kolejne przygody na <a href=\"https:\/\/www.instagram.com\/toidupakk\/\">Instagramie<\/a> i <a href=\"https:\/\/www.facebook.com\/Toidupakk\/\">Facebooku<\/a> Toidupakk.<\/p>\n","protected":false},"excerpt":{"rendered":"<p>ICONFIT Kapsu\u0142ki na stawy zosta\u0142y <strong>stworzone, aby wspiera\u0107 zdrowie staw\u00f3w, ko\u015bci, tkanki \u0142\u0105cznej i chrz\u0105stek<\/strong>. Produkt <strong>zawiera dziewi\u0119\u0107<\/strong> <strong>skutecznych sk\u0142adnik\u00f3w<\/strong> i jest przeznaczony dla os\u00f3b cierpi\u0105cych na problemy ze stawami lub potrzebuj\u0105cych wsparcia dla staw\u00f3w. Produkt  <\/p>\n<ul>\n<li>zawiera <strong>glukozamin\u0119<\/strong> i <strong>chondroityn\u0119<\/strong>, kt\u00f3re s\u0105 wa\u017cne dla tworzenia \u015bci\u0119gien, chrz\u0105stek i mazi stawowej.<\/li>\n<li><strong>Ekstrakt z kadzid\u0142owca indyjskiego<\/strong> pomaga zachowa\u0107 zdrowie, elastyczno\u015b\u0107 i spr\u0119\u017cysto\u015b\u0107 staw\u00f3w.<\/li>\n<li><strong>Cynk<\/strong> i <strong>mangan<\/strong> pomagaj\u0105 utrzyma\u0107 zdrowe ko\u015bci, a mangan sprzyja r\u00f3wnie\u017c prawid\u0142owemu tworzeniu tkanki \u0142\u0105cznej.<\/li>\n<li><strong>Witamina C<\/strong> pomaga w prawid\u0142owej produkcji kolagenu, co jest wa\u017cne dla w\u0142a\u015bciwego funkcjonowania ko\u015bci i chrz\u0105stek.<\/li>\n<li><strong>kwas hialuronowy <\/strong>dzia\u0142a jako smar i amortyzator dla staw\u00f3w<\/li>\n<li><strong>MSM<\/strong> to organiczny zwi\u0105zek siarki znany ze wspierania staw\u00f3w.<\/li>\n<li>W jednym opakowaniu znajduje si\u0119 <strong>90 kapsu\u0142ek<\/strong>.<\/li>\n<\/ul>\n<p>\u2705 Dost\u0119pne w magazynie, szybka dostawa w 1\u20133 dni robocze<\/p>\n","protected":false},"featured_media":15867,"comment_status":"open","ping_status":"closed","template":"","meta":{"_acf_changed":false},"product_brand":[],"product_cat":[303,379,301,361],"product_tag":[],"class_list":{"0":"post-50708","1":"product","2":"type-product","3":"status-publish","4":"has-post-thumbnail","6":"product_cat-akcesoria-turystyczne","7":"product_cat-kapsulki","8":"product_cat-sprzet-turystyczny","9":"product_cat-suplementy-diety","11":"first","12":"instock","13":"taxable","14":"shipping-taxable","15":"purchasable","16":"product-type-simple"},"bundled_by":[],"bundle_stock_status":"instock","bundle_stock_quantity":4,"bundle_virtual":false,"bundle_layout":"","bundle_add_to_cart_form_location":"","bundle_editable_in_cart":false,"bundle_sold_individually_context":"","bundle_item_grouping":"","bundle_min_size":"","bundle_max_size":"","bundle_price":[],"bundled_items":[],"bundle_sell_ids":[],"acf":[],"yoast_head":"<!-- This site is optimized with the Yoast SEO plugin v27.3 - https:\/\/yoast.com\/product\/yoast-seo-wordpress\/ -->\n<title>Kapsu\u0142ki na stawy ICONFIT (90 kapsu\u0142ek)<\/title>\n<meta name=\"description\" content=\"Kapsu\u0142ki na stawy to wysokiej jako\u015bci suplement diety, kt\u00f3rego celem jest wspieranie zdrowia staw\u00f3w, ko\u015bci i chrz\u0105stek oraz codzienna ochrona Twoich staw\u00f3w.\" \/>\n<meta name=\"robots\" content=\"index, follow, max-snippet:-1, max-image-preview:large, max-video-preview:-1\" \/>\n<link rel=\"canonical\" href=\"https:\/\/toidupakk.ee\/pl\/toode\/kapsulki-na-stawy-iconfit-90-kapsulek\/\" \/>\n<meta property=\"og:locale\" content=\"pl_PL\" \/>\n<meta property=\"og:type\" content=\"article\" \/>\n<meta property=\"og:title\" content=\"Kapsu\u0142ki na stawy ICONFIT (90 kapsu\u0142ek)\" \/>\n<meta property=\"og:description\" content=\"Kapsu\u0142ki na stawy to wysokiej jako\u015bci suplement diety, kt\u00f3rego celem jest wspieranie zdrowia staw\u00f3w, ko\u015bci i chrz\u0105stek oraz codzienna ochrona Twoich staw\u00f3w.\" \/>\n<meta property=\"og:url\" content=\"https:\/\/toidupakk.ee\/pl\/toode\/kapsulki-na-stawy-iconfit-90-kapsulek\/\" \/>\n<meta property=\"og:site_name\" content=\"Toidupakk.ee - Tactical Foodpack toidupakid\" \/>\n<meta property=\"article:publisher\" content=\"https:\/\/www.facebook.com\/Toidupakk\" \/>\n<meta property=\"article:modified_time\" content=\"2026-04-15T13:30:25+00:00\" \/>\n<meta property=\"og:image\" content=\"https:\/\/toidupakk.ee\/wp-content\/uploads\/2023\/11\/4744130013412-ICONFIT-Liigeste-Kapslid-N90-transparent.png\" \/>\n\t<meta property=\"og:image:width\" content=\"1920\" \/>\n\t<meta property=\"og:image:height\" content=\"1920\" \/>\n\t<meta property=\"og:image:type\" content=\"image\/png\" \/>\n<meta name=\"twitter:card\" content=\"summary_large_image\" \/>\n<meta name=\"twitter:label1\" content=\"Szacowany czas czytania\" \/>\n\t<meta name=\"twitter:data1\" content=\"2 minuty\" \/>\n<script type=\"application\/ld+json\" class=\"yoast-schema-graph\">{\"@context\":\"https:\\\/\\\/schema.org\",\"@graph\":[{\"@type\":\"WebPage\",\"@id\":\"https:\\\/\\\/toidupakk.ee\\\/pl\\\/toode\\\/kapsulki-na-stawy-iconfit-90-kapsulek\\\/\",\"url\":\"https:\\\/\\\/toidupakk.ee\\\/pl\\\/toode\\\/kapsulki-na-stawy-iconfit-90-kapsulek\\\/\",\"name\":\"Kapsu\u0142ki na stawy ICONFIT (90 kapsu\u0142ek)\",\"isPartOf\":{\"@id\":\"https:\\\/\\\/toidupakk.ee\\\/pl\\\/#website\"},\"primaryImageOfPage\":{\"@id\":\"https:\\\/\\\/toidupakk.ee\\\/pl\\\/toode\\\/kapsulki-na-stawy-iconfit-90-kapsulek\\\/#primaryimage\"},\"image\":{\"@id\":\"https:\\\/\\\/toidupakk.ee\\\/pl\\\/toode\\\/kapsulki-na-stawy-iconfit-90-kapsulek\\\/#primaryimage\"},\"thumbnailUrl\":\"https:\\\/\\\/toidupakk.ee\\\/wp-content\\\/uploads\\\/2023\\\/11\\\/4744130013412-ICONFIT-Liigeste-Kapslid-N90-transparent.png\",\"datePublished\":\"2023-11-20T14:48:43+00:00\",\"dateModified\":\"2026-04-15T13:30:25+00:00\",\"description\":\"Kapsu\u0142ki na stawy to wysokiej jako\u015bci suplement diety, kt\u00f3rego celem jest wspieranie zdrowia staw\u00f3w, ko\u015bci i chrz\u0105stek oraz codzienna ochrona Twoich staw\u00f3w.\",\"breadcrumb\":{\"@id\":\"https:\\\/\\\/toidupakk.ee\\\/pl\\\/toode\\\/kapsulki-na-stawy-iconfit-90-kapsulek\\\/#breadcrumb\"},\"inLanguage\":\"pl-PL\",\"potentialAction\":[{\"@type\":\"ReadAction\",\"target\":[\"https:\\\/\\\/toidupakk.ee\\\/pl\\\/toode\\\/kapsulki-na-stawy-iconfit-90-kapsulek\\\/\"]}]},{\"@type\":\"ImageObject\",\"inLanguage\":\"pl-PL\",\"@id\":\"https:\\\/\\\/toidupakk.ee\\\/pl\\\/toode\\\/kapsulki-na-stawy-iconfit-90-kapsulek\\\/#primaryimage\",\"url\":\"https:\\\/\\\/toidupakk.ee\\\/wp-content\\\/uploads\\\/2023\\\/11\\\/4744130013412-ICONFIT-Liigeste-Kapslid-N90-transparent.png\",\"contentUrl\":\"https:\\\/\\\/toidupakk.ee\\\/wp-content\\\/uploads\\\/2023\\\/11\\\/4744130013412-ICONFIT-Liigeste-Kapslid-N90-transparent.png\",\"width\":1920,\"height\":1920},{\"@type\":\"BreadcrumbList\",\"@id\":\"https:\\\/\\\/toidupakk.ee\\\/pl\\\/toode\\\/kapsulki-na-stawy-iconfit-90-kapsulek\\\/#breadcrumb\",\"itemListElement\":[{\"@type\":\"ListItem\",\"position\":1,\"name\":\"Avaleht\",\"item\":\"https:\\\/\\\/toidupakk.ee\\\/pl\\\/\"},{\"@type\":\"ListItem\",\"position\":2,\"name\":\"Sklep internetowy\",\"item\":\"https:\\\/\\\/toidupakk.ee\\\/pl\\\/sklep-internetowy\\\/\"},{\"@type\":\"ListItem\",\"position\":3,\"name\":\"Kapsu\u0142ki na stawy ICONFIT (90 kapsu\u0142ek)\"}]},{\"@type\":\"WebSite\",\"@id\":\"https:\\\/\\\/toidupakk.ee\\\/pl\\\/#website\",\"url\":\"https:\\\/\\\/toidupakk.ee\\\/pl\\\/\",\"name\":\"Toidupakk.ee - Tactical Foodpack toidupakid\",\"description\":\"Tactical Foodpack k\u00fclmkuivatatud toidupakid ja matkaeined\",\"publisher\":{\"@id\":\"https:\\\/\\\/toidupakk.ee\\\/pl\\\/#organization\"},\"potentialAction\":[{\"@type\":\"SearchAction\",\"target\":{\"@type\":\"EntryPoint\",\"urlTemplate\":\"https:\\\/\\\/toidupakk.ee\\\/pl\\\/?s={search_term_string}\"},\"query-input\":{\"@type\":\"PropertyValueSpecification\",\"valueRequired\":true,\"valueName\":\"search_term_string\"}}],\"inLanguage\":\"pl-PL\"},{\"@type\":\"Organization\",\"@id\":\"https:\\\/\\\/toidupakk.ee\\\/pl\\\/#organization\",\"name\":\"Tactical Foodpack matkaeined\",\"url\":\"https:\\\/\\\/toidupakk.ee\\\/pl\\\/\",\"logo\":{\"@type\":\"ImageObject\",\"inLanguage\":\"pl-PL\",\"@id\":\"https:\\\/\\\/toidupakk.ee\\\/pl\\\/#\\\/schema\\\/logo\\\/image\\\/\",\"url\":\"https:\\\/\\\/toidupakk.ee\\\/wp-content\\\/uploads\\\/2022\\\/01\\\/Toidupakk-matkapood-logo-transparent.png\",\"contentUrl\":\"https:\\\/\\\/toidupakk.ee\\\/wp-content\\\/uploads\\\/2022\\\/01\\\/Toidupakk-matkapood-logo-transparent.png\",\"width\":500,\"height\":500,\"caption\":\"Tactical Foodpack matkaeined\"},\"image\":{\"@id\":\"https:\\\/\\\/toidupakk.ee\\\/pl\\\/#\\\/schema\\\/logo\\\/image\\\/\"},\"sameAs\":[\"https:\\\/\\\/www.facebook.com\\\/Toidupakk\",\"https:\\\/\\\/www.instagram.com\\\/toidupakk\\\/\"]}]}<\/script>\n<!-- \/ Yoast SEO plugin. -->","yoast_head_json":{"title":"Kapsu\u0142ki na stawy ICONFIT (90 kapsu\u0142ek)","description":"Kapsu\u0142ki na stawy to wysokiej jako\u015bci suplement diety, kt\u00f3rego celem jest wspieranie zdrowia staw\u00f3w, ko\u015bci i chrz\u0105stek oraz codzienna ochrona Twoich staw\u00f3w.","robots":{"index":"index","follow":"follow","max-snippet":"max-snippet:-1","max-image-preview":"max-image-preview:large","max-video-preview":"max-video-preview:-1"},"canonical":"https:\/\/toidupakk.ee\/pl\/toode\/kapsulki-na-stawy-iconfit-90-kapsulek\/","og_locale":"pl_PL","og_type":"article","og_title":"Kapsu\u0142ki na stawy ICONFIT (90 kapsu\u0142ek)","og_description":"Kapsu\u0142ki na stawy to wysokiej jako\u015bci suplement diety, kt\u00f3rego celem jest wspieranie zdrowia staw\u00f3w, ko\u015bci i chrz\u0105stek oraz codzienna ochrona Twoich staw\u00f3w.","og_url":"https:\/\/toidupakk.ee\/pl\/toode\/kapsulki-na-stawy-iconfit-90-kapsulek\/","og_site_name":"Toidupakk.ee - Tactical Foodpack toidupakid","article_publisher":"https:\/\/www.facebook.com\/Toidupakk","article_modified_time":"2026-04-15T13:30:25+00:00","og_image":[{"width":1920,"height":1920,"url":"https:\/\/toidupakk.ee\/wp-content\/uploads\/2023\/11\/4744130013412-ICONFIT-Liigeste-Kapslid-N90-transparent.png","type":"image\/png"}],"twitter_card":"summary_large_image","twitter_misc":{"Szacowany czas czytania":"2 minuty"},"schema":{"@context":"https:\/\/schema.org","@graph":[{"@type":"WebPage","@id":"https:\/\/toidupakk.ee\/pl\/toode\/kapsulki-na-stawy-iconfit-90-kapsulek\/","url":"https:\/\/toidupakk.ee\/pl\/toode\/kapsulki-na-stawy-iconfit-90-kapsulek\/","name":"Kapsu\u0142ki na stawy ICONFIT (90 kapsu\u0142ek)","isPartOf":{"@id":"https:\/\/toidupakk.ee\/pl\/#website"},"primaryImageOfPage":{"@id":"https:\/\/toidupakk.ee\/pl\/toode\/kapsulki-na-stawy-iconfit-90-kapsulek\/#primaryimage"},"image":{"@id":"https:\/\/toidupakk.ee\/pl\/toode\/kapsulki-na-stawy-iconfit-90-kapsulek\/#primaryimage"},"thumbnailUrl":"https:\/\/toidupakk.ee\/wp-content\/uploads\/2023\/11\/4744130013412-ICONFIT-Liigeste-Kapslid-N90-transparent.png","datePublished":"2023-11-20T14:48:43+00:00","dateModified":"2026-04-15T13:30:25+00:00","description":"Kapsu\u0142ki na stawy to wysokiej jako\u015bci suplement diety, kt\u00f3rego celem jest wspieranie zdrowia staw\u00f3w, ko\u015bci i chrz\u0105stek oraz codzienna ochrona Twoich staw\u00f3w.","breadcrumb":{"@id":"https:\/\/toidupakk.ee\/pl\/toode\/kapsulki-na-stawy-iconfit-90-kapsulek\/#breadcrumb"},"inLanguage":"pl-PL","potentialAction":[{"@type":"ReadAction","target":["https:\/\/toidupakk.ee\/pl\/toode\/kapsulki-na-stawy-iconfit-90-kapsulek\/"]}]},{"@type":"ImageObject","inLanguage":"pl-PL","@id":"https:\/\/toidupakk.ee\/pl\/toode\/kapsulki-na-stawy-iconfit-90-kapsulek\/#primaryimage","url":"https:\/\/toidupakk.ee\/wp-content\/uploads\/2023\/11\/4744130013412-ICONFIT-Liigeste-Kapslid-N90-transparent.png","contentUrl":"https:\/\/toidupakk.ee\/wp-content\/uploads\/2023\/11\/4744130013412-ICONFIT-Liigeste-Kapslid-N90-transparent.png","width":1920,"height":1920},{"@type":"BreadcrumbList","@id":"https:\/\/toidupakk.ee\/pl\/toode\/kapsulki-na-stawy-iconfit-90-kapsulek\/#breadcrumb","itemListElement":[{"@type":"ListItem","position":1,"name":"Avaleht","item":"https:\/\/toidupakk.ee\/pl\/"},{"@type":"ListItem","position":2,"name":"Sklep internetowy","item":"https:\/\/toidupakk.ee\/pl\/sklep-internetowy\/"},{"@type":"ListItem","position":3,"name":"Kapsu\u0142ki na stawy ICONFIT (90 kapsu\u0142ek)"}]},{"@type":"WebSite","@id":"https:\/\/toidupakk.ee\/pl\/#website","url":"https:\/\/toidupakk.ee\/pl\/","name":"Toidupakk.ee - Tactical Foodpack toidupakid","description":"Tactical Foodpack k\u00fclmkuivatatud toidupakid ja matkaeined","publisher":{"@id":"https:\/\/toidupakk.ee\/pl\/#organization"},"potentialAction":[{"@type":"SearchAction","target":{"@type":"EntryPoint","urlTemplate":"https:\/\/toidupakk.ee\/pl\/?s={search_term_string}"},"query-input":{"@type":"PropertyValueSpecification","valueRequired":true,"valueName":"search_term_string"}}],"inLanguage":"pl-PL"},{"@type":"Organization","@id":"https:\/\/toidupakk.ee\/pl\/#organization","name":"Tactical Foodpack matkaeined","url":"https:\/\/toidupakk.ee\/pl\/","logo":{"@type":"ImageObject","inLanguage":"pl-PL","@id":"https:\/\/toidupakk.ee\/pl\/#\/schema\/logo\/image\/","url":"https:\/\/toidupakk.ee\/wp-content\/uploads\/2022\/01\/Toidupakk-matkapood-logo-transparent.png","contentUrl":"https:\/\/toidupakk.ee\/wp-content\/uploads\/2022\/01\/Toidupakk-matkapood-logo-transparent.png","width":500,"height":500,"caption":"Tactical Foodpack matkaeined"},"image":{"@id":"https:\/\/toidupakk.ee\/pl\/#\/schema\/logo\/image\/"},"sameAs":["https:\/\/www.facebook.com\/Toidupakk","https:\/\/www.instagram.com\/toidupakk\/"]}]}},"jetpack_sharing_enabled":true,"_links":{"self":[{"href":"https:\/\/toidupakk.ee\/pl\/wp-json\/wp\/v2\/product\/50708","targetHints":{"allow":["GET"]}}],"collection":[{"href":"https:\/\/toidupakk.ee\/pl\/wp-json\/wp\/v2\/product"}],"about":[{"href":"https:\/\/toidupakk.ee\/pl\/wp-json\/wp\/v2\/types\/product"}],"replies":[{"embeddable":true,"href":"https:\/\/toidupakk.ee\/pl\/wp-json\/wp\/v2\/comments?post=50708"}],"wp:featuredmedia":[{"embeddable":true,"href":"https:\/\/toidupakk.ee\/pl\/wp-json\/wp\/v2\/media\/15867"}],"wp:attachment":[{"href":"https:\/\/toidupakk.ee\/pl\/wp-json\/wp\/v2\/media?parent=50708"}],"wp:term":[{"taxonomy":"product_brand","embeddable":true,"href":"https:\/\/toidupakk.ee\/pl\/wp-json\/wp\/v2\/product_brand?post=50708"},{"taxonomy":"product_cat","embeddable":true,"href":"https:\/\/toidupakk.ee\/pl\/wp-json\/wp\/v2\/product_cat?post=50708"},{"taxonomy":"product_tag","embeddable":true,"href":"https:\/\/toidupakk.ee\/pl\/wp-json\/wp\/v2\/product_tag?post=50708"}],"curies":[{"name":"wp","href":"https:\/\/api.w.org\/{rel}","templated":true}]}}