{"id":50707,"date":"2023-10-24T15:37:09","date_gmt":"2023-10-24T12:37:09","guid":{"rendered":"https:\/\/toidupakk.ee\/toode\/rekawice-zimowe-3m-thinsulate\/"},"modified":"2026-04-15T00:31:40","modified_gmt":"2026-04-14T21:31:40","slug":"rekawice-zimowe-3m-thinsulate","status":"publish","type":"product","link":"https:\/\/toidupakk.ee\/pl\/toode\/rekawice-zimowe-3m-thinsulate\/","title":{"rendered":"R\u0119kawice zimowe 3M Thinsulate\u2122"},"content":{"rendered":"<p><img fetchpriority=\"high\" decoding=\"async\" class=\"wp-image-15141 size-thumbnail alignright\" src=\"https:\/\/toidupakk.ee\/wp-content\/uploads\/2023\/10\/5-500x500.png\" alt=\"\" width=\"500\" height=\"500\" srcset=\"https:\/\/toidupakk.ee\/wp-content\/uploads\/2023\/10\/5-500x500.png 500w, https:\/\/toidupakk.ee\/wp-content\/uploads\/2023\/10\/5-400x400.png 400w, https:\/\/toidupakk.ee\/wp-content\/uploads\/2023\/10\/5-100x100.png 100w, https:\/\/toidupakk.ee\/wp-content\/uploads\/2023\/10\/5-800x800.png 800w, https:\/\/toidupakk.ee\/wp-content\/uploads\/2023\/10\/5-300x300.png 300w, https:\/\/toidupakk.ee\/wp-content\/uploads\/2023\/10\/5-1024x1024.png 1024w, https:\/\/toidupakk.ee\/wp-content\/uploads\/2023\/10\/5-768x768.png 768w, https:\/\/toidupakk.ee\/wp-content\/uploads\/2023\/10\/5.png 1080w\" sizes=\"(max-width: 500px) 100vw, 500px\" \/><\/p>\n<p>R\u0119kawice zimowe 3M Thinsulate\u2122 wykonano z 65% poliestru i 35% bawe\u0142ny. Takie po\u0142\u0105czenie materia\u0142\u00f3w zapewnia trwa\u0142o\u015b\u0107 i wygod\u0119. <\/p>\n<p class=\"my-1 text-base\">R\u0119kawice posiadaj\u0105 podszewk\u0119 wykonan\u0105 w 100% z poliestru. Podszewka pomaga utrzyma\u0107 ciep\u0142o d\u0142oni i zapewnia dodatkow\u0105 izolacj\u0119. <\/p>\n<p class=\"my-1 text-base\">Pomi\u0119dzy warstwami znajduje si\u0119 syntetyczna ocieplina Thinsulate\u2122. Izolacja Thinsulate\u2122 zapewnia doskona\u0142e ciep\u0142o bez zwi\u0119kszania obj\u0119to\u015bci r\u0119kawic, pozwalaj\u0105c na optymalny ruch palc\u00f3w i elastyczno\u015b\u0107. <\/p>\n<p class=\"my-1 text-base\">R\u0119kawice maj\u0105 elastyczny, dzianinowy mankiet wykonany w 100% z poliakrylu.<\/p>\n<p class=\"my-1 text-base\">R\u0119kawice zimowe maj\u0105 wzmocnione wn\u0119trza d\u0142oni, co zapewnia dodatkow\u0105 pewno\u015b\u0107 i ochron\u0119, szczeg\u00f3lnie w miejscach najbardziej nara\u017conych na przetarcia.<\/p>\n<p class=\"my-1 text-base\">Dodatkowo posiadaj\u0105 regulowane zapi\u0119cie na rzep w nadgarstku. Pozwala to na dopasowanie rozmiaru i zapobiega zsuwaniu si\u0119 r\u0119kawic podczas u\u017cytkowania. <\/p>\n<p>Zobacz ca\u0142\u0105 ofert\u0119 r\u0119kawic <a href=\"https:\/\/toidupakk.ee\/pl\/tootekategooria\/rekawice\/\">TUTAJ<\/a> lub sprawd\u017a inne akcesoria turystyczne   <a href=\"https:\/\/toidupakk.ee\/pl\/tootekategooria\/sprzet-turystyczny\/#section-3-79\">TUTAJ<\/a><\/p>\n<p>Znajd\u017a inspiracj\u0119 na kolejne przygody na <a href=\"https:\/\/www.instagram.com\/toidupakk\/\">Instagramie<\/a> i <a href=\"https:\/\/www.facebook.com\/Toidupakk\/\">Facebooku<\/a> Toidupakk.<\/p>\n","protected":false},"excerpt":{"rendered":"<p>R\u0119kawice zimowe 3M Thinsulate\u2122 wykonano z poliestru i bawe\u0142ny, a ich poliestrowa podszewka posiada izolacj\u0119 Thinsulate\u2122. Maj\u0105 wzmocnione wn\u0119trze d\u0142oni i regulowane zapi\u0119cie na rzep w nadgarstku. Zapewniaj\u0105 trwa\u0142o\u015b\u0107, ciep\u0142o, wygod\u0119 i ochron\u0119 w mro\u017ane dni.  <\/p>\n<ul class=\"my-1 list-decimal pl-6\">\n<li class=\"my-1 text-base\">Materia\u0142 zewn\u0119trzny: 65% poliester, 35% bawe\u0142na.<\/li>\n<li class=\"my-1 text-base\">Podszewka: 100% poliester.<\/li>\n<li class=\"my-1 text-base\">Wewn\u0105trz podszewki znajduje si\u0119 izolacja Thinsulate\u2122.<\/li>\n<li class=\"my-1 text-base\">Dzianinowy mankiet: 100% poliakryl.<\/li>\n<li class=\"my-1 text-base\">Wzmocnione wn\u0119trze d\u0142oni.<\/li>\n<li class=\"my-1 text-base\">Regulowane zapi\u0119cie na rzep w nadgarstku.<\/li>\n<\/ul>\n<p>\u2705 Dost\u0119pne w magazynie, szybka dostawa w 1\u20133 dni robocze<br \/>\n\u2705 DARMOWY zwrot i wymiana, je\u015bli rozmiar nie pasuje<\/p>\n","protected":false},"featured_media":15133,"comment_status":"open","ping_status":"closed","template":"","meta":{"_acf_changed":false},"product_brand":[],"product_cat":[303,319,311,326,376,301],"product_tag":[],"class_list":{"0":"post-50707","1":"product","2":"type-product","3":"status-publish","4":"has-post-thumbnail","6":"product_cat-akcesoria-turystyczne","7":"product_cat-odziez","8":"product_cat-praktyczne-pomysly-na-prezent","9":"product_cat-produkty-zimowe","10":"product_cat-rekawice","11":"product_cat-sprzet-turystyczny","13":"first","14":"instock","15":"taxable","16":"shipping-taxable","17":"purchasable","18":"product-type-variable","19":"has-default-attributes"},"bundled_by":[],"bundle_stock_status":"instock","bundle_stock_quantity":null,"bundle_virtual":false,"bundle_layout":"","bundle_add_to_cart_form_location":"","bundle_editable_in_cart":false,"bundle_sold_individually_context":"","bundle_item_grouping":"","bundle_min_size":"","bundle_max_size":"","bundle_price":[],"bundled_items":[],"bundle_sell_ids":[],"acf":[],"yoast_head":"<!-- This site is optimized with the Yoast SEO plugin v27.3 - https:\/\/yoast.com\/product\/yoast-seo-wordpress\/ -->\n<title>R\u0119kawice zimowe 3M Thinsulate\u2122<\/title>\n<meta name=\"description\" content=\"R\u0119kawice zimowe 3M Thinsulate\u2122 zaprojektowano tak, aby zapewnia\u0142y d\u0142oniom wygod\u0119, ciep\u0142o i doskona\u0142\u0105 ochron\u0119 w mro\u017anych warunkach pogodowych.\" \/>\n<meta name=\"robots\" content=\"index, follow, max-snippet:-1, max-image-preview:large, max-video-preview:-1\" \/>\n<link rel=\"canonical\" href=\"https:\/\/toidupakk.ee\/pl\/toode\/rekawice-zimowe-3m-thinsulate\/\" \/>\n<meta property=\"og:locale\" content=\"pl_PL\" \/>\n<meta property=\"og:type\" content=\"article\" \/>\n<meta property=\"og:title\" content=\"R\u0119kawice zimowe 3M Thinsulate\u2122\" \/>\n<meta property=\"og:description\" content=\"R\u0119kawice zimowe 3M Thinsulate\u2122 zaprojektowano tak, aby zapewnia\u0142y d\u0142oniom wygod\u0119, ciep\u0142o i doskona\u0142\u0105 ochron\u0119 w mro\u017anych warunkach pogodowych.\" \/>\n<meta property=\"og:url\" content=\"https:\/\/toidupakk.ee\/pl\/toode\/rekawice-zimowe-3m-thinsulate\/\" \/>\n<meta property=\"og:site_name\" content=\"Toidupakk.ee - Tactical Foodpack toidupakid\" \/>\n<meta property=\"article:publisher\" content=\"https:\/\/www.facebook.com\/Toidupakk\" \/>\n<meta property=\"article:modified_time\" content=\"2026-04-14T21:31:40+00:00\" \/>\n<meta property=\"og:image\" content=\"https:\/\/toidupakk.ee\/wp-content\/uploads\/2023\/10\/Talvekindad-3M-Thinsulate\u2122.png\" \/>\n\t<meta property=\"og:image:width\" content=\"800\" \/>\n\t<meta property=\"og:image:height\" content=\"800\" \/>\n\t<meta property=\"og:image:type\" content=\"image\/png\" \/>\n<meta name=\"twitter:card\" content=\"summary_large_image\" \/>\n<meta name=\"twitter:label1\" content=\"Szacowany czas czytania\" \/>\n\t<meta name=\"twitter:data1\" content=\"1 minuta\" \/>\n<script type=\"application\/ld+json\" class=\"yoast-schema-graph\">{\"@context\":\"https:\\\/\\\/schema.org\",\"@graph\":[{\"@type\":\"WebPage\",\"@id\":\"https:\\\/\\\/toidupakk.ee\\\/pl\\\/toode\\\/rekawice-zimowe-3m-thinsulate\\\/\",\"url\":\"https:\\\/\\\/toidupakk.ee\\\/pl\\\/toode\\\/rekawice-zimowe-3m-thinsulate\\\/\",\"name\":\"R\u0119kawice zimowe 3M Thinsulate\u2122\",\"isPartOf\":{\"@id\":\"https:\\\/\\\/toidupakk.ee\\\/pl\\\/#website\"},\"primaryImageOfPage\":{\"@id\":\"https:\\\/\\\/toidupakk.ee\\\/pl\\\/toode\\\/rekawice-zimowe-3m-thinsulate\\\/#primaryimage\"},\"image\":{\"@id\":\"https:\\\/\\\/toidupakk.ee\\\/pl\\\/toode\\\/rekawice-zimowe-3m-thinsulate\\\/#primaryimage\"},\"thumbnailUrl\":\"https:\\\/\\\/toidupakk.ee\\\/wp-content\\\/uploads\\\/2023\\\/10\\\/Talvekindad-3M-Thinsulate\u2122.png\",\"datePublished\":\"2023-10-24T12:37:09+00:00\",\"dateModified\":\"2026-04-14T21:31:40+00:00\",\"description\":\"R\u0119kawice zimowe 3M Thinsulate\u2122 zaprojektowano tak, aby zapewnia\u0142y d\u0142oniom wygod\u0119, ciep\u0142o i doskona\u0142\u0105 ochron\u0119 w mro\u017anych warunkach pogodowych.\",\"breadcrumb\":{\"@id\":\"https:\\\/\\\/toidupakk.ee\\\/pl\\\/toode\\\/rekawice-zimowe-3m-thinsulate\\\/#breadcrumb\"},\"inLanguage\":\"pl-PL\",\"potentialAction\":[{\"@type\":\"ReadAction\",\"target\":[\"https:\\\/\\\/toidupakk.ee\\\/pl\\\/toode\\\/rekawice-zimowe-3m-thinsulate\\\/\"]}]},{\"@type\":\"ImageObject\",\"inLanguage\":\"pl-PL\",\"@id\":\"https:\\\/\\\/toidupakk.ee\\\/pl\\\/toode\\\/rekawice-zimowe-3m-thinsulate\\\/#primaryimage\",\"url\":\"https:\\\/\\\/toidupakk.ee\\\/wp-content\\\/uploads\\\/2023\\\/10\\\/Talvekindad-3M-Thinsulate\u2122.png\",\"contentUrl\":\"https:\\\/\\\/toidupakk.ee\\\/wp-content\\\/uploads\\\/2023\\\/10\\\/Talvekindad-3M-Thinsulate\u2122.png\",\"width\":800,\"height\":800,\"caption\":\"3M soojad kindad talveks\"},{\"@type\":\"BreadcrumbList\",\"@id\":\"https:\\\/\\\/toidupakk.ee\\\/pl\\\/toode\\\/rekawice-zimowe-3m-thinsulate\\\/#breadcrumb\",\"itemListElement\":[{\"@type\":\"ListItem\",\"position\":1,\"name\":\"Avaleht\",\"item\":\"https:\\\/\\\/toidupakk.ee\\\/pl\\\/\"},{\"@type\":\"ListItem\",\"position\":2,\"name\":\"Sklep internetowy\",\"item\":\"https:\\\/\\\/toidupakk.ee\\\/pl\\\/sklep-internetowy\\\/\"},{\"@type\":\"ListItem\",\"position\":3,\"name\":\"R\u0119kawice zimowe 3M Thinsulate\u2122\"}]},{\"@type\":\"WebSite\",\"@id\":\"https:\\\/\\\/toidupakk.ee\\\/pl\\\/#website\",\"url\":\"https:\\\/\\\/toidupakk.ee\\\/pl\\\/\",\"name\":\"Toidupakk.ee - Tactical Foodpack toidupakid\",\"description\":\"Tactical Foodpack k\u00fclmkuivatatud toidupakid ja matkaeined\",\"publisher\":{\"@id\":\"https:\\\/\\\/toidupakk.ee\\\/pl\\\/#organization\"},\"potentialAction\":[{\"@type\":\"SearchAction\",\"target\":{\"@type\":\"EntryPoint\",\"urlTemplate\":\"https:\\\/\\\/toidupakk.ee\\\/pl\\\/?s={search_term_string}\"},\"query-input\":{\"@type\":\"PropertyValueSpecification\",\"valueRequired\":true,\"valueName\":\"search_term_string\"}}],\"inLanguage\":\"pl-PL\"},{\"@type\":\"Organization\",\"@id\":\"https:\\\/\\\/toidupakk.ee\\\/pl\\\/#organization\",\"name\":\"Tactical Foodpack matkaeined\",\"url\":\"https:\\\/\\\/toidupakk.ee\\\/pl\\\/\",\"logo\":{\"@type\":\"ImageObject\",\"inLanguage\":\"pl-PL\",\"@id\":\"https:\\\/\\\/toidupakk.ee\\\/pl\\\/#\\\/schema\\\/logo\\\/image\\\/\",\"url\":\"https:\\\/\\\/toidupakk.ee\\\/wp-content\\\/uploads\\\/2022\\\/01\\\/Toidupakk-matkapood-logo-transparent.png\",\"contentUrl\":\"https:\\\/\\\/toidupakk.ee\\\/wp-content\\\/uploads\\\/2022\\\/01\\\/Toidupakk-matkapood-logo-transparent.png\",\"width\":500,\"height\":500,\"caption\":\"Tactical Foodpack matkaeined\"},\"image\":{\"@id\":\"https:\\\/\\\/toidupakk.ee\\\/pl\\\/#\\\/schema\\\/logo\\\/image\\\/\"},\"sameAs\":[\"https:\\\/\\\/www.facebook.com\\\/Toidupakk\",\"https:\\\/\\\/www.instagram.com\\\/toidupakk\\\/\"]}]}<\/script>\n<!-- \/ Yoast SEO plugin. -->","yoast_head_json":{"title":"R\u0119kawice zimowe 3M Thinsulate\u2122","description":"R\u0119kawice zimowe 3M Thinsulate\u2122 zaprojektowano tak, aby zapewnia\u0142y d\u0142oniom wygod\u0119, ciep\u0142o i doskona\u0142\u0105 ochron\u0119 w mro\u017anych warunkach pogodowych.","robots":{"index":"index","follow":"follow","max-snippet":"max-snippet:-1","max-image-preview":"max-image-preview:large","max-video-preview":"max-video-preview:-1"},"canonical":"https:\/\/toidupakk.ee\/pl\/toode\/rekawice-zimowe-3m-thinsulate\/","og_locale":"pl_PL","og_type":"article","og_title":"R\u0119kawice zimowe 3M Thinsulate\u2122","og_description":"R\u0119kawice zimowe 3M Thinsulate\u2122 zaprojektowano tak, aby zapewnia\u0142y d\u0142oniom wygod\u0119, ciep\u0142o i doskona\u0142\u0105 ochron\u0119 w mro\u017anych warunkach pogodowych.","og_url":"https:\/\/toidupakk.ee\/pl\/toode\/rekawice-zimowe-3m-thinsulate\/","og_site_name":"Toidupakk.ee - Tactical Foodpack toidupakid","article_publisher":"https:\/\/www.facebook.com\/Toidupakk","article_modified_time":"2026-04-14T21:31:40+00:00","og_image":[{"width":800,"height":800,"url":"https:\/\/toidupakk.ee\/wp-content\/uploads\/2023\/10\/Talvekindad-3M-Thinsulate\u2122.png","type":"image\/png"}],"twitter_card":"summary_large_image","twitter_misc":{"Szacowany czas czytania":"1 minuta"},"schema":{"@context":"https:\/\/schema.org","@graph":[{"@type":"WebPage","@id":"https:\/\/toidupakk.ee\/pl\/toode\/rekawice-zimowe-3m-thinsulate\/","url":"https:\/\/toidupakk.ee\/pl\/toode\/rekawice-zimowe-3m-thinsulate\/","name":"R\u0119kawice zimowe 3M Thinsulate\u2122","isPartOf":{"@id":"https:\/\/toidupakk.ee\/pl\/#website"},"primaryImageOfPage":{"@id":"https:\/\/toidupakk.ee\/pl\/toode\/rekawice-zimowe-3m-thinsulate\/#primaryimage"},"image":{"@id":"https:\/\/toidupakk.ee\/pl\/toode\/rekawice-zimowe-3m-thinsulate\/#primaryimage"},"thumbnailUrl":"https:\/\/toidupakk.ee\/wp-content\/uploads\/2023\/10\/Talvekindad-3M-Thinsulate\u2122.png","datePublished":"2023-10-24T12:37:09+00:00","dateModified":"2026-04-14T21:31:40+00:00","description":"R\u0119kawice zimowe 3M Thinsulate\u2122 zaprojektowano tak, aby zapewnia\u0142y d\u0142oniom wygod\u0119, ciep\u0142o i doskona\u0142\u0105 ochron\u0119 w mro\u017anych warunkach pogodowych.","breadcrumb":{"@id":"https:\/\/toidupakk.ee\/pl\/toode\/rekawice-zimowe-3m-thinsulate\/#breadcrumb"},"inLanguage":"pl-PL","potentialAction":[{"@type":"ReadAction","target":["https:\/\/toidupakk.ee\/pl\/toode\/rekawice-zimowe-3m-thinsulate\/"]}]},{"@type":"ImageObject","inLanguage":"pl-PL","@id":"https:\/\/toidupakk.ee\/pl\/toode\/rekawice-zimowe-3m-thinsulate\/#primaryimage","url":"https:\/\/toidupakk.ee\/wp-content\/uploads\/2023\/10\/Talvekindad-3M-Thinsulate\u2122.png","contentUrl":"https:\/\/toidupakk.ee\/wp-content\/uploads\/2023\/10\/Talvekindad-3M-Thinsulate\u2122.png","width":800,"height":800,"caption":"3M soojad kindad talveks"},{"@type":"BreadcrumbList","@id":"https:\/\/toidupakk.ee\/pl\/toode\/rekawice-zimowe-3m-thinsulate\/#breadcrumb","itemListElement":[{"@type":"ListItem","position":1,"name":"Avaleht","item":"https:\/\/toidupakk.ee\/pl\/"},{"@type":"ListItem","position":2,"name":"Sklep internetowy","item":"https:\/\/toidupakk.ee\/pl\/sklep-internetowy\/"},{"@type":"ListItem","position":3,"name":"R\u0119kawice zimowe 3M Thinsulate\u2122"}]},{"@type":"WebSite","@id":"https:\/\/toidupakk.ee\/pl\/#website","url":"https:\/\/toidupakk.ee\/pl\/","name":"Toidupakk.ee - Tactical Foodpack toidupakid","description":"Tactical Foodpack k\u00fclmkuivatatud toidupakid ja matkaeined","publisher":{"@id":"https:\/\/toidupakk.ee\/pl\/#organization"},"potentialAction":[{"@type":"SearchAction","target":{"@type":"EntryPoint","urlTemplate":"https:\/\/toidupakk.ee\/pl\/?s={search_term_string}"},"query-input":{"@type":"PropertyValueSpecification","valueRequired":true,"valueName":"search_term_string"}}],"inLanguage":"pl-PL"},{"@type":"Organization","@id":"https:\/\/toidupakk.ee\/pl\/#organization","name":"Tactical Foodpack matkaeined","url":"https:\/\/toidupakk.ee\/pl\/","logo":{"@type":"ImageObject","inLanguage":"pl-PL","@id":"https:\/\/toidupakk.ee\/pl\/#\/schema\/logo\/image\/","url":"https:\/\/toidupakk.ee\/wp-content\/uploads\/2022\/01\/Toidupakk-matkapood-logo-transparent.png","contentUrl":"https:\/\/toidupakk.ee\/wp-content\/uploads\/2022\/01\/Toidupakk-matkapood-logo-transparent.png","width":500,"height":500,"caption":"Tactical Foodpack matkaeined"},"image":{"@id":"https:\/\/toidupakk.ee\/pl\/#\/schema\/logo\/image\/"},"sameAs":["https:\/\/www.facebook.com\/Toidupakk","https:\/\/www.instagram.com\/toidupakk\/"]}]}},"jetpack_sharing_enabled":true,"_links":{"self":[{"href":"https:\/\/toidupakk.ee\/pl\/wp-json\/wp\/v2\/product\/50707","targetHints":{"allow":["GET"]}}],"collection":[{"href":"https:\/\/toidupakk.ee\/pl\/wp-json\/wp\/v2\/product"}],"about":[{"href":"https:\/\/toidupakk.ee\/pl\/wp-json\/wp\/v2\/types\/product"}],"replies":[{"embeddable":true,"href":"https:\/\/toidupakk.ee\/pl\/wp-json\/wp\/v2\/comments?post=50707"}],"wp:featuredmedia":[{"embeddable":true,"href":"https:\/\/toidupakk.ee\/pl\/wp-json\/wp\/v2\/media\/15133"}],"wp:attachment":[{"href":"https:\/\/toidupakk.ee\/pl\/wp-json\/wp\/v2\/media?parent=50707"}],"wp:term":[{"taxonomy":"product_brand","embeddable":true,"href":"https:\/\/toidupakk.ee\/pl\/wp-json\/wp\/v2\/product_brand?post=50707"},{"taxonomy":"product_cat","embeddable":true,"href":"https:\/\/toidupakk.ee\/pl\/wp-json\/wp\/v2\/product_cat?post=50707"},{"taxonomy":"product_tag","embeddable":true,"href":"https:\/\/toidupakk.ee\/pl\/wp-json\/wp\/v2\/product_tag?post=50707"}],"curies":[{"name":"wp","href":"https:\/\/api.w.org\/{rel}","templated":true}]}}