{"id":50691,"date":"2023-10-18T16:47:47","date_gmt":"2023-10-18T13:47:47","guid":{"rendered":"https:\/\/toidupakk.ee\/toode\/kurtka-wiatrowka-anorak-combat\/"},"modified":"2026-04-29T15:31:58","modified_gmt":"2026-04-29T12:31:58","slug":"kurtka-wiatrowka-anorak-combat","status":"publish","type":"product","link":"https:\/\/toidupakk.ee\/pl\/toode\/kurtka-wiatrowka-anorak-combat\/","title":{"rendered":"Kurtka wiatr\u00f3wka Anorak Combat"},"content":{"rendered":"<p><img fetchpriority=\"high\" decoding=\"async\" class=\"alignright wp-image-14251 size-thumbnail\" src=\"https:\/\/toidupakk.ee\/wp-content\/uploads\/2023\/09\/Tuulejope-Anorak-Combat1-500x500.png\" alt=\"Kurtka wiatr\u00f3wka Anorak Combat 2\" width=\"500\" height=\"500\" srcset=\"https:\/\/toidupakk.ee\/wp-content\/uploads\/2023\/09\/Tuulejope-Anorak-Combat1-500x500.png 500w, https:\/\/toidupakk.ee\/wp-content\/uploads\/2023\/09\/Tuulejope-Anorak-Combat1-400x400.png 400w, https:\/\/toidupakk.ee\/wp-content\/uploads\/2023\/09\/Tuulejope-Anorak-Combat1-100x100.png 100w, https:\/\/toidupakk.ee\/wp-content\/uploads\/2023\/09\/Tuulejope-Anorak-Combat1-300x300.png 300w, https:\/\/toidupakk.ee\/wp-content\/uploads\/2023\/09\/Tuulejope-Anorak-Combat1-768x768.png 768w, https:\/\/toidupakk.ee\/wp-content\/uploads\/2023\/09\/Tuulejope-Anorak-Combat1.png 800w\" sizes=\"(max-width: 500px) 100vw, 500px\" \/>Anorak Combat to lekka wiatr\u00f3wka marki MIL-TEC, zaprojektowana z my\u015bl\u0105 o wietrznej pogodzie. Zosta\u0142a wyprodukowana przez niemieck\u0105 firm\u0119 Sturm, specjalizuj\u0105c\u0105 si\u0119 w sprz\u0119cie i odzie\u017cy wojskowej. <\/p>\n<p>Anorak Combat jest wykonany z wytrzyma\u0142ego materia\u0142u, kt\u00f3ry zapewnia ochron\u0119 w \u0142agodnych warunkach pogodowych. Oferuje r\u00f3wnie\u017c umiarkowan\u0105 wodoodporno\u015b\u0107, chroni\u0105c przed lekkim deszczem. Anorak posiada regulowany kaptur dla pe\u0142nej ochrony i komfortu.  <\/p>\n<p>Kurtka posiada du\u017c\u0105 kiesze\u0144 typu kangur, kt\u00f3ra zapewnia mn\u00f3stwo miejsca na przechowywanie. Dodatkowo anorak wyposa\u017cono w inne funkcjonalne kieszenie, takie jak kiesze\u0144 na r\u0119kawie na mniejsze przedmioty. <\/p>\n<p>Anorak Combat to wygodna i wszechstronna kurtka, kt\u00f3ra \u015bwietnie sprawdza si\u0119 podczas r\u00f3\u017cnych aktywno\u015bci na \u015bwie\u017cym powietrzu, w tym w\u0119dr\u00f3wek, w\u0119dkowania i innych przyg\u00f3d. Jej stylowy wygl\u0105d sprawia, \u017ce nadaje si\u0119 r\u00f3wnie\u017c do noszenia na co dzie\u0144. <\/p>\n<p><img decoding=\"async\" class=\"alignnone wp-image-12847 size-medium\" src=\"https:\/\/toidupakk.ee\/wp-content\/uploads\/2023\/08\/MIL-TEC-logo-300x300.png\" alt=\"Logo MIL-TEC\" width=\"300\" height=\"300\" srcset=\"https:\/\/toidupakk.ee\/wp-content\/uploads\/2023\/08\/MIL-TEC-logo-300x300.png 300w, https:\/\/toidupakk.ee\/wp-content\/uploads\/2023\/08\/MIL-TEC-logo-400x400.png 400w, https:\/\/toidupakk.ee\/wp-content\/uploads\/2023\/08\/MIL-TEC-logo-100x100.png 100w, https:\/\/toidupakk.ee\/wp-content\/uploads\/2023\/08\/MIL-TEC-logo-800x800.png 800w, https:\/\/toidupakk.ee\/wp-content\/uploads\/2023\/08\/MIL-TEC-logo-1024x1024.png 1024w, https:\/\/toidupakk.ee\/wp-content\/uploads\/2023\/08\/MIL-TEC-logo-500x500.png 500w, https:\/\/toidupakk.ee\/wp-content\/uploads\/2023\/08\/MIL-TEC-logo-768x768.png 768w, https:\/\/toidupakk.ee\/wp-content\/uploads\/2023\/08\/MIL-TEC-logo.png 1080w\" sizes=\"(max-width: 300px) 100vw, 300px\" \/><\/p>\n<p>Sprawd\u017a inne akcesoria turystyczne <a href=\"https:\/\/toidupakk.ee\/pl\/tootekategooria\/sprzet-turystyczny\/#section-3-79\">TUTAJ<\/a><\/p>\n<p>Interesuj\u0105 Ci\u0119 posi\u0142ki turystyczne? Zobacz <a href=\"\/?product_cat=snakk#section-3-79\">TUTAJ<\/a><\/p>\n<p>Znajd\u017a inspiracj\u0119 na kolejne przygody na <a href=\"https:\/\/www.instagram.com\/toidupakk\/\">Instagramie<\/a> i <a href=\"https:\/\/www.facebook.com\/Toidupakk\/\">Facebooku<\/a> Toidupakk.<\/p>\n","protected":false},"excerpt":{"rendered":"<p><strong>Wiatr\u00f3wki typu anorak zapewniaj\u0105 ochron\u0119 przed wiatrem i ch\u0142odem. To idealna kurtka do wi\u0119kszo\u015bci aktywno\u015bci outdoorowych, a dzi\u0119ki niskiej wadze zawsze mo\u017cesz j\u0105 mie\u0107 w plecaku. <\/strong><\/p>\n<ul>\n<li>Warstwa zewn\u0119trzna wykonana z poliestru z mikrofibry<\/li>\n<li>Podszewka 100% poliester<\/li>\n<li>Du\u017ca kiesze\u0144 przednia z ukrytym zamkiem<\/li>\n<li>2 kieszenie boczne z ukrytymi zamkami<\/li>\n<li>Regulowany kaptur i dolny obw\u00f3d<\/li>\n<li>R\u0119kawy z elastycznym \u015bci\u0105gaczem<\/li>\n<li>Kiesze\u0144 na ramieniu z rzepem (mo\u017cliwo\u015b\u0107 przypi\u0119cia emblematu)<\/li>\n<li>Marka: MIL-TEC\u00ae<\/li>\n<\/ul>\n<p>\u2705 Dost\u0119pne w magazynie, szybka dostawa w 1\u20133 dni robocze<br \/>\n\u2705 BEZP\u0141ATNY zwrot i wymiana, je\u015bli rozmiar nie pasuje<br \/>\n\u2705 Kup teraz, zap\u0142a\u0107 p\u00f3\u017aniej (RRSO 0%)<\/p>\n","protected":false},"featured_media":14949,"comment_status":"open","ping_status":"closed","template":"","meta":{"_acf_changed":false},"product_brand":[],"product_cat":[303,318,317,319,301,304],"product_tag":[],"class_list":{"0":"post-50691","1":"product","2":"type-product","3":"status-publish","4":"has-post-thumbnail","6":"product_cat-akcesoria-turystyczne","7":"product_cat-kurtki","8":"product_cat-mil-tec","9":"product_cat-odziez","10":"product_cat-sprzet-turystyczny","11":"product_cat-wyposazenie-militarne","13":"first","14":"instock","15":"taxable","16":"shipping-taxable","17":"purchasable","18":"product-type-variable","19":"has-default-attributes"},"bundled_by":[],"bundle_stock_status":"instock","bundle_stock_quantity":null,"bundle_virtual":false,"bundle_layout":"","bundle_add_to_cart_form_location":"","bundle_editable_in_cart":false,"bundle_sold_individually_context":"","bundle_item_grouping":"","bundle_min_size":"","bundle_max_size":"","bundle_price":[],"bundled_items":[],"bundle_sell_ids":[],"acf":[],"yoast_head":"<!-- This site is optimized with the Yoast SEO plugin v27.3 - https:\/\/yoast.com\/product\/yoast-seo-wordpress\/ -->\n<title>Kurtka wiatr\u00f3wka Anorak Combat<\/title>\n<meta name=\"description\" content=\"Anorak Combat to stylowa, funkcjonalna i wytrzyma\u0142a wiatr\u00f3wka wykonana z oddychaj\u0105cych materia\u0142\u00f3w, kt\u00f3ra zapewnia ochron\u0119 przed wiatrem i deszczem.\" \/>\n<meta name=\"robots\" content=\"index, follow, max-snippet:-1, max-image-preview:large, max-video-preview:-1\" \/>\n<link rel=\"canonical\" href=\"https:\/\/toidupakk.ee\/pl\/toode\/kurtka-wiatrowka-anorak-combat\/\" \/>\n<meta property=\"og:locale\" content=\"pl_PL\" \/>\n<meta property=\"og:type\" content=\"article\" \/>\n<meta property=\"og:title\" content=\"Kurtka wiatr\u00f3wka Anorak Combat\" \/>\n<meta property=\"og:description\" content=\"Anorak Combat to stylowa, funkcjonalna i wytrzyma\u0142a wiatr\u00f3wka wykonana z oddychaj\u0105cych materia\u0142\u00f3w, kt\u00f3ra zapewnia ochron\u0119 przed wiatrem i deszczem.\" \/>\n<meta property=\"og:url\" content=\"https:\/\/toidupakk.ee\/pl\/toode\/kurtka-wiatrowka-anorak-combat\/\" \/>\n<meta property=\"og:site_name\" content=\"Toidupakk.ee - Tactical Foodpack toidupakid\" \/>\n<meta property=\"article:publisher\" content=\"https:\/\/www.facebook.com\/Toidupakk\" \/>\n<meta property=\"article:modified_time\" content=\"2026-04-29T12:31:58+00:00\" \/>\n<meta property=\"og:image\" content=\"https:\/\/toidupakk.ee\/wp-content\/uploads\/2023\/09\/Tuulejope-Anorak-roheline-1.png\" \/>\n\t<meta property=\"og:image:width\" content=\"800\" \/>\n\t<meta property=\"og:image:height\" content=\"800\" \/>\n\t<meta property=\"og:image:type\" content=\"image\/png\" \/>\n<meta name=\"twitter:card\" content=\"summary_large_image\" \/>\n<meta name=\"twitter:label1\" content=\"Szacowany czas czytania\" \/>\n\t<meta name=\"twitter:data1\" content=\"1 minuta\" \/>\n<script type=\"application\/ld+json\" class=\"yoast-schema-graph\">{\"@context\":\"https:\\\/\\\/schema.org\",\"@graph\":[{\"@type\":\"WebPage\",\"@id\":\"https:\\\/\\\/toidupakk.ee\\\/pl\\\/toode\\\/kurtka-wiatrowka-anorak-combat\\\/\",\"url\":\"https:\\\/\\\/toidupakk.ee\\\/pl\\\/toode\\\/kurtka-wiatrowka-anorak-combat\\\/\",\"name\":\"Kurtka wiatr\u00f3wka Anorak Combat\",\"isPartOf\":{\"@id\":\"https:\\\/\\\/toidupakk.ee\\\/pl\\\/#website\"},\"primaryImageOfPage\":{\"@id\":\"https:\\\/\\\/toidupakk.ee\\\/pl\\\/toode\\\/kurtka-wiatrowka-anorak-combat\\\/#primaryimage\"},\"image\":{\"@id\":\"https:\\\/\\\/toidupakk.ee\\\/pl\\\/toode\\\/kurtka-wiatrowka-anorak-combat\\\/#primaryimage\"},\"thumbnailUrl\":\"https:\\\/\\\/toidupakk.ee\\\/wp-content\\\/uploads\\\/2023\\\/09\\\/Tuulejope-Anorak-roheline-1.png\",\"datePublished\":\"2023-10-18T13:47:47+00:00\",\"dateModified\":\"2026-04-29T12:31:58+00:00\",\"description\":\"Anorak Combat to stylowa, funkcjonalna i wytrzyma\u0142a wiatr\u00f3wka wykonana z oddychaj\u0105cych materia\u0142\u00f3w, kt\u00f3ra zapewnia ochron\u0119 przed wiatrem i deszczem.\",\"breadcrumb\":{\"@id\":\"https:\\\/\\\/toidupakk.ee\\\/pl\\\/toode\\\/kurtka-wiatrowka-anorak-combat\\\/#breadcrumb\"},\"inLanguage\":\"pl-PL\",\"potentialAction\":[{\"@type\":\"ReadAction\",\"target\":[\"https:\\\/\\\/toidupakk.ee\\\/pl\\\/toode\\\/kurtka-wiatrowka-anorak-combat\\\/\"]}]},{\"@type\":\"ImageObject\",\"inLanguage\":\"pl-PL\",\"@id\":\"https:\\\/\\\/toidupakk.ee\\\/pl\\\/toode\\\/kurtka-wiatrowka-anorak-combat\\\/#primaryimage\",\"url\":\"https:\\\/\\\/toidupakk.ee\\\/wp-content\\\/uploads\\\/2023\\\/09\\\/Tuulejope-Anorak-roheline-1.png\",\"contentUrl\":\"https:\\\/\\\/toidupakk.ee\\\/wp-content\\\/uploads\\\/2023\\\/09\\\/Tuulejope-Anorak-roheline-1.png\",\"width\":800,\"height\":800},{\"@type\":\"BreadcrumbList\",\"@id\":\"https:\\\/\\\/toidupakk.ee\\\/pl\\\/toode\\\/kurtka-wiatrowka-anorak-combat\\\/#breadcrumb\",\"itemListElement\":[{\"@type\":\"ListItem\",\"position\":1,\"name\":\"Avaleht\",\"item\":\"https:\\\/\\\/toidupakk.ee\\\/pl\\\/\"},{\"@type\":\"ListItem\",\"position\":2,\"name\":\"Sklep internetowy\",\"item\":\"https:\\\/\\\/toidupakk.ee\\\/pl\\\/sklep-internetowy\\\/\"},{\"@type\":\"ListItem\",\"position\":3,\"name\":\"Kurtka wiatr\u00f3wka Anorak Combat\"}]},{\"@type\":\"WebSite\",\"@id\":\"https:\\\/\\\/toidupakk.ee\\\/pl\\\/#website\",\"url\":\"https:\\\/\\\/toidupakk.ee\\\/pl\\\/\",\"name\":\"Toidupakk.ee - Tactical Foodpack toidupakid\",\"description\":\"Tactical Foodpack k\u00fclmkuivatatud toidupakid ja matkaeined\",\"publisher\":{\"@id\":\"https:\\\/\\\/toidupakk.ee\\\/pl\\\/#organization\"},\"potentialAction\":[{\"@type\":\"SearchAction\",\"target\":{\"@type\":\"EntryPoint\",\"urlTemplate\":\"https:\\\/\\\/toidupakk.ee\\\/pl\\\/?s={search_term_string}\"},\"query-input\":{\"@type\":\"PropertyValueSpecification\",\"valueRequired\":true,\"valueName\":\"search_term_string\"}}],\"inLanguage\":\"pl-PL\"},{\"@type\":\"Organization\",\"@id\":\"https:\\\/\\\/toidupakk.ee\\\/pl\\\/#organization\",\"name\":\"Tactical Foodpack matkaeined\",\"url\":\"https:\\\/\\\/toidupakk.ee\\\/pl\\\/\",\"logo\":{\"@type\":\"ImageObject\",\"inLanguage\":\"pl-PL\",\"@id\":\"https:\\\/\\\/toidupakk.ee\\\/pl\\\/#\\\/schema\\\/logo\\\/image\\\/\",\"url\":\"https:\\\/\\\/toidupakk.ee\\\/wp-content\\\/uploads\\\/2022\\\/01\\\/Toidupakk-matkapood-logo-transparent.png\",\"contentUrl\":\"https:\\\/\\\/toidupakk.ee\\\/wp-content\\\/uploads\\\/2022\\\/01\\\/Toidupakk-matkapood-logo-transparent.png\",\"width\":500,\"height\":500,\"caption\":\"Tactical Foodpack matkaeined\"},\"image\":{\"@id\":\"https:\\\/\\\/toidupakk.ee\\\/pl\\\/#\\\/schema\\\/logo\\\/image\\\/\"},\"sameAs\":[\"https:\\\/\\\/www.facebook.com\\\/Toidupakk\",\"https:\\\/\\\/www.instagram.com\\\/toidupakk\\\/\"]}]}<\/script>\n<!-- \/ Yoast SEO plugin. -->","yoast_head_json":{"title":"Kurtka wiatr\u00f3wka Anorak Combat","description":"Anorak Combat to stylowa, funkcjonalna i wytrzyma\u0142a wiatr\u00f3wka wykonana z oddychaj\u0105cych materia\u0142\u00f3w, kt\u00f3ra zapewnia ochron\u0119 przed wiatrem i deszczem.","robots":{"index":"index","follow":"follow","max-snippet":"max-snippet:-1","max-image-preview":"max-image-preview:large","max-video-preview":"max-video-preview:-1"},"canonical":"https:\/\/toidupakk.ee\/pl\/toode\/kurtka-wiatrowka-anorak-combat\/","og_locale":"pl_PL","og_type":"article","og_title":"Kurtka wiatr\u00f3wka Anorak Combat","og_description":"Anorak Combat to stylowa, funkcjonalna i wytrzyma\u0142a wiatr\u00f3wka wykonana z oddychaj\u0105cych materia\u0142\u00f3w, kt\u00f3ra zapewnia ochron\u0119 przed wiatrem i deszczem.","og_url":"https:\/\/toidupakk.ee\/pl\/toode\/kurtka-wiatrowka-anorak-combat\/","og_site_name":"Toidupakk.ee - Tactical Foodpack toidupakid","article_publisher":"https:\/\/www.facebook.com\/Toidupakk","article_modified_time":"2026-04-29T12:31:58+00:00","og_image":[{"width":800,"height":800,"url":"https:\/\/toidupakk.ee\/wp-content\/uploads\/2023\/09\/Tuulejope-Anorak-roheline-1.png","type":"image\/png"}],"twitter_card":"summary_large_image","twitter_misc":{"Szacowany czas czytania":"1 minuta"},"schema":{"@context":"https:\/\/schema.org","@graph":[{"@type":"WebPage","@id":"https:\/\/toidupakk.ee\/pl\/toode\/kurtka-wiatrowka-anorak-combat\/","url":"https:\/\/toidupakk.ee\/pl\/toode\/kurtka-wiatrowka-anorak-combat\/","name":"Kurtka wiatr\u00f3wka Anorak Combat","isPartOf":{"@id":"https:\/\/toidupakk.ee\/pl\/#website"},"primaryImageOfPage":{"@id":"https:\/\/toidupakk.ee\/pl\/toode\/kurtka-wiatrowka-anorak-combat\/#primaryimage"},"image":{"@id":"https:\/\/toidupakk.ee\/pl\/toode\/kurtka-wiatrowka-anorak-combat\/#primaryimage"},"thumbnailUrl":"https:\/\/toidupakk.ee\/wp-content\/uploads\/2023\/09\/Tuulejope-Anorak-roheline-1.png","datePublished":"2023-10-18T13:47:47+00:00","dateModified":"2026-04-29T12:31:58+00:00","description":"Anorak Combat to stylowa, funkcjonalna i wytrzyma\u0142a wiatr\u00f3wka wykonana z oddychaj\u0105cych materia\u0142\u00f3w, kt\u00f3ra zapewnia ochron\u0119 przed wiatrem i deszczem.","breadcrumb":{"@id":"https:\/\/toidupakk.ee\/pl\/toode\/kurtka-wiatrowka-anorak-combat\/#breadcrumb"},"inLanguage":"pl-PL","potentialAction":[{"@type":"ReadAction","target":["https:\/\/toidupakk.ee\/pl\/toode\/kurtka-wiatrowka-anorak-combat\/"]}]},{"@type":"ImageObject","inLanguage":"pl-PL","@id":"https:\/\/toidupakk.ee\/pl\/toode\/kurtka-wiatrowka-anorak-combat\/#primaryimage","url":"https:\/\/toidupakk.ee\/wp-content\/uploads\/2023\/09\/Tuulejope-Anorak-roheline-1.png","contentUrl":"https:\/\/toidupakk.ee\/wp-content\/uploads\/2023\/09\/Tuulejope-Anorak-roheline-1.png","width":800,"height":800},{"@type":"BreadcrumbList","@id":"https:\/\/toidupakk.ee\/pl\/toode\/kurtka-wiatrowka-anorak-combat\/#breadcrumb","itemListElement":[{"@type":"ListItem","position":1,"name":"Avaleht","item":"https:\/\/toidupakk.ee\/pl\/"},{"@type":"ListItem","position":2,"name":"Sklep internetowy","item":"https:\/\/toidupakk.ee\/pl\/sklep-internetowy\/"},{"@type":"ListItem","position":3,"name":"Kurtka wiatr\u00f3wka Anorak Combat"}]},{"@type":"WebSite","@id":"https:\/\/toidupakk.ee\/pl\/#website","url":"https:\/\/toidupakk.ee\/pl\/","name":"Toidupakk.ee - Tactical Foodpack toidupakid","description":"Tactical Foodpack k\u00fclmkuivatatud toidupakid ja matkaeined","publisher":{"@id":"https:\/\/toidupakk.ee\/pl\/#organization"},"potentialAction":[{"@type":"SearchAction","target":{"@type":"EntryPoint","urlTemplate":"https:\/\/toidupakk.ee\/pl\/?s={search_term_string}"},"query-input":{"@type":"PropertyValueSpecification","valueRequired":true,"valueName":"search_term_string"}}],"inLanguage":"pl-PL"},{"@type":"Organization","@id":"https:\/\/toidupakk.ee\/pl\/#organization","name":"Tactical Foodpack matkaeined","url":"https:\/\/toidupakk.ee\/pl\/","logo":{"@type":"ImageObject","inLanguage":"pl-PL","@id":"https:\/\/toidupakk.ee\/pl\/#\/schema\/logo\/image\/","url":"https:\/\/toidupakk.ee\/wp-content\/uploads\/2022\/01\/Toidupakk-matkapood-logo-transparent.png","contentUrl":"https:\/\/toidupakk.ee\/wp-content\/uploads\/2022\/01\/Toidupakk-matkapood-logo-transparent.png","width":500,"height":500,"caption":"Tactical Foodpack matkaeined"},"image":{"@id":"https:\/\/toidupakk.ee\/pl\/#\/schema\/logo\/image\/"},"sameAs":["https:\/\/www.facebook.com\/Toidupakk","https:\/\/www.instagram.com\/toidupakk\/"]}]}},"jetpack_sharing_enabled":true,"_links":{"self":[{"href":"https:\/\/toidupakk.ee\/pl\/wp-json\/wp\/v2\/product\/50691","targetHints":{"allow":["GET"]}}],"collection":[{"href":"https:\/\/toidupakk.ee\/pl\/wp-json\/wp\/v2\/product"}],"about":[{"href":"https:\/\/toidupakk.ee\/pl\/wp-json\/wp\/v2\/types\/product"}],"replies":[{"embeddable":true,"href":"https:\/\/toidupakk.ee\/pl\/wp-json\/wp\/v2\/comments?post=50691"}],"wp:featuredmedia":[{"embeddable":true,"href":"https:\/\/toidupakk.ee\/pl\/wp-json\/wp\/v2\/media\/14949"}],"wp:attachment":[{"href":"https:\/\/toidupakk.ee\/pl\/wp-json\/wp\/v2\/media?parent=50691"}],"wp:term":[{"taxonomy":"product_brand","embeddable":true,"href":"https:\/\/toidupakk.ee\/pl\/wp-json\/wp\/v2\/product_brand?post=50691"},{"taxonomy":"product_cat","embeddable":true,"href":"https:\/\/toidupakk.ee\/pl\/wp-json\/wp\/v2\/product_cat?post=50691"},{"taxonomy":"product_tag","embeddable":true,"href":"https:\/\/toidupakk.ee\/pl\/wp-json\/wp\/v2\/product_tag?post=50691"}],"curies":[{"name":"wp","href":"https:\/\/api.w.org\/{rel}","templated":true}]}}