{"id":50684,"date":"2024-01-11T15:20:50","date_gmt":"2024-01-11T13:20:50","guid":{"rendered":"https:\/\/toidupakk.ee\/toode\/kompas-ranger\/"},"modified":"2026-04-15T16:01:44","modified_gmt":"2026-04-15T13:01:44","slug":"kompas-ranger","status":"publish","type":"product","link":"https:\/\/toidupakk.ee\/pl\/toode\/kompas-ranger\/","title":{"rendered":"Kompas Ranger"},"content":{"rendered":"<h1>Kompas Ranger to niezb\u0119dne narz\u0119dzie podczas wyj\u015b\u0107 do lasu<\/h1>\n<p>Kompas Ranger warto mie\u0107 przy sobie za ka\u017cdym razem, gdy planujesz wyj\u015bcie do lasu. Niezale\u017cnie od tego, czy idziesz na w\u0119dr\u00f3wk\u0119, grzyby, jagody, biwak, pobiega\u0107 czy po prostu na spacer po lesie. <\/p>\n<p><img fetchpriority=\"high\" decoding=\"async\" class=\"alignnone wp-image-18737 size-thumbnail\" src=\"https:\/\/toidupakk.ee\/wp-content\/uploads\/2024\/01\/Kompass-Ranger-5-500x500.png\" alt=\"Kompas\" width=\"500\" height=\"500\" srcset=\"https:\/\/toidupakk.ee\/wp-content\/uploads\/2024\/01\/Kompass-Ranger-5-500x500.png 500w, https:\/\/toidupakk.ee\/wp-content\/uploads\/2024\/01\/Kompass-Ranger-5-400x400.png 400w, https:\/\/toidupakk.ee\/wp-content\/uploads\/2024\/01\/Kompass-Ranger-5-100x100.png 100w, https:\/\/toidupakk.ee\/wp-content\/uploads\/2024\/01\/Kompass-Ranger-5-300x300.png 300w, https:\/\/toidupakk.ee\/wp-content\/uploads\/2024\/01\/Kompass-Ranger-5-768x768.png 768w, https:\/\/toidupakk.ee\/wp-content\/uploads\/2024\/01\/Kompass-Ranger-5.png 800w\" sizes=\"(max-width: 500px) 100vw, 500px\" \/><\/p>\n<p><strong>Kompas Ranger \u2013 precyzyjne i niezawodne narz\u0119dzie do orientacji<\/strong><\/p>\n<p><strong>Przegl\u0105d produktu:<\/strong> Kompas Ranger zosta\u0142 zaprojektowany przede wszystkim dla wojskowych, oferuj\u0105c niezawodn\u0105 i precyzyjn\u0105 orientacj\u0119 w ka\u017cdym terenie. Jego dzia\u0142anie opiera si\u0119 na interakcji wbudowanych magnes\u00f3w trwa\u0142ych z polem magnetycznym Ziemi, gdzie ig\u0142y zawsze wskazuj\u0105 p\u00f3\u0142noc i po\u0142udnie. Ten kompas to idealny wyb\u00f3r dla tych, kt\u00f3rzy potrzebuj\u0105 pewno\u015bci, \u017ce nie zgubi\u0105 szlaku nawet w najtrudniejszych warunkach.  <\/p>\n<p><strong>Cechy:<\/strong><\/p>\n<ul>\n<li><strong>Wymiary i waga:<\/strong> Kompas jest kompaktowy i por\u0119czny, o wymiarach 5,5 x 7,5 cm po z\u0142o\u017ceniu, a wa\u017cy zaledwie 120 g.<\/li>\n<li><strong>Aluminiowa obudowa:<\/strong> Kompas M-Tac wyposa\u017cono w wytrzyma\u0142\u0105 aluminiow\u0105 obudow\u0119 z pokryw\u0105 z celownikiem oraz podstaw\u0105, do kt\u00f3rej przymocowana jest kapsu\u0142a kompasu.<\/li>\n<li><strong>Wyznaczanie azymutu:<\/strong> Za pomoc\u0105 d\u0142u\u017cszego boku kompas kieruje si\u0119 na punkt orientacyjny, a nast\u0119pnie obraca tarcz\u0119 tak, aby strza\u0142ka p\u00f3\u0142nocy pokry\u0142a si\u0119 z oznaczeniem p\u00f3\u0142nocy. Do dok\u0142adniejszego odczytu azymutu kompas wyposa\u017cono w okienko podgl\u0105du. <\/li>\n<\/ul>\n<p><strong>Dlaczego warto wybra\u0107 Kompas Ranger?<\/strong><\/p>\n<ul>\n<li><strong>Niezawodno\u015b\u0107:<\/strong> Precyzyjne odczyty w ka\u017cdej sytuacji dzi\u0119ki wbudowanym magnesom trwa\u0142ym.<\/li>\n<li><strong>Wytrzyma\u0142a konstrukcja:<\/strong> Wysokiej jako\u015bci aluminiowa obudowa zapewnia d\u0142ugotrwa\u0142\u0105 trwa\u0142o\u015b\u0107.<\/li>\n<li><strong>Wielofunkcyjno\u015b\u0107:<\/strong> Opr\u00f3cz wyznaczania kierunku, kompasu mo\u017cna u\u017cywa\u0107 tak\u017ce do pomiar\u00f3w, co czyni go wielofunkcyjnym narz\u0119dziem.<\/li>\n<\/ul>\n<p><strong>Zastosowanie:<\/strong> Kompas Ranger \u015bwietnie nadaje si\u0119 do turystyki pieszej, szkolenia wojskowego, orientacji w terenie i dla ka\u017cdego, kto potrzebuje dok\u0142adnego i niezawodnego narz\u0119dzia nawigacyjnego.<\/p>\n<p>&nbsp;<\/p>\n<p>Sprawd\u017a inne akcesoria turystyczne <a href=\"https:\/\/toidupakk.ee\/pl\/tootekategooria\/sprzet-turystyczny\/#section-3-79\">TUTAJ<\/a><\/p>\n<p>Interesuj\u0105 Ci\u0119 posi\u0142ki turystyczne? Zobacz <a href=\"https:\/\/toidupakk.ee\/pl\/tootekategooria\/zywnosc-turystyczna\/\">TUTAJ<\/a><\/p>\n<p>Znajd\u017a inspiracj\u0119 na kolejne przygody na <a href=\"https:\/\/www.instagram.com\/toidupakk\/\">Instagramie<\/a> i <a href=\"https:\/\/www.facebook.com\/Toidupakk\/\">Facebooku<\/a> Toidupakk.<\/p>\n","protected":false},"excerpt":{"rendered":"<p><strong>Kompas to niezb\u0119dne narz\u0119dzie, kt\u00f3re warto mie\u0107 w kieszeni za ka\u017cdym razem, gdy planujesz wyj\u015bcie do lasu. Niezale\u017cnie od tego, czy idziesz na w\u0119dr\u00f3wk\u0119, grzyby, jagody, biwak, pobiega\u0107 czy po prostu na spacer po lesie. <\/strong><\/p>\n<ul>\n<li>W konstrukcji kompasu wykorzystano aluminium i tworzywo sztuczne<\/li>\n<li>Wymiary: 5,5 x 7,5 cm (po z\u0142o\u017ceniu w pozycji transportowej)<\/li>\n<li>Waga: 120 g<\/li>\n<\/ul>\n<p>\u2705 Dost\u0119pne w magazynie, szybka dostawa w 1\u20133 dni robocze<\/p>\n","protected":false},"featured_media":18737,"comment_status":"open","ping_status":"closed","template":"","meta":{"_acf_changed":false},"product_brand":[],"product_cat":[303,365,301],"product_tag":[],"class_list":{"0":"post-50684","1":"product","2":"type-product","3":"status-publish","4":"has-post-thumbnail","6":"product_cat-akcesoria-turystyczne","7":"product_cat-kompasy","8":"product_cat-sprzet-turystyczny","10":"first","11":"outofstock","12":"taxable","13":"shipping-taxable","14":"purchasable","15":"product-type-simple"},"bundled_by":[],"bundle_stock_status":"outofstock","bundle_stock_quantity":0,"bundle_virtual":false,"bundle_layout":"","bundle_add_to_cart_form_location":"","bundle_editable_in_cart":false,"bundle_sold_individually_context":"","bundle_item_grouping":"","bundle_min_size":"","bundle_max_size":"","bundle_price":[],"bundled_items":[],"bundle_sell_ids":[],"acf":[],"yoast_head":"<!-- This site is optimized with the Yoast SEO plugin v27.3 - https:\/\/yoast.com\/product\/yoast-seo-wordpress\/ -->\n<title>Kompas Ranger<\/title>\n<meta name=\"description\" content=\"Kompas Ranger to niezb\u0119dne narz\u0119dzie, kt\u00f3re warto mie\u0107 w kieszeni za ka\u017cdym razem, gdy planujesz wyj\u015bcie do lasu. Niewa\u017cne, czy to wyprawa, grzybobranie, czy po prostu szybki bieg po lesie.\" \/>\n<meta name=\"robots\" content=\"index, follow, max-snippet:-1, max-image-preview:large, max-video-preview:-1\" \/>\n<link rel=\"canonical\" href=\"https:\/\/toidupakk.ee\/pl\/toode\/kompas-ranger\/\" \/>\n<meta property=\"og:locale\" content=\"pl_PL\" \/>\n<meta property=\"og:type\" content=\"article\" \/>\n<meta property=\"og:title\" content=\"Kompas Ranger\" \/>\n<meta property=\"og:description\" content=\"Kompas Ranger to niezb\u0119dne narz\u0119dzie, kt\u00f3re warto mie\u0107 w kieszeni za ka\u017cdym razem, gdy planujesz wyj\u015bcie do lasu. Niewa\u017cne, czy to wyprawa, grzybobranie, czy po prostu szybki bieg po lesie.\" \/>\n<meta property=\"og:url\" content=\"https:\/\/toidupakk.ee\/pl\/toode\/kompas-ranger\/\" \/>\n<meta property=\"og:site_name\" content=\"Toidupakk.ee - Tactical Foodpack toidupakid\" \/>\n<meta property=\"article:publisher\" content=\"https:\/\/www.facebook.com\/Toidupakk\" \/>\n<meta property=\"article:modified_time\" content=\"2026-04-15T13:01:44+00:00\" \/>\n<meta property=\"og:image\" content=\"https:\/\/toidupakk.ee\/wp-content\/uploads\/2024\/01\/Kompass-Ranger-5.png\" \/>\n\t<meta property=\"og:image:width\" content=\"800\" \/>\n\t<meta property=\"og:image:height\" content=\"800\" \/>\n\t<meta property=\"og:image:type\" content=\"image\/png\" \/>\n<meta name=\"twitter:card\" content=\"summary_large_image\" \/>\n<meta name=\"twitter:label1\" content=\"Szacowany czas czytania\" \/>\n\t<meta name=\"twitter:data1\" content=\"2 minuty\" \/>\n<script type=\"application\/ld+json\" class=\"yoast-schema-graph\">{\"@context\":\"https:\\\/\\\/schema.org\",\"@graph\":[{\"@type\":\"WebPage\",\"@id\":\"https:\\\/\\\/toidupakk.ee\\\/pl\\\/toode\\\/kompas-ranger\\\/\",\"url\":\"https:\\\/\\\/toidupakk.ee\\\/pl\\\/toode\\\/kompas-ranger\\\/\",\"name\":\"Kompas Ranger\",\"isPartOf\":{\"@id\":\"https:\\\/\\\/toidupakk.ee\\\/pl\\\/#website\"},\"primaryImageOfPage\":{\"@id\":\"https:\\\/\\\/toidupakk.ee\\\/pl\\\/toode\\\/kompas-ranger\\\/#primaryimage\"},\"image\":{\"@id\":\"https:\\\/\\\/toidupakk.ee\\\/pl\\\/toode\\\/kompas-ranger\\\/#primaryimage\"},\"thumbnailUrl\":\"https:\\\/\\\/toidupakk.ee\\\/wp-content\\\/uploads\\\/2024\\\/01\\\/Kompass-Ranger-5.png\",\"datePublished\":\"2024-01-11T13:20:50+00:00\",\"dateModified\":\"2026-04-15T13:01:44+00:00\",\"description\":\"Kompas Ranger to niezb\u0119dne narz\u0119dzie, kt\u00f3re warto mie\u0107 w kieszeni za ka\u017cdym razem, gdy planujesz wyj\u015bcie do lasu. Niewa\u017cne, czy to wyprawa, grzybobranie, czy po prostu szybki bieg po lesie.\",\"breadcrumb\":{\"@id\":\"https:\\\/\\\/toidupakk.ee\\\/pl\\\/toode\\\/kompas-ranger\\\/#breadcrumb\"},\"inLanguage\":\"pl-PL\",\"potentialAction\":[{\"@type\":\"ReadAction\",\"target\":[\"https:\\\/\\\/toidupakk.ee\\\/pl\\\/toode\\\/kompas-ranger\\\/\"]}]},{\"@type\":\"ImageObject\",\"inLanguage\":\"pl-PL\",\"@id\":\"https:\\\/\\\/toidupakk.ee\\\/pl\\\/toode\\\/kompas-ranger\\\/#primaryimage\",\"url\":\"https:\\\/\\\/toidupakk.ee\\\/wp-content\\\/uploads\\\/2024\\\/01\\\/Kompass-Ranger-5.png\",\"contentUrl\":\"https:\\\/\\\/toidupakk.ee\\\/wp-content\\\/uploads\\\/2024\\\/01\\\/Kompass-Ranger-5.png\",\"width\":800,\"height\":800,\"caption\":\"Kompass\"},{\"@type\":\"BreadcrumbList\",\"@id\":\"https:\\\/\\\/toidupakk.ee\\\/pl\\\/toode\\\/kompas-ranger\\\/#breadcrumb\",\"itemListElement\":[{\"@type\":\"ListItem\",\"position\":1,\"name\":\"Avaleht\",\"item\":\"https:\\\/\\\/toidupakk.ee\\\/pl\\\/\"},{\"@type\":\"ListItem\",\"position\":2,\"name\":\"Sklep internetowy\",\"item\":\"https:\\\/\\\/toidupakk.ee\\\/pl\\\/sklep-internetowy\\\/\"},{\"@type\":\"ListItem\",\"position\":3,\"name\":\"Kompas Ranger\"}]},{\"@type\":\"WebSite\",\"@id\":\"https:\\\/\\\/toidupakk.ee\\\/pl\\\/#website\",\"url\":\"https:\\\/\\\/toidupakk.ee\\\/pl\\\/\",\"name\":\"Toidupakk.ee - Tactical Foodpack toidupakid\",\"description\":\"Tactical Foodpack k\u00fclmkuivatatud toidupakid ja matkaeined\",\"publisher\":{\"@id\":\"https:\\\/\\\/toidupakk.ee\\\/pl\\\/#organization\"},\"potentialAction\":[{\"@type\":\"SearchAction\",\"target\":{\"@type\":\"EntryPoint\",\"urlTemplate\":\"https:\\\/\\\/toidupakk.ee\\\/pl\\\/?s={search_term_string}\"},\"query-input\":{\"@type\":\"PropertyValueSpecification\",\"valueRequired\":true,\"valueName\":\"search_term_string\"}}],\"inLanguage\":\"pl-PL\"},{\"@type\":\"Organization\",\"@id\":\"https:\\\/\\\/toidupakk.ee\\\/pl\\\/#organization\",\"name\":\"Tactical Foodpack matkaeined\",\"url\":\"https:\\\/\\\/toidupakk.ee\\\/pl\\\/\",\"logo\":{\"@type\":\"ImageObject\",\"inLanguage\":\"pl-PL\",\"@id\":\"https:\\\/\\\/toidupakk.ee\\\/pl\\\/#\\\/schema\\\/logo\\\/image\\\/\",\"url\":\"https:\\\/\\\/toidupakk.ee\\\/wp-content\\\/uploads\\\/2022\\\/01\\\/Toidupakk-matkapood-logo-transparent.png\",\"contentUrl\":\"https:\\\/\\\/toidupakk.ee\\\/wp-content\\\/uploads\\\/2022\\\/01\\\/Toidupakk-matkapood-logo-transparent.png\",\"width\":500,\"height\":500,\"caption\":\"Tactical Foodpack matkaeined\"},\"image\":{\"@id\":\"https:\\\/\\\/toidupakk.ee\\\/pl\\\/#\\\/schema\\\/logo\\\/image\\\/\"},\"sameAs\":[\"https:\\\/\\\/www.facebook.com\\\/Toidupakk\",\"https:\\\/\\\/www.instagram.com\\\/toidupakk\\\/\"]}]}<\/script>\n<!-- \/ Yoast SEO plugin. -->","yoast_head_json":{"title":"Kompas Ranger","description":"Kompas Ranger to niezb\u0119dne narz\u0119dzie, kt\u00f3re warto mie\u0107 w kieszeni za ka\u017cdym razem, gdy planujesz wyj\u015bcie do lasu. Niewa\u017cne, czy to wyprawa, grzybobranie, czy po prostu szybki bieg po lesie.","robots":{"index":"index","follow":"follow","max-snippet":"max-snippet:-1","max-image-preview":"max-image-preview:large","max-video-preview":"max-video-preview:-1"},"canonical":"https:\/\/toidupakk.ee\/pl\/toode\/kompas-ranger\/","og_locale":"pl_PL","og_type":"article","og_title":"Kompas Ranger","og_description":"Kompas Ranger to niezb\u0119dne narz\u0119dzie, kt\u00f3re warto mie\u0107 w kieszeni za ka\u017cdym razem, gdy planujesz wyj\u015bcie do lasu. Niewa\u017cne, czy to wyprawa, grzybobranie, czy po prostu szybki bieg po lesie.","og_url":"https:\/\/toidupakk.ee\/pl\/toode\/kompas-ranger\/","og_site_name":"Toidupakk.ee - Tactical Foodpack toidupakid","article_publisher":"https:\/\/www.facebook.com\/Toidupakk","article_modified_time":"2026-04-15T13:01:44+00:00","og_image":[{"width":800,"height":800,"url":"https:\/\/toidupakk.ee\/wp-content\/uploads\/2024\/01\/Kompass-Ranger-5.png","type":"image\/png"}],"twitter_card":"summary_large_image","twitter_misc":{"Szacowany czas czytania":"2 minuty"},"schema":{"@context":"https:\/\/schema.org","@graph":[{"@type":"WebPage","@id":"https:\/\/toidupakk.ee\/pl\/toode\/kompas-ranger\/","url":"https:\/\/toidupakk.ee\/pl\/toode\/kompas-ranger\/","name":"Kompas Ranger","isPartOf":{"@id":"https:\/\/toidupakk.ee\/pl\/#website"},"primaryImageOfPage":{"@id":"https:\/\/toidupakk.ee\/pl\/toode\/kompas-ranger\/#primaryimage"},"image":{"@id":"https:\/\/toidupakk.ee\/pl\/toode\/kompas-ranger\/#primaryimage"},"thumbnailUrl":"https:\/\/toidupakk.ee\/wp-content\/uploads\/2024\/01\/Kompass-Ranger-5.png","datePublished":"2024-01-11T13:20:50+00:00","dateModified":"2026-04-15T13:01:44+00:00","description":"Kompas Ranger to niezb\u0119dne narz\u0119dzie, kt\u00f3re warto mie\u0107 w kieszeni za ka\u017cdym razem, gdy planujesz wyj\u015bcie do lasu. Niewa\u017cne, czy to wyprawa, grzybobranie, czy po prostu szybki bieg po lesie.","breadcrumb":{"@id":"https:\/\/toidupakk.ee\/pl\/toode\/kompas-ranger\/#breadcrumb"},"inLanguage":"pl-PL","potentialAction":[{"@type":"ReadAction","target":["https:\/\/toidupakk.ee\/pl\/toode\/kompas-ranger\/"]}]},{"@type":"ImageObject","inLanguage":"pl-PL","@id":"https:\/\/toidupakk.ee\/pl\/toode\/kompas-ranger\/#primaryimage","url":"https:\/\/toidupakk.ee\/wp-content\/uploads\/2024\/01\/Kompass-Ranger-5.png","contentUrl":"https:\/\/toidupakk.ee\/wp-content\/uploads\/2024\/01\/Kompass-Ranger-5.png","width":800,"height":800,"caption":"Kompass"},{"@type":"BreadcrumbList","@id":"https:\/\/toidupakk.ee\/pl\/toode\/kompas-ranger\/#breadcrumb","itemListElement":[{"@type":"ListItem","position":1,"name":"Avaleht","item":"https:\/\/toidupakk.ee\/pl\/"},{"@type":"ListItem","position":2,"name":"Sklep internetowy","item":"https:\/\/toidupakk.ee\/pl\/sklep-internetowy\/"},{"@type":"ListItem","position":3,"name":"Kompas Ranger"}]},{"@type":"WebSite","@id":"https:\/\/toidupakk.ee\/pl\/#website","url":"https:\/\/toidupakk.ee\/pl\/","name":"Toidupakk.ee - Tactical Foodpack toidupakid","description":"Tactical Foodpack k\u00fclmkuivatatud toidupakid ja matkaeined","publisher":{"@id":"https:\/\/toidupakk.ee\/pl\/#organization"},"potentialAction":[{"@type":"SearchAction","target":{"@type":"EntryPoint","urlTemplate":"https:\/\/toidupakk.ee\/pl\/?s={search_term_string}"},"query-input":{"@type":"PropertyValueSpecification","valueRequired":true,"valueName":"search_term_string"}}],"inLanguage":"pl-PL"},{"@type":"Organization","@id":"https:\/\/toidupakk.ee\/pl\/#organization","name":"Tactical Foodpack matkaeined","url":"https:\/\/toidupakk.ee\/pl\/","logo":{"@type":"ImageObject","inLanguage":"pl-PL","@id":"https:\/\/toidupakk.ee\/pl\/#\/schema\/logo\/image\/","url":"https:\/\/toidupakk.ee\/wp-content\/uploads\/2022\/01\/Toidupakk-matkapood-logo-transparent.png","contentUrl":"https:\/\/toidupakk.ee\/wp-content\/uploads\/2022\/01\/Toidupakk-matkapood-logo-transparent.png","width":500,"height":500,"caption":"Tactical Foodpack matkaeined"},"image":{"@id":"https:\/\/toidupakk.ee\/pl\/#\/schema\/logo\/image\/"},"sameAs":["https:\/\/www.facebook.com\/Toidupakk","https:\/\/www.instagram.com\/toidupakk\/"]}]}},"jetpack_sharing_enabled":true,"_links":{"self":[{"href":"https:\/\/toidupakk.ee\/pl\/wp-json\/wp\/v2\/product\/50684","targetHints":{"allow":["GET"]}}],"collection":[{"href":"https:\/\/toidupakk.ee\/pl\/wp-json\/wp\/v2\/product"}],"about":[{"href":"https:\/\/toidupakk.ee\/pl\/wp-json\/wp\/v2\/types\/product"}],"replies":[{"embeddable":true,"href":"https:\/\/toidupakk.ee\/pl\/wp-json\/wp\/v2\/comments?post=50684"}],"wp:featuredmedia":[{"embeddable":true,"href":"https:\/\/toidupakk.ee\/pl\/wp-json\/wp\/v2\/media\/18737"}],"wp:attachment":[{"href":"https:\/\/toidupakk.ee\/pl\/wp-json\/wp\/v2\/media?parent=50684"}],"wp:term":[{"taxonomy":"product_brand","embeddable":true,"href":"https:\/\/toidupakk.ee\/pl\/wp-json\/wp\/v2\/product_brand?post=50684"},{"taxonomy":"product_cat","embeddable":true,"href":"https:\/\/toidupakk.ee\/pl\/wp-json\/wp\/v2\/product_cat?post=50684"},{"taxonomy":"product_tag","embeddable":true,"href":"https:\/\/toidupakk.ee\/pl\/wp-json\/wp\/v2\/product_tag?post=50684"}],"curies":[{"name":"wp","href":"https:\/\/api.w.org\/{rel}","templated":true}]}}