{"id":50679,"date":"2024-02-26T16:02:34","date_gmt":"2024-02-26T14:02:34","guid":{"rendered":"https:\/\/toidupakk.ee\/toode\/witamina-d3-2500-iu-iconfit-90-kapsulek\/"},"modified":"2026-04-15T23:31:30","modified_gmt":"2026-04-15T20:31:30","slug":"witamina-d3-2500-iu-iconfit-90-kapsulek","status":"publish","type":"product","link":"https:\/\/toidupakk.ee\/pl\/toode\/witamina-d3-2500-iu-iconfit-90-kapsulek\/","title":{"rendered":"Witamina D3 2500 IU ICONFIT (90 kapsu\u0142ek)"},"content":{"rendered":"<h1>ICONFIT Witamina D3 \u2013 zdrowe ko\u015bci i silna odporno\u015b\u0107 w ka\u017cdej kapsu\u0142ce!<\/h1>\n<p class=\"my-1 text-base\"><strong>ICONFIT Witamina D3 2500 IU (90 kapsu\u0142ek olejowych) to suplement diety zawieraj\u0105cy umiarkowan\u0105 dawk\u0119 kluczowej witaminy D.<\/strong><\/p>\n<p class=\"my-1 text-base\">Przyjmowanie witaminy D3 zaleca si\u0119 szczeg\u00f3lnie w okresie jesienno-zimowym, a osobom starszym przez ca\u0142y rok. Witamina D3 wspiera zdrowie ko\u015bci, z\u0119b\u00f3w i mi\u0119\u015bni oraz pomaga w prawid\u0142owym funkcjonowaniu uk\u0142adu odporno\u015bciowego. Dodatkowo wspomaga wch\u0142anianie wapnia i fosforu.  <\/p>\n<p><img fetchpriority=\"high\" decoding=\"async\" class=\"alignnone wp-image-18787 size-medium\" src=\"https:\/\/toidupakk.ee\/wp-content\/uploads\/2023\/11\/d3-vitamiin-300x300.jpg\" alt=\"witamina d3\" width=\"300\" height=\"300\" srcset=\"https:\/\/toidupakk.ee\/wp-content\/uploads\/2023\/11\/d3-vitamiin-300x300.jpg 300w, https:\/\/toidupakk.ee\/wp-content\/uploads\/2023\/11\/d3-vitamiin-400x400.jpg 400w, https:\/\/toidupakk.ee\/wp-content\/uploads\/2023\/11\/d3-vitamiin-100x100.jpg 100w, https:\/\/toidupakk.ee\/wp-content\/uploads\/2023\/11\/d3-vitamiin-500x500.jpg 500w, https:\/\/toidupakk.ee\/wp-content\/uploads\/2023\/11\/d3-vitamiin-768x768.jpg 768w, https:\/\/toidupakk.ee\/wp-content\/uploads\/2023\/11\/d3-vitamiin.jpg 800w\" sizes=\"(max-width: 300px) 100vw, 300px\" \/><\/p>\n<p class=\"my-1 text-base\">ICONFIT oferuje dwa warianty, co pozwala na wyb\u00f3r dawki witaminy D3 dopasowanej do indywidualnych potrzeb. Jedno opakowanie zawiera 90 kapsu\u0142ek, co wystarcza na 90 dni stosowania. Zalecana porcja to tylko jedna kapsu\u0142ka dziennie.  <\/p>\n<p><img decoding=\"async\" class=\"alignright wp-image-15818 size-thumbnail\" src=\"https:\/\/toidupakk.ee\/wp-content\/uploads\/2023\/11\/07AF2FCE-6AEA-40DA-A128-29A578E7D78EIcon-fit-500x500.jpeg\" alt=\"\" width=\"500\" height=\"500\" srcset=\"https:\/\/toidupakk.ee\/wp-content\/uploads\/2023\/11\/07AF2FCE-6AEA-40DA-A128-29A578E7D78EIcon-fit-500x500.jpeg 500w, https:\/\/toidupakk.ee\/wp-content\/uploads\/2023\/11\/07AF2FCE-6AEA-40DA-A128-29A578E7D78EIcon-fit-400x400.jpeg 400w, https:\/\/toidupakk.ee\/wp-content\/uploads\/2023\/11\/07AF2FCE-6AEA-40DA-A128-29A578E7D78EIcon-fit-100x100.jpeg 100w\" sizes=\"(max-width: 500px) 100vw, 500px\" \/><\/p>\n<p><strong>Kiedy warto rozwa\u017cy\u0107 suplementacj\u0119 witaminy D?<\/strong><\/p>\n<p class=\"my-1 text-base\">Przyjmowanie witaminy D mo\u017ce by\u0107 korzystne, gdy:<\/p>\n<ul>\n<li class=\"my-1 text-base\">nie masz mo\u017cliwo\u015bci ekspozycji na wystarczaj\u0105c\u0105 ilo\u015b\u0107 \u015bwiat\u0142a s\u0142onecznego<\/li>\n<li class=\"my-1 text-base\">twoja dieta jest uboga w ten sk\u0142adnik<\/li>\n<li class=\"my-1 text-base\">poziom witaminy D w organizmie spada wraz z wiekiem<\/li>\n<li class=\"my-1 text-base\">chcesz poprawi\u0107 wydolno\u015b\u0107 sportow\u0105<\/li>\n<\/ul>\n<p>Cho\u0107 niekt\u00f3re produkty spo\u017cywcze s\u0105 bogate w witamin\u0119 D, ich spo\u017cycie mo\u017ce nie pokrywa\u0107 pe\u0142nego zapotrzebowania, dlatego warto rozwa\u017cy\u0107 suplementacj\u0119.<\/p>\n<p>&nbsp;<\/p>\n<h2>Jako\u015b\u0107 i troska ICONFIT<\/h2>\n<p>Produkty ICONFIT s\u0105 opracowywane w Estonii i bazuj\u0105 na najwy\u017cszych europejskich standardach jako\u015bci. Tworzymy nasze produkty we wsp\u00f3\u0142pracy ze specjalistami ds. \u017cywienia, sportowcami i technologami \u017cywno\u015bci. <\/p>\n<p>Produkty ICONFIT nie zawieraj\u0105 niepotrzebnych sztucznych stabilizator\u00f3w, barwnik\u00f3w ani konserwant\u00f3w. Nasi klienci wracaj\u0105 do nas wielokrotnie dzi\u0119ki naszej jako\u015bci, czysto\u015bci i \u015bwietnym smakom. <\/p>\n<p><img decoding=\"async\" class=\"alignnone wp-image-15624 size-medium\" src=\"https:\/\/toidupakk.ee\/wp-content\/uploads\/2023\/11\/ICONFIT-kollageeni-pulber-liigestele-5-300x300.png\" alt=\"logo iconfit\" width=\"300\" height=\"300\" srcset=\"https:\/\/toidupakk.ee\/wp-content\/uploads\/2023\/11\/ICONFIT-kollageeni-pulber-liigestele-5-300x300.png 300w, https:\/\/toidupakk.ee\/wp-content\/uploads\/2023\/11\/ICONFIT-kollageeni-pulber-liigestele-5-400x400.png 400w, https:\/\/toidupakk.ee\/wp-content\/uploads\/2023\/11\/ICONFIT-kollageeni-pulber-liigestele-5-100x100.png 100w, https:\/\/toidupakk.ee\/wp-content\/uploads\/2023\/11\/ICONFIT-kollageeni-pulber-liigestele-5-500x500.png 500w, https:\/\/toidupakk.ee\/wp-content\/uploads\/2023\/11\/ICONFIT-kollageeni-pulber-liigestele-5-768x768.png 768w, https:\/\/toidupakk.ee\/wp-content\/uploads\/2023\/11\/ICONFIT-kollageeni-pulber-liigestele-5.png 800w\" sizes=\"(max-width: 300px) 100vw, 300px\" \/><\/p>\n<p>Interesuje Ci\u0119 sprz\u0119t turystyczny? Sprawd\u017a szczeg\u00f3\u0142y <a href=\"https:\/\/toidupakk.ee\/pl\/tootekategooria\/sprzet-turystyczny\/#section-3-79\">TUTAJ<\/a><\/p>\n<p>Interesuj\u0105 Ci\u0119 posi\u0142ki turystyczne? Zobacz <a href=\"https:\/\/toidupakk.ee\/pl\/tootekategooria\/dania-glowne\/\">TUTAJ<\/a><\/p>\n<p>Znajd\u017a inspiracj\u0119 na kolejne przygody na <a href=\"https:\/\/www.instagram.com\/toidupakk\/\">Instagramie<\/a> i <a href=\"https:\/\/www.facebook.com\/Toidupakk\/\">Facebooku<\/a> Toidupakk.<\/p>\n","protected":false},"excerpt":{"rendered":"<p>ICONFIT Witamina D3 2500 IU to <strong>wa\u017cny dla zdrowia suplement diety<\/strong>, dostarczaj\u0105cy umiarkowan\u0105 dawk\u0119 witaminy D. <strong>Wspiera uk\u0142ad odporno\u015bciowy<\/strong>, <strong>pomaga utrzyma\u0107 zdrowe ko\u015bci<\/strong>, <strong>mi\u0119\u015bnie i z\u0119by<\/strong> oraz <strong>wspomaga wch\u0142anianie wapnia i fosforu<\/strong>. Dost\u0119pne s\u0105 r\u00f3\u017cne warianty dawkowania, co pozwala na dopasowanie produktu do w\u0142asnych potrzeb.  <\/p>\n<ul class=\"my-1 list-disc pl-4\">\n<li class=\"my-1 text-base\"><strong>Umiarkowana dawka<\/strong> witaminy D<\/li>\n<li class=\"my-1 text-base\"><strong>Wspiera odporno\u015b\u0107<\/strong><\/li>\n<li class=\"my-1 text-base\">Pomaga utrzyma\u0107 <strong>zdrowe<\/strong> <strong>ko\u015bci<\/strong>, <strong>mi\u0119\u015bnie<\/strong> i <strong>z\u0119by<\/strong><\/li>\n<li class=\"my-1 text-base\">Dost\u0119pna w <strong>wysokiej jako\u015bci kapsu\u0142kach olejowych<\/strong><\/li>\n<li class=\"my-1 text-base\">Jedno opakowanie to <strong>90 kapsu\u0142ek<\/strong><\/li>\n<li class=\"my-1 text-base\">Zalecane spo\u017cycie to <strong>jedna kapsu\u0142ka<\/strong> dziennie<\/li>\n<\/ul>\n<p>\u2705 Dost\u0119pne w magazynie, szybka dostawa w 1\u20133 dni robocze<\/p>\n","protected":false},"featured_media":20698,"comment_status":"open","ping_status":"closed","template":"","meta":{"_acf_changed":false},"product_brand":[],"product_cat":[303,379,301,361],"product_tag":[],"class_list":{"0":"post-50679","1":"product","2":"type-product","3":"status-publish","4":"has-post-thumbnail","6":"product_cat-akcesoria-turystyczne","7":"product_cat-kapsulki","8":"product_cat-sprzet-turystyczny","9":"product_cat-suplementy-diety","11":"first","12":"instock","13":"taxable","14":"shipping-taxable","15":"purchasable","16":"product-type-simple"},"bundled_by":[],"bundle_stock_status":"instock","bundle_stock_quantity":7,"bundle_virtual":false,"bundle_layout":"","bundle_add_to_cart_form_location":"","bundle_editable_in_cart":false,"bundle_sold_individually_context":"","bundle_item_grouping":"","bundle_min_size":"","bundle_max_size":"","bundle_price":[],"bundled_items":[],"bundle_sell_ids":[],"acf":[],"yoast_head":"<!-- This site is optimized with the Yoast SEO plugin v27.3 - https:\/\/yoast.com\/product\/yoast-seo-wordpress\/ -->\n<title>Witamina D3 2500 IU ICONFIT (90 kapsu\u0142ek)<\/title>\n<meta name=\"description\" content=\"ICONFIT Witamina D3 2500 IU to wysokiej jako\u015bci suplement diety, kt\u00f3ry dostarcza umiarkowan\u0105 dawk\u0119 niezb\u0119dnej witaminy D, wspieraj\u0105c ko\u015bci, mi\u0119\u015bnie i uk\u0142ad odporno\u015bciowy.\" \/>\n<meta name=\"robots\" content=\"index, follow, max-snippet:-1, max-image-preview:large, max-video-preview:-1\" \/>\n<link rel=\"canonical\" href=\"https:\/\/toidupakk.ee\/pl\/toode\/witamina-d3-2500-iu-iconfit-90-kapsulek\/\" \/>\n<meta property=\"og:locale\" content=\"pl_PL\" \/>\n<meta property=\"og:type\" content=\"article\" \/>\n<meta property=\"og:title\" content=\"Witamina D3 2500 IU ICONFIT (90 kapsu\u0142ek)\" \/>\n<meta property=\"og:description\" content=\"ICONFIT Witamina D3 2500 IU to wysokiej jako\u015bci suplement diety, kt\u00f3ry dostarcza umiarkowan\u0105 dawk\u0119 niezb\u0119dnej witaminy D, wspieraj\u0105c ko\u015bci, mi\u0119\u015bnie i uk\u0142ad odporno\u015bciowy.\" \/>\n<meta property=\"og:url\" content=\"https:\/\/toidupakk.ee\/pl\/toode\/witamina-d3-2500-iu-iconfit-90-kapsulek\/\" \/>\n<meta property=\"og:site_name\" content=\"Toidupakk.ee - Tactical Foodpack toidupakid\" \/>\n<meta property=\"article:publisher\" content=\"https:\/\/www.facebook.com\/Toidupakk\" \/>\n<meta property=\"article:modified_time\" content=\"2026-04-15T20:31:30+00:00\" \/>\n<meta property=\"og:image\" content=\"https:\/\/toidupakk.ee\/wp-content\/uploads\/2024\/02\/D3-vitamiin-Iconfit-2500-IU-2.png\" \/>\n\t<meta property=\"og:image:width\" content=\"800\" \/>\n\t<meta property=\"og:image:height\" content=\"800\" \/>\n\t<meta property=\"og:image:type\" content=\"image\/png\" \/>\n<meta name=\"twitter:card\" content=\"summary_large_image\" \/>\n<meta name=\"twitter:label1\" content=\"Szacowany czas czytania\" \/>\n\t<meta name=\"twitter:data1\" content=\"1 minuta\" \/>\n<script type=\"application\/ld+json\" class=\"yoast-schema-graph\">{\"@context\":\"https:\\\/\\\/schema.org\",\"@graph\":[{\"@type\":\"WebPage\",\"@id\":\"https:\\\/\\\/toidupakk.ee\\\/pl\\\/toode\\\/witamina-d3-2500-iu-iconfit-90-kapsulek\\\/\",\"url\":\"https:\\\/\\\/toidupakk.ee\\\/pl\\\/toode\\\/witamina-d3-2500-iu-iconfit-90-kapsulek\\\/\",\"name\":\"Witamina D3 2500 IU ICONFIT (90 kapsu\u0142ek)\",\"isPartOf\":{\"@id\":\"https:\\\/\\\/toidupakk.ee\\\/pl\\\/#website\"},\"primaryImageOfPage\":{\"@id\":\"https:\\\/\\\/toidupakk.ee\\\/pl\\\/toode\\\/witamina-d3-2500-iu-iconfit-90-kapsulek\\\/#primaryimage\"},\"image\":{\"@id\":\"https:\\\/\\\/toidupakk.ee\\\/pl\\\/toode\\\/witamina-d3-2500-iu-iconfit-90-kapsulek\\\/#primaryimage\"},\"thumbnailUrl\":\"https:\\\/\\\/toidupakk.ee\\\/wp-content\\\/uploads\\\/2024\\\/02\\\/D3-vitamiin-Iconfit-2500-IU-2.png\",\"datePublished\":\"2024-02-26T14:02:34+00:00\",\"dateModified\":\"2026-04-15T20:31:30+00:00\",\"description\":\"ICONFIT Witamina D3 2500 IU to wysokiej jako\u015bci suplement diety, kt\u00f3ry dostarcza umiarkowan\u0105 dawk\u0119 niezb\u0119dnej witaminy D, wspieraj\u0105c ko\u015bci, mi\u0119\u015bnie i uk\u0142ad odporno\u015bciowy.\",\"breadcrumb\":{\"@id\":\"https:\\\/\\\/toidupakk.ee\\\/pl\\\/toode\\\/witamina-d3-2500-iu-iconfit-90-kapsulek\\\/#breadcrumb\"},\"inLanguage\":\"pl-PL\",\"potentialAction\":[{\"@type\":\"ReadAction\",\"target\":[\"https:\\\/\\\/toidupakk.ee\\\/pl\\\/toode\\\/witamina-d3-2500-iu-iconfit-90-kapsulek\\\/\"]}]},{\"@type\":\"ImageObject\",\"inLanguage\":\"pl-PL\",\"@id\":\"https:\\\/\\\/toidupakk.ee\\\/pl\\\/toode\\\/witamina-d3-2500-iu-iconfit-90-kapsulek\\\/#primaryimage\",\"url\":\"https:\\\/\\\/toidupakk.ee\\\/wp-content\\\/uploads\\\/2024\\\/02\\\/D3-vitamiin-Iconfit-2500-IU-2.png\",\"contentUrl\":\"https:\\\/\\\/toidupakk.ee\\\/wp-content\\\/uploads\\\/2024\\\/02\\\/D3-vitamiin-Iconfit-2500-IU-2.png\",\"width\":800,\"height\":800,\"caption\":\"d3 vitamiini kapslid\"},{\"@type\":\"BreadcrumbList\",\"@id\":\"https:\\\/\\\/toidupakk.ee\\\/pl\\\/toode\\\/witamina-d3-2500-iu-iconfit-90-kapsulek\\\/#breadcrumb\",\"itemListElement\":[{\"@type\":\"ListItem\",\"position\":1,\"name\":\"Avaleht\",\"item\":\"https:\\\/\\\/toidupakk.ee\\\/pl\\\/\"},{\"@type\":\"ListItem\",\"position\":2,\"name\":\"Sklep internetowy\",\"item\":\"https:\\\/\\\/toidupakk.ee\\\/pl\\\/sklep-internetowy\\\/\"},{\"@type\":\"ListItem\",\"position\":3,\"name\":\"Witamina D3 2500 IU ICONFIT (90 kapsu\u0142ek)\"}]},{\"@type\":\"WebSite\",\"@id\":\"https:\\\/\\\/toidupakk.ee\\\/pl\\\/#website\",\"url\":\"https:\\\/\\\/toidupakk.ee\\\/pl\\\/\",\"name\":\"Toidupakk.ee - Tactical Foodpack toidupakid\",\"description\":\"Tactical Foodpack k\u00fclmkuivatatud toidupakid ja matkaeined\",\"publisher\":{\"@id\":\"https:\\\/\\\/toidupakk.ee\\\/pl\\\/#organization\"},\"potentialAction\":[{\"@type\":\"SearchAction\",\"target\":{\"@type\":\"EntryPoint\",\"urlTemplate\":\"https:\\\/\\\/toidupakk.ee\\\/pl\\\/?s={search_term_string}\"},\"query-input\":{\"@type\":\"PropertyValueSpecification\",\"valueRequired\":true,\"valueName\":\"search_term_string\"}}],\"inLanguage\":\"pl-PL\"},{\"@type\":\"Organization\",\"@id\":\"https:\\\/\\\/toidupakk.ee\\\/pl\\\/#organization\",\"name\":\"Tactical Foodpack matkaeined\",\"url\":\"https:\\\/\\\/toidupakk.ee\\\/pl\\\/\",\"logo\":{\"@type\":\"ImageObject\",\"inLanguage\":\"pl-PL\",\"@id\":\"https:\\\/\\\/toidupakk.ee\\\/pl\\\/#\\\/schema\\\/logo\\\/image\\\/\",\"url\":\"https:\\\/\\\/toidupakk.ee\\\/wp-content\\\/uploads\\\/2022\\\/01\\\/Toidupakk-matkapood-logo-transparent.png\",\"contentUrl\":\"https:\\\/\\\/toidupakk.ee\\\/wp-content\\\/uploads\\\/2022\\\/01\\\/Toidupakk-matkapood-logo-transparent.png\",\"width\":500,\"height\":500,\"caption\":\"Tactical Foodpack matkaeined\"},\"image\":{\"@id\":\"https:\\\/\\\/toidupakk.ee\\\/pl\\\/#\\\/schema\\\/logo\\\/image\\\/\"},\"sameAs\":[\"https:\\\/\\\/www.facebook.com\\\/Toidupakk\",\"https:\\\/\\\/www.instagram.com\\\/toidupakk\\\/\"]}]}<\/script>\n<!-- \/ Yoast SEO plugin. -->","yoast_head_json":{"title":"Witamina D3 2500 IU ICONFIT (90 kapsu\u0142ek)","description":"ICONFIT Witamina D3 2500 IU to wysokiej jako\u015bci suplement diety, kt\u00f3ry dostarcza umiarkowan\u0105 dawk\u0119 niezb\u0119dnej witaminy D, wspieraj\u0105c ko\u015bci, mi\u0119\u015bnie i uk\u0142ad odporno\u015bciowy.","robots":{"index":"index","follow":"follow","max-snippet":"max-snippet:-1","max-image-preview":"max-image-preview:large","max-video-preview":"max-video-preview:-1"},"canonical":"https:\/\/toidupakk.ee\/pl\/toode\/witamina-d3-2500-iu-iconfit-90-kapsulek\/","og_locale":"pl_PL","og_type":"article","og_title":"Witamina D3 2500 IU ICONFIT (90 kapsu\u0142ek)","og_description":"ICONFIT Witamina D3 2500 IU to wysokiej jako\u015bci suplement diety, kt\u00f3ry dostarcza umiarkowan\u0105 dawk\u0119 niezb\u0119dnej witaminy D, wspieraj\u0105c ko\u015bci, mi\u0119\u015bnie i uk\u0142ad odporno\u015bciowy.","og_url":"https:\/\/toidupakk.ee\/pl\/toode\/witamina-d3-2500-iu-iconfit-90-kapsulek\/","og_site_name":"Toidupakk.ee - Tactical Foodpack toidupakid","article_publisher":"https:\/\/www.facebook.com\/Toidupakk","article_modified_time":"2026-04-15T20:31:30+00:00","og_image":[{"width":800,"height":800,"url":"https:\/\/toidupakk.ee\/wp-content\/uploads\/2024\/02\/D3-vitamiin-Iconfit-2500-IU-2.png","type":"image\/png"}],"twitter_card":"summary_large_image","twitter_misc":{"Szacowany czas czytania":"1 minuta"},"schema":{"@context":"https:\/\/schema.org","@graph":[{"@type":"WebPage","@id":"https:\/\/toidupakk.ee\/pl\/toode\/witamina-d3-2500-iu-iconfit-90-kapsulek\/","url":"https:\/\/toidupakk.ee\/pl\/toode\/witamina-d3-2500-iu-iconfit-90-kapsulek\/","name":"Witamina D3 2500 IU ICONFIT (90 kapsu\u0142ek)","isPartOf":{"@id":"https:\/\/toidupakk.ee\/pl\/#website"},"primaryImageOfPage":{"@id":"https:\/\/toidupakk.ee\/pl\/toode\/witamina-d3-2500-iu-iconfit-90-kapsulek\/#primaryimage"},"image":{"@id":"https:\/\/toidupakk.ee\/pl\/toode\/witamina-d3-2500-iu-iconfit-90-kapsulek\/#primaryimage"},"thumbnailUrl":"https:\/\/toidupakk.ee\/wp-content\/uploads\/2024\/02\/D3-vitamiin-Iconfit-2500-IU-2.png","datePublished":"2024-02-26T14:02:34+00:00","dateModified":"2026-04-15T20:31:30+00:00","description":"ICONFIT Witamina D3 2500 IU to wysokiej jako\u015bci suplement diety, kt\u00f3ry dostarcza umiarkowan\u0105 dawk\u0119 niezb\u0119dnej witaminy D, wspieraj\u0105c ko\u015bci, mi\u0119\u015bnie i uk\u0142ad odporno\u015bciowy.","breadcrumb":{"@id":"https:\/\/toidupakk.ee\/pl\/toode\/witamina-d3-2500-iu-iconfit-90-kapsulek\/#breadcrumb"},"inLanguage":"pl-PL","potentialAction":[{"@type":"ReadAction","target":["https:\/\/toidupakk.ee\/pl\/toode\/witamina-d3-2500-iu-iconfit-90-kapsulek\/"]}]},{"@type":"ImageObject","inLanguage":"pl-PL","@id":"https:\/\/toidupakk.ee\/pl\/toode\/witamina-d3-2500-iu-iconfit-90-kapsulek\/#primaryimage","url":"https:\/\/toidupakk.ee\/wp-content\/uploads\/2024\/02\/D3-vitamiin-Iconfit-2500-IU-2.png","contentUrl":"https:\/\/toidupakk.ee\/wp-content\/uploads\/2024\/02\/D3-vitamiin-Iconfit-2500-IU-2.png","width":800,"height":800,"caption":"d3 vitamiini kapslid"},{"@type":"BreadcrumbList","@id":"https:\/\/toidupakk.ee\/pl\/toode\/witamina-d3-2500-iu-iconfit-90-kapsulek\/#breadcrumb","itemListElement":[{"@type":"ListItem","position":1,"name":"Avaleht","item":"https:\/\/toidupakk.ee\/pl\/"},{"@type":"ListItem","position":2,"name":"Sklep internetowy","item":"https:\/\/toidupakk.ee\/pl\/sklep-internetowy\/"},{"@type":"ListItem","position":3,"name":"Witamina D3 2500 IU ICONFIT (90 kapsu\u0142ek)"}]},{"@type":"WebSite","@id":"https:\/\/toidupakk.ee\/pl\/#website","url":"https:\/\/toidupakk.ee\/pl\/","name":"Toidupakk.ee - Tactical Foodpack toidupakid","description":"Tactical Foodpack k\u00fclmkuivatatud toidupakid ja matkaeined","publisher":{"@id":"https:\/\/toidupakk.ee\/pl\/#organization"},"potentialAction":[{"@type":"SearchAction","target":{"@type":"EntryPoint","urlTemplate":"https:\/\/toidupakk.ee\/pl\/?s={search_term_string}"},"query-input":{"@type":"PropertyValueSpecification","valueRequired":true,"valueName":"search_term_string"}}],"inLanguage":"pl-PL"},{"@type":"Organization","@id":"https:\/\/toidupakk.ee\/pl\/#organization","name":"Tactical Foodpack matkaeined","url":"https:\/\/toidupakk.ee\/pl\/","logo":{"@type":"ImageObject","inLanguage":"pl-PL","@id":"https:\/\/toidupakk.ee\/pl\/#\/schema\/logo\/image\/","url":"https:\/\/toidupakk.ee\/wp-content\/uploads\/2022\/01\/Toidupakk-matkapood-logo-transparent.png","contentUrl":"https:\/\/toidupakk.ee\/wp-content\/uploads\/2022\/01\/Toidupakk-matkapood-logo-transparent.png","width":500,"height":500,"caption":"Tactical Foodpack matkaeined"},"image":{"@id":"https:\/\/toidupakk.ee\/pl\/#\/schema\/logo\/image\/"},"sameAs":["https:\/\/www.facebook.com\/Toidupakk","https:\/\/www.instagram.com\/toidupakk\/"]}]}},"jetpack_sharing_enabled":true,"_links":{"self":[{"href":"https:\/\/toidupakk.ee\/pl\/wp-json\/wp\/v2\/product\/50679","targetHints":{"allow":["GET"]}}],"collection":[{"href":"https:\/\/toidupakk.ee\/pl\/wp-json\/wp\/v2\/product"}],"about":[{"href":"https:\/\/toidupakk.ee\/pl\/wp-json\/wp\/v2\/types\/product"}],"replies":[{"embeddable":true,"href":"https:\/\/toidupakk.ee\/pl\/wp-json\/wp\/v2\/comments?post=50679"}],"wp:featuredmedia":[{"embeddable":true,"href":"https:\/\/toidupakk.ee\/pl\/wp-json\/wp\/v2\/media\/20698"}],"wp:attachment":[{"href":"https:\/\/toidupakk.ee\/pl\/wp-json\/wp\/v2\/media?parent=50679"}],"wp:term":[{"taxonomy":"product_brand","embeddable":true,"href":"https:\/\/toidupakk.ee\/pl\/wp-json\/wp\/v2\/product_brand?post=50679"},{"taxonomy":"product_cat","embeddable":true,"href":"https:\/\/toidupakk.ee\/pl\/wp-json\/wp\/v2\/product_cat?post=50679"},{"taxonomy":"product_tag","embeddable":true,"href":"https:\/\/toidupakk.ee\/pl\/wp-json\/wp\/v2\/product_tag?post=50679"}],"curies":[{"name":"wp","href":"https:\/\/api.w.org\/{rel}","templated":true}]}}