{"id":50669,"date":"2024-01-12T12:34:09","date_gmt":"2024-01-12T10:34:09","guid":{"rendered":"https:\/\/toidupakk.ee\/toode\/mata-samopompujaca-hattan-3-8-meadowbrook\/"},"modified":"2026-04-15T22:31:37","modified_gmt":"2026-04-15T19:31:37","slug":"mata-samopompujaca-hattan-3-8-meadowbrook","status":"publish","type":"product","link":"https:\/\/toidupakk.ee\/pl\/toode\/mata-samopompujaca-hattan-3-8-meadowbrook\/","title":{"rendered":"Mata samopompuj\u0105ca Hattan 3.8 Meadowbrook"},"content":{"rendered":"<h1 class=\"my-1 text-base\">Mata samopompuj\u0105ca Hattan 3.8 Meadowbrook<\/h1>\n<p class=\"my-1 text-base\">Lekka mata samopompuj\u0105ca Hattan na trekking, kemping i podr\u00f3\u017ce. Mata zapewnia wysok\u0105 jako\u015b\u0107 snu dzi\u0119ki mi\u0119kkiej i delikatnej dla sk\u00f3ry tekstylnej powierzchni. Jej sp\u00f3d pokryto materia\u0142em zapobiegaj\u0105cym \u015blizganiu si\u0119 maty po pod\u0142o\u017cu.  <\/p>\n<p class=\"my-1 text-base\">Mata posiada specjalny zaw\u00f3r, kt\u00f3ry umo\u017cliwia szybkie pompowanie oraz wygodne wypuszczanie powietrza po u\u017cyciu. Aby zminimalizowa\u0107 rozmiar po spakowaniu, mata przed zrolowaniem jest sk\u0142adana wzd\u0142u\u017cnie. <\/p>\n<p><img fetchpriority=\"high\" decoding=\"async\" class=\"alignnone wp-image-13248 size-thumbnail\" src=\"https:\/\/toidupakk.ee\/wp-content\/uploads\/2023\/08\/Isetaituv-madrats-Hattan19-500x500.png\" alt=\"Mata samopompuj\u0105ca Hattan\" width=\"500\" height=\"500\" srcset=\"https:\/\/toidupakk.ee\/wp-content\/uploads\/2023\/08\/Isetaituv-madrats-Hattan19-500x500.png 500w, https:\/\/toidupakk.ee\/wp-content\/uploads\/2023\/08\/Isetaituv-madrats-Hattan19-400x400.png 400w, https:\/\/toidupakk.ee\/wp-content\/uploads\/2023\/08\/Isetaituv-madrats-Hattan19-100x100.png 100w, https:\/\/toidupakk.ee\/wp-content\/uploads\/2023\/08\/Isetaituv-madrats-Hattan19-800x800.png 800w, https:\/\/toidupakk.ee\/wp-content\/uploads\/2023\/08\/Isetaituv-madrats-Hattan19-300x300.png 300w, https:\/\/toidupakk.ee\/wp-content\/uploads\/2023\/08\/Isetaituv-madrats-Hattan19-1024x1024.png 1024w, https:\/\/toidupakk.ee\/wp-content\/uploads\/2023\/08\/Isetaituv-madrats-Hattan19-768x768.png 768w, https:\/\/toidupakk.ee\/wp-content\/uploads\/2023\/08\/Isetaituv-madrats-Hattan19.png 1080w\" sizes=\"(max-width: 500px) 100vw, 500px\" \/><\/p>\n<p>Interesuj\u0105 Ci\u0119 posi\u0142ki turystyczne? Zobacz <a href=\"\/?product_cat=snakk#section-3-79\">TUTAJ<\/a><\/p>\n<p>Znajd\u017a inspiracj\u0119 na kolejne przygody na <a href=\"https:\/\/www.instagram.com\/toidupakk\/\">Instagramie<\/a> i <a href=\"https:\/\/www.facebook.com\/Toidupakk\/\">Facebooku<\/a> Toidupakk.<\/p>\n","protected":false},"excerpt":{"rendered":"<p><strong>Mata samopompuj\u0105ca Hattan 3.8 Meadowbrook pozwoli ci \u015bmia\u0142o ruszy\u0107 na kolejn\u0105 przygod\u0119 w plenerze ze \u015bwiadomo\u015bci\u0105, \u017ce masz niezawodne i wygodne pod\u0142o\u017ce do spania.<\/strong><\/p>\n<p><img decoding=\"async\" class=\"alignnone wp-image-11348\" src=\"https:\/\/toidupakk.ee\/wp-content\/uploads\/2023\/07\/grandcanyon-logo.png\" alt=\"\" width=\"178\" height=\"112\" srcset=\"https:\/\/toidupakk.ee\/wp-content\/uploads\/2023\/07\/grandcanyon-logo.png 340w, https:\/\/toidupakk.ee\/wp-content\/uploads\/2023\/07\/grandcanyon-logo-300x189.png 300w\" sizes=\"(max-width: 178px) 100vw, 178px\" \/><\/p>\n<ul class=\"my-1 list-disc pl-4\">\n<li>Grubo\u015b\u0107 3,8 cm<\/li>\n<li>Wymiary: 198 x 63 cm<\/li>\n<li>Waga 1,28 kg<\/li>\n<li>Warto\u015b\u0107 R: 2.6<\/li>\n<li class=\"my-1 text-base\">Minimalna temperatura pod\u0142o\u017ca: -2,4\u00b0C<\/li>\n<li class=\"my-1 text-base\">Materia\u0142 wierzchni: poliester 75D<\/li>\n<li class=\"my-1 text-base\">Materia\u0142 spodni: poliester 75D z pow\u0142ok\u0105 antypo\u015blizgow\u0105<\/li>\n<li class=\"my-1 text-base\">Wype\u0142nienie: lekka pianka PU o g\u0119sto\u015bci 14 kg\/m3<\/li>\n<li class=\"my-1 text-base\">Konstrukcja wype\u0142nienia: perforacja pionowa<\/li>\n<li class=\"my-1 text-base\">Wymiary po spakowaniu: L \u00d820 x 33 cm<\/li>\n<li class=\"my-1 text-base\">Obj\u0119to\u015b\u0107: 10,3 l<\/li>\n<li>Kolor: Meadowbrook (jasnoniebieski)<\/li>\n<li>Marka: Grand Canyon<\/li>\n<\/ul>\n<p><img decoding=\"async\" class=\"alignnone size-full wp-image-18796\" src=\"https:\/\/toidupakk.ee\/wp-content\/uploads\/2024\/01\/Isetaituv-madrats-hattan-moodud-2.png\" alt=\"\" width=\"400\" height=\"100\" srcset=\"https:\/\/toidupakk.ee\/wp-content\/uploads\/2024\/01\/Isetaituv-madrats-hattan-moodud-2.png 400w, https:\/\/toidupakk.ee\/wp-content\/uploads\/2024\/01\/Isetaituv-madrats-hattan-moodud-2-300x75.png 300w\" sizes=\"(max-width: 400px) 100vw, 400px\" \/><\/p>\n<p>\u2705 Dost\u0119pne w magazynie, szybka dostawa w 1-3 dni robocze<br \/>\n\u2705 BEZP\u0141ATNY zwrot i wymiana<br \/>\n\u2705 Kup teraz, zap\u0142a\u0107 p\u00f3\u017aniej (RRSO 0%)<\/p>\n","protected":false},"featured_media":13230,"comment_status":"open","ping_status":"closed","template":"","meta":{"_acf_changed":false},"product_brand":[],"product_cat":[303,374,301],"product_tag":[],"class_list":{"0":"post-50669","1":"product","2":"type-product","3":"status-publish","4":"has-post-thumbnail","6":"product_cat-akcesoria-turystyczne","7":"product_cat-materace-i-maty-turystyczne","8":"product_cat-sprzet-turystyczny","10":"first","11":"outofstock","12":"taxable","13":"shipping-taxable","14":"purchasable","15":"product-type-simple"},"bundled_by":[],"bundle_stock_status":"outofstock","bundle_stock_quantity":0,"bundle_virtual":false,"bundle_layout":"","bundle_add_to_cart_form_location":"","bundle_editable_in_cart":false,"bundle_sold_individually_context":"","bundle_item_grouping":"","bundle_min_size":"","bundle_max_size":"","bundle_price":[],"bundled_items":[],"bundle_sell_ids":[],"acf":[],"yoast_head":"<!-- This site is optimized with the Yoast SEO plugin v27.3 - https:\/\/yoast.com\/product\/yoast-seo-wordpress\/ -->\n<title>Mata samopompuj\u0105ca Hattan 3.8 Meadowbrook<\/title>\n<meta name=\"description\" content=\"Mata samopompuj\u0105ca Hattan 3.8 Meadowbrook to lekka mata do u\u017cytku pod namiotem, na trekkingach lub innych wyjazdach. Specjalny zaw\u00f3r pozwala na szybkie nape\u0142nienie maty powietrzem.\" \/>\n<meta name=\"robots\" content=\"index, follow, max-snippet:-1, max-image-preview:large, max-video-preview:-1\" \/>\n<link rel=\"canonical\" href=\"https:\/\/toidupakk.ee\/pl\/toode\/mata-samopompujaca-hattan-3-8-meadowbrook\/\" \/>\n<meta property=\"og:locale\" content=\"pl_PL\" \/>\n<meta property=\"og:type\" content=\"article\" \/>\n<meta property=\"og:title\" content=\"Mata samopompuj\u0105ca Hattan 3.8 Meadowbrook\" \/>\n<meta property=\"og:description\" content=\"Mata samopompuj\u0105ca Hattan 3.8 Meadowbrook to lekka mata do u\u017cytku pod namiotem, na trekkingach lub innych wyjazdach. Specjalny zaw\u00f3r pozwala na szybkie nape\u0142nienie maty powietrzem.\" \/>\n<meta property=\"og:url\" content=\"https:\/\/toidupakk.ee\/pl\/toode\/mata-samopompujaca-hattan-3-8-meadowbrook\/\" \/>\n<meta property=\"og:site_name\" content=\"Toidupakk.ee - Tactical Foodpack toidupakid\" \/>\n<meta property=\"article:publisher\" content=\"https:\/\/www.facebook.com\/Toidupakk\" \/>\n<meta property=\"article:modified_time\" content=\"2026-04-15T19:31:37+00:00\" \/>\n<meta property=\"og:image\" content=\"https:\/\/toidupakk.ee\/wp-content\/uploads\/2023\/08\/Isetaituv-madrats-Hattan1.png\" \/>\n\t<meta property=\"og:image:width\" content=\"1080\" \/>\n\t<meta property=\"og:image:height\" content=\"1080\" \/>\n\t<meta property=\"og:image:type\" content=\"image\/png\" \/>\n<meta name=\"twitter:card\" content=\"summary_large_image\" \/>\n<script type=\"application\/ld+json\" class=\"yoast-schema-graph\">{\"@context\":\"https:\\\/\\\/schema.org\",\"@graph\":[{\"@type\":\"WebPage\",\"@id\":\"https:\\\/\\\/toidupakk.ee\\\/pl\\\/toode\\\/mata-samopompujaca-hattan-3-8-meadowbrook\\\/\",\"url\":\"https:\\\/\\\/toidupakk.ee\\\/pl\\\/toode\\\/mata-samopompujaca-hattan-3-8-meadowbrook\\\/\",\"name\":\"Mata samopompuj\u0105ca Hattan 3.8 Meadowbrook\",\"isPartOf\":{\"@id\":\"https:\\\/\\\/toidupakk.ee\\\/pl\\\/#website\"},\"primaryImageOfPage\":{\"@id\":\"https:\\\/\\\/toidupakk.ee\\\/pl\\\/toode\\\/mata-samopompujaca-hattan-3-8-meadowbrook\\\/#primaryimage\"},\"image\":{\"@id\":\"https:\\\/\\\/toidupakk.ee\\\/pl\\\/toode\\\/mata-samopompujaca-hattan-3-8-meadowbrook\\\/#primaryimage\"},\"thumbnailUrl\":\"https:\\\/\\\/toidupakk.ee\\\/wp-content\\\/uploads\\\/2023\\\/08\\\/Isetaituv-madrats-Hattan1.png\",\"datePublished\":\"2024-01-12T10:34:09+00:00\",\"dateModified\":\"2026-04-15T19:31:37+00:00\",\"description\":\"Mata samopompuj\u0105ca Hattan 3.8 Meadowbrook to lekka mata do u\u017cytku pod namiotem, na trekkingach lub innych wyjazdach. Specjalny zaw\u00f3r pozwala na szybkie nape\u0142nienie maty powietrzem.\",\"breadcrumb\":{\"@id\":\"https:\\\/\\\/toidupakk.ee\\\/pl\\\/toode\\\/mata-samopompujaca-hattan-3-8-meadowbrook\\\/#breadcrumb\"},\"inLanguage\":\"pl-PL\",\"potentialAction\":[{\"@type\":\"ReadAction\",\"target\":[\"https:\\\/\\\/toidupakk.ee\\\/pl\\\/toode\\\/mata-samopompujaca-hattan-3-8-meadowbrook\\\/\"]}]},{\"@type\":\"ImageObject\",\"inLanguage\":\"pl-PL\",\"@id\":\"https:\\\/\\\/toidupakk.ee\\\/pl\\\/toode\\\/mata-samopompujaca-hattan-3-8-meadowbrook\\\/#primaryimage\",\"url\":\"https:\\\/\\\/toidupakk.ee\\\/wp-content\\\/uploads\\\/2023\\\/08\\\/Isetaituv-madrats-Hattan1.png\",\"contentUrl\":\"https:\\\/\\\/toidupakk.ee\\\/wp-content\\\/uploads\\\/2023\\\/08\\\/Isetaituv-madrats-Hattan1.png\",\"width\":1080,\"height\":1080,\"caption\":\"Iset\u00e4ituv madrats Hattan helesinine\"},{\"@type\":\"BreadcrumbList\",\"@id\":\"https:\\\/\\\/toidupakk.ee\\\/pl\\\/toode\\\/mata-samopompujaca-hattan-3-8-meadowbrook\\\/#breadcrumb\",\"itemListElement\":[{\"@type\":\"ListItem\",\"position\":1,\"name\":\"Avaleht\",\"item\":\"https:\\\/\\\/toidupakk.ee\\\/pl\\\/\"},{\"@type\":\"ListItem\",\"position\":2,\"name\":\"Sklep internetowy\",\"item\":\"https:\\\/\\\/toidupakk.ee\\\/pl\\\/sklep-internetowy\\\/\"},{\"@type\":\"ListItem\",\"position\":3,\"name\":\"Mata samopompuj\u0105ca Hattan 3.8 Meadowbrook\"}]},{\"@type\":\"WebSite\",\"@id\":\"https:\\\/\\\/toidupakk.ee\\\/pl\\\/#website\",\"url\":\"https:\\\/\\\/toidupakk.ee\\\/pl\\\/\",\"name\":\"Toidupakk.ee - Tactical Foodpack toidupakid\",\"description\":\"Tactical Foodpack k\u00fclmkuivatatud toidupakid ja matkaeined\",\"publisher\":{\"@id\":\"https:\\\/\\\/toidupakk.ee\\\/pl\\\/#organization\"},\"potentialAction\":[{\"@type\":\"SearchAction\",\"target\":{\"@type\":\"EntryPoint\",\"urlTemplate\":\"https:\\\/\\\/toidupakk.ee\\\/pl\\\/?s={search_term_string}\"},\"query-input\":{\"@type\":\"PropertyValueSpecification\",\"valueRequired\":true,\"valueName\":\"search_term_string\"}}],\"inLanguage\":\"pl-PL\"},{\"@type\":\"Organization\",\"@id\":\"https:\\\/\\\/toidupakk.ee\\\/pl\\\/#organization\",\"name\":\"Tactical Foodpack matkaeined\",\"url\":\"https:\\\/\\\/toidupakk.ee\\\/pl\\\/\",\"logo\":{\"@type\":\"ImageObject\",\"inLanguage\":\"pl-PL\",\"@id\":\"https:\\\/\\\/toidupakk.ee\\\/pl\\\/#\\\/schema\\\/logo\\\/image\\\/\",\"url\":\"https:\\\/\\\/toidupakk.ee\\\/wp-content\\\/uploads\\\/2022\\\/01\\\/Toidupakk-matkapood-logo-transparent.png\",\"contentUrl\":\"https:\\\/\\\/toidupakk.ee\\\/wp-content\\\/uploads\\\/2022\\\/01\\\/Toidupakk-matkapood-logo-transparent.png\",\"width\":500,\"height\":500,\"caption\":\"Tactical Foodpack matkaeined\"},\"image\":{\"@id\":\"https:\\\/\\\/toidupakk.ee\\\/pl\\\/#\\\/schema\\\/logo\\\/image\\\/\"},\"sameAs\":[\"https:\\\/\\\/www.facebook.com\\\/Toidupakk\",\"https:\\\/\\\/www.instagram.com\\\/toidupakk\\\/\"]}]}<\/script>\n<!-- \/ Yoast SEO plugin. -->","yoast_head_json":{"title":"Mata samopompuj\u0105ca Hattan 3.8 Meadowbrook","description":"Mata samopompuj\u0105ca Hattan 3.8 Meadowbrook to lekka mata do u\u017cytku pod namiotem, na trekkingach lub innych wyjazdach. Specjalny zaw\u00f3r pozwala na szybkie nape\u0142nienie maty powietrzem.","robots":{"index":"index","follow":"follow","max-snippet":"max-snippet:-1","max-image-preview":"max-image-preview:large","max-video-preview":"max-video-preview:-1"},"canonical":"https:\/\/toidupakk.ee\/pl\/toode\/mata-samopompujaca-hattan-3-8-meadowbrook\/","og_locale":"pl_PL","og_type":"article","og_title":"Mata samopompuj\u0105ca Hattan 3.8 Meadowbrook","og_description":"Mata samopompuj\u0105ca Hattan 3.8 Meadowbrook to lekka mata do u\u017cytku pod namiotem, na trekkingach lub innych wyjazdach. Specjalny zaw\u00f3r pozwala na szybkie nape\u0142nienie maty powietrzem.","og_url":"https:\/\/toidupakk.ee\/pl\/toode\/mata-samopompujaca-hattan-3-8-meadowbrook\/","og_site_name":"Toidupakk.ee - Tactical Foodpack toidupakid","article_publisher":"https:\/\/www.facebook.com\/Toidupakk","article_modified_time":"2026-04-15T19:31:37+00:00","og_image":[{"width":1080,"height":1080,"url":"https:\/\/toidupakk.ee\/wp-content\/uploads\/2023\/08\/Isetaituv-madrats-Hattan1.png","type":"image\/png"}],"twitter_card":"summary_large_image","schema":{"@context":"https:\/\/schema.org","@graph":[{"@type":"WebPage","@id":"https:\/\/toidupakk.ee\/pl\/toode\/mata-samopompujaca-hattan-3-8-meadowbrook\/","url":"https:\/\/toidupakk.ee\/pl\/toode\/mata-samopompujaca-hattan-3-8-meadowbrook\/","name":"Mata samopompuj\u0105ca Hattan 3.8 Meadowbrook","isPartOf":{"@id":"https:\/\/toidupakk.ee\/pl\/#website"},"primaryImageOfPage":{"@id":"https:\/\/toidupakk.ee\/pl\/toode\/mata-samopompujaca-hattan-3-8-meadowbrook\/#primaryimage"},"image":{"@id":"https:\/\/toidupakk.ee\/pl\/toode\/mata-samopompujaca-hattan-3-8-meadowbrook\/#primaryimage"},"thumbnailUrl":"https:\/\/toidupakk.ee\/wp-content\/uploads\/2023\/08\/Isetaituv-madrats-Hattan1.png","datePublished":"2024-01-12T10:34:09+00:00","dateModified":"2026-04-15T19:31:37+00:00","description":"Mata samopompuj\u0105ca Hattan 3.8 Meadowbrook to lekka mata do u\u017cytku pod namiotem, na trekkingach lub innych wyjazdach. Specjalny zaw\u00f3r pozwala na szybkie nape\u0142nienie maty powietrzem.","breadcrumb":{"@id":"https:\/\/toidupakk.ee\/pl\/toode\/mata-samopompujaca-hattan-3-8-meadowbrook\/#breadcrumb"},"inLanguage":"pl-PL","potentialAction":[{"@type":"ReadAction","target":["https:\/\/toidupakk.ee\/pl\/toode\/mata-samopompujaca-hattan-3-8-meadowbrook\/"]}]},{"@type":"ImageObject","inLanguage":"pl-PL","@id":"https:\/\/toidupakk.ee\/pl\/toode\/mata-samopompujaca-hattan-3-8-meadowbrook\/#primaryimage","url":"https:\/\/toidupakk.ee\/wp-content\/uploads\/2023\/08\/Isetaituv-madrats-Hattan1.png","contentUrl":"https:\/\/toidupakk.ee\/wp-content\/uploads\/2023\/08\/Isetaituv-madrats-Hattan1.png","width":1080,"height":1080,"caption":"Iset\u00e4ituv madrats Hattan helesinine"},{"@type":"BreadcrumbList","@id":"https:\/\/toidupakk.ee\/pl\/toode\/mata-samopompujaca-hattan-3-8-meadowbrook\/#breadcrumb","itemListElement":[{"@type":"ListItem","position":1,"name":"Avaleht","item":"https:\/\/toidupakk.ee\/pl\/"},{"@type":"ListItem","position":2,"name":"Sklep internetowy","item":"https:\/\/toidupakk.ee\/pl\/sklep-internetowy\/"},{"@type":"ListItem","position":3,"name":"Mata samopompuj\u0105ca Hattan 3.8 Meadowbrook"}]},{"@type":"WebSite","@id":"https:\/\/toidupakk.ee\/pl\/#website","url":"https:\/\/toidupakk.ee\/pl\/","name":"Toidupakk.ee - Tactical Foodpack toidupakid","description":"Tactical Foodpack k\u00fclmkuivatatud toidupakid ja matkaeined","publisher":{"@id":"https:\/\/toidupakk.ee\/pl\/#organization"},"potentialAction":[{"@type":"SearchAction","target":{"@type":"EntryPoint","urlTemplate":"https:\/\/toidupakk.ee\/pl\/?s={search_term_string}"},"query-input":{"@type":"PropertyValueSpecification","valueRequired":true,"valueName":"search_term_string"}}],"inLanguage":"pl-PL"},{"@type":"Organization","@id":"https:\/\/toidupakk.ee\/pl\/#organization","name":"Tactical Foodpack matkaeined","url":"https:\/\/toidupakk.ee\/pl\/","logo":{"@type":"ImageObject","inLanguage":"pl-PL","@id":"https:\/\/toidupakk.ee\/pl\/#\/schema\/logo\/image\/","url":"https:\/\/toidupakk.ee\/wp-content\/uploads\/2022\/01\/Toidupakk-matkapood-logo-transparent.png","contentUrl":"https:\/\/toidupakk.ee\/wp-content\/uploads\/2022\/01\/Toidupakk-matkapood-logo-transparent.png","width":500,"height":500,"caption":"Tactical Foodpack matkaeined"},"image":{"@id":"https:\/\/toidupakk.ee\/pl\/#\/schema\/logo\/image\/"},"sameAs":["https:\/\/www.facebook.com\/Toidupakk","https:\/\/www.instagram.com\/toidupakk\/"]}]}},"jetpack_sharing_enabled":true,"_links":{"self":[{"href":"https:\/\/toidupakk.ee\/pl\/wp-json\/wp\/v2\/product\/50669","targetHints":{"allow":["GET"]}}],"collection":[{"href":"https:\/\/toidupakk.ee\/pl\/wp-json\/wp\/v2\/product"}],"about":[{"href":"https:\/\/toidupakk.ee\/pl\/wp-json\/wp\/v2\/types\/product"}],"replies":[{"embeddable":true,"href":"https:\/\/toidupakk.ee\/pl\/wp-json\/wp\/v2\/comments?post=50669"}],"wp:featuredmedia":[{"embeddable":true,"href":"https:\/\/toidupakk.ee\/pl\/wp-json\/wp\/v2\/media\/13230"}],"wp:attachment":[{"href":"https:\/\/toidupakk.ee\/pl\/wp-json\/wp\/v2\/media?parent=50669"}],"wp:term":[{"taxonomy":"product_brand","embeddable":true,"href":"https:\/\/toidupakk.ee\/pl\/wp-json\/wp\/v2\/product_brand?post=50669"},{"taxonomy":"product_cat","embeddable":true,"href":"https:\/\/toidupakk.ee\/pl\/wp-json\/wp\/v2\/product_cat?post=50669"},{"taxonomy":"product_tag","embeddable":true,"href":"https:\/\/toidupakk.ee\/pl\/wp-json\/wp\/v2\/product_tag?post=50669"}],"curies":[{"name":"wp","href":"https:\/\/api.w.org\/{rel}","templated":true}]}}