{"id":50663,"date":"2024-01-09T10:55:16","date_gmt":"2024-01-09T08:55:16","guid":{"rendered":"https:\/\/toidupakk.ee\/toode\/zestaw-sztuccow-z-karabinczykiem\/"},"modified":"2026-04-14T10:30:29","modified_gmt":"2026-04-14T07:30:29","slug":"zestaw-sztuccow-z-karabinczykiem","status":"publish","type":"product","link":"https:\/\/toidupakk.ee\/pl\/toode\/zestaw-sztuccow-z-karabinczykiem\/","title":{"rendered":"Zestaw sztu\u0107c\u00f3w z karabi\u0144czykiem"},"content":{"rendered":"<h1>Zestaw sztu\u0107c\u00f3w z karabi\u0144czykiem<\/h1>\n<p class=\"my-1 text-base\">Zestaw sztu\u0107c\u00f3w z karabi\u0144czykiem to \u015bwietna pomoc przy jedzeniu w plenerze, zw\u0142aszcza podczas w\u0119dr\u00f3wek, biwakowania czy piknik\u00f3w. Wytrzyma\u0142e tworzywo sprawia, \u017ce zestaw jest lekki i trwa\u0142y, co czyni go idealnym towarzyszem wypraw. Karabi\u0144czyk pozwala wygodnie przypi\u0105\u0107 zestaw np. do plecaka.  <\/p>\n<p class=\"my-1 text-base\">Zalety zestawu to \u0142atwe przechowywanie i transport dzi\u0119ki niskiej wadze oraz wysoka trwa\u0142o\u015b\u0107 zapewniaj\u0105ca d\u0142ugie u\u017cytkowanie. Idealny dla w\u0119drowc\u00f3w, biwakowicz\u00f3w, w\u0119dkarzy i ka\u017cdego, kto lubi sp\u0119dza\u0107 czas na \u0142onie natury i potrzebuje kompaktowego, praktycznego zestawu sztu\u0107c\u00f3w z karabi\u0144czykiem. <\/p>\n<p>Interesujesz si\u0119 sprz\u0119tem turystycznym? Dowiedz si\u0119 wi\u0119cej  <a href=\"https:\/\/toidupakk.ee\/pl\/tootekategooria\/sprzet-turystyczny\/#section-3-79\">TUTAJ<\/a><\/p>\n<p>Interesuj\u0105 Ci\u0119 posi\u0142ki turystyczne? Zobacz <a href=\"https:\/\/toidupakk.ee\/pl\/tootekategooria\/dania-glowne\/\">TUTAJ<\/a><\/p>\n<p>Znajd\u017a inspiracj\u0119 na kolejne przygody na <a href=\"https:\/\/www.instagram.com\/toidupakk\/\">Instagramie<\/a> i <a href=\"https:\/\/www.facebook.com\/Toidupakk\/\">Facebooku<\/a> Toidupakk.<\/p>\n","protected":false},"excerpt":{"rendered":"<p>Zestaw sztu\u0107c\u00f3w przyda si\u0119 w wielu sytuacjach. To doskona\u0142y wyb\u00f3r na w\u0119dr\u00f3wki, biwaki czy pikniki. Ten lekki i kompaktowy zestaw pozwoli Ci swobodnie cieszy\u0107 si\u0119 posi\u0142kiem w plenerze, b\u0119d\u0105c wygodnym i praktycznym towarzyszem. Sprawdzi si\u0119 r\u00f3wnie\u017c w podr\u00f3\u017cy, gdy potrzebujesz lekkich i \u0142atwych do przenoszenia sztu\u0107c\u00f3w.   <\/p>\n<ul>\n<li>W zestawie widelec, n\u00f3\u017c i \u0142y\u017cka<\/li>\n<li>Lekki, a zarazem wykonany z wytrzyma\u0142ego tworzywa<\/li>\n<li>Wygodne mocowanie karabi\u0144czykiem, np. do plecaka<\/li>\n<li>Waga: 45 g<\/li>\n<li>Marka: Fosco Industries<\/li>\n<li>Kolor: zielony<\/li>\n<\/ul>\n<p>\u2705 Dost\u0119pne w magazynie, szybka dostawa w 1\u20133 dni robocze<\/p>\n","protected":false},"featured_media":17971,"comment_status":"open","ping_status":"closed","template":"","meta":{"_acf_changed":false},"product_brand":[],"product_cat":[303,301,354],"product_tag":[],"class_list":{"0":"post-50663","1":"product","2":"type-product","3":"status-publish","4":"has-post-thumbnail","6":"product_cat-akcesoria-turystyczne","7":"product_cat-sprzet-turystyczny","8":"product_cat-sztucce","10":"first","11":"instock","12":"taxable","13":"shipping-taxable","14":"purchasable","15":"product-type-simple"},"bundled_by":[],"bundle_stock_status":"instock","bundle_stock_quantity":1,"bundle_virtual":false,"bundle_layout":"","bundle_add_to_cart_form_location":"","bundle_editable_in_cart":false,"bundle_sold_individually_context":"","bundle_item_grouping":"","bundle_min_size":"","bundle_max_size":"","bundle_price":[],"bundled_items":[],"bundle_sell_ids":[],"acf":[],"yoast_head":"<!-- This site is optimized with the Yoast SEO plugin v27.3 - https:\/\/yoast.com\/product\/yoast-seo-wordpress\/ -->\n<title>Zestaw sztu\u0107c\u00f3w z karabi\u0144czykiem - Toidupakk.ee - Tactical Foodpack toidupakid<\/title>\n<meta name=\"description\" content=\"Zestaw sztu\u0107c\u00f3w z karabi\u0144czykiem. Lekki, a zarazem wykonany z wytrzyma\u0142ego tworzywa zestaw zawiera widelec, n\u00f3\u017c i \u0142y\u017ck\u0119.\" \/>\n<meta name=\"robots\" content=\"index, follow, max-snippet:-1, max-image-preview:large, max-video-preview:-1\" \/>\n<link rel=\"canonical\" href=\"https:\/\/toidupakk.ee\/pl\/toode\/zestaw-sztuccow-z-karabinczykiem\/\" \/>\n<meta property=\"og:locale\" content=\"pl_PL\" \/>\n<meta property=\"og:type\" content=\"article\" \/>\n<meta property=\"og:title\" content=\"Zestaw sztu\u0107c\u00f3w z karabi\u0144czykiem - Toidupakk.ee - Tactical Foodpack toidupakid\" \/>\n<meta property=\"og:description\" content=\"Zestaw sztu\u0107c\u00f3w z karabi\u0144czykiem. Lekki, a zarazem wykonany z wytrzyma\u0142ego tworzywa zestaw zawiera widelec, n\u00f3\u017c i \u0142y\u017ck\u0119.\" \/>\n<meta property=\"og:url\" content=\"https:\/\/toidupakk.ee\/pl\/toode\/zestaw-sztuccow-z-karabinczykiem\/\" \/>\n<meta property=\"og:site_name\" content=\"Toidupakk.ee - Tactical Foodpack toidupakid\" \/>\n<meta property=\"article:publisher\" content=\"https:\/\/www.facebook.com\/Toidupakk\" \/>\n<meta property=\"article:modified_time\" content=\"2026-04-14T07:30:29+00:00\" \/>\n<meta property=\"og:image\" content=\"https:\/\/toidupakk.ee\/wp-content\/uploads\/2023\/12\/Soogiriistade-komplekt-matkale-karabiiniga30.png\" \/>\n\t<meta property=\"og:image:width\" content=\"800\" \/>\n\t<meta property=\"og:image:height\" content=\"800\" \/>\n\t<meta property=\"og:image:type\" content=\"image\/png\" \/>\n<meta name=\"twitter:card\" content=\"summary_large_image\" \/>\n<meta name=\"twitter:label1\" content=\"Szacowany czas czytania\" \/>\n\t<meta name=\"twitter:data1\" content=\"1 minuta\" \/>\n<script type=\"application\/ld+json\" class=\"yoast-schema-graph\">{\"@context\":\"https:\\\/\\\/schema.org\",\"@graph\":[{\"@type\":\"WebPage\",\"@id\":\"https:\\\/\\\/toidupakk.ee\\\/pl\\\/toode\\\/zestaw-sztuccow-z-karabinczykiem\\\/\",\"url\":\"https:\\\/\\\/toidupakk.ee\\\/pl\\\/toode\\\/zestaw-sztuccow-z-karabinczykiem\\\/\",\"name\":\"Zestaw sztu\u0107c\u00f3w z karabi\u0144czykiem - Toidupakk.ee - Tactical Foodpack toidupakid\",\"isPartOf\":{\"@id\":\"https:\\\/\\\/toidupakk.ee\\\/pl\\\/#website\"},\"primaryImageOfPage\":{\"@id\":\"https:\\\/\\\/toidupakk.ee\\\/pl\\\/toode\\\/zestaw-sztuccow-z-karabinczykiem\\\/#primaryimage\"},\"image\":{\"@id\":\"https:\\\/\\\/toidupakk.ee\\\/pl\\\/toode\\\/zestaw-sztuccow-z-karabinczykiem\\\/#primaryimage\"},\"thumbnailUrl\":\"https:\\\/\\\/toidupakk.ee\\\/wp-content\\\/uploads\\\/2023\\\/12\\\/Soogiriistade-komplekt-matkale-karabiiniga30.png\",\"datePublished\":\"2024-01-09T08:55:16+00:00\",\"dateModified\":\"2026-04-14T07:30:29+00:00\",\"description\":\"Zestaw sztu\u0107c\u00f3w z karabi\u0144czykiem. Lekki, a zarazem wykonany z wytrzyma\u0142ego tworzywa zestaw zawiera widelec, n\u00f3\u017c i \u0142y\u017ck\u0119.\",\"breadcrumb\":{\"@id\":\"https:\\\/\\\/toidupakk.ee\\\/pl\\\/toode\\\/zestaw-sztuccow-z-karabinczykiem\\\/#breadcrumb\"},\"inLanguage\":\"pl-PL\",\"potentialAction\":[{\"@type\":\"ReadAction\",\"target\":[\"https:\\\/\\\/toidupakk.ee\\\/pl\\\/toode\\\/zestaw-sztuccow-z-karabinczykiem\\\/\"]}]},{\"@type\":\"ImageObject\",\"inLanguage\":\"pl-PL\",\"@id\":\"https:\\\/\\\/toidupakk.ee\\\/pl\\\/toode\\\/zestaw-sztuccow-z-karabinczykiem\\\/#primaryimage\",\"url\":\"https:\\\/\\\/toidupakk.ee\\\/wp-content\\\/uploads\\\/2023\\\/12\\\/Soogiriistade-komplekt-matkale-karabiiniga30.png\",\"contentUrl\":\"https:\\\/\\\/toidupakk.ee\\\/wp-content\\\/uploads\\\/2023\\\/12\\\/Soogiriistade-komplekt-matkale-karabiiniga30.png\",\"width\":800,\"height\":800,\"caption\":\"S\u00f6\u00f6giriistade komplekt matkale karabiiniga 1\"},{\"@type\":\"BreadcrumbList\",\"@id\":\"https:\\\/\\\/toidupakk.ee\\\/pl\\\/toode\\\/zestaw-sztuccow-z-karabinczykiem\\\/#breadcrumb\",\"itemListElement\":[{\"@type\":\"ListItem\",\"position\":1,\"name\":\"Avaleht\",\"item\":\"https:\\\/\\\/toidupakk.ee\\\/pl\\\/\"},{\"@type\":\"ListItem\",\"position\":2,\"name\":\"Sklep internetowy\",\"item\":\"https:\\\/\\\/toidupakk.ee\\\/pl\\\/sklep-internetowy\\\/\"},{\"@type\":\"ListItem\",\"position\":3,\"name\":\"Zestaw sztu\u0107c\u00f3w z karabi\u0144czykiem\"}]},{\"@type\":\"WebSite\",\"@id\":\"https:\\\/\\\/toidupakk.ee\\\/pl\\\/#website\",\"url\":\"https:\\\/\\\/toidupakk.ee\\\/pl\\\/\",\"name\":\"Toidupakk.ee - Tactical Foodpack toidupakid\",\"description\":\"Tactical Foodpack k\u00fclmkuivatatud toidupakid ja matkaeined\",\"publisher\":{\"@id\":\"https:\\\/\\\/toidupakk.ee\\\/pl\\\/#organization\"},\"potentialAction\":[{\"@type\":\"SearchAction\",\"target\":{\"@type\":\"EntryPoint\",\"urlTemplate\":\"https:\\\/\\\/toidupakk.ee\\\/pl\\\/?s={search_term_string}\"},\"query-input\":{\"@type\":\"PropertyValueSpecification\",\"valueRequired\":true,\"valueName\":\"search_term_string\"}}],\"inLanguage\":\"pl-PL\"},{\"@type\":\"Organization\",\"@id\":\"https:\\\/\\\/toidupakk.ee\\\/pl\\\/#organization\",\"name\":\"Tactical Foodpack matkaeined\",\"url\":\"https:\\\/\\\/toidupakk.ee\\\/pl\\\/\",\"logo\":{\"@type\":\"ImageObject\",\"inLanguage\":\"pl-PL\",\"@id\":\"https:\\\/\\\/toidupakk.ee\\\/pl\\\/#\\\/schema\\\/logo\\\/image\\\/\",\"url\":\"https:\\\/\\\/toidupakk.ee\\\/wp-content\\\/uploads\\\/2022\\\/01\\\/Toidupakk-matkapood-logo-transparent.png\",\"contentUrl\":\"https:\\\/\\\/toidupakk.ee\\\/wp-content\\\/uploads\\\/2022\\\/01\\\/Toidupakk-matkapood-logo-transparent.png\",\"width\":500,\"height\":500,\"caption\":\"Tactical Foodpack matkaeined\"},\"image\":{\"@id\":\"https:\\\/\\\/toidupakk.ee\\\/pl\\\/#\\\/schema\\\/logo\\\/image\\\/\"},\"sameAs\":[\"https:\\\/\\\/www.facebook.com\\\/Toidupakk\",\"https:\\\/\\\/www.instagram.com\\\/toidupakk\\\/\"]}]}<\/script>\n<!-- \/ Yoast SEO plugin. -->","yoast_head_json":{"title":"Zestaw sztu\u0107c\u00f3w z karabi\u0144czykiem - Toidupakk.ee - Tactical Foodpack toidupakid","description":"Zestaw sztu\u0107c\u00f3w z karabi\u0144czykiem. Lekki, a zarazem wykonany z wytrzyma\u0142ego tworzywa zestaw zawiera widelec, n\u00f3\u017c i \u0142y\u017ck\u0119.","robots":{"index":"index","follow":"follow","max-snippet":"max-snippet:-1","max-image-preview":"max-image-preview:large","max-video-preview":"max-video-preview:-1"},"canonical":"https:\/\/toidupakk.ee\/pl\/toode\/zestaw-sztuccow-z-karabinczykiem\/","og_locale":"pl_PL","og_type":"article","og_title":"Zestaw sztu\u0107c\u00f3w z karabi\u0144czykiem - Toidupakk.ee - Tactical Foodpack toidupakid","og_description":"Zestaw sztu\u0107c\u00f3w z karabi\u0144czykiem. Lekki, a zarazem wykonany z wytrzyma\u0142ego tworzywa zestaw zawiera widelec, n\u00f3\u017c i \u0142y\u017ck\u0119.","og_url":"https:\/\/toidupakk.ee\/pl\/toode\/zestaw-sztuccow-z-karabinczykiem\/","og_site_name":"Toidupakk.ee - Tactical Foodpack toidupakid","article_publisher":"https:\/\/www.facebook.com\/Toidupakk","article_modified_time":"2026-04-14T07:30:29+00:00","og_image":[{"width":800,"height":800,"url":"https:\/\/toidupakk.ee\/wp-content\/uploads\/2023\/12\/Soogiriistade-komplekt-matkale-karabiiniga30.png","type":"image\/png"}],"twitter_card":"summary_large_image","twitter_misc":{"Szacowany czas czytania":"1 minuta"},"schema":{"@context":"https:\/\/schema.org","@graph":[{"@type":"WebPage","@id":"https:\/\/toidupakk.ee\/pl\/toode\/zestaw-sztuccow-z-karabinczykiem\/","url":"https:\/\/toidupakk.ee\/pl\/toode\/zestaw-sztuccow-z-karabinczykiem\/","name":"Zestaw sztu\u0107c\u00f3w z karabi\u0144czykiem - Toidupakk.ee - Tactical Foodpack toidupakid","isPartOf":{"@id":"https:\/\/toidupakk.ee\/pl\/#website"},"primaryImageOfPage":{"@id":"https:\/\/toidupakk.ee\/pl\/toode\/zestaw-sztuccow-z-karabinczykiem\/#primaryimage"},"image":{"@id":"https:\/\/toidupakk.ee\/pl\/toode\/zestaw-sztuccow-z-karabinczykiem\/#primaryimage"},"thumbnailUrl":"https:\/\/toidupakk.ee\/wp-content\/uploads\/2023\/12\/Soogiriistade-komplekt-matkale-karabiiniga30.png","datePublished":"2024-01-09T08:55:16+00:00","dateModified":"2026-04-14T07:30:29+00:00","description":"Zestaw sztu\u0107c\u00f3w z karabi\u0144czykiem. Lekki, a zarazem wykonany z wytrzyma\u0142ego tworzywa zestaw zawiera widelec, n\u00f3\u017c i \u0142y\u017ck\u0119.","breadcrumb":{"@id":"https:\/\/toidupakk.ee\/pl\/toode\/zestaw-sztuccow-z-karabinczykiem\/#breadcrumb"},"inLanguage":"pl-PL","potentialAction":[{"@type":"ReadAction","target":["https:\/\/toidupakk.ee\/pl\/toode\/zestaw-sztuccow-z-karabinczykiem\/"]}]},{"@type":"ImageObject","inLanguage":"pl-PL","@id":"https:\/\/toidupakk.ee\/pl\/toode\/zestaw-sztuccow-z-karabinczykiem\/#primaryimage","url":"https:\/\/toidupakk.ee\/wp-content\/uploads\/2023\/12\/Soogiriistade-komplekt-matkale-karabiiniga30.png","contentUrl":"https:\/\/toidupakk.ee\/wp-content\/uploads\/2023\/12\/Soogiriistade-komplekt-matkale-karabiiniga30.png","width":800,"height":800,"caption":"S\u00f6\u00f6giriistade komplekt matkale karabiiniga 1"},{"@type":"BreadcrumbList","@id":"https:\/\/toidupakk.ee\/pl\/toode\/zestaw-sztuccow-z-karabinczykiem\/#breadcrumb","itemListElement":[{"@type":"ListItem","position":1,"name":"Avaleht","item":"https:\/\/toidupakk.ee\/pl\/"},{"@type":"ListItem","position":2,"name":"Sklep internetowy","item":"https:\/\/toidupakk.ee\/pl\/sklep-internetowy\/"},{"@type":"ListItem","position":3,"name":"Zestaw sztu\u0107c\u00f3w z karabi\u0144czykiem"}]},{"@type":"WebSite","@id":"https:\/\/toidupakk.ee\/pl\/#website","url":"https:\/\/toidupakk.ee\/pl\/","name":"Toidupakk.ee - Tactical Foodpack toidupakid","description":"Tactical Foodpack k\u00fclmkuivatatud toidupakid ja matkaeined","publisher":{"@id":"https:\/\/toidupakk.ee\/pl\/#organization"},"potentialAction":[{"@type":"SearchAction","target":{"@type":"EntryPoint","urlTemplate":"https:\/\/toidupakk.ee\/pl\/?s={search_term_string}"},"query-input":{"@type":"PropertyValueSpecification","valueRequired":true,"valueName":"search_term_string"}}],"inLanguage":"pl-PL"},{"@type":"Organization","@id":"https:\/\/toidupakk.ee\/pl\/#organization","name":"Tactical Foodpack matkaeined","url":"https:\/\/toidupakk.ee\/pl\/","logo":{"@type":"ImageObject","inLanguage":"pl-PL","@id":"https:\/\/toidupakk.ee\/pl\/#\/schema\/logo\/image\/","url":"https:\/\/toidupakk.ee\/wp-content\/uploads\/2022\/01\/Toidupakk-matkapood-logo-transparent.png","contentUrl":"https:\/\/toidupakk.ee\/wp-content\/uploads\/2022\/01\/Toidupakk-matkapood-logo-transparent.png","width":500,"height":500,"caption":"Tactical Foodpack matkaeined"},"image":{"@id":"https:\/\/toidupakk.ee\/pl\/#\/schema\/logo\/image\/"},"sameAs":["https:\/\/www.facebook.com\/Toidupakk","https:\/\/www.instagram.com\/toidupakk\/"]}]}},"jetpack_sharing_enabled":true,"_links":{"self":[{"href":"https:\/\/toidupakk.ee\/pl\/wp-json\/wp\/v2\/product\/50663","targetHints":{"allow":["GET"]}}],"collection":[{"href":"https:\/\/toidupakk.ee\/pl\/wp-json\/wp\/v2\/product"}],"about":[{"href":"https:\/\/toidupakk.ee\/pl\/wp-json\/wp\/v2\/types\/product"}],"replies":[{"embeddable":true,"href":"https:\/\/toidupakk.ee\/pl\/wp-json\/wp\/v2\/comments?post=50663"}],"wp:featuredmedia":[{"embeddable":true,"href":"https:\/\/toidupakk.ee\/pl\/wp-json\/wp\/v2\/media\/17971"}],"wp:attachment":[{"href":"https:\/\/toidupakk.ee\/pl\/wp-json\/wp\/v2\/media?parent=50663"}],"wp:term":[{"taxonomy":"product_brand","embeddable":true,"href":"https:\/\/toidupakk.ee\/pl\/wp-json\/wp\/v2\/product_brand?post=50663"},{"taxonomy":"product_cat","embeddable":true,"href":"https:\/\/toidupakk.ee\/pl\/wp-json\/wp\/v2\/product_cat?post=50663"},{"taxonomy":"product_tag","embeddable":true,"href":"https:\/\/toidupakk.ee\/pl\/wp-json\/wp\/v2\/product_tag?post=50663"}],"curies":[{"name":"wp","href":"https:\/\/api.w.org\/{rel}","templated":true}]}}