{"id":50640,"date":"2024-02-14T16:06:46","date_gmt":"2024-02-14T14:06:46","guid":{"rendered":"https:\/\/toidupakk.ee\/toode\/powerbank-magsafe-magnetic-wireless-10-000-mah-20-w\/"},"modified":"2026-04-16T00:01:54","modified_gmt":"2026-04-15T21:01:54","slug":"powerbank-magsafe-magnetic-wireless-10-000-mah-20-w","status":"publish","type":"product","link":"https:\/\/toidupakk.ee\/pl\/toode\/powerbank-magsafe-magnetic-wireless-10-000-mah-20-w\/","title":{"rendered":"Powerbank MagSafe Magnetic Wireless 10 000 mAh 20 W"},"content":{"rendered":"<h1>Informacje o produkcie: Powerbank MagSafe Magnetic Wireless 10 000 mAh 20 W<\/h1>\n<p><iframe style=\"width: 560px; height: 315px;\" title=\"Odtwarzacz wideo YouTube\" src=\"https:\/\/www.youtube.com\/embed\/SB_0PmPPPGk\" frameborder=\"0\" allowfullscreen=\"allowfullscreen\"><span data-mce-type=\"bookmark\" style=\"display: inline-block; width: 0px; overflow: hidden; line-height: 0;\" class=\"mce_SELRES_start\"><\/span><\/iframe><\/p>\n<p><img fetchpriority=\"high\" decoding=\"async\" class=\"alignnone wp-image-20392 size-full\" src=\"https:\/\/toidupakk.ee\/wp-content\/uploads\/2024\/02\/MagSafe-akupank-Magnetic-Wireless-10-000mAh-20W-tooteinfo-must-taust-2.webp\" alt=\"Powerbank MagSafe 10 000 mAh\" width=\"990\" height=\"1824\" srcset=\"https:\/\/toidupakk.ee\/wp-content\/uploads\/2024\/02\/MagSafe-akupank-Magnetic-Wireless-10-000mAh-20W-tooteinfo-must-taust-2.webp 990w, https:\/\/toidupakk.ee\/wp-content\/uploads\/2024\/02\/MagSafe-akupank-Magnetic-Wireless-10-000mAh-20W-tooteinfo-must-taust-2-800x1474.webp 800w, https:\/\/toidupakk.ee\/wp-content\/uploads\/2024\/02\/MagSafe-akupank-Magnetic-Wireless-10-000mAh-20W-tooteinfo-must-taust-2-163x300.webp 163w, https:\/\/toidupakk.ee\/wp-content\/uploads\/2024\/02\/MagSafe-akupank-Magnetic-Wireless-10-000mAh-20W-tooteinfo-must-taust-2-556x1024.webp 556w, https:\/\/toidupakk.ee\/wp-content\/uploads\/2024\/02\/MagSafe-akupank-Magnetic-Wireless-10-000mAh-20W-tooteinfo-must-taust-2-768x1415.webp 768w, https:\/\/toidupakk.ee\/wp-content\/uploads\/2024\/02\/MagSafe-akupank-Magnetic-Wireless-10-000mAh-20W-tooteinfo-must-taust-2-834x1536.webp 834w\" sizes=\"(max-width: 990px) 100vw, 990px\" \/> <img decoding=\"async\" class=\"alignnone wp-image-20394 size-full\" src=\"https:\/\/toidupakk.ee\/wp-content\/uploads\/2024\/02\/MagSafe-akupank-Magnetic-Wireless-10-000mAh-20W-tooteinfo-must-taust-4.webp\" alt=\"Zielony powerbank MagSafe\" width=\"990\" height=\"1443\" srcset=\"https:\/\/toidupakk.ee\/wp-content\/uploads\/2024\/02\/MagSafe-akupank-Magnetic-Wireless-10-000mAh-20W-tooteinfo-must-taust-4.webp 990w, https:\/\/toidupakk.ee\/wp-content\/uploads\/2024\/02\/MagSafe-akupank-Magnetic-Wireless-10-000mAh-20W-tooteinfo-must-taust-4-800x1166.webp 800w, https:\/\/toidupakk.ee\/wp-content\/uploads\/2024\/02\/MagSafe-akupank-Magnetic-Wireless-10-000mAh-20W-tooteinfo-must-taust-4-206x300.webp 206w, https:\/\/toidupakk.ee\/wp-content\/uploads\/2024\/02\/MagSafe-akupank-Magnetic-Wireless-10-000mAh-20W-tooteinfo-must-taust-4-703x1024.webp 703w, https:\/\/toidupakk.ee\/wp-content\/uploads\/2024\/02\/MagSafe-akupank-Magnetic-Wireless-10-000mAh-20W-tooteinfo-must-taust-4-768x1119.webp 768w\" sizes=\"(max-width: 990px) 100vw, 990px\" \/> <img decoding=\"async\" class=\"alignnone wp-image-20395 size-full\" src=\"https:\/\/toidupakk.ee\/wp-content\/uploads\/2024\/02\/MagSafe-akupank-Magnetic-Wireless-10-000mAh-20W-tooteinfo-must-taust-5.webp\" alt=\"Magnetyczny powerbank do iPhone'a\" width=\"990\" height=\"1275\" srcset=\"https:\/\/toidupakk.ee\/wp-content\/uploads\/2024\/02\/MagSafe-akupank-Magnetic-Wireless-10-000mAh-20W-tooteinfo-must-taust-5.webp 990w, https:\/\/toidupakk.ee\/wp-content\/uploads\/2024\/02\/MagSafe-akupank-Magnetic-Wireless-10-000mAh-20W-tooteinfo-must-taust-5-800x1030.webp 800w, https:\/\/toidupakk.ee\/wp-content\/uploads\/2024\/02\/MagSafe-akupank-Magnetic-Wireless-10-000mAh-20W-tooteinfo-must-taust-5-233x300.webp 233w, https:\/\/toidupakk.ee\/wp-content\/uploads\/2024\/02\/MagSafe-akupank-Magnetic-Wireless-10-000mAh-20W-tooteinfo-must-taust-5-795x1024.webp 795w, https:\/\/toidupakk.ee\/wp-content\/uploads\/2024\/02\/MagSafe-akupank-Magnetic-Wireless-10-000mAh-20W-tooteinfo-must-taust-5-768x989.webp 768w\" sizes=\"(max-width: 990px) 100vw, 990px\" \/> <img loading=\"lazy\" decoding=\"async\" class=\"alignnone wp-image-20396 size-full\" src=\"https:\/\/toidupakk.ee\/wp-content\/uploads\/2024\/02\/MagSafe-akupank-Magnetic-Wireless-10-000mAh-20W-tooteinfo-must-taust-6.webp\" alt=\"Technologia MagSafe\" width=\"990\" height=\"1809\" srcset=\"https:\/\/toidupakk.ee\/wp-content\/uploads\/2024\/02\/MagSafe-akupank-Magnetic-Wireless-10-000mAh-20W-tooteinfo-must-taust-6.webp 990w, https:\/\/toidupakk.ee\/wp-content\/uploads\/2024\/02\/MagSafe-akupank-Magnetic-Wireless-10-000mAh-20W-tooteinfo-must-taust-6-800x1462.webp 800w, https:\/\/toidupakk.ee\/wp-content\/uploads\/2024\/02\/MagSafe-akupank-Magnetic-Wireless-10-000mAh-20W-tooteinfo-must-taust-6-164x300.webp 164w, https:\/\/toidupakk.ee\/wp-content\/uploads\/2024\/02\/MagSafe-akupank-Magnetic-Wireless-10-000mAh-20W-tooteinfo-must-taust-6-560x1024.webp 560w, https:\/\/toidupakk.ee\/wp-content\/uploads\/2024\/02\/MagSafe-akupank-Magnetic-Wireless-10-000mAh-20W-tooteinfo-must-taust-6-768x1403.webp 768w, https:\/\/toidupakk.ee\/wp-content\/uploads\/2024\/02\/MagSafe-akupank-Magnetic-Wireless-10-000mAh-20W-tooteinfo-must-taust-6-841x1536.webp 841w\" sizes=\"(max-width: 990px) 100vw, 990px\" \/> <img loading=\"lazy\" decoding=\"async\" class=\"alignnone wp-image-20398 size-full\" src=\"https:\/\/toidupakk.ee\/wp-content\/uploads\/2024\/02\/MagSafe-akupank-Magnetic-Wireless-10-000mAh-20W-tooteinfo-must-taust-8.webp\" alt=\"Magnetyczny powerbank MagSafe do telefonu\" width=\"990\" height=\"1719\" srcset=\"https:\/\/toidupakk.ee\/wp-content\/uploads\/2024\/02\/MagSafe-akupank-Magnetic-Wireless-10-000mAh-20W-tooteinfo-must-taust-8.webp 990w, https:\/\/toidupakk.ee\/wp-content\/uploads\/2024\/02\/MagSafe-akupank-Magnetic-Wireless-10-000mAh-20W-tooteinfo-must-taust-8-800x1389.webp 800w, https:\/\/toidupakk.ee\/wp-content\/uploads\/2024\/02\/MagSafe-akupank-Magnetic-Wireless-10-000mAh-20W-tooteinfo-must-taust-8-173x300.webp 173w, https:\/\/toidupakk.ee\/wp-content\/uploads\/2024\/02\/MagSafe-akupank-Magnetic-Wireless-10-000mAh-20W-tooteinfo-must-taust-8-590x1024.webp 590w, https:\/\/toidupakk.ee\/wp-content\/uploads\/2024\/02\/MagSafe-akupank-Magnetic-Wireless-10-000mAh-20W-tooteinfo-must-taust-8-768x1334.webp 768w, https:\/\/toidupakk.ee\/wp-content\/uploads\/2024\/02\/MagSafe-akupank-Magnetic-Wireless-10-000mAh-20W-tooteinfo-must-taust-8-885x1536.webp 885w\" sizes=\"(max-width: 990px) 100vw, 990px\" \/> <img loading=\"lazy\" decoding=\"async\" class=\"alignnone size-full wp-image-20399\" src=\"https:\/\/toidupakk.ee\/wp-content\/uploads\/2024\/02\/MagSafe-akupank-Magnetic-Wireless-10-000mAh-20W-tooteinfo-must-taust-9.webp\" alt=\"\" width=\"990\" height=\"1629\" srcset=\"https:\/\/toidupakk.ee\/wp-content\/uploads\/2024\/02\/MagSafe-akupank-Magnetic-Wireless-10-000mAh-20W-tooteinfo-must-taust-9.webp 990w, https:\/\/toidupakk.ee\/wp-content\/uploads\/2024\/02\/MagSafe-akupank-Magnetic-Wireless-10-000mAh-20W-tooteinfo-must-taust-9-800x1316.webp 800w, https:\/\/toidupakk.ee\/wp-content\/uploads\/2024\/02\/MagSafe-akupank-Magnetic-Wireless-10-000mAh-20W-tooteinfo-must-taust-9-182x300.webp 182w, https:\/\/toidupakk.ee\/wp-content\/uploads\/2024\/02\/MagSafe-akupank-Magnetic-Wireless-10-000mAh-20W-tooteinfo-must-taust-9-622x1024.webp 622w, https:\/\/toidupakk.ee\/wp-content\/uploads\/2024\/02\/MagSafe-akupank-Magnetic-Wireless-10-000mAh-20W-tooteinfo-must-taust-9-768x1264.webp 768w, https:\/\/toidupakk.ee\/wp-content\/uploads\/2024\/02\/MagSafe-akupank-Magnetic-Wireless-10-000mAh-20W-tooteinfo-must-taust-9-933x1536.webp 933w\" sizes=\"(max-width: 990px) 100vw, 990px\" \/> <img loading=\"lazy\" decoding=\"async\" class=\"alignnone size-full wp-image-20400\" src=\"https:\/\/toidupakk.ee\/wp-content\/uploads\/2024\/02\/MagSafe-akupank-Magnetic-Wireless-10-000mAh-20W-tooteinfo-must-taust-10.webp\" alt=\"\" width=\"990\" height=\"1662\" srcset=\"https:\/\/toidupakk.ee\/wp-content\/uploads\/2024\/02\/MagSafe-akupank-Magnetic-Wireless-10-000mAh-20W-tooteinfo-must-taust-10.webp 990w, https:\/\/toidupakk.ee\/wp-content\/uploads\/2024\/02\/MagSafe-akupank-Magnetic-Wireless-10-000mAh-20W-tooteinfo-must-taust-10-800x1343.webp 800w, https:\/\/toidupakk.ee\/wp-content\/uploads\/2024\/02\/MagSafe-akupank-Magnetic-Wireless-10-000mAh-20W-tooteinfo-must-taust-10-179x300.webp 179w, https:\/\/toidupakk.ee\/wp-content\/uploads\/2024\/02\/MagSafe-akupank-Magnetic-Wireless-10-000mAh-20W-tooteinfo-must-taust-10-610x1024.webp 610w, https:\/\/toidupakk.ee\/wp-content\/uploads\/2024\/02\/MagSafe-akupank-Magnetic-Wireless-10-000mAh-20W-tooteinfo-must-taust-10-768x1289.webp 768w, https:\/\/toidupakk.ee\/wp-content\/uploads\/2024\/02\/MagSafe-akupank-Magnetic-Wireless-10-000mAh-20W-tooteinfo-must-taust-10-915x1536.webp 915w\" sizes=\"(max-width: 990px) 100vw, 990px\" \/> <img loading=\"lazy\" decoding=\"async\" class=\"alignnone size-full wp-image-20401\" src=\"https:\/\/toidupakk.ee\/wp-content\/uploads\/2024\/02\/MagSafe-akupank-Magnetic-Wireless-10-000mAh-20W-tooteinfo-must-taust-11.webp\" alt=\"\" width=\"990\" height=\"1563\" srcset=\"https:\/\/toidupakk.ee\/wp-content\/uploads\/2024\/02\/MagSafe-akupank-Magnetic-Wireless-10-000mAh-20W-tooteinfo-must-taust-11.webp 990w, https:\/\/toidupakk.ee\/wp-content\/uploads\/2024\/02\/MagSafe-akupank-Magnetic-Wireless-10-000mAh-20W-tooteinfo-must-taust-11-800x1263.webp 800w, https:\/\/toidupakk.ee\/wp-content\/uploads\/2024\/02\/MagSafe-akupank-Magnetic-Wireless-10-000mAh-20W-tooteinfo-must-taust-11-190x300.webp 190w, https:\/\/toidupakk.ee\/wp-content\/uploads\/2024\/02\/MagSafe-akupank-Magnetic-Wireless-10-000mAh-20W-tooteinfo-must-taust-11-649x1024.webp 649w, https:\/\/toidupakk.ee\/wp-content\/uploads\/2024\/02\/MagSafe-akupank-Magnetic-Wireless-10-000mAh-20W-tooteinfo-must-taust-11-768x1213.webp 768w, https:\/\/toidupakk.ee\/wp-content\/uploads\/2024\/02\/MagSafe-akupank-Magnetic-Wireless-10-000mAh-20W-tooteinfo-must-taust-11-973x1536.webp 973w\" sizes=\"(max-width: 990px) 100vw, 990px\" \/> <img loading=\"lazy\" decoding=\"async\" class=\"alignnone size-full wp-image-20402\" src=\"https:\/\/toidupakk.ee\/wp-content\/uploads\/2024\/02\/MagSafe-akupank-Magnetic-Wireless-10-000mAh-20W-tooteinfo-must-taust-12.webp\" alt=\"\" width=\"990\" height=\"1791\" srcset=\"https:\/\/toidupakk.ee\/wp-content\/uploads\/2024\/02\/MagSafe-akupank-Magnetic-Wireless-10-000mAh-20W-tooteinfo-must-taust-12.webp 990w, https:\/\/toidupakk.ee\/wp-content\/uploads\/2024\/02\/MagSafe-akupank-Magnetic-Wireless-10-000mAh-20W-tooteinfo-must-taust-12-800x1447.webp 800w, https:\/\/toidupakk.ee\/wp-content\/uploads\/2024\/02\/MagSafe-akupank-Magnetic-Wireless-10-000mAh-20W-tooteinfo-must-taust-12-166x300.webp 166w, https:\/\/toidupakk.ee\/wp-content\/uploads\/2024\/02\/MagSafe-akupank-Magnetic-Wireless-10-000mAh-20W-tooteinfo-must-taust-12-566x1024.webp 566w, https:\/\/toidupakk.ee\/wp-content\/uploads\/2024\/02\/MagSafe-akupank-Magnetic-Wireless-10-000mAh-20W-tooteinfo-must-taust-12-768x1389.webp 768w, https:\/\/toidupakk.ee\/wp-content\/uploads\/2024\/02\/MagSafe-akupank-Magnetic-Wireless-10-000mAh-20W-tooteinfo-must-taust-12-849x1536.webp 849w\" sizes=\"(max-width: 990px) 100vw, 990px\" \/> <img loading=\"lazy\" decoding=\"async\" class=\"alignnone size-full wp-image-20403\" src=\"https:\/\/toidupakk.ee\/wp-content\/uploads\/2024\/02\/MagSafe-akupank-Magnetic-Wireless-10-000mAh-20W-tooteinfo-must-taust-13.webp\" alt=\"\" width=\"990\" height=\"1467\" srcset=\"https:\/\/toidupakk.ee\/wp-content\/uploads\/2024\/02\/MagSafe-akupank-Magnetic-Wireless-10-000mAh-20W-tooteinfo-must-taust-13.webp 990w, https:\/\/toidupakk.ee\/wp-content\/uploads\/2024\/02\/MagSafe-akupank-Magnetic-Wireless-10-000mAh-20W-tooteinfo-must-taust-13-800x1185.webp 800w, https:\/\/toidupakk.ee\/wp-content\/uploads\/2024\/02\/MagSafe-akupank-Magnetic-Wireless-10-000mAh-20W-tooteinfo-must-taust-13-202x300.webp 202w, https:\/\/toidupakk.ee\/wp-content\/uploads\/2024\/02\/MagSafe-akupank-Magnetic-Wireless-10-000mAh-20W-tooteinfo-must-taust-13-691x1024.webp 691w, https:\/\/toidupakk.ee\/wp-content\/uploads\/2024\/02\/MagSafe-akupank-Magnetic-Wireless-10-000mAh-20W-tooteinfo-must-taust-13-768x1138.webp 768w\" sizes=\"(max-width: 990px) 100vw, 990px\" \/><\/p>\n<p>Powerbank MagSafe to niejedyny popularny model w naszej ofercie. Sprawd\u017a inne powerbanki <a href=\"https:\/\/toidupakk.ee\/pl\/tootekategooria\/powerbanki\/\">TUTAJ<\/a> <\/p>\n<p>Interesuj\u0105 Ci\u0119 posi\u0142ki turystyczne? Zobacz <a href=\"\/?product_cat=snakk#section-3-79\">TUTAJ<\/a><\/p>\n<p>Znajd\u017a inspiracj\u0119 na kolejne przygody na <a href=\"https:\/\/www.instagram.com\/toidupakk\/\">Instagramie<\/a> i <a href=\"https:\/\/www.facebook.com\/Toidupakk\/\">Facebooku<\/a> Toidupakk.<\/p>\n","protected":false},"excerpt":{"rendered":"<p><strong>Wydajny i kompaktowy powerbank do \u0142adowania telefonu. Przyczepia si\u0119 do ty\u0142u obudowy za pomoc\u0105 technologii MagSafe i \u0142aduje telefon bezprzewodowo (lub przewodowo). <\/strong><\/p>\n<ul>\n<li>Pojemno\u015b\u0107 baterii 10 000 mAh<\/li>\n<li>Szybkie \u0142adowanie (20 W przewodowo, 15 W bezprzewodowo)<\/li>\n<li>Szybkie \u0142adowanie bezprzewodowe (dla telefon\u00f3w wspieraj\u0105cych \u0142adowanie <em>Wireless<\/em>)<\/li>\n<li>Powerbank przyczepia si\u0119 magnetycznie do ty\u0142u telefonu (w modelach lub etui wspieraj\u0105cych technologi\u0119 MagSafe)<\/li>\n<li>Wej\u015bcie\/wyj\u015bcie USB-C (PD 20 W)<\/li>\n<li>3,5 V \u2013 <strong>mo\u017cna zabra\u0107 na pok\u0142ad samolotu<\/strong><\/li>\n<li>Wej\u015bcie Lightning (12 W)<\/li>\n<li>Wy\u015bwietlacz elektroniczny pokazuj\u0105cy poziom na\u0142adowania<\/li>\n<li>Strona przylegaj\u0105ca do telefonu pokryta przyjaznym dla sk\u00f3ry materia\u0142em PU, kt\u00f3ry nie rysuje obudowy<\/li>\n<li>Wymiary: 5000 mAh 13,5 mm \/ 10 000 mAh 18,5 mm (grubo\u015b\u0107)<\/li>\n<li>Dost\u0119pne kolory: zielony, ciemnoszary lub r\u00f3\u017cowy<\/li>\n<li><strong>UWAGA! Je\u015bli nie masz pewno\u015bci, czy Tw\u00f3j telefon obs\u0142uguje \u0142adowanie bezprzewodowe, zajrzyj na d\u00f3\u0142 strony!<\/strong><\/li>\n<\/ul>\n<p>\u2705 Dost\u0119pne w magazynie, szybka dostawa w 1-3 dni robocze<br \/>\n\u2705 Kup teraz, zap\u0142a\u0107 p\u00f3\u017aniej (RRSO 0%)<\/p>\n","protected":false},"featured_media":50645,"comment_status":"open","ping_status":"closed","template":"","meta":{"_acf_changed":false},"product_brand":[],"product_cat":[303,315,377,360,311,301],"product_tag":[],"class_list":{"0":"post-50640","1":"product","2":"type-product","3":"status-publish","4":"has-post-thumbnail","6":"product_cat-akcesoria-turystyczne","7":"product_cat-elektronika","8":"product_cat-magsafe","9":"product_cat-powerbanki","10":"product_cat-praktyczne-pomysly-na-prezent","11":"product_cat-sprzet-turystyczny","13":"first","14":"instock","15":"sale","16":"taxable","17":"shipping-taxable","18":"purchasable","19":"product-type-variable","20":"has-default-attributes"},"bundled_by":[],"bundle_stock_status":"instock","bundle_stock_quantity":null,"bundle_virtual":false,"bundle_layout":"","bundle_add_to_cart_form_location":"","bundle_editable_in_cart":false,"bundle_sold_individually_context":"","bundle_item_grouping":"","bundle_min_size":"","bundle_max_size":"","bundle_price":[],"bundled_items":[],"bundle_sell_ids":[],"acf":[],"yoast_head":"<!-- This site is optimized with the Yoast SEO plugin v27.3 - https:\/\/yoast.com\/product\/yoast-seo-wordpress\/ -->\n<title>Powerbank MagSafe Magnetic Wireless 10 000 mAh 20 W<\/title>\n<meta name=\"description\" content=\"Powerbank MagSafe to wydajne i kompaktowe urz\u0105dzenie do bezprzewodowego \u0142adowania telefonu. Przyczepia si\u0119 do ty\u0142u obudowy dzi\u0119ki technologii magnetycznej MagSafe.\" \/>\n<meta name=\"robots\" content=\"index, follow, max-snippet:-1, max-image-preview:large, max-video-preview:-1\" \/>\n<link rel=\"canonical\" href=\"https:\/\/toidupakk.ee\/pl\/toode\/powerbank-magsafe-magnetic-wireless-10-000-mah-20-w\/\" \/>\n<meta property=\"og:locale\" content=\"pl_PL\" \/>\n<meta property=\"og:type\" content=\"article\" \/>\n<meta property=\"og:title\" content=\"Powerbank MagSafe Magnetic Wireless 10 000 mAh 20 W\" \/>\n<meta property=\"og:description\" content=\"Powerbank MagSafe to wydajne i kompaktowe urz\u0105dzenie do bezprzewodowego \u0142adowania telefonu. Przyczepia si\u0119 do ty\u0142u obudowy dzi\u0119ki technologii magnetycznej MagSafe.\" \/>\n<meta property=\"og:url\" content=\"https:\/\/toidupakk.ee\/pl\/toode\/powerbank-magsafe-magnetic-wireless-10-000-mah-20-w\/\" \/>\n<meta property=\"og:site_name\" content=\"Toidupakk.ee - Tactical Foodpack toidupakid\" \/>\n<meta property=\"article:publisher\" content=\"https:\/\/www.facebook.com\/Toidupakk\" \/>\n<meta property=\"article:modified_time\" content=\"2026-04-15T21:01:54+00:00\" \/>\n<meta property=\"og:image\" content=\"https:\/\/toidupakk.ee\/wp-content\/uploads\/2024\/02\/MagSafe-akupank-Magnetic-Wireless-10-000mAh-20W-1.png\" \/>\n\t<meta property=\"og:image:width\" content=\"800\" \/>\n\t<meta property=\"og:image:height\" content=\"800\" \/>\n\t<meta property=\"og:image:type\" content=\"image\/png\" \/>\n<meta name=\"twitter:card\" content=\"summary_large_image\" \/>\n<script type=\"application\/ld+json\" class=\"yoast-schema-graph\">{\"@context\":\"https:\\\/\\\/schema.org\",\"@graph\":[{\"@type\":\"WebPage\",\"@id\":\"https:\\\/\\\/toidupakk.ee\\\/pl\\\/toode\\\/powerbank-magsafe-magnetic-wireless-10-000-mah-20-w\\\/\",\"url\":\"https:\\\/\\\/toidupakk.ee\\\/pl\\\/toode\\\/powerbank-magsafe-magnetic-wireless-10-000-mah-20-w\\\/\",\"name\":\"Powerbank MagSafe Magnetic Wireless 10 000 mAh 20 W\",\"isPartOf\":{\"@id\":\"https:\\\/\\\/toidupakk.ee\\\/pl\\\/#website\"},\"primaryImageOfPage\":{\"@id\":\"https:\\\/\\\/toidupakk.ee\\\/pl\\\/toode\\\/powerbank-magsafe-magnetic-wireless-10-000-mah-20-w\\\/#primaryimage\"},\"image\":{\"@id\":\"https:\\\/\\\/toidupakk.ee\\\/pl\\\/toode\\\/powerbank-magsafe-magnetic-wireless-10-000-mah-20-w\\\/#primaryimage\"},\"thumbnailUrl\":\"https:\\\/\\\/toidupakk.ee\\\/wp-content\\\/uploads\\\/2024\\\/02\\\/MagSafe-akupank-Magnetic-Wireless-10-000mAh-20W-1.png\",\"datePublished\":\"2024-02-14T14:06:46+00:00\",\"dateModified\":\"2026-04-15T21:01:54+00:00\",\"description\":\"Powerbank MagSafe to wydajne i kompaktowe urz\u0105dzenie do bezprzewodowego \u0142adowania telefonu. Przyczepia si\u0119 do ty\u0142u obudowy dzi\u0119ki technologii magnetycznej MagSafe.\",\"breadcrumb\":{\"@id\":\"https:\\\/\\\/toidupakk.ee\\\/pl\\\/toode\\\/powerbank-magsafe-magnetic-wireless-10-000-mah-20-w\\\/#breadcrumb\"},\"inLanguage\":\"pl-PL\",\"potentialAction\":[{\"@type\":\"ReadAction\",\"target\":[\"https:\\\/\\\/toidupakk.ee\\\/pl\\\/toode\\\/powerbank-magsafe-magnetic-wireless-10-000-mah-20-w\\\/\"]}]},{\"@type\":\"ImageObject\",\"inLanguage\":\"pl-PL\",\"@id\":\"https:\\\/\\\/toidupakk.ee\\\/pl\\\/toode\\\/powerbank-magsafe-magnetic-wireless-10-000-mah-20-w\\\/#primaryimage\",\"url\":\"https:\\\/\\\/toidupakk.ee\\\/wp-content\\\/uploads\\\/2024\\\/02\\\/MagSafe-akupank-Magnetic-Wireless-10-000mAh-20W-1.png\",\"contentUrl\":\"https:\\\/\\\/toidupakk.ee\\\/wp-content\\\/uploads\\\/2024\\\/02\\\/MagSafe-akupank-Magnetic-Wireless-10-000mAh-20W-1.png\",\"width\":800,\"height\":800},{\"@type\":\"BreadcrumbList\",\"@id\":\"https:\\\/\\\/toidupakk.ee\\\/pl\\\/toode\\\/powerbank-magsafe-magnetic-wireless-10-000-mah-20-w\\\/#breadcrumb\",\"itemListElement\":[{\"@type\":\"ListItem\",\"position\":1,\"name\":\"Avaleht\",\"item\":\"https:\\\/\\\/toidupakk.ee\\\/pl\\\/\"},{\"@type\":\"ListItem\",\"position\":2,\"name\":\"Sklep internetowy\",\"item\":\"https:\\\/\\\/toidupakk.ee\\\/pl\\\/sklep-internetowy\\\/\"},{\"@type\":\"ListItem\",\"position\":3,\"name\":\"Powerbank MagSafe Magnetic Wireless 10 000 mAh 20 W\"}]},{\"@type\":\"WebSite\",\"@id\":\"https:\\\/\\\/toidupakk.ee\\\/pl\\\/#website\",\"url\":\"https:\\\/\\\/toidupakk.ee\\\/pl\\\/\",\"name\":\"Toidupakk.ee - Tactical Foodpack toidupakid\",\"description\":\"Tactical Foodpack k\u00fclmkuivatatud toidupakid ja matkaeined\",\"publisher\":{\"@id\":\"https:\\\/\\\/toidupakk.ee\\\/pl\\\/#organization\"},\"potentialAction\":[{\"@type\":\"SearchAction\",\"target\":{\"@type\":\"EntryPoint\",\"urlTemplate\":\"https:\\\/\\\/toidupakk.ee\\\/pl\\\/?s={search_term_string}\"},\"query-input\":{\"@type\":\"PropertyValueSpecification\",\"valueRequired\":true,\"valueName\":\"search_term_string\"}}],\"inLanguage\":\"pl-PL\"},{\"@type\":\"Organization\",\"@id\":\"https:\\\/\\\/toidupakk.ee\\\/pl\\\/#organization\",\"name\":\"Tactical Foodpack matkaeined\",\"url\":\"https:\\\/\\\/toidupakk.ee\\\/pl\\\/\",\"logo\":{\"@type\":\"ImageObject\",\"inLanguage\":\"pl-PL\",\"@id\":\"https:\\\/\\\/toidupakk.ee\\\/pl\\\/#\\\/schema\\\/logo\\\/image\\\/\",\"url\":\"https:\\\/\\\/toidupakk.ee\\\/wp-content\\\/uploads\\\/2022\\\/01\\\/Toidupakk-matkapood-logo-transparent.png\",\"contentUrl\":\"https:\\\/\\\/toidupakk.ee\\\/wp-content\\\/uploads\\\/2022\\\/01\\\/Toidupakk-matkapood-logo-transparent.png\",\"width\":500,\"height\":500,\"caption\":\"Tactical Foodpack matkaeined\"},\"image\":{\"@id\":\"https:\\\/\\\/toidupakk.ee\\\/pl\\\/#\\\/schema\\\/logo\\\/image\\\/\"},\"sameAs\":[\"https:\\\/\\\/www.facebook.com\\\/Toidupakk\",\"https:\\\/\\\/www.instagram.com\\\/toidupakk\\\/\"]}]}<\/script>\n<!-- \/ Yoast SEO plugin. -->","yoast_head_json":{"title":"Powerbank MagSafe Magnetic Wireless 10 000 mAh 20 W","description":"Powerbank MagSafe to wydajne i kompaktowe urz\u0105dzenie do bezprzewodowego \u0142adowania telefonu. Przyczepia si\u0119 do ty\u0142u obudowy dzi\u0119ki technologii magnetycznej MagSafe.","robots":{"index":"index","follow":"follow","max-snippet":"max-snippet:-1","max-image-preview":"max-image-preview:large","max-video-preview":"max-video-preview:-1"},"canonical":"https:\/\/toidupakk.ee\/pl\/toode\/powerbank-magsafe-magnetic-wireless-10-000-mah-20-w\/","og_locale":"pl_PL","og_type":"article","og_title":"Powerbank MagSafe Magnetic Wireless 10 000 mAh 20 W","og_description":"Powerbank MagSafe to wydajne i kompaktowe urz\u0105dzenie do bezprzewodowego \u0142adowania telefonu. Przyczepia si\u0119 do ty\u0142u obudowy dzi\u0119ki technologii magnetycznej MagSafe.","og_url":"https:\/\/toidupakk.ee\/pl\/toode\/powerbank-magsafe-magnetic-wireless-10-000-mah-20-w\/","og_site_name":"Toidupakk.ee - Tactical Foodpack toidupakid","article_publisher":"https:\/\/www.facebook.com\/Toidupakk","article_modified_time":"2026-04-15T21:01:54+00:00","og_image":[{"width":800,"height":800,"url":"https:\/\/toidupakk.ee\/wp-content\/uploads\/2024\/02\/MagSafe-akupank-Magnetic-Wireless-10-000mAh-20W-1.png","type":"image\/png"}],"twitter_card":"summary_large_image","schema":{"@context":"https:\/\/schema.org","@graph":[{"@type":"WebPage","@id":"https:\/\/toidupakk.ee\/pl\/toode\/powerbank-magsafe-magnetic-wireless-10-000-mah-20-w\/","url":"https:\/\/toidupakk.ee\/pl\/toode\/powerbank-magsafe-magnetic-wireless-10-000-mah-20-w\/","name":"Powerbank MagSafe Magnetic Wireless 10 000 mAh 20 W","isPartOf":{"@id":"https:\/\/toidupakk.ee\/pl\/#website"},"primaryImageOfPage":{"@id":"https:\/\/toidupakk.ee\/pl\/toode\/powerbank-magsafe-magnetic-wireless-10-000-mah-20-w\/#primaryimage"},"image":{"@id":"https:\/\/toidupakk.ee\/pl\/toode\/powerbank-magsafe-magnetic-wireless-10-000-mah-20-w\/#primaryimage"},"thumbnailUrl":"https:\/\/toidupakk.ee\/wp-content\/uploads\/2024\/02\/MagSafe-akupank-Magnetic-Wireless-10-000mAh-20W-1.png","datePublished":"2024-02-14T14:06:46+00:00","dateModified":"2026-04-15T21:01:54+00:00","description":"Powerbank MagSafe to wydajne i kompaktowe urz\u0105dzenie do bezprzewodowego \u0142adowania telefonu. Przyczepia si\u0119 do ty\u0142u obudowy dzi\u0119ki technologii magnetycznej MagSafe.","breadcrumb":{"@id":"https:\/\/toidupakk.ee\/pl\/toode\/powerbank-magsafe-magnetic-wireless-10-000-mah-20-w\/#breadcrumb"},"inLanguage":"pl-PL","potentialAction":[{"@type":"ReadAction","target":["https:\/\/toidupakk.ee\/pl\/toode\/powerbank-magsafe-magnetic-wireless-10-000-mah-20-w\/"]}]},{"@type":"ImageObject","inLanguage":"pl-PL","@id":"https:\/\/toidupakk.ee\/pl\/toode\/powerbank-magsafe-magnetic-wireless-10-000-mah-20-w\/#primaryimage","url":"https:\/\/toidupakk.ee\/wp-content\/uploads\/2024\/02\/MagSafe-akupank-Magnetic-Wireless-10-000mAh-20W-1.png","contentUrl":"https:\/\/toidupakk.ee\/wp-content\/uploads\/2024\/02\/MagSafe-akupank-Magnetic-Wireless-10-000mAh-20W-1.png","width":800,"height":800},{"@type":"BreadcrumbList","@id":"https:\/\/toidupakk.ee\/pl\/toode\/powerbank-magsafe-magnetic-wireless-10-000-mah-20-w\/#breadcrumb","itemListElement":[{"@type":"ListItem","position":1,"name":"Avaleht","item":"https:\/\/toidupakk.ee\/pl\/"},{"@type":"ListItem","position":2,"name":"Sklep internetowy","item":"https:\/\/toidupakk.ee\/pl\/sklep-internetowy\/"},{"@type":"ListItem","position":3,"name":"Powerbank MagSafe Magnetic Wireless 10 000 mAh 20 W"}]},{"@type":"WebSite","@id":"https:\/\/toidupakk.ee\/pl\/#website","url":"https:\/\/toidupakk.ee\/pl\/","name":"Toidupakk.ee - Tactical Foodpack toidupakid","description":"Tactical Foodpack k\u00fclmkuivatatud toidupakid ja matkaeined","publisher":{"@id":"https:\/\/toidupakk.ee\/pl\/#organization"},"potentialAction":[{"@type":"SearchAction","target":{"@type":"EntryPoint","urlTemplate":"https:\/\/toidupakk.ee\/pl\/?s={search_term_string}"},"query-input":{"@type":"PropertyValueSpecification","valueRequired":true,"valueName":"search_term_string"}}],"inLanguage":"pl-PL"},{"@type":"Organization","@id":"https:\/\/toidupakk.ee\/pl\/#organization","name":"Tactical Foodpack matkaeined","url":"https:\/\/toidupakk.ee\/pl\/","logo":{"@type":"ImageObject","inLanguage":"pl-PL","@id":"https:\/\/toidupakk.ee\/pl\/#\/schema\/logo\/image\/","url":"https:\/\/toidupakk.ee\/wp-content\/uploads\/2022\/01\/Toidupakk-matkapood-logo-transparent.png","contentUrl":"https:\/\/toidupakk.ee\/wp-content\/uploads\/2022\/01\/Toidupakk-matkapood-logo-transparent.png","width":500,"height":500,"caption":"Tactical Foodpack matkaeined"},"image":{"@id":"https:\/\/toidupakk.ee\/pl\/#\/schema\/logo\/image\/"},"sameAs":["https:\/\/www.facebook.com\/Toidupakk","https:\/\/www.instagram.com\/toidupakk\/"]}]}},"jetpack_sharing_enabled":true,"_links":{"self":[{"href":"https:\/\/toidupakk.ee\/pl\/wp-json\/wp\/v2\/product\/50640","targetHints":{"allow":["GET"]}}],"collection":[{"href":"https:\/\/toidupakk.ee\/pl\/wp-json\/wp\/v2\/product"}],"about":[{"href":"https:\/\/toidupakk.ee\/pl\/wp-json\/wp\/v2\/types\/product"}],"replies":[{"embeddable":true,"href":"https:\/\/toidupakk.ee\/pl\/wp-json\/wp\/v2\/comments?post=50640"}],"wp:featuredmedia":[{"embeddable":true,"href":"https:\/\/toidupakk.ee\/pl\/wp-json\/wp\/v2\/media\/50645"}],"wp:attachment":[{"href":"https:\/\/toidupakk.ee\/pl\/wp-json\/wp\/v2\/media?parent=50640"}],"wp:term":[{"taxonomy":"product_brand","embeddable":true,"href":"https:\/\/toidupakk.ee\/pl\/wp-json\/wp\/v2\/product_brand?post=50640"},{"taxonomy":"product_cat","embeddable":true,"href":"https:\/\/toidupakk.ee\/pl\/wp-json\/wp\/v2\/product_cat?post=50640"},{"taxonomy":"product_tag","embeddable":true,"href":"https:\/\/toidupakk.ee\/pl\/wp-json\/wp\/v2\/product_tag?post=50640"}],"curies":[{"name":"wp","href":"https:\/\/api.w.org\/{rel}","templated":true}]}}