{"id":50624,"date":"2024-02-21T17:25:10","date_gmt":"2024-02-21T15:25:10","guid":{"rendered":"https:\/\/toidupakk.ee\/toode\/moskitiera-siatka-na-lozko-baldachim\/"},"modified":"2026-04-21T13:31:58","modified_gmt":"2026-04-21T10:31:58","slug":"moskitiera-siatka-na-lozko-baldachim","status":"publish","type":"product","link":"https:\/\/toidupakk.ee\/pl\/toode\/moskitiera-siatka-na-lozko-baldachim\/","title":{"rendered":"Moskitiera\/siatka na \u0142\u00f3\u017cko (baldachim)"},"content":{"rendered":"<h1><strong style=\"font-size: 16px;\">Moskitiera tworzy wyj\u0105tkow\u0105 stref\u0119 bezpiecze\u0144stwa wok\u00f3\u0142 Twojego \u0142\u00f3\u017cka<\/strong><\/h1>\n<p><em>Masz do\u015b\u0107 komar\u00f3w i innych owad\u00f3w zak\u0142\u00f3caj\u0105cych Tw\u00f3j nocny spok\u00f3j? Baldachim na \u0142\u00f3\u017cko powsta\u0142 po to, aby\u015b m\u00f3g\u0142 w pe\u0142ni wypocz\u0105\u0107. <\/em><\/p>\n<p>Moskitiera na \u0142\u00f3\u017cko to nie tylko praktyczne rozwi\u0105zanie \u2013 to tak\u017ce elegancki dodatek do Twojej sypialni. Wykonana z wysokiej jako\u015bci przewiewnego poliestru, tworzy pi\u0119kn\u0105 atmosfer\u0119, kt\u00f3ra umili Tw\u00f3j sen. <\/p>\n<p><img fetchpriority=\"high\" decoding=\"async\" class=\"alignnone wp-image-20568 size-thumbnail\" src=\"https:\/\/toidupakk.ee\/wp-content\/uploads\/2024\/02\/Saasevorkputukavork-voodile-baldahhiin-3-500x500.png\" alt=\"moskitiera na \u0142\u00f3\u017cko dwuosobowe\" width=\"500\" height=\"500\" srcset=\"https:\/\/toidupakk.ee\/wp-content\/uploads\/2024\/02\/Saasevorkputukavork-voodile-baldahhiin-3-500x500.png 500w, https:\/\/toidupakk.ee\/wp-content\/uploads\/2024\/02\/Saasevorkputukavork-voodile-baldahhiin-3-400x400.png 400w, https:\/\/toidupakk.ee\/wp-content\/uploads\/2024\/02\/Saasevorkputukavork-voodile-baldahhiin-3-100x100.png 100w, https:\/\/toidupakk.ee\/wp-content\/uploads\/2024\/02\/Saasevorkputukavork-voodile-baldahhiin-3-300x300.png 300w, https:\/\/toidupakk.ee\/wp-content\/uploads\/2024\/02\/Saasevorkputukavork-voodile-baldahhiin-3-768x768.png 768w, https:\/\/toidupakk.ee\/wp-content\/uploads\/2024\/02\/Saasevorkputukavork-voodile-baldahhiin-3.png 800w\" sizes=\"(max-width: 500px) 100vw, 500px\" \/><\/p>\n<p>Interesuj\u0105 Ci\u0119 posi\u0142ki turystyczne? Zobacz <a href=\"\/?product_cat=snakk#section-3-79\">TUTAJ<\/a><\/p>\n<p>Znajd\u017a inspiracj\u0119 na kolejne przygody na <a href=\"https:\/\/www.instagram.com\/toidupakk\/\">Instagramie<\/a> i <a href=\"https:\/\/www.facebook.com\/Toidupakk\/\">Facebooku<\/a> Toidupakk.<\/p>\n","protected":false},"excerpt":{"rendered":"<p><strong>Chro\u0144 siebie i swoich bliskich przed uci\u0105\u017cliwymi owadami: komarami, paj\u0105kami, kleszczami czy b\u0105kami. Wysoka jako\u015b\u0107 i niezak\u0142\u00f3cony sen to energia na ca\u0142y dzie\u0144. <\/strong><\/p>\n<ul>\n<li>Do wyboru moskitiera na \u0142\u00f3\u017cko 1-osobowe oraz 2-osobowe<\/li>\n<li>Materia\u0142: 100% poliester<\/li>\n<li>G\u0119sto\u015b\u0107 siatki: 180 oczek na cal kwadratowy<\/li>\n<li>Wysoko\u015b\u0107: 250 cm (wersja 2-osobowa) lub 230 (wersja 1-osobowa)<\/li>\n<li>Szeroko\u015b\u0107: 250 cm (wersja 2-osobowa) lub 220 (wersja 1-osobowa)<\/li>\n<li>Wymiary opakowania: 24 x 8 x 26 cm (wersja 2-osobowa) lub 23 x 7 x 22 (wersja 1-osobowa)<\/li>\n<li>Kolor: zielonkawy<\/li>\n<li>Moskitiera w formie baldachimu zawieszanego pod sufitem nad \u0142\u00f3\u017ckiem<\/li>\n<li>Mocowanie sufitowe w jednym punkcie<\/li>\n<li>W zestawie torba transportowa<\/li>\n<\/ul>\n<p>\u2705 Dost\u0119pne w magazynie, szybka dostawa w 1\u20133 dni robocze<\/p>\n","protected":false},"featured_media":20566,"comment_status":"open","ping_status":"closed","template":"","meta":{"_acf_changed":false},"product_brand":[],"product_cat":[303,314,301,367],"product_tag":[],"class_list":{"0":"post-50624","1":"product","2":"type-product","3":"status-publish","4":"has-post-thumbnail","6":"product_cat-akcesoria-turystyczne","7":"product_cat-nocowanie-w-naturze","8":"product_cat-sprzet-turystyczny","9":"product_cat-srodki-na-komary-owady-i-kleszcze","11":"first","12":"instock","13":"sale","14":"taxable","15":"shipping-taxable","16":"purchasable","17":"product-type-variable","18":"has-default-attributes"},"bundled_by":[],"bundle_stock_status":"instock","bundle_stock_quantity":null,"bundle_virtual":false,"bundle_layout":"","bundle_add_to_cart_form_location":"","bundle_editable_in_cart":false,"bundle_sold_individually_context":"","bundle_item_grouping":"","bundle_min_size":"","bundle_max_size":"","bundle_price":[],"bundled_items":[],"bundle_sell_ids":[],"acf":[],"yoast_head":"<!-- This site is optimized with the Yoast SEO plugin v27.3 - https:\/\/yoast.com\/product\/yoast-seo-wordpress\/ -->\n<title>Moskitiera\/siatka na \u0142\u00f3\u017cko (baldachim)<\/title>\n<meta name=\"description\" content=\"Chro\u0144 siebie i swoich bliskich przed uci\u0105\u017cliwymi owadami: komarami, paj\u0105kami, kleszczami czy b\u0105kami. Wysoka jako\u015b\u0107 snu to energia na ca\u0142y dzie\u0144.\" \/>\n<meta name=\"robots\" content=\"index, follow, max-snippet:-1, max-image-preview:large, max-video-preview:-1\" \/>\n<link rel=\"canonical\" href=\"https:\/\/toidupakk.ee\/pl\/toode\/moskitiera-siatka-na-lozko-baldachim\/\" \/>\n<meta property=\"og:locale\" content=\"pl_PL\" \/>\n<meta property=\"og:type\" content=\"article\" \/>\n<meta property=\"og:title\" content=\"Moskitiera\/siatka na \u0142\u00f3\u017cko (baldachim)\" \/>\n<meta property=\"og:description\" content=\"Chro\u0144 siebie i swoich bliskich przed uci\u0105\u017cliwymi owadami: komarami, paj\u0105kami, kleszczami czy b\u0105kami. Wysoka jako\u015b\u0107 snu to energia na ca\u0142y dzie\u0144.\" \/>\n<meta property=\"og:url\" content=\"https:\/\/toidupakk.ee\/pl\/toode\/moskitiera-siatka-na-lozko-baldachim\/\" \/>\n<meta property=\"og:site_name\" content=\"Toidupakk.ee - Tactical Foodpack toidupakid\" \/>\n<meta property=\"article:publisher\" content=\"https:\/\/www.facebook.com\/Toidupakk\" \/>\n<meta property=\"article:modified_time\" content=\"2026-04-21T10:31:58+00:00\" \/>\n<meta property=\"og:image\" content=\"https:\/\/toidupakk.ee\/wp-content\/uploads\/2024\/02\/Saasevorkputukavork-voodile-baldahhiin-1.png\" \/>\n\t<meta property=\"og:image:width\" content=\"800\" \/>\n\t<meta property=\"og:image:height\" content=\"800\" \/>\n\t<meta property=\"og:image:type\" content=\"image\/png\" \/>\n<meta name=\"twitter:card\" content=\"summary_large_image\" \/>\n<script type=\"application\/ld+json\" class=\"yoast-schema-graph\">{\"@context\":\"https:\\\/\\\/schema.org\",\"@graph\":[{\"@type\":\"WebPage\",\"@id\":\"https:\\\/\\\/toidupakk.ee\\\/pl\\\/toode\\\/moskitiera-siatka-na-lozko-baldachim\\\/\",\"url\":\"https:\\\/\\\/toidupakk.ee\\\/pl\\\/toode\\\/moskitiera-siatka-na-lozko-baldachim\\\/\",\"name\":\"Moskitiera\\\/siatka na \u0142\u00f3\u017cko (baldachim)\",\"isPartOf\":{\"@id\":\"https:\\\/\\\/toidupakk.ee\\\/pl\\\/#website\"},\"primaryImageOfPage\":{\"@id\":\"https:\\\/\\\/toidupakk.ee\\\/pl\\\/toode\\\/moskitiera-siatka-na-lozko-baldachim\\\/#primaryimage\"},\"image\":{\"@id\":\"https:\\\/\\\/toidupakk.ee\\\/pl\\\/toode\\\/moskitiera-siatka-na-lozko-baldachim\\\/#primaryimage\"},\"thumbnailUrl\":\"https:\\\/\\\/toidupakk.ee\\\/wp-content\\\/uploads\\\/2024\\\/02\\\/Saasevorkputukavork-voodile-baldahhiin-1.png\",\"datePublished\":\"2024-02-21T15:25:10+00:00\",\"dateModified\":\"2026-04-21T10:31:58+00:00\",\"description\":\"Chro\u0144 siebie i swoich bliskich przed uci\u0105\u017cliwymi owadami: komarami, paj\u0105kami, kleszczami czy b\u0105kami. Wysoka jako\u015b\u0107 snu to energia na ca\u0142y dzie\u0144.\",\"breadcrumb\":{\"@id\":\"https:\\\/\\\/toidupakk.ee\\\/pl\\\/toode\\\/moskitiera-siatka-na-lozko-baldachim\\\/#breadcrumb\"},\"inLanguage\":\"pl-PL\",\"potentialAction\":[{\"@type\":\"ReadAction\",\"target\":[\"https:\\\/\\\/toidupakk.ee\\\/pl\\\/toode\\\/moskitiera-siatka-na-lozko-baldachim\\\/\"]}]},{\"@type\":\"ImageObject\",\"inLanguage\":\"pl-PL\",\"@id\":\"https:\\\/\\\/toidupakk.ee\\\/pl\\\/toode\\\/moskitiera-siatka-na-lozko-baldachim\\\/#primaryimage\",\"url\":\"https:\\\/\\\/toidupakk.ee\\\/wp-content\\\/uploads\\\/2024\\\/02\\\/Saasevorkputukavork-voodile-baldahhiin-1.png\",\"contentUrl\":\"https:\\\/\\\/toidupakk.ee\\\/wp-content\\\/uploads\\\/2024\\\/02\\\/Saasevorkputukavork-voodile-baldahhiin-1.png\",\"width\":800,\"height\":800,\"caption\":\"\u00fche inimese voodi putukav\u00f5rk\"},{\"@type\":\"BreadcrumbList\",\"@id\":\"https:\\\/\\\/toidupakk.ee\\\/pl\\\/toode\\\/moskitiera-siatka-na-lozko-baldachim\\\/#breadcrumb\",\"itemListElement\":[{\"@type\":\"ListItem\",\"position\":1,\"name\":\"Avaleht\",\"item\":\"https:\\\/\\\/toidupakk.ee\\\/pl\\\/\"},{\"@type\":\"ListItem\",\"position\":2,\"name\":\"Sklep internetowy\",\"item\":\"https:\\\/\\\/toidupakk.ee\\\/pl\\\/sklep-internetowy\\\/\"},{\"@type\":\"ListItem\",\"position\":3,\"name\":\"Moskitiera\\\/siatka na \u0142\u00f3\u017cko (baldachim)\"}]},{\"@type\":\"WebSite\",\"@id\":\"https:\\\/\\\/toidupakk.ee\\\/pl\\\/#website\",\"url\":\"https:\\\/\\\/toidupakk.ee\\\/pl\\\/\",\"name\":\"Toidupakk.ee - Tactical Foodpack toidupakid\",\"description\":\"Tactical Foodpack k\u00fclmkuivatatud toidupakid ja matkaeined\",\"publisher\":{\"@id\":\"https:\\\/\\\/toidupakk.ee\\\/pl\\\/#organization\"},\"potentialAction\":[{\"@type\":\"SearchAction\",\"target\":{\"@type\":\"EntryPoint\",\"urlTemplate\":\"https:\\\/\\\/toidupakk.ee\\\/pl\\\/?s={search_term_string}\"},\"query-input\":{\"@type\":\"PropertyValueSpecification\",\"valueRequired\":true,\"valueName\":\"search_term_string\"}}],\"inLanguage\":\"pl-PL\"},{\"@type\":\"Organization\",\"@id\":\"https:\\\/\\\/toidupakk.ee\\\/pl\\\/#organization\",\"name\":\"Tactical Foodpack matkaeined\",\"url\":\"https:\\\/\\\/toidupakk.ee\\\/pl\\\/\",\"logo\":{\"@type\":\"ImageObject\",\"inLanguage\":\"pl-PL\",\"@id\":\"https:\\\/\\\/toidupakk.ee\\\/pl\\\/#\\\/schema\\\/logo\\\/image\\\/\",\"url\":\"https:\\\/\\\/toidupakk.ee\\\/wp-content\\\/uploads\\\/2022\\\/01\\\/Toidupakk-matkapood-logo-transparent.png\",\"contentUrl\":\"https:\\\/\\\/toidupakk.ee\\\/wp-content\\\/uploads\\\/2022\\\/01\\\/Toidupakk-matkapood-logo-transparent.png\",\"width\":500,\"height\":500,\"caption\":\"Tactical Foodpack matkaeined\"},\"image\":{\"@id\":\"https:\\\/\\\/toidupakk.ee\\\/pl\\\/#\\\/schema\\\/logo\\\/image\\\/\"},\"sameAs\":[\"https:\\\/\\\/www.facebook.com\\\/Toidupakk\",\"https:\\\/\\\/www.instagram.com\\\/toidupakk\\\/\"]}]}<\/script>\n<!-- \/ Yoast SEO plugin. -->","yoast_head_json":{"title":"Moskitiera\/siatka na \u0142\u00f3\u017cko (baldachim)","description":"Chro\u0144 siebie i swoich bliskich przed uci\u0105\u017cliwymi owadami: komarami, paj\u0105kami, kleszczami czy b\u0105kami. Wysoka jako\u015b\u0107 snu to energia na ca\u0142y dzie\u0144.","robots":{"index":"index","follow":"follow","max-snippet":"max-snippet:-1","max-image-preview":"max-image-preview:large","max-video-preview":"max-video-preview:-1"},"canonical":"https:\/\/toidupakk.ee\/pl\/toode\/moskitiera-siatka-na-lozko-baldachim\/","og_locale":"pl_PL","og_type":"article","og_title":"Moskitiera\/siatka na \u0142\u00f3\u017cko (baldachim)","og_description":"Chro\u0144 siebie i swoich bliskich przed uci\u0105\u017cliwymi owadami: komarami, paj\u0105kami, kleszczami czy b\u0105kami. Wysoka jako\u015b\u0107 snu to energia na ca\u0142y dzie\u0144.","og_url":"https:\/\/toidupakk.ee\/pl\/toode\/moskitiera-siatka-na-lozko-baldachim\/","og_site_name":"Toidupakk.ee - Tactical Foodpack toidupakid","article_publisher":"https:\/\/www.facebook.com\/Toidupakk","article_modified_time":"2026-04-21T10:31:58+00:00","og_image":[{"width":800,"height":800,"url":"https:\/\/toidupakk.ee\/wp-content\/uploads\/2024\/02\/Saasevorkputukavork-voodile-baldahhiin-1.png","type":"image\/png"}],"twitter_card":"summary_large_image","schema":{"@context":"https:\/\/schema.org","@graph":[{"@type":"WebPage","@id":"https:\/\/toidupakk.ee\/pl\/toode\/moskitiera-siatka-na-lozko-baldachim\/","url":"https:\/\/toidupakk.ee\/pl\/toode\/moskitiera-siatka-na-lozko-baldachim\/","name":"Moskitiera\/siatka na \u0142\u00f3\u017cko (baldachim)","isPartOf":{"@id":"https:\/\/toidupakk.ee\/pl\/#website"},"primaryImageOfPage":{"@id":"https:\/\/toidupakk.ee\/pl\/toode\/moskitiera-siatka-na-lozko-baldachim\/#primaryimage"},"image":{"@id":"https:\/\/toidupakk.ee\/pl\/toode\/moskitiera-siatka-na-lozko-baldachim\/#primaryimage"},"thumbnailUrl":"https:\/\/toidupakk.ee\/wp-content\/uploads\/2024\/02\/Saasevorkputukavork-voodile-baldahhiin-1.png","datePublished":"2024-02-21T15:25:10+00:00","dateModified":"2026-04-21T10:31:58+00:00","description":"Chro\u0144 siebie i swoich bliskich przed uci\u0105\u017cliwymi owadami: komarami, paj\u0105kami, kleszczami czy b\u0105kami. Wysoka jako\u015b\u0107 snu to energia na ca\u0142y dzie\u0144.","breadcrumb":{"@id":"https:\/\/toidupakk.ee\/pl\/toode\/moskitiera-siatka-na-lozko-baldachim\/#breadcrumb"},"inLanguage":"pl-PL","potentialAction":[{"@type":"ReadAction","target":["https:\/\/toidupakk.ee\/pl\/toode\/moskitiera-siatka-na-lozko-baldachim\/"]}]},{"@type":"ImageObject","inLanguage":"pl-PL","@id":"https:\/\/toidupakk.ee\/pl\/toode\/moskitiera-siatka-na-lozko-baldachim\/#primaryimage","url":"https:\/\/toidupakk.ee\/wp-content\/uploads\/2024\/02\/Saasevorkputukavork-voodile-baldahhiin-1.png","contentUrl":"https:\/\/toidupakk.ee\/wp-content\/uploads\/2024\/02\/Saasevorkputukavork-voodile-baldahhiin-1.png","width":800,"height":800,"caption":"\u00fche inimese voodi putukav\u00f5rk"},{"@type":"BreadcrumbList","@id":"https:\/\/toidupakk.ee\/pl\/toode\/moskitiera-siatka-na-lozko-baldachim\/#breadcrumb","itemListElement":[{"@type":"ListItem","position":1,"name":"Avaleht","item":"https:\/\/toidupakk.ee\/pl\/"},{"@type":"ListItem","position":2,"name":"Sklep internetowy","item":"https:\/\/toidupakk.ee\/pl\/sklep-internetowy\/"},{"@type":"ListItem","position":3,"name":"Moskitiera\/siatka na \u0142\u00f3\u017cko (baldachim)"}]},{"@type":"WebSite","@id":"https:\/\/toidupakk.ee\/pl\/#website","url":"https:\/\/toidupakk.ee\/pl\/","name":"Toidupakk.ee - Tactical Foodpack toidupakid","description":"Tactical Foodpack k\u00fclmkuivatatud toidupakid ja matkaeined","publisher":{"@id":"https:\/\/toidupakk.ee\/pl\/#organization"},"potentialAction":[{"@type":"SearchAction","target":{"@type":"EntryPoint","urlTemplate":"https:\/\/toidupakk.ee\/pl\/?s={search_term_string}"},"query-input":{"@type":"PropertyValueSpecification","valueRequired":true,"valueName":"search_term_string"}}],"inLanguage":"pl-PL"},{"@type":"Organization","@id":"https:\/\/toidupakk.ee\/pl\/#organization","name":"Tactical Foodpack matkaeined","url":"https:\/\/toidupakk.ee\/pl\/","logo":{"@type":"ImageObject","inLanguage":"pl-PL","@id":"https:\/\/toidupakk.ee\/pl\/#\/schema\/logo\/image\/","url":"https:\/\/toidupakk.ee\/wp-content\/uploads\/2022\/01\/Toidupakk-matkapood-logo-transparent.png","contentUrl":"https:\/\/toidupakk.ee\/wp-content\/uploads\/2022\/01\/Toidupakk-matkapood-logo-transparent.png","width":500,"height":500,"caption":"Tactical Foodpack matkaeined"},"image":{"@id":"https:\/\/toidupakk.ee\/pl\/#\/schema\/logo\/image\/"},"sameAs":["https:\/\/www.facebook.com\/Toidupakk","https:\/\/www.instagram.com\/toidupakk\/"]}]}},"jetpack_sharing_enabled":true,"_links":{"self":[{"href":"https:\/\/toidupakk.ee\/pl\/wp-json\/wp\/v2\/product\/50624","targetHints":{"allow":["GET"]}}],"collection":[{"href":"https:\/\/toidupakk.ee\/pl\/wp-json\/wp\/v2\/product"}],"about":[{"href":"https:\/\/toidupakk.ee\/pl\/wp-json\/wp\/v2\/types\/product"}],"replies":[{"embeddable":true,"href":"https:\/\/toidupakk.ee\/pl\/wp-json\/wp\/v2\/comments?post=50624"}],"wp:featuredmedia":[{"embeddable":true,"href":"https:\/\/toidupakk.ee\/pl\/wp-json\/wp\/v2\/media\/20566"}],"wp:attachment":[{"href":"https:\/\/toidupakk.ee\/pl\/wp-json\/wp\/v2\/media?parent=50624"}],"wp:term":[{"taxonomy":"product_brand","embeddable":true,"href":"https:\/\/toidupakk.ee\/pl\/wp-json\/wp\/v2\/product_brand?post=50624"},{"taxonomy":"product_cat","embeddable":true,"href":"https:\/\/toidupakk.ee\/pl\/wp-json\/wp\/v2\/product_cat?post=50624"},{"taxonomy":"product_tag","embeddable":true,"href":"https:\/\/toidupakk.ee\/pl\/wp-json\/wp\/v2\/product_tag?post=50624"}],"curies":[{"name":"wp","href":"https:\/\/api.w.org\/{rel}","templated":true}]}}