{"id":50597,"date":"2023-11-08T13:55:13","date_gmt":"2023-11-08T11:55:13","guid":{"rendered":"https:\/\/toidupakk.ee\/toode\/iconfit-kolagen-na-stawy-w-proszku-300-g\/"},"modified":"2026-04-29T15:02:05","modified_gmt":"2026-04-29T12:02:05","slug":"iconfit-kolagen-na-stawy-w-proszku-300-g","status":"publish","type":"product","link":"https:\/\/toidupakk.ee\/pl\/toode\/iconfit-kolagen-na-stawy-w-proszku-300-g\/","title":{"rendered":"ICONFIT kolagen na stawy w proszku 300 g"},"content":{"rendered":"<h1>ICONFIT Joint Collagen \u2013 najlepszy kolagen w proszku na stawy<\/h1>\n<p><strong>ICONFIT kolagen na stawy w proszku to suplement diety, kt\u00f3ry wspiera kondycj\u0119 staw\u00f3w oraz pomaga w prawid\u0142owym funkcjonowaniu ko\u015bci i chrz\u0105stek.<\/strong><\/p>\n<p><strong>Kolagen<\/strong> sta\u0142 si\u0119 ostatnio jednym z najbardziej cenionych suplement\u00f3w diety na \u015bwiecie. Jest wytwarzany z surowc\u00f3w zwierz\u0119cych w naturalnych procesach i znany ze swoich korzystnych w\u0142a\u015bciwo\u015bci. Hydrolizowany kolagen to bia\u0142ko wyst\u0119puj\u0105ce w niemal wszystkich tkankach naszego cia\u0142a. To budulec naszych \u015bci\u0119gien, sk\u00f3ry, staw\u00f3w i ko\u015bci. Kolagen wp\u0142ywa r\u00f3wnie\u017c na wytrzyma\u0142o\u015b\u0107, elastyczno\u015b\u0107 i sp\u00f3jno\u015b\u0107 tkanki \u0142\u0105cznej. Kolagen ICONFIT jest pochodzenia zwierz\u0119cego.     <\/p>\n<p><img fetchpriority=\"high\" decoding=\"async\" class=\"alignright wp-image-15628 size-thumbnail\" src=\"https:\/\/toidupakk.ee\/wp-content\/uploads\/2023\/11\/ICONFIT-kollageeni-pulber-liigestele-pustised-imago-3-500x500.jpg\" alt=\"kolagen w proszku\" width=\"500\" height=\"500\" srcset=\"https:\/\/toidupakk.ee\/wp-content\/uploads\/2023\/11\/ICONFIT-kollageeni-pulber-liigestele-pustised-imago-3-500x500.jpg 500w, https:\/\/toidupakk.ee\/wp-content\/uploads\/2023\/11\/ICONFIT-kollageeni-pulber-liigestele-pustised-imago-3-400x400.jpg 400w, https:\/\/toidupakk.ee\/wp-content\/uploads\/2023\/11\/ICONFIT-kollageeni-pulber-liigestele-pustised-imago-3-100x100.jpg 100w\" sizes=\"(max-width: 500px) 100vw, 500px\" \/><\/p>\n<p><strong>MSM<\/strong> to organiczny zwi\u0105zek siarki (nie myli\u0107 z MMS!). Metylosulfonylometan wyst\u0119puje naturalnie w ro\u015blinach, zwierz\u0119tach i ludzkim organizmie. MSM wspiera wytrzyma\u0142o\u015b\u0107 ko\u015bci i staw\u00f3w, a tak\u017ce pozytywnie wp\u0142ywa na zdrowie sk\u00f3ry, paznokci i w\u0142os\u00f3w.  <\/p>\n<p><strong>Badania naukowe<\/strong> wykaza\u0142y \u015bwietne wyniki: przez 12 tygodni 100 osobom powy\u017cej 50. roku \u017cycia podawano codziennie MSM, podczas gdy druga grupa otrzymywa\u0142a placebo. Pod koniec badania grupa przyjmuj\u0105ca MSM zg\u0142osi\u0142a zmniejszenie b\u00f3lu i obrz\u0119ku staw\u00f3w oraz popraw\u0119 ruchomo\u015bci. <\/p>\n<p>&nbsp;<\/p>\n<p><strong>Mangan<\/strong> to niezb\u0119dny minera\u0142 odgrywaj\u0105cy kluczow\u0105 rol\u0119 w tworzeniu tkanki \u0142\u0105cznej. Wspiera utrzymanie zdrowych ko\u015bci i przyczynia si\u0119 do prawid\u0142owego tworzenia tkanki \u0142\u0105cznej. Mangan jest r\u00f3wnie\u017c wa\u017cny dla prawid\u0142owego metabolizmu energetycznego i ochrony kom\u00f3rek przed stresem oksydacyjnym.  <\/p>\n<p><strong>Wap\u0144<\/strong> to kluczowy minera\u0142 niezb\u0119dny do utrzymania zdrowych ko\u015bci. Pomaga w prawid\u0142owym funkcjonowaniu mi\u0119\u015bni i przeka\u017anictwie nerwowym oraz jest wa\u017cny dla krzepni\u0119cia krwi. <\/p>\n<p><strong>Cynk<\/strong> to wa\u017cny minera\u0142 pomagaj\u0105cy zachowa\u0107 zdrowe ko\u015bci. Wspiera r\u00f3wnie\u017c prawid\u0142owe funkcjonowanie uk\u0142adu odporno\u015bciowego i chroni kom\u00f3rki przed stresem oksydacyjnym. Nasz cynk wyst\u0119puje w formie diglicynianu cynku, kt\u00f3ry charakteryzuje si\u0119 doskona\u0142\u0105 przyswajalno\u015bci\u0105.  <\/p>\n<p>&nbsp;<\/p>\n<p><strong>Magnez<\/strong> to minera\u0142 wa\u017cny dla utrzymania zdrowych ko\u015bci, wspieraj\u0105cy prawid\u0142owe funkcjonowanie mi\u0119\u015bni i uk\u0142adu nerwowego. Pomaga r\u00f3wnie\u017c zmniejszy\u0107 uczucie zm\u0119czenia. <\/p>\n<p><strong>Witamina C<\/strong> to silny przeciwutleniacz wspieraj\u0105cy prawid\u0142ow\u0105 produkcj\u0119 kolagenu w celu zapewnienia prawid\u0142owego funkcjonowania ko\u015bci i chrz\u0105stek. Dodatkowo wspiera uk\u0142ad odporno\u015bciowy i chroni kom\u00f3rki przed stresem oksydacyjnym. <\/p>\n<p><img decoding=\"async\" class=\"alignleft wp-image-15626 size-thumbnail\" src=\"https:\/\/toidupakk.ee\/wp-content\/uploads\/2023\/11\/ICONFIT-kollageeni-pulber-liigestele-pustised-imago-1-500x500.jpg\" alt=\"kolagen w proszku\" width=\"500\" height=\"500\" srcset=\"https:\/\/toidupakk.ee\/wp-content\/uploads\/2023\/11\/ICONFIT-kollageeni-pulber-liigestele-pustised-imago-1-500x500.jpg 500w, https:\/\/toidupakk.ee\/wp-content\/uploads\/2023\/11\/ICONFIT-kollageeni-pulber-liigestele-pustised-imago-1-400x400.jpg 400w, https:\/\/toidupakk.ee\/wp-content\/uploads\/2023\/11\/ICONFIT-kollageeni-pulber-liigestele-pustised-imago-1-100x100.jpg 100w\" sizes=\"(max-width: 500px) 100vw, 500px\" \/><\/p>\n<p>Ekstrakt z \u017cywicy <strong>kadzid\u0142owca indyjskiego<\/strong> (Boswellia Serrata) od wiek\u00f3w stosowany jest we wspieraniu zdrowia staw\u00f3w. Liczne badania naukowe potwierdzi\u0142y przeciwzapalne dzia\u0142anie kwas\u00f3w bosweliowych zawartych w \u017cywicy kadzid\u0142owca. <\/p>\n<p><strong>Kwas hialuronowy<\/strong> to naturalna substancja wyst\u0119puj\u0105ca w organizmie, szczeg\u00f3lnie w sk\u00f3rze i stawach. W stawach dzia\u0142a jako smar i amortyzator, pomagaj\u0105c zachowa\u0107 ich ruchomo\u015b\u0107 i elastyczno\u015b\u0107. Jest r\u00f3wnie\u017c wa\u017cnym sk\u0142adnikiem w piel\u0119gnacji sk\u00f3ry, pomagaj\u0105c utrzyma\u0107 jej nawil\u017cenie.  <\/p>\n<p>&nbsp;<\/p>\n<h2>Kolagen w proszku &amp; ICONFIT jako\u015b\u0107 &amp; troska<\/h2>\n<p>Produkty ICONFIT s\u0105 opracowywane w Estonii i bazuj\u0105 na najwy\u017cszych europejskich standardach jako\u015bci. Tworzymy nasze produkty we wsp\u00f3\u0142pracy ze specjalistami ds. \u017cywienia, sportowcami i technologami \u017cywno\u015bci. <\/p>\n<p>Produkty ICONFIT nie zawieraj\u0105 niepotrzebnych sztucznych stabilizator\u00f3w, barwnik\u00f3w ani konserwant\u00f3w. Nasi klienci wracaj\u0105 do nas wielokrotnie dzi\u0119ki naszej jako\u015bci, czysto\u015bci i \u015bwietnym smakom. <\/p>\n<p><img decoding=\"async\" class=\"alignnone wp-image-15624 size-medium\" src=\"https:\/\/toidupakk.ee\/wp-content\/uploads\/2023\/11\/ICONFIT-kollageeni-pulber-liigestele-5-300x300.png\" alt=\"logo iconfit\" width=\"300\" height=\"300\" srcset=\"https:\/\/toidupakk.ee\/wp-content\/uploads\/2023\/11\/ICONFIT-kollageeni-pulber-liigestele-5-300x300.png 300w, https:\/\/toidupakk.ee\/wp-content\/uploads\/2023\/11\/ICONFIT-kollageeni-pulber-liigestele-5-400x400.png 400w, https:\/\/toidupakk.ee\/wp-content\/uploads\/2023\/11\/ICONFIT-kollageeni-pulber-liigestele-5-100x100.png 100w, https:\/\/toidupakk.ee\/wp-content\/uploads\/2023\/11\/ICONFIT-kollageeni-pulber-liigestele-5-500x500.png 500w, https:\/\/toidupakk.ee\/wp-content\/uploads\/2023\/11\/ICONFIT-kollageeni-pulber-liigestele-5-768x768.png 768w, https:\/\/toidupakk.ee\/wp-content\/uploads\/2023\/11\/ICONFIT-kollageeni-pulber-liigestele-5.png 800w\" sizes=\"(max-width: 300px) 100vw, 300px\" \/><\/p>\n<p>Interesuje Ci\u0119 sprz\u0119t turystyczny? Sprawd\u017a szczeg\u00f3\u0142y <a href=\"https:\/\/toidupakk.ee\/pl\/tootekategooria\/sprzet-turystyczny\/#section-3-79\">TUTAJ<\/a><\/p>\n<p>Interesuj\u0105 Ci\u0119 posi\u0142ki turystyczne? Zobacz <a href=\"https:\/\/toidupakk.ee\/pl\/tootekategooria\/dania-glowne\/\">TUTAJ<\/a><\/p>\n<p>Znajd\u017a inspiracj\u0119 na kolejne przygody na <a href=\"https:\/\/www.instagram.com\/toidupakk\/\">Instagramie<\/a> i <a href=\"https:\/\/www.facebook.com\/Toidupakk\/\">Facebooku<\/a> Toidupakk.<\/p>\n","protected":false},"excerpt":{"rendered":"<p>ICONFIT Joint Collagen to kolagen w proszku stworzony, aby <strong>wspiera\u0107 zdrowie staw\u00f3w, chrz\u0105stek, ko\u015bci i tkanki \u0142\u0105cznej<\/strong>. Produkt zosta\u0142 opracowany i wyprodukowany w Estonii. Kolagen na stawy jest przeznaczony dla <strong>os\u00f3b, kt\u00f3re maj\u0105 problemy ze stawami lub chc\u0105 je wzmocni\u0107.<\/strong>  <\/p>\n<ul>\n<li>Jeden z <strong>najpopularniejszych kolagen\u00f3w w proszku<\/strong> w Estonii<\/li>\n<li><strong>Produkowany w Estonii<\/strong><\/li>\n<li>Ka\u017cda porcja <strong>zawiera 10 000 mg hydrolizowanego kolagenu<\/strong><\/li>\n<li><strong>\u0141atwo przyswajalny i lekkostrawny<\/strong><\/li>\n<li>Z dodatkiem <strong>magnezu, wapnia, cynku i manganu<\/strong>.<\/li>\n<li>Dodatek <strong>witaminy C<\/strong> wspiera produkcj\u0119 kolagenu i pomaga w prawid\u0142owym funkcjonowaniu chrz\u0105stki.<\/li>\n<li>Produkt wzbogacono o inne cenne sk\u0142adniki, takie jak <strong>glukozamina<\/strong>, <strong>chondroityna, MSM, kwas hialuronowy<\/strong> oraz ekstrakt z \u017cywicy kadzid\u0142owca indyjskiego (<strong>Boswellia Serrata<\/strong>).<\/li>\n<li>Kolagen na stawy dost\u0119pny jest w 4 smakach: pomara\u0144czowym, cytrynowym, wi\u015bniowym oraz bezsmakowy<\/li>\n<\/ul>\n<p>\u2705 Dost\u0119pny w magazynie, szybka dostawa w 1-3 dni robocze do Twojego paczkomatu<\/p>\n","protected":false},"featured_media":15621,"comment_status":"open","ping_status":"closed","template":"","meta":{"_acf_changed":false},"product_brand":[],"product_cat":[303,382,301,361],"product_tag":[],"class_list":{"0":"post-50597","1":"product","2":"type-product","3":"status-publish","4":"has-post-thumbnail","6":"product_cat-akcesoria-turystyczne","7":"product_cat-proszki","8":"product_cat-sprzet-turystyczny","9":"product_cat-suplementy-diety","11":"first","12":"instock","13":"sale","14":"taxable","15":"shipping-taxable","16":"purchasable","17":"product-type-variable","18":"has-default-attributes"},"bundled_by":[],"bundle_stock_status":"instock","bundle_stock_quantity":null,"bundle_virtual":false,"bundle_layout":"","bundle_add_to_cart_form_location":"","bundle_editable_in_cart":false,"bundle_sold_individually_context":"","bundle_item_grouping":"","bundle_min_size":"","bundle_max_size":"","bundle_price":[],"bundled_items":[],"bundle_sell_ids":[],"acf":[],"yoast_head":"<!-- This site is optimized with the Yoast SEO plugin v27.3 - https:\/\/yoast.com\/product\/yoast-seo-wordpress\/ -->\n<title>Kolagen w proszku ICONFIT na stawy 300 g<\/title>\n<meta name=\"description\" content=\"Kolagen w proszku wspieraj\u0105cy zdrowie staw\u00f3w, chrz\u0105stek, ko\u015bci i tkanki \u0142\u0105cznej. Je\u015bli masz problemy ze stawami lub chcesz je wzmocni\u0107\" \/>\n<meta name=\"robots\" content=\"index, follow, max-snippet:-1, max-image-preview:large, max-video-preview:-1\" \/>\n<link rel=\"canonical\" href=\"https:\/\/toidupakk.ee\/pl\/toode\/iconfit-kolagen-na-stawy-w-proszku-300-g\/\" \/>\n<meta property=\"og:locale\" content=\"pl_PL\" \/>\n<meta property=\"og:type\" content=\"article\" \/>\n<meta property=\"og:title\" content=\"Kolagen w proszku ICONFIT na stawy 300 g\" \/>\n<meta property=\"og:description\" content=\"Kolagen w proszku wspieraj\u0105cy zdrowie staw\u00f3w, chrz\u0105stek, ko\u015bci i tkanki \u0142\u0105cznej. Je\u015bli masz problemy ze stawami lub chcesz je wzmocni\u0107\" \/>\n<meta property=\"og:url\" content=\"https:\/\/toidupakk.ee\/pl\/toode\/iconfit-kolagen-na-stawy-w-proszku-300-g\/\" \/>\n<meta property=\"og:site_name\" content=\"Toidupakk.ee - Tactical Foodpack toidupakid\" \/>\n<meta property=\"article:publisher\" content=\"https:\/\/www.facebook.com\/Toidupakk\" \/>\n<meta property=\"article:modified_time\" content=\"2026-04-29T12:02:05+00:00\" \/>\n<meta property=\"og:image\" content=\"https:\/\/toidupakk.ee\/wp-content\/uploads\/2023\/11\/ICONFIT-kollageeni-pulber-liigestele-2.png\" \/>\n\t<meta property=\"og:image:width\" content=\"800\" \/>\n\t<meta property=\"og:image:height\" content=\"800\" \/>\n\t<meta property=\"og:image:type\" content=\"image\/png\" \/>\n<meta name=\"twitter:card\" content=\"summary_large_image\" \/>\n<meta name=\"twitter:label1\" content=\"Szacowany czas czytania\" \/>\n\t<meta name=\"twitter:data1\" content=\"3 minuty\" \/>\n<script type=\"application\/ld+json\" class=\"yoast-schema-graph\">{\"@context\":\"https:\\\/\\\/schema.org\",\"@graph\":[{\"@type\":\"WebPage\",\"@id\":\"https:\\\/\\\/toidupakk.ee\\\/pl\\\/toode\\\/iconfit-kolagen-na-stawy-w-proszku-300-g\\\/\",\"url\":\"https:\\\/\\\/toidupakk.ee\\\/pl\\\/toode\\\/iconfit-kolagen-na-stawy-w-proszku-300-g\\\/\",\"name\":\"Kolagen w proszku ICONFIT na stawy 300 g\",\"isPartOf\":{\"@id\":\"https:\\\/\\\/toidupakk.ee\\\/pl\\\/#website\"},\"primaryImageOfPage\":{\"@id\":\"https:\\\/\\\/toidupakk.ee\\\/pl\\\/toode\\\/iconfit-kolagen-na-stawy-w-proszku-300-g\\\/#primaryimage\"},\"image\":{\"@id\":\"https:\\\/\\\/toidupakk.ee\\\/pl\\\/toode\\\/iconfit-kolagen-na-stawy-w-proszku-300-g\\\/#primaryimage\"},\"thumbnailUrl\":\"https:\\\/\\\/toidupakk.ee\\\/wp-content\\\/uploads\\\/2023\\\/11\\\/ICONFIT-kollageeni-pulber-liigestele-2.png\",\"datePublished\":\"2023-11-08T11:55:13+00:00\",\"dateModified\":\"2026-04-29T12:02:05+00:00\",\"description\":\"Kolagen w proszku wspieraj\u0105cy zdrowie staw\u00f3w, chrz\u0105stek, ko\u015bci i tkanki \u0142\u0105cznej. Je\u015bli masz problemy ze stawami lub chcesz je wzmocni\u0107\",\"breadcrumb\":{\"@id\":\"https:\\\/\\\/toidupakk.ee\\\/pl\\\/toode\\\/iconfit-kolagen-na-stawy-w-proszku-300-g\\\/#breadcrumb\"},\"inLanguage\":\"pl-PL\",\"potentialAction\":[{\"@type\":\"ReadAction\",\"target\":[\"https:\\\/\\\/toidupakk.ee\\\/pl\\\/toode\\\/iconfit-kolagen-na-stawy-w-proszku-300-g\\\/\"]}]},{\"@type\":\"ImageObject\",\"inLanguage\":\"pl-PL\",\"@id\":\"https:\\\/\\\/toidupakk.ee\\\/pl\\\/toode\\\/iconfit-kolagen-na-stawy-w-proszku-300-g\\\/#primaryimage\",\"url\":\"https:\\\/\\\/toidupakk.ee\\\/wp-content\\\/uploads\\\/2023\\\/11\\\/ICONFIT-kollageeni-pulber-liigestele-2.png\",\"contentUrl\":\"https:\\\/\\\/toidupakk.ee\\\/wp-content\\\/uploads\\\/2023\\\/11\\\/ICONFIT-kollageeni-pulber-liigestele-2.png\",\"width\":800,\"height\":800,\"caption\":\"kollageeni pulber apelsin\"},{\"@type\":\"BreadcrumbList\",\"@id\":\"https:\\\/\\\/toidupakk.ee\\\/pl\\\/toode\\\/iconfit-kolagen-na-stawy-w-proszku-300-g\\\/#breadcrumb\",\"itemListElement\":[{\"@type\":\"ListItem\",\"position\":1,\"name\":\"Avaleht\",\"item\":\"https:\\\/\\\/toidupakk.ee\\\/pl\\\/\"},{\"@type\":\"ListItem\",\"position\":2,\"name\":\"Sklep internetowy\",\"item\":\"https:\\\/\\\/toidupakk.ee\\\/pl\\\/sklep-internetowy\\\/\"},{\"@type\":\"ListItem\",\"position\":3,\"name\":\"ICONFIT kolagen na stawy w proszku 300 g\"}]},{\"@type\":\"WebSite\",\"@id\":\"https:\\\/\\\/toidupakk.ee\\\/pl\\\/#website\",\"url\":\"https:\\\/\\\/toidupakk.ee\\\/pl\\\/\",\"name\":\"Toidupakk.ee - Tactical Foodpack toidupakid\",\"description\":\"Tactical Foodpack k\u00fclmkuivatatud toidupakid ja matkaeined\",\"publisher\":{\"@id\":\"https:\\\/\\\/toidupakk.ee\\\/pl\\\/#organization\"},\"potentialAction\":[{\"@type\":\"SearchAction\",\"target\":{\"@type\":\"EntryPoint\",\"urlTemplate\":\"https:\\\/\\\/toidupakk.ee\\\/pl\\\/?s={search_term_string}\"},\"query-input\":{\"@type\":\"PropertyValueSpecification\",\"valueRequired\":true,\"valueName\":\"search_term_string\"}}],\"inLanguage\":\"pl-PL\"},{\"@type\":\"Organization\",\"@id\":\"https:\\\/\\\/toidupakk.ee\\\/pl\\\/#organization\",\"name\":\"Tactical Foodpack matkaeined\",\"url\":\"https:\\\/\\\/toidupakk.ee\\\/pl\\\/\",\"logo\":{\"@type\":\"ImageObject\",\"inLanguage\":\"pl-PL\",\"@id\":\"https:\\\/\\\/toidupakk.ee\\\/pl\\\/#\\\/schema\\\/logo\\\/image\\\/\",\"url\":\"https:\\\/\\\/toidupakk.ee\\\/wp-content\\\/uploads\\\/2022\\\/01\\\/Toidupakk-matkapood-logo-transparent.png\",\"contentUrl\":\"https:\\\/\\\/toidupakk.ee\\\/wp-content\\\/uploads\\\/2022\\\/01\\\/Toidupakk-matkapood-logo-transparent.png\",\"width\":500,\"height\":500,\"caption\":\"Tactical Foodpack matkaeined\"},\"image\":{\"@id\":\"https:\\\/\\\/toidupakk.ee\\\/pl\\\/#\\\/schema\\\/logo\\\/image\\\/\"},\"sameAs\":[\"https:\\\/\\\/www.facebook.com\\\/Toidupakk\",\"https:\\\/\\\/www.instagram.com\\\/toidupakk\\\/\"]}]}<\/script>\n<!-- \/ Yoast SEO plugin. -->","yoast_head_json":{"title":"Kolagen w proszku ICONFIT na stawy 300 g","description":"Kolagen w proszku wspieraj\u0105cy zdrowie staw\u00f3w, chrz\u0105stek, ko\u015bci i tkanki \u0142\u0105cznej. Je\u015bli masz problemy ze stawami lub chcesz je wzmocni\u0107","robots":{"index":"index","follow":"follow","max-snippet":"max-snippet:-1","max-image-preview":"max-image-preview:large","max-video-preview":"max-video-preview:-1"},"canonical":"https:\/\/toidupakk.ee\/pl\/toode\/iconfit-kolagen-na-stawy-w-proszku-300-g\/","og_locale":"pl_PL","og_type":"article","og_title":"Kolagen w proszku ICONFIT na stawy 300 g","og_description":"Kolagen w proszku wspieraj\u0105cy zdrowie staw\u00f3w, chrz\u0105stek, ko\u015bci i tkanki \u0142\u0105cznej. Je\u015bli masz problemy ze stawami lub chcesz je wzmocni\u0107","og_url":"https:\/\/toidupakk.ee\/pl\/toode\/iconfit-kolagen-na-stawy-w-proszku-300-g\/","og_site_name":"Toidupakk.ee - Tactical Foodpack toidupakid","article_publisher":"https:\/\/www.facebook.com\/Toidupakk","article_modified_time":"2026-04-29T12:02:05+00:00","og_image":[{"width":800,"height":800,"url":"https:\/\/toidupakk.ee\/wp-content\/uploads\/2023\/11\/ICONFIT-kollageeni-pulber-liigestele-2.png","type":"image\/png"}],"twitter_card":"summary_large_image","twitter_misc":{"Szacowany czas czytania":"3 minuty"},"schema":{"@context":"https:\/\/schema.org","@graph":[{"@type":"WebPage","@id":"https:\/\/toidupakk.ee\/pl\/toode\/iconfit-kolagen-na-stawy-w-proszku-300-g\/","url":"https:\/\/toidupakk.ee\/pl\/toode\/iconfit-kolagen-na-stawy-w-proszku-300-g\/","name":"Kolagen w proszku ICONFIT na stawy 300 g","isPartOf":{"@id":"https:\/\/toidupakk.ee\/pl\/#website"},"primaryImageOfPage":{"@id":"https:\/\/toidupakk.ee\/pl\/toode\/iconfit-kolagen-na-stawy-w-proszku-300-g\/#primaryimage"},"image":{"@id":"https:\/\/toidupakk.ee\/pl\/toode\/iconfit-kolagen-na-stawy-w-proszku-300-g\/#primaryimage"},"thumbnailUrl":"https:\/\/toidupakk.ee\/wp-content\/uploads\/2023\/11\/ICONFIT-kollageeni-pulber-liigestele-2.png","datePublished":"2023-11-08T11:55:13+00:00","dateModified":"2026-04-29T12:02:05+00:00","description":"Kolagen w proszku wspieraj\u0105cy zdrowie staw\u00f3w, chrz\u0105stek, ko\u015bci i tkanki \u0142\u0105cznej. Je\u015bli masz problemy ze stawami lub chcesz je wzmocni\u0107","breadcrumb":{"@id":"https:\/\/toidupakk.ee\/pl\/toode\/iconfit-kolagen-na-stawy-w-proszku-300-g\/#breadcrumb"},"inLanguage":"pl-PL","potentialAction":[{"@type":"ReadAction","target":["https:\/\/toidupakk.ee\/pl\/toode\/iconfit-kolagen-na-stawy-w-proszku-300-g\/"]}]},{"@type":"ImageObject","inLanguage":"pl-PL","@id":"https:\/\/toidupakk.ee\/pl\/toode\/iconfit-kolagen-na-stawy-w-proszku-300-g\/#primaryimage","url":"https:\/\/toidupakk.ee\/wp-content\/uploads\/2023\/11\/ICONFIT-kollageeni-pulber-liigestele-2.png","contentUrl":"https:\/\/toidupakk.ee\/wp-content\/uploads\/2023\/11\/ICONFIT-kollageeni-pulber-liigestele-2.png","width":800,"height":800,"caption":"kollageeni pulber apelsin"},{"@type":"BreadcrumbList","@id":"https:\/\/toidupakk.ee\/pl\/toode\/iconfit-kolagen-na-stawy-w-proszku-300-g\/#breadcrumb","itemListElement":[{"@type":"ListItem","position":1,"name":"Avaleht","item":"https:\/\/toidupakk.ee\/pl\/"},{"@type":"ListItem","position":2,"name":"Sklep internetowy","item":"https:\/\/toidupakk.ee\/pl\/sklep-internetowy\/"},{"@type":"ListItem","position":3,"name":"ICONFIT kolagen na stawy w proszku 300 g"}]},{"@type":"WebSite","@id":"https:\/\/toidupakk.ee\/pl\/#website","url":"https:\/\/toidupakk.ee\/pl\/","name":"Toidupakk.ee - Tactical Foodpack toidupakid","description":"Tactical Foodpack k\u00fclmkuivatatud toidupakid ja matkaeined","publisher":{"@id":"https:\/\/toidupakk.ee\/pl\/#organization"},"potentialAction":[{"@type":"SearchAction","target":{"@type":"EntryPoint","urlTemplate":"https:\/\/toidupakk.ee\/pl\/?s={search_term_string}"},"query-input":{"@type":"PropertyValueSpecification","valueRequired":true,"valueName":"search_term_string"}}],"inLanguage":"pl-PL"},{"@type":"Organization","@id":"https:\/\/toidupakk.ee\/pl\/#organization","name":"Tactical Foodpack matkaeined","url":"https:\/\/toidupakk.ee\/pl\/","logo":{"@type":"ImageObject","inLanguage":"pl-PL","@id":"https:\/\/toidupakk.ee\/pl\/#\/schema\/logo\/image\/","url":"https:\/\/toidupakk.ee\/wp-content\/uploads\/2022\/01\/Toidupakk-matkapood-logo-transparent.png","contentUrl":"https:\/\/toidupakk.ee\/wp-content\/uploads\/2022\/01\/Toidupakk-matkapood-logo-transparent.png","width":500,"height":500,"caption":"Tactical Foodpack matkaeined"},"image":{"@id":"https:\/\/toidupakk.ee\/pl\/#\/schema\/logo\/image\/"},"sameAs":["https:\/\/www.facebook.com\/Toidupakk","https:\/\/www.instagram.com\/toidupakk\/"]}]}},"jetpack_sharing_enabled":true,"_links":{"self":[{"href":"https:\/\/toidupakk.ee\/pl\/wp-json\/wp\/v2\/product\/50597","targetHints":{"allow":["GET"]}}],"collection":[{"href":"https:\/\/toidupakk.ee\/pl\/wp-json\/wp\/v2\/product"}],"about":[{"href":"https:\/\/toidupakk.ee\/pl\/wp-json\/wp\/v2\/types\/product"}],"replies":[{"embeddable":true,"href":"https:\/\/toidupakk.ee\/pl\/wp-json\/wp\/v2\/comments?post=50597"}],"wp:featuredmedia":[{"embeddable":true,"href":"https:\/\/toidupakk.ee\/pl\/wp-json\/wp\/v2\/media\/15621"}],"wp:attachment":[{"href":"https:\/\/toidupakk.ee\/pl\/wp-json\/wp\/v2\/media?parent=50597"}],"wp:term":[{"taxonomy":"product_brand","embeddable":true,"href":"https:\/\/toidupakk.ee\/pl\/wp-json\/wp\/v2\/product_brand?post=50597"},{"taxonomy":"product_cat","embeddable":true,"href":"https:\/\/toidupakk.ee\/pl\/wp-json\/wp\/v2\/product_cat?post=50597"},{"taxonomy":"product_tag","embeddable":true,"href":"https:\/\/toidupakk.ee\/pl\/wp-json\/wp\/v2\/product_tag?post=50597"}],"curies":[{"name":"wp","href":"https:\/\/api.w.org\/{rel}","templated":true}]}}