{"id":50556,"date":"2024-09-04T16:09:37","date_gmt":"2024-09-04T13:09:37","guid":{"rendered":"https:\/\/toidupakk.ee\/toode\/risotto-grzybowe-100g\/"},"modified":"2026-04-29T15:31:56","modified_gmt":"2026-04-29T12:31:56","slug":"risotto-grzybowe-100g","status":"publish","type":"product","link":"https:\/\/toidupakk.ee\/pl\/toode\/risotto-grzybowe-100g\/","title":{"rendered":"Risotto grzybowe 100g"},"content":{"rendered":"<h1><img fetchpriority=\"high\" decoding=\"async\" class=\"wp-image-27108 size-thumbnail alignright\" src=\"https:\/\/toidupakk.ee\/wp-content\/uploads\/2024\/09\/Seenerisoto-Tactical-Foodpack-pakend-500x500.png\" alt=\"gotowe danie risotto grzybowe\" width=\"500\" height=\"500\" srcset=\"https:\/\/toidupakk.ee\/wp-content\/uploads\/2024\/09\/Seenerisoto-Tactical-Foodpack-pakend-500x500.png 500w, https:\/\/toidupakk.ee\/wp-content\/uploads\/2024\/09\/Seenerisoto-Tactical-Foodpack-pakend-400x400.png 400w, https:\/\/toidupakk.ee\/wp-content\/uploads\/2024\/09\/Seenerisoto-Tactical-Foodpack-pakend-100x100.png 100w, https:\/\/toidupakk.ee\/wp-content\/uploads\/2024\/09\/Seenerisoto-Tactical-Foodpack-pakend-300x300.png 300w, https:\/\/toidupakk.ee\/wp-content\/uploads\/2024\/09\/Seenerisoto-Tactical-Foodpack-pakend-768x768.png 768w, https:\/\/toidupakk.ee\/wp-content\/uploads\/2024\/09\/Seenerisoto-Tactical-Foodpack-pakend.png 800w\" sizes=\"(max-width: 500px) 100vw, 500px\" \/><\/h1>\n<h1>Odkryj risotto grzybowe od Tactical Foodpack<\/h1>\n<p>Tactical Foodpack <strong>Risotto grzybowe 100g<\/strong> to idealne rozwi\u0105zanie dla os\u00f3b szukaj\u0105cych smacznego i po\u017cywnego gotowego posi\u0142ku. To liofilizowane danie zosta\u0142o stworzone specjalnie z my\u015bl\u0105 o w\u0119dr\u00f3wkach, przygodach lub szybkich posi\u0142kach w domu, oferuj\u0105c idealn\u0105 r\u00f3wnowag\u0119 mi\u0119dzy wygod\u0105 a warto\u015bci\u0105 od\u017cywcz\u0105. <\/p>\n<h2>Dlaczego warto wybra\u0107 risotto grzybowe?<\/h2>\n<p>Risotto grzybowe to znacznie wi\u0119cej ni\u017c tylko posi\u0142ek \u2013 to do\u015bwiadczenie. \u017bywno\u015b\u0107 taktyczna, taka jak Risotto grzybowe, zosta\u0142a zaprojektowana, aby zapewni\u0107 przetrwanie i od\u017cywienie nawet w najtrudniejszych warunkach. Oto kilka powod\u00f3w, dla kt\u00f3rych ten produkt powinien by\u0107 twoim kolejnym wyborem:  <\/p>\n<ul>\n<li><strong>\u0141atwe w przygotowaniu<\/strong>: Po prostu dodaj gor\u0105c\u0105 wod\u0119 i odczekaj 8 minut. Bez skomplikowanego gotowania \u2013 szybko i wygodnie. <\/li>\n<li><strong>Wysoka zawarto\u015b\u0107 energii<\/strong>: Jedna porcja dostarcza 517 kcal, co wystarczy, aby utrzyma\u0107 energi\u0119 przez ca\u0142y dzie\u0144.<\/li>\n<li><strong>Naturalny sk\u0142ad<\/strong>: Bez konserwant\u00f3w i sztucznych dodatk\u00f3w. Tylko najlepsze sk\u0142adniki, kt\u00f3re gwarantuj\u0105 autentyczny smak i zdrowe od\u017cywianie. <\/li>\n<li><strong>D\u0142ugi termin przydatno\u015bci<\/strong>: Najlepiej spo\u017cy\u0107 przed up\u0142ywem 8 lat od daty produkcji, co czyni go idealnym do d\u0142ugoterminowego przechowywania lub na sytuacje awaryjne.<\/li>\n<li><strong>Wyprodukowano w Niemczech<\/strong>: Wysoka jako\u015b\u0107 produkcji gwarantuje, \u017ce ka\u017cdy posi\u0142ek spe\u0142nia najwy\u017csze standardy i zachowuje swoje walory smakowe nawet po latach.<\/li>\n<\/ul>\n<h3>Opis produktu: co sprawia, \u017ce risotto grzybowe jest tak wyj\u0105tkowe?<\/h3>\n<p><strong>Risotto grzybowe<\/strong> jest przygotowane ze starannie dobranych sk\u0142adnik\u00f3w, aby zapewni\u0107 doskona\u0142y smak i warto\u015b\u0107 od\u017cywcz\u0105. Ka\u017cde opakowanie zawiera ry\u017c do risotto (50%), po\u0142\u0105czony z bogatym bulionem warzywnym i \u015bwie\u017cymi pieczarkami (20%). Dodatki to \u015bmietanka, bia\u0142e wino, cebula, twardy ser, mas\u0142o i czosnek, kt\u00f3re nadaj\u0105 potrawie bogaty i kremowy smak.  <\/p>\n<h3>Zalety liofilizacji<\/h3>\n<p>Liofilizacja to proces, kt\u00f3ry zachowuje \u015bwie\u017co\u015b\u0107, tekstur\u0119 i warto\u015b\u0107 od\u017cywcz\u0105 \u017cywno\u015bci poprzez usuwanie wody w bardzo niskich temperaturach. Oznacza to, \u017ce wszystkie posi\u0142ki Tactical Foodpack, w tym Risotto grzybowe, s\u0105 lekkie, kompaktowe i maj\u0105 d\u0142ugi termin przydatno\u015bci, zachowuj\u0105c przy tym wszystkie wa\u017cne witaminy i minera\u0142y. <\/p>\n<h3>Dla kogo przeznaczone jest risotto grzybowe?<\/h3>\n<ul>\n<li><strong>Dla w\u0119drowc\u00f3w i obozowicz\u00f3w<\/strong>: Risotto grzybowe to idealny wyb\u00f3r na wypraw\u0119, poniewa\u017c jest lekkie, ma kompaktowe opakowanie i jest \u0142atwe w przygotowaniu.<\/li>\n<li><strong>Dla poszukiwaczy przyg\u00f3d i survivalowc\u00f3w<\/strong>: D\u0142ugi termin przydatno\u015bci i wysoka zawarto\u015b\u0107 energii sprawiaj\u0105, \u017ce jest to doskona\u0142y wyb\u00f3r w sytuacjach survivalowych lub na d\u0142ugie wyprawy.<\/li>\n<li><strong>Na szybki posi\u0142ek w domu<\/strong>: Je\u015bli nie masz czasu na gotowanie, a chcesz zje\u015b\u0107 co\u015b po\u017cywnego i smacznego, Risotto grzybowe to szybkie i zdrowe rozwi\u0105zanie.<\/li>\n<\/ul>\n<p><img decoding=\"async\" class=\"alignnone wp-image-27109 size-thumbnail\" src=\"https:\/\/toidupakk.ee\/wp-content\/uploads\/2024\/09\/Seenerisoto-Tactical-Foodpack-koostis-500x500.png\" alt=\"sk\u0142ad risotto grzybowego\" width=\"500\" height=\"500\" srcset=\"https:\/\/toidupakk.ee\/wp-content\/uploads\/2024\/09\/Seenerisoto-Tactical-Foodpack-koostis-500x500.png 500w, https:\/\/toidupakk.ee\/wp-content\/uploads\/2024\/09\/Seenerisoto-Tactical-Foodpack-koostis-400x400.png 400w, https:\/\/toidupakk.ee\/wp-content\/uploads\/2024\/09\/Seenerisoto-Tactical-Foodpack-koostis-100x100.png 100w, https:\/\/toidupakk.ee\/wp-content\/uploads\/2024\/09\/Seenerisoto-Tactical-Foodpack-koostis-300x300.png 300w, https:\/\/toidupakk.ee\/wp-content\/uploads\/2024\/09\/Seenerisoto-Tactical-Foodpack-koostis-768x768.png 768w, https:\/\/toidupakk.ee\/wp-content\/uploads\/2024\/09\/Seenerisoto-Tactical-Foodpack-koostis.png 800w\" sizes=\"(max-width: 500px) 100vw, 500px\" \/><\/p>\n<h3>Informacje o produkcie i warunki przechowywania<\/h3>\n<p>Risotto grzybowe jest dost\u0119pne w opakowaniu 100g, co zapewnia optymaln\u0105 ilo\u015b\u0107 dla jednej osoby. Idealna temperatura przechowywania wynosi od 10 \u00b0C do +30 \u00b0C. Dzi\u0119ki liofilizacji produkt jest trwa\u0142y i \u0142atwy w transporcie, nadaje si\u0119 zar\u00f3wno do przechowywania w domu, jak i do spakowania do plecaka.  <\/p>\n<h3>Posi\u0142ki Tactical Foodpack \u2013 jak u\u017cywa\u0107<\/h3>\n<p>Otw\u00f3rz opakowanie od g\u00f3ry w wyznaczonym miejscu. Wyjmij poch\u0142aniacz tlenu (ma\u0142a saszetka) znajduj\u0105cy si\u0119 wewn\u0105trz \u2013 mo\u017cesz go wyrzuci\u0107 do kosza razem z odpadami domowymi. Wlej do \u015brodka gor\u0105c\u0105 wod\u0119 w ilo\u015bci wskazanej na opakowaniu. Dok\u0142adnie wymieszaj ca\u0142\u0105 zawarto\u015b\u0107, a\u017c do samego dna. Zamknij opakowanie za pomoc\u0105 strunowego zapi\u0119cia u g\u00f3ry. Odczekaj 8 minut, a nast\u0119pnie ciesz si\u0119 ciep\u0142ym posi\u0142kiem.     <\/p>\n<h3>Tactical Foodpack \u2013 wyb\u00f3r, kt\u00f3remu mo\u017cesz zaufa\u0107<\/h3>\n<p><strong>Tactical Foodpack<\/strong> s\u0142ynie z wysokiej jako\u015bci i niezawodnych posi\u0142k\u00f3w turystycznych. Firma koncentruje si\u0119 na produktach oferuj\u0105cych wysok\u0105 warto\u015b\u0107 od\u017cywcz\u0105 i doznania smakowe, bez kompromis\u00f3w w kwestii zdrowia. W ich ofercie znajduj\u0105 si\u0119 r\u00f3\u017cne dania, od \u015bniada\u0144 po pe\u0142ne kolacje, wszystkie stworzone specjalnie do u\u017cytku w terenie i survivalu.  <\/p>\n<h3>Zam\u00f3w risotto grzybowe ju\u017c dzi\u015b!<\/h3>\n<p>Nie przegap okazji! Zam\u00f3w <strong>Risotto grzybowe<\/strong> od Tactical Foodpack ju\u017c dzi\u015b i ciesz si\u0119 pe\u0142nowarto\u015bciowym posi\u0142kiem zawsze i wsz\u0119dzie. Produkt dost\u0119pny w magazynie, zam\u00f3wienia mo\u017cna sk\u0142ada\u0107 od drugiej po\u0142owy pa\u017adziernika. Idealny wyb\u00f3r dla ka\u017cdego, kto szuka prostego, zdrowego i smacznego rozwi\u0105zania!   <\/p>\n<p>Kup teraz i przekonaj si\u0119 o jako\u015bci Tactical Foodpack na w\u0142asnej sk\u00f3rze!<\/p>\n<p>&nbsp;<\/p>\n<p>Zobacz wi\u0119cej akcesori\u00f3w turystycznych <a href=\"https:\/\/toidupakk.ee\/pl\/tootekategooria\/sprzet-turystyczny\/#section-3-79\">TUTAJ<\/a><\/p>\n<p>Znajd\u017a inspiracj\u0119 na kolejne przygody na <a href=\"https:\/\/www.instagram.com\/toidupakk\/\">Instagramie<\/a> i <a href=\"https:\/\/www.facebook.com\/Toidupakk\/\">Facebooku<\/a> Toidupakk.<\/p>\n","protected":false},"excerpt":{"rendered":"<p><strong>Teraz dost\u0119pny r\u00f3wnie\u017c w DU\u017bEJ porcji, bo jest po prostu tak dobry.<\/strong><\/p>\n<ul>\n<li>Liofilizowane risotto grzybowe w opakowaniu 100g, DU\u017bA porcja 140 g<\/li>\n<li>Gotowe danie &#8211; po prostu zalej gor\u0105c\u0105 wod\u0105 i po 8 min mo\u017cesz cieszy\u0107 si\u0119 pe\u0142nowarto\u015bciowym posi\u0142kiem<\/li>\n<li>Do przygotowania dodaj do opakowania 320 ml gor\u0105cej wody<\/li>\n<li><span lang=\"ET\">Naturalny sk\u0142ad, nie zawiera konserwant\u00f3w ani dodatk\u00f3w<\/span><\/li>\n<li><span lang=\"ET\">Warto\u015b\u0107 energetyczna na porcj\u0119 wynosi 517 kcal, DU\u017bA porcja 724 kcal<\/span><\/li>\n<li>Najlepiej spo\u017cy\u0107 przed: 8 lat od daty produkcji<\/li>\n<li>Wyprodukowano w Niemczech<\/li>\n<li>Idealna temperatura przechowywania: od 10 \u00b0C do +30 \u00b0C<\/li>\n<\/ul>\n<p><strong>Sk\u0142adniki risotto grzybowego:<\/strong><\/p>\n<p>Ry\u017c do risotto (50%), bulion warzywny (por, cebula, seler, marchew, kalafior, s\u00f3l jodowana, przyprawy), pieczarki (20%), \u015bmietanka, bia\u0142e wino, woda, cebula, twardy ser, mas\u0142o, czosnek, s\u00f3l jodowana.<\/p>\n<p><strong>Najlepiej spo\u017cy\u0107 przed:<\/strong> 8 lat od daty produkcji<\/p>\n<div id=\"-product-excerpt-11-51\" class=\"oxy-product-excerpt oxy-woo-element\">\n<div class=\"woocommerce-product-details__short-description\">\n<p>\u2705 Dost\u0119pne w magazynie, szybka dostawa w 1\u20133 dni robocze<\/p>\n<\/div>\n<\/div>\n","protected":false},"featured_media":50562,"comment_status":"open","ping_status":"closed","template":"","meta":{"_acf_changed":false},"product_brand":[],"product_cat":[303,335,337,336],"product_tag":[],"class_list":{"0":"post-50556","1":"product","2":"type-product","3":"status-publish","4":"has-post-thumbnail","6":"product_cat-akcesoria-turystyczne","7":"product_cat-dania-glowne","8":"product_cat-posilki-tactical-foodpack","9":"product_cat-zywnosc-turystyczna","11":"first","12":"instock","13":"taxable","14":"shipping-taxable","15":"purchasable","16":"product-type-variable","17":"has-default-attributes"},"bundled_by":[],"bundle_stock_status":"instock","bundle_stock_quantity":null,"bundle_virtual":false,"bundle_layout":"","bundle_add_to_cart_form_location":"","bundle_editable_in_cart":false,"bundle_sold_individually_context":"","bundle_item_grouping":"","bundle_min_size":"","bundle_max_size":"","bundle_price":[],"bundled_items":[],"bundle_sell_ids":[],"acf":[],"yoast_head":"<!-- This site is optimized with the Yoast SEO plugin v27.3 - https:\/\/yoast.com\/product\/yoast-seo-wordpress\/ -->\n<title>Risotto grzybowe 100g - Toidupakk.ee - Tactical Foodpack toidupakid<\/title>\n<meta name=\"description\" content=\"Risotto grzybowe zosta\u0142o stworzone specjalnie z my\u015bl\u0105 o w\u0119dr\u00f3wkach, przygodach lub szybkich posi\u0142kach w domu, zapewniaj\u0105c r\u00f3wnowag\u0119 mi\u0119dzy wygod\u0105 a warto\u015bci\u0105 od\u017cywcz\u0105.\" \/>\n<meta name=\"robots\" content=\"index, follow, max-snippet:-1, max-image-preview:large, max-video-preview:-1\" \/>\n<link rel=\"canonical\" href=\"https:\/\/toidupakk.ee\/pl\/toode\/risotto-grzybowe-100g\/\" \/>\n<meta property=\"og:locale\" content=\"pl_PL\" \/>\n<meta property=\"og:type\" content=\"article\" \/>\n<meta property=\"og:title\" content=\"Risotto grzybowe 100g - Toidupakk.ee - Tactical Foodpack toidupakid\" \/>\n<meta property=\"og:description\" content=\"Risotto grzybowe zosta\u0142o stworzone specjalnie z my\u015bl\u0105 o w\u0119dr\u00f3wkach, przygodach lub szybkich posi\u0142kach w domu, zapewniaj\u0105c r\u00f3wnowag\u0119 mi\u0119dzy wygod\u0105 a warto\u015bci\u0105 od\u017cywcz\u0105.\" \/>\n<meta property=\"og:url\" content=\"https:\/\/toidupakk.ee\/pl\/toode\/risotto-grzybowe-100g\/\" \/>\n<meta property=\"og:site_name\" content=\"Toidupakk.ee - Tactical Foodpack toidupakid\" \/>\n<meta property=\"article:publisher\" content=\"https:\/\/www.facebook.com\/Toidupakk\" \/>\n<meta property=\"article:modified_time\" content=\"2026-04-29T12:31:56+00:00\" \/>\n<meta property=\"og:image\" content=\"https:\/\/toidupakk.ee\/wp-content\/uploads\/2024\/09\/Seenerisoto-kauss.png\" \/>\n\t<meta property=\"og:image:width\" content=\"800\" \/>\n\t<meta property=\"og:image:height\" content=\"800\" \/>\n\t<meta property=\"og:image:type\" content=\"image\/png\" \/>\n<meta name=\"twitter:card\" content=\"summary_large_image\" \/>\n<meta name=\"twitter:label1\" content=\"Szacowany czas czytania\" \/>\n\t<meta name=\"twitter:data1\" content=\"4 minuty\" \/>\n<script type=\"application\/ld+json\" class=\"yoast-schema-graph\">{\"@context\":\"https:\\\/\\\/schema.org\",\"@graph\":[{\"@type\":\"WebPage\",\"@id\":\"https:\\\/\\\/toidupakk.ee\\\/pl\\\/toode\\\/risotto-grzybowe-100g\\\/\",\"url\":\"https:\\\/\\\/toidupakk.ee\\\/pl\\\/toode\\\/risotto-grzybowe-100g\\\/\",\"name\":\"Risotto grzybowe 100g - Toidupakk.ee - Tactical Foodpack toidupakid\",\"isPartOf\":{\"@id\":\"https:\\\/\\\/toidupakk.ee\\\/pl\\\/#website\"},\"primaryImageOfPage\":{\"@id\":\"https:\\\/\\\/toidupakk.ee\\\/pl\\\/toode\\\/risotto-grzybowe-100g\\\/#primaryimage\"},\"image\":{\"@id\":\"https:\\\/\\\/toidupakk.ee\\\/pl\\\/toode\\\/risotto-grzybowe-100g\\\/#primaryimage\"},\"thumbnailUrl\":\"https:\\\/\\\/toidupakk.ee\\\/wp-content\\\/uploads\\\/2024\\\/09\\\/Seenerisoto-kauss.png\",\"datePublished\":\"2024-09-04T13:09:37+00:00\",\"dateModified\":\"2026-04-29T12:31:56+00:00\",\"description\":\"Risotto grzybowe zosta\u0142o stworzone specjalnie z my\u015bl\u0105 o w\u0119dr\u00f3wkach, przygodach lub szybkich posi\u0142kach w domu, zapewniaj\u0105c r\u00f3wnowag\u0119 mi\u0119dzy wygod\u0105 a warto\u015bci\u0105 od\u017cywcz\u0105.\",\"breadcrumb\":{\"@id\":\"https:\\\/\\\/toidupakk.ee\\\/pl\\\/toode\\\/risotto-grzybowe-100g\\\/#breadcrumb\"},\"inLanguage\":\"pl-PL\",\"potentialAction\":[{\"@type\":\"ReadAction\",\"target\":[\"https:\\\/\\\/toidupakk.ee\\\/pl\\\/toode\\\/risotto-grzybowe-100g\\\/\"]}]},{\"@type\":\"ImageObject\",\"inLanguage\":\"pl-PL\",\"@id\":\"https:\\\/\\\/toidupakk.ee\\\/pl\\\/toode\\\/risotto-grzybowe-100g\\\/#primaryimage\",\"url\":\"https:\\\/\\\/toidupakk.ee\\\/wp-content\\\/uploads\\\/2024\\\/09\\\/Seenerisoto-kauss.png\",\"contentUrl\":\"https:\\\/\\\/toidupakk.ee\\\/wp-content\\\/uploads\\\/2024\\\/09\\\/Seenerisoto-kauss.png\",\"width\":800,\"height\":800,\"caption\":\"Risotto grzybowe Tactical Foodpack\"},{\"@type\":\"BreadcrumbList\",\"@id\":\"https:\\\/\\\/toidupakk.ee\\\/pl\\\/toode\\\/risotto-grzybowe-100g\\\/#breadcrumb\",\"itemListElement\":[{\"@type\":\"ListItem\",\"position\":1,\"name\":\"Avaleht\",\"item\":\"https:\\\/\\\/toidupakk.ee\\\/pl\\\/\"},{\"@type\":\"ListItem\",\"position\":2,\"name\":\"Sklep internetowy\",\"item\":\"https:\\\/\\\/toidupakk.ee\\\/pl\\\/sklep-internetowy\\\/\"},{\"@type\":\"ListItem\",\"position\":3,\"name\":\"Risotto grzybowe 100g\"}]},{\"@type\":\"WebSite\",\"@id\":\"https:\\\/\\\/toidupakk.ee\\\/pl\\\/#website\",\"url\":\"https:\\\/\\\/toidupakk.ee\\\/pl\\\/\",\"name\":\"Toidupakk.ee - Tactical Foodpack toidupakid\",\"description\":\"Tactical Foodpack k\u00fclmkuivatatud toidupakid ja matkaeined\",\"publisher\":{\"@id\":\"https:\\\/\\\/toidupakk.ee\\\/pl\\\/#organization\"},\"potentialAction\":[{\"@type\":\"SearchAction\",\"target\":{\"@type\":\"EntryPoint\",\"urlTemplate\":\"https:\\\/\\\/toidupakk.ee\\\/pl\\\/?s={search_term_string}\"},\"query-input\":{\"@type\":\"PropertyValueSpecification\",\"valueRequired\":true,\"valueName\":\"search_term_string\"}}],\"inLanguage\":\"pl-PL\"},{\"@type\":\"Organization\",\"@id\":\"https:\\\/\\\/toidupakk.ee\\\/pl\\\/#organization\",\"name\":\"Tactical Foodpack matkaeined\",\"url\":\"https:\\\/\\\/toidupakk.ee\\\/pl\\\/\",\"logo\":{\"@type\":\"ImageObject\",\"inLanguage\":\"pl-PL\",\"@id\":\"https:\\\/\\\/toidupakk.ee\\\/pl\\\/#\\\/schema\\\/logo\\\/image\\\/\",\"url\":\"https:\\\/\\\/toidupakk.ee\\\/wp-content\\\/uploads\\\/2022\\\/01\\\/Toidupakk-matkapood-logo-transparent.png\",\"contentUrl\":\"https:\\\/\\\/toidupakk.ee\\\/wp-content\\\/uploads\\\/2022\\\/01\\\/Toidupakk-matkapood-logo-transparent.png\",\"width\":500,\"height\":500,\"caption\":\"Tactical Foodpack matkaeined\"},\"image\":{\"@id\":\"https:\\\/\\\/toidupakk.ee\\\/pl\\\/#\\\/schema\\\/logo\\\/image\\\/\"},\"sameAs\":[\"https:\\\/\\\/www.facebook.com\\\/Toidupakk\",\"https:\\\/\\\/www.instagram.com\\\/toidupakk\\\/\"]}]}<\/script>\n<!-- \/ Yoast SEO plugin. -->","yoast_head_json":{"title":"Risotto grzybowe 100g - Toidupakk.ee - Tactical Foodpack toidupakid","description":"Risotto grzybowe zosta\u0142o stworzone specjalnie z my\u015bl\u0105 o w\u0119dr\u00f3wkach, przygodach lub szybkich posi\u0142kach w domu, zapewniaj\u0105c r\u00f3wnowag\u0119 mi\u0119dzy wygod\u0105 a warto\u015bci\u0105 od\u017cywcz\u0105.","robots":{"index":"index","follow":"follow","max-snippet":"max-snippet:-1","max-image-preview":"max-image-preview:large","max-video-preview":"max-video-preview:-1"},"canonical":"https:\/\/toidupakk.ee\/pl\/toode\/risotto-grzybowe-100g\/","og_locale":"pl_PL","og_type":"article","og_title":"Risotto grzybowe 100g - Toidupakk.ee - Tactical Foodpack toidupakid","og_description":"Risotto grzybowe zosta\u0142o stworzone specjalnie z my\u015bl\u0105 o w\u0119dr\u00f3wkach, przygodach lub szybkich posi\u0142kach w domu, zapewniaj\u0105c r\u00f3wnowag\u0119 mi\u0119dzy wygod\u0105 a warto\u015bci\u0105 od\u017cywcz\u0105.","og_url":"https:\/\/toidupakk.ee\/pl\/toode\/risotto-grzybowe-100g\/","og_site_name":"Toidupakk.ee - Tactical Foodpack toidupakid","article_publisher":"https:\/\/www.facebook.com\/Toidupakk","article_modified_time":"2026-04-29T12:31:56+00:00","og_image":[{"width":800,"height":800,"url":"https:\/\/toidupakk.ee\/wp-content\/uploads\/2024\/09\/Seenerisoto-kauss.png","type":"image\/png"}],"twitter_card":"summary_large_image","twitter_misc":{"Szacowany czas czytania":"4 minuty"},"schema":{"@context":"https:\/\/schema.org","@graph":[{"@type":"WebPage","@id":"https:\/\/toidupakk.ee\/pl\/toode\/risotto-grzybowe-100g\/","url":"https:\/\/toidupakk.ee\/pl\/toode\/risotto-grzybowe-100g\/","name":"Risotto grzybowe 100g - Toidupakk.ee - Tactical Foodpack toidupakid","isPartOf":{"@id":"https:\/\/toidupakk.ee\/pl\/#website"},"primaryImageOfPage":{"@id":"https:\/\/toidupakk.ee\/pl\/toode\/risotto-grzybowe-100g\/#primaryimage"},"image":{"@id":"https:\/\/toidupakk.ee\/pl\/toode\/risotto-grzybowe-100g\/#primaryimage"},"thumbnailUrl":"https:\/\/toidupakk.ee\/wp-content\/uploads\/2024\/09\/Seenerisoto-kauss.png","datePublished":"2024-09-04T13:09:37+00:00","dateModified":"2026-04-29T12:31:56+00:00","description":"Risotto grzybowe zosta\u0142o stworzone specjalnie z my\u015bl\u0105 o w\u0119dr\u00f3wkach, przygodach lub szybkich posi\u0142kach w domu, zapewniaj\u0105c r\u00f3wnowag\u0119 mi\u0119dzy wygod\u0105 a warto\u015bci\u0105 od\u017cywcz\u0105.","breadcrumb":{"@id":"https:\/\/toidupakk.ee\/pl\/toode\/risotto-grzybowe-100g\/#breadcrumb"},"inLanguage":"pl-PL","potentialAction":[{"@type":"ReadAction","target":["https:\/\/toidupakk.ee\/pl\/toode\/risotto-grzybowe-100g\/"]}]},{"@type":"ImageObject","inLanguage":"pl-PL","@id":"https:\/\/toidupakk.ee\/pl\/toode\/risotto-grzybowe-100g\/#primaryimage","url":"https:\/\/toidupakk.ee\/wp-content\/uploads\/2024\/09\/Seenerisoto-kauss.png","contentUrl":"https:\/\/toidupakk.ee\/wp-content\/uploads\/2024\/09\/Seenerisoto-kauss.png","width":800,"height":800,"caption":"Risotto grzybowe Tactical Foodpack"},{"@type":"BreadcrumbList","@id":"https:\/\/toidupakk.ee\/pl\/toode\/risotto-grzybowe-100g\/#breadcrumb","itemListElement":[{"@type":"ListItem","position":1,"name":"Avaleht","item":"https:\/\/toidupakk.ee\/pl\/"},{"@type":"ListItem","position":2,"name":"Sklep internetowy","item":"https:\/\/toidupakk.ee\/pl\/sklep-internetowy\/"},{"@type":"ListItem","position":3,"name":"Risotto grzybowe 100g"}]},{"@type":"WebSite","@id":"https:\/\/toidupakk.ee\/pl\/#website","url":"https:\/\/toidupakk.ee\/pl\/","name":"Toidupakk.ee - Tactical Foodpack toidupakid","description":"Tactical Foodpack k\u00fclmkuivatatud toidupakid ja matkaeined","publisher":{"@id":"https:\/\/toidupakk.ee\/pl\/#organization"},"potentialAction":[{"@type":"SearchAction","target":{"@type":"EntryPoint","urlTemplate":"https:\/\/toidupakk.ee\/pl\/?s={search_term_string}"},"query-input":{"@type":"PropertyValueSpecification","valueRequired":true,"valueName":"search_term_string"}}],"inLanguage":"pl-PL"},{"@type":"Organization","@id":"https:\/\/toidupakk.ee\/pl\/#organization","name":"Tactical Foodpack matkaeined","url":"https:\/\/toidupakk.ee\/pl\/","logo":{"@type":"ImageObject","inLanguage":"pl-PL","@id":"https:\/\/toidupakk.ee\/pl\/#\/schema\/logo\/image\/","url":"https:\/\/toidupakk.ee\/wp-content\/uploads\/2022\/01\/Toidupakk-matkapood-logo-transparent.png","contentUrl":"https:\/\/toidupakk.ee\/wp-content\/uploads\/2022\/01\/Toidupakk-matkapood-logo-transparent.png","width":500,"height":500,"caption":"Tactical Foodpack matkaeined"},"image":{"@id":"https:\/\/toidupakk.ee\/pl\/#\/schema\/logo\/image\/"},"sameAs":["https:\/\/www.facebook.com\/Toidupakk","https:\/\/www.instagram.com\/toidupakk\/"]}]}},"jetpack_sharing_enabled":true,"_links":{"self":[{"href":"https:\/\/toidupakk.ee\/pl\/wp-json\/wp\/v2\/product\/50556","targetHints":{"allow":["GET"]}}],"collection":[{"href":"https:\/\/toidupakk.ee\/pl\/wp-json\/wp\/v2\/product"}],"about":[{"href":"https:\/\/toidupakk.ee\/pl\/wp-json\/wp\/v2\/types\/product"}],"replies":[{"embeddable":true,"href":"https:\/\/toidupakk.ee\/pl\/wp-json\/wp\/v2\/comments?post=50556"}],"wp:featuredmedia":[{"embeddable":true,"href":"https:\/\/toidupakk.ee\/pl\/wp-json\/wp\/v2\/media\/50562"}],"wp:attachment":[{"href":"https:\/\/toidupakk.ee\/pl\/wp-json\/wp\/v2\/media?parent=50556"}],"wp:term":[{"taxonomy":"product_brand","embeddable":true,"href":"https:\/\/toidupakk.ee\/pl\/wp-json\/wp\/v2\/product_brand?post=50556"},{"taxonomy":"product_cat","embeddable":true,"href":"https:\/\/toidupakk.ee\/pl\/wp-json\/wp\/v2\/product_cat?post=50556"},{"taxonomy":"product_tag","embeddable":true,"href":"https:\/\/toidupakk.ee\/pl\/wp-json\/wp\/v2\/product_tag?post=50556"}],"curies":[{"name":"wp","href":"https:\/\/api.w.org\/{rel}","templated":true}]}}