{"id":50550,"date":"2024-09-19T13:28:19","date_gmt":"2024-09-19T10:28:19","guid":{"rendered":"https:\/\/toidupakk.ee\/toode\/puree-ziemniaczane-z-kurczakiem\/"},"modified":"2026-04-29T15:32:02","modified_gmt":"2026-04-29T12:32:02","slug":"puree-ziemniaczane-z-kurczakiem","status":"publish","type":"product","link":"https:\/\/toidupakk.ee\/pl\/toode\/puree-ziemniaczane-z-kurczakiem\/","title":{"rendered":"Puree ziemniaczane z kurczakiem"},"content":{"rendered":"<p><img fetchpriority=\"high\" decoding=\"async\" class=\"wp-image-27116 size-thumbnail alignright\" src=\"https:\/\/toidupakk.ee\/wp-content\/uploads\/2024\/09\/Kartulipuder-kanaga-Tactical-Foodpack-pakend-500x500.png\" alt=\"\" width=\"500\" height=\"500\" srcset=\"https:\/\/toidupakk.ee\/wp-content\/uploads\/2024\/09\/Kartulipuder-kanaga-Tactical-Foodpack-pakend-500x500.png 500w, https:\/\/toidupakk.ee\/wp-content\/uploads\/2024\/09\/Kartulipuder-kanaga-Tactical-Foodpack-pakend-400x400.png 400w, https:\/\/toidupakk.ee\/wp-content\/uploads\/2024\/09\/Kartulipuder-kanaga-Tactical-Foodpack-pakend-100x100.png 100w, https:\/\/toidupakk.ee\/wp-content\/uploads\/2024\/09\/Kartulipuder-kanaga-Tactical-Foodpack-pakend-300x300.png 300w, https:\/\/toidupakk.ee\/wp-content\/uploads\/2024\/09\/Kartulipuder-kanaga-Tactical-Foodpack-pakend-768x768.png 768w, https:\/\/toidupakk.ee\/wp-content\/uploads\/2024\/09\/Kartulipuder-kanaga-Tactical-Foodpack-pakend.png 800w\" sizes=\"(max-width: 500px) 100vw, 500px\" \/><\/p>\n<p><strong>Puree ziemniaczane z kurczakiem Tactical Foodpack<\/strong><\/p>\n<p>Puree ziemniaczane z kurczakiem Tactical Foodpack 142 g to idealne rozwi\u0105zanie dla os\u00f3b szukaj\u0105cych smacznego i po\u017cywnego posi\u0142ku. To liofilizowane danie jest \u0142atwe w przygotowaniu i \u015bwietnie sprawdza si\u0119 na wyprawach, podczas przyg\u00f3d lub jako szybki obiad w domu. <\/p>\n<h3>Dlaczego warto wybra\u0107 puree ziemniaczane z kurczakiem?<\/h3>\n<p>To co\u015b wi\u0119cej ni\u017c tylko posi\u0142ek \u2013 to wygodny i satysfakcjonuj\u0105cy wyb\u00f3r. Dania Tactical Foodpack, w tym to puree, zosta\u0142y stworzone, aby zapewni\u0107 wysok\u0105 warto\u015b\u0107 od\u017cywcz\u0105 i dawk\u0119 energii nawet w wymagaj\u0105cych warunkach. Oto kilka powod\u00f3w, dla kt\u00f3rych ten produkt powinien by\u0107 Twoim kolejnym wyborem:  <\/p>\n<ul>\n<li><strong>\u0141atwe w przygotowaniu:<\/strong> Dodaj tylko 380 ml gor\u0105cej wody i odczekaj 8 minut. Szybkie i wygodne rozwi\u0105zanie, kt\u00f3re nie wymaga skomplikowanego gotowania. <\/li>\n<li><strong>Wysoka warto\u015b\u0107 energetyczna:<\/strong> Jedna porcja zawiera 2103 kJ (506 kcal), aby zapewni\u0107 Ci energi\u0119 na ca\u0142y dzie\u0144.<\/li>\n<li><strong>Naturalny sk\u0142ad:<\/strong> Bez konserwant\u00f3w i sztucznych dodatk\u00f3w \u2013 tylko najlepsze sk\u0142adniki, kt\u00f3re gwarantuj\u0105 smaczny i zdrowy posi\u0142ek.<\/li>\n<li><strong>D\u0142ugi termin przydatno\u015bci:<\/strong> Najlepiej spo\u017cy\u0107 przed up\u0142ywem 8 lat od daty produkcji, co czyni go idealnym do d\u0142ugoterminowego przechowywania lub na sytuacje awaryjne.<\/li>\n<li><strong>Wyprodukowano w Niemczech:<\/strong> Wysoka jako\u015b\u0107 produkcji gwarantuje, \u017ce ka\u017cdy posi\u0142ek spe\u0142nia najwy\u017csze standardy i zachowuje swoje walory smakowe nawet po latach.<\/li>\n<\/ul>\n<h3>Opis produktu: co sprawia, \u017ce puree ziemniaczane z kurczakiem jest tak wyj\u0105tkowe?<\/h3>\n<p>Puree ziemniaczane z kurczakiem powstaje ze starannie dobranych sk\u0142adnik\u00f3w, aby zapewni\u0107 doskona\u0142y smak i warto\u015bci od\u017cywcze. Ka\u017cde opakowanie zawiera: <\/p>\n<ul>\n<li><strong>Ziemniaki (66%)<\/strong><\/li>\n<li><strong>Kurczak (20%)<\/strong><\/li>\n<li><strong>Mleko, cebula, marchew, mas\u0142o, olej rzepakowy, s\u00f3l jodowana, pietruszka<\/strong><\/li>\n<\/ul>\n<h3>Zalety liofilizacji<\/h3>\n<p>Liofilizacja to proces, kt\u00f3ry pozwala zachowa\u0107 \u015bwie\u017co\u015b\u0107, tekstur\u0119 i warto\u015bci od\u017cywcze \u017cywno\u015bci poprzez usuwanie wody w niskich temperaturach. Dzi\u0119ki temu wszystkie dania Tactical Foodpack, w tym puree ziemniaczane z kurczakiem, s\u0105 lekkie, kompaktowe i maj\u0105 d\u0142ugi termin przydatno\u015bci, zachowuj\u0105c przy tym wszystkie wa\u017cne witaminy i minera\u0142y. <\/p>\n<h3>Dla kogo jest to danie?<\/h3>\n<ul>\n<li><strong>Dla w\u0119drowc\u00f3w i obozowicz\u00f3w:<\/strong> \u0141atwe przygotowanie i lekkie opakowanie sprawiaj\u0105, \u017ce to doskona\u0142y wyb\u00f3r na posi\u0142ek w trasie.<\/li>\n<li><strong>Dla poszukiwaczy przyg\u00f3d i survivalowc\u00f3w:<\/strong> D\u0142ugi termin przydatno\u015bci i wysoka zawarto\u015b\u0107 energii idealnie sprawdzaj\u0105 si\u0119 w sytuacjach survivalowych i podczas d\u0142ugich wypraw.<\/li>\n<li><strong>Szybki posi\u0142ek w domu:<\/strong> Je\u015bli brakuje Ci czasu, a chcesz zje\u015b\u0107 zdrowy i smaczny posi\u0142ek, puree ziemniaczane z kurczakiem to idealne rozwi\u0105zanie.<\/li>\n<\/ul>\n<h3>Informacje o produkcie i warunki przechowywania<\/h3>\n<p>Puree ziemniaczane z kurczakiem jest dost\u0119pne w opakowaniu 142 g, co stanowi optymaln\u0105 porcj\u0119 dla jednej osoby. Idealna temperatura przechowywania wynosi od 10 \u00b0C do +30 \u00b0C. Dzi\u0119ki liofilizacji produkt jest trwa\u0142y i \u0142atwy w transporcie, nadaj\u0105c si\u0119 zar\u00f3wno do domowych zapas\u00f3w, jak i do plecaka wyprawowego.  <\/p>\n<p><img decoding=\"async\" class=\"alignnone size-full wp-image-676\" src=\"https:\/\/toidupakk.ee\/wp-content\/uploads\/2021\/12\/TF_logo_RGB-22-16-43-849.png\" alt=\"Zielone logo Tactical Foodpack\" width=\"238\" height=\"100\"><\/p>\n<h3>Posi\u0142ki Tactical Foodpack \u2013 jak u\u017cywa\u0107<\/h3>\n<p>Otw\u00f3rz opakowanie od g\u00f3ry w wyznaczonym miejscu. Wyjmij poch\u0142aniacz tlenu (ma\u0142a saszetka) i wyrzu\u0107 go do \u015bmieci. Wlej do \u015brodka wskazan\u0105 na opakowaniu ilo\u015b\u0107 gor\u0105cej wody. Dok\u0142adnie wymieszaj zawarto\u015b\u0107. Zamknij opakowanie za pomoc\u0105 strunowego zapi\u0119cia u g\u00f3ry. Odczekaj 8 minut i ciesz si\u0119 ciep\u0142ym posi\u0142kiem.     <\/p>\n<h3>Zam\u00f3w puree ziemniaczane z kurczakiem ju\u017c dzi\u015b!<\/h3>\n<p>Nie przegap okazji! Zam\u00f3w puree ziemniaczane z kurczakiem Tactical Foodpack ju\u017c dzi\u015b i ciesz si\u0119 pe\u0142nowarto\u015bciowym posi\u0142kiem zawsze i wsz\u0119dzie. Dostawa do magazynu od drugiej po\u0142owy pa\u017adziernika. Obecnie dost\u0119pna przedsprzeda\u017c.   <\/p>\n<p>Kup teraz i przekonaj si\u0119 o jako\u015bci Tactical Foodpack na w\u0142asnej sk\u00f3rze!<\/p>\n<hr>\n<p>Zobacz wszystkie <a href=\"https:\/\/toidupakk.ee\/pl\/tootekategooria\/posilki-tactical-foodpack\/\">posi\u0142ki Tactical Foodpack<\/a><\/p>\n<p>Znajd\u017a inspiracj\u0119 na kolejne przygody na <a href=\"https:\/\/www.instagram.com\/toidupakk\/\">Instagramie<\/a> i <a href=\"https:\/\/www.facebook.com\/Toidupakk\/\">Facebooku<\/a> Toidupakk.<\/p>\n","protected":false},"excerpt":{"rendered":"<p><strong>Tradycyjne puree ziemniaczane z kurczakiem w opakowaniu.<\/strong><\/p>\n<p><strong> Teraz dost\u0119pne r\u00f3wnie\u017c jako DU\u017bA porcja, bo jest po prostu tak dobre.<\/strong><\/p>\n<ul>\n<li>Masa netto 115 g \/ DU\u017bA porcja 160 g (przed przygotowaniem, liofilizowane, bez p\u0142ynu)<\/li>\n<li>Masa gotowego dania ok. 495 g \/ DU\u017bA porcja 660 g<\/li>\n<li>Gotowe danie &#8211; po prostu zalej gor\u0105c\u0105 wod\u0105 i po 8 min mo\u017cesz cieszy\u0107 si\u0119 pe\u0142nowarto\u015bciowym posi\u0142kiem<\/li>\n<li>Aby przygotowa\u0107, dodaj do opakowania 380 ml gor\u0105cej wody<\/li>\n<li><span lang=\"ET\">Naturalny sk\u0142ad, nie zawiera konserwant\u00f3w ani dodatk\u00f3w<\/span><\/li>\n<li><span lang=\"ET\">Warto\u015b\u0107 energetyczna na porcj\u0119: 2103 kJ \/ 506 kcal, DU\u017bA porcja: 2926 kJ \/ 704 kcal<\/span><\/li>\n<li>Najlepiej spo\u017cy\u0107 przed: 8 lat od daty produkcji<\/li>\n<li>Wyprodukowano w Niemczech wed\u0142ug esto\u0144skiej receptury<\/li>\n<li>Idealna temperatura przechowywania: od 10 \u00b0C do +30 \u00b0C<\/li>\n<\/ul>\n<p><strong>Sk\u0142adniki puree ziemniaczanego z kurczakiem:<\/strong><\/p>\n<p>Ziemniaki (66%), kurczak (20%), mleko, cebula, marchew, mas\u0142o, olej rzepakowy, s\u00f3l jodowana, pietruszka.<\/p>\n<p><strong>Najlepiej spo\u017cy\u0107 przed:<\/strong> 8 lat od daty produkcji<\/p>\n<p>\u2705 Dost\u0119pne w magazynie, szybka dostawa w 1\u20133 dni robocze<\/p>\n","protected":false},"featured_media":50551,"comment_status":"open","ping_status":"closed","template":"","meta":{"_acf_changed":false},"product_brand":[],"product_cat":[303,335,337,336],"product_tag":[373],"class_list":{"0":"post-50550","1":"product","2":"type-product","3":"status-publish","4":"has-post-thumbnail","6":"product_cat-akcesoria-turystyczne","7":"product_cat-dania-glowne","8":"product_cat-posilki-tactical-foodpack","9":"product_cat-zywnosc-turystyczna","10":"product_tag-designed-by-defence-forces","12":"first","13":"instock","14":"taxable","15":"shipping-taxable","16":"purchasable","17":"product-type-variable","18":"has-default-attributes"},"bundled_by":[],"bundle_stock_status":"instock","bundle_stock_quantity":null,"bundle_virtual":false,"bundle_layout":"","bundle_add_to_cart_form_location":"","bundle_editable_in_cart":false,"bundle_sold_individually_context":"","bundle_item_grouping":"","bundle_min_size":"","bundle_max_size":"","bundle_price":[],"bundled_items":[],"bundle_sell_ids":[],"acf":[],"yoast_head":"<!-- This site is optimized with the Yoast SEO plugin v27.3 - https:\/\/yoast.com\/product\/yoast-seo-wordpress\/ -->\n<title>Puree ziemniaczane z kurczakiem - Toidupakk.ee - Tactical Foodpack toidupakid<\/title>\n<meta name=\"description\" content=\"Puree ziemniaczane z kurczakiem Tactical Foodpack to idealne rozwi\u0105zanie dla ka\u017cdego, kto szuka pysznego posi\u0142ku, kt\u00f3ry \u0142atwo przygotujesz i zjesz ze smakiem.\" \/>\n<meta name=\"robots\" content=\"index, follow, max-snippet:-1, max-image-preview:large, max-video-preview:-1\" \/>\n<link rel=\"canonical\" href=\"https:\/\/toidupakk.ee\/pl\/toode\/puree-ziemniaczane-z-kurczakiem\/\" \/>\n<meta property=\"og:locale\" content=\"pl_PL\" \/>\n<meta property=\"og:type\" content=\"article\" \/>\n<meta property=\"og:title\" content=\"Puree ziemniaczane z kurczakiem - Toidupakk.ee - Tactical Foodpack toidupakid\" \/>\n<meta property=\"og:description\" content=\"Puree ziemniaczane z kurczakiem Tactical Foodpack to idealne rozwi\u0105zanie dla ka\u017cdego, kto szuka pysznego posi\u0142ku, kt\u00f3ry \u0142atwo przygotujesz i zjesz ze smakiem.\" \/>\n<meta property=\"og:url\" content=\"https:\/\/toidupakk.ee\/pl\/toode\/puree-ziemniaczane-z-kurczakiem\/\" \/>\n<meta property=\"og:site_name\" content=\"Toidupakk.ee - Tactical Foodpack toidupakid\" \/>\n<meta property=\"article:publisher\" content=\"https:\/\/www.facebook.com\/Toidupakk\" \/>\n<meta property=\"article:modified_time\" content=\"2026-04-29T12:32:02+00:00\" \/>\n<meta property=\"og:image\" content=\"https:\/\/toidupakk.ee\/wp-content\/uploads\/2024\/09\/Kartulipuder-kanaga-kauss.png\" \/>\n\t<meta property=\"og:image:width\" content=\"800\" \/>\n\t<meta property=\"og:image:height\" content=\"800\" \/>\n\t<meta property=\"og:image:type\" content=\"image\/png\" \/>\n<meta name=\"twitter:card\" content=\"summary_large_image\" \/>\n<meta name=\"twitter:label1\" content=\"Szacowany czas czytania\" \/>\n\t<meta name=\"twitter:data1\" content=\"3 minuty\" \/>\n<script type=\"application\/ld+json\" class=\"yoast-schema-graph\">{\"@context\":\"https:\\\/\\\/schema.org\",\"@graph\":[{\"@type\":\"WebPage\",\"@id\":\"https:\\\/\\\/toidupakk.ee\\\/pl\\\/toode\\\/puree-ziemniaczane-z-kurczakiem\\\/\",\"url\":\"https:\\\/\\\/toidupakk.ee\\\/pl\\\/toode\\\/puree-ziemniaczane-z-kurczakiem\\\/\",\"name\":\"Puree ziemniaczane z kurczakiem - Toidupakk.ee - Tactical Foodpack toidupakid\",\"isPartOf\":{\"@id\":\"https:\\\/\\\/toidupakk.ee\\\/pl\\\/#website\"},\"primaryImageOfPage\":{\"@id\":\"https:\\\/\\\/toidupakk.ee\\\/pl\\\/toode\\\/puree-ziemniaczane-z-kurczakiem\\\/#primaryimage\"},\"image\":{\"@id\":\"https:\\\/\\\/toidupakk.ee\\\/pl\\\/toode\\\/puree-ziemniaczane-z-kurczakiem\\\/#primaryimage\"},\"thumbnailUrl\":\"https:\\\/\\\/toidupakk.ee\\\/wp-content\\\/uploads\\\/2024\\\/09\\\/Kartulipuder-kanaga-kauss.png\",\"datePublished\":\"2024-09-19T10:28:19+00:00\",\"dateModified\":\"2026-04-29T12:32:02+00:00\",\"description\":\"Puree ziemniaczane z kurczakiem Tactical Foodpack to idealne rozwi\u0105zanie dla ka\u017cdego, kto szuka pysznego posi\u0142ku, kt\u00f3ry \u0142atwo przygotujesz i zjesz ze smakiem.\",\"breadcrumb\":{\"@id\":\"https:\\\/\\\/toidupakk.ee\\\/pl\\\/toode\\\/puree-ziemniaczane-z-kurczakiem\\\/#breadcrumb\"},\"inLanguage\":\"pl-PL\",\"potentialAction\":[{\"@type\":\"ReadAction\",\"target\":[\"https:\\\/\\\/toidupakk.ee\\\/pl\\\/toode\\\/puree-ziemniaczane-z-kurczakiem\\\/\"]}]},{\"@type\":\"ImageObject\",\"inLanguage\":\"pl-PL\",\"@id\":\"https:\\\/\\\/toidupakk.ee\\\/pl\\\/toode\\\/puree-ziemniaczane-z-kurczakiem\\\/#primaryimage\",\"url\":\"https:\\\/\\\/toidupakk.ee\\\/wp-content\\\/uploads\\\/2024\\\/09\\\/Kartulipuder-kanaga-kauss.png\",\"contentUrl\":\"https:\\\/\\\/toidupakk.ee\\\/wp-content\\\/uploads\\\/2024\\\/09\\\/Kartulipuder-kanaga-kauss.png\",\"width\":800,\"height\":800,\"caption\":\"Gotowe danie Tactical Foodpack puree ziemniaczane z kurczakiem\"},{\"@type\":\"BreadcrumbList\",\"@id\":\"https:\\\/\\\/toidupakk.ee\\\/pl\\\/toode\\\/puree-ziemniaczane-z-kurczakiem\\\/#breadcrumb\",\"itemListElement\":[{\"@type\":\"ListItem\",\"position\":1,\"name\":\"Avaleht\",\"item\":\"https:\\\/\\\/toidupakk.ee\\\/pl\\\/\"},{\"@type\":\"ListItem\",\"position\":2,\"name\":\"Sklep internetowy\",\"item\":\"https:\\\/\\\/toidupakk.ee\\\/pl\\\/sklep-internetowy\\\/\"},{\"@type\":\"ListItem\",\"position\":3,\"name\":\"Puree ziemniaczane z kurczakiem\"}]},{\"@type\":\"WebSite\",\"@id\":\"https:\\\/\\\/toidupakk.ee\\\/pl\\\/#website\",\"url\":\"https:\\\/\\\/toidupakk.ee\\\/pl\\\/\",\"name\":\"Toidupakk.ee - Tactical Foodpack toidupakid\",\"description\":\"Tactical Foodpack k\u00fclmkuivatatud toidupakid ja matkaeined\",\"publisher\":{\"@id\":\"https:\\\/\\\/toidupakk.ee\\\/pl\\\/#organization\"},\"potentialAction\":[{\"@type\":\"SearchAction\",\"target\":{\"@type\":\"EntryPoint\",\"urlTemplate\":\"https:\\\/\\\/toidupakk.ee\\\/pl\\\/?s={search_term_string}\"},\"query-input\":{\"@type\":\"PropertyValueSpecification\",\"valueRequired\":true,\"valueName\":\"search_term_string\"}}],\"inLanguage\":\"pl-PL\"},{\"@type\":\"Organization\",\"@id\":\"https:\\\/\\\/toidupakk.ee\\\/pl\\\/#organization\",\"name\":\"Tactical Foodpack matkaeined\",\"url\":\"https:\\\/\\\/toidupakk.ee\\\/pl\\\/\",\"logo\":{\"@type\":\"ImageObject\",\"inLanguage\":\"pl-PL\",\"@id\":\"https:\\\/\\\/toidupakk.ee\\\/pl\\\/#\\\/schema\\\/logo\\\/image\\\/\",\"url\":\"https:\\\/\\\/toidupakk.ee\\\/wp-content\\\/uploads\\\/2022\\\/01\\\/Toidupakk-matkapood-logo-transparent.png\",\"contentUrl\":\"https:\\\/\\\/toidupakk.ee\\\/wp-content\\\/uploads\\\/2022\\\/01\\\/Toidupakk-matkapood-logo-transparent.png\",\"width\":500,\"height\":500,\"caption\":\"Tactical Foodpack matkaeined\"},\"image\":{\"@id\":\"https:\\\/\\\/toidupakk.ee\\\/pl\\\/#\\\/schema\\\/logo\\\/image\\\/\"},\"sameAs\":[\"https:\\\/\\\/www.facebook.com\\\/Toidupakk\",\"https:\\\/\\\/www.instagram.com\\\/toidupakk\\\/\"]}]}<\/script>\n<!-- \/ Yoast SEO plugin. -->","yoast_head_json":{"title":"Puree ziemniaczane z kurczakiem - Toidupakk.ee - Tactical Foodpack toidupakid","description":"Puree ziemniaczane z kurczakiem Tactical Foodpack to idealne rozwi\u0105zanie dla ka\u017cdego, kto szuka pysznego posi\u0142ku, kt\u00f3ry \u0142atwo przygotujesz i zjesz ze smakiem.","robots":{"index":"index","follow":"follow","max-snippet":"max-snippet:-1","max-image-preview":"max-image-preview:large","max-video-preview":"max-video-preview:-1"},"canonical":"https:\/\/toidupakk.ee\/pl\/toode\/puree-ziemniaczane-z-kurczakiem\/","og_locale":"pl_PL","og_type":"article","og_title":"Puree ziemniaczane z kurczakiem - Toidupakk.ee - Tactical Foodpack toidupakid","og_description":"Puree ziemniaczane z kurczakiem Tactical Foodpack to idealne rozwi\u0105zanie dla ka\u017cdego, kto szuka pysznego posi\u0142ku, kt\u00f3ry \u0142atwo przygotujesz i zjesz ze smakiem.","og_url":"https:\/\/toidupakk.ee\/pl\/toode\/puree-ziemniaczane-z-kurczakiem\/","og_site_name":"Toidupakk.ee - Tactical Foodpack toidupakid","article_publisher":"https:\/\/www.facebook.com\/Toidupakk","article_modified_time":"2026-04-29T12:32:02+00:00","og_image":[{"width":800,"height":800,"url":"https:\/\/toidupakk.ee\/wp-content\/uploads\/2024\/09\/Kartulipuder-kanaga-kauss.png","type":"image\/png"}],"twitter_card":"summary_large_image","twitter_misc":{"Szacowany czas czytania":"3 minuty"},"schema":{"@context":"https:\/\/schema.org","@graph":[{"@type":"WebPage","@id":"https:\/\/toidupakk.ee\/pl\/toode\/puree-ziemniaczane-z-kurczakiem\/","url":"https:\/\/toidupakk.ee\/pl\/toode\/puree-ziemniaczane-z-kurczakiem\/","name":"Puree ziemniaczane z kurczakiem - Toidupakk.ee - Tactical Foodpack toidupakid","isPartOf":{"@id":"https:\/\/toidupakk.ee\/pl\/#website"},"primaryImageOfPage":{"@id":"https:\/\/toidupakk.ee\/pl\/toode\/puree-ziemniaczane-z-kurczakiem\/#primaryimage"},"image":{"@id":"https:\/\/toidupakk.ee\/pl\/toode\/puree-ziemniaczane-z-kurczakiem\/#primaryimage"},"thumbnailUrl":"https:\/\/toidupakk.ee\/wp-content\/uploads\/2024\/09\/Kartulipuder-kanaga-kauss.png","datePublished":"2024-09-19T10:28:19+00:00","dateModified":"2026-04-29T12:32:02+00:00","description":"Puree ziemniaczane z kurczakiem Tactical Foodpack to idealne rozwi\u0105zanie dla ka\u017cdego, kto szuka pysznego posi\u0142ku, kt\u00f3ry \u0142atwo przygotujesz i zjesz ze smakiem.","breadcrumb":{"@id":"https:\/\/toidupakk.ee\/pl\/toode\/puree-ziemniaczane-z-kurczakiem\/#breadcrumb"},"inLanguage":"pl-PL","potentialAction":[{"@type":"ReadAction","target":["https:\/\/toidupakk.ee\/pl\/toode\/puree-ziemniaczane-z-kurczakiem\/"]}]},{"@type":"ImageObject","inLanguage":"pl-PL","@id":"https:\/\/toidupakk.ee\/pl\/toode\/puree-ziemniaczane-z-kurczakiem\/#primaryimage","url":"https:\/\/toidupakk.ee\/wp-content\/uploads\/2024\/09\/Kartulipuder-kanaga-kauss.png","contentUrl":"https:\/\/toidupakk.ee\/wp-content\/uploads\/2024\/09\/Kartulipuder-kanaga-kauss.png","width":800,"height":800,"caption":"Gotowe danie Tactical Foodpack puree ziemniaczane z kurczakiem"},{"@type":"BreadcrumbList","@id":"https:\/\/toidupakk.ee\/pl\/toode\/puree-ziemniaczane-z-kurczakiem\/#breadcrumb","itemListElement":[{"@type":"ListItem","position":1,"name":"Avaleht","item":"https:\/\/toidupakk.ee\/pl\/"},{"@type":"ListItem","position":2,"name":"Sklep internetowy","item":"https:\/\/toidupakk.ee\/pl\/sklep-internetowy\/"},{"@type":"ListItem","position":3,"name":"Puree ziemniaczane z kurczakiem"}]},{"@type":"WebSite","@id":"https:\/\/toidupakk.ee\/pl\/#website","url":"https:\/\/toidupakk.ee\/pl\/","name":"Toidupakk.ee - Tactical Foodpack toidupakid","description":"Tactical Foodpack k\u00fclmkuivatatud toidupakid ja matkaeined","publisher":{"@id":"https:\/\/toidupakk.ee\/pl\/#organization"},"potentialAction":[{"@type":"SearchAction","target":{"@type":"EntryPoint","urlTemplate":"https:\/\/toidupakk.ee\/pl\/?s={search_term_string}"},"query-input":{"@type":"PropertyValueSpecification","valueRequired":true,"valueName":"search_term_string"}}],"inLanguage":"pl-PL"},{"@type":"Organization","@id":"https:\/\/toidupakk.ee\/pl\/#organization","name":"Tactical Foodpack matkaeined","url":"https:\/\/toidupakk.ee\/pl\/","logo":{"@type":"ImageObject","inLanguage":"pl-PL","@id":"https:\/\/toidupakk.ee\/pl\/#\/schema\/logo\/image\/","url":"https:\/\/toidupakk.ee\/wp-content\/uploads\/2022\/01\/Toidupakk-matkapood-logo-transparent.png","contentUrl":"https:\/\/toidupakk.ee\/wp-content\/uploads\/2022\/01\/Toidupakk-matkapood-logo-transparent.png","width":500,"height":500,"caption":"Tactical Foodpack matkaeined"},"image":{"@id":"https:\/\/toidupakk.ee\/pl\/#\/schema\/logo\/image\/"},"sameAs":["https:\/\/www.facebook.com\/Toidupakk","https:\/\/www.instagram.com\/toidupakk\/"]}]}},"jetpack_sharing_enabled":true,"_links":{"self":[{"href":"https:\/\/toidupakk.ee\/pl\/wp-json\/wp\/v2\/product\/50550","targetHints":{"allow":["GET"]}}],"collection":[{"href":"https:\/\/toidupakk.ee\/pl\/wp-json\/wp\/v2\/product"}],"about":[{"href":"https:\/\/toidupakk.ee\/pl\/wp-json\/wp\/v2\/types\/product"}],"replies":[{"embeddable":true,"href":"https:\/\/toidupakk.ee\/pl\/wp-json\/wp\/v2\/comments?post=50550"}],"wp:featuredmedia":[{"embeddable":true,"href":"https:\/\/toidupakk.ee\/pl\/wp-json\/wp\/v2\/media\/50551"}],"wp:attachment":[{"href":"https:\/\/toidupakk.ee\/pl\/wp-json\/wp\/v2\/media?parent=50550"}],"wp:term":[{"taxonomy":"product_brand","embeddable":true,"href":"https:\/\/toidupakk.ee\/pl\/wp-json\/wp\/v2\/product_brand?post=50550"},{"taxonomy":"product_cat","embeddable":true,"href":"https:\/\/toidupakk.ee\/pl\/wp-json\/wp\/v2\/product_cat?post=50550"},{"taxonomy":"product_tag","embeddable":true,"href":"https:\/\/toidupakk.ee\/pl\/wp-json\/wp\/v2\/product_tag?post=50550"}],"curies":[{"name":"wp","href":"https:\/\/api.w.org\/{rel}","templated":true}]}}