{"id":50538,"date":"2024-06-26T14:46:49","date_gmt":"2024-06-26T11:46:49","guid":{"rendered":"https:\/\/toidupakk.ee\/toode\/odstraszacz-komarow-flextail-tiny-repeller-z-lampa-led\/"},"modified":"2026-04-16T12:00:10","modified_gmt":"2026-04-16T09:00:10","slug":"odstraszacz-komarow-flextail-tiny-repeller-z-lampa-led","status":"publish","type":"product","link":"https:\/\/toidupakk.ee\/pl\/toode\/odstraszacz-komarow-flextail-tiny-repeller-z-lampa-led\/","title":{"rendered":"Odstraszacz komar\u00f3w FLEXTAIL Tiny Repeller z lamp\u0105 LED"},"content":{"rendered":"<h1><img fetchpriority=\"high\" decoding=\"async\" class=\"alignnone wp-image-23753 size-thumbnail\" src=\"https:\/\/toidupakk.ee\/wp-content\/uploads\/2024\/06\/Saasepeletaja-koos-LED-laternaga-2-500x500.png\" alt=\"\" width=\"500\" height=\"500\" srcset=\"https:\/\/toidupakk.ee\/wp-content\/uploads\/2024\/06\/Saasepeletaja-koos-LED-laternaga-2-500x500.png 500w, https:\/\/toidupakk.ee\/wp-content\/uploads\/2024\/06\/Saasepeletaja-koos-LED-laternaga-2-400x400.png 400w, https:\/\/toidupakk.ee\/wp-content\/uploads\/2024\/06\/Saasepeletaja-koos-LED-laternaga-2-100x100.png 100w, https:\/\/toidupakk.ee\/wp-content\/uploads\/2024\/06\/Saasepeletaja-koos-LED-laternaga-2-300x300.png 300w, https:\/\/toidupakk.ee\/wp-content\/uploads\/2024\/06\/Saasepeletaja-koos-LED-laternaga-2-768x768.png 768w, https:\/\/toidupakk.ee\/wp-content\/uploads\/2024\/06\/Saasepeletaja-koos-LED-laternaga-2.png 800w\" sizes=\"(max-width: 500px) 100vw, 500px\" \/><\/h1>\n<h1>Odstraszacz komar\u00f3w FLEXTAIL Tiny Repeller z lamp\u0105 LED \u2013 Tw\u00f3j najlepszy towarzysz letnich wieczor\u00f3w<\/h1>\n<p>Je\u015bli masz do\u015b\u0107 uci\u0105\u017cliwych komar\u00f3w i szukasz skutecznego rozwi\u0105zania, by cieszy\u0107 si\u0119 czasem na zewn\u0105trz, <strong>odstraszacz komar\u00f3w FLEXTAIL Tiny Repeller z lamp\u0105 LED<\/strong> jest w\u0142a\u015bnie tym, czego potrzebujesz. To innowacyjne urz\u0105dzenie 2 w 1 \u0142\u0105czy skuteczny odstraszacz z wszechstronnym o\u015bwietleniem LED, zapewniaj\u0105c Ci wieczory wolne od ciemno\u015bci i komar\u00f3w. <\/p>\n<p><img decoding=\"async\" class=\"alignnone wp-image-23755 size-thumbnail\" src=\"https:\/\/toidupakk.ee\/wp-content\/uploads\/2024\/06\/Saasepeletaja-koos-LED-laternaga-4-500x500.jpg\" alt=\"akumulatorowy odstraszacz komar\u00f3w\" width=\"500\" height=\"500\" srcset=\"https:\/\/toidupakk.ee\/wp-content\/uploads\/2024\/06\/Saasepeletaja-koos-LED-laternaga-4-500x500.jpg 500w, https:\/\/toidupakk.ee\/wp-content\/uploads\/2024\/06\/Saasepeletaja-koos-LED-laternaga-4-400x400.jpg 400w, https:\/\/toidupakk.ee\/wp-content\/uploads\/2024\/06\/Saasepeletaja-koos-LED-laternaga-4-100x100.jpg 100w, https:\/\/toidupakk.ee\/wp-content\/uploads\/2024\/06\/Saasepeletaja-koos-LED-laternaga-4-300x300.jpg 300w, https:\/\/toidupakk.ee\/wp-content\/uploads\/2024\/06\/Saasepeletaja-koos-LED-laternaga-4-768x768.jpg 768w, https:\/\/toidupakk.ee\/wp-content\/uploads\/2024\/06\/Saasepeletaja-koos-LED-laternaga-4.jpg 800w\" sizes=\"(max-width: 500px) 100vw, 500px\" \/><\/p>\n<h2>Dlaczego warto wybra\u0107 odstraszacz komar\u00f3w FLEXTAIL Tiny Repeller?<\/h2>\n<h3>Skuteczna i bezpieczna ochrona przed komarami<\/h3>\n<p>FLEXTAIL Tiny Repeller zosta\u0142 zaprojektowany, aby zapewni\u0107 skuteczn\u0105 ochron\u0119 przed komarami bez szkodliwych chemikali\u00f3w. Bezdymna i bezzapachowa technologia sprawia, \u017ce Twoje wieczory s\u0105 przyjemne i bezpieczne. Dzi\u0119ki temu, \u017ce urz\u0105dzenie nie zawiera DEET, jest odpowiednie tak\u017ce dla dzieci i zwierz\u0105t domowych.  <\/p>\n<h3>Wygoda i mobilno\u015b\u0107<\/h3>\n<p>U\u017cywaj FLEXTAIL Tiny Repeller wsz\u0119dzie \u2013 w ogrodzie, na le\u015bnych w\u0119dr\u00f3wkach, pod namiotem czy na rybach. Dzi\u0119ki systemowi akumulatorowemu nie musisz martwi\u0107 si\u0119 o kartusze gazowe ani baterie. Po prostu na\u0142aduj urz\u0105dzenie i ciesz si\u0119 barier\u0105 ochronn\u0105 przed komarami o powierzchni do 12 m\u00b2.  <\/p>\n<h3>Wszechstronny i \u0142atwy w obs\u0142udze<\/h3>\n<p>Lampa LED oferuje trzy tryby (50, 200 lub 400 lumen\u00f3w), kt\u00f3re pomog\u0105 stworzy\u0107 odpowiedni\u0105 atmosfer\u0119 w ka\u017cdej sytuacji. Obs\u0142uga jest prosta \u2013 urz\u0105dzenie nagrzewa si\u0119 do temperatury roboczej w zaledwie 50 sekund, a dzi\u0119ki uchwytowi magnetycznemu i do\u0142\u0105czonemu klipsowi mo\u017cna je \u0142atwo przymocowa\u0107 do plecaka lub metalowych powierzchni. <\/p>\n<p><img decoding=\"async\" class=\"alignnone wp-image-23759 size-thumbnail\" src=\"https:\/\/toidupakk.ee\/wp-content\/uploads\/2024\/06\/Saasepeletaja-koos-LED-laternaga-8-500x500.jpg\" alt=\"\" width=\"500\" height=\"500\" srcset=\"https:\/\/toidupakk.ee\/wp-content\/uploads\/2024\/06\/Saasepeletaja-koos-LED-laternaga-8-500x500.jpg 500w, https:\/\/toidupakk.ee\/wp-content\/uploads\/2024\/06\/Saasepeletaja-koos-LED-laternaga-8-400x400.jpg 400w, https:\/\/toidupakk.ee\/wp-content\/uploads\/2024\/06\/Saasepeletaja-koos-LED-laternaga-8-100x100.jpg 100w, https:\/\/toidupakk.ee\/wp-content\/uploads\/2024\/06\/Saasepeletaja-koos-LED-laternaga-8-300x300.jpg 300w, https:\/\/toidupakk.ee\/wp-content\/uploads\/2024\/06\/Saasepeletaja-koos-LED-laternaga-8-768x768.jpg 768w, https:\/\/toidupakk.ee\/wp-content\/uploads\/2024\/06\/Saasepeletaja-koos-LED-laternaga-8.jpg 800w\" sizes=\"(max-width: 500px) 100vw, 500px\" \/><\/p>\n<h2>Jak dzia\u0142a odstraszacz komar\u00f3w FLEXTAIL Tiny Repeller?<\/h2>\n<p>FLEXTAIL Tiny Repeller wydziela zapach nieprzyjemny dla komar\u00f3w, ale bezwonny dla ludzi, kt\u00f3ry skutecznie je odstrasza. Klasa wodoodporno\u015bci IPX5 gwarantuje, \u017ce urz\u0105dzenia mo\u017cna u\u017cywa\u0107 tak\u017ce w wilgotnych warunkach, co czyni je doskona\u0142ym wyborem do wszelkich aktywno\u015bci na zewn\u0105trz. <\/p>\n<p><img loading=\"lazy\" decoding=\"async\" class=\"alignnone wp-image-23756 size-thumbnail\" src=\"https:\/\/toidupakk.ee\/wp-content\/uploads\/2024\/06\/Saasepeletaja-koos-LED-laternaga-5-500x500.jpg\" alt=\"Odstraszacz komar\u00f3w z lamp\u0105 LED\" width=\"500\" height=\"500\" srcset=\"https:\/\/toidupakk.ee\/wp-content\/uploads\/2024\/06\/Saasepeletaja-koos-LED-laternaga-5-500x500.jpg 500w, https:\/\/toidupakk.ee\/wp-content\/uploads\/2024\/06\/Saasepeletaja-koos-LED-laternaga-5-400x400.jpg 400w, https:\/\/toidupakk.ee\/wp-content\/uploads\/2024\/06\/Saasepeletaja-koos-LED-laternaga-5-100x100.jpg 100w, https:\/\/toidupakk.ee\/wp-content\/uploads\/2024\/06\/Saasepeletaja-koos-LED-laternaga-5-300x300.jpg 300w, https:\/\/toidupakk.ee\/wp-content\/uploads\/2024\/06\/Saasepeletaja-koos-LED-laternaga-5-768x768.jpg 768w, https:\/\/toidupakk.ee\/wp-content\/uploads\/2024\/06\/Saasepeletaja-koos-LED-laternaga-5.jpg 800w\" sizes=\"(max-width: 500px) 100vw, 500px\" \/><\/p>\n<h2>Podsumowanie<\/h2>\n<p>Wybierz <strong>odstraszacz komar\u00f3w FLEXTAIL Tiny Repeller z lamp\u0105 LED<\/strong>, aby Twoje letnie wieczory i aktywno\u015bci na \u015bwie\u017cym powietrzu by\u0142y jeszcze przyjemniejsze. To lekkie i kompaktowe urz\u0105dzenie pozwoli Ci skupi\u0107 si\u0119 na chwili, bez martwienia si\u0119 o komary. Zam\u00f3w teraz i otrzymaj przesy\u0142k\u0119 szybko \u2013 w zaledwie 1\u20133 dni robocze.  <\/p>\n<p><strong>Uwaga: Wk\u0142ady odstraszaj\u0105ce nie s\u0105 cz\u0119\u015bci\u0105 zestawu, ale mo\u017cna je \u0142atwo dokupi\u0107.<\/strong><\/p>\n<p><img loading=\"lazy\" decoding=\"async\" class=\"alignnone wp-image-23758 size-thumbnail\" src=\"https:\/\/toidupakk.ee\/wp-content\/uploads\/2024\/06\/Saasepeletaja-koos-LED-laternaga-7-500x500.jpg\" alt=\"\" width=\"500\" height=\"500\" srcset=\"https:\/\/toidupakk.ee\/wp-content\/uploads\/2024\/06\/Saasepeletaja-koos-LED-laternaga-7-500x500.jpg 500w, https:\/\/toidupakk.ee\/wp-content\/uploads\/2024\/06\/Saasepeletaja-koos-LED-laternaga-7-400x400.jpg 400w, https:\/\/toidupakk.ee\/wp-content\/uploads\/2024\/06\/Saasepeletaja-koos-LED-laternaga-7-100x100.jpg 100w, https:\/\/toidupakk.ee\/wp-content\/uploads\/2024\/06\/Saasepeletaja-koos-LED-laternaga-7-300x300.jpg 300w, https:\/\/toidupakk.ee\/wp-content\/uploads\/2024\/06\/Saasepeletaja-koos-LED-laternaga-7-768x768.jpg 768w, https:\/\/toidupakk.ee\/wp-content\/uploads\/2024\/06\/Saasepeletaja-koos-LED-laternaga-7.jpg 800w\" sizes=\"(max-width: 500px) 100vw, 500px\" \/><\/p>\n<p>Dowiedz si\u0119 wi\u0119cej o posi\u0142kach turystycznych Tactical Foodpack <a href=\"https:\/\/toidupakk.ee\/pl\/tootekategooria\/posilki-tactical-foodpack\/\">TUTAJ.<\/a><\/p>\n<p>Zobacz wi\u0119cej akcesori\u00f3w turystycznych <a href=\"https:\/\/toidupakk.ee\/pl\/tootekategooria\/sprzet-turystyczny\/#section-3-79\">TUTAJ<\/a><\/p>\n<p>Znajd\u017a inspiracj\u0119 na kolejne przygody na <a href=\"https:\/\/www.instagram.com\/toidupakk\/\">Instagramie<\/a> i <a href=\"https:\/\/www.facebook.com\/Toidupakk\/\">Facebooku<\/a> Toidupakk.<\/p>\n","protected":false},"excerpt":{"rendered":"<p><strong>Odstraszacz komar\u00f3w FLEXTAIL Tiny Repeller z lamp\u0105 LED to najlepsze rozwi\u0105zanie przeciwko komarom. Elektroniczny odstraszacz i lampa LED 2 w 1. Przeznaczony do u\u017cytku podczas letnich wieczor\u00f3w w ogrodzie, na w\u0119dr\u00f3wkach, kempingach, rybach czy polowaniach. Nie musisz ju\u017c spryskiwa\u0107 si\u0119 toksycznymi \u015brodkami zawieraj\u0105cymi DEET. Odstraszacz FLEXTAIL jest bezdymny i bezzapachowy.     <\/strong><\/p>\n<ul>\n<li><strong>\u0141adowany akumulatorowo \u2013 nie trzeba ju\u017c kupowa\u0107 kartuszy gazowych<\/strong><\/li>\n<li>Zapewnia ochron\u0119 na obszarze <strong>do 12 m\u00b2<\/strong><\/li>\n<li><strong>Dwustronny<\/strong> \u2013 postawiony na stole wydziela zapach w obu kierunkach (bezwonny dla ludzi)<\/li>\n<li>Urz\u0105dzenie posiada <strong>certyfikat SDS<\/strong>, co gwarantuje bezpiecze\u0144stwo i skuteczno\u015b\u0107 produktu<\/li>\n<li>Bezpieczny tak\u017ce dla <strong>zwierz\u0105t domowych<\/strong><\/li>\n<li>Szybkie dzia\u0142anie \u2013 nagrzewa si\u0119 do <strong>temperatury roboczej 165\u00b0C w 50 sekund<\/strong><\/li>\n<li><strong>Lampa LED<\/strong> posiada 3 tryby (50 lumen\u00f3w, 200 lumen\u00f3w lub 400 lumen\u00f3w)<\/li>\n<li>Klasa wodoodporno\u015bci<strong> IPX5<\/strong><\/li>\n<li><strong>Ultralekki<\/strong> \u2013 wa\u017cy tylko 150 g<\/li>\n<li>Pojemno\u015b\u0107 akumulatora <strong>4800 mAh<\/strong> (pozwala na u\u017cytkowanie do 11 h)<\/li>\n<li><strong>Mocowanie magnetyczne<\/strong> pozwala na umieszczenie urz\u0105dzenia na metalowych powierzchniach<\/li>\n<li>Do\u0142\u0105czony klips pozwala na u\u017cywanie urz\u0105dzenia np. <strong>przy plecaku podczas w\u0119dr\u00f3wek po lesie<\/strong><\/li>\n<li>Zestaw zawiera urz\u0105dzenie <strong>odstraszacz komar\u00f3w FLEXTAIL Tiny Repeller z lamp\u0105 LED<\/strong>, wygodne <strong>etui<\/strong>, kabel \u0142aduj\u0105cy <strong>Type-C<\/strong> oraz <strong>instrukcj\u0119 obs\u0142ugi<\/strong><\/li>\n<li>Bateria wytrzymuje 10\u201340 h w zale\u017cno\u015bci od trybu. Tryby mo\u017cna regulowa\u0107 wed\u0142ug potrzeb. <strong><br \/>\n<\/strong><\/li>\n<li><strong>UWAGA! Wk\u0142ady do odstraszacza nie s\u0105 cz\u0119\u015bci\u0105 zestawu<\/strong><\/li>\n<\/ul>\n<p>\u2705 Szybka wysy\u0142ka w 1\u20133 dni robocze<\/p>\n","protected":false},"featured_media":23752,"comment_status":"open","ping_status":"closed","template":"","meta":{"_acf_changed":false},"product_brand":[],"product_cat":[303,315,355,301,367,342],"product_tag":[305],"class_list":{"0":"post-50538","1":"product","2":"type-product","3":"status-publish","4":"has-post-thumbnail","6":"product_cat-akcesoria-turystyczne","7":"product_cat-elektronika","8":"product_cat-lampy-i-latarnie","9":"product_cat-sprzet-turystyczny","10":"product_cat-srodki-na-komary-owady-i-kleszcze","11":"product_cat-swiatlo","12":"product_tag-no_ads","14":"first","15":"instock","16":"sale","17":"taxable","18":"shipping-taxable","19":"purchasable","20":"product-type-simple"},"bundled_by":[],"bundle_stock_status":"instock","bundle_stock_quantity":37,"bundle_virtual":false,"bundle_layout":"","bundle_add_to_cart_form_location":"","bundle_editable_in_cart":false,"bundle_sold_individually_context":"","bundle_item_grouping":"","bundle_min_size":"","bundle_max_size":"","bundle_price":[],"bundled_items":[],"bundle_sell_ids":[],"acf":[],"yoast_head":"<!-- This site is optimized with the Yoast SEO plugin v27.3 - https:\/\/yoast.com\/product\/yoast-seo-wordpress\/ -->\n<title>Odstraszacz komar\u00f3w FLEXTAIL Tiny Repeller z lamp\u0105 LED<\/title>\n<meta name=\"description\" content=\"Odstraszacz komar\u00f3w z lamp\u0105 LED to najlepszy spos\u00f3b na komary. Technologia akumulatorowa eliminuje potrzeb\u0119 wymiany kartuszy gazowych. Ciesz si\u0119 wieczorami bez komar\u00f3w.\" \/>\n<meta name=\"robots\" content=\"index, follow, max-snippet:-1, max-image-preview:large, max-video-preview:-1\" \/>\n<link rel=\"canonical\" href=\"https:\/\/toidupakk.ee\/pl\/toode\/odstraszacz-komarow-flextail-tiny-repeller-z-lampa-led\/\" \/>\n<meta property=\"og:locale\" content=\"pl_PL\" \/>\n<meta property=\"og:type\" content=\"article\" \/>\n<meta property=\"og:title\" content=\"Odstraszacz komar\u00f3w FLEXTAIL Tiny Repeller z lamp\u0105 LED\" \/>\n<meta property=\"og:description\" content=\"Odstraszacz komar\u00f3w z lamp\u0105 LED to najlepszy spos\u00f3b na komary. Technologia akumulatorowa eliminuje potrzeb\u0119 wymiany kartuszy gazowych. Ciesz si\u0119 wieczorami bez komar\u00f3w.\" \/>\n<meta property=\"og:url\" content=\"https:\/\/toidupakk.ee\/pl\/toode\/odstraszacz-komarow-flextail-tiny-repeller-z-lampa-led\/\" \/>\n<meta property=\"og:site_name\" content=\"Toidupakk.ee - Tactical Foodpack toidupakid\" \/>\n<meta property=\"article:publisher\" content=\"https:\/\/www.facebook.com\/Toidupakk\" \/>\n<meta property=\"article:modified_time\" content=\"2026-04-16T09:00:10+00:00\" \/>\n<meta property=\"og:image\" content=\"https:\/\/toidupakk.ee\/wp-content\/uploads\/2024\/06\/Saasepeletaja-koos-LED-laternaga-1.png\" \/>\n\t<meta property=\"og:image:width\" content=\"800\" \/>\n\t<meta property=\"og:image:height\" content=\"800\" \/>\n\t<meta property=\"og:image:type\" content=\"image\/png\" \/>\n<meta name=\"twitter:card\" content=\"summary_large_image\" \/>\n<meta name=\"twitter:label1\" content=\"Szacowany czas czytania\" \/>\n\t<meta name=\"twitter:data1\" content=\"2 minuty\" \/>\n<script type=\"application\/ld+json\" class=\"yoast-schema-graph\">{\"@context\":\"https:\\\/\\\/schema.org\",\"@graph\":[{\"@type\":\"WebPage\",\"@id\":\"https:\\\/\\\/toidupakk.ee\\\/pl\\\/toode\\\/odstraszacz-komarow-flextail-tiny-repeller-z-lampa-led\\\/\",\"url\":\"https:\\\/\\\/toidupakk.ee\\\/pl\\\/toode\\\/odstraszacz-komarow-flextail-tiny-repeller-z-lampa-led\\\/\",\"name\":\"Odstraszacz komar\u00f3w FLEXTAIL Tiny Repeller z lamp\u0105 LED\",\"isPartOf\":{\"@id\":\"https:\\\/\\\/toidupakk.ee\\\/pl\\\/#website\"},\"primaryImageOfPage\":{\"@id\":\"https:\\\/\\\/toidupakk.ee\\\/pl\\\/toode\\\/odstraszacz-komarow-flextail-tiny-repeller-z-lampa-led\\\/#primaryimage\"},\"image\":{\"@id\":\"https:\\\/\\\/toidupakk.ee\\\/pl\\\/toode\\\/odstraszacz-komarow-flextail-tiny-repeller-z-lampa-led\\\/#primaryimage\"},\"thumbnailUrl\":\"https:\\\/\\\/toidupakk.ee\\\/wp-content\\\/uploads\\\/2024\\\/06\\\/Saasepeletaja-koos-LED-laternaga-1.png\",\"datePublished\":\"2024-06-26T11:46:49+00:00\",\"dateModified\":\"2026-04-16T09:00:10+00:00\",\"description\":\"Odstraszacz komar\u00f3w z lamp\u0105 LED to najlepszy spos\u00f3b na komary. Technologia akumulatorowa eliminuje potrzeb\u0119 wymiany kartuszy gazowych. Ciesz si\u0119 wieczorami bez komar\u00f3w.\",\"breadcrumb\":{\"@id\":\"https:\\\/\\\/toidupakk.ee\\\/pl\\\/toode\\\/odstraszacz-komarow-flextail-tiny-repeller-z-lampa-led\\\/#breadcrumb\"},\"inLanguage\":\"pl-PL\",\"potentialAction\":[{\"@type\":\"ReadAction\",\"target\":[\"https:\\\/\\\/toidupakk.ee\\\/pl\\\/toode\\\/odstraszacz-komarow-flextail-tiny-repeller-z-lampa-led\\\/\"]}]},{\"@type\":\"ImageObject\",\"inLanguage\":\"pl-PL\",\"@id\":\"https:\\\/\\\/toidupakk.ee\\\/pl\\\/toode\\\/odstraszacz-komarow-flextail-tiny-repeller-z-lampa-led\\\/#primaryimage\",\"url\":\"https:\\\/\\\/toidupakk.ee\\\/wp-content\\\/uploads\\\/2024\\\/06\\\/Saasepeletaja-koos-LED-laternaga-1.png\",\"contentUrl\":\"https:\\\/\\\/toidupakk.ee\\\/wp-content\\\/uploads\\\/2024\\\/06\\\/Saasepeletaja-koos-LED-laternaga-1.png\",\"width\":800,\"height\":800,\"caption\":\"S\u00e4\u00e4sepeletaja\"},{\"@type\":\"BreadcrumbList\",\"@id\":\"https:\\\/\\\/toidupakk.ee\\\/pl\\\/toode\\\/odstraszacz-komarow-flextail-tiny-repeller-z-lampa-led\\\/#breadcrumb\",\"itemListElement\":[{\"@type\":\"ListItem\",\"position\":1,\"name\":\"Avaleht\",\"item\":\"https:\\\/\\\/toidupakk.ee\\\/pl\\\/\"},{\"@type\":\"ListItem\",\"position\":2,\"name\":\"Sklep internetowy\",\"item\":\"https:\\\/\\\/toidupakk.ee\\\/pl\\\/sklep-internetowy\\\/\"},{\"@type\":\"ListItem\",\"position\":3,\"name\":\"Odstraszacz komar\u00f3w FLEXTAIL Tiny Repeller z lamp\u0105 LED\"}]},{\"@type\":\"WebSite\",\"@id\":\"https:\\\/\\\/toidupakk.ee\\\/pl\\\/#website\",\"url\":\"https:\\\/\\\/toidupakk.ee\\\/pl\\\/\",\"name\":\"Toidupakk.ee - Tactical Foodpack toidupakid\",\"description\":\"Tactical Foodpack k\u00fclmkuivatatud toidupakid ja matkaeined\",\"publisher\":{\"@id\":\"https:\\\/\\\/toidupakk.ee\\\/pl\\\/#organization\"},\"potentialAction\":[{\"@type\":\"SearchAction\",\"target\":{\"@type\":\"EntryPoint\",\"urlTemplate\":\"https:\\\/\\\/toidupakk.ee\\\/pl\\\/?s={search_term_string}\"},\"query-input\":{\"@type\":\"PropertyValueSpecification\",\"valueRequired\":true,\"valueName\":\"search_term_string\"}}],\"inLanguage\":\"pl-PL\"},{\"@type\":\"Organization\",\"@id\":\"https:\\\/\\\/toidupakk.ee\\\/pl\\\/#organization\",\"name\":\"Tactical Foodpack matkaeined\",\"url\":\"https:\\\/\\\/toidupakk.ee\\\/pl\\\/\",\"logo\":{\"@type\":\"ImageObject\",\"inLanguage\":\"pl-PL\",\"@id\":\"https:\\\/\\\/toidupakk.ee\\\/pl\\\/#\\\/schema\\\/logo\\\/image\\\/\",\"url\":\"https:\\\/\\\/toidupakk.ee\\\/wp-content\\\/uploads\\\/2022\\\/01\\\/Toidupakk-matkapood-logo-transparent.png\",\"contentUrl\":\"https:\\\/\\\/toidupakk.ee\\\/wp-content\\\/uploads\\\/2022\\\/01\\\/Toidupakk-matkapood-logo-transparent.png\",\"width\":500,\"height\":500,\"caption\":\"Tactical Foodpack matkaeined\"},\"image\":{\"@id\":\"https:\\\/\\\/toidupakk.ee\\\/pl\\\/#\\\/schema\\\/logo\\\/image\\\/\"},\"sameAs\":[\"https:\\\/\\\/www.facebook.com\\\/Toidupakk\",\"https:\\\/\\\/www.instagram.com\\\/toidupakk\\\/\"]}]}<\/script>\n<!-- \/ Yoast SEO plugin. -->","yoast_head_json":{"title":"Odstraszacz komar\u00f3w FLEXTAIL Tiny Repeller z lamp\u0105 LED","description":"Odstraszacz komar\u00f3w z lamp\u0105 LED to najlepszy spos\u00f3b na komary. Technologia akumulatorowa eliminuje potrzeb\u0119 wymiany kartuszy gazowych. Ciesz si\u0119 wieczorami bez komar\u00f3w.","robots":{"index":"index","follow":"follow","max-snippet":"max-snippet:-1","max-image-preview":"max-image-preview:large","max-video-preview":"max-video-preview:-1"},"canonical":"https:\/\/toidupakk.ee\/pl\/toode\/odstraszacz-komarow-flextail-tiny-repeller-z-lampa-led\/","og_locale":"pl_PL","og_type":"article","og_title":"Odstraszacz komar\u00f3w FLEXTAIL Tiny Repeller z lamp\u0105 LED","og_description":"Odstraszacz komar\u00f3w z lamp\u0105 LED to najlepszy spos\u00f3b na komary. Technologia akumulatorowa eliminuje potrzeb\u0119 wymiany kartuszy gazowych. Ciesz si\u0119 wieczorami bez komar\u00f3w.","og_url":"https:\/\/toidupakk.ee\/pl\/toode\/odstraszacz-komarow-flextail-tiny-repeller-z-lampa-led\/","og_site_name":"Toidupakk.ee - Tactical Foodpack toidupakid","article_publisher":"https:\/\/www.facebook.com\/Toidupakk","article_modified_time":"2026-04-16T09:00:10+00:00","og_image":[{"width":800,"height":800,"url":"https:\/\/toidupakk.ee\/wp-content\/uploads\/2024\/06\/Saasepeletaja-koos-LED-laternaga-1.png","type":"image\/png"}],"twitter_card":"summary_large_image","twitter_misc":{"Szacowany czas czytania":"2 minuty"},"schema":{"@context":"https:\/\/schema.org","@graph":[{"@type":"WebPage","@id":"https:\/\/toidupakk.ee\/pl\/toode\/odstraszacz-komarow-flextail-tiny-repeller-z-lampa-led\/","url":"https:\/\/toidupakk.ee\/pl\/toode\/odstraszacz-komarow-flextail-tiny-repeller-z-lampa-led\/","name":"Odstraszacz komar\u00f3w FLEXTAIL Tiny Repeller z lamp\u0105 LED","isPartOf":{"@id":"https:\/\/toidupakk.ee\/pl\/#website"},"primaryImageOfPage":{"@id":"https:\/\/toidupakk.ee\/pl\/toode\/odstraszacz-komarow-flextail-tiny-repeller-z-lampa-led\/#primaryimage"},"image":{"@id":"https:\/\/toidupakk.ee\/pl\/toode\/odstraszacz-komarow-flextail-tiny-repeller-z-lampa-led\/#primaryimage"},"thumbnailUrl":"https:\/\/toidupakk.ee\/wp-content\/uploads\/2024\/06\/Saasepeletaja-koos-LED-laternaga-1.png","datePublished":"2024-06-26T11:46:49+00:00","dateModified":"2026-04-16T09:00:10+00:00","description":"Odstraszacz komar\u00f3w z lamp\u0105 LED to najlepszy spos\u00f3b na komary. Technologia akumulatorowa eliminuje potrzeb\u0119 wymiany kartuszy gazowych. Ciesz si\u0119 wieczorami bez komar\u00f3w.","breadcrumb":{"@id":"https:\/\/toidupakk.ee\/pl\/toode\/odstraszacz-komarow-flextail-tiny-repeller-z-lampa-led\/#breadcrumb"},"inLanguage":"pl-PL","potentialAction":[{"@type":"ReadAction","target":["https:\/\/toidupakk.ee\/pl\/toode\/odstraszacz-komarow-flextail-tiny-repeller-z-lampa-led\/"]}]},{"@type":"ImageObject","inLanguage":"pl-PL","@id":"https:\/\/toidupakk.ee\/pl\/toode\/odstraszacz-komarow-flextail-tiny-repeller-z-lampa-led\/#primaryimage","url":"https:\/\/toidupakk.ee\/wp-content\/uploads\/2024\/06\/Saasepeletaja-koos-LED-laternaga-1.png","contentUrl":"https:\/\/toidupakk.ee\/wp-content\/uploads\/2024\/06\/Saasepeletaja-koos-LED-laternaga-1.png","width":800,"height":800,"caption":"S\u00e4\u00e4sepeletaja"},{"@type":"BreadcrumbList","@id":"https:\/\/toidupakk.ee\/pl\/toode\/odstraszacz-komarow-flextail-tiny-repeller-z-lampa-led\/#breadcrumb","itemListElement":[{"@type":"ListItem","position":1,"name":"Avaleht","item":"https:\/\/toidupakk.ee\/pl\/"},{"@type":"ListItem","position":2,"name":"Sklep internetowy","item":"https:\/\/toidupakk.ee\/pl\/sklep-internetowy\/"},{"@type":"ListItem","position":3,"name":"Odstraszacz komar\u00f3w FLEXTAIL Tiny Repeller z lamp\u0105 LED"}]},{"@type":"WebSite","@id":"https:\/\/toidupakk.ee\/pl\/#website","url":"https:\/\/toidupakk.ee\/pl\/","name":"Toidupakk.ee - Tactical Foodpack toidupakid","description":"Tactical Foodpack k\u00fclmkuivatatud toidupakid ja matkaeined","publisher":{"@id":"https:\/\/toidupakk.ee\/pl\/#organization"},"potentialAction":[{"@type":"SearchAction","target":{"@type":"EntryPoint","urlTemplate":"https:\/\/toidupakk.ee\/pl\/?s={search_term_string}"},"query-input":{"@type":"PropertyValueSpecification","valueRequired":true,"valueName":"search_term_string"}}],"inLanguage":"pl-PL"},{"@type":"Organization","@id":"https:\/\/toidupakk.ee\/pl\/#organization","name":"Tactical Foodpack matkaeined","url":"https:\/\/toidupakk.ee\/pl\/","logo":{"@type":"ImageObject","inLanguage":"pl-PL","@id":"https:\/\/toidupakk.ee\/pl\/#\/schema\/logo\/image\/","url":"https:\/\/toidupakk.ee\/wp-content\/uploads\/2022\/01\/Toidupakk-matkapood-logo-transparent.png","contentUrl":"https:\/\/toidupakk.ee\/wp-content\/uploads\/2022\/01\/Toidupakk-matkapood-logo-transparent.png","width":500,"height":500,"caption":"Tactical Foodpack matkaeined"},"image":{"@id":"https:\/\/toidupakk.ee\/pl\/#\/schema\/logo\/image\/"},"sameAs":["https:\/\/www.facebook.com\/Toidupakk","https:\/\/www.instagram.com\/toidupakk\/"]}]}},"jetpack_sharing_enabled":true,"_links":{"self":[{"href":"https:\/\/toidupakk.ee\/pl\/wp-json\/wp\/v2\/product\/50538","targetHints":{"allow":["GET"]}}],"collection":[{"href":"https:\/\/toidupakk.ee\/pl\/wp-json\/wp\/v2\/product"}],"about":[{"href":"https:\/\/toidupakk.ee\/pl\/wp-json\/wp\/v2\/types\/product"}],"replies":[{"embeddable":true,"href":"https:\/\/toidupakk.ee\/pl\/wp-json\/wp\/v2\/comments?post=50538"}],"wp:featuredmedia":[{"embeddable":true,"href":"https:\/\/toidupakk.ee\/pl\/wp-json\/wp\/v2\/media\/23752"}],"wp:attachment":[{"href":"https:\/\/toidupakk.ee\/pl\/wp-json\/wp\/v2\/media?parent=50538"}],"wp:term":[{"taxonomy":"product_brand","embeddable":true,"href":"https:\/\/toidupakk.ee\/pl\/wp-json\/wp\/v2\/product_brand?post=50538"},{"taxonomy":"product_cat","embeddable":true,"href":"https:\/\/toidupakk.ee\/pl\/wp-json\/wp\/v2\/product_cat?post=50538"},{"taxonomy":"product_tag","embeddable":true,"href":"https:\/\/toidupakk.ee\/pl\/wp-json\/wp\/v2\/product_tag?post=50538"}],"curies":[{"name":"wp","href":"https:\/\/api.w.org\/{rel}","templated":true}]}}