{"id":50536,"date":"2024-09-19T13:05:50","date_gmt":"2024-09-19T10:05:50","guid":{"rendered":"https:\/\/toidupakk.ee\/toode\/pasta-arrabiata-z-kurczakiem-115-g\/"},"modified":"2026-04-15T01:30:34","modified_gmt":"2026-04-14T22:30:34","slug":"pasta-arrabiata-z-kurczakiem-115-g","status":"publish","type":"product","link":"https:\/\/toidupakk.ee\/pl\/toode\/pasta-arrabiata-z-kurczakiem-115-g\/","title":{"rendered":"Pasta Arrabiata z kurczakiem 115 g"},"content":{"rendered":"<h1><img fetchpriority=\"high\" decoding=\"async\" class=\"wp-image-27110 size-thumbnail alignright\" src=\"https:\/\/toidupakk.ee\/wp-content\/uploads\/2024\/09\/Pasta-Arrabiata-kanalihaga-kauss-500x500.png\" alt=\"Pasta Arrabiata Tactical Foodpack\" width=\"500\" height=\"500\" srcset=\"https:\/\/toidupakk.ee\/wp-content\/uploads\/2024\/09\/Pasta-Arrabiata-kanalihaga-kauss-500x500.png 500w, https:\/\/toidupakk.ee\/wp-content\/uploads\/2024\/09\/Pasta-Arrabiata-kanalihaga-kauss-400x400.png 400w, https:\/\/toidupakk.ee\/wp-content\/uploads\/2024\/09\/Pasta-Arrabiata-kanalihaga-kauss-100x100.png 100w, https:\/\/toidupakk.ee\/wp-content\/uploads\/2024\/09\/Pasta-Arrabiata-kanalihaga-kauss-300x300.png 300w, https:\/\/toidupakk.ee\/wp-content\/uploads\/2024\/09\/Pasta-Arrabiata-kanalihaga-kauss-768x768.png 768w, https:\/\/toidupakk.ee\/wp-content\/uploads\/2024\/09\/Pasta-Arrabiata-kanalihaga-kauss.png 800w\" sizes=\"(max-width: 500px) 100vw, 500px\" \/><\/h1>\n<h1><strong>Odkryj Past\u0119 Arrabiata z kurczakiem od Tactical Foodpack<\/strong><\/h1>\n<p>Pasta Arrabiata z kurczakiem Tactical Foodpack 115 g to idealny wyb\u00f3r dla tych, kt\u00f3rzy chc\u0105 cieszy\u0107 si\u0119 smacznym i po\u017cywnym posi\u0142kiem zawsze i wsz\u0119dzie. To liofilizowane danie stworzono z my\u015bl\u0105 o w\u0119dr\u00f3wkach, przygodach czy szybkim posi\u0142ku w domu, zapewniaj\u0105c wygod\u0119 i warto\u015bci od\u017cywcze. <\/p>\n<h2>Dlaczego warto wybra\u0107 Past\u0119 Arrabiata z kurczakiem?<\/h2>\n<p>To nie jest zwyk\u0142y posi\u0142ek \u2013 to prawdziwe doznanie smakowe. Dania Tactical Foodpack, w tym ta pasta, zosta\u0142y stworzone, aby zapewni\u0107 wysok\u0105 warto\u015b\u0107 od\u017cywcz\u0105 i zastrzyk energii nawet w najtrudniejszych warunkach. Oto kilka powod\u00f3w, dla kt\u00f3rych ten produkt powinien by\u0107 Twoim kolejnym wyborem:  <\/p>\n<ul>\n<li><strong>\u0141atwe przygotowanie:<\/strong> Dodaj tylko 300 ml gor\u0105cej wody i odczekaj 10 minut. Szybkie i wygodne rozwi\u0105zanie, kt\u00f3re nie wymaga skomplikowanego gotowania. <\/li>\n<li><strong>Wysoka zawarto\u015b\u0107 energii:<\/strong> Jedna porcja zawiera 2133 kJ (511 kcal), aby zapewni\u0107 Ci energi\u0119 na ca\u0142y dzie\u0144.<\/li>\n<li><strong>Naturalny sk\u0142ad:<\/strong> Bez konserwant\u00f3w i sztucznych dodatk\u00f3w \u2013 tylko najlepsze sk\u0142adniki, kt\u00f3re gwarantuj\u0105 smaczny i zdrowy posi\u0142ek.<\/li>\n<li><strong>D\u0142ugi termin przydatno\u015bci:<\/strong> Najlepiej spo\u017cy\u0107 przed up\u0142ywem 8 lat od daty produkcji, co czyni go idealnym do d\u0142ugoterminowego przechowywania lub na sytuacje awaryjne.<\/li>\n<li><strong>Wyprodukowano w Niemczech:<\/strong> Wysoka jako\u015b\u0107 produkcji gwarantuje, \u017ce ka\u017cdy posi\u0142ek spe\u0142nia najwy\u017csze standardy i zachowuje swoje walory smakowe nawet po latach.<\/li>\n<\/ul>\n<h2>Co sprawia, \u017ce Pasta Arrabiata z kurczakiem jest tak wyj\u0105tkowa?<\/h2>\n<p>Danie z kurczakiem przygotowano ze starannie dobranych sk\u0142adnik\u00f3w, aby zapewni\u0107 doskona\u0142y smak i warto\u015bci od\u017cywcze. Ka\u017cde opakowanie zawiera: <\/p>\n<ul>\n<li><strong>Makaron (60%)<\/strong> (m\u0105ka z pszenicy durum, woda)<\/li>\n<li><strong>Bulion<\/strong> (kurczak, indyk, marchew, jagody ja\u0142owca, li\u015bcie laurowe, por)<\/li>\n<li><strong>Kurczak (12%)<\/strong><\/li>\n<li><strong>Pomidory, cebula, woda, szpinak, olej rzepakowy, czosnek, s\u00f3l, cukier, chili w proszku, bazylia, oregano, pieprz<\/strong><\/li>\n<\/ul>\n<h3>Zalety liofilizacji<\/h3>\n<p>Liofilizacja to proces, kt\u00f3ry pozwala zachowa\u0107 \u015bwie\u017co\u015b\u0107, tekstur\u0119 i warto\u015bci od\u017cywcze \u017cywno\u015bci poprzez usuwanie wody w niskich temperaturach. Oznacza to, \u017ce wszystkie dania Tactical Foodpack, w tym Pasta Arrabiata z kurczakiem, s\u0105 lekkie, kompaktowe i maj\u0105 d\u0142ugi termin przydatno\u015bci, zachowuj\u0105c przy tym wszystkie wa\u017cne witaminy i minera\u0142y. <\/p>\n<h3>Dla kogo jest Pasta Arrabiata z kurczakiem?<\/h3>\n<ul>\n<li><strong>Dla w\u0119drowc\u00f3w i obozowicz\u00f3w:<\/strong> \u0141atwe przygotowanie i lekkie opakowanie sprawiaj\u0105, \u017ce to doskona\u0142y wyb\u00f3r na posi\u0142ek w trasie.<\/li>\n<li><strong>Dla poszukiwaczy przyg\u00f3d i survivalowc\u00f3w:<\/strong> D\u0142ugi termin przydatno\u015bci i wysoka zawarto\u015b\u0107 energii idealnie sprawdzaj\u0105 si\u0119 w sytuacjach survivalowych i podczas d\u0142ugich wypraw.<\/li>\n<li><strong>Na szybki posi\u0142ek w domu:<\/strong> Je\u015bli brakuje Ci czasu, a chcesz zje\u015b\u0107 zdrowy i smaczny posi\u0142ek, Pasta Arrabiata z kurczakiem to idealne rozwi\u0105zanie.<\/li>\n<\/ul>\n<h3>Informacje o produkcie i warunki przechowywania<\/h3>\n<p>Pasta Arrabiata z kurczakiem jest dost\u0119pna w opakowaniu 115 g, co stanowi optymaln\u0105 porcj\u0119 dla jednej osoby. Idealna temperatura przechowywania wynosi od 10 \u00b0C do +30 \u00b0C. Dzi\u0119ki liofilizacji produkt jest trwa\u0142y i \u0142atwy w transporcie, nadaj\u0105c si\u0119 zar\u00f3wno do przechowywania w domu, jak i do spakowania do plecaka turystycznego.  <\/p>\n<p><img decoding=\"async\" class=\"alignnone size-full wp-image-676\" src=\"https:\/\/toidupakk.ee\/wp-content\/uploads\/2021\/12\/TF_logo_RGB-22-16-43-849.png\" alt=\"Zielone logo Tactical Foodpack\" width=\"238\" height=\"100\"><\/p>\n<h3>Posi\u0142ki Tactical Foodpack \u2013 jak u\u017cywa\u0107<\/h3>\n<p>Otw\u00f3rz opakowanie od g\u00f3ry w wyznaczonym miejscu. Wyjmij poch\u0142aniacz tlenu (ma\u0142a saszetka), kt\u00f3ry mo\u017cesz wyrzuci\u0107 do kosza. Wlej do \u015brodka gor\u0105c\u0105 wod\u0119 w ilo\u015bci wskazanej na opakowaniu. Dok\u0142adnie wymieszaj ca\u0142\u0105 zawarto\u015b\u0107. Zamknij opakowanie za pomoc\u0105 strunowego zapi\u0119cia u g\u00f3ry. Odczekaj 10 minut i ciesz si\u0119 ciep\u0142ym posi\u0142kiem.     <\/p>\n<h3>Zam\u00f3w Past\u0119 Arrabiata z kurczakiem ju\u017c dzi\u015b!<\/h3>\n<p>Nie przegap okazji! Zam\u00f3w Past\u0119 Arrabiata z kurczakiem Tactical Foodpack ju\u017c dzi\u015b i ciesz si\u0119 pe\u0142nowarto\u015bciowym posi\u0142kiem zawsze i wsz\u0119dzie. Dostawa do magazynu od drugiej po\u0142owy pa\u017adziernika. Obecnie dost\u0119pna w przedsprzeda\u017cy.   <\/p>\n<p>Kup teraz i przekonaj si\u0119 o jako\u015bci Tactical Foodpack na w\u0142asnej sk\u00f3rze!<\/p>\n<hr>\n<p>Zobacz wszystkie <a href=\"https:\/\/toidupakk.ee\/pl\/tootekategooria\/posilki-tactical-foodpack\/\">posi\u0142ki Tactical Foodpack<\/a><\/p>\n<p>Znajd\u017a inspiracj\u0119 na kolejne przygody na <a href=\"https:\/\/www.instagram.com\/toidupakk\/\">Instagramie<\/a> i <a href=\"https:\/\/www.facebook.com\/Toidupakk\/\">Facebooku<\/a> Toidupakk.<\/p>\n","protected":false},"excerpt":{"rendered":"<ul>\n<li>Liofilizowana pasta Arrabiata z kurczakiem w opakowaniu 142 g<\/li>\n<li>Masa netto \u017cywno\u015bci 115 g (przed przygotowaniem, liofilizowana i bez p\u0142ynu)<\/li>\n<li>Waga gotowego dania ok. 415 g<\/li>\n<li>Gotowe danie \u2013 wystarczy zala\u0107 gor\u0105c\u0105 wod\u0105, a po 10 minutach mo\u017cesz cieszy\u0107 si\u0119 pe\u0142nowarto\u015bciowym posi\u0142kiem<\/li>\n<li>Aby przygotowa\u0107, dodaj do opakowania 300 ml gor\u0105cej wody<\/li>\n<li><span lang=\"ET\">Naturalny sk\u0142ad, nie zawiera konserwant\u00f3w ani dodatk\u00f3w<\/span><\/li>\n<li><span lang=\"ET\">Warto\u015b\u0107 energetyczna na porcj\u0119 wynosi 2133 kJ \/ 511 kcal<\/span><\/li>\n<li>Najlepiej spo\u017cy\u0107 przed: 8 lat od daty produkcji<\/li>\n<li>Wyprodukowano w Niemczech<\/li>\n<li>Idealna temperatura przechowywania: od 10 \u00b0C do +30 \u00b0C<\/li>\n<\/ul>\n<p><strong>Sk\u0142adniki pasty Arrabiata z kurczakiem:<\/strong><\/p>\n<p>Makaron (60%) (m\u0105ka z pszenicy durum, woda), bulion (kurczak, indyk, marchew, jagody ja\u0142owca, li\u015bcie laurowe, por), kurczak (12%), pomidory, cebula, woda, szpinak, olej rzepakowy, czosnek, s\u00f3l, cukier, chili w proszku, bazylia, oregano, pieprz.<\/p>\n<p><strong>Najlepiej spo\u017cy\u0107 przed:<\/strong> 8 lat od daty produkcji<\/p>\n<p>\u2705 Dost\u0119pne w magazynie, szybka dostawa w 1\u20133 dni robocze<\/p>\n","protected":false},"featured_media":50537,"comment_status":"open","ping_status":"closed","template":"","meta":{"_acf_changed":false},"product_brand":[],"product_cat":[303,335,337,336],"product_tag":[],"class_list":{"0":"post-50536","1":"product","2":"type-product","3":"status-publish","4":"has-post-thumbnail","6":"product_cat-akcesoria-turystyczne","7":"product_cat-dania-glowne","8":"product_cat-posilki-tactical-foodpack","9":"product_cat-zywnosc-turystyczna","11":"first","12":"instock","13":"taxable","14":"shipping-taxable","15":"purchasable","16":"product-type-simple"},"bundled_by":[],"bundle_stock_status":"instock","bundle_stock_quantity":14,"bundle_virtual":false,"bundle_layout":"","bundle_add_to_cart_form_location":"","bundle_editable_in_cart":false,"bundle_sold_individually_context":"","bundle_item_grouping":"","bundle_min_size":"","bundle_max_size":"","bundle_price":[],"bundled_items":[],"bundle_sell_ids":[],"acf":[],"yoast_head":"<!-- This site is optimized with the Yoast SEO plugin v27.3 - https:\/\/yoast.com\/product\/yoast-seo-wordpress\/ -->\n<title>Pasta Arrabiata z kurczakiem 115 g - Toidupakk.ee - Tactical Foodpack toidupakid<\/title>\n<meta name=\"description\" content=\"Pasta Arrabiata z kurczakiem od Tactical Foodpack to idealny wyb\u00f3r dla ka\u017cdego, kto chce cieszy\u0107 si\u0119 smacznym i po\u017cywnym posi\u0142kiem, gdziekolwiek si\u0119 znajduje.\" \/>\n<meta name=\"robots\" content=\"index, follow, max-snippet:-1, max-image-preview:large, max-video-preview:-1\" \/>\n<link rel=\"canonical\" href=\"https:\/\/toidupakk.ee\/pl\/toode\/pasta-arrabiata-z-kurczakiem-115-g\/\" \/>\n<meta property=\"og:locale\" content=\"pl_PL\" \/>\n<meta property=\"og:type\" content=\"article\" \/>\n<meta property=\"og:title\" content=\"Pasta Arrabiata z kurczakiem 115 g - Toidupakk.ee - Tactical Foodpack toidupakid\" \/>\n<meta property=\"og:description\" content=\"Pasta Arrabiata z kurczakiem od Tactical Foodpack to idealny wyb\u00f3r dla ka\u017cdego, kto chce cieszy\u0107 si\u0119 smacznym i po\u017cywnym posi\u0142kiem, gdziekolwiek si\u0119 znajduje.\" \/>\n<meta property=\"og:url\" content=\"https:\/\/toidupakk.ee\/pl\/toode\/pasta-arrabiata-z-kurczakiem-115-g\/\" \/>\n<meta property=\"og:site_name\" content=\"Toidupakk.ee - Tactical Foodpack toidupakid\" \/>\n<meta property=\"article:publisher\" content=\"https:\/\/www.facebook.com\/Toidupakk\" \/>\n<meta property=\"article:modified_time\" content=\"2026-04-14T22:30:34+00:00\" \/>\n<meta property=\"og:image\" content=\"https:\/\/toidupakk.ee\/wp-content\/uploads\/2024\/09\/Pasta-Arrabiata-kanalihaga-kauss.png\" \/>\n\t<meta property=\"og:image:width\" content=\"800\" \/>\n\t<meta property=\"og:image:height\" content=\"800\" \/>\n\t<meta property=\"og:image:type\" content=\"image\/png\" \/>\n<meta name=\"twitter:card\" content=\"summary_large_image\" \/>\n<meta name=\"twitter:label1\" content=\"Szacowany czas czytania\" \/>\n\t<meta name=\"twitter:data1\" content=\"3 minuty\" \/>\n<script type=\"application\/ld+json\" class=\"yoast-schema-graph\">{\"@context\":\"https:\\\/\\\/schema.org\",\"@graph\":[{\"@type\":\"WebPage\",\"@id\":\"https:\\\/\\\/toidupakk.ee\\\/pl\\\/toode\\\/pasta-arrabiata-z-kurczakiem-115-g\\\/\",\"url\":\"https:\\\/\\\/toidupakk.ee\\\/pl\\\/toode\\\/pasta-arrabiata-z-kurczakiem-115-g\\\/\",\"name\":\"Pasta Arrabiata z kurczakiem 115 g - Toidupakk.ee - Tactical Foodpack toidupakid\",\"isPartOf\":{\"@id\":\"https:\\\/\\\/toidupakk.ee\\\/pl\\\/#website\"},\"primaryImageOfPage\":{\"@id\":\"https:\\\/\\\/toidupakk.ee\\\/pl\\\/toode\\\/pasta-arrabiata-z-kurczakiem-115-g\\\/#primaryimage\"},\"image\":{\"@id\":\"https:\\\/\\\/toidupakk.ee\\\/pl\\\/toode\\\/pasta-arrabiata-z-kurczakiem-115-g\\\/#primaryimage\"},\"thumbnailUrl\":\"https:\\\/\\\/toidupakk.ee\\\/wp-content\\\/uploads\\\/2024\\\/09\\\/Pasta-Arrabiata-kanalihaga-kauss.png\",\"datePublished\":\"2024-09-19T10:05:50+00:00\",\"dateModified\":\"2026-04-14T22:30:34+00:00\",\"description\":\"Pasta Arrabiata z kurczakiem od Tactical Foodpack to idealny wyb\u00f3r dla ka\u017cdego, kto chce cieszy\u0107 si\u0119 smacznym i po\u017cywnym posi\u0142kiem, gdziekolwiek si\u0119 znajduje.\",\"breadcrumb\":{\"@id\":\"https:\\\/\\\/toidupakk.ee\\\/pl\\\/toode\\\/pasta-arrabiata-z-kurczakiem-115-g\\\/#breadcrumb\"},\"inLanguage\":\"pl-PL\",\"potentialAction\":[{\"@type\":\"ReadAction\",\"target\":[\"https:\\\/\\\/toidupakk.ee\\\/pl\\\/toode\\\/pasta-arrabiata-z-kurczakiem-115-g\\\/\"]}]},{\"@type\":\"ImageObject\",\"inLanguage\":\"pl-PL\",\"@id\":\"https:\\\/\\\/toidupakk.ee\\\/pl\\\/toode\\\/pasta-arrabiata-z-kurczakiem-115-g\\\/#primaryimage\",\"url\":\"https:\\\/\\\/toidupakk.ee\\\/wp-content\\\/uploads\\\/2024\\\/09\\\/Pasta-Arrabiata-kanalihaga-kauss.png\",\"contentUrl\":\"https:\\\/\\\/toidupakk.ee\\\/wp-content\\\/uploads\\\/2024\\\/09\\\/Pasta-Arrabiata-kanalihaga-kauss.png\",\"width\":800,\"height\":800,\"caption\":\"Pasta Arrabiata Tactical Foodpack\"},{\"@type\":\"BreadcrumbList\",\"@id\":\"https:\\\/\\\/toidupakk.ee\\\/pl\\\/toode\\\/pasta-arrabiata-z-kurczakiem-115-g\\\/#breadcrumb\",\"itemListElement\":[{\"@type\":\"ListItem\",\"position\":1,\"name\":\"Avaleht\",\"item\":\"https:\\\/\\\/toidupakk.ee\\\/pl\\\/\"},{\"@type\":\"ListItem\",\"position\":2,\"name\":\"Sklep internetowy\",\"item\":\"https:\\\/\\\/toidupakk.ee\\\/pl\\\/sklep-internetowy\\\/\"},{\"@type\":\"ListItem\",\"position\":3,\"name\":\"Pasta Arrabiata z kurczakiem 115 g\"}]},{\"@type\":\"WebSite\",\"@id\":\"https:\\\/\\\/toidupakk.ee\\\/pl\\\/#website\",\"url\":\"https:\\\/\\\/toidupakk.ee\\\/pl\\\/\",\"name\":\"Toidupakk.ee - Tactical Foodpack toidupakid\",\"description\":\"Tactical Foodpack k\u00fclmkuivatatud toidupakid ja matkaeined\",\"publisher\":{\"@id\":\"https:\\\/\\\/toidupakk.ee\\\/pl\\\/#organization\"},\"potentialAction\":[{\"@type\":\"SearchAction\",\"target\":{\"@type\":\"EntryPoint\",\"urlTemplate\":\"https:\\\/\\\/toidupakk.ee\\\/pl\\\/?s={search_term_string}\"},\"query-input\":{\"@type\":\"PropertyValueSpecification\",\"valueRequired\":true,\"valueName\":\"search_term_string\"}}],\"inLanguage\":\"pl-PL\"},{\"@type\":\"Organization\",\"@id\":\"https:\\\/\\\/toidupakk.ee\\\/pl\\\/#organization\",\"name\":\"Tactical Foodpack matkaeined\",\"url\":\"https:\\\/\\\/toidupakk.ee\\\/pl\\\/\",\"logo\":{\"@type\":\"ImageObject\",\"inLanguage\":\"pl-PL\",\"@id\":\"https:\\\/\\\/toidupakk.ee\\\/pl\\\/#\\\/schema\\\/logo\\\/image\\\/\",\"url\":\"https:\\\/\\\/toidupakk.ee\\\/wp-content\\\/uploads\\\/2022\\\/01\\\/Toidupakk-matkapood-logo-transparent.png\",\"contentUrl\":\"https:\\\/\\\/toidupakk.ee\\\/wp-content\\\/uploads\\\/2022\\\/01\\\/Toidupakk-matkapood-logo-transparent.png\",\"width\":500,\"height\":500,\"caption\":\"Tactical Foodpack matkaeined\"},\"image\":{\"@id\":\"https:\\\/\\\/toidupakk.ee\\\/pl\\\/#\\\/schema\\\/logo\\\/image\\\/\"},\"sameAs\":[\"https:\\\/\\\/www.facebook.com\\\/Toidupakk\",\"https:\\\/\\\/www.instagram.com\\\/toidupakk\\\/\"]}]}<\/script>\n<!-- \/ Yoast SEO plugin. -->","yoast_head_json":{"title":"Pasta Arrabiata z kurczakiem 115 g - Toidupakk.ee - Tactical Foodpack toidupakid","description":"Pasta Arrabiata z kurczakiem od Tactical Foodpack to idealny wyb\u00f3r dla ka\u017cdego, kto chce cieszy\u0107 si\u0119 smacznym i po\u017cywnym posi\u0142kiem, gdziekolwiek si\u0119 znajduje.","robots":{"index":"index","follow":"follow","max-snippet":"max-snippet:-1","max-image-preview":"max-image-preview:large","max-video-preview":"max-video-preview:-1"},"canonical":"https:\/\/toidupakk.ee\/pl\/toode\/pasta-arrabiata-z-kurczakiem-115-g\/","og_locale":"pl_PL","og_type":"article","og_title":"Pasta Arrabiata z kurczakiem 115 g - Toidupakk.ee - Tactical Foodpack toidupakid","og_description":"Pasta Arrabiata z kurczakiem od Tactical Foodpack to idealny wyb\u00f3r dla ka\u017cdego, kto chce cieszy\u0107 si\u0119 smacznym i po\u017cywnym posi\u0142kiem, gdziekolwiek si\u0119 znajduje.","og_url":"https:\/\/toidupakk.ee\/pl\/toode\/pasta-arrabiata-z-kurczakiem-115-g\/","og_site_name":"Toidupakk.ee - Tactical Foodpack toidupakid","article_publisher":"https:\/\/www.facebook.com\/Toidupakk","article_modified_time":"2026-04-14T22:30:34+00:00","og_image":[{"width":800,"height":800,"url":"https:\/\/toidupakk.ee\/wp-content\/uploads\/2024\/09\/Pasta-Arrabiata-kanalihaga-kauss.png","type":"image\/png"}],"twitter_card":"summary_large_image","twitter_misc":{"Szacowany czas czytania":"3 minuty"},"schema":{"@context":"https:\/\/schema.org","@graph":[{"@type":"WebPage","@id":"https:\/\/toidupakk.ee\/pl\/toode\/pasta-arrabiata-z-kurczakiem-115-g\/","url":"https:\/\/toidupakk.ee\/pl\/toode\/pasta-arrabiata-z-kurczakiem-115-g\/","name":"Pasta Arrabiata z kurczakiem 115 g - Toidupakk.ee - Tactical Foodpack toidupakid","isPartOf":{"@id":"https:\/\/toidupakk.ee\/pl\/#website"},"primaryImageOfPage":{"@id":"https:\/\/toidupakk.ee\/pl\/toode\/pasta-arrabiata-z-kurczakiem-115-g\/#primaryimage"},"image":{"@id":"https:\/\/toidupakk.ee\/pl\/toode\/pasta-arrabiata-z-kurczakiem-115-g\/#primaryimage"},"thumbnailUrl":"https:\/\/toidupakk.ee\/wp-content\/uploads\/2024\/09\/Pasta-Arrabiata-kanalihaga-kauss.png","datePublished":"2024-09-19T10:05:50+00:00","dateModified":"2026-04-14T22:30:34+00:00","description":"Pasta Arrabiata z kurczakiem od Tactical Foodpack to idealny wyb\u00f3r dla ka\u017cdego, kto chce cieszy\u0107 si\u0119 smacznym i po\u017cywnym posi\u0142kiem, gdziekolwiek si\u0119 znajduje.","breadcrumb":{"@id":"https:\/\/toidupakk.ee\/pl\/toode\/pasta-arrabiata-z-kurczakiem-115-g\/#breadcrumb"},"inLanguage":"pl-PL","potentialAction":[{"@type":"ReadAction","target":["https:\/\/toidupakk.ee\/pl\/toode\/pasta-arrabiata-z-kurczakiem-115-g\/"]}]},{"@type":"ImageObject","inLanguage":"pl-PL","@id":"https:\/\/toidupakk.ee\/pl\/toode\/pasta-arrabiata-z-kurczakiem-115-g\/#primaryimage","url":"https:\/\/toidupakk.ee\/wp-content\/uploads\/2024\/09\/Pasta-Arrabiata-kanalihaga-kauss.png","contentUrl":"https:\/\/toidupakk.ee\/wp-content\/uploads\/2024\/09\/Pasta-Arrabiata-kanalihaga-kauss.png","width":800,"height":800,"caption":"Pasta Arrabiata Tactical Foodpack"},{"@type":"BreadcrumbList","@id":"https:\/\/toidupakk.ee\/pl\/toode\/pasta-arrabiata-z-kurczakiem-115-g\/#breadcrumb","itemListElement":[{"@type":"ListItem","position":1,"name":"Avaleht","item":"https:\/\/toidupakk.ee\/pl\/"},{"@type":"ListItem","position":2,"name":"Sklep internetowy","item":"https:\/\/toidupakk.ee\/pl\/sklep-internetowy\/"},{"@type":"ListItem","position":3,"name":"Pasta Arrabiata z kurczakiem 115 g"}]},{"@type":"WebSite","@id":"https:\/\/toidupakk.ee\/pl\/#website","url":"https:\/\/toidupakk.ee\/pl\/","name":"Toidupakk.ee - Tactical Foodpack toidupakid","description":"Tactical Foodpack k\u00fclmkuivatatud toidupakid ja matkaeined","publisher":{"@id":"https:\/\/toidupakk.ee\/pl\/#organization"},"potentialAction":[{"@type":"SearchAction","target":{"@type":"EntryPoint","urlTemplate":"https:\/\/toidupakk.ee\/pl\/?s={search_term_string}"},"query-input":{"@type":"PropertyValueSpecification","valueRequired":true,"valueName":"search_term_string"}}],"inLanguage":"pl-PL"},{"@type":"Organization","@id":"https:\/\/toidupakk.ee\/pl\/#organization","name":"Tactical Foodpack matkaeined","url":"https:\/\/toidupakk.ee\/pl\/","logo":{"@type":"ImageObject","inLanguage":"pl-PL","@id":"https:\/\/toidupakk.ee\/pl\/#\/schema\/logo\/image\/","url":"https:\/\/toidupakk.ee\/wp-content\/uploads\/2022\/01\/Toidupakk-matkapood-logo-transparent.png","contentUrl":"https:\/\/toidupakk.ee\/wp-content\/uploads\/2022\/01\/Toidupakk-matkapood-logo-transparent.png","width":500,"height":500,"caption":"Tactical Foodpack matkaeined"},"image":{"@id":"https:\/\/toidupakk.ee\/pl\/#\/schema\/logo\/image\/"},"sameAs":["https:\/\/www.facebook.com\/Toidupakk","https:\/\/www.instagram.com\/toidupakk\/"]}]}},"jetpack_sharing_enabled":true,"_links":{"self":[{"href":"https:\/\/toidupakk.ee\/pl\/wp-json\/wp\/v2\/product\/50536","targetHints":{"allow":["GET"]}}],"collection":[{"href":"https:\/\/toidupakk.ee\/pl\/wp-json\/wp\/v2\/product"}],"about":[{"href":"https:\/\/toidupakk.ee\/pl\/wp-json\/wp\/v2\/types\/product"}],"replies":[{"embeddable":true,"href":"https:\/\/toidupakk.ee\/pl\/wp-json\/wp\/v2\/comments?post=50536"}],"wp:featuredmedia":[{"embeddable":true,"href":"https:\/\/toidupakk.ee\/pl\/wp-json\/wp\/v2\/media\/50537"}],"wp:attachment":[{"href":"https:\/\/toidupakk.ee\/pl\/wp-json\/wp\/v2\/media?parent=50536"}],"wp:term":[{"taxonomy":"product_brand","embeddable":true,"href":"https:\/\/toidupakk.ee\/pl\/wp-json\/wp\/v2\/product_brand?post=50536"},{"taxonomy":"product_cat","embeddable":true,"href":"https:\/\/toidupakk.ee\/pl\/wp-json\/wp\/v2\/product_cat?post=50536"},{"taxonomy":"product_tag","embeddable":true,"href":"https:\/\/toidupakk.ee\/pl\/wp-json\/wp\/v2\/product_tag?post=50536"}],"curies":[{"name":"wp","href":"https:\/\/api.w.org\/{rel}","templated":true}]}}