{"id":50526,"date":"2024-09-17T15:12:12","date_gmt":"2024-09-17T12:12:12","guid":{"rendered":"https:\/\/toidupakk.ee\/toode\/powerbank-chargemaster-pro-6-w-1\/"},"modified":"2026-04-29T16:32:07","modified_gmt":"2026-04-29T13:32:07","slug":"powerbank-chargemaster-pro-6-w-1","status":"publish","type":"product","link":"https:\/\/toidupakk.ee\/pl\/toode\/powerbank-chargemaster-pro-6-w-1\/","title":{"rendered":"Powerbank ChargeMaster PRO 6-w-1"},"content":{"rendered":"<h1><img fetchpriority=\"high\" decoding=\"async\" class=\"alignnone wp-image-27068 size-full\" src=\"https:\/\/toidupakk.ee\/wp-content\/uploads\/2024\/09\/Akupank-reisimiseks-ChargeMaster-PRO-3.png\" alt=\"Powerbank ChargeMaster PRO 6-w-1\" width=\"500\" height=\"1000\" srcset=\"https:\/\/toidupakk.ee\/wp-content\/uploads\/2024\/09\/Akupank-reisimiseks-ChargeMaster-PRO-3.png 500w, https:\/\/toidupakk.ee\/wp-content\/uploads\/2024\/09\/Akupank-reisimiseks-ChargeMaster-PRO-3-150x300.png 150w\" sizes=\"(max-width: 500px) 100vw, 500px\" \/><\/h1>\n<h1>Powerbank ChargeMaster PRO 6-w-1 \u2013 uniwersalny towarzysz podr\u00f3\u017cy<\/h1>\n<h3>Dla kogo jest odpowiedni?<\/h3>\n<p>Powerbank ChargeMaster PRO 6-w-1 jest przeznaczony przede wszystkim dla os\u00f3b b\u0119d\u0105cych w ci\u0105g\u0142ym ruchu \u2013 od podr\u00f3\u017cnik\u00f3w mi\u0119dzynarodowych po mi\u0142o\u015bnik\u00f3w outdooru i ludzi biznesu. Oferuje pot\u0119\u017cne i niezawodne \u0142adowanie w dowolnym miejscu i sytuacji, bez konieczno\u015bci noszenia ze sob\u0105 wielu urz\u0105dze\u0144. <\/p>\n<hr>\n<h3><img decoding=\"async\" class=\"alignnone wp-image-27066 size-full\" src=\"https:\/\/toidupakk.ee\/wp-content\/uploads\/2024\/09\/Akupank-reisimiseks-ChargeMaster-PRO-1.png\" alt=\"Powerbank w podr\u00f3\u017c\" width=\"500\" height=\"1000\" srcset=\"https:\/\/toidupakk.ee\/wp-content\/uploads\/2024\/09\/Akupank-reisimiseks-ChargeMaster-PRO-1.png 500w, https:\/\/toidupakk.ee\/wp-content\/uploads\/2024\/09\/Akupank-reisimiseks-ChargeMaster-PRO-1-150x300.png 150w\" sizes=\"(max-width: 500px) 100vw, 500px\" \/><\/h3>\n<h3>Cechy produktu<\/h3>\n<h4><strong>1. Wszechstronne wtyczki \u2013 globalne zastosowanie<\/strong><\/h4>\n<p>Powerbank ChargeMaster PRO 6-w-1 posiada wbudowane wtyczki AC, kt\u00f3re pasuj\u0105 do standard\u00f3w USA, Europy, Australii i innych kraj\u00f3w. Nigdy nie musisz si\u0119 martwi\u0107, \u017ce Twoje urz\u0105dzenie pozostanie niena\u0142adowane, bez wzgl\u0119du na to, gdzie na \u015bwiecie si\u0119 znajdziesz. <\/p>\n<h4><strong>2. Magnetyczne \u0142adowanie bezprzewodowe i uchwyt na telefon<\/strong><\/h4>\n<p>Magnetyczne \u0142adowanie bezprzewodowe przeznaczone dla urz\u0105dze\u0144 z obs\u0142ug\u0105 MagSafe zapewnia wygodne i szybkie \u0142adowanie. Dodatkowo powerbank pe\u0142ni funkcj\u0119 uchwytu na telefon, umo\u017cliwiaj\u0105c ogl\u0105danie bez u\u017cycia r\u0105k podczas \u0142adowania. <\/p>\n<h4><strong>3. Szybkie i wydajne \u0142adowanie<\/strong><\/h4>\n<p>ChargeMaster PRO obs\u0142uguje szybkie \u0142adowanie QC3.0 i PD3.0, co oznacza, \u017ce szybko i sprawnie na\u0142adujesz swoje urz\u0105dzenia. Dodatkowo wspiera \u0142adowanie iWatch oraz bezprzewodowe \u0142adowanie s\u0142uchawek. <\/p>\n<h4><strong>4. Wbudowany kabel i wy\u015bwietlacz LED<\/strong><\/h4>\n<p>Wbudowany kabel sprawia, \u017ce zawsze masz pod r\u0119k\u0105 odpowiednie okablowanie, a wy\u015bwietlacz LED pokazuje dok\u0142adny poziom na\u0142adowania baterii i status \u0142adowania.<\/p>\n<hr>\n<h3><img decoding=\"async\" class=\"alignnone size-full wp-image-27067\" src=\"https:\/\/toidupakk.ee\/wp-content\/uploads\/2024\/09\/Akupank-reisimiseks-ChargeMaster-PRO-2.png\" alt=\"\" width=\"500\" height=\"1000\" srcset=\"https:\/\/toidupakk.ee\/wp-content\/uploads\/2024\/09\/Akupank-reisimiseks-ChargeMaster-PRO-2.png 500w, https:\/\/toidupakk.ee\/wp-content\/uploads\/2024\/09\/Akupank-reisimiseks-ChargeMaster-PRO-2-150x300.png 150w\" sizes=\"(max-width: 500px) 100vw, 500px\" \/><\/h3>\n<h2>Dane techniczne powerbanku ChargeMaster PRO 6-w-1<\/h2>\n<ul>\n<li><strong>Pojemno\u015b\u0107:<\/strong> 15 000 mAh (3.7V 55.5Wh +-5%)<\/li>\n<li><strong>Moce wyj\u015bciowe:<\/strong> USB-A Output QC3.0\/SPC 22.5W; Type-C Output 20W; USB-C Input 18W<\/li>\n<li><strong>\u0141adowanie bezprzewodowe:<\/strong> Magsafe Wireless Output 5W\/7.5W\/10W\/15W.<\/li>\n<li><strong>\u0141adowanie bezprzewodowe Apple Watch:<\/strong> 2W<\/li>\n<li><strong>Porty \u0142adowania:<\/strong> Type-C, USB, wej\u015bcie\/wyj\u015bcie AC<\/li>\n<li><strong>Materia\u0142:<\/strong> ABS + PVC \u2013 trwa\u0142y i lekki<\/li>\n<li><strong>Waga produktu:<\/strong> 280 g<\/li>\n<li><strong>Wymiary produktu<\/strong>: 85x85x33 mm<\/li>\n<li><strong>Wsparcie:<\/strong> PD22.5W, QC3.0, iWatch, MagSafe<\/li>\n<li><strong>Gwarancja:<\/strong> 1 rok<\/li>\n<li><strong>Certyfikaty:<\/strong> CE\/FCC\/RoHS\/MSDS\/UN38.3\/PSE<\/li>\n<\/ul>\n<p><img loading=\"lazy\" decoding=\"async\" class=\"alignnone wp-image-5408\" src=\"https:\/\/toidupakk.ee\/wp-content\/uploads\/2023\/01\/ce-mark.png\" alt=\"Certyfikat CE\" width=\"100\" height=\"100\" srcset=\"https:\/\/toidupakk.ee\/wp-content\/uploads\/2023\/01\/ce-mark.png 200w, https:\/\/toidupakk.ee\/wp-content\/uploads\/2023\/01\/ce-mark-100x100.png 100w\" sizes=\"(max-width: 100px) 100vw, 100px\" \/><\/p>\n<p>Oznakowanie CE to deklaracja producenta, \u017ce produkt spe\u0142nia wymagania odpowiednich dyrektyw Komisji Europejskiej.<\/p>\n<hr>\n<h3>Dlaczego warto wybra\u0107 powerbank ChargeMaster PRO 6-w-1?<\/h3>\n<p><strong>ChargeMaster PRO 6-w-1<\/strong> to najlepszy towarzysz dla ka\u017cdego, kto ceni szybko\u015b\u0107, wygod\u0119 i wszechstronno\u015b\u0107. Jedno urz\u0105dzenie, kt\u00f3re mo\u017ce \u0142adowa\u0107 kilka sprz\u0119t\u00f3w jednocze\u015bnie, zapewniaj\u0105c przy tym funkcjonalno\u015b\u0107 uchwytu na telefon i opcj\u0119 \u0142adowania bezprzewodowego. Niezale\u017cnie od tego, czy jeste\u015b w mie\u015bcie, czy na \u0142onie natury \u2013 ChargeMaster PRO sprawi, \u017ce Twoje urz\u0105dzenia b\u0119d\u0105 zawsze gotowe do pracy.  <\/p>\n<p><iframe title=\"Odtwarzacz wideo YouTube\" src=\"https:\/\/www.youtube.com\/embed\/-_hFZvQnusc\" width=\"560\" height=\"315\" frameborder=\"0\" allowfullscreen=\"allowfullscreen\"><\/iframe><\/p>\n<hr>\n<p>Zobacz wszystkie powerbanki <a href=\"https:\/\/toidupakk.ee\/pl\/tootekategooria\/powerbanki\/\">TUTAJ<\/a><\/p>\n<p>Interesuj\u0105 Ci\u0119 posi\u0142ki turystyczne? Zobacz <a href=\"https:\/\/toidupakk.ee\/pl\/tootekategooria\/dania-glowne\/\">TUTAJ<\/a><\/p>\n<p>Znajd\u017a inspiracj\u0119 na kolejne przygody na <a href=\"https:\/\/www.instagram.com\/toidupakk\/\">Instagramie<\/a> i <a href=\"https:\/\/www.facebook.com\/Toidupakk\/\">Facebooku<\/a> Toidupakk.<\/p>\n","protected":false},"excerpt":{"rendered":"<p><strong>Powerbank ChargeMaster PRO 6-w-1<\/strong> to wygodne rozwi\u0105zanie do szybkiego i komfortowego \u0142adowania urz\u0105dze\u0144 elektronicznych zar\u00f3wno w domu, jak i w podr\u00f3\u017cy. Jest to powerbank o pojemno\u015bci 15 000 mAh, kt\u00f3ry jest jednocze\u015bnie uniwersalnym adapterem do \u0142adowania urz\u0105dze\u0144 w lokalnych gniazdkach w Europie, USA\/Kanadzie, Wielkiej Brytanii oraz Australii. Ten kompaktowy i wszechstronny powerbank \u0142\u0105czy w jednym urz\u0105dzeniu bezprzewodowe \u0142adowanie MagSafe, \u0142adowanie za pomoc\u0105 do\u0142\u0105czonych kabli oraz gniazdo AC. Dzi\u0119ki uniwersalnym wtyczkom i wydajnej baterii 15 000 mAh, ChargeMaster PRO to idealny wyb\u00f3r dla globalnych poszukiwaczy przyg\u00f3d i tych, kt\u00f3rzy ceni\u0105 funkcjonalno\u015b\u0107.   <\/p>\n<ul>\n<li><strong>Pojemno\u015b\u0107:<\/strong> 15 000 mAh \u2013 wystarczy, aby kilkukrotnie na\u0142adowa\u0107 przeci\u0119tny smartfon.<\/li>\n<li><strong>Szybkie \u0142adowanie:<\/strong> Obs\u0142uguje szybkie \u0142adowanie PD22.5W i QC3.0, zapewniaj\u0105c optymaln\u0105 pr\u0119dko\u015b\u0107 \u0142adowania.<\/li>\n<li><strong>\u0141adowanie bezprzewodowe:<\/strong> Magnetyczne \u0142adowanie bezprzewodowe 15W, idealne dla urz\u0105dze\u0144 z obs\u0142ug\u0105 MagSafe.<\/li>\n<li><strong>\u0141adowanie bezprzewodowe dla smartwatchy i s\u0142uchawek:<\/strong> Wsparcie dla \u0142adowania iWatch oraz wybranych s\u0142uchawek bezprzewodowych.<\/li>\n<li><strong>Wbudowana wtyczka AC:<\/strong> Kompaktowe i praktyczne rozwi\u0105zanie pozwalaj\u0105ce na pod\u0142\u0105czenie urz\u0105dzenia bezpo\u015brednio do sieci elektrycznej.<\/li>\n<li><strong>Wy\u015bwietlacz LED:<\/strong> Pokazuje dok\u0142adny poziom na\u0142adowania baterii, dzi\u0119ki czemu zawsze jeste\u015b na bie\u017c\u0105co.<\/li>\n<li><strong>Lekki i kompaktowy:<\/strong> Waga tylko 380 g \u2013 idealny towarzysz w podr\u00f3\u017cy.<\/li>\n<li><strong>Wtyczki do wielu kraj\u00f3w:<\/strong> Nadaje si\u0119 do u\u017cytku ze standardami USA, Europy, Australii i innych region\u00f3w.<\/li>\n<li><strong>Wyb\u00f3r kolor\u00f3w:<\/strong> bia\u0142y i czarny<\/li>\n<\/ul>\n<p>\u2705 Dost\u0119pne w magazynie, szybka dostawa w 1-3 dni robocze<br \/>\n\u2705 Kup teraz, zap\u0142a\u0107 p\u00f3\u017aniej (RRSO 0%)<\/p>\n","protected":false},"featured_media":27059,"comment_status":"open","ping_status":"closed","template":"","meta":{"_acf_changed":false},"product_brand":[],"product_cat":[303,315,360,301],"product_tag":[],"class_list":{"0":"post-50526","1":"product","2":"type-product","3":"status-publish","4":"has-post-thumbnail","6":"product_cat-akcesoria-turystyczne","7":"product_cat-elektronika","8":"product_cat-powerbanki","9":"product_cat-sprzet-turystyczny","11":"first","12":"instock","13":"sale","14":"taxable","15":"shipping-taxable","16":"purchasable","17":"product-type-variable","18":"has-default-attributes"},"bundled_by":[],"bundle_stock_status":"instock","bundle_stock_quantity":null,"bundle_virtual":false,"bundle_layout":"","bundle_add_to_cart_form_location":"","bundle_editable_in_cart":false,"bundle_sold_individually_context":"","bundle_item_grouping":"","bundle_min_size":"","bundle_max_size":"","bundle_price":[],"bundled_items":[],"bundle_sell_ids":[],"acf":[],"yoast_head":"<!-- This site is optimized with the Yoast SEO plugin v27.3 - https:\/\/yoast.com\/product\/yoast-seo-wordpress\/ -->\n<title>Powerbank ChargeMaster PRO 6-w-1<\/title>\n<meta name=\"description\" content=\"Powerbank do \u0142adowania urz\u0105dze\u0144 zar\u00f3wno w domu, jak i w podr\u00f3\u017cy. Powerbank o pojemno\u015bci 15 000 mAh to jednocze\u015bnie uniwersalny adapter do \u0142adowania urz\u0105dze\u0144 w gniazdkach EU\/USA\/UK\/AU\" \/>\n<meta name=\"robots\" content=\"index, follow, max-snippet:-1, max-image-preview:large, max-video-preview:-1\" \/>\n<link rel=\"canonical\" href=\"https:\/\/toidupakk.ee\/pl\/toode\/powerbank-chargemaster-pro-6-w-1\/\" \/>\n<meta property=\"og:locale\" content=\"pl_PL\" \/>\n<meta property=\"og:type\" content=\"article\" \/>\n<meta property=\"og:title\" content=\"Powerbank ChargeMaster PRO 6-w-1\" \/>\n<meta property=\"og:description\" content=\"Powerbank do \u0142adowania urz\u0105dze\u0144 zar\u00f3wno w domu, jak i w podr\u00f3\u017cy. Powerbank o pojemno\u015bci 15 000 mAh to jednocze\u015bnie uniwersalny adapter do \u0142adowania urz\u0105dze\u0144 w gniazdkach EU\/USA\/UK\/AU\" \/>\n<meta property=\"og:url\" content=\"https:\/\/toidupakk.ee\/pl\/toode\/powerbank-chargemaster-pro-6-w-1\/\" \/>\n<meta property=\"og:site_name\" content=\"Toidupakk.ee - Tactical Foodpack toidupakid\" \/>\n<meta property=\"article:publisher\" content=\"https:\/\/www.facebook.com\/Toidupakk\" \/>\n<meta property=\"article:modified_time\" content=\"2026-04-29T13:32:07+00:00\" \/>\n<meta property=\"og:image\" content=\"https:\/\/toidupakk.ee\/wp-content\/uploads\/2024\/09\/Akupank-ChargeMaster-PRO-universaalne-6-in-1-1.png\" \/>\n\t<meta property=\"og:image:width\" content=\"500\" \/>\n\t<meta property=\"og:image:height\" content=\"500\" \/>\n\t<meta property=\"og:image:type\" content=\"image\/png\" \/>\n<meta name=\"twitter:card\" content=\"summary_large_image\" \/>\n<meta name=\"twitter:label1\" content=\"Szacowany czas czytania\" \/>\n\t<meta name=\"twitter:data1\" content=\"2 minuty\" \/>\n<script type=\"application\/ld+json\" class=\"yoast-schema-graph\">{\"@context\":\"https:\\\/\\\/schema.org\",\"@graph\":[{\"@type\":\"WebPage\",\"@id\":\"https:\\\/\\\/toidupakk.ee\\\/pl\\\/toode\\\/powerbank-chargemaster-pro-6-w-1\\\/\",\"url\":\"https:\\\/\\\/toidupakk.ee\\\/pl\\\/toode\\\/powerbank-chargemaster-pro-6-w-1\\\/\",\"name\":\"Powerbank ChargeMaster PRO 6-w-1\",\"isPartOf\":{\"@id\":\"https:\\\/\\\/toidupakk.ee\\\/pl\\\/#website\"},\"primaryImageOfPage\":{\"@id\":\"https:\\\/\\\/toidupakk.ee\\\/pl\\\/toode\\\/powerbank-chargemaster-pro-6-w-1\\\/#primaryimage\"},\"image\":{\"@id\":\"https:\\\/\\\/toidupakk.ee\\\/pl\\\/toode\\\/powerbank-chargemaster-pro-6-w-1\\\/#primaryimage\"},\"thumbnailUrl\":\"https:\\\/\\\/toidupakk.ee\\\/wp-content\\\/uploads\\\/2024\\\/09\\\/Akupank-ChargeMaster-PRO-universaalne-6-in-1-1.png\",\"datePublished\":\"2024-09-17T12:12:12+00:00\",\"dateModified\":\"2026-04-29T13:32:07+00:00\",\"description\":\"Powerbank do \u0142adowania urz\u0105dze\u0144 zar\u00f3wno w domu, jak i w podr\u00f3\u017cy. Powerbank o pojemno\u015bci 15 000 mAh to jednocze\u015bnie uniwersalny adapter do \u0142adowania urz\u0105dze\u0144 w gniazdkach EU\\\/USA\\\/UK\\\/AU\",\"breadcrumb\":{\"@id\":\"https:\\\/\\\/toidupakk.ee\\\/pl\\\/toode\\\/powerbank-chargemaster-pro-6-w-1\\\/#breadcrumb\"},\"inLanguage\":\"pl-PL\",\"potentialAction\":[{\"@type\":\"ReadAction\",\"target\":[\"https:\\\/\\\/toidupakk.ee\\\/pl\\\/toode\\\/powerbank-chargemaster-pro-6-w-1\\\/\"]}]},{\"@type\":\"ImageObject\",\"inLanguage\":\"pl-PL\",\"@id\":\"https:\\\/\\\/toidupakk.ee\\\/pl\\\/toode\\\/powerbank-chargemaster-pro-6-w-1\\\/#primaryimage\",\"url\":\"https:\\\/\\\/toidupakk.ee\\\/wp-content\\\/uploads\\\/2024\\\/09\\\/Akupank-ChargeMaster-PRO-universaalne-6-in-1-1.png\",\"contentUrl\":\"https:\\\/\\\/toidupakk.ee\\\/wp-content\\\/uploads\\\/2024\\\/09\\\/Akupank-ChargeMaster-PRO-universaalne-6-in-1-1.png\",\"width\":500,\"height\":500,\"caption\":\"reisi akupank\"},{\"@type\":\"BreadcrumbList\",\"@id\":\"https:\\\/\\\/toidupakk.ee\\\/pl\\\/toode\\\/powerbank-chargemaster-pro-6-w-1\\\/#breadcrumb\",\"itemListElement\":[{\"@type\":\"ListItem\",\"position\":1,\"name\":\"Avaleht\",\"item\":\"https:\\\/\\\/toidupakk.ee\\\/pl\\\/\"},{\"@type\":\"ListItem\",\"position\":2,\"name\":\"Sklep internetowy\",\"item\":\"https:\\\/\\\/toidupakk.ee\\\/pl\\\/sklep-internetowy\\\/\"},{\"@type\":\"ListItem\",\"position\":3,\"name\":\"Powerbank ChargeMaster PRO 6-w-1\"}]},{\"@type\":\"WebSite\",\"@id\":\"https:\\\/\\\/toidupakk.ee\\\/pl\\\/#website\",\"url\":\"https:\\\/\\\/toidupakk.ee\\\/pl\\\/\",\"name\":\"Toidupakk.ee - Tactical Foodpack toidupakid\",\"description\":\"Tactical Foodpack k\u00fclmkuivatatud toidupakid ja matkaeined\",\"publisher\":{\"@id\":\"https:\\\/\\\/toidupakk.ee\\\/pl\\\/#organization\"},\"potentialAction\":[{\"@type\":\"SearchAction\",\"target\":{\"@type\":\"EntryPoint\",\"urlTemplate\":\"https:\\\/\\\/toidupakk.ee\\\/pl\\\/?s={search_term_string}\"},\"query-input\":{\"@type\":\"PropertyValueSpecification\",\"valueRequired\":true,\"valueName\":\"search_term_string\"}}],\"inLanguage\":\"pl-PL\"},{\"@type\":\"Organization\",\"@id\":\"https:\\\/\\\/toidupakk.ee\\\/pl\\\/#organization\",\"name\":\"Tactical Foodpack matkaeined\",\"url\":\"https:\\\/\\\/toidupakk.ee\\\/pl\\\/\",\"logo\":{\"@type\":\"ImageObject\",\"inLanguage\":\"pl-PL\",\"@id\":\"https:\\\/\\\/toidupakk.ee\\\/pl\\\/#\\\/schema\\\/logo\\\/image\\\/\",\"url\":\"https:\\\/\\\/toidupakk.ee\\\/wp-content\\\/uploads\\\/2022\\\/01\\\/Toidupakk-matkapood-logo-transparent.png\",\"contentUrl\":\"https:\\\/\\\/toidupakk.ee\\\/wp-content\\\/uploads\\\/2022\\\/01\\\/Toidupakk-matkapood-logo-transparent.png\",\"width\":500,\"height\":500,\"caption\":\"Tactical Foodpack matkaeined\"},\"image\":{\"@id\":\"https:\\\/\\\/toidupakk.ee\\\/pl\\\/#\\\/schema\\\/logo\\\/image\\\/\"},\"sameAs\":[\"https:\\\/\\\/www.facebook.com\\\/Toidupakk\",\"https:\\\/\\\/www.instagram.com\\\/toidupakk\\\/\"]}]}<\/script>\n<!-- \/ Yoast SEO plugin. -->","yoast_head_json":{"title":"Powerbank ChargeMaster PRO 6-w-1","description":"Powerbank do \u0142adowania urz\u0105dze\u0144 zar\u00f3wno w domu, jak i w podr\u00f3\u017cy. Powerbank o pojemno\u015bci 15 000 mAh to jednocze\u015bnie uniwersalny adapter do \u0142adowania urz\u0105dze\u0144 w gniazdkach EU\/USA\/UK\/AU","robots":{"index":"index","follow":"follow","max-snippet":"max-snippet:-1","max-image-preview":"max-image-preview:large","max-video-preview":"max-video-preview:-1"},"canonical":"https:\/\/toidupakk.ee\/pl\/toode\/powerbank-chargemaster-pro-6-w-1\/","og_locale":"pl_PL","og_type":"article","og_title":"Powerbank ChargeMaster PRO 6-w-1","og_description":"Powerbank do \u0142adowania urz\u0105dze\u0144 zar\u00f3wno w domu, jak i w podr\u00f3\u017cy. Powerbank o pojemno\u015bci 15 000 mAh to jednocze\u015bnie uniwersalny adapter do \u0142adowania urz\u0105dze\u0144 w gniazdkach EU\/USA\/UK\/AU","og_url":"https:\/\/toidupakk.ee\/pl\/toode\/powerbank-chargemaster-pro-6-w-1\/","og_site_name":"Toidupakk.ee - Tactical Foodpack toidupakid","article_publisher":"https:\/\/www.facebook.com\/Toidupakk","article_modified_time":"2026-04-29T13:32:07+00:00","og_image":[{"width":500,"height":500,"url":"https:\/\/toidupakk.ee\/wp-content\/uploads\/2024\/09\/Akupank-ChargeMaster-PRO-universaalne-6-in-1-1.png","type":"image\/png"}],"twitter_card":"summary_large_image","twitter_misc":{"Szacowany czas czytania":"2 minuty"},"schema":{"@context":"https:\/\/schema.org","@graph":[{"@type":"WebPage","@id":"https:\/\/toidupakk.ee\/pl\/toode\/powerbank-chargemaster-pro-6-w-1\/","url":"https:\/\/toidupakk.ee\/pl\/toode\/powerbank-chargemaster-pro-6-w-1\/","name":"Powerbank ChargeMaster PRO 6-w-1","isPartOf":{"@id":"https:\/\/toidupakk.ee\/pl\/#website"},"primaryImageOfPage":{"@id":"https:\/\/toidupakk.ee\/pl\/toode\/powerbank-chargemaster-pro-6-w-1\/#primaryimage"},"image":{"@id":"https:\/\/toidupakk.ee\/pl\/toode\/powerbank-chargemaster-pro-6-w-1\/#primaryimage"},"thumbnailUrl":"https:\/\/toidupakk.ee\/wp-content\/uploads\/2024\/09\/Akupank-ChargeMaster-PRO-universaalne-6-in-1-1.png","datePublished":"2024-09-17T12:12:12+00:00","dateModified":"2026-04-29T13:32:07+00:00","description":"Powerbank do \u0142adowania urz\u0105dze\u0144 zar\u00f3wno w domu, jak i w podr\u00f3\u017cy. Powerbank o pojemno\u015bci 15 000 mAh to jednocze\u015bnie uniwersalny adapter do \u0142adowania urz\u0105dze\u0144 w gniazdkach EU\/USA\/UK\/AU","breadcrumb":{"@id":"https:\/\/toidupakk.ee\/pl\/toode\/powerbank-chargemaster-pro-6-w-1\/#breadcrumb"},"inLanguage":"pl-PL","potentialAction":[{"@type":"ReadAction","target":["https:\/\/toidupakk.ee\/pl\/toode\/powerbank-chargemaster-pro-6-w-1\/"]}]},{"@type":"ImageObject","inLanguage":"pl-PL","@id":"https:\/\/toidupakk.ee\/pl\/toode\/powerbank-chargemaster-pro-6-w-1\/#primaryimage","url":"https:\/\/toidupakk.ee\/wp-content\/uploads\/2024\/09\/Akupank-ChargeMaster-PRO-universaalne-6-in-1-1.png","contentUrl":"https:\/\/toidupakk.ee\/wp-content\/uploads\/2024\/09\/Akupank-ChargeMaster-PRO-universaalne-6-in-1-1.png","width":500,"height":500,"caption":"reisi akupank"},{"@type":"BreadcrumbList","@id":"https:\/\/toidupakk.ee\/pl\/toode\/powerbank-chargemaster-pro-6-w-1\/#breadcrumb","itemListElement":[{"@type":"ListItem","position":1,"name":"Avaleht","item":"https:\/\/toidupakk.ee\/pl\/"},{"@type":"ListItem","position":2,"name":"Sklep internetowy","item":"https:\/\/toidupakk.ee\/pl\/sklep-internetowy\/"},{"@type":"ListItem","position":3,"name":"Powerbank ChargeMaster PRO 6-w-1"}]},{"@type":"WebSite","@id":"https:\/\/toidupakk.ee\/pl\/#website","url":"https:\/\/toidupakk.ee\/pl\/","name":"Toidupakk.ee - Tactical Foodpack toidupakid","description":"Tactical Foodpack k\u00fclmkuivatatud toidupakid ja matkaeined","publisher":{"@id":"https:\/\/toidupakk.ee\/pl\/#organization"},"potentialAction":[{"@type":"SearchAction","target":{"@type":"EntryPoint","urlTemplate":"https:\/\/toidupakk.ee\/pl\/?s={search_term_string}"},"query-input":{"@type":"PropertyValueSpecification","valueRequired":true,"valueName":"search_term_string"}}],"inLanguage":"pl-PL"},{"@type":"Organization","@id":"https:\/\/toidupakk.ee\/pl\/#organization","name":"Tactical Foodpack matkaeined","url":"https:\/\/toidupakk.ee\/pl\/","logo":{"@type":"ImageObject","inLanguage":"pl-PL","@id":"https:\/\/toidupakk.ee\/pl\/#\/schema\/logo\/image\/","url":"https:\/\/toidupakk.ee\/wp-content\/uploads\/2022\/01\/Toidupakk-matkapood-logo-transparent.png","contentUrl":"https:\/\/toidupakk.ee\/wp-content\/uploads\/2022\/01\/Toidupakk-matkapood-logo-transparent.png","width":500,"height":500,"caption":"Tactical Foodpack matkaeined"},"image":{"@id":"https:\/\/toidupakk.ee\/pl\/#\/schema\/logo\/image\/"},"sameAs":["https:\/\/www.facebook.com\/Toidupakk","https:\/\/www.instagram.com\/toidupakk\/"]}]}},"jetpack_sharing_enabled":true,"_links":{"self":[{"href":"https:\/\/toidupakk.ee\/pl\/wp-json\/wp\/v2\/product\/50526","targetHints":{"allow":["GET"]}}],"collection":[{"href":"https:\/\/toidupakk.ee\/pl\/wp-json\/wp\/v2\/product"}],"about":[{"href":"https:\/\/toidupakk.ee\/pl\/wp-json\/wp\/v2\/types\/product"}],"replies":[{"embeddable":true,"href":"https:\/\/toidupakk.ee\/pl\/wp-json\/wp\/v2\/comments?post=50526"}],"wp:featuredmedia":[{"embeddable":true,"href":"https:\/\/toidupakk.ee\/pl\/wp-json\/wp\/v2\/media\/27059"}],"wp:attachment":[{"href":"https:\/\/toidupakk.ee\/pl\/wp-json\/wp\/v2\/media?parent=50526"}],"wp:term":[{"taxonomy":"product_brand","embeddable":true,"href":"https:\/\/toidupakk.ee\/pl\/wp-json\/wp\/v2\/product_brand?post=50526"},{"taxonomy":"product_cat","embeddable":true,"href":"https:\/\/toidupakk.ee\/pl\/wp-json\/wp\/v2\/product_cat?post=50526"},{"taxonomy":"product_tag","embeddable":true,"href":"https:\/\/toidupakk.ee\/pl\/wp-json\/wp\/v2\/product_tag?post=50526"}],"curies":[{"name":"wp","href":"https:\/\/api.w.org\/{rel}","templated":true}]}}