{"id":50478,"date":"2025-03-21T14:27:14","date_gmt":"2025-03-21T12:27:14","guid":{"rendered":"https:\/\/toidupakk.ee\/toode\/plachta-ratunkowa-bcb\/"},"modified":"2026-04-14T23:01:40","modified_gmt":"2026-04-14T20:01:40","slug":"plachta-ratunkowa-bcb","status":"publish","type":"product","link":"https:\/\/toidupakk.ee\/pl\/toode\/plachta-ratunkowa-bcb\/","title":{"rendered":"P\u0142achta ratunkowa BCB"},"content":{"rendered":"<h2 data-start=\"118\" data-end=\"182\"><strong data-start=\"121\" data-end=\"180\">BCB Vital Emergency Aid Carry Sheet \u2013 p\u0142achta ratunkowa<\/strong><\/h2>\n<p data-start=\"184\" data-end=\"567\"><strong data-start=\"184\" data-end=\"209\">P\u0142achta ratunkowa BCB<\/strong> zosta\u0142a zaprojektowana do szybkiej i bezpiecznej ewakuacji os\u00f3b niechodz\u0105cych z niebezpiecznych miejsc. Ta <strong data-start=\"333\" data-end=\"346\">p\u0142achta<\/strong> to niezb\u0119dny element wyposa\u017cenia s\u0142u\u017cb ratowniczych i zespo\u0142\u00f3w pierwszej pomocy. Zapewnia wytrzyma\u0142e i ergonomiczne rozwi\u0105zanie do transportu poszkodowanych w trudnym terenie. \u015awietnie sprawdzi si\u0119 te\u017c jako uzupe\u0142nienie apteczki na wyprawach i biwakach.  <\/p>\n<p data-start=\"184\" data-end=\"567\"><img fetchpriority=\"high\" decoding=\"async\" class=\"size-medium wp-image-33310 alignnone\" src=\"https:\/\/toidupakk.ee\/wp-content\/uploads\/2025\/03\/Nimetu-kujundus-300x300.png\" alt=\"\u201eP\u0142achta ratunkowa BCB w opakowaniu \u2013 wytrzyma\u0142a i kompaktowa p\u0142achta do ewakuacji os\u00f3b niechodz\u0105cych. Ud\u017awig do 1 000 kg\" width=\"300\" height=\"300\" srcset=\"https:\/\/toidupakk.ee\/wp-content\/uploads\/2025\/03\/Nimetu-kujundus-300x300.png 300w, https:\/\/toidupakk.ee\/wp-content\/uploads\/2025\/03\/Nimetu-kujundus-400x400.png 400w, https:\/\/toidupakk.ee\/wp-content\/uploads\/2025\/03\/Nimetu-kujundus-100x100.png 100w, https:\/\/toidupakk.ee\/wp-content\/uploads\/2025\/03\/Nimetu-kujundus-500x500.png 500w, https:\/\/toidupakk.ee\/wp-content\/uploads\/2025\/03\/Nimetu-kujundus-768x768.png 768w, https:\/\/toidupakk.ee\/wp-content\/uploads\/2025\/03\/Nimetu-kujundus.png 800w\" sizes=\"(max-width: 300px) 100vw, 300px\" \/><\/p>\n<h3 data-start=\"569\" data-end=\"632\"><\/h3>\n<h3 data-start=\"569\" data-end=\"632\"><strong data-start=\"573\" data-end=\"630\">Niezawodna i wytrzyma\u0142a \u2013 gotowa na ka\u017cd\u0105 sytuacj\u0119<\/strong><\/h3>\n<p data-start=\"634\" data-end=\"955\">Wykonana w <strong data-start=\"671\" data-end=\"708\">100% z nylonu ripstop z pow\u0142ok\u0105 PU<\/strong>, co zapewnia doskona\u0142\u0105 odporno\u015b\u0107 na \u015bcieranie, wilgo\u0107 i niszczenie. Materia\u0142 ten wytrzymuje trudne warunki, umo\u017cliwiaj\u0105c bezpieczny i sprawny transport pacjent\u00f3w w wymagaj\u0105cym terenie i ciasnych przestrzeniach. <\/p>\n<p data-start=\"957\" data-end=\"1190\"><strong data-start=\"957\" data-end=\"970\">P\u0142achta<\/strong> jest lekka i sk\u0142ada si\u0119 do kompaktowych rozmiar\u00f3w, dzi\u0119ki czemu \u0142atwo j\u0105 przechowywa\u0107 w apteczkach lub ekwipunku ratowniczym. Po u\u017cyciu wystarczy j\u0105 wyczy\u015bci\u0107, by by\u0142a gotowa do ponownego wykorzystania. <\/p>\n<h3 data-start=\"1192\" data-end=\"1248\"><strong data-start=\"1196\" data-end=\"1246\">Maksymalny ud\u017awig i ergonomiczny design<\/strong><\/h3>\n<p data-start=\"1250\" data-end=\"1533\"><strong data-start=\"1250\" data-end=\"1275\">P\u0142achta ratunkowa BCB<\/strong> wytrzymuje obci\u0105\u017cenie do <strong data-start=\"1298\" data-end=\"1318\">1 000 kg<\/strong>, co pozwala na bezpieczny transport bez ryzyka rozdarcia materia\u0142u. Posiada <strong data-start=\"1399\" data-end=\"1429\">sze\u015b\u0107 wzmocnionych uchwyt\u00f3w<\/strong>, kt\u00f3re r\u00f3wnomiernie rozk\u0142adaj\u0105 ci\u0119\u017car na maksymalnie sze\u015bciu ratownik\u00f3w, czyni\u0105c przenoszenie wygodniejszym i bezpieczniejszym. <\/p>\n<p data-start=\"1535\" data-end=\"1700\"><strong data-start=\"1535\" data-end=\"1548\">P\u0142acht\u0119 <\/strong>mo\u017cna stosowa\u0107 <strong data-start=\"1563\" data-end=\"1590\">zrolowan\u0105 lub z\u0142o\u017con\u0105<\/strong>, co u\u0142atwia u\u0142o\u017cenie pacjenta w ciasnych miejscach, np. pod gruzami lub w pojazdach.<\/p>\n<h3 data-start=\"1702\" data-end=\"1730\"><strong data-start=\"1706\" data-end=\"1728\">Dane techniczne:<\/strong><\/h3>\n<ul>\n<li data-start=\"1732\" data-end=\"1905\"><strong data-start=\"1735\" data-end=\"1746\">Wymiary:<\/strong> 180 \u00d7 70 cm<\/li>\n<li data-start=\"1732\" data-end=\"1905\"><strong data-start=\"1763\" data-end=\"1772\">Waga:<\/strong> 200 g<\/li>\n<li data-start=\"1732\" data-end=\"1905\"><strong data-start=\"1784\" data-end=\"1795\">Kolor:<\/strong> Zielony<\/li>\n<li data-start=\"1732\" data-end=\"1905\"><strong data-start=\"1810\" data-end=\"1823\">Materia\u0142:<\/strong> 100% nylon ripstop z pow\u0142ok\u0105 PU, wzmocnione ta\u015bmy poliamidowe 1&#8243; (2,54 cm)<\/li>\n<\/ul>\n<h3 data-start=\"1907\" data-end=\"1951\"><strong data-start=\"1911\" data-end=\"1949\">Dlaczego warto wybra\u0107 p\u0142acht\u0119 ratunkow\u0105 BCB?<\/strong><\/h3>\n<ul>\n<li data-start=\"1953\" data-end=\"2305\"><strong data-start=\"1955\" data-end=\"1980\">Ekstremalny ud\u017awig<\/strong> \u2013 wytrzymuje obci\u0105\u017cenie do <strong data-start=\"1994\" data-end=\"2014\">1 000 kg<\/strong><\/li>\n<li data-start=\"1953\" data-end=\"2305\"><strong data-start=\"2019\" data-end=\"2045\">Ergonomiczna i bezpieczna<\/strong> \u2013 r\u00f3wnomierne roz\u0142o\u017cenie ci\u0119\u017caru na sze\u015bciu ratownik\u00f3w<\/li>\n<li data-start=\"1953\" data-end=\"2305\"><strong data-start=\"2091\" data-end=\"2115\">Lekka i sk\u0142adana<\/strong> \u2013 wygodna w przenoszeniu i przechowywaniu<\/li>\n<li data-start=\"1953\" data-end=\"2305\"><strong data-start=\"2154\" data-end=\"2184\">Wytrzyma\u0142a i higieniczna<\/strong> \u2013 \u0142atwa w czyszczeniu, odporna na p\u0142yny i zu\u017cycie<\/li>\n<li data-start=\"1953\" data-end=\"2305\"><strong data-start=\"2251\" data-end=\"2303\">Idealna w ratownictwie, medycynie i sytuacjach kryzysowych<\/strong><\/li>\n<\/ul>\n<div class=\"flex max-w-full flex-col flex-grow\">\n<div class=\"min-h-8 text-message relative flex w-full flex-col items-end gap-2 whitespace-normal break-words text-start [.text-message+&amp;]:mt-5\" dir=\"auto\" data-message-author-role=\"assistant\" data-message-id=\"02075420-3566-4552-a7df-a7cffa329e11\" data-message-model-slug=\"gpt-4o\">\n<div class=\"flex w-full flex-col gap-1 empty:hidden first:pt-[3px]\">\n<div class=\"markdown prose w-full break-words dark:prose-invert dark\">\n<p data-start=\"0\" data-end=\"237\" data-is-last-node=\"\" data-is-only-node=\"\">BCB Vital Emergency Aid Carry Sheet to praktyczny i wytrzyma\u0142y sprz\u0119t ratunkowy do szybkiego i bezpiecznego transportu os\u00f3b rannych lub unieruchomionych. Jest idealna nie tylko do akcji ratowniczych i na wyprawy, ale tak\u017ce do domowej apteczki, na imprezy sportowe, festiwale i inne sytuacje, w kt\u00f3rych trzeba kogo\u015b bezpiecznie przenie\u015b\u0107. <\/p>\n<\/div>\n<\/div>\n<\/div>\n<\/div>\n<p>Sprawd\u017a inne akcesoria turystyczne <a href=\"https:\/\/toidupakk.ee\/pl\/tootekategooria\/sprzet-turystyczny\/#section-3-79\">TUTAJ<\/a><\/p>\n<p>Interesuj\u0105 Ci\u0119 posi\u0142ki turystyczne? Zobacz <a href=\"\/?product_cat=snakk#section-3-79\">TUTAJ<\/a><\/p>\n<p>Znajd\u017a inspiracj\u0119 na kolejne przygody na <a href=\"https:\/\/www.instagram.com\/toidupakk\/\">Instagramie<\/a> i <a href=\"https:\/\/www.facebook.com\/Toidupakk\/\">Facebooku<\/a> Toidupakk.<\/p>\n<p data-start=\"1951\" data-end=\"2299\">\n","protected":false},"excerpt":{"rendered":"<p data-start=\"120\" data-end=\"393\"><strong data-start=\"111\" data-end=\"143\">Wytrzyma\u0142a p\u0142achta ratunkowa<\/strong> zaprojektowana do bezpiecznej ewakuacji i transportu os\u00f3b niechodz\u0105cych w trudnych warunkach. <strong data-start=\"260\" data-end=\"273\">P\u0142achta<\/strong> <strong>\/nosze<\/strong> wykonana jest z mocnego nylonu ripstop z pow\u0142ok\u0105 PU, co zapewnia trwa\u0142o\u015b\u0107 oraz ochron\u0119 przed wilgoci\u0105 i \u015bcieraniem.<\/p>\n<ul>\n<li data-start=\"425\" data-end=\"545\"><strong data-start=\"428\" data-end=\"456\">Ud\u017awig do 1 000 kg<\/strong> \u2013 solidna konstrukcja pozwala na bezpieczny transport nawet ci\u0119\u017cszych pacjent\u00f3w.<\/li>\n<li data-start=\"547\" data-end=\"669\"><strong data-start=\"550\" data-end=\"575\">Dla maksymalnie sze\u015bciu os\u00f3b<\/strong> \u2013 ergonomiczny design zapewnia r\u00f3wnomierne roz\u0142o\u017cenie ci\u0119\u017caru, u\u0142atwiaj\u0105c przenoszenie.<\/li>\n<li data-start=\"671\" data-end=\"776\"><strong data-start=\"674\" data-end=\"708\">100% nylon ripstop z pow\u0142ok\u0105 PU<\/strong> \u2013 mocny materia\u0142 chroni przed niszczeniem, \u015bcieraniem i p\u0142ynami.<\/li>\n<li data-start=\"778\" data-end=\"870\"><strong data-start=\"781\" data-end=\"818\">\u0141atwa w czyszczeniu i sk\u0142adaniu<\/strong> \u2013 zajmuje ma\u0142o miejsca i jest szybko gotowa do u\u017cycia.<\/li>\n<li data-start=\"872\" data-end=\"1003\"><strong data-start=\"875\" data-end=\"919\">Idealna do ciasnych przestrzeni<\/strong> \u2013 mo\u017cna j\u0105 zrolowa\u0107 lub z\u0142o\u017cy\u0107, aby u\u0142atwi\u0107 pomoc pacjentowi w ograniczonej przestrzeni.<\/li>\n<\/ul>\n<p>\u2705 Dost\u0119pne w magazynie, szybka dostawa w 1-3 dni robocze<br \/>\n\u2705 Kup teraz, zap\u0142a\u0107 p\u00f3\u017aniej (RRSO 0%)<\/p>\n","protected":false},"featured_media":50479,"comment_status":"open","ping_status":"closed","template":"","meta":{"_acf_changed":false},"product_brand":[],"product_cat":[303,301],"product_tag":[],"class_list":{"0":"post-50478","1":"product","2":"type-product","3":"status-publish","4":"has-post-thumbnail","6":"product_cat-akcesoria-turystyczne","7":"product_cat-sprzet-turystyczny","9":"first","10":"outofstock","11":"taxable","12":"shipping-taxable","13":"purchasable","14":"product-type-simple"},"bundled_by":[],"bundle_stock_status":"outofstock","bundle_stock_quantity":0,"bundle_virtual":false,"bundle_layout":"","bundle_add_to_cart_form_location":"","bundle_editable_in_cart":false,"bundle_sold_individually_context":"","bundle_item_grouping":"","bundle_min_size":"","bundle_max_size":"","bundle_price":[],"bundled_items":[],"bundle_sell_ids":[],"acf":[],"yoast_head":"<!-- This site is optimized with the Yoast SEO plugin v27.3 - https:\/\/yoast.com\/product\/yoast-seo-wordpress\/ -->\n<title>P\u0142achta ratunkowa BCB<\/title>\n<meta name=\"description\" content=\"P\u0142achta ratunkowa BCB jest wytrzyma\u0142a i lekka, o ud\u017awigu do 1 000 kg. Idealna do ewakuacji, dla zespo\u0142\u00f3w ratowniczych i w sytuacjach awaryjnych.\" \/>\n<meta name=\"robots\" content=\"index, follow, max-snippet:-1, max-image-preview:large, max-video-preview:-1\" \/>\n<link rel=\"canonical\" href=\"https:\/\/toidupakk.ee\/pl\/toode\/plachta-ratunkowa-bcb\/\" \/>\n<meta property=\"og:locale\" content=\"pl_PL\" \/>\n<meta property=\"og:type\" content=\"article\" \/>\n<meta property=\"og:title\" content=\"P\u0142achta ratunkowa BCB\" \/>\n<meta property=\"og:description\" content=\"P\u0142achta ratunkowa BCB jest wytrzyma\u0142a i lekka, o ud\u017awigu do 1 000 kg. Idealna do ewakuacji, dla zespo\u0142\u00f3w ratowniczych i w sytuacjach awaryjnych.\" \/>\n<meta property=\"og:url\" content=\"https:\/\/toidupakk.ee\/pl\/toode\/plachta-ratunkowa-bcb\/\" \/>\n<meta property=\"og:site_name\" content=\"Toidupakk.ee - Tactical Foodpack toidupakid\" \/>\n<meta property=\"article:publisher\" content=\"https:\/\/www.facebook.com\/Toidupakk\" \/>\n<meta property=\"article:modified_time\" content=\"2026-04-14T20:01:40+00:00\" \/>\n<meta property=\"og:image\" content=\"https:\/\/toidupakk.ee\/wp-content\/uploads\/2025\/03\/1-4.png\" \/>\n\t<meta property=\"og:image:width\" content=\"800\" \/>\n\t<meta property=\"og:image:height\" content=\"800\" \/>\n\t<meta property=\"og:image:type\" content=\"image\/png\" \/>\n<meta name=\"twitter:card\" content=\"summary_large_image\" \/>\n<meta name=\"twitter:label1\" content=\"Szacowany czas czytania\" \/>\n\t<meta name=\"twitter:data1\" content=\"2 minuty\" \/>\n<script type=\"application\/ld+json\" class=\"yoast-schema-graph\">{\"@context\":\"https:\\\/\\\/schema.org\",\"@graph\":[{\"@type\":\"WebPage\",\"@id\":\"https:\\\/\\\/toidupakk.ee\\\/pl\\\/toode\\\/plachta-ratunkowa-bcb\\\/\",\"url\":\"https:\\\/\\\/toidupakk.ee\\\/pl\\\/toode\\\/plachta-ratunkowa-bcb\\\/\",\"name\":\"P\u0142achta ratunkowa BCB\",\"isPartOf\":{\"@id\":\"https:\\\/\\\/toidupakk.ee\\\/pl\\\/#website\"},\"primaryImageOfPage\":{\"@id\":\"https:\\\/\\\/toidupakk.ee\\\/pl\\\/toode\\\/plachta-ratunkowa-bcb\\\/#primaryimage\"},\"image\":{\"@id\":\"https:\\\/\\\/toidupakk.ee\\\/pl\\\/toode\\\/plachta-ratunkowa-bcb\\\/#primaryimage\"},\"thumbnailUrl\":\"https:\\\/\\\/toidupakk.ee\\\/wp-content\\\/uploads\\\/2025\\\/03\\\/1-4.png\",\"datePublished\":\"2025-03-21T12:27:14+00:00\",\"dateModified\":\"2026-04-14T20:01:40+00:00\",\"description\":\"P\u0142achta ratunkowa BCB jest wytrzyma\u0142a i lekka, o ud\u017awigu do 1 000 kg. Idealna do ewakuacji, dla zespo\u0142\u00f3w ratowniczych i w sytuacjach awaryjnych.\",\"breadcrumb\":{\"@id\":\"https:\\\/\\\/toidupakk.ee\\\/pl\\\/toode\\\/plachta-ratunkowa-bcb\\\/#breadcrumb\"},\"inLanguage\":\"pl-PL\",\"potentialAction\":[{\"@type\":\"ReadAction\",\"target\":[\"https:\\\/\\\/toidupakk.ee\\\/pl\\\/toode\\\/plachta-ratunkowa-bcb\\\/\"]}]},{\"@type\":\"ImageObject\",\"inLanguage\":\"pl-PL\",\"@id\":\"https:\\\/\\\/toidupakk.ee\\\/pl\\\/toode\\\/plachta-ratunkowa-bcb\\\/#primaryimage\",\"url\":\"https:\\\/\\\/toidupakk.ee\\\/wp-content\\\/uploads\\\/2025\\\/03\\\/1-4.png\",\"contentUrl\":\"https:\\\/\\\/toidupakk.ee\\\/wp-content\\\/uploads\\\/2025\\\/03\\\/1-4.png\",\"width\":800,\"height\":800,\"caption\":\"\u201eP\u0142achta ratunkowa BCB \u2013 wytrzyma\u0142e i lekkie rozwi\u0105zanie ewakuacyjne o ud\u017awigu do 1 000 kg. Idealna dla s\u0142u\u017cb ratowniczych\"},{\"@type\":\"BreadcrumbList\",\"@id\":\"https:\\\/\\\/toidupakk.ee\\\/pl\\\/toode\\\/plachta-ratunkowa-bcb\\\/#breadcrumb\",\"itemListElement\":[{\"@type\":\"ListItem\",\"position\":1,\"name\":\"Avaleht\",\"item\":\"https:\\\/\\\/toidupakk.ee\\\/pl\\\/\"},{\"@type\":\"ListItem\",\"position\":2,\"name\":\"Sklep internetowy\",\"item\":\"https:\\\/\\\/toidupakk.ee\\\/pl\\\/sklep-internetowy\\\/\"},{\"@type\":\"ListItem\",\"position\":3,\"name\":\"P\u0142achta ratunkowa BCB\"}]},{\"@type\":\"WebSite\",\"@id\":\"https:\\\/\\\/toidupakk.ee\\\/pl\\\/#website\",\"url\":\"https:\\\/\\\/toidupakk.ee\\\/pl\\\/\",\"name\":\"Toidupakk.ee - Tactical Foodpack toidupakid\",\"description\":\"Tactical Foodpack k\u00fclmkuivatatud toidupakid ja matkaeined\",\"publisher\":{\"@id\":\"https:\\\/\\\/toidupakk.ee\\\/pl\\\/#organization\"},\"potentialAction\":[{\"@type\":\"SearchAction\",\"target\":{\"@type\":\"EntryPoint\",\"urlTemplate\":\"https:\\\/\\\/toidupakk.ee\\\/pl\\\/?s={search_term_string}\"},\"query-input\":{\"@type\":\"PropertyValueSpecification\",\"valueRequired\":true,\"valueName\":\"search_term_string\"}}],\"inLanguage\":\"pl-PL\"},{\"@type\":\"Organization\",\"@id\":\"https:\\\/\\\/toidupakk.ee\\\/pl\\\/#organization\",\"name\":\"Tactical Foodpack matkaeined\",\"url\":\"https:\\\/\\\/toidupakk.ee\\\/pl\\\/\",\"logo\":{\"@type\":\"ImageObject\",\"inLanguage\":\"pl-PL\",\"@id\":\"https:\\\/\\\/toidupakk.ee\\\/pl\\\/#\\\/schema\\\/logo\\\/image\\\/\",\"url\":\"https:\\\/\\\/toidupakk.ee\\\/wp-content\\\/uploads\\\/2022\\\/01\\\/Toidupakk-matkapood-logo-transparent.png\",\"contentUrl\":\"https:\\\/\\\/toidupakk.ee\\\/wp-content\\\/uploads\\\/2022\\\/01\\\/Toidupakk-matkapood-logo-transparent.png\",\"width\":500,\"height\":500,\"caption\":\"Tactical Foodpack matkaeined\"},\"image\":{\"@id\":\"https:\\\/\\\/toidupakk.ee\\\/pl\\\/#\\\/schema\\\/logo\\\/image\\\/\"},\"sameAs\":[\"https:\\\/\\\/www.facebook.com\\\/Toidupakk\",\"https:\\\/\\\/www.instagram.com\\\/toidupakk\\\/\"]}]}<\/script>\n<!-- \/ Yoast SEO plugin. -->","yoast_head_json":{"title":"P\u0142achta ratunkowa BCB","description":"P\u0142achta ratunkowa BCB jest wytrzyma\u0142a i lekka, o ud\u017awigu do 1 000 kg. Idealna do ewakuacji, dla zespo\u0142\u00f3w ratowniczych i w sytuacjach awaryjnych.","robots":{"index":"index","follow":"follow","max-snippet":"max-snippet:-1","max-image-preview":"max-image-preview:large","max-video-preview":"max-video-preview:-1"},"canonical":"https:\/\/toidupakk.ee\/pl\/toode\/plachta-ratunkowa-bcb\/","og_locale":"pl_PL","og_type":"article","og_title":"P\u0142achta ratunkowa BCB","og_description":"P\u0142achta ratunkowa BCB jest wytrzyma\u0142a i lekka, o ud\u017awigu do 1 000 kg. Idealna do ewakuacji, dla zespo\u0142\u00f3w ratowniczych i w sytuacjach awaryjnych.","og_url":"https:\/\/toidupakk.ee\/pl\/toode\/plachta-ratunkowa-bcb\/","og_site_name":"Toidupakk.ee - Tactical Foodpack toidupakid","article_publisher":"https:\/\/www.facebook.com\/Toidupakk","article_modified_time":"2026-04-14T20:01:40+00:00","og_image":[{"width":800,"height":800,"url":"https:\/\/toidupakk.ee\/wp-content\/uploads\/2025\/03\/1-4.png","type":"image\/png"}],"twitter_card":"summary_large_image","twitter_misc":{"Szacowany czas czytania":"2 minuty"},"schema":{"@context":"https:\/\/schema.org","@graph":[{"@type":"WebPage","@id":"https:\/\/toidupakk.ee\/pl\/toode\/plachta-ratunkowa-bcb\/","url":"https:\/\/toidupakk.ee\/pl\/toode\/plachta-ratunkowa-bcb\/","name":"P\u0142achta ratunkowa BCB","isPartOf":{"@id":"https:\/\/toidupakk.ee\/pl\/#website"},"primaryImageOfPage":{"@id":"https:\/\/toidupakk.ee\/pl\/toode\/plachta-ratunkowa-bcb\/#primaryimage"},"image":{"@id":"https:\/\/toidupakk.ee\/pl\/toode\/plachta-ratunkowa-bcb\/#primaryimage"},"thumbnailUrl":"https:\/\/toidupakk.ee\/wp-content\/uploads\/2025\/03\/1-4.png","datePublished":"2025-03-21T12:27:14+00:00","dateModified":"2026-04-14T20:01:40+00:00","description":"P\u0142achta ratunkowa BCB jest wytrzyma\u0142a i lekka, o ud\u017awigu do 1 000 kg. Idealna do ewakuacji, dla zespo\u0142\u00f3w ratowniczych i w sytuacjach awaryjnych.","breadcrumb":{"@id":"https:\/\/toidupakk.ee\/pl\/toode\/plachta-ratunkowa-bcb\/#breadcrumb"},"inLanguage":"pl-PL","potentialAction":[{"@type":"ReadAction","target":["https:\/\/toidupakk.ee\/pl\/toode\/plachta-ratunkowa-bcb\/"]}]},{"@type":"ImageObject","inLanguage":"pl-PL","@id":"https:\/\/toidupakk.ee\/pl\/toode\/plachta-ratunkowa-bcb\/#primaryimage","url":"https:\/\/toidupakk.ee\/wp-content\/uploads\/2025\/03\/1-4.png","contentUrl":"https:\/\/toidupakk.ee\/wp-content\/uploads\/2025\/03\/1-4.png","width":800,"height":800,"caption":"\u201eP\u0142achta ratunkowa BCB \u2013 wytrzyma\u0142e i lekkie rozwi\u0105zanie ewakuacyjne o ud\u017awigu do 1 000 kg. Idealna dla s\u0142u\u017cb ratowniczych"},{"@type":"BreadcrumbList","@id":"https:\/\/toidupakk.ee\/pl\/toode\/plachta-ratunkowa-bcb\/#breadcrumb","itemListElement":[{"@type":"ListItem","position":1,"name":"Avaleht","item":"https:\/\/toidupakk.ee\/pl\/"},{"@type":"ListItem","position":2,"name":"Sklep internetowy","item":"https:\/\/toidupakk.ee\/pl\/sklep-internetowy\/"},{"@type":"ListItem","position":3,"name":"P\u0142achta ratunkowa BCB"}]},{"@type":"WebSite","@id":"https:\/\/toidupakk.ee\/pl\/#website","url":"https:\/\/toidupakk.ee\/pl\/","name":"Toidupakk.ee - Tactical Foodpack toidupakid","description":"Tactical Foodpack k\u00fclmkuivatatud toidupakid ja matkaeined","publisher":{"@id":"https:\/\/toidupakk.ee\/pl\/#organization"},"potentialAction":[{"@type":"SearchAction","target":{"@type":"EntryPoint","urlTemplate":"https:\/\/toidupakk.ee\/pl\/?s={search_term_string}"},"query-input":{"@type":"PropertyValueSpecification","valueRequired":true,"valueName":"search_term_string"}}],"inLanguage":"pl-PL"},{"@type":"Organization","@id":"https:\/\/toidupakk.ee\/pl\/#organization","name":"Tactical Foodpack matkaeined","url":"https:\/\/toidupakk.ee\/pl\/","logo":{"@type":"ImageObject","inLanguage":"pl-PL","@id":"https:\/\/toidupakk.ee\/pl\/#\/schema\/logo\/image\/","url":"https:\/\/toidupakk.ee\/wp-content\/uploads\/2022\/01\/Toidupakk-matkapood-logo-transparent.png","contentUrl":"https:\/\/toidupakk.ee\/wp-content\/uploads\/2022\/01\/Toidupakk-matkapood-logo-transparent.png","width":500,"height":500,"caption":"Tactical Foodpack matkaeined"},"image":{"@id":"https:\/\/toidupakk.ee\/pl\/#\/schema\/logo\/image\/"},"sameAs":["https:\/\/www.facebook.com\/Toidupakk","https:\/\/www.instagram.com\/toidupakk\/"]}]}},"jetpack_sharing_enabled":true,"_links":{"self":[{"href":"https:\/\/toidupakk.ee\/pl\/wp-json\/wp\/v2\/product\/50478","targetHints":{"allow":["GET"]}}],"collection":[{"href":"https:\/\/toidupakk.ee\/pl\/wp-json\/wp\/v2\/product"}],"about":[{"href":"https:\/\/toidupakk.ee\/pl\/wp-json\/wp\/v2\/types\/product"}],"replies":[{"embeddable":true,"href":"https:\/\/toidupakk.ee\/pl\/wp-json\/wp\/v2\/comments?post=50478"}],"wp:featuredmedia":[{"embeddable":true,"href":"https:\/\/toidupakk.ee\/pl\/wp-json\/wp\/v2\/media\/50479"}],"wp:attachment":[{"href":"https:\/\/toidupakk.ee\/pl\/wp-json\/wp\/v2\/media?parent=50478"}],"wp:term":[{"taxonomy":"product_brand","embeddable":true,"href":"https:\/\/toidupakk.ee\/pl\/wp-json\/wp\/v2\/product_brand?post=50478"},{"taxonomy":"product_cat","embeddable":true,"href":"https:\/\/toidupakk.ee\/pl\/wp-json\/wp\/v2\/product_cat?post=50478"},{"taxonomy":"product_tag","embeddable":true,"href":"https:\/\/toidupakk.ee\/pl\/wp-json\/wp\/v2\/product_tag?post=50478"}],"curies":[{"name":"wp","href":"https:\/\/api.w.org\/{rel}","templated":true}]}}