{"id":50456,"date":"2025-03-20T11:41:38","date_gmt":"2025-03-20T09:41:38","guid":{"rendered":"https:\/\/toidupakk.ee\/toode\/ogrzewacz-do-rak-i-powerbank-10-000-mah-2-w-1-sandberg\/"},"modified":"2026-04-15T12:00:43","modified_gmt":"2026-04-15T09:00:43","slug":"ogrzewacz-do-rak-i-powerbank-10-000-mah-2-w-1-sandberg","status":"publish","type":"product","link":"https:\/\/toidupakk.ee\/pl\/toode\/ogrzewacz-do-rak-i-powerbank-10-000-mah-2-w-1-sandberg\/","title":{"rendered":"Ogrzewacz do r\u0105k i powerbank 10 000 mAh 2-w-1 Sandberg\u00ae"},"content":{"rendered":"<h3 data-start=\"125\" data-end=\"192\">Ogrzewacz do r\u0105k i powerbank Sandberg\u00ae Hand Warmer Powerbank 10000<\/h3>\n<p data-start=\"194\" data-end=\"644\">Ogrzewacz do r\u0105k i powerbank 10 000 mAh to wielofunkcyjne i praktyczne urz\u0105dzenie, kt\u00f3re ogrzeje Twoje d\u0142onie i zapewni zapas energii w dowolnym momencie. Idealny dla w\u0119drowc\u00f3w, kamper\u00f3w, mi\u0142o\u015bnik\u00f3w sport\u00f3w zimowych i ka\u017cdego, kto sp\u0119dza czas na mrozie. Poza funkcj\u0105 ogrzewania s\u0142u\u017cy jako wydajny powerbank 10 000 mAh, kt\u00f3rym na\u0142adujesz swoje urz\u0105dzenia mobilne w podr\u00f3\u017cy.  <\/p>\n<p data-start=\"646\" data-end=\"975\">Dzi\u0119ki kompaktowej i ergonomicznej konstrukcji mie\u015bci si\u0119 wygodnie w d\u0142oni lub kieszeni, a wysokiej jako\u015bci materia\u0142y gwarantuj\u0105 trwa\u0142o\u015b\u0107 nawet w ekstremalnych warunkach pogodowych. Czy to zimowa w\u0119dr\u00f3wka, wyjazd na narty, czy codzienne poruszanie si\u0119 na mrozie \u2013 Sandberg Hand Warmer Powerbank 10000 to Tw\u00f3j niezawodny towarzysz. <\/p>\n<p data-start=\"646\" data-end=\"975\"><img fetchpriority=\"high\" decoding=\"async\" class=\"wp-image-33305 size-medium alignnone\" src=\"https:\/\/toidupakk.ee\/wp-content\/uploads\/2025\/03\/1-4-300x300.jpg\" alt=\"Wodoodporny ogrzewacz do r\u0105k i powerbank Sandberg Hand Warmer Powerbank 10000 z ochron\u0105 IPX5.\" width=\"300\" height=\"300\" srcset=\"https:\/\/toidupakk.ee\/wp-content\/uploads\/2025\/03\/1-4-300x300.jpg 300w, https:\/\/toidupakk.ee\/wp-content\/uploads\/2025\/03\/1-4-400x400.jpg 400w, https:\/\/toidupakk.ee\/wp-content\/uploads\/2025\/03\/1-4-100x100.jpg 100w, https:\/\/toidupakk.ee\/wp-content\/uploads\/2025\/03\/1-4-500x500.jpg 500w, https:\/\/toidupakk.ee\/wp-content\/uploads\/2025\/03\/1-4-768x768.jpg 768w, https:\/\/toidupakk.ee\/wp-content\/uploads\/2025\/03\/1-4.jpg 800w\" sizes=\"(max-width: 300px) 100vw, 300px\" \/><\/p>\n<h3 data-start=\"982\" data-end=\"1050\"><strong data-start=\"986\" data-end=\"1048\">Funkcja grzania \u2013 komfort nawet w najmro\u017aniejsze dni<\/strong><\/h3>\n<p data-start=\"1052\" data-end=\"1500\">Sandberg\u00ae Hand Warmer Powerbank 10000 zapewnia szybkie i r\u00f3wnomierne ciep\u0142o, chroni\u0105c Twoje d\u0142onie w najtrudniejszych warunkach. Urz\u0105dzenie oferuje cztery tryby grzania (35\u201355\u00b0C), pozwalaj\u0105c dobra\u0107 temperatur\u0119 do pogody. W pe\u0142ni na\u0142adowany mo\u017ce pracowa\u0107 do 24 godzin w najni\u017cszym trybie, zapewniaj\u0105c d\u0142ugotrwa\u0142e ciep\u0142o zim\u0105.  <\/p>\n<h3 data-start=\"1507\" data-end=\"1573\"><strong data-start=\"1511\" data-end=\"1571\">Mocna i trwa\u0142a bateria \u2013 \u0142aduj urz\u0105dzenia w ruchu<\/strong><\/h3>\n<p data-start=\"1575\" data-end=\"1972\">Ten ogrzewacz i powerbank posiada wbudowan\u0105 bateri\u0119 o pojemno\u015bci 10 000 mAh, kt\u00f3ra pozwala na\u0142adowa\u0107 smartfony, s\u0142uchawki i inne urz\u0105dzenia USB. Dzi\u0119ki technologii szybkiego \u0142adowania b\u0142yskawicznie przywr\u00f3cisz sprz\u0119t do pracy. <strong data-start=\"1816\" data-end=\"1846\">Wyj\u015bcia USB-C i USB-A<\/strong> zapewniaj\u0105 szerok\u0105 kompatybilno\u015b\u0107. <strong data-start=\"1893\" data-end=\"1903\">Uwaga<\/strong>: funkcje <strong data-start=\"1905\" data-end=\"1935\">ogrzewacza i powerbanku<\/strong> nie dzia\u0142aj\u0105 jednocze\u015bnie. <\/p>\n<h3 data-start=\"1979\" data-end=\"2053\">Bezpieczna i wytrzyma\u0142a konstrukcja \u2013 jako\u015b\u0107, na kt\u00f3rej mo\u017cesz polega\u0107<\/h3>\n<p data-start=\"2055\" data-end=\"2528\">Sandberg\u00ae Hand Warmer Powerbank 10000 jest wykonany z wysokiej jako\u015bci materia\u0142\u00f3w i posiada klas\u0119 wodoodporno\u015bci IPX5, co chroni go przed wilgoci\u0105 i zachlapaniem. Ochrona przed przegrzaniem i inteligentna regulacja temperatury zapewniaj\u0105 bezpiecze\u0144stwo nawet przy d\u0142ugim u\u017cytkowaniu. Dodatkowo urz\u0105dzenie posiada wska\u017anik LED poziomu baterii i latark\u0119 1 W, co czyni go jeszcze praktyczniejszym podczas przyg\u00f3d.  <\/p>\n<p data-start=\"2055\" data-end=\"2528\"><img decoding=\"async\" class=\"alignnone wp-image-33283 size-medium\" src=\"https:\/\/toidupakk.ee\/wp-content\/uploads\/2025\/03\/2-1-1-300x300.jpg\" alt=\"Ogrzewacz do r\u0105k i powerbank Sandberg Hand Warmer Powerbank 10000, wbudowana latarka LED.\" width=\"300\" height=\"300\" srcset=\"https:\/\/toidupakk.ee\/wp-content\/uploads\/2025\/03\/2-1-1-300x300.jpg 300w, https:\/\/toidupakk.ee\/wp-content\/uploads\/2025\/03\/2-1-1-400x400.jpg 400w, https:\/\/toidupakk.ee\/wp-content\/uploads\/2025\/03\/2-1-1-100x100.jpg 100w, https:\/\/toidupakk.ee\/wp-content\/uploads\/2025\/03\/2-1-1-500x500.jpg 500w, https:\/\/toidupakk.ee\/wp-content\/uploads\/2025\/03\/2-1-1-768x768.jpg 768w, https:\/\/toidupakk.ee\/wp-content\/uploads\/2025\/03\/2-1-1.jpg 800w\" sizes=\"(max-width: 300px) 100vw, 300px\" \/><\/p>\n<h3 data-start=\"2301\" data-end=\"2328\"><strong data-start=\"2305\" data-end=\"2326\">Dane techniczne \u2013 ogrzewacz do r\u0105k i powerbank w jednym<\/strong><\/h3>\n<ul data-start=\"2330\" data-end=\"2816\">\n<li data-start=\"2330\" data-end=\"2371\"><strong data-start=\"2332\" data-end=\"2349\">Pojemno\u015b\u0107 baterii<\/strong>: 10 000 mAh (37 Wh)<\/li>\n<li data-start=\"2372\" data-end=\"2401\"><strong data-start=\"2374\" data-end=\"2386\">Typ baterii<\/strong>: litowo-polimerowa<\/li>\n<li data-start=\"2402\" data-end=\"2441\"><strong data-start=\"2404\" data-end=\"2417\">Wyj\u015bcia<\/strong>: 1 \u00d7 USB-C, 1 \u00d7 USB-A<\/li>\n<li data-start=\"2442\" data-end=\"2471\"><strong data-start=\"2444\" data-end=\"2454\">Wej\u015bcie<\/strong>: USB-C (5 V \/ 2 A)<\/li>\n<li data-start=\"2472\" data-end=\"2502\"><strong data-start=\"2474\" data-end=\"2485\">Wyj\u015bcie<\/strong>: USB-A (5 V \/ 2 A)<\/li>\n<li data-start=\"2503\" data-end=\"2573\"><strong data-start=\"2505\" data-end=\"2524\">Wodoodporno\u015b\u0107 IPX5<\/strong> \u2013 odporny na r\u00f3\u017cne warunki pogodowe<\/li>\n<li data-start=\"2574\" data-end=\"2633\"><strong data-start=\"2576\" data-end=\"2598\">4 tryby grzania<\/strong> (35\u201355\u00b0C), do 24 godzin ciep\u0142a<\/li>\n<li data-start=\"2634\" data-end=\"2666\"><strong data-start=\"2636\" data-end=\"2664\">Wska\u017anik poziomu baterii LED<\/strong><\/li>\n<li data-start=\"2667\" data-end=\"2703\"><strong data-start=\"2669\" data-end=\"2701\">Wbudowana latarka (1 W)<\/strong><\/li>\n<li data-start=\"2704\" data-end=\"2743\"><strong data-start=\"2706\" data-end=\"2724\">Temperatura pracy<\/strong>: od -10\u00b0C do 60\u00b0C<\/li>\n<li data-start=\"2744\" data-end=\"2816\"><strong data-start=\"2746\" data-end=\"2756\">Uwaga<\/strong>: Funkcje powerbanku i ogrzewacza nie dzia\u0142aj\u0105 jednocze\u015bnie<\/li>\n<\/ul>\n<p data-start=\"2823\" data-end=\"2862\">Zobacz <strong data-start=\"2829\" data-end=\"2850\">wszystkie powerbanki<\/strong> <a href=\"https:\/\/toidupakk.ee\/pl\/tootekategooria\/powerbanki\/\">TUTAJ<\/a><\/p>\n<p data-start=\"2864\" data-end=\"2916\">Interesuje Ci\u0119 <strong data-start=\"2879\" data-end=\"2897\">jedzenie turystyczne<\/strong>? Zobacz <a href=\"https:\/\/toidupakk.ee\/pl\/tootekategooria\/dania-glowne\/\">TUTAJ<\/a> <\/p>\n<p data-start=\"2918\" data-end=\"3008\">Znajd\u017a inspiracj\u0119 na kolejn\u0105 przygod\u0119 na <strong data-start=\"2960\" data-end=\"2986\"><a href=\"https:\/\/www.instagram.com\/toidupakk\/\">Instagramie<\/a> i <a href=\"https:\/\/www.facebook.com\/Toidupakk\/\">Facebooku<\/a> Toidupakk.<\/strong><\/p>\n","protected":false},"excerpt":{"rendered":"<p data-pm-slice=\"1 1 []\"><strong data-start=\"165\" data-end=\"221\">Kompaktowy i mocny akumulatorowy ogrzewacz do r\u0105k i powerbank<\/strong> <strong data-start=\"222\" data-end=\"236\">10 000 mAh<\/strong> \u2013 ogrzeje Twoje d\u0142onie i na\u0142aduje urz\u0105dzenia w ka\u017cdej sytuacji. <strong>Wielofunkcyjny ogrzewacz i powerbank<\/strong> to idealne rozwi\u0105zanie na w\u0119dr\u00f3wki, sporty zimowe i codzienne u\u017cytkowanie w mrozie. Dzi\u0119ki <strong data-start=\"452\" data-end=\"506\">ergonomicznej konstrukcji i wytrzyma\u0142ej baterii<\/strong> mo\u017cesz cieszy\u0107 si\u0119 ciep\u0142em i energi\u0105 przez d\u0142ugi czas. <\/p>\n<ul>\n<li><strong data-start=\"100\" data-end=\"125\">Cztery tryby grzania<\/strong>: Wyb\u00f3r temperatury 35\u201355\u00b0C, zapewniaj\u0105cy ciep\u0142o do 24 godzin.<\/li>\n<li><strong data-start=\"192\" data-end=\"217\">Mocna bateria 10 000 mAh<\/strong>: \u0141aduje smartfony, s\u0142uchawki i inne urz\u0105dzenia USB.<\/li>\n<li><strong data-start=\"276\" data-end=\"304\">Wyj\u015bcia USB-C i USB-A<\/strong>: Szybkie i wygodne \u0142adowanie r\u00f3\u017cnych urz\u0105dze\u0144.<\/li>\n<li><strong data-start=\"367\" data-end=\"386\">Wodoodporno\u015b\u0107 IPX5<\/strong>: Odporny na deszcz i wilgo\u0107, idealny na wyprawy i do u\u017cytku zim\u0105.<\/li>\n<li><strong data-start=\"473\" data-end=\"500\">Wbudowana latarka<\/strong>: \u015awiat\u0142o LED 1 W do nawigacji w p\u00f3\u0142mroku.<\/li>\n<li><strong data-start=\"559\" data-end=\"581\">Lekki i kompaktowy<\/strong>: Mie\u015bci si\u0119 wygodnie w kieszeni lub plecaku, \u0142atwy do przenoszenia.<\/li>\n<li><strong data-start=\"649\" data-end=\"676\">Bezpieczny i trwa\u0142y<\/strong>: Ochrona przed przegrzaniem i inteligentna regulacja temperatury.<\/li>\n<li><strong>Zgodny z wymogami baga\u017cu podr\u0119cznego linii lotniczych<\/strong>: bezpieczny i dozwolony w podr\u00f3\u017cy.<\/li>\n<li><strong data-start=\"748\" data-end=\"762\">W zestawie<\/strong>: 1\u00d7 Sandberg Hand Warmer Powerbank 10000, 1\u00d7 kabel \u0142aduj\u0105cy USB-C, 1\u00d7 instrukcja obs\u0142ugi.<\/li>\n<li><strong data-start=\"853\" data-end=\"887\">5 lat gwarancji producenta<\/strong><\/li>\n<\/ul>\n<p>\u2705 Obecnie w przedsprzeda\u017cy, nowa partia dotrze w ci\u0105gu 1-2 tygodni<br \/>\n\u2705 Kup teraz, zap\u0142a\u0107 p\u00f3\u017aniej (RRSO 0%)<\/p>\n","protected":false},"featured_media":50457,"comment_status":"open","ping_status":"closed","template":"","meta":{"_acf_changed":false},"product_brand":[],"product_cat":[303,315,341,325,360,311,326,301],"product_tag":[],"class_list":{"0":"post-50456","1":"product","2":"type-product","3":"status-publish","4":"has-post-thumbnail","6":"product_cat-akcesoria-turystyczne","7":"product_cat-elektronika","8":"product_cat-latarki","9":"product_cat-ogrzewacze-do-ciala","10":"product_cat-powerbanki","11":"product_cat-praktyczne-pomysly-na-prezent","12":"product_cat-produkty-zimowe","13":"product_cat-sprzet-turystyczny","15":"first","16":"instock","17":"sale","18":"taxable","19":"shipping-taxable","20":"purchasable","21":"product-type-simple"},"bundled_by":[],"bundle_stock_status":"instock","bundle_stock_quantity":2,"bundle_virtual":false,"bundle_layout":"","bundle_add_to_cart_form_location":"","bundle_editable_in_cart":false,"bundle_sold_individually_context":"","bundle_item_grouping":"","bundle_min_size":"","bundle_max_size":"","bundle_price":[],"bundled_items":[],"bundle_sell_ids":[],"acf":[],"yoast_head":"<!-- This site is optimized with the Yoast SEO plugin v27.3 - https:\/\/yoast.com\/product\/yoast-seo-wordpress\/ -->\n<title>Ogrzewacz do r\u0105k i powerbank 10 000 mAh 2-w-1 Sandberg\u00ae -<\/title>\n<meta name=\"description\" content=\"Ogrzewacz do r\u0105k i powerbank 10 000 mAh \u2013 ogrzewa d\u0142onie i \u0142aduje urz\u0105dzenia. 4 tryby grzania, szybkie \u0142adowanie USB-C i wodoodporno\u015b\u0107 IPX5.\" \/>\n<meta name=\"robots\" content=\"index, follow, max-snippet:-1, max-image-preview:large, max-video-preview:-1\" \/>\n<link rel=\"canonical\" href=\"https:\/\/toidupakk.ee\/pl\/toode\/ogrzewacz-do-rak-i-powerbank-10-000-mah-2-w-1-sandberg\/\" \/>\n<meta property=\"og:locale\" content=\"pl_PL\" \/>\n<meta property=\"og:type\" content=\"article\" \/>\n<meta property=\"og:title\" content=\"Ogrzewacz do r\u0105k i powerbank 10 000 mAh 2-w-1 Sandberg\u00ae -\" \/>\n<meta property=\"og:description\" content=\"Ogrzewacz do r\u0105k i powerbank 10 000 mAh \u2013 ogrzewa d\u0142onie i \u0142aduje urz\u0105dzenia. 4 tryby grzania, szybkie \u0142adowanie USB-C i wodoodporno\u015b\u0107 IPX5.\" \/>\n<meta property=\"og:url\" content=\"https:\/\/toidupakk.ee\/pl\/toode\/ogrzewacz-do-rak-i-powerbank-10-000-mah-2-w-1-sandberg\/\" \/>\n<meta property=\"og:site_name\" content=\"Toidupakk.ee - Tactical Foodpack toidupakid\" \/>\n<meta property=\"article:publisher\" content=\"https:\/\/www.facebook.com\/Toidupakk\" \/>\n<meta property=\"article:modified_time\" content=\"2026-04-15T09:00:43+00:00\" \/>\n<meta property=\"og:image\" content=\"https:\/\/toidupakk.ee\/wp-content\/uploads\/2025\/03\/1-2.png\" \/>\n\t<meta property=\"og:image:width\" content=\"800\" \/>\n\t<meta property=\"og:image:height\" content=\"800\" \/>\n\t<meta property=\"og:image:type\" content=\"image\/png\" \/>\n<meta name=\"twitter:card\" content=\"summary_large_image\" \/>\n<meta name=\"twitter:label1\" content=\"Szacowany czas czytania\" \/>\n\t<meta name=\"twitter:data1\" content=\"2 minuty\" \/>\n<script type=\"application\/ld+json\" class=\"yoast-schema-graph\">{\"@context\":\"https:\\\/\\\/schema.org\",\"@graph\":[{\"@type\":\"WebPage\",\"@id\":\"https:\\\/\\\/toidupakk.ee\\\/pl\\\/toode\\\/ogrzewacz-do-rak-i-powerbank-10-000-mah-2-w-1-sandberg\\\/\",\"url\":\"https:\\\/\\\/toidupakk.ee\\\/pl\\\/toode\\\/ogrzewacz-do-rak-i-powerbank-10-000-mah-2-w-1-sandberg\\\/\",\"name\":\"Ogrzewacz do r\u0105k i powerbank 10 000 mAh 2-w-1 Sandberg\u00ae -\",\"isPartOf\":{\"@id\":\"https:\\\/\\\/toidupakk.ee\\\/pl\\\/#website\"},\"primaryImageOfPage\":{\"@id\":\"https:\\\/\\\/toidupakk.ee\\\/pl\\\/toode\\\/ogrzewacz-do-rak-i-powerbank-10-000-mah-2-w-1-sandberg\\\/#primaryimage\"},\"image\":{\"@id\":\"https:\\\/\\\/toidupakk.ee\\\/pl\\\/toode\\\/ogrzewacz-do-rak-i-powerbank-10-000-mah-2-w-1-sandberg\\\/#primaryimage\"},\"thumbnailUrl\":\"https:\\\/\\\/toidupakk.ee\\\/wp-content\\\/uploads\\\/2025\\\/03\\\/1-2.png\",\"datePublished\":\"2025-03-20T09:41:38+00:00\",\"dateModified\":\"2026-04-15T09:00:43+00:00\",\"description\":\"Ogrzewacz do r\u0105k i powerbank 10 000 mAh \u2013 ogrzewa d\u0142onie i \u0142aduje urz\u0105dzenia. 4 tryby grzania, szybkie \u0142adowanie USB-C i wodoodporno\u015b\u0107 IPX5.\",\"breadcrumb\":{\"@id\":\"https:\\\/\\\/toidupakk.ee\\\/pl\\\/toode\\\/ogrzewacz-do-rak-i-powerbank-10-000-mah-2-w-1-sandberg\\\/#breadcrumb\"},\"inLanguage\":\"pl-PL\",\"potentialAction\":[{\"@type\":\"ReadAction\",\"target\":[\"https:\\\/\\\/toidupakk.ee\\\/pl\\\/toode\\\/ogrzewacz-do-rak-i-powerbank-10-000-mah-2-w-1-sandberg\\\/\"]}]},{\"@type\":\"ImageObject\",\"inLanguage\":\"pl-PL\",\"@id\":\"https:\\\/\\\/toidupakk.ee\\\/pl\\\/toode\\\/ogrzewacz-do-rak-i-powerbank-10-000-mah-2-w-1-sandberg\\\/#primaryimage\",\"url\":\"https:\\\/\\\/toidupakk.ee\\\/wp-content\\\/uploads\\\/2025\\\/03\\\/1-2.png\",\"contentUrl\":\"https:\\\/\\\/toidupakk.ee\\\/wp-content\\\/uploads\\\/2025\\\/03\\\/1-2.png\",\"width\":800,\"height\":800},{\"@type\":\"BreadcrumbList\",\"@id\":\"https:\\\/\\\/toidupakk.ee\\\/pl\\\/toode\\\/ogrzewacz-do-rak-i-powerbank-10-000-mah-2-w-1-sandberg\\\/#breadcrumb\",\"itemListElement\":[{\"@type\":\"ListItem\",\"position\":1,\"name\":\"Avaleht\",\"item\":\"https:\\\/\\\/toidupakk.ee\\\/pl\\\/\"},{\"@type\":\"ListItem\",\"position\":2,\"name\":\"Sklep internetowy\",\"item\":\"https:\\\/\\\/toidupakk.ee\\\/pl\\\/sklep-internetowy\\\/\"},{\"@type\":\"ListItem\",\"position\":3,\"name\":\"Ogrzewacz do r\u0105k i powerbank 10 000 mAh 2-w-1 Sandberg\u00ae\"}]},{\"@type\":\"WebSite\",\"@id\":\"https:\\\/\\\/toidupakk.ee\\\/pl\\\/#website\",\"url\":\"https:\\\/\\\/toidupakk.ee\\\/pl\\\/\",\"name\":\"Toidupakk.ee - Tactical Foodpack toidupakid\",\"description\":\"Tactical Foodpack k\u00fclmkuivatatud toidupakid ja matkaeined\",\"publisher\":{\"@id\":\"https:\\\/\\\/toidupakk.ee\\\/pl\\\/#organization\"},\"potentialAction\":[{\"@type\":\"SearchAction\",\"target\":{\"@type\":\"EntryPoint\",\"urlTemplate\":\"https:\\\/\\\/toidupakk.ee\\\/pl\\\/?s={search_term_string}\"},\"query-input\":{\"@type\":\"PropertyValueSpecification\",\"valueRequired\":true,\"valueName\":\"search_term_string\"}}],\"inLanguage\":\"pl-PL\"},{\"@type\":\"Organization\",\"@id\":\"https:\\\/\\\/toidupakk.ee\\\/pl\\\/#organization\",\"name\":\"Tactical Foodpack matkaeined\",\"url\":\"https:\\\/\\\/toidupakk.ee\\\/pl\\\/\",\"logo\":{\"@type\":\"ImageObject\",\"inLanguage\":\"pl-PL\",\"@id\":\"https:\\\/\\\/toidupakk.ee\\\/pl\\\/#\\\/schema\\\/logo\\\/image\\\/\",\"url\":\"https:\\\/\\\/toidupakk.ee\\\/wp-content\\\/uploads\\\/2022\\\/01\\\/Toidupakk-matkapood-logo-transparent.png\",\"contentUrl\":\"https:\\\/\\\/toidupakk.ee\\\/wp-content\\\/uploads\\\/2022\\\/01\\\/Toidupakk-matkapood-logo-transparent.png\",\"width\":500,\"height\":500,\"caption\":\"Tactical Foodpack matkaeined\"},\"image\":{\"@id\":\"https:\\\/\\\/toidupakk.ee\\\/pl\\\/#\\\/schema\\\/logo\\\/image\\\/\"},\"sameAs\":[\"https:\\\/\\\/www.facebook.com\\\/Toidupakk\",\"https:\\\/\\\/www.instagram.com\\\/toidupakk\\\/\"]}]}<\/script>\n<!-- \/ Yoast SEO plugin. -->","yoast_head_json":{"title":"Ogrzewacz do r\u0105k i powerbank 10 000 mAh 2-w-1 Sandberg\u00ae -","description":"Ogrzewacz do r\u0105k i powerbank 10 000 mAh \u2013 ogrzewa d\u0142onie i \u0142aduje urz\u0105dzenia. 4 tryby grzania, szybkie \u0142adowanie USB-C i wodoodporno\u015b\u0107 IPX5.","robots":{"index":"index","follow":"follow","max-snippet":"max-snippet:-1","max-image-preview":"max-image-preview:large","max-video-preview":"max-video-preview:-1"},"canonical":"https:\/\/toidupakk.ee\/pl\/toode\/ogrzewacz-do-rak-i-powerbank-10-000-mah-2-w-1-sandberg\/","og_locale":"pl_PL","og_type":"article","og_title":"Ogrzewacz do r\u0105k i powerbank 10 000 mAh 2-w-1 Sandberg\u00ae -","og_description":"Ogrzewacz do r\u0105k i powerbank 10 000 mAh \u2013 ogrzewa d\u0142onie i \u0142aduje urz\u0105dzenia. 4 tryby grzania, szybkie \u0142adowanie USB-C i wodoodporno\u015b\u0107 IPX5.","og_url":"https:\/\/toidupakk.ee\/pl\/toode\/ogrzewacz-do-rak-i-powerbank-10-000-mah-2-w-1-sandberg\/","og_site_name":"Toidupakk.ee - Tactical Foodpack toidupakid","article_publisher":"https:\/\/www.facebook.com\/Toidupakk","article_modified_time":"2026-04-15T09:00:43+00:00","og_image":[{"width":800,"height":800,"url":"https:\/\/toidupakk.ee\/wp-content\/uploads\/2025\/03\/1-2.png","type":"image\/png"}],"twitter_card":"summary_large_image","twitter_misc":{"Szacowany czas czytania":"2 minuty"},"schema":{"@context":"https:\/\/schema.org","@graph":[{"@type":"WebPage","@id":"https:\/\/toidupakk.ee\/pl\/toode\/ogrzewacz-do-rak-i-powerbank-10-000-mah-2-w-1-sandberg\/","url":"https:\/\/toidupakk.ee\/pl\/toode\/ogrzewacz-do-rak-i-powerbank-10-000-mah-2-w-1-sandberg\/","name":"Ogrzewacz do r\u0105k i powerbank 10 000 mAh 2-w-1 Sandberg\u00ae -","isPartOf":{"@id":"https:\/\/toidupakk.ee\/pl\/#website"},"primaryImageOfPage":{"@id":"https:\/\/toidupakk.ee\/pl\/toode\/ogrzewacz-do-rak-i-powerbank-10-000-mah-2-w-1-sandberg\/#primaryimage"},"image":{"@id":"https:\/\/toidupakk.ee\/pl\/toode\/ogrzewacz-do-rak-i-powerbank-10-000-mah-2-w-1-sandberg\/#primaryimage"},"thumbnailUrl":"https:\/\/toidupakk.ee\/wp-content\/uploads\/2025\/03\/1-2.png","datePublished":"2025-03-20T09:41:38+00:00","dateModified":"2026-04-15T09:00:43+00:00","description":"Ogrzewacz do r\u0105k i powerbank 10 000 mAh \u2013 ogrzewa d\u0142onie i \u0142aduje urz\u0105dzenia. 4 tryby grzania, szybkie \u0142adowanie USB-C i wodoodporno\u015b\u0107 IPX5.","breadcrumb":{"@id":"https:\/\/toidupakk.ee\/pl\/toode\/ogrzewacz-do-rak-i-powerbank-10-000-mah-2-w-1-sandberg\/#breadcrumb"},"inLanguage":"pl-PL","potentialAction":[{"@type":"ReadAction","target":["https:\/\/toidupakk.ee\/pl\/toode\/ogrzewacz-do-rak-i-powerbank-10-000-mah-2-w-1-sandberg\/"]}]},{"@type":"ImageObject","inLanguage":"pl-PL","@id":"https:\/\/toidupakk.ee\/pl\/toode\/ogrzewacz-do-rak-i-powerbank-10-000-mah-2-w-1-sandberg\/#primaryimage","url":"https:\/\/toidupakk.ee\/wp-content\/uploads\/2025\/03\/1-2.png","contentUrl":"https:\/\/toidupakk.ee\/wp-content\/uploads\/2025\/03\/1-2.png","width":800,"height":800},{"@type":"BreadcrumbList","@id":"https:\/\/toidupakk.ee\/pl\/toode\/ogrzewacz-do-rak-i-powerbank-10-000-mah-2-w-1-sandberg\/#breadcrumb","itemListElement":[{"@type":"ListItem","position":1,"name":"Avaleht","item":"https:\/\/toidupakk.ee\/pl\/"},{"@type":"ListItem","position":2,"name":"Sklep internetowy","item":"https:\/\/toidupakk.ee\/pl\/sklep-internetowy\/"},{"@type":"ListItem","position":3,"name":"Ogrzewacz do r\u0105k i powerbank 10 000 mAh 2-w-1 Sandberg\u00ae"}]},{"@type":"WebSite","@id":"https:\/\/toidupakk.ee\/pl\/#website","url":"https:\/\/toidupakk.ee\/pl\/","name":"Toidupakk.ee - Tactical Foodpack toidupakid","description":"Tactical Foodpack k\u00fclmkuivatatud toidupakid ja matkaeined","publisher":{"@id":"https:\/\/toidupakk.ee\/pl\/#organization"},"potentialAction":[{"@type":"SearchAction","target":{"@type":"EntryPoint","urlTemplate":"https:\/\/toidupakk.ee\/pl\/?s={search_term_string}"},"query-input":{"@type":"PropertyValueSpecification","valueRequired":true,"valueName":"search_term_string"}}],"inLanguage":"pl-PL"},{"@type":"Organization","@id":"https:\/\/toidupakk.ee\/pl\/#organization","name":"Tactical Foodpack matkaeined","url":"https:\/\/toidupakk.ee\/pl\/","logo":{"@type":"ImageObject","inLanguage":"pl-PL","@id":"https:\/\/toidupakk.ee\/pl\/#\/schema\/logo\/image\/","url":"https:\/\/toidupakk.ee\/wp-content\/uploads\/2022\/01\/Toidupakk-matkapood-logo-transparent.png","contentUrl":"https:\/\/toidupakk.ee\/wp-content\/uploads\/2022\/01\/Toidupakk-matkapood-logo-transparent.png","width":500,"height":500,"caption":"Tactical Foodpack matkaeined"},"image":{"@id":"https:\/\/toidupakk.ee\/pl\/#\/schema\/logo\/image\/"},"sameAs":["https:\/\/www.facebook.com\/Toidupakk","https:\/\/www.instagram.com\/toidupakk\/"]}]}},"jetpack_sharing_enabled":true,"_links":{"self":[{"href":"https:\/\/toidupakk.ee\/pl\/wp-json\/wp\/v2\/product\/50456","targetHints":{"allow":["GET"]}}],"collection":[{"href":"https:\/\/toidupakk.ee\/pl\/wp-json\/wp\/v2\/product"}],"about":[{"href":"https:\/\/toidupakk.ee\/pl\/wp-json\/wp\/v2\/types\/product"}],"replies":[{"embeddable":true,"href":"https:\/\/toidupakk.ee\/pl\/wp-json\/wp\/v2\/comments?post=50456"}],"wp:featuredmedia":[{"embeddable":true,"href":"https:\/\/toidupakk.ee\/pl\/wp-json\/wp\/v2\/media\/50457"}],"wp:attachment":[{"href":"https:\/\/toidupakk.ee\/pl\/wp-json\/wp\/v2\/media?parent=50456"}],"wp:term":[{"taxonomy":"product_brand","embeddable":true,"href":"https:\/\/toidupakk.ee\/pl\/wp-json\/wp\/v2\/product_brand?post=50456"},{"taxonomy":"product_cat","embeddable":true,"href":"https:\/\/toidupakk.ee\/pl\/wp-json\/wp\/v2\/product_cat?post=50456"},{"taxonomy":"product_tag","embeddable":true,"href":"https:\/\/toidupakk.ee\/pl\/wp-json\/wp\/v2\/product_tag?post=50456"}],"curies":[{"name":"wp","href":"https:\/\/api.w.org\/{rel}","templated":true}]}}