{"id":50403,"date":"2024-09-25T13:13:03","date_gmt":"2024-09-25T10:13:03","guid":{"rendered":"https:\/\/toidupakk.ee\/toode\/powerbank-30-000-mah-silicon-power\/"},"modified":"2026-04-20T11:31:47","modified_gmt":"2026-04-20T08:31:47","slug":"powerbank-30-000-mah-silicon-power","status":"publish","type":"product","link":"https:\/\/toidupakk.ee\/pl\/toode\/powerbank-30-000-mah-silicon-power\/","title":{"rendered":"Powerbank 30 000 mAh Silicon Power"},"content":{"rendered":"<p><img fetchpriority=\"high\" decoding=\"async\" class=\"alignnone wp-image-27223 size-full\" src=\"https:\/\/toidupakk.ee\/wp-content\/uploads\/2024\/09\/QX55_F001.jpg\" alt=\"Powerbank 30000\" width=\"1080\" height=\"665\" srcset=\"https:\/\/toidupakk.ee\/wp-content\/uploads\/2024\/09\/QX55_F001.jpg 1080w, https:\/\/toidupakk.ee\/wp-content\/uploads\/2024\/09\/QX55_F001-800x493.jpg 800w, https:\/\/toidupakk.ee\/wp-content\/uploads\/2024\/09\/QX55_F001-300x185.jpg 300w, https:\/\/toidupakk.ee\/wp-content\/uploads\/2024\/09\/QX55_F001-1024x631.jpg 1024w, https:\/\/toidupakk.ee\/wp-content\/uploads\/2024\/09\/QX55_F001-768x473.jpg 768w\" sizes=\"(max-width: 1080px) 100vw, 1080px\" \/><\/p>\n<p style=\"text-align: left;\"><strong>Powerbank 30 000 mAh Silicon Power \u2013 potr\u00f3jne rozwi\u0105zanie szybkiego \u0142adowania<\/strong><br \/>\nPowerbank 30 000 mAh Silicon Power to doskona\u0142e rozwi\u0105zanie do szybkiego \u0142adowania, obs\u0142uguj\u0105ce trzy r\u00f3\u017cne systemy o wysokiej pr\u0119dko\u015bci. \u0141aduj do 2,5 raza szybciej dzi\u0119ki 18W Power Delivery (PD) przez port USB-C lub QC3.0 i 22,5W Super Charge (dla modeli Huawei) przez port USB-A. Niezale\u017cnie od systemu, ten powerbank zawsze utrzyma baterie Twoich urz\u0105dze\u0144 w zielonej strefie.  <\/p>\n<p><img decoding=\"async\" class=\"alignnone wp-image-27224 size-full\" src=\"https:\/\/toidupakk.ee\/wp-content\/uploads\/2024\/09\/QX55_Feature2.jpg\" alt=\"Powerbank 30 000 mAh Silicon Power\" width=\"1080\" height=\"665\" srcset=\"https:\/\/toidupakk.ee\/wp-content\/uploads\/2024\/09\/QX55_Feature2.jpg 1080w, https:\/\/toidupakk.ee\/wp-content\/uploads\/2024\/09\/QX55_Feature2-800x493.jpg 800w, https:\/\/toidupakk.ee\/wp-content\/uploads\/2024\/09\/QX55_Feature2-300x185.jpg 300w, https:\/\/toidupakk.ee\/wp-content\/uploads\/2024\/09\/QX55_Feature2-1024x631.jpg 1024w, https:\/\/toidupakk.ee\/wp-content\/uploads\/2024\/09\/QX55_Feature2-768x473.jpg 768w\" sizes=\"(max-width: 1080px) 100vw, 1080px\" \/><\/p>\n<p><strong>Nie tylko szybki, ale i wygodny<\/strong><br \/>\nJe\u015bli mowa o ogniwach, powerbank 30 000 mAh Silicon Power wyposa\u017cono w zupe\u0142nie now\u0105 bateri\u0119 superlitow\u0105. Dzi\u0119ki temu, bez wzgl\u0119du na wybran\u0105 pojemno\u015b\u0107, powerbank jest lekki i \u0142atwy do wrzucenia do torby, nie stanowi\u0105c zb\u0119dnego obci\u0105\u017cenia. <\/p>\n<p><img decoding=\"async\" class=\"alignnone wp-image-27225 size-full\" src=\"https:\/\/toidupakk.ee\/wp-content\/uploads\/2024\/09\/QX55_F3.jpg\" alt=\"pot\u0119\u017cny powerbank\" width=\"1080\" height=\"665\" srcset=\"https:\/\/toidupakk.ee\/wp-content\/uploads\/2024\/09\/QX55_F3.jpg 1080w, https:\/\/toidupakk.ee\/wp-content\/uploads\/2024\/09\/QX55_F3-800x493.jpg 800w, https:\/\/toidupakk.ee\/wp-content\/uploads\/2024\/09\/QX55_F3-300x185.jpg 300w, https:\/\/toidupakk.ee\/wp-content\/uploads\/2024\/09\/QX55_F3-1024x631.jpg 1024w, https:\/\/toidupakk.ee\/wp-content\/uploads\/2024\/09\/QX55_F3-768x473.jpg 768w\" sizes=\"(max-width: 1080px) 100vw, 1080px\" \/><\/p>\n<p><strong>\u0141aduj wszystko naraz dzi\u0119ki 4 wyj\u015bciom<\/strong><br \/>\nWykorzystaj maksymalnie sw\u00f3j czas, \u0142aduj\u0105c do 4 urz\u0105dze\u0144 jednocze\u015bnie. Pod\u0142\u0105czaj sprz\u0119ty w r\u00f3\u017cnych kombinacjach, korzystaj\u0105c z 3 port\u00f3w USB-A i 1 portu USB-C, aby wszystko by\u0142o gotowe do pracy. Dzi\u0119ki wielu wyj\u015bciom ten powerbank szybko stanie si\u0119 Twoim ulubionym przeno\u015bnym \u017ar\u00f3d\u0142em energii. Mo\u017cesz nawet wykaza\u0107 si\u0119 uprzejmo\u015bci\u0105 i udost\u0119pni\u0107 port znajomemu.   <\/p>\n<p><img loading=\"lazy\" decoding=\"async\" class=\"alignnone size-full wp-image-27226\" src=\"https:\/\/toidupakk.ee\/wp-content\/uploads\/2024\/09\/QX55_Feature4.jpg\" alt=\"\" width=\"1080\" height=\"665\" srcset=\"https:\/\/toidupakk.ee\/wp-content\/uploads\/2024\/09\/QX55_Feature4.jpg 1080w, https:\/\/toidupakk.ee\/wp-content\/uploads\/2024\/09\/QX55_Feature4-800x493.jpg 800w, https:\/\/toidupakk.ee\/wp-content\/uploads\/2024\/09\/QX55_Feature4-300x185.jpg 300w, https:\/\/toidupakk.ee\/wp-content\/uploads\/2024\/09\/QX55_Feature4-1024x631.jpg 1024w, https:\/\/toidupakk.ee\/wp-content\/uploads\/2024\/09\/QX55_Feature4-768x473.jpg 768w\" sizes=\"(max-width: 1080px) 100vw, 1080px\" \/><\/p>\n<p><strong>Potr\u00f3jna moc wej\u015bciowa<\/strong><br \/>\nDla maksymalnej wygody powerbank wyposa\u017cono w trzy r\u00f3\u017cne wej\u015bcia \u2013 USB-C, Lightning oraz Micro-USB. Wej\u015bcie USB-C idealnie pasuje do rosn\u0105cej liczby urz\u0105dze\u0144 mobilnych, a przy u\u017cyciu odpowiedniego adaptera zapewnia szybkie \u0142adowanie samego powerbanku. Wej\u015bcie Lightning to idealne rozwi\u0105zanie dla u\u017cytkownik\u00f3w Apple, oferuj\u0105ce wygodn\u0105 opcj\u0119 zasilania.  <\/p>\n<p><img loading=\"lazy\" decoding=\"async\" class=\"alignnone size-full wp-image-27227\" src=\"https:\/\/toidupakk.ee\/wp-content\/uploads\/2024\/09\/QX55_smartSENSE.jpg\" alt=\"\" width=\"1080\" height=\"800\" srcset=\"https:\/\/toidupakk.ee\/wp-content\/uploads\/2024\/09\/QX55_smartSENSE.jpg 1080w, https:\/\/toidupakk.ee\/wp-content\/uploads\/2024\/09\/QX55_smartSENSE-800x593.jpg 800w, https:\/\/toidupakk.ee\/wp-content\/uploads\/2024\/09\/QX55_smartSENSE-300x222.jpg 300w, https:\/\/toidupakk.ee\/wp-content\/uploads\/2024\/09\/QX55_smartSENSE-1024x759.jpg 1024w, https:\/\/toidupakk.ee\/wp-content\/uploads\/2024\/09\/QX55_smartSENSE-768x569.jpg 768w\" sizes=\"(max-width: 1080px) 100vw, 1080px\" \/><\/p>\n<div class=\"flex-shrink-0 flex flex-col relative items-end\">\n<div>\n<div class=\"pt-0\">\n<div class=\"gizmo-bot-avatar flex h-8 w-8 items-center justify-center overflow-hidden rounded-full\">\n<div class=\"relative p-1 rounded-sm flex items-center justify-center bg-token-main-surface-primary text-token-text-primary h-8 w-8\"><\/div>\n<\/div>\n<\/div>\n<\/div>\n<\/div>\n<div class=\"group\/conversation-turn relative flex w-full min-w-0 flex-col agent-turn\">\n<div class=\"flex-col gap-1 md:gap-3\">\n<div class=\"flex max-w-full flex-col flex-grow\">\n<div class=\"min-h-8 text-message flex w-full flex-col items-end gap-2 whitespace-normal break-words [.text-message+&amp;]:mt-5\" dir=\"auto\" data-message-author-role=\"assistant\" data-message-id=\"f64baa41-5f1b-4d2a-a0a0-cf379291abd6\">\n<div class=\"flex w-full flex-col gap-1 empty:hidden first:pt-[3px]\">\n<div class=\"markdown prose w-full break-words dark:prose-invert light\">\n<p><strong>Bezpieczne i maksymalne \u0142adowanie z technologiami SP<\/strong><br \/>\n<strong>smartSENSE:<\/strong> intuicyjna i uniwersalna technologia \u0142adowania, kt\u00f3ra maksymalizuje pr\u0119dko\u015b\u0107 i automatycznie dopasowuje si\u0119 do niemal ka\u017cdego urz\u0105dzenia. Zapewnia szybkie i wydajne \u0142adowanie bez wzgl\u0119du na to, z czego korzystasz. <\/p>\n<hr>\n<hr>\n<p>Zobacz wszystkie powerbanki <a href=\"https:\/\/toidupakk.ee\/pl\/tootekategooria\/powerbanki\/\">TUTAJ<\/a><\/p>\n<p>Interesuj\u0105 Ci\u0119 posi\u0142ki turystyczne? Zobacz <a href=\"https:\/\/toidupakk.ee\/pl\/tootekategooria\/dania-glowne\/\">TUTAJ<\/a><\/p>\n<p>Znajd\u017a inspiracj\u0119 na kolejne przygody na <a href=\"https:\/\/www.instagram.com\/toidupakk\/\">Instagramie<\/a> i <a href=\"https:\/\/www.facebook.com\/Toidupakk\/\">Facebooku<\/a> Toidupakk.<\/p>\n<\/div>\n<\/div>\n<\/div>\n<\/div>\n<\/div>\n<\/div>\n","protected":false},"excerpt":{"rendered":"<ul>\n<li><strong>Pot\u0119\u017cna bateria:<\/strong> pojemno\u015b\u0107 30 000 mAh pozwala na 6-9 pe\u0142nych cykli \u0142adowania niemal ka\u017cdego smartfona.<\/li>\n<li><strong>Szybkie \u0142adowanie:<\/strong> \u0142aduj do 2,5 raza szybciej dzi\u0119ki trzem r\u00f3\u017cnym systemom szybkiego \u0142adowania:\n<ul>\n<li>Port USB-C obs\u0142uguje 18W Power Delivery (PD)<\/li>\n<li>Port USB-A obs\u0142uguje QC3.0 i 22,5W Super Charge (dla modeli Huawei)<br \/>\n*Aby korzysta\u0107 z szybkiego \u0142adowania, do powerbanku mo\u017ce by\u0107 pod\u0142\u0105czone tylko jedno urz\u0105dzenie naraz.<\/li>\n<\/ul>\n<\/li>\n<li><strong>Obs\u0142ugiwane urz\u0105dzenia:<\/strong>\n<ul>\n<li>PD jest kompatybilne z urz\u0105dzeniami Android oraz iOS<\/li>\n<li>QC3.0 obs\u0142uguje tylko urz\u0105dzenia z systemem Android (z wyj\u0105tkiem niekt\u00f3rych modeli Huawei i OPPO).<\/li>\n<\/ul>\n<\/li>\n<li><strong>Wyj\u015bcia:<\/strong> 4 wyj\u015bcia (3x USB-A i 1x USB-C), kt\u00f3re umo\u017cliwiaj\u0105 \u0142adowanie do 4 urz\u0105dze\u0144 jednocze\u015bnie.<\/li>\n<li><strong>Z\u0142\u0105cza wej\u015bciowe:<\/strong> powerbank posiada trzy r\u00f3\u017cne wej\u015bcia (Micro-USB, USB-C i Lightning), zapewniaj\u0105c u\u017cytkownikom maksymaln\u0105 wygod\u0119.<\/li>\n<li><strong>Kompaktowy design:<\/strong> nowa bateria superlitowa o wysokiej g\u0119sto\u015bci jest mniejsza i l\u017cejsza, czyni\u0105c powerbank wyj\u0105tkowo mobilnym rozwi\u0105zaniem.<\/li>\n<li><strong>Szybkie \u0142adowanie wej\u015bciowe:<\/strong> przez z\u0142\u0105cze USB-C mo\u017cliwe jest szybkie \u0142adowanie samego powerbanku, co skraca czas oczekiwania. *Wymagany zasilacz z obs\u0142ug\u0105 PD. <\/li>\n<li><strong>Ekran LED i przycisk funkcyjny:<\/strong> po naci\u015bni\u0119ciu przycisku cyfrowy wy\u015bwietlacz LED pokazuje dok\u0142adny procent na\u0142adowania. Przycisk s\u0142u\u017cy r\u00f3wnie\u017c jako funkcja \u201ebudzenia\u201d dla urz\u0105dze\u0144 Apple iPhone i iPad. <\/li>\n<li><strong>Kabel:<\/strong> w zestawie znajduje si\u0119 1 kabel USB-A do USB-C.<\/li>\n<li><strong>Technologia bezpiecze\u0144stwa smartSHIELD:<\/strong> wielofunkcyjny system ochrony, w tym ochrona przed wysokim napi\u0119ciem wej\u015bciowym i wyj\u015bciowym, ochrona pr\u0105dowa, przeciwzwarciowa, przed prze\u0142adowaniem urz\u0105dzenia, przed \u0142adowaniem wstecznym oraz ochrona ogniotrwa\u0142a.<\/li>\n<li><strong>Gwarancja:<\/strong> 2 lata gwarancji producenta na produkt.<\/li>\n<\/ul>\n<p>\u2705 Dost\u0119pne w magazynie, szybka dostawa w 1-3 dni robocze<br \/>\n\u2705 Kup teraz, zap\u0142a\u0107 p\u00f3\u017aniej (RRSO 0%)<\/p>\n","protected":false},"featured_media":50404,"comment_status":"open","ping_status":"closed","template":"","meta":{"_acf_changed":false},"product_brand":[],"product_cat":[303,360,311,301],"product_tag":[],"class_list":{"0":"post-50403","1":"product","2":"type-product","3":"status-publish","4":"has-post-thumbnail","6":"product_cat-akcesoria-turystyczne","7":"product_cat-powerbanki","8":"product_cat-praktyczne-pomysly-na-prezent","9":"product_cat-sprzet-turystyczny","11":"first","12":"outofstock","13":"taxable","14":"shipping-taxable","15":"purchasable","16":"product-type-simple"},"bundled_by":[],"bundle_stock_status":"outofstock","bundle_stock_quantity":0,"bundle_virtual":false,"bundle_layout":"","bundle_add_to_cart_form_location":"","bundle_editable_in_cart":false,"bundle_sold_individually_context":"","bundle_item_grouping":"","bundle_min_size":"","bundle_max_size":"","bundle_price":[],"bundled_items":[],"bundle_sell_ids":[],"acf":[],"yoast_head":"<!-- This site is optimized with the Yoast SEO plugin v27.3 - https:\/\/yoast.com\/product\/yoast-seo-wordpress\/ -->\n<title>Powerbank 30 000 mAh Silicon Power<\/title>\n<meta name=\"description\" content=\"Powerbank 30 000 mAh Silicon Power z szybkim \u0142adowaniem 22,5W Super Charge. \u0141aduj do 4 urz\u0105dze\u0144 jednocze\u015bnie. 6-9 pe\u0142nych cykli \u0142adowania dla niemal wszystkich smartfon\u00f3w\" \/>\n<meta name=\"robots\" content=\"index, follow, max-snippet:-1, max-image-preview:large, max-video-preview:-1\" \/>\n<link rel=\"canonical\" href=\"https:\/\/toidupakk.ee\/pl\/toode\/powerbank-30-000-mah-silicon-power\/\" \/>\n<meta property=\"og:locale\" content=\"pl_PL\" \/>\n<meta property=\"og:type\" content=\"article\" \/>\n<meta property=\"og:title\" content=\"Powerbank 30 000 mAh Silicon Power\" \/>\n<meta property=\"og:description\" content=\"Powerbank 30 000 mAh Silicon Power z szybkim \u0142adowaniem 22,5W Super Charge. \u0141aduj do 4 urz\u0105dze\u0144 jednocze\u015bnie. 6-9 pe\u0142nych cykli \u0142adowania dla niemal wszystkich smartfon\u00f3w\" \/>\n<meta property=\"og:url\" content=\"https:\/\/toidupakk.ee\/pl\/toode\/powerbank-30-000-mah-silicon-power\/\" \/>\n<meta property=\"og:site_name\" content=\"Toidupakk.ee - Tactical Foodpack toidupakid\" \/>\n<meta property=\"article:publisher\" content=\"https:\/\/www.facebook.com\/Toidupakk\" \/>\n<meta property=\"article:modified_time\" content=\"2026-04-20T08:31:47+00:00\" \/>\n<meta property=\"og:image\" content=\"https:\/\/toidupakk.ee\/wp-content\/uploads\/2024\/09\/Akupank-30-000-mAh-Silicon-Power-1.png\" \/>\n\t<meta property=\"og:image:width\" content=\"800\" \/>\n\t<meta property=\"og:image:height\" content=\"800\" \/>\n\t<meta property=\"og:image:type\" content=\"image\/png\" \/>\n<meta name=\"twitter:card\" content=\"summary_large_image\" \/>\n<meta name=\"twitter:label1\" content=\"Szacowany czas czytania\" \/>\n\t<meta name=\"twitter:data1\" content=\"2 minuty\" \/>\n<script type=\"application\/ld+json\" class=\"yoast-schema-graph\">{\"@context\":\"https:\\\/\\\/schema.org\",\"@graph\":[{\"@type\":\"WebPage\",\"@id\":\"https:\\\/\\\/toidupakk.ee\\\/pl\\\/toode\\\/powerbank-30-000-mah-silicon-power\\\/\",\"url\":\"https:\\\/\\\/toidupakk.ee\\\/pl\\\/toode\\\/powerbank-30-000-mah-silicon-power\\\/\",\"name\":\"Powerbank 30 000 mAh Silicon Power\",\"isPartOf\":{\"@id\":\"https:\\\/\\\/toidupakk.ee\\\/pl\\\/#website\"},\"primaryImageOfPage\":{\"@id\":\"https:\\\/\\\/toidupakk.ee\\\/pl\\\/toode\\\/powerbank-30-000-mah-silicon-power\\\/#primaryimage\"},\"image\":{\"@id\":\"https:\\\/\\\/toidupakk.ee\\\/pl\\\/toode\\\/powerbank-30-000-mah-silicon-power\\\/#primaryimage\"},\"thumbnailUrl\":\"https:\\\/\\\/toidupakk.ee\\\/wp-content\\\/uploads\\\/2024\\\/09\\\/Akupank-30-000-mAh-Silicon-Power-1.png\",\"datePublished\":\"2024-09-25T10:13:03+00:00\",\"dateModified\":\"2026-04-20T08:31:47+00:00\",\"description\":\"Powerbank 30 000 mAh Silicon Power z szybkim \u0142adowaniem 22,5W Super Charge. \u0141aduj do 4 urz\u0105dze\u0144 jednocze\u015bnie. 6-9 pe\u0142nych cykli \u0142adowania dla niemal wszystkich smartfon\u00f3w\",\"breadcrumb\":{\"@id\":\"https:\\\/\\\/toidupakk.ee\\\/pl\\\/toode\\\/powerbank-30-000-mah-silicon-power\\\/#breadcrumb\"},\"inLanguage\":\"pl-PL\",\"potentialAction\":[{\"@type\":\"ReadAction\",\"target\":[\"https:\\\/\\\/toidupakk.ee\\\/pl\\\/toode\\\/powerbank-30-000-mah-silicon-power\\\/\"]}]},{\"@type\":\"ImageObject\",\"inLanguage\":\"pl-PL\",\"@id\":\"https:\\\/\\\/toidupakk.ee\\\/pl\\\/toode\\\/powerbank-30-000-mah-silicon-power\\\/#primaryimage\",\"url\":\"https:\\\/\\\/toidupakk.ee\\\/wp-content\\\/uploads\\\/2024\\\/09\\\/Akupank-30-000-mAh-Silicon-Power-1.png\",\"contentUrl\":\"https:\\\/\\\/toidupakk.ee\\\/wp-content\\\/uploads\\\/2024\\\/09\\\/Akupank-30-000-mAh-Silicon-Power-1.png\",\"width\":800,\"height\":800},{\"@type\":\"BreadcrumbList\",\"@id\":\"https:\\\/\\\/toidupakk.ee\\\/pl\\\/toode\\\/powerbank-30-000-mah-silicon-power\\\/#breadcrumb\",\"itemListElement\":[{\"@type\":\"ListItem\",\"position\":1,\"name\":\"Avaleht\",\"item\":\"https:\\\/\\\/toidupakk.ee\\\/pl\\\/\"},{\"@type\":\"ListItem\",\"position\":2,\"name\":\"Sklep internetowy\",\"item\":\"https:\\\/\\\/toidupakk.ee\\\/pl\\\/sklep-internetowy\\\/\"},{\"@type\":\"ListItem\",\"position\":3,\"name\":\"Powerbank 30 000 mAh Silicon Power\"}]},{\"@type\":\"WebSite\",\"@id\":\"https:\\\/\\\/toidupakk.ee\\\/pl\\\/#website\",\"url\":\"https:\\\/\\\/toidupakk.ee\\\/pl\\\/\",\"name\":\"Toidupakk.ee - Tactical Foodpack toidupakid\",\"description\":\"Tactical Foodpack k\u00fclmkuivatatud toidupakid ja matkaeined\",\"publisher\":{\"@id\":\"https:\\\/\\\/toidupakk.ee\\\/pl\\\/#organization\"},\"potentialAction\":[{\"@type\":\"SearchAction\",\"target\":{\"@type\":\"EntryPoint\",\"urlTemplate\":\"https:\\\/\\\/toidupakk.ee\\\/pl\\\/?s={search_term_string}\"},\"query-input\":{\"@type\":\"PropertyValueSpecification\",\"valueRequired\":true,\"valueName\":\"search_term_string\"}}],\"inLanguage\":\"pl-PL\"},{\"@type\":\"Organization\",\"@id\":\"https:\\\/\\\/toidupakk.ee\\\/pl\\\/#organization\",\"name\":\"Tactical Foodpack matkaeined\",\"url\":\"https:\\\/\\\/toidupakk.ee\\\/pl\\\/\",\"logo\":{\"@type\":\"ImageObject\",\"inLanguage\":\"pl-PL\",\"@id\":\"https:\\\/\\\/toidupakk.ee\\\/pl\\\/#\\\/schema\\\/logo\\\/image\\\/\",\"url\":\"https:\\\/\\\/toidupakk.ee\\\/wp-content\\\/uploads\\\/2022\\\/01\\\/Toidupakk-matkapood-logo-transparent.png\",\"contentUrl\":\"https:\\\/\\\/toidupakk.ee\\\/wp-content\\\/uploads\\\/2022\\\/01\\\/Toidupakk-matkapood-logo-transparent.png\",\"width\":500,\"height\":500,\"caption\":\"Tactical Foodpack matkaeined\"},\"image\":{\"@id\":\"https:\\\/\\\/toidupakk.ee\\\/pl\\\/#\\\/schema\\\/logo\\\/image\\\/\"},\"sameAs\":[\"https:\\\/\\\/www.facebook.com\\\/Toidupakk\",\"https:\\\/\\\/www.instagram.com\\\/toidupakk\\\/\"]}]}<\/script>\n<!-- \/ Yoast SEO plugin. -->","yoast_head_json":{"title":"Powerbank 30 000 mAh Silicon Power","description":"Powerbank 30 000 mAh Silicon Power z szybkim \u0142adowaniem 22,5W Super Charge. \u0141aduj do 4 urz\u0105dze\u0144 jednocze\u015bnie. 6-9 pe\u0142nych cykli \u0142adowania dla niemal wszystkich smartfon\u00f3w","robots":{"index":"index","follow":"follow","max-snippet":"max-snippet:-1","max-image-preview":"max-image-preview:large","max-video-preview":"max-video-preview:-1"},"canonical":"https:\/\/toidupakk.ee\/pl\/toode\/powerbank-30-000-mah-silicon-power\/","og_locale":"pl_PL","og_type":"article","og_title":"Powerbank 30 000 mAh Silicon Power","og_description":"Powerbank 30 000 mAh Silicon Power z szybkim \u0142adowaniem 22,5W Super Charge. \u0141aduj do 4 urz\u0105dze\u0144 jednocze\u015bnie. 6-9 pe\u0142nych cykli \u0142adowania dla niemal wszystkich smartfon\u00f3w","og_url":"https:\/\/toidupakk.ee\/pl\/toode\/powerbank-30-000-mah-silicon-power\/","og_site_name":"Toidupakk.ee - Tactical Foodpack toidupakid","article_publisher":"https:\/\/www.facebook.com\/Toidupakk","article_modified_time":"2026-04-20T08:31:47+00:00","og_image":[{"width":800,"height":800,"url":"https:\/\/toidupakk.ee\/wp-content\/uploads\/2024\/09\/Akupank-30-000-mAh-Silicon-Power-1.png","type":"image\/png"}],"twitter_card":"summary_large_image","twitter_misc":{"Szacowany czas czytania":"2 minuty"},"schema":{"@context":"https:\/\/schema.org","@graph":[{"@type":"WebPage","@id":"https:\/\/toidupakk.ee\/pl\/toode\/powerbank-30-000-mah-silicon-power\/","url":"https:\/\/toidupakk.ee\/pl\/toode\/powerbank-30-000-mah-silicon-power\/","name":"Powerbank 30 000 mAh Silicon Power","isPartOf":{"@id":"https:\/\/toidupakk.ee\/pl\/#website"},"primaryImageOfPage":{"@id":"https:\/\/toidupakk.ee\/pl\/toode\/powerbank-30-000-mah-silicon-power\/#primaryimage"},"image":{"@id":"https:\/\/toidupakk.ee\/pl\/toode\/powerbank-30-000-mah-silicon-power\/#primaryimage"},"thumbnailUrl":"https:\/\/toidupakk.ee\/wp-content\/uploads\/2024\/09\/Akupank-30-000-mAh-Silicon-Power-1.png","datePublished":"2024-09-25T10:13:03+00:00","dateModified":"2026-04-20T08:31:47+00:00","description":"Powerbank 30 000 mAh Silicon Power z szybkim \u0142adowaniem 22,5W Super Charge. \u0141aduj do 4 urz\u0105dze\u0144 jednocze\u015bnie. 6-9 pe\u0142nych cykli \u0142adowania dla niemal wszystkich smartfon\u00f3w","breadcrumb":{"@id":"https:\/\/toidupakk.ee\/pl\/toode\/powerbank-30-000-mah-silicon-power\/#breadcrumb"},"inLanguage":"pl-PL","potentialAction":[{"@type":"ReadAction","target":["https:\/\/toidupakk.ee\/pl\/toode\/powerbank-30-000-mah-silicon-power\/"]}]},{"@type":"ImageObject","inLanguage":"pl-PL","@id":"https:\/\/toidupakk.ee\/pl\/toode\/powerbank-30-000-mah-silicon-power\/#primaryimage","url":"https:\/\/toidupakk.ee\/wp-content\/uploads\/2024\/09\/Akupank-30-000-mAh-Silicon-Power-1.png","contentUrl":"https:\/\/toidupakk.ee\/wp-content\/uploads\/2024\/09\/Akupank-30-000-mAh-Silicon-Power-1.png","width":800,"height":800},{"@type":"BreadcrumbList","@id":"https:\/\/toidupakk.ee\/pl\/toode\/powerbank-30-000-mah-silicon-power\/#breadcrumb","itemListElement":[{"@type":"ListItem","position":1,"name":"Avaleht","item":"https:\/\/toidupakk.ee\/pl\/"},{"@type":"ListItem","position":2,"name":"Sklep internetowy","item":"https:\/\/toidupakk.ee\/pl\/sklep-internetowy\/"},{"@type":"ListItem","position":3,"name":"Powerbank 30 000 mAh Silicon Power"}]},{"@type":"WebSite","@id":"https:\/\/toidupakk.ee\/pl\/#website","url":"https:\/\/toidupakk.ee\/pl\/","name":"Toidupakk.ee - Tactical Foodpack toidupakid","description":"Tactical Foodpack k\u00fclmkuivatatud toidupakid ja matkaeined","publisher":{"@id":"https:\/\/toidupakk.ee\/pl\/#organization"},"potentialAction":[{"@type":"SearchAction","target":{"@type":"EntryPoint","urlTemplate":"https:\/\/toidupakk.ee\/pl\/?s={search_term_string}"},"query-input":{"@type":"PropertyValueSpecification","valueRequired":true,"valueName":"search_term_string"}}],"inLanguage":"pl-PL"},{"@type":"Organization","@id":"https:\/\/toidupakk.ee\/pl\/#organization","name":"Tactical Foodpack matkaeined","url":"https:\/\/toidupakk.ee\/pl\/","logo":{"@type":"ImageObject","inLanguage":"pl-PL","@id":"https:\/\/toidupakk.ee\/pl\/#\/schema\/logo\/image\/","url":"https:\/\/toidupakk.ee\/wp-content\/uploads\/2022\/01\/Toidupakk-matkapood-logo-transparent.png","contentUrl":"https:\/\/toidupakk.ee\/wp-content\/uploads\/2022\/01\/Toidupakk-matkapood-logo-transparent.png","width":500,"height":500,"caption":"Tactical Foodpack matkaeined"},"image":{"@id":"https:\/\/toidupakk.ee\/pl\/#\/schema\/logo\/image\/"},"sameAs":["https:\/\/www.facebook.com\/Toidupakk","https:\/\/www.instagram.com\/toidupakk\/"]}]}},"jetpack_sharing_enabled":true,"_links":{"self":[{"href":"https:\/\/toidupakk.ee\/pl\/wp-json\/wp\/v2\/product\/50403","targetHints":{"allow":["GET"]}}],"collection":[{"href":"https:\/\/toidupakk.ee\/pl\/wp-json\/wp\/v2\/product"}],"about":[{"href":"https:\/\/toidupakk.ee\/pl\/wp-json\/wp\/v2\/types\/product"}],"replies":[{"embeddable":true,"href":"https:\/\/toidupakk.ee\/pl\/wp-json\/wp\/v2\/comments?post=50403"}],"wp:featuredmedia":[{"embeddable":true,"href":"https:\/\/toidupakk.ee\/pl\/wp-json\/wp\/v2\/media\/50404"}],"wp:attachment":[{"href":"https:\/\/toidupakk.ee\/pl\/wp-json\/wp\/v2\/media?parent=50403"}],"wp:term":[{"taxonomy":"product_brand","embeddable":true,"href":"https:\/\/toidupakk.ee\/pl\/wp-json\/wp\/v2\/product_brand?post=50403"},{"taxonomy":"product_cat","embeddable":true,"href":"https:\/\/toidupakk.ee\/pl\/wp-json\/wp\/v2\/product_cat?post=50403"},{"taxonomy":"product_tag","embeddable":true,"href":"https:\/\/toidupakk.ee\/pl\/wp-json\/wp\/v2\/product_tag?post=50403"}],"curies":[{"name":"wp","href":"https:\/\/api.w.org\/{rel}","templated":true}]}}